{"id":2273,"date":"2025-08-20T03:15:00","date_gmt":"2025-08-20T03:15:00","guid":{"rendered":"https:\/\/chinacustomboxes.com\/?post_type=product&#038;p=2273"},"modified":"2025-08-20T03:44:20","modified_gmt":"2025-08-20T03:44:20","slug":"eye-cream-carrier-oil-cosmetic-magnetic-lid-boxes-factory","status":"publish","type":"product","link":"https:\/\/chinacustomboxes.com\/pt\/eye-cream-carrier-oil-cosmetic-magnetic-lid-boxes-factory\/","title":{"rendered":"F\u00e1brica de caixas com tampa magn\u00e9tica para creme para os olhos"},"content":{"rendered":"<h2 id=\"premium-custom-made-magnetic-lid-eye-cream-essence-freeze-dried-powder-appeal-boxes\">Caixas de recurso de p\u00f3 liofilizado para creme de olhos com tampa magn\u00e9tica Premium feitas \u00e0 medida<br \/>\n<span style=\"font-size: 17px; font-weight: 400;\">Compreendemos que, no mercado ferozmente competitivo dos cosm\u00e9ticos, a embalagem n\u00e3o \u00e9 apenas um recipiente para o produto, mas tamb\u00e9m o meio para a primeira liga\u00e7\u00e3o emocional entre a marca e o consumidor. Transporta a filosofia da marca, transmite o profissionalismo do produto e, em \u00faltima an\u00e1lise, influencia a decis\u00e3o de compra do consumidor. Por isso, dedic\u00e1mos os nossos esfor\u00e7os \u00e0 cria\u00e7\u00e3o deste <a href=\"https:\/\/chinacustomboxes.com\/pt\/exporting-custom-luxury-magnetic-closure-rigid-shoes-boxes\/\">caixa de beleza com tampa magn\u00e9tica<\/a>O nosso objetivo \u00e9 proporcionar uma casa perfeita para os seus produtos, atrav\u00e9s da elabora\u00e7\u00e3o meticulosa de cada detalhe, combinando prote\u00e7\u00e3o, funcionalidade e arte.<\/span><\/h2>\n<h2 id=\"1-ingenious-magnetic-structure-elegant-opening-and-closing-exuding-high-end\">1. Estrutura magn\u00e9tica engenhosa: Abertura e fecho elegantes, exalando alta qualidade<\/h2>\n<p>Abandon\u00e1mos os estilos convencionais de encaixe ou flip-top e adopt\u00e1mos, de forma inovadora, um poderoso <a href=\"https:\/\/chinacustomboxes.com\/pt\/magnetic-closure-boxes\/\">fecho magn\u00e9tico Caixas<\/a>. Quando a tampa \u00e9 suavemente fechada, os \u00edmanes encaixam com precis\u00e3o, emitindo um clique n\u00edtido e constante, produzindo uma sensa\u00e7\u00e3o distinta de rotina e satisfa\u00e7\u00e3o. Este estilo n\u00e3o s\u00f3 garante o benef\u00edcio e a seguran\u00e7a da caixa, impedindo com \u00eaxito a abertura acidental durante a mobilidade ou o transporte, mas a sua experi\u00eancia de abertura e fecho suave personifica na perfei\u00e7\u00e3o a sofistica\u00e7\u00e3o e o luxo procurados pelos cosm\u00e9ticos topo de gama. Cada abertura \u00e9 uma comunica\u00e7\u00e3o de marca com classe.<\/p>\n<p><img fetchpriority=\"high\" decoding=\"async\" class=\"alignnone wp-image-2276 size-full\" src=\"https:\/\/chinacustomboxes.com\/wp-content\/uploads\/2025\/08\/Eye-Cream-Carrier-Oil-Cosmetic-Magnetic-Lid-Boxes-Factory-3.jpg\" alt=\"F\u00e1brica de caixas com tampa magn\u00e9tica para creme para os olhos\" width=\"1000\" height=\"1000\" title=\"\" srcset=\"https:\/\/chinacustomboxes.com\/wp-content\/uploads\/2025\/08\/Eye-Cream-Carrier-Oil-Cosmetic-Magnetic-Lid-Boxes-Factory-3.jpg 1000w, https:\/\/chinacustomboxes.com\/wp-content\/uploads\/2025\/08\/Eye-Cream-Carrier-Oil-Cosmetic-Magnetic-Lid-Boxes-Factory-3-300x300.jpg 300w, https:\/\/chinacustomboxes.com\/wp-content\/uploads\/2025\/08\/Eye-Cream-Carrier-Oil-Cosmetic-Magnetic-Lid-Boxes-Factory-3-150x150.jpg 150w, https:\/\/chinacustomboxes.com\/wp-content\/uploads\/2025\/08\/Eye-Cream-Carrier-Oil-Cosmetic-Magnetic-Lid-Boxes-Factory-3-768x768.jpg 768w, https:\/\/chinacustomboxes.com\/wp-content\/uploads\/2025\/08\/Eye-Cream-Carrier-Oil-Cosmetic-Magnetic-Lid-Boxes-Factory-3-12x12.jpg 12w, https:\/\/chinacustomboxes.com\/wp-content\/uploads\/2025\/08\/Eye-Cream-Carrier-Oil-Cosmetic-Magnetic-Lid-Boxes-Factory-3-600x600.jpg 600w, https:\/\/chinacustomboxes.com\/wp-content\/uploads\/2025\/08\/Eye-Cream-Carrier-Oil-Cosmetic-Magnetic-Lid-Boxes-Factory-3-100x100.jpg 100w\" sizes=\"(max-width: 1000px) 100vw, 1000px\" \/><\/p>\n<h2 id=\"2-scientific-interior-format-customized-and-organized\">2. Formato cient\u00edfico do interior: Personalizado e organizado<\/h2>\n<p>Compreendemos profundamente as diferen\u00e7as de dimens\u00e3o e tipo entre os v\u00e1rios cosm\u00e9ticos (tais como p\u00f3 liofilizado, ampolas, lo\u00e7\u00f5es, lo\u00e7\u00f5es para os olhos, etc.). Por esse motivo, oferecemos solu\u00e7\u00f5es totalmente personalizadas para a \u00e1rea interior. Quer se trate de um frasco solit\u00e1rio que exija um posicionamento espec\u00edfico ou de um estabelecimento que exija um armazenamento em camadas, podemos desenvolver com precis\u00e3o. Este layout altamente adapt\u00e1vel n\u00e3o s\u00f3 permite que os produtos sejam expostos de forma limpa e perfeita, mas tamb\u00e9m aumenta significativamente a praticidade da embalagem e a utiliza\u00e7\u00e3o do espa\u00e7o atrav\u00e9s do seu estilo de armazenamento em camadas, facilitando aos clientes a descoberta e o acesso aos produtos num piscar de olhos.<\/p>\n<h2 id=\"3-eco-friendly-lamination-lightweight-and-sturdy-with-a-phenomenal-touch\">3. Lamina\u00e7\u00e3o ecol\u00f3gica: Leve e resistente, com um toque fenomenal<\/h2>\n<p>Esta caixa de embalagem de produtos consegue o melhor equil\u00edbrio entre o respeito pelo ambiente e a robustez na sele\u00e7\u00e3o de produtos. A caixa \u00e9 fabricada em papel de alta qualidade, mantendo a sua agilidade inerente para facilitar o transporte e a transportabilidade. Al\u00e9m disso, a superf\u00edcie \u00e9 submetida a um processo de lamina\u00e7\u00e3o inovador, que lhe confere uma sensa\u00e7\u00e3o de suavidade sedosa, ao mesmo tempo que aumenta significativamente a sua resist\u00eancia ao desgaste, aos arranh\u00f5es e \u00e0 humidade. Isto significa que a caixa mant\u00e9m a sua estabilidade tamb\u00e9m em problemas de humidade, protegendo adequadamente os produtos no seu interior. Esta \u00e9 uma op\u00e7\u00e3o amiga do ambiente e do produto.<\/p>\n<p><img decoding=\"async\" class=\"alignnone wp-image-2275 size-full\" src=\"https:\/\/chinacustomboxes.com\/wp-content\/uploads\/2025\/08\/Eye-Cream-Carrier-Oil-Cosmetic-Magnetic-Lid-Boxes-Factory-2.jpg\" alt=\"F\u00e1brica de caixas com tampa magn\u00e9tica para creme para os olhos\" width=\"1000\" height=\"1000\" title=\"\" srcset=\"https:\/\/chinacustomboxes.com\/wp-content\/uploads\/2025\/08\/Eye-Cream-Carrier-Oil-Cosmetic-Magnetic-Lid-Boxes-Factory-2.jpg 1000w, https:\/\/chinacustomboxes.com\/wp-content\/uploads\/2025\/08\/Eye-Cream-Carrier-Oil-Cosmetic-Magnetic-Lid-Boxes-Factory-2-300x300.jpg 300w, https:\/\/chinacustomboxes.com\/wp-content\/uploads\/2025\/08\/Eye-Cream-Carrier-Oil-Cosmetic-Magnetic-Lid-Boxes-Factory-2-150x150.jpg 150w, https:\/\/chinacustomboxes.com\/wp-content\/uploads\/2025\/08\/Eye-Cream-Carrier-Oil-Cosmetic-Magnetic-Lid-Boxes-Factory-2-768x768.jpg 768w, https:\/\/chinacustomboxes.com\/wp-content\/uploads\/2025\/08\/Eye-Cream-Carrier-Oil-Cosmetic-Magnetic-Lid-Boxes-Factory-2-12x12.jpg 12w, https:\/\/chinacustomboxes.com\/wp-content\/uploads\/2025\/08\/Eye-Cream-Carrier-Oil-Cosmetic-Magnetic-Lid-Boxes-Factory-2-600x600.jpg 600w, https:\/\/chinacustomboxes.com\/wp-content\/uploads\/2025\/08\/Eye-Cream-Carrier-Oil-Cosmetic-Magnetic-Lid-Boxes-Factory-2-100x100.jpg 100w\" sizes=\"(max-width: 1000px) 100vw, 1000px\" \/><\/p>\n<h2 id=\"4-eva-cellular-lining-security-thorough-interest-to-shielding\">4. Revestimento celular em EVA Seguran\u00e7a: Interesse total pela prote\u00e7\u00e3o<\/h2>\n<p>A seguran\u00e7a dos produtos \u00e9 uma das principais preocupa\u00e7\u00f5es do nosso estilo. Para o revestimento celular, utilizamos espuma EVA de alta densidade, criada intacta utilizando um procedimento de corte de precis\u00e3o. O revestimento celular acabado apresenta uma superf\u00edcie lisa e sem rebarbas, assegurando que n\u00e3o h\u00e1 arranh\u00f5es ou danos no recipiente ou no r\u00f3tulo ao colocar ou retirar produtos. A excelente durabilidade do material EVA e os edif\u00edcios de amortecimento absorvem eficazmente os choques e resson\u00e2ncias exteriores, oferecendo uma seguran\u00e7a duradoura e completa para os seus produtos durante o transporte complexo e as configura\u00e7\u00f5es do espa\u00e7o de armazenamento, assegurando que chegam aos clientes em condi\u00e7\u00f5es impec\u00e1veis.<\/p>\n<h2 id=\"5-modern-aesthetic-style-technological-structure-basic-beauty\">5. Estilo est\u00e9tico moderno: Estrutura tecnol\u00f3gica, beleza b\u00e1sica<\/h2>\n<p>Para o design exterior, selecion\u00e1mos um esquema de cores prateado que exala uma sensa\u00e7\u00e3o t\u00e9cnica e avan\u00e7ada, aceitando na perfei\u00e7\u00e3o as ideias de \"cuidados cl\u00ednicos da pele\" e \"precis\u00e3o e efici\u00eancia\" destacadas nos cuidados da pele contempor\u00e2neos. A superf\u00edcie da embalagem \u00e9 decorada com linhas tonais, prejudicando a uniformidade do tedioso design de cores e acrescentando uma sensa\u00e7\u00e3o de camadas e dinamismo. O design total \u00e9 minimalista e elegante, mas mant\u00e9m os pormenores refinados. Esta linguagem de apresenta\u00e7\u00e3o capta rapidamente a aten\u00e7\u00e3o dos consumidores-alvo e transmite a sensa\u00e7\u00e3o \u00fanica de profissionalismo e efici\u00eancia da marca.<\/p>\n<p><img decoding=\"async\" class=\"alignnone wp-image-2274 size-full\" src=\"https:\/\/chinacustomboxes.com\/wp-content\/uploads\/2025\/08\/Eye-Cream-Carrier-Oil-Cosmetic-Magnetic-Lid-Boxes-Factory-1.jpg\" alt=\"F\u00e1brica de caixas com tampa magn\u00e9tica para creme para os olhos\" width=\"1000\" height=\"1000\" title=\"\" srcset=\"https:\/\/chinacustomboxes.com\/wp-content\/uploads\/2025\/08\/Eye-Cream-Carrier-Oil-Cosmetic-Magnetic-Lid-Boxes-Factory-1.jpg 1000w, https:\/\/chinacustomboxes.com\/wp-content\/uploads\/2025\/08\/Eye-Cream-Carrier-Oil-Cosmetic-Magnetic-Lid-Boxes-Factory-1-300x300.jpg 300w, https:\/\/chinacustomboxes.com\/wp-content\/uploads\/2025\/08\/Eye-Cream-Carrier-Oil-Cosmetic-Magnetic-Lid-Boxes-Factory-1-150x150.jpg 150w, https:\/\/chinacustomboxes.com\/wp-content\/uploads\/2025\/08\/Eye-Cream-Carrier-Oil-Cosmetic-Magnetic-Lid-Boxes-Factory-1-768x768.jpg 768w, https:\/\/chinacustomboxes.com\/wp-content\/uploads\/2025\/08\/Eye-Cream-Carrier-Oil-Cosmetic-Magnetic-Lid-Boxes-Factory-1-12x12.jpg 12w, https:\/\/chinacustomboxes.com\/wp-content\/uploads\/2025\/08\/Eye-Cream-Carrier-Oil-Cosmetic-Magnetic-Lid-Boxes-Factory-1-600x600.jpg 600w, https:\/\/chinacustomboxes.com\/wp-content\/uploads\/2025\/08\/Eye-Cream-Carrier-Oil-Cosmetic-Magnetic-Lid-Boxes-Factory-1-100x100.jpg 100w\" sizes=\"(max-width: 1000px) 100vw, 1000px\" \/><\/p>\n<h2 id=\"6-high-definition-printing-innovation-accurate-interaction-showing-professionalism-and-reliability\">6. Inova\u00e7\u00e3o na impress\u00e3o de alta defini\u00e7\u00e3o: Intera\u00e7\u00e3o precisa, demonstrando profissionalismo e fiabilidade<\/h2>\n<p>Utilizamos as melhores ferramentas de impress\u00e3o da ind\u00fastria e tecnologia moderna para garantir que cada palavra e desenho de log\u00f3tipo s\u00e3o fornecidos com uma qualidade espl\u00eandida, sem qualquer degrada\u00e7\u00e3o ou desfocagem. Preservamos requisitos rigorosos de administra\u00e7\u00e3o de tonalidades, assegurando a maior fidelidade poss\u00edvel de cores no produto final impresso, combinando perfeitamente com o layout da identidade est\u00e9tica (VI) da sua marca. Este interesse pela informa\u00e7\u00e3o \u00e9 um forte testemunho do nosso profissionalismo e uma dedica\u00e7\u00e3o solene aos padr\u00f5es profissionais da comunica\u00e7\u00e3o est\u00e9tica das marcas.<\/p>\n<h2 id=\"7-full-service-modification-flexible-and-versatile-for-a-tailored-experience\">7. Modifica\u00e7\u00e3o de servi\u00e7o completo: Flex\u00edvel e vers\u00e1til para uma experi\u00eancia \u00e0 medida<\/h2>\n<p>Acreditamos firmemente que cada marca eficaz merece a sua pr\u00f3pria assinatura \u00fanica. Para o efeito, oferecemos um servi\u00e7o completo de personaliza\u00e7\u00e3o, desde o conceito at\u00e9 ao artigo completo. Pode escolher facilmente a estrutura da caixa, o material do corpo principal (como papel especializado, papel art\u00edstico, papel com textura de couro), a terapia da \u00e1rea de superf\u00edcie (como estampagem a quente dourada\/prateada, estampagem UV, debossing, estampagem) e as op\u00e7\u00f5es de impress\u00e3o. A nossa equipa dedicada trabalhar\u00e1 cuidadosamente consigo para transformar o conceito da sua marca e as suas ideias inovadoras em embalagens especiais, satisfazendo de forma flex\u00edvel os requisitos de mercado distintos da sua marca.<\/p>\n<p><img loading=\"lazy\" decoding=\"async\" class=\"alignnone wp-image-2277 size-full\" src=\"https:\/\/chinacustomboxes.com\/wp-content\/uploads\/2025\/08\/Eye-Cream-Carrier-Oil-Cosmetic-Magnetic-Lid-Boxes-Factory-4.jpg\" alt=\"F\u00e1brica de caixas com tampa magn\u00e9tica para creme para os olhos\" width=\"1000\" height=\"1000\" title=\"\" srcset=\"https:\/\/chinacustomboxes.com\/wp-content\/uploads\/2025\/08\/Eye-Cream-Carrier-Oil-Cosmetic-Magnetic-Lid-Boxes-Factory-4.jpg 1000w, https:\/\/chinacustomboxes.com\/wp-content\/uploads\/2025\/08\/Eye-Cream-Carrier-Oil-Cosmetic-Magnetic-Lid-Boxes-Factory-4-300x300.jpg 300w, https:\/\/chinacustomboxes.com\/wp-content\/uploads\/2025\/08\/Eye-Cream-Carrier-Oil-Cosmetic-Magnetic-Lid-Boxes-Factory-4-150x150.jpg 150w, https:\/\/chinacustomboxes.com\/wp-content\/uploads\/2025\/08\/Eye-Cream-Carrier-Oil-Cosmetic-Magnetic-Lid-Boxes-Factory-4-768x768.jpg 768w, https:\/\/chinacustomboxes.com\/wp-content\/uploads\/2025\/08\/Eye-Cream-Carrier-Oil-Cosmetic-Magnetic-Lid-Boxes-Factory-4-12x12.jpg 12w, https:\/\/chinacustomboxes.com\/wp-content\/uploads\/2025\/08\/Eye-Cream-Carrier-Oil-Cosmetic-Magnetic-Lid-Boxes-Factory-4-600x600.jpg 600w, https:\/\/chinacustomboxes.com\/wp-content\/uploads\/2025\/08\/Eye-Cream-Carrier-Oil-Cosmetic-Magnetic-Lid-Boxes-Factory-4-100x100.jpg 100w\" sizes=\"(max-width: 1000px) 100vw, 1000px\" \/><\/p>\n<h2 id=\"8-1-hour-express-prototyping-seize-the-opportunity-and-win-the-marketplace\">8. Prototipagem r\u00e1pida de 1 hora: Aproveite a oportunidade e ganhe o mercado<\/h2>\n<p>Num mercado em r\u00e1pida muta\u00e7\u00e3o, a rapidez \u00e9 uma vantagem. A nossa solu\u00e7\u00e3o de prototipagem r\u00e1pida de 1 hora foi concebida para encurtar consideravelmente o seu ciclo de desenvolvimento de novos produtos e de cria\u00e7\u00e3o de equipas. Assim que tiver conclu\u00eddo o seu esquema, fornecer-lhe-emos amostras f\u00edsicas de alta fidelidade em tempo de documento para exame da estrutura, do produto e da impress\u00e3o. Este servi\u00e7o fi\u00e1vel ajuda-o a escolher e a ajustar as suas estrat\u00e9gias muito mais rapidamente, ajudando a sua marca a aproveitar as possibilidades do mercado e a manter-se um passo \u00e0 frente.<\/p>","protected":false},"excerpt":{"rendered":"<p>As caixas de tampa com fecho magn\u00e9tico para cosm\u00e9ticos s\u00e3o um tipo de embalagem concebida para produtos de beleza, com um fecho magn\u00e9tico para abrir e fechar de forma segura e conveniente. S\u00e3o normalmente feitas de materiais resistentes, como o cart\u00e3o r\u00edgido, e podem ser personalizadas com v\u00e1rios acabamentos e op\u00e7\u00f5es de impress\u00e3o para melhorar a apresenta\u00e7\u00e3o do produto.<\/p>","protected":false},"featured_media":2277,"template":"","meta":{"_kad_post_transparent":"default","_kad_post_title":"","_kad_post_layout":"default","_kad_post_sidebar_id":"","_kad_post_content_style":"default","_kad_post_vertical_padding":"default","_kad_post_feature":"","_kad_post_feature_position":"","_kad_post_header":false,"_kad_post_footer":false,"_kad_post_classname":""},"product_brand":[],"product_cat":[15,17,28,18],"product_tag":[559,558,458],"class_list":{"0":"post-2273","1":"product","2":"type-product","3":"status-publish","4":"has-post-thumbnail","6":"product_cat-boxes-by-shapes","7":"product_cat-boxes-by-industries","8":"product_cat-cosmetic-packaging-boxes","9":"product_cat-magnetic-closure-boxes","10":"product_tag-carrier-oil-cosmetic-boxes","11":"product_tag-eye-cream-boxes","12":"product_tag-magnetic-lid-boxes","14":"first","15":"instock","16":"shipping-taxable","17":"product-type-simple","18":"entry","19":"content-bg","20":"loop-entry"},"_links":{"self":[{"href":"https:\/\/chinacustomboxes.com\/pt\/wp-json\/wp\/v2\/product\/2273","targetHints":{"allow":["GET"]}}],"collection":[{"href":"https:\/\/chinacustomboxes.com\/pt\/wp-json\/wp\/v2\/product"}],"about":[{"href":"https:\/\/chinacustomboxes.com\/pt\/wp-json\/wp\/v2\/types\/product"}],"wp:featuredmedia":[{"embeddable":true,"href":"https:\/\/chinacustomboxes.com\/pt\/wp-json\/wp\/v2\/media\/2277"}],"wp:attachment":[{"href":"https:\/\/chinacustomboxes.com\/pt\/wp-json\/wp\/v2\/media?parent=2273"}],"wp:term":[{"taxonomy":"product_brand","embeddable":true,"href":"https:\/\/chinacustomboxes.com\/pt\/wp-json\/wp\/v2\/product_brand?post=2273"},{"taxonomy":"product_cat","embeddable":true,"href":"https:\/\/chinacustomboxes.com\/pt\/wp-json\/wp\/v2\/product_cat?post=2273"},{"taxonomy":"product_tag","embeddable":true,"href":"https:\/\/chinacustomboxes.com\/pt\/wp-json\/wp\/v2\/product_tag?post=2273"}],"curies":[{"name":"wp","href":"https:\/\/api.w.org\/{rel}","templated":true}]}}