{"id":2278,"date":"2025-08-20T03:45:08","date_gmt":"2025-08-20T03:45:08","guid":{"rendered":"https:\/\/chinacustomboxes.com\/?post_type=product&#038;p=2278"},"modified":"2025-08-20T05:37:21","modified_gmt":"2025-08-20T05:37:21","slug":"callus-remover-nail-brush-paper-drawer-boxes-manufacturer","status":"publish","type":"product","link":"https:\/\/chinacustomboxes.com\/pt\/callus-remover-nail-brush-paper-drawer-boxes-manufacturer\/","title":{"rendered":"Removedor de calos Pincel para unhas Caixas de gavetas de papel Fabricante"},"content":{"rendered":"<h2 id=\"high-end-exfoliating-brush-nail-brush-drawer-style-paper-product-packaging\">Escova esfoliante de alta qualidade\/escova de unhas Embalagem de produto de papel tipo gaveta<\/h2>\n<p>No mercado cada vez mais competitivo dos tratamentos individuais, os artigos excepcionais exigem produtos igualmente fenomenais <a href=\"https:\/\/chinacustomboxes.com\/pt\/valentines-day-heart-shaped-gift-box-packaging-for-jewelry\/\">embalagem<\/a> para comunicar o seu valor. As nossas embalagens de produtos de papel de primeira qualidade especialmente concebidas para escovas de esfregar e escovas de unhas s\u00e3o mais do que uma simples situa\u00e7\u00e3o de prote\u00e7\u00e3o; funcionam igualmente como um ponto de contacto vital que melhora a imagem da marca e maximiza a experi\u00eancia do cliente.<\/p>\n<p><img fetchpriority=\"high\" decoding=\"async\" class=\"alignnone wp-image-2282 size-full\" src=\"https:\/\/chinacustomboxes.com\/wp-content\/uploads\/2025\/08\/Callus-Remover-Nail-Brush-Paper-Drawer-Supplies-Manufacturer-4.jpg\" alt=\"Removedor de calos Escova de unhas Gaveta de papel Suprimentos Fabricante\" width=\"1000\" height=\"1000\" title=\"\" srcset=\"https:\/\/chinacustomboxes.com\/wp-content\/uploads\/2025\/08\/Callus-Remover-Nail-Brush-Paper-Drawer-Supplies-Manufacturer-4.jpg 1000w, https:\/\/chinacustomboxes.com\/wp-content\/uploads\/2025\/08\/Callus-Remover-Nail-Brush-Paper-Drawer-Supplies-Manufacturer-4-300x300.jpg 300w, https:\/\/chinacustomboxes.com\/wp-content\/uploads\/2025\/08\/Callus-Remover-Nail-Brush-Paper-Drawer-Supplies-Manufacturer-4-150x150.jpg 150w, https:\/\/chinacustomboxes.com\/wp-content\/uploads\/2025\/08\/Callus-Remover-Nail-Brush-Paper-Drawer-Supplies-Manufacturer-4-768x768.jpg 768w, https:\/\/chinacustomboxes.com\/wp-content\/uploads\/2025\/08\/Callus-Remover-Nail-Brush-Paper-Drawer-Supplies-Manufacturer-4-12x12.jpg 12w, https:\/\/chinacustomboxes.com\/wp-content\/uploads\/2025\/08\/Callus-Remover-Nail-Brush-Paper-Drawer-Supplies-Manufacturer-4-600x600.jpg 600w, https:\/\/chinacustomboxes.com\/wp-content\/uploads\/2025\/08\/Callus-Remover-Nail-Brush-Paper-Drawer-Supplies-Manufacturer-4-100x100.jpg 100w\" sizes=\"(max-width: 1000px) 100vw, 1000px\" \/><\/p>\n<h2 id=\"1-ingenious-pull-out-framework-reinforces-brand-name-memorability\">1. A engenhosa estrutura de abertura refor\u00e7a a memoriza\u00e7\u00e3o do nome da marca<\/h2>\n<p>O nosso inovador sistema de abertura e fecho tipo gaveta foi criado para proporcionar a si e aos seus clientes uma experi\u00eancia de desembalagem incrivelmente suave. O amortecimento ajustado com precis\u00e3o desenvolve uma sensa\u00e7\u00e3o de rotina em cada abertura, reduzindo efetivamente a fric\u00e7\u00e3o relacionada com a embalagem tradicional do produto. Esta experi\u00eancia interactiva \u00fanica capta prontamente a aten\u00e7\u00e3o dos clientes, combinando na perfei\u00e7\u00e3o a capacidade com a divers\u00e3o e desenvolvendo uma liga\u00e7\u00e3o profunda e especial \u00e0 marca nas suas mentes.<\/p>\n<p><img decoding=\"async\" class=\"alignnone wp-image-2279 size-full\" src=\"https:\/\/chinacustomboxes.com\/wp-content\/uploads\/2025\/08\/Callus-Remover-Nail-Brush-Paper-Drawer-Supplies-Manufacturer-1.jpg\" alt=\"Removedor de calos Escova de unhas Gaveta de papel Suprimentos Fabricante\" width=\"1000\" height=\"1000\" title=\"\" srcset=\"https:\/\/chinacustomboxes.com\/wp-content\/uploads\/2025\/08\/Callus-Remover-Nail-Brush-Paper-Drawer-Supplies-Manufacturer-1.jpg 1000w, https:\/\/chinacustomboxes.com\/wp-content\/uploads\/2025\/08\/Callus-Remover-Nail-Brush-Paper-Drawer-Supplies-Manufacturer-1-300x300.jpg 300w, https:\/\/chinacustomboxes.com\/wp-content\/uploads\/2025\/08\/Callus-Remover-Nail-Brush-Paper-Drawer-Supplies-Manufacturer-1-150x150.jpg 150w, https:\/\/chinacustomboxes.com\/wp-content\/uploads\/2025\/08\/Callus-Remover-Nail-Brush-Paper-Drawer-Supplies-Manufacturer-1-768x768.jpg 768w, https:\/\/chinacustomboxes.com\/wp-content\/uploads\/2025\/08\/Callus-Remover-Nail-Brush-Paper-Drawer-Supplies-Manufacturer-1-12x12.jpg 12w, https:\/\/chinacustomboxes.com\/wp-content\/uploads\/2025\/08\/Callus-Remover-Nail-Brush-Paper-Drawer-Supplies-Manufacturer-1-600x600.jpg 600w, https:\/\/chinacustomboxes.com\/wp-content\/uploads\/2025\/08\/Callus-Remover-Nail-Brush-Paper-Drawer-Supplies-Manufacturer-1-100x100.jpg 100w\" sizes=\"(max-width: 1000px) 100vw, 1000px\" \/><\/p>\n<h2 id=\"2-accurate-cellular-lining-matching-guarantees-hassle-free-transport\">2. A correspond\u00eancia exacta do revestimento celular garante um transporte sem problemas<\/h2>\n<p>A seguran\u00e7a dos objectos durante o transporte \u00e9 uma das principais prioridades da nossa conce\u00e7\u00e3o. O interior da <a href=\"https:\/\/chinacustomboxes.com\/pt\/\">caixa<\/a> utiliza um revestimento celular em EVA de alta densidade, que proporciona uma excelente absor\u00e7\u00e3o de choques, acolchoamento e reten\u00e7\u00e3o da forma. Com c\u00e1lculos espec\u00edficos e fabrico de moldes, garantimos que as formas do revestimento com ranhuras correspondem completamente aos seus produtos com formas \u00fanicas (como escovas de esfregar e escovas de unhas), com a profundidade especificamente adaptada \u00e0 pr\u00f3pria caixa. Isto evita eficazmente qualquer desloca\u00e7\u00e3o ou tremor durante o transporte, reduzindo a amea\u00e7a de danos.<\/p>\n<h2 id=\"3-elegant-hot-marking-workmanship-emphasizes-brand-costs\">3. O acabamento elegante da marca\u00e7\u00e3o a quente real\u00e7a os custos da marca<\/h2>\n<p>Para real\u00e7ar o valor da sua marca, utilizamos um processo requintado de estampagem a quente na superf\u00edcie da caixa. Esta t\u00e9cnica desenvolve um brilho met\u00e1lico n\u00edtido e abundante para o design do log\u00f3tipo da marca e detalhes vitais, ao mesmo tempo que produz padr\u00f5es claros e bonitos e cores vibrantes e cativantes para uma influ\u00eancia est\u00e9tica eficaz. A bonita marca\u00e7\u00e3o a quente n\u00e3o s\u00f3 eleva a qualidade geral da embalagem do produto, como tamb\u00e9m comunica aos clientes o posicionamento profissional e de qualidade da marca do artigo, refor\u00e7ando com \u00eaxito o valor de qualidade da marca.<\/p>\n<p><img decoding=\"async\" class=\"alignnone wp-image-2280 size-full\" src=\"https:\/\/chinacustomboxes.com\/wp-content\/uploads\/2025\/08\/Callus-Remover-Nail-Brush-Paper-Drawer-Supplies-Manufacturer-2.jpg\" alt=\"Removedor de calos Escova de unhas Gaveta de papel Suprimentos Fabricante\" width=\"1000\" height=\"1000\" title=\"\" srcset=\"https:\/\/chinacustomboxes.com\/wp-content\/uploads\/2025\/08\/Callus-Remover-Nail-Brush-Paper-Drawer-Supplies-Manufacturer-2.jpg 1000w, https:\/\/chinacustomboxes.com\/wp-content\/uploads\/2025\/08\/Callus-Remover-Nail-Brush-Paper-Drawer-Supplies-Manufacturer-2-300x300.jpg 300w, https:\/\/chinacustomboxes.com\/wp-content\/uploads\/2025\/08\/Callus-Remover-Nail-Brush-Paper-Drawer-Supplies-Manufacturer-2-150x150.jpg 150w, https:\/\/chinacustomboxes.com\/wp-content\/uploads\/2025\/08\/Callus-Remover-Nail-Brush-Paper-Drawer-Supplies-Manufacturer-2-768x768.jpg 768w, https:\/\/chinacustomboxes.com\/wp-content\/uploads\/2025\/08\/Callus-Remover-Nail-Brush-Paper-Drawer-Supplies-Manufacturer-2-12x12.jpg 12w, https:\/\/chinacustomboxes.com\/wp-content\/uploads\/2025\/08\/Callus-Remover-Nail-Brush-Paper-Drawer-Supplies-Manufacturer-2-600x600.jpg 600w, https:\/\/chinacustomboxes.com\/wp-content\/uploads\/2025\/08\/Callus-Remover-Nail-Brush-Paper-Drawer-Supplies-Manufacturer-2-100x100.jpg 100w\" sizes=\"(max-width: 1000px) 100vw, 1000px\" \/><\/p>\n<h2 id=\"4-sophisticated-purple-appearances-sparks-expectancy\">4. A apar\u00eancia p\u00farpura sofisticada gera expetativa<\/h2>\n<p>A embalagem do produto utiliza um roxo sofisticado como cor prim\u00e1ria. Do ponto de vista da psicologia da cor, o roxo est\u00e1 frequentemente ligado ao luxo, \u00e0 criatividade e \u00e0 aristocracia. Esta tonalidade suave, mas profunda, diminui adequadamente o cansa\u00e7o visual provocado por uma observa\u00e7\u00e3o prolongada, produzindo um ambiente calmo e estranho que desperta a curiosidade sobre os produtos que cont\u00e9m e uma sensa\u00e7\u00e3o de expetativa aquando da abertura.<\/p>\n<h2 id=\"5-long-lasting-bow-pull-ring-in-depth-high-quality\">5. Anel de puxar o arco de longa dura\u00e7\u00e3o: Alta qualidade em profundidade<\/h2>\n<p>O anel de tra\u00e7\u00e3o no <a href=\"https:\/\/chinacustomboxes.com\/pt\/drawer-style-boxes\/\">caixa de gaveta<\/a> \u00e9 fabricado a partir de um arco de qualidade superior e fixado de forma segura ao corpo da embalagem atrav\u00e9s de um procedimento refor\u00e7ado. Compreendemos que este pormenor \u00e9 o local onde os consumidores interagem mais frequentemente com a embalagem do produto, pelo que o desenvolvemos para ser incrivelmente resistente. Al\u00e9m disso, ap\u00f3s milhares de pux\u00f5es e pux\u00f5es, o anel de tra\u00e7\u00e3o da fita preserva a sua forma inicial, mantendo-se firme e im\u00f3vel, real\u00e7ando a qualidade superior da marca em cada detalhe.<\/p>\n<p><img loading=\"lazy\" decoding=\"async\" class=\"alignnone wp-image-2281 size-full\" src=\"https:\/\/chinacustomboxes.com\/wp-content\/uploads\/2025\/08\/Callus-Remover-Nail-Brush-Paper-Drawer-Supplies-Manufacturer-3.jpg\" alt=\"Removedor de calos Escova de unhas Gaveta de papel Suprimentos Fabricante\" width=\"1000\" height=\"1000\" title=\"\" srcset=\"https:\/\/chinacustomboxes.com\/wp-content\/uploads\/2025\/08\/Callus-Remover-Nail-Brush-Paper-Drawer-Supplies-Manufacturer-3.jpg 1000w, https:\/\/chinacustomboxes.com\/wp-content\/uploads\/2025\/08\/Callus-Remover-Nail-Brush-Paper-Drawer-Supplies-Manufacturer-3-300x300.jpg 300w, https:\/\/chinacustomboxes.com\/wp-content\/uploads\/2025\/08\/Callus-Remover-Nail-Brush-Paper-Drawer-Supplies-Manufacturer-3-150x150.jpg 150w, https:\/\/chinacustomboxes.com\/wp-content\/uploads\/2025\/08\/Callus-Remover-Nail-Brush-Paper-Drawer-Supplies-Manufacturer-3-768x768.jpg 768w, https:\/\/chinacustomboxes.com\/wp-content\/uploads\/2025\/08\/Callus-Remover-Nail-Brush-Paper-Drawer-Supplies-Manufacturer-3-12x12.jpg 12w, https:\/\/chinacustomboxes.com\/wp-content\/uploads\/2025\/08\/Callus-Remover-Nail-Brush-Paper-Drawer-Supplies-Manufacturer-3-600x600.jpg 600w, https:\/\/chinacustomboxes.com\/wp-content\/uploads\/2025\/08\/Callus-Remover-Nail-Brush-Paper-Drawer-Supplies-Manufacturer-3-100x100.jpg 100w\" sizes=\"(max-width: 1000px) 100vw, 1000px\" \/><\/p>\n<h2 id=\"6-high-performance-eva-lining-suitable-for-odd-shaped-products\">6. Forro em EVA de alto desempenho: Adequado para produtos com formas estranhas<\/h2>\n<p>Para lidar com as formas irregulares dos utens\u00edlios de cuidados pessoais, escolhemos o EVA como produto de revestimento interno. Sendo um novo material de embalagem de pl\u00e1stico amigo do ambiente, o EVA proporciona um amortecimento excecional, absor\u00e7\u00e3o de choques, isolamento t\u00e9rmico, resist\u00eancia \u00e0 humidade e resist\u00eancia qu\u00edmica. Pode ser ajustado e cortado para qualquer tipo de forma preferida, ajustando-se perfeitamente \u00e0s necessidades de produtos com formas irregulares e fornecendo a defesa mais segura e protegida para os seus artigos.<\/p>\n<p><img loading=\"lazy\" decoding=\"async\" class=\"alignnone wp-image-2283 size-full\" src=\"https:\/\/chinacustomboxes.com\/wp-content\/uploads\/2025\/08\/Callus-Remover-Nail-Brush-Paper-Drawer-Supplies-Manufacturer-5.jpg\" alt=\"Removedor de calos Escova de unhas Gaveta de papel Suprimentos Fabricante\" width=\"1000\" height=\"1000\" title=\"\" srcset=\"https:\/\/chinacustomboxes.com\/wp-content\/uploads\/2025\/08\/Callus-Remover-Nail-Brush-Paper-Drawer-Supplies-Manufacturer-5.jpg 1000w, https:\/\/chinacustomboxes.com\/wp-content\/uploads\/2025\/08\/Callus-Remover-Nail-Brush-Paper-Drawer-Supplies-Manufacturer-5-300x300.jpg 300w, https:\/\/chinacustomboxes.com\/wp-content\/uploads\/2025\/08\/Callus-Remover-Nail-Brush-Paper-Drawer-Supplies-Manufacturer-5-150x150.jpg 150w, https:\/\/chinacustomboxes.com\/wp-content\/uploads\/2025\/08\/Callus-Remover-Nail-Brush-Paper-Drawer-Supplies-Manufacturer-5-768x768.jpg 768w, https:\/\/chinacustomboxes.com\/wp-content\/uploads\/2025\/08\/Callus-Remover-Nail-Brush-Paper-Drawer-Supplies-Manufacturer-5-12x12.jpg 12w, https:\/\/chinacustomboxes.com\/wp-content\/uploads\/2025\/08\/Callus-Remover-Nail-Brush-Paper-Drawer-Supplies-Manufacturer-5-600x600.jpg 600w, https:\/\/chinacustomboxes.com\/wp-content\/uploads\/2025\/08\/Callus-Remover-Nail-Brush-Paper-Drawer-Supplies-Manufacturer-5-100x100.jpg 100w\" sizes=\"(max-width: 1000px) 100vw, 1000px\" \/><\/p>\n<h2 id=\"7-72-hour-speedy-prototyping-performance-and-high-quality\">7. Prototipagem r\u00e1pida em 72 horas, desempenho e alta qualidade<\/h2>\n<p>Reconhecemos que o mercado est\u00e1 em constante mudan\u00e7a e que a efici\u00eancia \u00e9 crucial. Para tal, prometemos fornecer um servi\u00e7o de prototipagem r\u00e1pido e pormenorizado. A partir do momento em que confirmar o seu design, terminaremos a produ\u00e7\u00e3o e verifica\u00e7\u00e3o de todas as amostras necess\u00e1rias, consistindo na sele\u00e7\u00e3o de materiais, aplica\u00e7\u00e3o de procedimentos e tonalidade de impress\u00e3o, no prazo de 72 horas, garantindo que o seu artigo chega ao mercado com a maior rapidez e qualidade.<\/p>","protected":false},"excerpt":{"rendered":"<p>As caixas de gaveta de papel para pinc\u00e9is de unhas para remo\u00e7\u00e3o de calos s\u00e3o recipientes concebidos para armazenar e organizar os pinc\u00e9is de nail art, mantendo-os limpos, protegidos e facilmente acess\u00edveis. Est\u00e3o dispon\u00edveis em v\u00e1rios estilos e materiais, desde simples caixas de pl\u00e1stico a caixas mais elaboradas com compartimentos individuais ou acabamentos iridescentes. Estas caixas s\u00e3o \u00fateis tanto para t\u00e9cnicos de unhas profissionais como para pessoas que gostam de fazer as suas pr\u00f3prias unhas art\u00edsticas em casa.<\/p>","protected":false},"featured_media":2281,"template":"","meta":{"_kad_post_transparent":"default","_kad_post_title":"","_kad_post_layout":"default","_kad_post_sidebar_id":"","_kad_post_content_style":"default","_kad_post_vertical_padding":"default","_kad_post_feature":"","_kad_post_feature_position":"","_kad_post_header":false,"_kad_post_footer":false,"_kad_post_classname":""},"product_brand":[],"product_cat":[15,17,28,20],"product_tag":[560,562,561],"class_list":{"0":"post-2278","1":"product","2":"type-product","3":"status-publish","4":"has-post-thumbnail","6":"product_cat-boxes-by-shapes","7":"product_cat-boxes-by-industries","8":"product_cat-cosmetic-packaging-boxes","9":"product_cat-drawer-style-boxes","10":"product_tag-callus-remover-drawer-boxes","11":"product_tag-nail-brush-paper-boxes","12":"product_tag-paper-drawer-boxes-manufacturer","14":"first","15":"instock","16":"shipping-taxable","17":"product-type-simple","18":"entry","19":"content-bg","20":"loop-entry"},"_links":{"self":[{"href":"https:\/\/chinacustomboxes.com\/pt\/wp-json\/wp\/v2\/product\/2278","targetHints":{"allow":["GET"]}}],"collection":[{"href":"https:\/\/chinacustomboxes.com\/pt\/wp-json\/wp\/v2\/product"}],"about":[{"href":"https:\/\/chinacustomboxes.com\/pt\/wp-json\/wp\/v2\/types\/product"}],"wp:featuredmedia":[{"embeddable":true,"href":"https:\/\/chinacustomboxes.com\/pt\/wp-json\/wp\/v2\/media\/2281"}],"wp:attachment":[{"href":"https:\/\/chinacustomboxes.com\/pt\/wp-json\/wp\/v2\/media?parent=2278"}],"wp:term":[{"taxonomy":"product_brand","embeddable":true,"href":"https:\/\/chinacustomboxes.com\/pt\/wp-json\/wp\/v2\/product_brand?post=2278"},{"taxonomy":"product_cat","embeddable":true,"href":"https:\/\/chinacustomboxes.com\/pt\/wp-json\/wp\/v2\/product_cat?post=2278"},{"taxonomy":"product_tag","embeddable":true,"href":"https:\/\/chinacustomboxes.com\/pt\/wp-json\/wp\/v2\/product_tag?post=2278"}],"curies":[{"name":"wp","href":"https:\/\/api.w.org\/{rel}","templated":true}]}}