{"id":2291,"date":"2025-08-21T03:44:11","date_gmt":"2025-08-21T03:44:11","guid":{"rendered":"https:\/\/chinacustomboxes.com\/?post_type=product&#038;p=2291"},"modified":"2025-08-21T05:56:24","modified_gmt":"2025-08-21T05:56:24","slug":"face-mask-cream-lotion-eye-mask-top-and-bottom-boxes-oem","status":"publish","type":"product","link":"https:\/\/chinacustomboxes.com\/pt\/face-mask-cream-lotion-eye-mask-top-and-bottom-boxes-oem\/","title":{"rendered":"M\u00e1scara facial Creme Lo\u00e7\u00e3o M\u00e1scara de olhos Caixas superior e inferior OEM"},"content":{"rendered":"<h2 id=\"face-mask-lotion-lotion-eye-mask-series-high-end-customized-skin-care-top-and-bottom-boxes-oem\">M\u00e1scara facial Lo\u00e7\u00e3o Lo\u00e7\u00e3o M\u00e1scara de olhos S\u00e9rie Caixas superiores e inferiores personalizadas para cuidados com a pele OEM<\/h2>\n<h2 id=\"item-overview\">Vis\u00e3o geral do item<\/h2>\n<p>Esta cole\u00e7\u00e3o de embalagens em caixa, que inclui <a href=\"https:\/\/chinacustomboxes.com\/pt\/lid-and-base-boxes\/\">caixas superior e inferior<\/a>O produto, desenvolvido especificamente para m\u00e1scaras faciais, lo\u00e7\u00f5es, lo\u00e7\u00f5es, m\u00e1scaras para os olhos e outros produtos de eleg\u00e2ncia e de cuidados da pele de qualidade superior. Mistura sem esfor\u00e7o uma est\u00e9tica de estilo minimalista com um espl\u00eandido trabalho artesanal. Mais do que uma simples cobertura externa de seguran\u00e7a, actua como uma expans\u00e3o da elevada qualidade da marca e da experi\u00eancia do cliente.<\/p>\n<h2 id=\"1-integrated-precision-opening-and-closing-structure\">1. Estrutura integrada de abertura e fecho de precis\u00e3o<\/h2>\n<p>O design cl\u00e1ssico \"superior e inferior\" proporciona uma experi\u00eancia inigual\u00e1vel de abertura e fecho integrados. O corte e a moldagem de alta precis\u00e3o asseguram que a tampa e o corpo se encaixam especificamente, desenvolvendo um ajuste suave quando fechados, criando uma apar\u00eancia suave e integrada. O processo de abertura e fecho \u00e9 extremamente suave, com apenas a quantidade correta de amortecimento, garantindo um acesso sem complica\u00e7\u00f5es e fornecendo seguran\u00e7a protegida quando fechado, estimulando uma sensa\u00e7\u00e3o de qualidade superior e confian\u00e7a.<\/p>\n<p><img fetchpriority=\"high\" decoding=\"async\" class=\"alignnone wp-image-2292 size-full\" src=\"https:\/\/chinacustomboxes.com\/wp-content\/uploads\/2025\/08\/Face-Mask-Cream-Lotion-Eye-Mask-Top-and-Bottom-Boxes-OEM-1.jpg\" alt=\"M\u00e1scara facial Creme Lo\u00e7\u00e3o M\u00e1scara de olhos Caixas superior e inferior OEM\" width=\"1000\" height=\"1000\" title=\"\" srcset=\"https:\/\/chinacustomboxes.com\/wp-content\/uploads\/2025\/08\/Face-Mask-Cream-Lotion-Eye-Mask-Top-and-Bottom-Boxes-OEM-1.jpg 1000w, https:\/\/chinacustomboxes.com\/wp-content\/uploads\/2025\/08\/Face-Mask-Cream-Lotion-Eye-Mask-Top-and-Bottom-Boxes-OEM-1-300x300.jpg 300w, https:\/\/chinacustomboxes.com\/wp-content\/uploads\/2025\/08\/Face-Mask-Cream-Lotion-Eye-Mask-Top-and-Bottom-Boxes-OEM-1-150x150.jpg 150w, https:\/\/chinacustomboxes.com\/wp-content\/uploads\/2025\/08\/Face-Mask-Cream-Lotion-Eye-Mask-Top-and-Bottom-Boxes-OEM-1-768x768.jpg 768w, https:\/\/chinacustomboxes.com\/wp-content\/uploads\/2025\/08\/Face-Mask-Cream-Lotion-Eye-Mask-Top-and-Bottom-Boxes-OEM-1-12x12.jpg 12w, https:\/\/chinacustomboxes.com\/wp-content\/uploads\/2025\/08\/Face-Mask-Cream-Lotion-Eye-Mask-Top-and-Bottom-Boxes-OEM-1-600x600.jpg 600w, https:\/\/chinacustomboxes.com\/wp-content\/uploads\/2025\/08\/Face-Mask-Cream-Lotion-Eye-Mask-Top-and-Bottom-Boxes-OEM-1-100x100.jpg 100w\" sizes=\"(max-width: 1000px) 100vw, 1000px\" \/><\/p>\n<h2 id=\"2-straightforward-smooth-modern-aesthetic-layout\">2. Layout est\u00e9tico simples, suave e moderno<\/h2>\n<p>As linhas limpas e organizadas da embalagem evitam quaisquer enfeites desnecess\u00e1rios, simbolizando uma sensa\u00e7\u00e3o de for\u00e7a e de topo de gama na sua forma mais pura. Este estilo minimalista torna-o extremamente vers\u00e1til e perfeitamente adequado \u00e0s necessidades de embalagem de produtos de luxo, cosm\u00e9ticos de alta qualidade e presentes de alta qualidade, exigindo um elevado n\u00edvel de alta qualidade, melhorando com sucesso a imagem da marca.<\/p>\n<h2 id=\"3-excellent-load-bearing-capacity-and-storage-stability\">3. Excelente capacidade de carga e estabilidade de armazenamento<\/h2>\n<p>O estilo arquitet\u00f3nico tem em conta o aspeto pr\u00e1tico. O fundo refor\u00e7ado proporciona uma excelente capacidade de carga, protegendo eficazmente o interior do produto contra o esmagamento. Mesmo quando empilhado em v\u00e1rias camadas durante o armazenamento ou o transporte, o <a href=\"https:\/\/chinacustomboxes.com\/pt\/\">caixa<\/a> permanece robusto e resiste \u00e0 deforma\u00e7\u00e3o, satisfazendo plenamente os elevados crit\u00e9rios de estabilidade da embalagem exigidos pela log\u00edstica contempor\u00e2nea.<\/p>\n<p><img decoding=\"async\" class=\"alignnone wp-image-2294 size-full\" src=\"https:\/\/chinacustomboxes.com\/wp-content\/uploads\/2025\/08\/Face-Mask-Cream-Lotion-Eye-Mask-Top-and-Bottom-Boxes-OEM-3.jpg\" alt=\"M\u00e1scara facial Creme Lo\u00e7\u00e3o M\u00e1scara de olhos Caixas superior e inferior OEM\" width=\"1000\" height=\"1000\" title=\"\" srcset=\"https:\/\/chinacustomboxes.com\/wp-content\/uploads\/2025\/08\/Face-Mask-Cream-Lotion-Eye-Mask-Top-and-Bottom-Boxes-OEM-3.jpg 1000w, https:\/\/chinacustomboxes.com\/wp-content\/uploads\/2025\/08\/Face-Mask-Cream-Lotion-Eye-Mask-Top-and-Bottom-Boxes-OEM-3-300x300.jpg 300w, https:\/\/chinacustomboxes.com\/wp-content\/uploads\/2025\/08\/Face-Mask-Cream-Lotion-Eye-Mask-Top-and-Bottom-Boxes-OEM-3-150x150.jpg 150w, https:\/\/chinacustomboxes.com\/wp-content\/uploads\/2025\/08\/Face-Mask-Cream-Lotion-Eye-Mask-Top-and-Bottom-Boxes-OEM-3-768x768.jpg 768w, https:\/\/chinacustomboxes.com\/wp-content\/uploads\/2025\/08\/Face-Mask-Cream-Lotion-Eye-Mask-Top-and-Bottom-Boxes-OEM-3-12x12.jpg 12w, https:\/\/chinacustomboxes.com\/wp-content\/uploads\/2025\/08\/Face-Mask-Cream-Lotion-Eye-Mask-Top-and-Bottom-Boxes-OEM-3-600x600.jpg 600w, https:\/\/chinacustomboxes.com\/wp-content\/uploads\/2025\/08\/Face-Mask-Cream-Lotion-Eye-Mask-Top-and-Bottom-Boxes-OEM-3-100x100.jpg 100w\" sizes=\"(max-width: 1000px) 100vw, 1000px\" \/><\/p>\n<h2 id=\"4-picked-composite-products-for-resilience\">4. Sele\u00e7\u00e3o de produtos compostos para resili\u00eancia<\/h2>\n<p>Utilizamos papel revestido de dupla face C2S de 157 g como papel de rosto, que apresenta uma superf\u00edcie lisa e grande e uma elevada recria\u00e7\u00e3o de cores. O forro interno \u00e9 sustentado por cart\u00e3o de alta densidade de 1200g. A melhor combina\u00e7\u00e3o destes dois materiais oferece ao produto <a href=\"https:\/\/chinacustomboxes.com\/pt\/brand-double-door-box-for-skincare-bottle-fragrance-perfume\/\">embalagem<\/a> excelente resist\u00eancia e durabilidade, proporcionando uma prote\u00e7\u00e3o suprema para o seu artigo.<\/p>\n<h2 id=\"5-warm-stamping-in-red-gold-for-an-extravagant-and-celebratory-sense\">5. Estampagem a quente em ouro vermelho para um sentido extravagante e festivo<\/h2>\n<p>A inscri\u00e7\u00e3o \"Logo\" e o famoso padr\u00e3o aumentado na capa s\u00e3o excecionalmente gravados a quente em ouro vermelho. Esta t\u00e9cnica n\u00e3o s\u00f3 cria uma influ\u00eancia visual s\u00f3lida e uma sensa\u00e7\u00e3o extravagante e de alta qualidade, como tamb\u00e9m o seu brilho met\u00e1lico \u00fanico mant\u00e9m uma qualidade e beleza not\u00e1veis mesmo sob luz forte. Cada abertura da embalagem \u00e9 uma experi\u00eancia cerimonial da marca.<\/p>\n<p><img decoding=\"async\" class=\"alignnone wp-image-2295 size-full\" src=\"https:\/\/chinacustomboxes.com\/wp-content\/uploads\/2025\/08\/Face-Mask-Cream-Lotion-Eye-Mask-Top-and-Bottom-Boxes-OEM-4.jpg\" alt=\"M\u00e1scara facial Creme Lo\u00e7\u00e3o M\u00e1scara de olhos Caixas superior e inferior OEM\" width=\"800\" height=\"800\" title=\"\" srcset=\"https:\/\/chinacustomboxes.com\/wp-content\/uploads\/2025\/08\/Face-Mask-Cream-Lotion-Eye-Mask-Top-and-Bottom-Boxes-OEM-4.jpg 800w, https:\/\/chinacustomboxes.com\/wp-content\/uploads\/2025\/08\/Face-Mask-Cream-Lotion-Eye-Mask-Top-and-Bottom-Boxes-OEM-4-300x300.jpg 300w, https:\/\/chinacustomboxes.com\/wp-content\/uploads\/2025\/08\/Face-Mask-Cream-Lotion-Eye-Mask-Top-and-Bottom-Boxes-OEM-4-150x150.jpg 150w, https:\/\/chinacustomboxes.com\/wp-content\/uploads\/2025\/08\/Face-Mask-Cream-Lotion-Eye-Mask-Top-and-Bottom-Boxes-OEM-4-768x768.jpg 768w, https:\/\/chinacustomboxes.com\/wp-content\/uploads\/2025\/08\/Face-Mask-Cream-Lotion-Eye-Mask-Top-and-Bottom-Boxes-OEM-4-12x12.jpg 12w, https:\/\/chinacustomboxes.com\/wp-content\/uploads\/2025\/08\/Face-Mask-Cream-Lotion-Eye-Mask-Top-and-Bottom-Boxes-OEM-4-600x600.jpg 600w, https:\/\/chinacustomboxes.com\/wp-content\/uploads\/2025\/08\/Face-Mask-Cream-Lotion-Eye-Mask-Top-and-Bottom-Boxes-OEM-4-100x100.jpg 100w\" sizes=\"(max-width: 800px) 100vw, 800px\" \/><\/p>\n<h2 id=\"6-ultra-fast-oem-modification-solution\">6. Solu\u00e7\u00e3o de modifica\u00e7\u00e3o OEM ultra-r\u00e1pida<\/h2>\n<p>Compreendemos a import\u00e2ncia do tempo para as marcas. Para isso, prometemos oferecer solu\u00e7\u00f5es de resposta r\u00e1pida l\u00edderes no sector:.<\/p>\n<p>Produ\u00e7\u00e3o de exemplos em 1 hora: Ap\u00f3s a autoriza\u00e7\u00e3o do layout, podemos criar o primeiro exemplo em apenas 1 hora.<\/p>\n<p>Assist\u00eancia de verifica\u00e7\u00e3o em 3 horas: A combina\u00e7\u00e3o de material e processo selecionada pode ser verificada em 3 horas para garantir a elevada qualidade e efic\u00e1cia do \u00faltimo fabrico.<\/p>","protected":false},"excerpt":{"rendered":"<p>Esta caixa de embalagem de produtos de qualidade superior, feita por medida, apresenta uma estrutura intemporal de cobertura de caixas superior e inferior, fabricada em cart\u00e3o de alta densidade de 1200 g e papel de arte de 157 g. \u00c9 dur\u00e1vel e resistente, ideal para empilhar e expedir. As linhas elegantes e a disposi\u00e7\u00e3o minimalista e de alta qualidade da caixa tornam-na numa excelente op\u00e7\u00e3o para embalagens de produtos de beleza e de alta qualidade. O padr\u00e3o \u00fanico de escalada dourada estampada a quente da tampa inclui um toque de alta qualidade, aumentando a sensa\u00e7\u00e3o de festa ao abrir a embalagem. Fornecemos servi\u00e7os OEM eficazes, que consistem na produ\u00e7\u00e3o de amostras numa hora e na verifica\u00e7\u00e3o de procedimentos em tr\u00eas horas, tornando-a a op\u00e7\u00e3o perfeita para desenvolver uma experi\u00eancia de marca de qualidade superior.<\/p>","protected":false},"featured_media":2292,"template":"","meta":{"_kad_post_transparent":"default","_kad_post_title":"","_kad_post_layout":"default","_kad_post_sidebar_id":"","_kad_post_content_style":"default","_kad_post_vertical_padding":"default","_kad_post_feature":"","_kad_post_feature_position":"","_kad_post_header":false,"_kad_post_footer":false,"_kad_post_classname":""},"product_brand":[],"product_cat":[15,17,28,20],"product_tag":[567,566,565],"class_list":{"0":"post-2291","1":"product","2":"type-product","3":"status-publish","4":"has-post-thumbnail","6":"product_cat-boxes-by-shapes","7":"product_cat-boxes-by-industries","8":"product_cat-cosmetic-packaging-boxes","9":"product_cat-drawer-style-boxes","10":"product_tag-eye-mask-top-and-bottom-boxes","11":"product_tag-face-cream-lotion-boxes","12":"product_tag-face-mask-boxes","14":"first","15":"instock","16":"shipping-taxable","17":"product-type-simple","18":"entry","19":"content-bg","20":"loop-entry"},"_links":{"self":[{"href":"https:\/\/chinacustomboxes.com\/pt\/wp-json\/wp\/v2\/product\/2291","targetHints":{"allow":["GET"]}}],"collection":[{"href":"https:\/\/chinacustomboxes.com\/pt\/wp-json\/wp\/v2\/product"}],"about":[{"href":"https:\/\/chinacustomboxes.com\/pt\/wp-json\/wp\/v2\/types\/product"}],"wp:featuredmedia":[{"embeddable":true,"href":"https:\/\/chinacustomboxes.com\/pt\/wp-json\/wp\/v2\/media\/2292"}],"wp:attachment":[{"href":"https:\/\/chinacustomboxes.com\/pt\/wp-json\/wp\/v2\/media?parent=2291"}],"wp:term":[{"taxonomy":"product_brand","embeddable":true,"href":"https:\/\/chinacustomboxes.com\/pt\/wp-json\/wp\/v2\/product_brand?post=2291"},{"taxonomy":"product_cat","embeddable":true,"href":"https:\/\/chinacustomboxes.com\/pt\/wp-json\/wp\/v2\/product_cat?post=2291"},{"taxonomy":"product_tag","embeddable":true,"href":"https:\/\/chinacustomboxes.com\/pt\/wp-json\/wp\/v2\/product_tag?post=2291"}],"curies":[{"name":"wp","href":"https:\/\/api.w.org\/{rel}","templated":true}]}}