{"id":2312,"date":"2025-08-22T02:37:25","date_gmt":"2025-08-22T02:37:25","guid":{"rendered":"https:\/\/chinacustomboxes.com\/?post_type=product&#038;p=2312"},"modified":"2025-08-22T02:37:26","modified_gmt":"2025-08-22T02:37:26","slug":"louis-vuitton-luxury-bags-lid-and-base-set-rigid-boxes-oem","status":"publish","type":"product","link":"https:\/\/chinacustomboxes.com\/pt\/louis-vuitton-luxury-bags-lid-and-base-set-rigid-boxes-oem\/","title":{"rendered":"Conjunto de tampa e base de sacos de luxo Louis Vuitton Caixas r\u00edgidas OEM"},"content":{"rendered":"<h2 id=\"louis-vuitton-luxury-bags-lid-and-base-set-rigid-boxes-oem\">Conjunto de tampa e base de sacos de luxo Louis Vuitton Caixas r\u00edgidas OEM<\/h2>\n<h2 id=\"1-item-positioning-and-structure\">1 Posicionamento e estrutura do item<\/h2>\n<ul>\n<li><strong>Combina\u00e7\u00e3o intemporal de \"caixa com tampa + saco para presentes\".\u00a0<\/strong>: Fabricada em cart\u00e3o cinzento r\u00edgido e revestida com papel especial, a caixa de presente serve de recipiente e de discuss\u00e3o, enquanto o saco de presente \u00e9 utilizado para transporte e ecr\u00e3 secund\u00e1rio, equilibrando a utilidade com um sentido de cerim\u00f3nia.<\/li>\n<li><strong>Encaixe seguro da tampa e da base\u00a0<\/strong>: O <a href=\"https:\/\/chinacustomboxes.com\/pt\/lid-and-base-boxes\/\">caixas de tampa e de base<\/a> s\u00e3o cortados com precis\u00e3o, com cantos quadrados para uma abertura e fecho suaves e uma <strong>de forma apertada\u00a0<\/strong>A sua estrutura de suporte \u00e9 composta por uma estrutura de suporte de madeira, que melhora a resist\u00eancia ao stress e aos choques para um transporte e exposi\u00e7\u00e3o fi\u00e1veis.<\/li>\n<li><strong>Saco de oferta multi-cena\u00a0<\/strong>: Tridimensional, robusto e est\u00e1vel, \u00e9 confort\u00e1vel de transportar, ideal para levantamento na loja, oferta de presentes, eventos offline e conjuntos de presentes de Natal. A abertura e o fecho suaves favorecem a duplica\u00e7\u00e3o da utiliza\u00e7\u00e3o e a reexibi\u00e7\u00e3o.<\/li>\n<\/ul>\n<p><img fetchpriority=\"high\" decoding=\"async\" class=\"alignnone wp-image-2313 size-full\" src=\"https:\/\/chinacustomboxes.com\/wp-content\/uploads\/2025\/08\/Louis-Vuitton-Luxury-Bags-Lid-and-Base-Set-Rigid-Boxes-OEM-1.jpg\" alt=\"Conjunto de tampa e base de sacos de luxo Louis Vuitton Caixas r\u00edgidas OEM\" width=\"1000\" height=\"1000\" title=\"\" srcset=\"https:\/\/chinacustomboxes.com\/wp-content\/uploads\/2025\/08\/Louis-Vuitton-Luxury-Bags-Lid-and-Base-Set-Rigid-Boxes-OEM-1.jpg 1000w, https:\/\/chinacustomboxes.com\/wp-content\/uploads\/2025\/08\/Louis-Vuitton-Luxury-Bags-Lid-and-Base-Set-Rigid-Boxes-OEM-1-300x300.jpg 300w, https:\/\/chinacustomboxes.com\/wp-content\/uploads\/2025\/08\/Louis-Vuitton-Luxury-Bags-Lid-and-Base-Set-Rigid-Boxes-OEM-1-150x150.jpg 150w, https:\/\/chinacustomboxes.com\/wp-content\/uploads\/2025\/08\/Louis-Vuitton-Luxury-Bags-Lid-and-Base-Set-Rigid-Boxes-OEM-1-768x768.jpg 768w, https:\/\/chinacustomboxes.com\/wp-content\/uploads\/2025\/08\/Louis-Vuitton-Luxury-Bags-Lid-and-Base-Set-Rigid-Boxes-OEM-1-12x12.jpg 12w, https:\/\/chinacustomboxes.com\/wp-content\/uploads\/2025\/08\/Louis-Vuitton-Luxury-Bags-Lid-and-Base-Set-Rigid-Boxes-OEM-1-600x600.jpg 600w, https:\/\/chinacustomboxes.com\/wp-content\/uploads\/2025\/08\/Louis-Vuitton-Luxury-Bags-Lid-and-Base-Set-Rigid-Boxes-OEM-1-100x100.jpg 100w\" sizes=\"(max-width: 1000px) 100vw, 1000px\" \/><\/p>\n<h2 id=\"2-look-and-brand-name-sophistication\">2 Sofistica\u00e7\u00e3o do visual e da marca<\/h2>\n<ul>\n<li><strong>Tonalidade principal: Laranja extremamente saturado\u00a0<\/strong>: Esteticamente muito impactante e altamente reconhec\u00edvel na prateleira, chama rapidamente a aten\u00e7\u00e3o nos s\u00edtios das redes sociais e nas montras offline.<\/li>\n<li><strong>Ideias de cores\u00a0<\/strong>: Referir-se \u00e0 tonalidade laranja \"Safran Imp\u00e9rial\" que a Louis Vuitton utiliza desde 2016, muitas vezes combinada com o\u00a0<strong>fita azul\/al\u00e7a\u00a0<\/strong>, criando uma assinatura de marca contempor\u00e2nea e cl\u00e1ssica.<\/li>\n<\/ul>\n<h2 id=\"3-products-and-environmental-protection\">3 Produtos e prote\u00e7\u00e3o ambiental<\/h2>\n<ul>\n<li><strong>Sustentabilidade e longevidade\u00a0<\/strong>: Ambos os <a href=\"https:\/\/chinacustomboxes.com\/pt\/\">caixa de oferta<\/a> e o presente saco s\u00e3o fabricados a partir de recursos duradouros e cont\u00eam conte\u00fado reciclado. A estrutura robusta e a abertura e fecho recicl\u00e1veis reduzem o perigo de perdas log\u00edsticas e de rota\u00e7\u00e3o, satisfazendo as necessidades de robustez e conformidade das embalagens de produtos de luxo.<\/li>\n<li>Refer\u00eancia \u00e0 informa\u00e7\u00e3o p\u00fablica do sector e da marca: A LV especifica formalmente que o seu papel de caixa de presente \"prov\u00e9m de florestas duradouras, consiste em cerca de 40% de fibra reciclada e \u00e9 dobr\u00e1vel para diminuir a influ\u00eancia da entrega\" (como refer\u00eancia \u00e0 dire\u00e7\u00e3o ambiental e aos objectivos de efici\u00eancia).<\/li>\n<\/ul>\n<p><img decoding=\"async\" class=\"alignnone wp-image-2315 size-full\" src=\"https:\/\/chinacustomboxes.com\/wp-content\/uploads\/2025\/08\/Louis-Vuitton-Luxury-Bags-Lid-and-Base-Set-Rigid-Boxes-OEM-3.jpg\" alt=\"Conjunto de tampa e base de sacos de luxo Louis Vuitton Caixas r\u00edgidas OEM\" width=\"1000\" height=\"1000\" title=\"\" srcset=\"https:\/\/chinacustomboxes.com\/wp-content\/uploads\/2025\/08\/Louis-Vuitton-Luxury-Bags-Lid-and-Base-Set-Rigid-Boxes-OEM-3.jpg 1000w, https:\/\/chinacustomboxes.com\/wp-content\/uploads\/2025\/08\/Louis-Vuitton-Luxury-Bags-Lid-and-Base-Set-Rigid-Boxes-OEM-3-300x300.jpg 300w, https:\/\/chinacustomboxes.com\/wp-content\/uploads\/2025\/08\/Louis-Vuitton-Luxury-Bags-Lid-and-Base-Set-Rigid-Boxes-OEM-3-150x150.jpg 150w, https:\/\/chinacustomboxes.com\/wp-content\/uploads\/2025\/08\/Louis-Vuitton-Luxury-Bags-Lid-and-Base-Set-Rigid-Boxes-OEM-3-768x768.jpg 768w, https:\/\/chinacustomboxes.com\/wp-content\/uploads\/2025\/08\/Louis-Vuitton-Luxury-Bags-Lid-and-Base-Set-Rigid-Boxes-OEM-3-12x12.jpg 12w, https:\/\/chinacustomboxes.com\/wp-content\/uploads\/2025\/08\/Louis-Vuitton-Luxury-Bags-Lid-and-Base-Set-Rigid-Boxes-OEM-3-600x600.jpg 600w, https:\/\/chinacustomboxes.com\/wp-content\/uploads\/2025\/08\/Louis-Vuitton-Luxury-Bags-Lid-and-Base-Set-Rigid-Boxes-OEM-3-100x100.jpg 100w\" sizes=\"(max-width: 1000px) 100vw, 1000px\" \/><\/p>\n<h2 id=\"4-structure-and-workmanship-details\">4 Pormenores da estrutura e do acabamento<\/h2>\n<ul>\n<li><strong>Estrutura r\u00edgida\u00a0<\/strong>: Normalmente, sugerimos a instala\u00e7\u00e3o de cart\u00e3o cinzento de 1200 a 1800 g (ou cart\u00e3o de n\u00facleo preto) + papel especial de 120 a 180 g; as profundidades das tampas superior e inferior s\u00e3o adaptadas \u00e0s especifica\u00e7\u00f5es do artigo, com\u00a0<strong>controlo da toler\u00e2ncia de ajuste\u00a0<\/strong>, assegurando uma sensa\u00e7\u00e3o de abertura \"limitada mas confort\u00e1vel\".<\/li>\n<li><strong>Impress\u00e3o de alta precis\u00e3o\u00a0<\/strong>: Mant\u00e9m a correspond\u00eancia precisa da cor da \u00e1rea\/PANTONE, o controlo do rastreio de pontos e a impress\u00e3o de elevado n\u00famero de linhas, assegurando\u00a0<strong>desenhos de log\u00f3tipos claros e n\u00edtidos, lados sem rebarbas e varia\u00e7\u00e3o regular de cores\u00a0<\/strong>.\u00a0<strong>Os processos de pr\u00e9mio facultativos consistem em\u00a0<\/strong>marca\u00e7\u00e3o a quente, grava\u00e7\u00e3o em relevo e verniz de coloca\u00e7\u00e3o UV **.<\/li>\n<li><strong>Revestimento e prote\u00e7\u00e3o\u00a0<\/strong>: Dispon\u00edveis em EVA, veludo, papel flocado ou pasta moldada para se adaptarem a diferentes dimens\u00f5es, como malas de m\u00e3o, or\u00e7amentos e acess\u00f3rios. ** Est\u00e3o dispon\u00edveis op\u00e7\u00f5es resistentes aos riscos, ao p\u00f3 e \u00e0 humidade.<\/li>\n<li><strong>Saco atual Constru\u00e7\u00e3o Civil\u00a0<\/strong>: Dispon\u00edvel em papel laminado ou de base, com abas refor\u00e7adas e papel de suporte.\u00a0<strong>Cinta, nervuras ou cabo azul\u00a0<\/strong>est\u00e3o dispon\u00edveis, refor\u00e7adas com perfura\u00e7\u00f5es e rebites para um tato e uma resist\u00eancia equilibrados.<\/li>\n<\/ul>\n<p><img decoding=\"async\" class=\"alignnone wp-image-2316 size-full\" src=\"https:\/\/chinacustomboxes.com\/wp-content\/uploads\/2025\/08\/Louis-Vuitton-Luxury-Bags-Lid-and-Base-Set-Rigid-Boxes-OEM-4.jpg\" alt=\"Conjunto de tampa e base de sacos de luxo Louis Vuitton Caixas r\u00edgidas OEM\" width=\"1000\" height=\"1000\" title=\"\" srcset=\"https:\/\/chinacustomboxes.com\/wp-content\/uploads\/2025\/08\/Louis-Vuitton-Luxury-Bags-Lid-and-Base-Set-Rigid-Boxes-OEM-4.jpg 1000w, https:\/\/chinacustomboxes.com\/wp-content\/uploads\/2025\/08\/Louis-Vuitton-Luxury-Bags-Lid-and-Base-Set-Rigid-Boxes-OEM-4-300x300.jpg 300w, https:\/\/chinacustomboxes.com\/wp-content\/uploads\/2025\/08\/Louis-Vuitton-Luxury-Bags-Lid-and-Base-Set-Rigid-Boxes-OEM-4-150x150.jpg 150w, https:\/\/chinacustomboxes.com\/wp-content\/uploads\/2025\/08\/Louis-Vuitton-Luxury-Bags-Lid-and-Base-Set-Rigid-Boxes-OEM-4-768x768.jpg 768w, https:\/\/chinacustomboxes.com\/wp-content\/uploads\/2025\/08\/Louis-Vuitton-Luxury-Bags-Lid-and-Base-Set-Rigid-Boxes-OEM-4-12x12.jpg 12w, https:\/\/chinacustomboxes.com\/wp-content\/uploads\/2025\/08\/Louis-Vuitton-Luxury-Bags-Lid-and-Base-Set-Rigid-Boxes-OEM-4-600x600.jpg 600w, https:\/\/chinacustomboxes.com\/wp-content\/uploads\/2025\/08\/Louis-Vuitton-Luxury-Bags-Lid-and-Base-Set-Rigid-Boxes-OEM-4-100x100.jpg 100w\" sizes=\"(max-width: 1000px) 100vw, 1000px\" \/><\/p>\n<h2 id=\"5-application-situations\">5 Situa\u00e7\u00f5es de aplica\u00e7\u00e3o<\/h2>\n<ul>\n<li><strong>Presentes de alta qualidade\/Presentes de Natal\/Pacotes\u00a0<\/strong>: Tais como presentes de f\u00e9rias de edi\u00e7\u00e3o limitada, presentes VIP e caixas de presente de marca conjunta; adequados tanto para o ecr\u00e3 de lojas offline como para correio de compras diretas ou embalagens de produtos presentes.<\/li>\n<\/ul>\n<h2 id=\"6-quality-control-and-shipment\">6 Controlo de qualidade e expedi\u00e7\u00e3o<\/h2>\n<ul>\n<li><strong>Distin\u00e7\u00e3o de sombras e controlo de dimens\u00f5es\u00a0<\/strong>: Produzir contornos ICC para provas e gr\u00e1ficos de contraste em rela\u00e7\u00e3o \u00e0 tonalidade; verificar as medidas essenciais e o paralelismo diagonal; efetuar exames de entrega para verificar a solidez da fric\u00e7\u00e3o, a resist\u00eancia \u00e0 dobragem, a compress\u00e3o e a resist\u00eancia ao decl\u00ednio.<\/li>\n<li><strong>Seguran\u00e7a e conformidade\u00a0<\/strong>: O papel e as tintas podem ser personalizados com op\u00e7\u00f5es de conformidade FSC\/REACH mediante pedido (sujeito \u00e0 encomenda do consumidor e \u00e0s diretrizes locais).<\/li>\n<li><strong>Capacidades de prototipagem r\u00e1pida\u00a0<\/strong>: Aproveitar a nossa\u00a0<strong>linha de produ\u00e7\u00e3o inteligente\u00a0<\/strong>e\u00a0<strong>cole\u00e7\u00e3o modular de matrizes\/forros\u00a0<\/strong>, apoiamos a prova dentro de\u00a0<strong>1 hora\u00a0<\/strong>(com verifica\u00e7\u00e3o local\/online de ilustra\u00e7\u00f5es de provas e pe\u00e7as normalizadas), permitindo uma a\u00e7\u00e3o r\u00e1pida para pedidos r\u00e1pidos e de pequenos lotes.<\/li>\n<\/ul>\n<p><img loading=\"lazy\" decoding=\"async\" class=\"alignnone wp-image-2318 size-full\" src=\"https:\/\/chinacustomboxes.com\/wp-content\/uploads\/2025\/08\/Louis-Vuitton-Luxury-Bags-Lid-and-Base-Set-Rigid-Boxes-OEM-6.jpg\" alt=\"Conjunto de tampa e base de sacos de luxo Louis Vuitton Caixas r\u00edgidas OEM\" width=\"1000\" height=\"1000\" title=\"\" srcset=\"https:\/\/chinacustomboxes.com\/wp-content\/uploads\/2025\/08\/Louis-Vuitton-Luxury-Bags-Lid-and-Base-Set-Rigid-Boxes-OEM-6.jpg 1000w, https:\/\/chinacustomboxes.com\/wp-content\/uploads\/2025\/08\/Louis-Vuitton-Luxury-Bags-Lid-and-Base-Set-Rigid-Boxes-OEM-6-300x300.jpg 300w, https:\/\/chinacustomboxes.com\/wp-content\/uploads\/2025\/08\/Louis-Vuitton-Luxury-Bags-Lid-and-Base-Set-Rigid-Boxes-OEM-6-150x150.jpg 150w, https:\/\/chinacustomboxes.com\/wp-content\/uploads\/2025\/08\/Louis-Vuitton-Luxury-Bags-Lid-and-Base-Set-Rigid-Boxes-OEM-6-768x768.jpg 768w, https:\/\/chinacustomboxes.com\/wp-content\/uploads\/2025\/08\/Louis-Vuitton-Luxury-Bags-Lid-and-Base-Set-Rigid-Boxes-OEM-6-12x12.jpg 12w, https:\/\/chinacustomboxes.com\/wp-content\/uploads\/2025\/08\/Louis-Vuitton-Luxury-Bags-Lid-and-Base-Set-Rigid-Boxes-OEM-6-600x600.jpg 600w, https:\/\/chinacustomboxes.com\/wp-content\/uploads\/2025\/08\/Louis-Vuitton-Luxury-Bags-Lid-and-Base-Set-Rigid-Boxes-OEM-6-100x100.jpg 100w\" sizes=\"(max-width: 1000px) 100vw, 1000px\" \/><\/p>\n<h2 id=\"7-customization\">7 Personaliza\u00e7\u00e3o<\/h2>\n<ul>\n<li><strong>Tamanho\u00a0<\/strong>: Personaliza\u00e7\u00e3o por dimens\u00e3o para bolsas, pequenos objectos em couro natural e acess\u00f3rios (sustentando solu\u00e7\u00f5es de embalagem incorporadas em v\u00e1rios tamanhos).<\/li>\n<li><strong>Acabamento\u00a0<\/strong>: Sombra de \u00e1rea + marca\u00e7\u00e3o a quente (log\u00f3tipo), forro celular de veludo, fecho magn\u00e9tico\/descolagem oculto, aba f\u00e1cil de rasgar, etc.\u00a0<em>* Dispositivos\u00a0<\/em>: Saco de oferta em tons, fita, cart\u00e3o de felicita\u00e7\u00f5es\/prenda, papel sem \u00e1cido, etiqueta autocolante de selagem, espa\u00e7o de armazenamento <a href=\"https:\/\/chinacustomboxes.com\/pt\/drawer-style-boxes\/\">caixa de gaveta<\/a>.<\/li>\n<\/ul>","protected":false},"excerpt":{"rendered":"<p>Este produto possui um\u00a0<strong>caixa de presente tradicional com uma tampa superior e inferior e um saco de presente\u00a0<\/strong>mistura. O\u00a0<strong>tampa e fundo em forma bem unida\u00a0<\/strong>que oferece uma prote\u00e7\u00e3o segura e protegida. O saco de oferta \u00e9\u00a0<strong>port\u00e1til e duradouro\u00a0<\/strong>A sua abertura e fecho s\u00e3o suaves, o que a torna excelente para presentes de alta qualidade e colec\u00e7\u00f5es de f\u00e9rias. Este artigo utiliza\u00a0<strong>amigo do ambiente e de longa dura\u00e7\u00e3o\u00a0<\/strong>papel, permitindo\u00a0<strong>impress\u00e3o de alta precis\u00e3o\u00a0<\/strong>(transparente, sem rebarbas e de tonalidade normal). O\u00a0<strong>laranja muito saturado\u00a0<\/strong>o design de cores desenvolve uma identifica\u00e7\u00e3o visual s\u00f3lida. Alavancar\u00a0<strong>linhas de produ\u00e7\u00e3o inteligentes e estilo modular\u00a0<\/strong>A prova pode ser conclu\u00edda\u00a0<strong>no prazo de 1 hora\u00a0<\/strong>permitindo uma resposta r\u00e1pida aos pedidos imediatos de distribui\u00e7\u00e3o.<\/p>","protected":false},"featured_media":2313,"template":"","meta":{"_kad_post_transparent":"default","_kad_post_title":"","_kad_post_layout":"default","_kad_post_sidebar_id":"","_kad_post_content_style":"default","_kad_post_vertical_padding":"default","_kad_post_feature":"","_kad_post_feature_position":"","_kad_post_header":false,"_kad_post_footer":false,"_kad_post_classname":""},"product_brand":[],"product_cat":[19,15,17,30],"product_tag":[573,575,574],"class_list":{"0":"post-2312","1":"product","2":"type-product","3":"status-publish","4":"has-post-thumbnail","6":"product_cat-lid-and-base-boxes","7":"product_cat-boxes-by-shapes","8":"product_cat-boxes-by-industries","9":"product_cat-clothing-packaging-boxes","10":"product_tag-lid-and-base-boxes","11":"product_tag-louis-vuitton-packaging-boxes","12":"product_tag-rigid-boxes-oem","14":"first","15":"instock","16":"shipping-taxable","17":"product-type-simple","18":"entry","19":"content-bg","20":"loop-entry"},"_links":{"self":[{"href":"https:\/\/chinacustomboxes.com\/pt\/wp-json\/wp\/v2\/product\/2312","targetHints":{"allow":["GET"]}}],"collection":[{"href":"https:\/\/chinacustomboxes.com\/pt\/wp-json\/wp\/v2\/product"}],"about":[{"href":"https:\/\/chinacustomboxes.com\/pt\/wp-json\/wp\/v2\/types\/product"}],"wp:featuredmedia":[{"embeddable":true,"href":"https:\/\/chinacustomboxes.com\/pt\/wp-json\/wp\/v2\/media\/2313"}],"wp:attachment":[{"href":"https:\/\/chinacustomboxes.com\/pt\/wp-json\/wp\/v2\/media?parent=2312"}],"wp:term":[{"taxonomy":"product_brand","embeddable":true,"href":"https:\/\/chinacustomboxes.com\/pt\/wp-json\/wp\/v2\/product_brand?post=2312"},{"taxonomy":"product_cat","embeddable":true,"href":"https:\/\/chinacustomboxes.com\/pt\/wp-json\/wp\/v2\/product_cat?post=2312"},{"taxonomy":"product_tag","embeddable":true,"href":"https:\/\/chinacustomboxes.com\/pt\/wp-json\/wp\/v2\/product_tag?post=2312"}],"curies":[{"name":"wp","href":"https:\/\/api.w.org\/{rel}","templated":true}]}}