{"id":2319,"date":"2025-08-22T03:33:22","date_gmt":"2025-08-22T03:33:22","guid":{"rendered":"https:\/\/chinacustomboxes.com\/?post_type=product&#038;p=2319"},"modified":"2025-08-22T03:33:23","modified_gmt":"2025-08-22T03:33:23","slug":"candle-scent-aromatherapy-neck-lid-and-base-gift-boxes-odm","status":"publish","type":"product","link":"https:\/\/chinacustomboxes.com\/pt\/candle-scent-aromatherapy-neck-lid-and-base-gift-boxes-odm\/","title":{"rendered":"Vela com aroma Aromaterapia Tampa de pesco\u00e7o e base Caixas de presente ODM"},"content":{"rendered":"<h2 id=\"custom-made-odm-aromatherapy-scent-candle-lid-and-base-gift-box\">Caixa de oferta com tampa e base para vela de aromaterapia ODM feita \u00e0 medida<\/h2>\n<h2 id=\"1-structural-design-a-combination-of-timeless-and-ingenious-with-phenomenal-details-\">1. Conce\u00e7\u00e3o estrutural: Uma combina\u00e7\u00e3o de intemporal e engenhoso, com pormenores fenomenais.<\/h2>\n<p>Esta caixa de oferta para velas arom\u00e1ticas inclui o estilo tradicional \"tampa e base\", com a tampa superior a desenvolver o \"topo\" e a tampa inferior a formar a \"base\". Abre-se e fecha-se suave e confortavelmente, o que a torna uma forma de caixa padr\u00e3o preferida para embalagens de produtos para oferta. Na verdade, aperfei\u00e7o\u00e1mos este design ao incluir um estilo \"pesco\u00e7o\", acrescentando um rebordo extra \u00e0 base. Este estilo engenhoso garante um encaixe suave entre as <a href=\"https:\/\/chinacustomboxes.com\/pt\/lid-and-base-boxes\/\">caixas de tampa e de base<\/a> quando fechada, criando lados limpos e n\u00edtidos e uma est\u00e9tica visual simples mas sofisticada. Esta estrutura de pesco\u00e7o e ombro n\u00e3o s\u00f3 melhora consideravelmente a veda\u00e7\u00e3o e a seguran\u00e7a da caixa, oferecendo uma prote\u00e7\u00e3o extensiva para o artigo no interior, como tamb\u00e9m mostra cuidadosamente o visual refinado, premium e personalizado e a qualidade superior premium.<\/p>\n<p><img fetchpriority=\"high\" decoding=\"async\" class=\"alignnone wp-image-2320 size-full\" src=\"https:\/\/chinacustomboxes.com\/wp-content\/uploads\/2025\/08\/Candle-Scent-Aromatherapy-Neck-Lid-and-base-Gift-Boxes-ODM-1.jpg\" alt=\"Vela com aroma Aromaterapia Tampa de pesco\u00e7o e base Caixas de presente ODM\" width=\"750\" height=\"750\" title=\"\" srcset=\"https:\/\/chinacustomboxes.com\/wp-content\/uploads\/2025\/08\/Candle-Scent-Aromatherapy-Neck-Lid-and-base-Gift-Boxes-ODM-1.jpg 750w, https:\/\/chinacustomboxes.com\/wp-content\/uploads\/2025\/08\/Candle-Scent-Aromatherapy-Neck-Lid-and-base-Gift-Boxes-ODM-1-300x300.jpg 300w, https:\/\/chinacustomboxes.com\/wp-content\/uploads\/2025\/08\/Candle-Scent-Aromatherapy-Neck-Lid-and-base-Gift-Boxes-ODM-1-150x150.jpg 150w, https:\/\/chinacustomboxes.com\/wp-content\/uploads\/2025\/08\/Candle-Scent-Aromatherapy-Neck-Lid-and-base-Gift-Boxes-ODM-1-12x12.jpg 12w, https:\/\/chinacustomboxes.com\/wp-content\/uploads\/2025\/08\/Candle-Scent-Aromatherapy-Neck-Lid-and-base-Gift-Boxes-ODM-1-600x600.jpg 600w, https:\/\/chinacustomboxes.com\/wp-content\/uploads\/2025\/08\/Candle-Scent-Aromatherapy-Neck-Lid-and-base-Gift-Boxes-ODM-1-100x100.jpg 100w\" sizes=\"(max-width: 750px) 100vw, 750px\" \/><\/p>\n<h2 id=\"2-material-choice-similarly-stressing-quality-and-security-a-commitment-to-top-quality-both-throughout-\">2. Escolha do material: igualmente com \u00eanfase na qualidade e na seguran\u00e7a, um compromisso com a m\u00e1xima qualidade em todas as \u00e1reas.<\/h2>\n<p>Compreendemos que os produtos s\u00e3o vitais para a qualidade da embalagem. O tecido exterior desta <a href=\"https:\/\/chinacustomboxes.com\/pt\/distribute-magnetic-lid-rigid-box-for-lipstick-mini-perfume\/\">caixa de oferta<\/a> \u00e9 geralmente constru\u00eddo a partir de papel art\u00edstico de alta qualidade, cuja estrutura delicada e toque aconchegante melhoram instantaneamente a embalagem geral do produto. O n\u00facleo interno \u00e9 feito de cart\u00e3o cinzento espesso e duradouro, garantindo uma rigidez e capacidade de carga excepcionais. Isto salvaguarda eficazmente os delicados recipientes de aromaterapia e as velas no seu interior, protegendo-os contra influ\u00eancias e esmagamentos durante o transporte e a exposi\u00e7\u00e3o. Esta mistura de papel art\u00edstico e cart\u00e3o cinzento atinge o melhor equil\u00edbrio entre os apelos est\u00e9ticos e a funcionalidade, garantindo que cada presente \u00e9 apresentado aos consumidores em perfeitas condi\u00e7\u00f5es.<\/p>\n<h2 id=\"3-printing-and-craftsmanship-meticulous-workmanship-gives-the-packaging-a-distinct-visual-allure-\">3. Impress\u00e3o e artesanato: O acabamento meticuloso confere \u00e0 embalagem um atrativo visual distinto.<\/h2>\n<p>Para criar um efeito est\u00e9tico distinto, oferecemos uma gama de op\u00e7\u00f5es de impress\u00e3o e acabamento. Um atributo chave do layout deste <a href=\"https:\/\/chinacustomboxes.com\/pt\/\">caixa<\/a> \u00e9 o charmoso acabamento prateado na borda interna da tampa. Esta informa\u00e7\u00e3o acrescenta um toque de sombra ao design suave total, actuando como um toque final e melhorando consideravelmente a sensa\u00e7\u00e3o de requinte e extravag\u00e2ncia da embalagem. Al\u00e9m disso, podem ser utilizados procedimentos personaliz\u00e1veis, como a marca\u00e7\u00e3o a quente, a grava\u00e7\u00e3o em relevo e as terapias UV pontuais, para aumentar a profundidade e a delicadeza da embalagem do produto, real\u00e7ando ainda mais o log\u00f3tipo da marca.<\/p>\n<p><img decoding=\"async\" class=\"alignnone wp-image-2321 size-full\" src=\"https:\/\/chinacustomboxes.com\/wp-content\/uploads\/2025\/08\/Candle-Scent-Aromatherapy-Neck-Lid-and-base-Gift-Boxes-ODM-2.jpg\" alt=\"Vela com aroma Aromaterapia Tampa de pesco\u00e7o e base Caixas de presente ODM\" width=\"750\" height=\"750\" title=\"\" srcset=\"https:\/\/chinacustomboxes.com\/wp-content\/uploads\/2025\/08\/Candle-Scent-Aromatherapy-Neck-Lid-and-base-Gift-Boxes-ODM-2.jpg 750w, https:\/\/chinacustomboxes.com\/wp-content\/uploads\/2025\/08\/Candle-Scent-Aromatherapy-Neck-Lid-and-base-Gift-Boxes-ODM-2-300x300.jpg 300w, https:\/\/chinacustomboxes.com\/wp-content\/uploads\/2025\/08\/Candle-Scent-Aromatherapy-Neck-Lid-and-base-Gift-Boxes-ODM-2-150x150.jpg 150w, https:\/\/chinacustomboxes.com\/wp-content\/uploads\/2025\/08\/Candle-Scent-Aromatherapy-Neck-Lid-and-base-Gift-Boxes-ODM-2-12x12.jpg 12w, https:\/\/chinacustomboxes.com\/wp-content\/uploads\/2025\/08\/Candle-Scent-Aromatherapy-Neck-Lid-and-base-Gift-Boxes-ODM-2-600x600.jpg 600w, https:\/\/chinacustomboxes.com\/wp-content\/uploads\/2025\/08\/Candle-Scent-Aromatherapy-Neck-Lid-and-base-Gift-Boxes-ODM-2-100x100.jpg 100w\" sizes=\"(max-width: 750px) 100vw, 750px\" \/><\/p>\n<h2 id=\"4-color-visual-appeals-tranquil-lavender-producing-an-immersive-sensory-experience-\">4. Apelos visuais da cor: Tranquil Lavender, Produzindo uma experi\u00eancia sensorial imersiva.<\/h2>\n<p>O corpo principal da embalagem utiliza uma tonalidade de lavanda suave e elegante. Esta escolha criativa de cor estimula rapidamente o encantamento das organiza\u00e7\u00f5es com a fragr\u00e2ncia relaxante e curativa do produto, criando eficazmente um ambiente tranquilo e relaxante que se alinha completamente com o posicionamento do artigo de aromaterapia. Esta cor de uso unificado e harmonioso n\u00e3o s\u00f3 impulsiona o produto, como tamb\u00e9m ajuda a desenvolver uma identifica\u00e7\u00e3o est\u00e9tica s\u00f3lida e especial da marca, atraindo e cativando instantaneamente os clientes-alvo.<\/p>\n<h2 id=\"5-decorative-information-moderate-sophistication-revealed-in-the-details-\">5. Informa\u00e7\u00e3o decorativa: Sofistica\u00e7\u00e3o moderada, revelada nos detalhes.<\/h2>\n<p>A ess\u00eancia do design depende muitas vezes dos pormenores. O contorno prateado aparentemente descontra\u00eddo \u00e0 volta do lado interior da tampa principal personifica esta filosofia. Como um componente atraente, refinado e discreto, desenvolve uma compara\u00e7\u00e3o subtil com o tom lavanda prim\u00e1rio, prejudicando a monotonia do esquema de cores mon\u00f3tono e melhorando a classe e o valor do layout total, criando uma sensa\u00e7\u00e3o de surpresa ao abrir a embalagem.<\/p>\n<p><img decoding=\"async\" class=\"alignnone wp-image-2322 size-full\" src=\"https:\/\/chinacustomboxes.com\/wp-content\/uploads\/2025\/08\/Candle-Scent-Aromatherapy-Neck-Lid-and-base-Gift-Boxes-ODM-3.jpg\" alt=\"Vela com aroma Aromaterapia Tampa de pesco\u00e7o e base Caixas de presente ODM\" width=\"1919\" height=\"1919\" title=\"\" srcset=\"https:\/\/chinacustomboxes.com\/wp-content\/uploads\/2025\/08\/Candle-Scent-Aromatherapy-Neck-Lid-and-base-Gift-Boxes-ODM-3.jpg 1919w, https:\/\/chinacustomboxes.com\/wp-content\/uploads\/2025\/08\/Candle-Scent-Aromatherapy-Neck-Lid-and-base-Gift-Boxes-ODM-3-300x300.jpg 300w, https:\/\/chinacustomboxes.com\/wp-content\/uploads\/2025\/08\/Candle-Scent-Aromatherapy-Neck-Lid-and-base-Gift-Boxes-ODM-3-1024x1024.jpg 1024w, https:\/\/chinacustomboxes.com\/wp-content\/uploads\/2025\/08\/Candle-Scent-Aromatherapy-Neck-Lid-and-base-Gift-Boxes-ODM-3-150x150.jpg 150w, https:\/\/chinacustomboxes.com\/wp-content\/uploads\/2025\/08\/Candle-Scent-Aromatherapy-Neck-Lid-and-base-Gift-Boxes-ODM-3-768x768.jpg 768w, https:\/\/chinacustomboxes.com\/wp-content\/uploads\/2025\/08\/Candle-Scent-Aromatherapy-Neck-Lid-and-base-Gift-Boxes-ODM-3-1536x1536.jpg 1536w, https:\/\/chinacustomboxes.com\/wp-content\/uploads\/2025\/08\/Candle-Scent-Aromatherapy-Neck-Lid-and-base-Gift-Boxes-ODM-3-12x12.jpg 12w, https:\/\/chinacustomboxes.com\/wp-content\/uploads\/2025\/08\/Candle-Scent-Aromatherapy-Neck-Lid-and-base-Gift-Boxes-ODM-3-600x600.jpg 600w, https:\/\/chinacustomboxes.com\/wp-content\/uploads\/2025\/08\/Candle-Scent-Aromatherapy-Neck-Lid-and-base-Gift-Boxes-ODM-3-100x100.jpg 100w\" sizes=\"(max-width: 1919px) 100vw, 1919px\" \/><\/p>\n<h2 id=\"6-internal-security-precision-molded-lining-provides-the-ultimate-product-defense-\">6. Seguran\u00e7a interna: O revestimento moldado com precis\u00e3o proporciona a melhor defesa do produto.<\/h2>\n<p>Para garantir que os artigos de aromaterapia continuam a estar em seguran\u00e7a dentro da caixa, moldamos o forro especificamente de acordo com a forma do artigo. Est\u00e1 dispon\u00edvel uma variedade de produtos de revestimento, incluindo espuma EVA para um acolchoamento e absor\u00e7\u00e3o de choques excepcionais, algod\u00e3o perolado EPE leve e amigo do ambiente, ou embalagens de feridas muito tonificadas. Estes materiais envolvem e seguram de forma segura produtos como frascos de aromaterapia e casti\u00e7ais, evitando eficazmente que se agitem e influenciem. Este revestimento celular de encaixe preciso n\u00e3o s\u00f3 garante a seguran\u00e7a do produto, como tamb\u00e9m demonstra o nosso profissionalismo e fiabilidade e uma aten\u00e7\u00e3o minuciosa aos detalhes, produzindo uma experi\u00eancia de embalagem de produtos fresca e bem organizada.<\/p>\n<h2 id=\"7-odm-totally-custom-made-services-develop-your-own-brand-identity-\">7. Servi\u00e7os ODM totalmente personalizados: Desenvolva a sua pr\u00f3pria identidade de marca.<\/h2>\n<p>Fornecemos solu\u00e7\u00f5es ODM (Initial Layout Manufacturer) completas, permitindo-lhe personalizar totalmente todos os aspectos da sua caixa, incluindo a estrutura da caixa, as dimens\u00f5es, os materiais exteriores e interiores, a impress\u00e3o, a combina\u00e7\u00e3o de tonalidades e o manuseamento, com base no posicionamento da sua marca e nos requisitos dos artigos. Quer pretenda alterar as cores tem\u00e1ticas da sua marca, incluir de forma proeminente o design do seu log\u00f3tipo ou personalizar o design interior para se adequar \u00e0 sua cole\u00e7\u00e3o de produtos, o nosso grupo de profissionais oferece uma op\u00e7\u00e3o \u00fanica, criando embalagens \u00fanicas e espec\u00edficas da marca.<\/p>\n<p><img loading=\"lazy\" decoding=\"async\" class=\"alignnone wp-image-2323 size-full\" src=\"https:\/\/chinacustomboxes.com\/wp-content\/uploads\/2025\/08\/Candle-Scent-Aromatherapy-Neck-Lid-and-base-Gift-Boxes-ODM-4.jpg\" alt=\"Vela com aroma Aromaterapia Tampa de pesco\u00e7o e base Caixas de presente ODM\" width=\"1600\" height=\"1600\" title=\"\" srcset=\"https:\/\/chinacustomboxes.com\/wp-content\/uploads\/2025\/08\/Candle-Scent-Aromatherapy-Neck-Lid-and-base-Gift-Boxes-ODM-4.jpg 1600w, https:\/\/chinacustomboxes.com\/wp-content\/uploads\/2025\/08\/Candle-Scent-Aromatherapy-Neck-Lid-and-base-Gift-Boxes-ODM-4-300x300.jpg 300w, https:\/\/chinacustomboxes.com\/wp-content\/uploads\/2025\/08\/Candle-Scent-Aromatherapy-Neck-Lid-and-base-Gift-Boxes-ODM-4-1024x1024.jpg 1024w, https:\/\/chinacustomboxes.com\/wp-content\/uploads\/2025\/08\/Candle-Scent-Aromatherapy-Neck-Lid-and-base-Gift-Boxes-ODM-4-150x150.jpg 150w, https:\/\/chinacustomboxes.com\/wp-content\/uploads\/2025\/08\/Candle-Scent-Aromatherapy-Neck-Lid-and-base-Gift-Boxes-ODM-4-768x768.jpg 768w, https:\/\/chinacustomboxes.com\/wp-content\/uploads\/2025\/08\/Candle-Scent-Aromatherapy-Neck-Lid-and-base-Gift-Boxes-ODM-4-1536x1536.jpg 1536w, https:\/\/chinacustomboxes.com\/wp-content\/uploads\/2025\/08\/Candle-Scent-Aromatherapy-Neck-Lid-and-base-Gift-Boxes-ODM-4-12x12.jpg 12w, https:\/\/chinacustomboxes.com\/wp-content\/uploads\/2025\/08\/Candle-Scent-Aromatherapy-Neck-Lid-and-base-Gift-Boxes-ODM-4-600x600.jpg 600w, https:\/\/chinacustomboxes.com\/wp-content\/uploads\/2025\/08\/Candle-Scent-Aromatherapy-Neck-Lid-and-base-Gift-Boxes-ODM-4-100x100.jpg 100w\" sizes=\"(max-width: 1600px) 100vw, 1600px\" \/><\/p>\n<h2 id=\"8-core-benefit-1-hour-prototyping-assisting-brands-seize-market-opportunities-\">8. Benef\u00edcio principal: Prototipagem em 1 hora, ajudando as marcas a aproveitar as oportunidades de mercado.<\/h2>\n<p>O tempo \u00e9 vital num mercado ferozmente competitivo. Reconhecemos este facto e, tirando partido das nossas capacidades de fabrico duradouro e de assimila\u00e7\u00e3o de design, prometemos solenemente \"prototipagem em 1 hora\". Esta resposta r\u00e1pida e eficaz e as capacidades de prototipagem sugerem que pode ver exemplos quase acabados em tempo recorde, encurtando drasticamente o seu ciclo de escolha e o tempo de coloca\u00e7\u00e3o no mercado, ajudando a sua marca a confiscar possibilidades num mercado em r\u00e1pida altera\u00e7\u00e3o.<\/p>","protected":false},"excerpt":{"rendered":"<p>Esta caixa de oferta para velas perfumadas, com uma elegante cor de lavanda, produz uma atmosfera tranquila e reconfortante. O seu estilo cl\u00e1ssico de tampa e topo com ombro e pesco\u00e7o garante um fecho apertado e linhas limpas, emanando uma sensa\u00e7\u00e3o de qualidade superior. Fabricado em cart\u00e3o cinzento resistente com um papel de arte fr\u00e1gil e reativo, combina apar\u00eancia e seguran\u00e7a. A guarni\u00e7\u00e3o prateada \u00e0 volta do bordo interior da tampa acrescenta um toque de informa\u00e7\u00e3o polida. O interior \u00e9 especificamente moldado \u00e0 forma do produto, com revestimentos que absorvem os choques, como o EVA ou o algod\u00e3o p\u00e9rola, para garantir um transporte seguro. Fornecemos solu\u00e7\u00f5es abrangentes de personaliza\u00e7\u00e3o ODM, desde a estrutura e os produtos at\u00e9 aos processos de impress\u00e3o, e garantimos \"r\u00e1pida entrega de exemplos no prazo de 1 hora\", ajudando-o a produzir embalagens de produtos de marcas especiais e a conquistar rapidamente a quota de mercado.<\/p>","protected":false},"featured_media":2320,"template":"","meta":{"_kad_post_transparent":"default","_kad_post_title":"","_kad_post_layout":"default","_kad_post_sidebar_id":"","_kad_post_content_style":"default","_kad_post_vertical_padding":"default","_kad_post_feature":"","_kad_post_feature_position":"","_kad_post_header":false,"_kad_post_footer":false,"_kad_post_classname":""},"product_brand":[],"product_cat":[15,17,33,19,34],"product_tag":[576,577,578],"class_list":{"0":"post-2319","1":"product","2":"type-product","3":"status-publish","4":"has-post-thumbnail","6":"product_cat-boxes-by-shapes","7":"product_cat-boxes-by-industries","8":"product_cat-candle-packaging-boxes","9":"product_cat-lid-and-base-boxes","10":"product_cat-perfume-packaging-boxes","11":"product_tag-candle-gift-boxes","12":"product_tag-neck-lid-and-base-gift-boxes","13":"product_tag-scent-aromatherapy-gift-boxes-odm","15":"first","16":"instock","17":"shipping-taxable","18":"product-type-simple","19":"entry","20":"content-bg","21":"loop-entry"},"_links":{"self":[{"href":"https:\/\/chinacustomboxes.com\/pt\/wp-json\/wp\/v2\/product\/2319","targetHints":{"allow":["GET"]}}],"collection":[{"href":"https:\/\/chinacustomboxes.com\/pt\/wp-json\/wp\/v2\/product"}],"about":[{"href":"https:\/\/chinacustomboxes.com\/pt\/wp-json\/wp\/v2\/types\/product"}],"wp:featuredmedia":[{"embeddable":true,"href":"https:\/\/chinacustomboxes.com\/pt\/wp-json\/wp\/v2\/media\/2320"}],"wp:attachment":[{"href":"https:\/\/chinacustomboxes.com\/pt\/wp-json\/wp\/v2\/media?parent=2319"}],"wp:term":[{"taxonomy":"product_brand","embeddable":true,"href":"https:\/\/chinacustomboxes.com\/pt\/wp-json\/wp\/v2\/product_brand?post=2319"},{"taxonomy":"product_cat","embeddable":true,"href":"https:\/\/chinacustomboxes.com\/pt\/wp-json\/wp\/v2\/product_cat?post=2319"},{"taxonomy":"product_tag","embeddable":true,"href":"https:\/\/chinacustomboxes.com\/pt\/wp-json\/wp\/v2\/product_tag?post=2319"}],"curies":[{"name":"wp","href":"https:\/\/api.w.org\/{rel}","templated":true}]}}