{"id":2332,"date":"2025-08-25T02:17:42","date_gmt":"2025-08-25T02:17:42","guid":{"rendered":"https:\/\/chinacustomboxes.com\/?post_type=product&#038;p=2332"},"modified":"2025-08-25T03:13:29","modified_gmt":"2025-08-25T03:13:29","slug":"custom-cannabis-concentrate-containers-packaging-wholesale","status":"publish","type":"product","link":"https:\/\/chinacustomboxes.com\/pt\/custom-cannabis-concentrate-containers-packaging-wholesale\/","title":{"rendered":"Embalagem de recipientes de concentrado de cannabis personalizados por atacado"},"content":{"rendered":"<h2 id=\"personalized-cannabis-concentrate-container-packaging-the-ultimate-blend-of-luxury-defense-and-brand-visual-appeals\">Embalagem personalizada de recipientes de concentrado de can\u00e1bis: A derradeira mistura de luxo, defesa e apelos visuais da marca<\/h2>\n<p>No mercado significativamente competitivo da can\u00e1bis, produtos fenomenais requerem embalagens igualmente fenomenais para mostrar o seu valor e atrair clientes. A nossa <a href=\"https:\/\/chinacustomboxes.com\/pt\/cannabis-packaging\/\">embalagem personalizada de recipientes para concentrado de cannabis<\/a>g, concebida especialmente para marcas de topo de gama, pretende oferecer um servi\u00e7o de embalagem perfeito que integre luxo, prote\u00e7\u00e3o e individualidade da marca atrav\u00e9s de um design inigual\u00e1vel, produtos de primeira qualidade e um artesanato encantador.<\/p>\n<p><img fetchpriority=\"high\" decoding=\"async\" class=\"alignnone wp-image-2337 size-full\" src=\"https:\/\/chinacustomboxes.com\/wp-content\/uploads\/2025\/08\/Custom-Cannabis-Concentrate-Containers-Packaging-Wholesale-11.jpg\" alt=\"Embalagem de recipientes de concentrado de cannabis personalizados por atacado\" width=\"1000\" height=\"1000\" title=\"\" srcset=\"https:\/\/chinacustomboxes.com\/wp-content\/uploads\/2025\/08\/Custom-Cannabis-Concentrate-Containers-Packaging-Wholesale-11.jpg 1000w, https:\/\/chinacustomboxes.com\/wp-content\/uploads\/2025\/08\/Custom-Cannabis-Concentrate-Containers-Packaging-Wholesale-11-300x300.jpg 300w, https:\/\/chinacustomboxes.com\/wp-content\/uploads\/2025\/08\/Custom-Cannabis-Concentrate-Containers-Packaging-Wholesale-11-150x150.jpg 150w, https:\/\/chinacustomboxes.com\/wp-content\/uploads\/2025\/08\/Custom-Cannabis-Concentrate-Containers-Packaging-Wholesale-11-768x768.jpg 768w, https:\/\/chinacustomboxes.com\/wp-content\/uploads\/2025\/08\/Custom-Cannabis-Concentrate-Containers-Packaging-Wholesale-11-12x12.jpg 12w, https:\/\/chinacustomboxes.com\/wp-content\/uploads\/2025\/08\/Custom-Cannabis-Concentrate-Containers-Packaging-Wholesale-11-600x600.jpg 600w, https:\/\/chinacustomboxes.com\/wp-content\/uploads\/2025\/08\/Custom-Cannabis-Concentrate-Containers-Packaging-Wholesale-11-100x100.jpg 100w\" sizes=\"(max-width: 1000px) 100vw, 1000px\" \/><\/p>\n<h2 id=\"1-the-phenomenal-experience-of-magnetic-flip-top-gift-boxes\">1. A experi\u00eancia fenomenal das caixas de oferta com fecho magn\u00e9tico flip-top<\/h2>\n<p>O n\u00facleo desta embalagem assenta no seu estilo inovador de caixas de presente flip-top, adicionalmente designado por <a href=\"https:\/\/chinacustomboxes.com\/pt\/magnetic-closure-boxes\/\">caixas com fecho magn\u00e9tico<\/a>. O seu principal atributo \u00e9 o poderoso dispositivo de fecho magn\u00e9tico incorporado. Este design n\u00e3o s\u00f3 permite uma abertura e um fecho incrivelmente suaves, como tamb\u00e9m produz um som de \"clique\" fascinante, produzindo uma experi\u00eancia luxuosa e cerimonial para o indiv\u00edduo. Em compara\u00e7\u00e3o com as caixas de cart\u00e3o dobr\u00e1veis tradicionais, esta estrutura r\u00edgida e duradoura das caixas proporciona uma prote\u00e7\u00e3o not\u00e1vel, garantindo o transporte seguro e o espa\u00e7o de armazenamento de produtos importantes como os focos.<\/p>\n<h2 id=\"2-strong-stiff-building-and-construction\">2. Edif\u00edcio e constru\u00e7\u00e3o fortes e r\u00edgidos<\/h2>\n<p>Escolhemos o cart\u00e3o inflex\u00edvel de alta qualidade como material principal para o <a href=\"https:\/\/chinacustomboxes.com\/pt\/\">caixas de embalagem<\/a>garantindo a sua resist\u00eancia e durabilidade. Esta estrutura forte n\u00e3o s\u00f3 resiste eficazmente ao stress exterior, proporcionando uma seguran\u00e7a s\u00f3lida para o artigo no seu interior, como tamb\u00e9m melhora substancialmente a imagem de qualidade da marca.<\/p>\n<p><img decoding=\"async\" class=\"alignnone wp-image-2335 size-full\" src=\"https:\/\/chinacustomboxes.com\/wp-content\/uploads\/2025\/08\/Custom-Cannabis-Concentrate-Containers-Packaging-Wholesale-9.jpg\" alt=\"Embalagem de recipientes de concentrado de cannabis personalizados por atacado\" width=\"1000\" height=\"1000\" title=\"\" srcset=\"https:\/\/chinacustomboxes.com\/wp-content\/uploads\/2025\/08\/Custom-Cannabis-Concentrate-Containers-Packaging-Wholesale-9.jpg 1000w, https:\/\/chinacustomboxes.com\/wp-content\/uploads\/2025\/08\/Custom-Cannabis-Concentrate-Containers-Packaging-Wholesale-9-300x300.jpg 300w, https:\/\/chinacustomboxes.com\/wp-content\/uploads\/2025\/08\/Custom-Cannabis-Concentrate-Containers-Packaging-Wholesale-9-150x150.jpg 150w, https:\/\/chinacustomboxes.com\/wp-content\/uploads\/2025\/08\/Custom-Cannabis-Concentrate-Containers-Packaging-Wholesale-9-768x768.jpg 768w, https:\/\/chinacustomboxes.com\/wp-content\/uploads\/2025\/08\/Custom-Cannabis-Concentrate-Containers-Packaging-Wholesale-9-12x12.jpg 12w, https:\/\/chinacustomboxes.com\/wp-content\/uploads\/2025\/08\/Custom-Cannabis-Concentrate-Containers-Packaging-Wholesale-9-600x600.jpg 600w, https:\/\/chinacustomboxes.com\/wp-content\/uploads\/2025\/08\/Custom-Cannabis-Concentrate-Containers-Packaging-Wholesale-9-100x100.jpg 100w\" sizes=\"(max-width: 1000px) 100vw, 1000px\" \/><\/p>\n<h2 id=\"3-dynamic-and-luxurious-area-uv-finish\">3. \u00c1rea din\u00e2mica e luxuosa com acabamento UV<\/h2>\n<p>O padr\u00e3o de folhas ca\u00eddas de can\u00e1bis na capa utiliza uma superf\u00edcie UV de \u00e1rea \u00fanica (revestimento UV pontual). Esta estrat\u00e9gia aplica uma camada transparente de alto brilho \u00e0s \u00e1reas de pormenor, criando um contraste not\u00e1vel com o acabamento mate da capa, desenvolvendo um impacto est\u00e9tico vibrante e tridimensional. Isto n\u00e3o s\u00f3 aumenta substancialmente a sensa\u00e7\u00e3o de luxo da embalagem e o charme da prateleira, como tamb\u00e9m oferece um grau de anti-falsifica\u00e7\u00e3o.<\/p>\n<h2 id=\"4-distinctive-color-style\">4. Estilo de cor distinto<\/h2>\n<p>O design forte e din\u00e2mico em gradiente de arco-\u00edris da capa capta instantaneamente a aten\u00e7\u00e3o dos consumidores. Esta disposi\u00e7\u00e3o est\u00e1 em sintonia com os padr\u00f5es visuais das embalagens modernas de can\u00e1bis, que pretendem romper com estere\u00f3tipos obsoletos e dar as boas-vindas a uma linguagem est\u00e9tica muito mais moderna e elegante. A base da caixa \u00e9 de um azul v\u00edvido e puro, desenvolvendo uma compara\u00e7\u00e3o harmoniosa mas marcante com a capa v\u00edvida.<\/p>\n<p><img decoding=\"async\" class=\"alignnone wp-image-2334 size-full\" src=\"https:\/\/chinacustomboxes.com\/wp-content\/uploads\/2025\/08\/Custom-Cannabis-Concentrate-Containers-Packaging-Wholesale-8.jpg\" alt=\"Embalagem de recipientes de concentrado de cannabis personalizados por atacado\" width=\"1000\" height=\"1000\" title=\"\" srcset=\"https:\/\/chinacustomboxes.com\/wp-content\/uploads\/2025\/08\/Custom-Cannabis-Concentrate-Containers-Packaging-Wholesale-8.jpg 1000w, https:\/\/chinacustomboxes.com\/wp-content\/uploads\/2025\/08\/Custom-Cannabis-Concentrate-Containers-Packaging-Wholesale-8-300x300.jpg 300w, https:\/\/chinacustomboxes.com\/wp-content\/uploads\/2025\/08\/Custom-Cannabis-Concentrate-Containers-Packaging-Wholesale-8-150x150.jpg 150w, https:\/\/chinacustomboxes.com\/wp-content\/uploads\/2025\/08\/Custom-Cannabis-Concentrate-Containers-Packaging-Wholesale-8-768x768.jpg 768w, https:\/\/chinacustomboxes.com\/wp-content\/uploads\/2025\/08\/Custom-Cannabis-Concentrate-Containers-Packaging-Wholesale-8-12x12.jpg 12w, https:\/\/chinacustomboxes.com\/wp-content\/uploads\/2025\/08\/Custom-Cannabis-Concentrate-Containers-Packaging-Wholesale-8-600x600.jpg 600w, https:\/\/chinacustomboxes.com\/wp-content\/uploads\/2025\/08\/Custom-Cannabis-Concentrate-Containers-Packaging-Wholesale-8-100x100.jpg 100w\" sizes=\"(max-width: 1000px) 100vw, 1000px\" \/><\/p>\n<h2 id=\"5-skillfully-hidden-magnets\">5. \u00cdmanes habilmente escondidos<\/h2>\n<p>A carater\u00edstica essencial desta embalagem s\u00e3o os \u00edmanes inteligentemente escondidos na tampa e nas caixas. Esta disposi\u00e7\u00e3o perfeita cria um aspeto arrumado e suave, sem fechos desnecess\u00e1rios. O fecho magn\u00e9tico garante um encaixe espec\u00edfico e seguro, assegurando que o artigo no interior permanece seguro e protegido em todas as condi\u00e7\u00f5es.<\/p>\n<p><img loading=\"lazy\" decoding=\"async\" class=\"alignnone wp-image-2333 size-full\" src=\"https:\/\/chinacustomboxes.com\/wp-content\/uploads\/2025\/08\/Custom-Cannabis-Concentrate-Containers-Packaging-Wholesale-7.jpg\" alt=\"Embalagem de recipientes de concentrado de cannabis personalizados por atacado\" width=\"1000\" height=\"1000\" title=\"\" srcset=\"https:\/\/chinacustomboxes.com\/wp-content\/uploads\/2025\/08\/Custom-Cannabis-Concentrate-Containers-Packaging-Wholesale-7.jpg 1000w, https:\/\/chinacustomboxes.com\/wp-content\/uploads\/2025\/08\/Custom-Cannabis-Concentrate-Containers-Packaging-Wholesale-7-300x300.jpg 300w, https:\/\/chinacustomboxes.com\/wp-content\/uploads\/2025\/08\/Custom-Cannabis-Concentrate-Containers-Packaging-Wholesale-7-150x150.jpg 150w, https:\/\/chinacustomboxes.com\/wp-content\/uploads\/2025\/08\/Custom-Cannabis-Concentrate-Containers-Packaging-Wholesale-7-768x768.jpg 768w, https:\/\/chinacustomboxes.com\/wp-content\/uploads\/2025\/08\/Custom-Cannabis-Concentrate-Containers-Packaging-Wholesale-7-12x12.jpg 12w, https:\/\/chinacustomboxes.com\/wp-content\/uploads\/2025\/08\/Custom-Cannabis-Concentrate-Containers-Packaging-Wholesale-7-600x600.jpg 600w, https:\/\/chinacustomboxes.com\/wp-content\/uploads\/2025\/08\/Custom-Cannabis-Concentrate-Containers-Packaging-Wholesale-7-100x100.jpg 100w\" sizes=\"(max-width: 1000px) 100vw, 1000px\" \/><\/p>\n<h2 id=\"6-custom-made-eva-foam-liner\">6. Forro de espuma EVA feito \u00e0 medida<\/h2>\n<p>O interior da caixa funciona com um forro de espuma EVA personalizado de acordo com a forma do artigo. O EVA (copol\u00edmero de etileno-acetato de vinilo) \u00e9 um material de alta densidade com propriedades residenciais excepcionais de amortecimento e absor\u00e7\u00e3o de choques, proporcionando a melhor defesa do produto. O revestimento \u00e9 especificamente cortado com ranhuras circulares adaptadas ao tamanho do recipiente de concentrado, protegendo o produto com firmeza e impedindo eficazmente a vibra\u00e7\u00e3o e o impacto durante o transporte. O revestimento a preto e branco melhora ainda mais o encanto est\u00e9tico do artigo ao abrir as caixas.<\/p>\n<p><img loading=\"lazy\" decoding=\"async\" class=\"alignnone wp-image-2338 size-full\" src=\"https:\/\/chinacustomboxes.com\/wp-content\/uploads\/2025\/08\/Custom-Cannabis-Concentrate-Containers-Packaging-Wholesale-12.jpg\" alt=\"Embalagem de recipientes de concentrado de cannabis personalizados por atacado\" width=\"1000\" height=\"1000\" title=\"\" srcset=\"https:\/\/chinacustomboxes.com\/wp-content\/uploads\/2025\/08\/Custom-Cannabis-Concentrate-Containers-Packaging-Wholesale-12.jpg 1000w, https:\/\/chinacustomboxes.com\/wp-content\/uploads\/2025\/08\/Custom-Cannabis-Concentrate-Containers-Packaging-Wholesale-12-300x300.jpg 300w, https:\/\/chinacustomboxes.com\/wp-content\/uploads\/2025\/08\/Custom-Cannabis-Concentrate-Containers-Packaging-Wholesale-12-150x150.jpg 150w, https:\/\/chinacustomboxes.com\/wp-content\/uploads\/2025\/08\/Custom-Cannabis-Concentrate-Containers-Packaging-Wholesale-12-768x768.jpg 768w, https:\/\/chinacustomboxes.com\/wp-content\/uploads\/2025\/08\/Custom-Cannabis-Concentrate-Containers-Packaging-Wholesale-12-12x12.jpg 12w, https:\/\/chinacustomboxes.com\/wp-content\/uploads\/2025\/08\/Custom-Cannabis-Concentrate-Containers-Packaging-Wholesale-12-600x600.jpg 600w, https:\/\/chinacustomboxes.com\/wp-content\/uploads\/2025\/08\/Custom-Cannabis-Concentrate-Containers-Packaging-Wholesale-12-100x100.jpg 100w\" sizes=\"(max-width: 1000px) 100vw, 1000px\" \/><\/p>\n<h2 id=\"7-highly-adjustable-and-expert-solution\">7. Solu\u00e7\u00e3o altamente ajust\u00e1vel e especializada<\/h2>\n<p>Compreendemos que cada marca tem o seu pr\u00f3prio car\u00e1cter e exig\u00eancias especiais. Esta embalagem apresenta um elevado grau de personaliza\u00e7\u00e3o. Desde a forma distinta das caixas com fecho magn\u00e9tico flip-top, \u00e0 impress\u00e3o arco-\u00edris personalizada e \u00e0 terapia UV da \u00e1rea, at\u00e9 ao forro celular EVA feito \u00e0 medida, todas as informa\u00e7\u00f5es podem ser personalizadas de acordo com os requisitos da sua marca, garantindo que a embalagem final se alinha perfeitamente com a fotografia da sua marca e os atributos do artigo.<\/p>\n<p>Aproveitando anos de experi\u00eancia no sector, temos um conhecimento profundo das propriedades residenciais dos materiais, das inova\u00e7\u00f5es de processamento e das tend\u00eancias do mercado. Podemos n\u00e3o s\u00f3 concretizar corretamente as suas ideias de disposi\u00e7\u00e3o, como tamb\u00e9m oferecer recomenda\u00e7\u00f5es especializadas para o ajudar a melhorar as op\u00e7\u00f5es de embalagem e evitar poss\u00edveis problemas, garantindo assim a elevada qualidade e a forte concorr\u00eancia no mercado do seu produto final.<\/p>","protected":false},"excerpt":{"rendered":"<p>Esta embalagem premium e personalizada, especialmente concebida para concentrados de can\u00e1bis, apresenta uma estrutura de caixas com fecho magn\u00e9tico para uma abertura suave, irradiando um toque luxuoso e ritualista. A tampa apresenta uma impress\u00e3o gradiente arco-\u00edris e um padr\u00e3o de folhas de can\u00e1bis UV pontual, produzindo um efeito visual impressionante e imediatamente reconhec\u00edvel. O interior \u00e9 forrado com um revestimento celular de espuma EVA especificamente reduzida, proporcionando uma prote\u00e7\u00e3o suprema contra choques para o seu artigo. Completamente personaliz\u00e1vel, desde o design exterior at\u00e9 \u00e0 estrutura interior, \u00e9 uma sele\u00e7\u00e3o ideal para aumentar a imagem da sua marca e garantir a seguran\u00e7a e prote\u00e7\u00e3o do artigo.<\/p>","protected":false},"featured_media":2334,"template":"","meta":{"_kad_post_transparent":"default","_kad_post_title":"","_kad_post_layout":"default","_kad_post_sidebar_id":"","_kad_post_content_style":"default","_kad_post_vertical_padding":"default","_kad_post_feature":"","_kad_post_feature_position":"","_kad_post_header":false,"_kad_post_footer":false,"_kad_post_classname":""},"product_brand":[],"product_cat":[15,17,39,18],"product_tag":[579,580,581],"class_list":{"0":"post-2332","1":"product","2":"type-product","3":"status-publish","4":"has-post-thumbnail","6":"product_cat-boxes-by-shapes","7":"product_cat-boxes-by-industries","8":"product_cat-cannabis-packaging","9":"product_cat-magnetic-closure-boxes","10":"product_tag-cannabis-concentrate-packaging","11":"product_tag-concentrate-containers-packaging","12":"product_tag-custom-concentrate-packaging","14":"first","15":"instock","16":"shipping-taxable","17":"product-type-simple","18":"entry","19":"content-bg","20":"loop-entry"},"_links":{"self":[{"href":"https:\/\/chinacustomboxes.com\/pt\/wp-json\/wp\/v2\/product\/2332","targetHints":{"allow":["GET"]}}],"collection":[{"href":"https:\/\/chinacustomboxes.com\/pt\/wp-json\/wp\/v2\/product"}],"about":[{"href":"https:\/\/chinacustomboxes.com\/pt\/wp-json\/wp\/v2\/types\/product"}],"wp:featuredmedia":[{"embeddable":true,"href":"https:\/\/chinacustomboxes.com\/pt\/wp-json\/wp\/v2\/media\/2334"}],"wp:attachment":[{"href":"https:\/\/chinacustomboxes.com\/pt\/wp-json\/wp\/v2\/media?parent=2332"}],"wp:term":[{"taxonomy":"product_brand","embeddable":true,"href":"https:\/\/chinacustomboxes.com\/pt\/wp-json\/wp\/v2\/product_brand?post=2332"},{"taxonomy":"product_cat","embeddable":true,"href":"https:\/\/chinacustomboxes.com\/pt\/wp-json\/wp\/v2\/product_cat?post=2332"},{"taxonomy":"product_tag","embeddable":true,"href":"https:\/\/chinacustomboxes.com\/pt\/wp-json\/wp\/v2\/product_tag?post=2332"}],"curies":[{"name":"wp","href":"https:\/\/api.w.org\/{rel}","templated":true}]}}