{"id":2339,"date":"2025-08-25T03:15:37","date_gmt":"2025-08-25T03:15:37","guid":{"rendered":"https:\/\/chinacustomboxes.com\/?post_type=product&#038;p=2339"},"modified":"2025-08-25T03:35:48","modified_gmt":"2025-08-25T03:35:48","slug":"3ml-5ml-7ml-concentrate-container-magnetic-packaging-boxes","status":"publish","type":"product","link":"https:\/\/chinacustomboxes.com\/pt\/3ml-5ml-7ml-concentrate-container-magnetic-packaging-boxes\/","title":{"rendered":"Recipiente para concentrado de 3 ml 5 ml 7 ml Caixas de embalagem magn\u00e9tica"},"content":{"rendered":"<h2>Recipientes para concentrados Caixas com fecho magn\u00e9tico Clamshell para 3 ml, 5 ml e 7 ml<\/h2>\n<p>Temos o prazer de apresentar o fecho magn\u00e9tico <a href=\"https:\/\/chinacustomboxes.com\/pt\/clamshell-boxes\/\">caixas tipo clamshell<\/a> especialmente desenvolvidas para recipientes de concentrado de 3 ml, 5 ml e 7 ml. Combinando um design elegante, prote\u00e7\u00e3o premium e atributos amigos do ambiente, estas caixas s\u00e3o a escolha adequada para aumentar o valor do seu produto e a imagem de marca.<\/p>\n<p><img fetchpriority=\"high\" decoding=\"async\" class=\"alignnone wp-image-2344 size-full\" src=\"https:\/\/chinacustomboxes.com\/wp-content\/uploads\/2025\/08\/3ml-5ml-7ml-Concentrate-Container-Magnetic-Packaging-Boxes-5.jpg\" alt=\"Recipiente para concentrado de 3 ml 5 ml 7 ml Caixas de embalagem magn\u00e9tica\" width=\"1000\" height=\"1000\" title=\"\" srcset=\"https:\/\/chinacustomboxes.com\/wp-content\/uploads\/2025\/08\/3ml-5ml-7ml-Concentrate-Container-Magnetic-Packaging-Boxes-5.jpg 1000w, https:\/\/chinacustomboxes.com\/wp-content\/uploads\/2025\/08\/3ml-5ml-7ml-Concentrate-Container-Magnetic-Packaging-Boxes-5-300x300.jpg 300w, https:\/\/chinacustomboxes.com\/wp-content\/uploads\/2025\/08\/3ml-5ml-7ml-Concentrate-Container-Magnetic-Packaging-Boxes-5-150x150.jpg 150w, https:\/\/chinacustomboxes.com\/wp-content\/uploads\/2025\/08\/3ml-5ml-7ml-Concentrate-Container-Magnetic-Packaging-Boxes-5-768x768.jpg 768w, https:\/\/chinacustomboxes.com\/wp-content\/uploads\/2025\/08\/3ml-5ml-7ml-Concentrate-Container-Magnetic-Packaging-Boxes-5-12x12.jpg 12w, https:\/\/chinacustomboxes.com\/wp-content\/uploads\/2025\/08\/3ml-5ml-7ml-Concentrate-Container-Magnetic-Packaging-Boxes-5-600x600.jpg 600w, https:\/\/chinacustomboxes.com\/wp-content\/uploads\/2025\/08\/3ml-5ml-7ml-Concentrate-Container-Magnetic-Packaging-Boxes-5-100x100.jpg 100w\" sizes=\"(max-width: 1000px) 100vw, 1000px\" \/><\/p>\n<h2 id=\"-1-a-blend-of-standard-framework-and-modern-visual-appeals-\"><strong>1. Uma mistura de estrutura padr\u00e3o e apelos visuais modernos\u00a0<\/strong>.<\/h2>\n<p>Estas caixas apresentam as intemporais mas \u00fateis \"Flip-Top Boxes with clamshell <a href=\"https:\/\/chinacustomboxes.com\/pt\/magnetic-closure-boxes\/\">Caixas com fecho magn\u00e9tico<\/a>\". A sua forma quadrada simples e as suas linhas aerodin\u00e2micas criam um aspeto premium e requintado, quer seja apresentado na prateleira ou na m\u00e3o. As tampas superior e inferior n\u00e3o s\u00f3 s\u00e3o muito f\u00e1ceis de abrir, como tamb\u00e9m possuem fortes \u00edmanes integrados que garantem que a tampa se fecha de forma segura e espec\u00edfica, fornecendo uma excelente prote\u00e7\u00e3o para o produto no seu interior.<\/p>\n<p><img decoding=\"async\" class=\"alignnone wp-image-2343 size-full\" src=\"https:\/\/chinacustomboxes.com\/wp-content\/uploads\/2025\/08\/3ml-5ml-7ml-Concentrate-Container-Magnetic-Packaging-Boxes-4.jpg\" alt=\"Recipiente para concentrado de 3 ml 5 ml 7 ml Caixas de embalagem magn\u00e9tica\" width=\"1000\" height=\"1000\" title=\"\" srcset=\"https:\/\/chinacustomboxes.com\/wp-content\/uploads\/2025\/08\/3ml-5ml-7ml-Concentrate-Container-Magnetic-Packaging-Boxes-4.jpg 1000w, https:\/\/chinacustomboxes.com\/wp-content\/uploads\/2025\/08\/3ml-5ml-7ml-Concentrate-Container-Magnetic-Packaging-Boxes-4-300x300.jpg 300w, https:\/\/chinacustomboxes.com\/wp-content\/uploads\/2025\/08\/3ml-5ml-7ml-Concentrate-Container-Magnetic-Packaging-Boxes-4-150x150.jpg 150w, https:\/\/chinacustomboxes.com\/wp-content\/uploads\/2025\/08\/3ml-5ml-7ml-Concentrate-Container-Magnetic-Packaging-Boxes-4-768x768.jpg 768w, https:\/\/chinacustomboxes.com\/wp-content\/uploads\/2025\/08\/3ml-5ml-7ml-Concentrate-Container-Magnetic-Packaging-Boxes-4-12x12.jpg 12w, https:\/\/chinacustomboxes.com\/wp-content\/uploads\/2025\/08\/3ml-5ml-7ml-Concentrate-Container-Magnetic-Packaging-Boxes-4-600x600.jpg 600w, https:\/\/chinacustomboxes.com\/wp-content\/uploads\/2025\/08\/3ml-5ml-7ml-Concentrate-Container-Magnetic-Packaging-Boxes-4-100x100.jpg 100w\" sizes=\"(max-width: 1000px) 100vw, 1000px\" \/><\/p>\n<h2 id=\"-2-eco-friendly-products-in-line-with-green-trends-\"><strong>2. Produtos ecol\u00f3gicos, em linha com as tend\u00eancias ecol\u00f3gicas\u00a0<\/strong>.<\/h2>\n<p>A embalagem \u00e9 em grande parte feita de papel de primeira qualidade, garantindo a sua leveza e durabilidade, impedindo eficazmente a contor\u00e7\u00e3o durante o transporte e o espa\u00e7o de armazenamento, e alinhando-se com as actuais tend\u00eancias de crescimento sustent\u00e1vel. Os produtos de papel que utilizamos s\u00e3o recicl\u00e1veis e naturalmente degrad\u00e1veis, o que os torna adequados para promover uma imagem de marca ecol\u00f3gica.<\/p>\n<p><img decoding=\"async\" class=\"alignnone wp-image-2341 size-full\" src=\"https:\/\/chinacustomboxes.com\/wp-content\/uploads\/2025\/08\/3ml-5ml-7ml-Concentrate-Container-Magnetic-Packaging-Boxes-2.jpg\" alt=\"Recipiente para concentrado de 3 ml 5 ml 7 ml Caixas de embalagem magn\u00e9tica\" width=\"1000\" height=\"1000\" title=\"\" srcset=\"https:\/\/chinacustomboxes.com\/wp-content\/uploads\/2025\/08\/3ml-5ml-7ml-Concentrate-Container-Magnetic-Packaging-Boxes-2.jpg 1000w, https:\/\/chinacustomboxes.com\/wp-content\/uploads\/2025\/08\/3ml-5ml-7ml-Concentrate-Container-Magnetic-Packaging-Boxes-2-300x300.jpg 300w, https:\/\/chinacustomboxes.com\/wp-content\/uploads\/2025\/08\/3ml-5ml-7ml-Concentrate-Container-Magnetic-Packaging-Boxes-2-150x150.jpg 150w, https:\/\/chinacustomboxes.com\/wp-content\/uploads\/2025\/08\/3ml-5ml-7ml-Concentrate-Container-Magnetic-Packaging-Boxes-2-768x768.jpg 768w, https:\/\/chinacustomboxes.com\/wp-content\/uploads\/2025\/08\/3ml-5ml-7ml-Concentrate-Container-Magnetic-Packaging-Boxes-2-12x12.jpg 12w, https:\/\/chinacustomboxes.com\/wp-content\/uploads\/2025\/08\/3ml-5ml-7ml-Concentrate-Container-Magnetic-Packaging-Boxes-2-600x600.jpg 600w, https:\/\/chinacustomboxes.com\/wp-content\/uploads\/2025\/08\/3ml-5ml-7ml-Concentrate-Container-Magnetic-Packaging-Boxes-2-100x100.jpg 100w\" sizes=\"(max-width: 1000px) 100vw, 1000px\" \/><\/p>\n<h2 id=\"-3-craftsmanship-demonstrates-superior-top-quality-\"><strong>3. O artesanato demonstra uma qualidade superior\u00a0<\/strong>.<\/h2>\n<p>A nossa aten\u00e7\u00e3o meticulosa ao pormenor aparece em todos os detalhes. Os cantos da embalagem s\u00e3o cuidadosamente preenchidos, com dobras espec\u00edficas, e os lados s\u00e3o lisos e sem rebarbas, demonstrando o mais alto n\u00edvel de acabamento. Os \u00edmanes est\u00e3o habilmente escondidos na camada interm\u00e9dia de cart\u00e3o, assegurando uma est\u00e9tica perfeita e mantendo um fecho s\u00f3lido. Cada informa\u00e7\u00e3o mostra a dedica\u00e7\u00e3o e a compet\u00eancia do fabricante.<\/p>\n<p><img decoding=\"async\" class=\"alignnone wp-image-2341 size-full\" src=\"https:\/\/chinacustomboxes.com\/wp-content\/uploads\/2025\/08\/3ml-5ml-7ml-Concentrate-Container-Magnetic-Packaging-Boxes-2.jpg\" alt=\"Recipiente para concentrado de 3 ml 5 ml 7 ml Caixas de embalagem magn\u00e9tica\" width=\"1000\" height=\"1000\" title=\"\" srcset=\"https:\/\/chinacustomboxes.com\/wp-content\/uploads\/2025\/08\/3ml-5ml-7ml-Concentrate-Container-Magnetic-Packaging-Boxes-2.jpg 1000w, https:\/\/chinacustomboxes.com\/wp-content\/uploads\/2025\/08\/3ml-5ml-7ml-Concentrate-Container-Magnetic-Packaging-Boxes-2-300x300.jpg 300w, https:\/\/chinacustomboxes.com\/wp-content\/uploads\/2025\/08\/3ml-5ml-7ml-Concentrate-Container-Magnetic-Packaging-Boxes-2-150x150.jpg 150w, https:\/\/chinacustomboxes.com\/wp-content\/uploads\/2025\/08\/3ml-5ml-7ml-Concentrate-Container-Magnetic-Packaging-Boxes-2-768x768.jpg 768w, https:\/\/chinacustomboxes.com\/wp-content\/uploads\/2025\/08\/3ml-5ml-7ml-Concentrate-Container-Magnetic-Packaging-Boxes-2-12x12.jpg 12w, https:\/\/chinacustomboxes.com\/wp-content\/uploads\/2025\/08\/3ml-5ml-7ml-Concentrate-Container-Magnetic-Packaging-Boxes-2-600x600.jpg 600w, https:\/\/chinacustomboxes.com\/wp-content\/uploads\/2025\/08\/3ml-5ml-7ml-Concentrate-Container-Magnetic-Packaging-Boxes-2-100x100.jpg 100w\" sizes=\"(max-width: 1000px) 100vw, 1000px\" \/><\/p>\n<h2 id=\"-4-spectacular-layout-records-the-eye-\"><strong>4. A disposi\u00e7\u00e3o espetacular regista o olhar\u00a0<\/strong>.<\/h2>\n<p>A superf\u00edcie da caixa apresenta um padr\u00e3o geom\u00e9trico marcante de v\u00e1rias cores, desenvolvendo uma tonalidade din\u00e2mica, semelhante a um arco-\u00edris. Um padr\u00e3o de folhas de c\u00e2nhamo, igualmente composto por blocos geom\u00e9tricos, \u00e9 fixado na parte superior da tampa. Isto real\u00e7a de forma inteligente os atributos do produto, ao mesmo tempo que lhe confere uma est\u00e9tica contempor\u00e2nea e criativa, captando imediatamente a aten\u00e7\u00e3o dos clientes e destacando-o da multid\u00e3o.<\/p>\n<h2 id=\"-5-magnetic-closure-enhances-the-unboxing-experience-\"><strong>5. A concha com fecho magn\u00e9tico melhora a experi\u00eancia de desembalagem <\/strong>.<\/h2>\n<p>Entre os principais destaques desta <a href=\"https:\/\/chinacustomboxes.com\/pt\/\">caixas<\/a> \u00e9 o seu fecho magn\u00e9tico em forma de concha incorporado. Ao contr\u00e1rio dos modelos de encaixe ou de press\u00e3o normais, o fecho magn\u00e9tico \u00e9 mais pr\u00e1tico e robusto e produz um som de \"clique\" agrad\u00e1vel, melhorando substancialmente a experi\u00eancia de desembalagem do indiv\u00edduo e real\u00e7ando a qualidade e o valor do produto de uma forma subtil.<\/p>\n<p><img loading=\"lazy\" decoding=\"async\" class=\"alignnone wp-image-2340 size-full\" src=\"https:\/\/chinacustomboxes.com\/wp-content\/uploads\/2025\/08\/3ml-5ml-7ml-Concentrate-Container-Magnetic-Packaging-Boxes-1.jpg\" alt=\"Recipiente para concentrado de 3 ml 5 ml 7 ml Caixas de embalagem magn\u00e9tica\" width=\"1000\" height=\"1000\" title=\"\" srcset=\"https:\/\/chinacustomboxes.com\/wp-content\/uploads\/2025\/08\/3ml-5ml-7ml-Concentrate-Container-Magnetic-Packaging-Boxes-1.jpg 1000w, https:\/\/chinacustomboxes.com\/wp-content\/uploads\/2025\/08\/3ml-5ml-7ml-Concentrate-Container-Magnetic-Packaging-Boxes-1-300x300.jpg 300w, https:\/\/chinacustomboxes.com\/wp-content\/uploads\/2025\/08\/3ml-5ml-7ml-Concentrate-Container-Magnetic-Packaging-Boxes-1-150x150.jpg 150w, https:\/\/chinacustomboxes.com\/wp-content\/uploads\/2025\/08\/3ml-5ml-7ml-Concentrate-Container-Magnetic-Packaging-Boxes-1-768x768.jpg 768w, https:\/\/chinacustomboxes.com\/wp-content\/uploads\/2025\/08\/3ml-5ml-7ml-Concentrate-Container-Magnetic-Packaging-Boxes-1-12x12.jpg 12w, https:\/\/chinacustomboxes.com\/wp-content\/uploads\/2025\/08\/3ml-5ml-7ml-Concentrate-Container-Magnetic-Packaging-Boxes-1-600x600.jpg 600w, https:\/\/chinacustomboxes.com\/wp-content\/uploads\/2025\/08\/3ml-5ml-7ml-Concentrate-Container-Magnetic-Packaging-Boxes-1-100x100.jpg 100w\" sizes=\"(max-width: 1000px) 100vw, 1000px\" \/><\/p>\n<h2 id=\"-6-precision-cellular-lining-for-comprehensive-defense-\"><strong>6. Revestimento celular de precis\u00e3o para uma defesa abrangente\u00a0<\/strong>.<\/h2>\n<p>O interior das caixas apresenta um revestimento celular branco personalizado (normalmente espuma EVA ou material compar\u00e1vel), formado com precis\u00e3o para se adaptar a v\u00e1rios recipientes de concentrado, como 3 ml, 5 ml e 7 ml. As ranhuras esf\u00e9ricas cobrem e fixam perfeitamente o recipiente, evitando que este beba ou colida dentro das caixas, proporcionando um excelente amortecimento e defesa para recipientes fr\u00e1geis de vidro ou cer\u00e2mica.<\/p>\n<h2 id=\"-7-very-adjustable-for-an-one-of-a-kind-brand-identity-\"><strong>7. Muito ajust\u00e1vel para uma identidade de marca \u00fanica\u00a0<\/strong>.<\/h2>\n<p>Reconhecemos a import\u00e2ncia da singularidade da marca e, por isso, esta embalagem oferece um elevado grau de personaliza\u00e7\u00e3o. Quer se trate do tamanho e da forma da embalagem, do material de papel (por exemplo, papel art\u00edstico, papel kraft, papel especial), do processo de impress\u00e3o (por exemplo, estampagem a quente, UV, lamina\u00e7\u00e3o, estampagem) ou do produto de revestimento e da cor, podemos adapt\u00e1-la \u00e0s suas necessidades espec\u00edficas para produzir uma embalagem de produto de qualidade superior distinta.<\/p>","protected":false},"excerpt":{"rendered":"<p>Estas caixas de embalagem magn\u00e9ticas em forma de concha, feitas para recipientes de concentrado de 3 ml, 5 ml e 7 ml, incluem um design cl\u00e1ssico de flip-top com um \u00edman integrado para um fecho seguro. Fabricadas em papel ecol\u00f3gico de primeira qualidade, as caixas s\u00e3o resistentes e duradouras. A superf\u00edcie \u00e9 publicada com um padr\u00e3o geom\u00e9trico din\u00e2mico e v\u00edvido e o log\u00f3tipo do c\u00e2nhamo fallen leave, criando um impacto est\u00e9tico impressionante. O interior \u00e9 forrado com um forro celular de espuma EVA de constru\u00e7\u00e3o exacta para uma excelente seguran\u00e7a dos artigos. Extremamente personalizado, desde o material ao processo de impress\u00e3o, \u00e9 uma \u00f3ptima op\u00e7\u00e3o para melhorar a fotografia da sua marca e atrair clientes.<\/p>","protected":false},"featured_media":2340,"template":"","meta":{"_kad_post_transparent":"default","_kad_post_title":"","_kad_post_layout":"default","_kad_post_sidebar_id":"","_kad_post_content_style":"default","_kad_post_vertical_padding":"default","_kad_post_feature":"","_kad_post_feature_position":"","_kad_post_header":false,"_kad_post_footer":false,"_kad_post_classname":""},"product_brand":[],"product_cat":[15,17,39,27,18],"product_tag":[580,478,581],"class_list":{"0":"post-2339","1":"product","2":"type-product","3":"status-publish","4":"has-post-thumbnail","6":"product_cat-boxes-by-shapes","7":"product_cat-boxes-by-industries","8":"product_cat-cannabis-packaging","9":"product_cat-clamshell-boxes","10":"product_cat-magnetic-closure-boxes","11":"product_tag-concentrate-containers-packaging","12":"product_tag-custom-cannabis-boxes","13":"product_tag-custom-concentrate-packaging","15":"first","16":"instock","17":"shipping-taxable","18":"product-type-simple","19":"entry","20":"content-bg","21":"loop-entry"},"_links":{"self":[{"href":"https:\/\/chinacustomboxes.com\/pt\/wp-json\/wp\/v2\/product\/2339","targetHints":{"allow":["GET"]}}],"collection":[{"href":"https:\/\/chinacustomboxes.com\/pt\/wp-json\/wp\/v2\/product"}],"about":[{"href":"https:\/\/chinacustomboxes.com\/pt\/wp-json\/wp\/v2\/types\/product"}],"wp:featuredmedia":[{"embeddable":true,"href":"https:\/\/chinacustomboxes.com\/pt\/wp-json\/wp\/v2\/media\/2340"}],"wp:attachment":[{"href":"https:\/\/chinacustomboxes.com\/pt\/wp-json\/wp\/v2\/media?parent=2339"}],"wp:term":[{"taxonomy":"product_brand","embeddable":true,"href":"https:\/\/chinacustomboxes.com\/pt\/wp-json\/wp\/v2\/product_brand?post=2339"},{"taxonomy":"product_cat","embeddable":true,"href":"https:\/\/chinacustomboxes.com\/pt\/wp-json\/wp\/v2\/product_cat?post=2339"},{"taxonomy":"product_tag","embeddable":true,"href":"https:\/\/chinacustomboxes.com\/pt\/wp-json\/wp\/v2\/product_tag?post=2339"}],"curies":[{"name":"wp","href":"https:\/\/api.w.org\/{rel}","templated":true}]}}