{"id":2356,"date":"2025-08-26T01:35:19","date_gmt":"2025-08-26T01:35:19","guid":{"rendered":"https:\/\/chinacustomboxes.com\/?post_type=product&#038;p=2356"},"modified":"2025-08-26T02:22:48","modified_gmt":"2025-08-26T02:22:48","slug":"concentrate-shatter-extract-wax-packaging-boxes-printing-oem","status":"publish","type":"product","link":"https:\/\/chinacustomboxes.com\/pt\/concentrate-shatter-extract-wax-packaging-boxes-printing-oem\/","title":{"rendered":"Caixas de embalagem de cera de extrato de estilha\u00e7os de concentrado Impress\u00e3o OEM"},"content":{"rendered":"<h2 id=\"-concentrate-shatter-extract-wax-packaging-boxes-printing-oem-\"><strong>Caixas de embalagem de cera de extrato de estilha\u00e7os de concentrado Impress\u00e3o OEM\u00a0<\/strong><\/h2>\n<h2 id=\"-1-layout-and-experience-the-amazing-beauty-of-a-high-end-magnetic-flip-lid-box-book-shaped-box-\"><strong>1. Layout e experi\u00eancia: A beleza surpreendente de uma caixa de fecho magn\u00e9tico de alta qualidade\u00a0<\/strong><\/h2>\n<p>Estas caixas de embalagem incluem uma inovadora e sofisticada <a href=\"https:\/\/chinacustomboxes.com\/pt\/magnetic-closure-boxes\/\"><strong>Caixas com fecho magn\u00e9tico <\/strong><\/a>disposi\u00e7\u00e3o. O seu aspeto assemelha-se a uma publica\u00e7\u00e3o de capa dura cuidadosamente trabalhada, e a tampa abre e fecha suave e confortavelmente atrav\u00e9s de \u00edmanes engenhosamente integrados. Cada abertura cria uma experi\u00eancia \u00fanica e cerimonial de desembalagem para o indiv\u00edduo. A sua estrutura robusta proporciona uma prote\u00e7\u00e3o extraordin\u00e1ria para o artigo no interior, tornando-o especificamente adequado para artigos de elevado valor ou fr\u00e1geis, como concentrado de cannabis, estilha\u00e7os, extrato e cera. Esta disposi\u00e7\u00e3o n\u00e3o s\u00f3 combina funcionalidade e seguran\u00e7a, como tamb\u00e9m aumenta substancialmente a sensa\u00e7\u00e3o geral dos custos do produto e a imagem de marca especializada.<\/p>\n<p><img fetchpriority=\"high\" decoding=\"async\" class=\"alignnone wp-image-2363 size-full\" src=\"https:\/\/chinacustomboxes.com\/wp-content\/uploads\/2025\/08\/Concentrate-Shatter-Extract-Wax-Packaging-Boxes-Printing-OEM-7.jpg\" alt=\"Caixas de embalagem de cera de extrato de estilha\u00e7os de concentrado Impress\u00e3o OEM\" width=\"1000\" height=\"1000\" title=\"\" srcset=\"https:\/\/chinacustomboxes.com\/wp-content\/uploads\/2025\/08\/Concentrate-Shatter-Extract-Wax-Packaging-Boxes-Printing-OEM-7.jpg 1000w, https:\/\/chinacustomboxes.com\/wp-content\/uploads\/2025\/08\/Concentrate-Shatter-Extract-Wax-Packaging-Boxes-Printing-OEM-7-300x300.jpg 300w, https:\/\/chinacustomboxes.com\/wp-content\/uploads\/2025\/08\/Concentrate-Shatter-Extract-Wax-Packaging-Boxes-Printing-OEM-7-150x150.jpg 150w, https:\/\/chinacustomboxes.com\/wp-content\/uploads\/2025\/08\/Concentrate-Shatter-Extract-Wax-Packaging-Boxes-Printing-OEM-7-768x768.jpg 768w, https:\/\/chinacustomboxes.com\/wp-content\/uploads\/2025\/08\/Concentrate-Shatter-Extract-Wax-Packaging-Boxes-Printing-OEM-7-12x12.jpg 12w, https:\/\/chinacustomboxes.com\/wp-content\/uploads\/2025\/08\/Concentrate-Shatter-Extract-Wax-Packaging-Boxes-Printing-OEM-7-600x600.jpg 600w, https:\/\/chinacustomboxes.com\/wp-content\/uploads\/2025\/08\/Concentrate-Shatter-Extract-Wax-Packaging-Boxes-Printing-OEM-7-100x100.jpg 100w\" sizes=\"(max-width: 1000px) 100vw, 1000px\" \/><\/p>\n<h2 id=\"-2-core-material-a-sturdy-and-eco-friendly-cardboard-composite-structure-\"><strong>2. Material do n\u00facleo: Uma estrutura composta de cart\u00e3o resistente e ecol\u00f3gica<\/strong><\/h2>\n<p>O quadro central do <a href=\"https:\/\/chinacustomboxes.com\/pt\/\">caixas de embalagem<\/a> \u00e9 maioritariamente feito de materiais de primeira qualidade <strong>papel r\u00edgido <\/strong>com uma camada externa de papel excecionalmente revestido. Esta estrutura de material composto n\u00e3o \u00e9 apenas forte e robusta, mas tamb\u00e9m fornece uma excelente resist\u00eancia \u00e0 compress\u00e3o e \u00e0 contor\u00e7\u00e3o, protegendo eficazmente o artigo no seu interior contra esmagamento e danos durante o transporte e armazenamento nas instala\u00e7\u00f5es. Al\u00e9m disso, a nossa escolha de produtos de papel tem em conta factores ecol\u00f3gicos, alinhando-se com as actuais tend\u00eancias globais dos consumidores no sentido de um crescimento duradouro e dando ao seu artigo um melhor sentimento de obriga\u00e7\u00e3o social.<\/p>\n<p><img decoding=\"async\" class=\"alignnone wp-image-2362 size-full\" src=\"https:\/\/chinacustomboxes.com\/wp-content\/uploads\/2025\/08\/Concentrate-Shatter-Extract-Wax-Packaging-Boxes-Printing-OEM-6.jpg\" alt=\"Caixas de embalagem de cera de extrato de estilha\u00e7os de concentrado Impress\u00e3o OEM\" width=\"1000\" height=\"1000\" title=\"\" srcset=\"https:\/\/chinacustomboxes.com\/wp-content\/uploads\/2025\/08\/Concentrate-Shatter-Extract-Wax-Packaging-Boxes-Printing-OEM-6.jpg 1000w, https:\/\/chinacustomboxes.com\/wp-content\/uploads\/2025\/08\/Concentrate-Shatter-Extract-Wax-Packaging-Boxes-Printing-OEM-6-300x300.jpg 300w, https:\/\/chinacustomboxes.com\/wp-content\/uploads\/2025\/08\/Concentrate-Shatter-Extract-Wax-Packaging-Boxes-Printing-OEM-6-150x150.jpg 150w, https:\/\/chinacustomboxes.com\/wp-content\/uploads\/2025\/08\/Concentrate-Shatter-Extract-Wax-Packaging-Boxes-Printing-OEM-6-768x768.jpg 768w, https:\/\/chinacustomboxes.com\/wp-content\/uploads\/2025\/08\/Concentrate-Shatter-Extract-Wax-Packaging-Boxes-Printing-OEM-6-12x12.jpg 12w, https:\/\/chinacustomboxes.com\/wp-content\/uploads\/2025\/08\/Concentrate-Shatter-Extract-Wax-Packaging-Boxes-Printing-OEM-6-600x600.jpg 600w, https:\/\/chinacustomboxes.com\/wp-content\/uploads\/2025\/08\/Concentrate-Shatter-Extract-Wax-Packaging-Boxes-Printing-OEM-6-100x100.jpg 100w\" sizes=\"(max-width: 1000px) 100vw, 1000px\" \/><\/p>\n<h2 id=\"-3-printing-modern-technology-exquisite-craftsmanship-for-superior-visual-and-tactile-experience-\"><strong>3. Tecnologia moderna de impress\u00e3o: Artesanato requintado para uma experi\u00eancia visual e t\u00e1til superior<\/strong><\/h2>\n<p>Utilizamos uma tecnologia de impress\u00e3o sofisticada para garantir tonalidades abundantes e vivas e pormenores visuais n\u00edtidos e claros na superf\u00edcie da embalagem. Para real\u00e7ar o log\u00f3tipo da sua marca e os aspectos \u00fanicos do layout, utilizamos uma sele\u00e7\u00e3o de procedimentos de acabamento, tais como\u00a0<strong>UV pontual <\/strong>e\u00a0<strong>Lamina\u00e7\u00e3o mate\u00a0<\/strong>. O UV de \u00e1rea produz um resultado vibrante e de alto brilho em determinadas \u00e1reas, criando uma pe\u00e7a central visual, enquanto a lamina\u00e7\u00e3o mate confere uma qualidade mate e excecional \u00e0 embalagem. Esta combina\u00e7\u00e3o engenhosa de processos n\u00e3o s\u00f3 garante um aspeto muito apelativo na prateleira, como tamb\u00e9m proporciona aos consumidores uma experi\u00eancia t\u00e1til not\u00e1vel, aumentando o valor total do produto.<\/p>\n<p><img decoding=\"async\" class=\"alignnone wp-image-2361 size-full\" src=\"https:\/\/chinacustomboxes.com\/wp-content\/uploads\/2025\/08\/Concentrate-Shatter-Extract-Wax-Packaging-Boxes-Printing-OEM-5.jpg\" alt=\"Caixas de embalagem de cera de extrato de estilha\u00e7os de concentrado Impress\u00e3o OEM\" width=\"1000\" height=\"1000\" title=\"\" srcset=\"https:\/\/chinacustomboxes.com\/wp-content\/uploads\/2025\/08\/Concentrate-Shatter-Extract-Wax-Packaging-Boxes-Printing-OEM-5.jpg 1000w, https:\/\/chinacustomboxes.com\/wp-content\/uploads\/2025\/08\/Concentrate-Shatter-Extract-Wax-Packaging-Boxes-Printing-OEM-5-300x300.jpg 300w, https:\/\/chinacustomboxes.com\/wp-content\/uploads\/2025\/08\/Concentrate-Shatter-Extract-Wax-Packaging-Boxes-Printing-OEM-5-150x150.jpg 150w, https:\/\/chinacustomboxes.com\/wp-content\/uploads\/2025\/08\/Concentrate-Shatter-Extract-Wax-Packaging-Boxes-Printing-OEM-5-768x768.jpg 768w, https:\/\/chinacustomboxes.com\/wp-content\/uploads\/2025\/08\/Concentrate-Shatter-Extract-Wax-Packaging-Boxes-Printing-OEM-5-12x12.jpg 12w, https:\/\/chinacustomboxes.com\/wp-content\/uploads\/2025\/08\/Concentrate-Shatter-Extract-Wax-Packaging-Boxes-Printing-OEM-5-600x600.jpg 600w, https:\/\/chinacustomboxes.com\/wp-content\/uploads\/2025\/08\/Concentrate-Shatter-Extract-Wax-Packaging-Boxes-Printing-OEM-5-100x100.jpg 100w\" sizes=\"(max-width: 1000px) 100vw, 1000px\" \/><\/p>\n<h2 id=\"-4-aesthetic-layout-a-perfect-blend-of-vibrant-shade-comparison-and-instinctive-graphics-\"><strong>4. Disposi\u00e7\u00e3o est\u00e9tica: Uma mistura perfeita de compara\u00e7\u00e3o de tons vibrantes e gr\u00e1ficos instintivos<\/strong><\/h2>\n<p>No que respeita \u00e0 disposi\u00e7\u00e3o visual, estas caixas de embalagem utilizam um design de cores vibrante e din\u00e2mico. O laranja vivo contrasta com o castanho escuro calmo, desenvolvendo uma compara\u00e7\u00e3o est\u00e9tica s\u00f3lida que capta imediatamente a aten\u00e7\u00e3o do consumidor. A sec\u00e7\u00e3o laranja das caixas \u00e9 pontuada por um padr\u00e3o de lim\u00e3o vivo. Esta disposi\u00e7\u00e3o n\u00e3o s\u00f3 \u00e9 visualmente agrad\u00e1vel, como tamb\u00e9m partilha intuitivamente o gosto e as carater\u00edsticas do artigo, conseguindo uma comunica\u00e7\u00e3o est\u00e9tica fi\u00e1vel.<\/p>\n<h2 id=\"-5-key-accessory-the-resourceful-and-made-use-of-concealed-magnets-\"><strong>5. Acess\u00f3rio de chave: A utiliza\u00e7\u00e3o engenhosa e eficaz de \u00edmanes ocultos<\/strong><\/h2>\n<p>A \u00eanfase desta<a href=\"https:\/\/chinacustomboxes.com\/pt\/boxes-by-shapes\/\"> conce\u00e7\u00e3o de caixas de embalagem<\/a> \u00e9 o seu sistema de fecho magn\u00e9tico oculto. A brilhante utiliza\u00e7\u00e3o de \u00edmanes garante um fecho protegido sem a necessidade de um cadeado tradicional, preservando na perfei\u00e7\u00e3o a simplicidade do layout e a est\u00e9tica geral. Este estilo \u00fatil e esteticamente agrad\u00e1vel n\u00e3o s\u00f3 melhora a experi\u00eancia do utilizador, como tamb\u00e9m se alinha com a moda das embalagens premium contempor\u00e2neas que enfatizam a simplicidade e o requinte.<\/p>\n<p><img loading=\"lazy\" decoding=\"async\" class=\"alignnone wp-image-2359 size-full\" src=\"https:\/\/chinacustomboxes.com\/wp-content\/uploads\/2025\/08\/Concentrate-Shatter-Extract-Wax-Packaging-Boxes-Printing-OEM-3.jpg\" alt=\"Caixas de embalagem de cera de extrato de estilha\u00e7os de concentrado Impress\u00e3o OEM\" width=\"1000\" height=\"1000\" title=\"\" srcset=\"https:\/\/chinacustomboxes.com\/wp-content\/uploads\/2025\/08\/Concentrate-Shatter-Extract-Wax-Packaging-Boxes-Printing-OEM-3.jpg 1000w, https:\/\/chinacustomboxes.com\/wp-content\/uploads\/2025\/08\/Concentrate-Shatter-Extract-Wax-Packaging-Boxes-Printing-OEM-3-300x300.jpg 300w, https:\/\/chinacustomboxes.com\/wp-content\/uploads\/2025\/08\/Concentrate-Shatter-Extract-Wax-Packaging-Boxes-Printing-OEM-3-150x150.jpg 150w, https:\/\/chinacustomboxes.com\/wp-content\/uploads\/2025\/08\/Concentrate-Shatter-Extract-Wax-Packaging-Boxes-Printing-OEM-3-768x768.jpg 768w, https:\/\/chinacustomboxes.com\/wp-content\/uploads\/2025\/08\/Concentrate-Shatter-Extract-Wax-Packaging-Boxes-Printing-OEM-3-12x12.jpg 12w, https:\/\/chinacustomboxes.com\/wp-content\/uploads\/2025\/08\/Concentrate-Shatter-Extract-Wax-Packaging-Boxes-Printing-OEM-3-600x600.jpg 600w, https:\/\/chinacustomboxes.com\/wp-content\/uploads\/2025\/08\/Concentrate-Shatter-Extract-Wax-Packaging-Boxes-Printing-OEM-3-100x100.jpg 100w\" sizes=\"(max-width: 1000px) 100vw, 1000px\" \/><\/p>\n<h2 id=\"-6-interior-defense-customized-eva-foam-lining-\"><strong>6. Defesa interior: Forro de espuma EVA personalizado<\/strong><\/h2>\n<p>Para garantir que o produto no interior (por exemplo, uma lata de concentrado) est\u00e1 firmemente posicionado e perfeitamente protegido dentro da embalagem, dispomos de uma\u00a0<strong>Forro de espuma EVA\u00a0<\/strong>adaptada \u00e0s dimens\u00f5es e \u00e0 forma do produto. A espuma EVA n\u00e3o s\u00f3 proporciona uma sensa\u00e7\u00e3o de qualidade superior, como tamb\u00e9m proporciona uma absor\u00e7\u00e3o de choques e um acolchoamento excepcionais. O revestimento ideal impede que o produto trema ou se choque dentro da embalagem, reduzindo significativamente os danos durante o transporte. Al\u00e9m disso, o forro bem definido aumenta de forma perfeita o ecr\u00e3 de apresenta\u00e7\u00e3o do produto ao desembalar, produzindo uma impress\u00e3o especializada e memor\u00e1vel.<\/p>\n<p><img loading=\"lazy\" decoding=\"async\" class=\"alignnone wp-image-2357 size-full\" src=\"https:\/\/chinacustomboxes.com\/wp-content\/uploads\/2025\/08\/Concentrate-Shatter-Extract-Wax-Packaging-Boxes-Printing-OEM-1.jpg\" alt=\"Caixas de embalagem de cera de extrato de estilha\u00e7os de concentrado Impress\u00e3o OEM\" width=\"1000\" height=\"1000\" title=\"\" srcset=\"https:\/\/chinacustomboxes.com\/wp-content\/uploads\/2025\/08\/Concentrate-Shatter-Extract-Wax-Packaging-Boxes-Printing-OEM-1.jpg 1000w, https:\/\/chinacustomboxes.com\/wp-content\/uploads\/2025\/08\/Concentrate-Shatter-Extract-Wax-Packaging-Boxes-Printing-OEM-1-300x300.jpg 300w, https:\/\/chinacustomboxes.com\/wp-content\/uploads\/2025\/08\/Concentrate-Shatter-Extract-Wax-Packaging-Boxes-Printing-OEM-1-150x150.jpg 150w, https:\/\/chinacustomboxes.com\/wp-content\/uploads\/2025\/08\/Concentrate-Shatter-Extract-Wax-Packaging-Boxes-Printing-OEM-1-768x768.jpg 768w, https:\/\/chinacustomboxes.com\/wp-content\/uploads\/2025\/08\/Concentrate-Shatter-Extract-Wax-Packaging-Boxes-Printing-OEM-1-12x12.jpg 12w, https:\/\/chinacustomboxes.com\/wp-content\/uploads\/2025\/08\/Concentrate-Shatter-Extract-Wax-Packaging-Boxes-Printing-OEM-1-600x600.jpg 600w, https:\/\/chinacustomboxes.com\/wp-content\/uploads\/2025\/08\/Concentrate-Shatter-Extract-Wax-Packaging-Boxes-Printing-OEM-1-100x100.jpg 100w\" sizes=\"(max-width: 1000px) 100vw, 1000px\" \/><\/p>\n<h2 id=\"-7-customization-flexible-and-versatile-oem-solutions-\"><strong>7. Personaliza\u00e7\u00e3o: Solu\u00e7\u00f5es OEM flex\u00edveis e vers\u00e1teis<\/strong><\/h2>\n<p>Como um produto OEM (Original Equipment Maker), estas caixas suportam uma personaliza\u00e7\u00e3o pormenorizada. Os clientes podem escolher e personalizar facilmente a forma da embalagem, o tamanho, o produto, a impress\u00e3o e o tratamento da \u00e1rea de superf\u00edcie para se adequarem ao posicionamento exclusivo da sua marca e a determinados requisitos do artigo. Este elevado n\u00edvel de adaptabilidade e modifica\u00e7\u00e3o garante que a embalagem final melhora completamente a imagem da sua marca e os atributos do produto, ajudando-o a estabelecer um reconhecimento especial da marca e a concorr\u00eancia num mercado competitivo.<\/p>","protected":false},"excerpt":{"rendered":"<p>Experimente uma embalagem personalizada para Cera de Extrato de Estilha\u00e7o Concentrado que integra um estilo elegante com uma prote\u00e7\u00e3o not\u00e1vel. Utilizamos uma embalagem de\u00a0<strong>caixas com fecho magn\u00e9tico <\/strong>com um poderoso \u00edman integrado, criando uma sensa\u00e7\u00e3o \u00fanica e aut\u00eantica ao abrir e fechar. O texto das caixas \u00e9 constru\u00eddo a partir de <b>papel r\u00edgido<\/b>A impress\u00e3o \u00e9 feita em papel de alta qualidade, sobreposta com papel em camadas e cuidadosamente publicada atrav\u00e9s de v\u00e1rios m\u00e9todos, incluindo Spot UV e lamina\u00e7\u00e3o mate, para um aspeto rico e de alta qualidade. A compara\u00e7\u00e3o vibrante entre o laranja vivo e o acastanhado escuro calmante desenvolve uma influ\u00eancia est\u00e9tica marcante. Um modelo personalizado\u00a0<strong>Forro em espuma EVA\u00a0<\/strong>fornece uma defesa \u00e0 prova de choque para os seus produtos de elevado valor, tais como focos, extractos de tabaco e ceras. Enquanto fabricante OEM especializado, oferecemos uma personaliza\u00e7\u00e3o detalhada, desde o tamanho e o produto at\u00e9 ao design de impress\u00e3o, para o ajudar a desenvolver embalagens que complementem na perfei\u00e7\u00e3o a imagem da sua marca e garantam uma vantagem no mercado.<\/p>","protected":false},"featured_media":2357,"template":"","meta":{"_kad_post_transparent":"default","_kad_post_title":"","_kad_post_layout":"default","_kad_post_sidebar_id":"","_kad_post_content_style":"default","_kad_post_vertical_padding":"default","_kad_post_feature":"","_kad_post_feature_position":"","_kad_post_header":false,"_kad_post_footer":false,"_kad_post_classname":""},"product_brand":[],"product_cat":[15,17,39,18],"product_tag":[475,583,582],"class_list":{"0":"post-2356","1":"product","2":"type-product","3":"status-publish","4":"has-post-thumbnail","6":"product_cat-boxes-by-shapes","7":"product_cat-boxes-by-industries","8":"product_cat-cannabis-packaging","9":"product_cat-magnetic-closure-boxes","10":"product_tag-concentrate-packaging","11":"product_tag-packaging-boxes-printing-oem","12":"product_tag-shatter-extract-packaging","14":"first","15":"instock","16":"shipping-taxable","17":"product-type-simple","18":"entry","19":"content-bg","20":"loop-entry"},"_links":{"self":[{"href":"https:\/\/chinacustomboxes.com\/pt\/wp-json\/wp\/v2\/product\/2356","targetHints":{"allow":["GET"]}}],"collection":[{"href":"https:\/\/chinacustomboxes.com\/pt\/wp-json\/wp\/v2\/product"}],"about":[{"href":"https:\/\/chinacustomboxes.com\/pt\/wp-json\/wp\/v2\/types\/product"}],"wp:featuredmedia":[{"embeddable":true,"href":"https:\/\/chinacustomboxes.com\/pt\/wp-json\/wp\/v2\/media\/2357"}],"wp:attachment":[{"href":"https:\/\/chinacustomboxes.com\/pt\/wp-json\/wp\/v2\/media?parent=2356"}],"wp:term":[{"taxonomy":"product_brand","embeddable":true,"href":"https:\/\/chinacustomboxes.com\/pt\/wp-json\/wp\/v2\/product_brand?post=2356"},{"taxonomy":"product_cat","embeddable":true,"href":"https:\/\/chinacustomboxes.com\/pt\/wp-json\/wp\/v2\/product_cat?post=2356"},{"taxonomy":"product_tag","embeddable":true,"href":"https:\/\/chinacustomboxes.com\/pt\/wp-json\/wp\/v2\/product_tag?post=2356"}],"curies":[{"name":"wp","href":"https:\/\/api.w.org\/{rel}","templated":true}]}}