{"id":236,"date":"2025-04-10T12:21:10","date_gmt":"2025-04-10T12:21:10","guid":{"rendered":"https:\/\/chinacustomboxes.com\/?post_type=product&#038;p=236"},"modified":"2025-04-29T12:44:45","modified_gmt":"2025-04-29T12:44:45","slug":"custom-wine-spirit-liquor-paper-tube-packaging-box-wholesale","status":"publish","type":"product","link":"https:\/\/chinacustomboxes.com\/pt\/custom-wine-spirit-liquor-paper-tube-packaging-box-wholesale\/","title":{"rendered":"Caixa de embalagem de tubo de papel para licor de vinho personalizada por atacado"},"content":{"rendered":"<h2 id=\"-customized-red-and-gold-curled-cylinder-packaging-box-for-wine-and-spirits-\"><strong>Caixa de embalagem cil\u00edndrica enrolada vermelha e dourada personalizada para vinho e bebidas espirituosas<\/strong><\/h2>\n<h2 id=\"-core-product-design-\"><strong>Conce\u00e7\u00e3o do produto principal<\/strong><\/h2>\n<ol>\n<li><strong>Material e estrutura<\/strong><\/li>\n<li><strong>Material de superf\u00edcie de papel revestido amigo do ambiente<\/strong>: Papel revestido selecionado com uma gramagem superior a 200g\/m\u00b2 como material de superf\u00edcie, a superf\u00edcie \u00e9 lisa e delicada, com excelente aptid\u00e3o para impress\u00e3o, e pode apresentar com precis\u00e3o os detalhes do processo, como estampagem a quente e impress\u00e3o a cores. O corpo do cilindro adopta um processo de ondula\u00e7\u00e3o em espiral e a rigidez \u00e9 refor\u00e7ada por um processo de montagem em v\u00e1rias camadas para garantir que a <a href=\"https:\/\/chinacustomboxes.com\/pt\/custom-round-candle-cylinder-paper-tube-packaging-wholesale\/\">caixa de cilindros<\/a> n\u00e3o se deforma ao suportar o peso (uma \u00fanica garrafa de vinho tinto\/esp\u00edrito), tendo em conta a prote\u00e7\u00e3o do ambiente e a durabilidade.<\/li>\n<li><strong>Cilindro enrolado Tipo de caixa<\/strong>: Design cil\u00edndrico da estrutura do tubo de papel, linhas suaves sem arestas e cantos, abertura e fecho c\u00f3modo para cima e para baixo, e boa veda\u00e7\u00e3o. O di\u00e2metro e a altura do corpo do cilindro podem ser personalizados para satisfazer as necessidades das garrafas de vinho normais de 750 ml e das garrafas de formato especial.<\/li>\n<li><strong>Tecnologia de decora\u00e7\u00e3o e design visual<\/strong><\/li>\n<li><strong>Tecnologia de estampagem a quente<\/strong>: Utilizando a tecnologia local de estampagem a quente UV, as linhas radiais ou os padr\u00f5es de videira s\u00e3o desenhados no corpo principal do barril, combinados com o log\u00f3tipo da marca ou padr\u00f5es auspiciosos, transmitindo uma atmosfera festiva e luxuosa, adequada para presentes de Natal, banquetes de casamento e outras cenas.<\/li>\n<li><strong>Combina\u00e7\u00e3o cl\u00e1ssica de cores vermelho e dourado<\/strong>: A cor principal \u00e9 o vermelho chin\u00eas altamente saturado, combinado com elementos de estampagem a quente, e o impacto visual \u00e9 refor\u00e7ado pelo contraste de cores, real\u00e7ando a textura de alta qualidade e a conota\u00e7\u00e3o cultural do produto.<\/li>\n<li><strong>Estrutura de prote\u00e7\u00e3o interna<\/strong><\/li>\n<li><strong>Forro da moldura dourado<\/strong>: Estrutura tamp\u00e3o em EVA dourado com 0,5 mm de espessura, bem ajustada ao corpo da garrafa para evitar riscos durante o transporte; a superf\u00edcie da estrutura \u00e9 coberta com pel\u00edcula mate, que real\u00e7a a textura da garrafa de vinho de uma forma discreta. Suporta a atualiza\u00e7\u00e3o para revestimento de flocagem ou estrutura de parti\u00e7\u00e3o personalizada para satisfazer as necessidades de combina\u00e7\u00e3o de v\u00e1rias garrafas <a href=\"https:\/\/chinacustomboxes.com\/pt\/fabrication-cannabis-cbd-oil-packaging-custom-folding-carton\/\">embalagem<\/a>.<\/li>\n<\/ol>\n<h2 id=\"-advantages-of-customized-services-\"><strong>Vantagens dos servi\u00e7os personalizados<\/strong><\/h2>\n<ol>\n<li><strong>Op\u00e7\u00f5es de personaliza\u00e7\u00e3o flex\u00edveis<\/strong><\/li>\n<li><strong>Padr\u00e3o e tamanho<\/strong>: Suporta impress\u00e3o a cores, estampagem a quente parcial, grava\u00e7\u00e3o em relevo e outros processos, que podem ser integrados na marca VI, temas festivos ou ilustra\u00e7\u00f5es art\u00edsticas; os erros de altura e di\u00e2metro do tambor s\u00e3o controlados dentro de \u00b10,5 mm, correspondendo exatamente \u00e0s necessidades do cliente.<\/li>\n<li><strong>Atualiza\u00e7\u00e3o do material<\/strong>: Opcionalmente, pode ser utilizado cart\u00e3o dourado e prateado, papel especial (como imita\u00e7\u00e3o de couro, pel\u00edcula t\u00e1til) para melhorar a textura ou revestimento \u00e0 prova de \u00e1gua para aumentar o car\u00e1cter pr\u00e1tico.<\/li>\n<li><strong>Garantia de produ\u00e7\u00e3o e de entrega<\/strong><\/li>\n<li><strong>Capacidade de produ\u00e7\u00e3o eficiente<\/strong>: Equipada com uma m\u00e1quina de forma\u00e7\u00e3o de rolos totalmente autom\u00e1tica e uma linha de produ\u00e7\u00e3o de estampagem a quente, a capacidade de produ\u00e7\u00e3o di\u00e1ria atinge mais de 10 000 000 PCS, suporta uma encomenda m\u00ednima de 500 PCS e o ciclo de entrega de grandes encomendas \u00e9 encurtado para 7-10 dias \u00fateis.<\/li>\n<li><strong>Servi\u00e7o de balc\u00e3o \u00fanico<\/strong>: Desde a conce\u00e7\u00e3o de modelos 3D, confirma\u00e7\u00e3o de provas at\u00e9 \u00e0 produ\u00e7\u00e3o em massa, acompanhamento ao longo do processo, fornecimento de livros de amostras de materiais, testes de processos e solu\u00e7\u00f5es de embalagem log\u00edstica para garantir a qualidade e a pontualidade.<\/li>\n<\/ol>\n<h2 id=\"-application-scenarios-and-competitiveness-\"><strong>Cen\u00e1rios de aplica\u00e7\u00e3o e competitividade<\/strong><\/h2>\n<ul>\n<li><strong>Adapta\u00e7\u00e3o do cen\u00e1rio<\/strong>: Aplic\u00e1vel a <a href=\"https:\/\/chinacustomboxes.com\/pt\/personalized-perfume-bottle-paper-box-packaging-wholesale\/\">embalagens para presentes<\/a> como o vinho tinto, as bebidas espirituosas, o ch\u00e1 de alta qualidade, as fragr\u00e2ncias, etc., tendo em conta m\u00faltiplos cen\u00e1rios, como a exposi\u00e7\u00e3o em supermercados, o transporte por com\u00e9rcio eletr\u00f3nico, os eventos rel\u00e2mpago da marca, etc.<\/li>\n<li><strong>Certifica\u00e7\u00e3o ambiental<\/strong>: O material principal foi aprovado na certifica\u00e7\u00e3o florestal FSC, cumpre as normas de prote\u00e7\u00e3o ambiental REACH da UE para exporta\u00e7\u00e3o e apoia o fornecimento transfronteiri\u00e7o.<\/li>\n<\/ul>","protected":false},"excerpt":{"rendered":"<p>Esta caixa \u00e9 uma caixa de tubo de papel enrolado com linhas suaves, f\u00e1cil de abrir e fechar, tecnologia de folha de estampagem a quente dourada e decora\u00e7\u00e3o de linha radial, que \u00e9 adequada para festivais ou cenas de presentes.<\/p>","protected":false},"featured_media":240,"template":"","meta":{"_kad_post_transparent":"default","_kad_post_title":"","_kad_post_layout":"default","_kad_post_sidebar_id":"","_kad_post_content_style":"default","_kad_post_vertical_padding":"default","_kad_post_feature":"","_kad_post_feature_position":"","_kad_post_header":false,"_kad_post_footer":false,"_kad_post_classname":""},"product_brand":[],"product_cat":[15,17,21,32],"product_tag":[67,66,65],"class_list":{"0":"post-236","1":"product","2":"type-product","3":"status-publish","4":"has-post-thumbnail","6":"product_cat-boxes-by-shapes","7":"product_cat-boxes-by-industries","8":"product_cat-paper-tube-boxes","9":"product_cat-wine-spirits-packaging-boxes","10":"product_tag-custom-wine-box-wholesale","11":"product_tag-spirit-liquor-paper-tube","12":"product_tag-wine-paper-tube-packaging","14":"first","15":"instock","16":"shipping-taxable","17":"product-type-simple","18":"entry","19":"content-bg","20":"loop-entry"},"_links":{"self":[{"href":"https:\/\/chinacustomboxes.com\/pt\/wp-json\/wp\/v2\/product\/236","targetHints":{"allow":["GET"]}}],"collection":[{"href":"https:\/\/chinacustomboxes.com\/pt\/wp-json\/wp\/v2\/product"}],"about":[{"href":"https:\/\/chinacustomboxes.com\/pt\/wp-json\/wp\/v2\/types\/product"}],"wp:featuredmedia":[{"embeddable":true,"href":"https:\/\/chinacustomboxes.com\/pt\/wp-json\/wp\/v2\/media\/240"}],"wp:attachment":[{"href":"https:\/\/chinacustomboxes.com\/pt\/wp-json\/wp\/v2\/media?parent=236"}],"wp:term":[{"taxonomy":"product_brand","embeddable":true,"href":"https:\/\/chinacustomboxes.com\/pt\/wp-json\/wp\/v2\/product_brand?post=236"},{"taxonomy":"product_cat","embeddable":true,"href":"https:\/\/chinacustomboxes.com\/pt\/wp-json\/wp\/v2\/product_cat?post=236"},{"taxonomy":"product_tag","embeddable":true,"href":"https:\/\/chinacustomboxes.com\/pt\/wp-json\/wp\/v2\/product_tag?post=236"}],"curies":[{"name":"wp","href":"https:\/\/api.w.org\/{rel}","templated":true}]}}