{"id":2370,"date":"2025-08-27T03:23:55","date_gmt":"2025-08-27T03:23:55","guid":{"rendered":"https:\/\/chinacustomboxes.com\/?post_type=product&#038;p=2370"},"modified":"2025-09-03T07:49:16","modified_gmt":"2025-09-03T07:49:16","slug":"custom-magnetic-lid-eyeshadow-palette-packaging-wholesale","status":"publish","type":"product","link":"https:\/\/chinacustomboxes.com\/pt\/custom-magnetic-lid-eyeshadow-palette-packaging-wholesale\/","title":{"rendered":"Embalagem de paleta de sombras com tampa magn\u00e9tica personalizada por atacado"},"content":{"rendered":"<h2 id=\"custom-magnetic-lid-eyeshadow-palette-packaging-wholesale\">Embalagem de paleta de sombras com tampa magn\u00e9tica personalizada por atacado<\/h2>\n<p>Temos o prazer de apresentar a nossa nova embalagem personalizada de paleta de sombras com tampa magn\u00e9tica. Motivados pela combina\u00e7\u00e3o de livros cl\u00e1ssicos e est\u00e9tica moderna, o nosso objetivo \u00e9 oferecer \u00e0s marcas de cosm\u00e9ticos de alta qualidade uma solu\u00e7\u00e3o de embalagem que integre tanto o apelo art\u00edstico como a praticidade.<\/p>\n<h2 id=\"-1-timeless-magnetic-book-shaped-box-style-a-blend-of-sophistication-and-safety-\"><strong>1. Estilo intemporal das caixas com fecho magn\u00e9tico: Uma mistura de sofistica\u00e7\u00e3o e seguran\u00e7a <\/strong>.<\/h2>\n<p>A embalagem desta paleta de sombras inclui uma <a href=\"https:\/\/chinacustomboxes.com\/pt\/magnetic-closure-boxes\/\">caixas com tampa magn\u00e9tica<\/a> design com linhas elegantes, que fazem lembrar um bloco de notas fr\u00e1gil ou uma clutch elegante. O suporte magn\u00e9tico oculto integrado permite que a tampa abra e feche sem esfor\u00e7o com um clique n\u00edtido, melhorando drasticamente a experi\u00eancia do utilizador, ao mesmo tempo que garante que a paleta permanece firmemente na posi\u00e7\u00e3o durante o transporte, protegendo com sucesso o delicado produto de sombras no seu interior.<\/p>\n<p><img fetchpriority=\"high\" decoding=\"async\" class=\"alignnone wp-image-2376 size-full\" src=\"https:\/\/chinacustomboxes.com\/wp-content\/uploads\/2025\/08\/Custom-Magnetic-Lid-Eyeshadow-Palette-Packaging-Wholesale-5.jpg\" alt=\"Embalagem de paleta de sombras com tampa magn\u00e9tica personalizada por atacado\" width=\"1000\" height=\"1000\" title=\"\" srcset=\"https:\/\/chinacustomboxes.com\/wp-content\/uploads\/2025\/08\/Custom-Magnetic-Lid-Eyeshadow-Palette-Packaging-Wholesale-5.jpg 1000w, https:\/\/chinacustomboxes.com\/wp-content\/uploads\/2025\/08\/Custom-Magnetic-Lid-Eyeshadow-Palette-Packaging-Wholesale-5-300x300.jpg 300w, https:\/\/chinacustomboxes.com\/wp-content\/uploads\/2025\/08\/Custom-Magnetic-Lid-Eyeshadow-Palette-Packaging-Wholesale-5-150x150.jpg 150w, https:\/\/chinacustomboxes.com\/wp-content\/uploads\/2025\/08\/Custom-Magnetic-Lid-Eyeshadow-Palette-Packaging-Wholesale-5-768x768.jpg 768w, https:\/\/chinacustomboxes.com\/wp-content\/uploads\/2025\/08\/Custom-Magnetic-Lid-Eyeshadow-Palette-Packaging-Wholesale-5-12x12.jpg 12w, https:\/\/chinacustomboxes.com\/wp-content\/uploads\/2025\/08\/Custom-Magnetic-Lid-Eyeshadow-Palette-Packaging-Wholesale-5-600x600.jpg 600w, https:\/\/chinacustomboxes.com\/wp-content\/uploads\/2025\/08\/Custom-Magnetic-Lid-Eyeshadow-Palette-Packaging-Wholesale-5-100x100.jpg 100w\" sizes=\"(max-width: 1000px) 100vw, 1000px\" \/><\/p>\n<h2 id=\"-2-premium-product-choice-durability-and-quality-\"><strong>2. Escolha de produtos de qualidade superior: Durabilidade e qualidade\u00a0<\/strong>.<\/h2>\n<p>A embalagem principal \u00e9 fabricada em papel r\u00edgido de alta densidade, garantindo caixas robustas e resistentes \u00e0 press\u00e3o, protegendo eficazmente o artigo de danos n\u00e3o intencionais durante o transporte e a utiliza\u00e7\u00e3o di\u00e1ria. A camada exterior \u00e9 revestida com papel especializado ou papel em camadas de alta gramagem, produzindo um toque suave e polido, oferecendo \u00e0 embalagem uma sensa\u00e7\u00e3o inigual\u00e1vel de alta qualidade. A estrutura totalmente rica dos produtos reflecte perfeitamente o posicionamento premium da marca.<\/p>\n<p><img decoding=\"async\" class=\"alignnone wp-image-2375 size-full\" src=\"https:\/\/chinacustomboxes.com\/wp-content\/uploads\/2025\/08\/Custom-Magnetic-Lid-Eyeshadow-Palette-Packaging-Wholesale-4.jpg\" alt=\"Embalagem de paleta de sombras com tampa magn\u00e9tica personalizada por atacado\" width=\"1000\" height=\"1000\" title=\"\" srcset=\"https:\/\/chinacustomboxes.com\/wp-content\/uploads\/2025\/08\/Custom-Magnetic-Lid-Eyeshadow-Palette-Packaging-Wholesale-4.jpg 1000w, https:\/\/chinacustomboxes.com\/wp-content\/uploads\/2025\/08\/Custom-Magnetic-Lid-Eyeshadow-Palette-Packaging-Wholesale-4-300x300.jpg 300w, https:\/\/chinacustomboxes.com\/wp-content\/uploads\/2025\/08\/Custom-Magnetic-Lid-Eyeshadow-Palette-Packaging-Wholesale-4-150x150.jpg 150w, https:\/\/chinacustomboxes.com\/wp-content\/uploads\/2025\/08\/Custom-Magnetic-Lid-Eyeshadow-Palette-Packaging-Wholesale-4-768x768.jpg 768w, https:\/\/chinacustomboxes.com\/wp-content\/uploads\/2025\/08\/Custom-Magnetic-Lid-Eyeshadow-Palette-Packaging-Wholesale-4-12x12.jpg 12w, https:\/\/chinacustomboxes.com\/wp-content\/uploads\/2025\/08\/Custom-Magnetic-Lid-Eyeshadow-Palette-Packaging-Wholesale-4-600x600.jpg 600w, https:\/\/chinacustomboxes.com\/wp-content\/uploads\/2025\/08\/Custom-Magnetic-Lid-Eyeshadow-Palette-Packaging-Wholesale-4-100x100.jpg 100w\" sizes=\"(max-width: 1000px) 100vw, 1000px\" \/><\/p>\n<h2 id=\"-3-stunning-surface-area-workmanship-a-three-dimensional-feast-for-the-tactile-and-visual-picks-up-\"><strong>3. Trabalho de superf\u00edcie impressionante: Um banquete tridimensional para o tato e o visual\u00a0<\/strong>.<\/h2>\n<p>O atributo mais marcante desta embalagem \u00e9 a sua not\u00e1vel terapia de superf\u00edcie. O criador utilizou habilmente estrat\u00e9gias de grava\u00e7\u00e3o 3D ou de cola\/adesivo de cristal para desenvolver um resultado tridimensional realista dos padr\u00f5es florais de p\u00e9rola e rubi apresentados na fotografia. Ao deslizar sobre a superf\u00edcie, a estrutura delicada exp\u00f5e uma estrutura ondulante \u00fanica, criando um impacto surpreendente. A impress\u00e3o espec\u00edfica a quatro cores (CMYK) ou a cores diretas recria na perfei\u00e7\u00e3o o brilho suave e as dobras fr\u00e1geis da hist\u00f3ria da seda, dando vida a todo o design como uma obra de arte.<\/p>\n<p><img decoding=\"async\" class=\"alignnone wp-image-2374 size-full\" src=\"https:\/\/chinacustomboxes.com\/wp-content\/uploads\/2025\/08\/Custom-Magnetic-Lid-Eyeshadow-Palette-Packaging-Wholesale-3.jpg\" alt=\"Embalagem de paleta de sombras com tampa magn\u00e9tica personalizada por atacado\" width=\"1000\" height=\"1000\" title=\"\" srcset=\"https:\/\/chinacustomboxes.com\/wp-content\/uploads\/2025\/08\/Custom-Magnetic-Lid-Eyeshadow-Palette-Packaging-Wholesale-3.jpg 1000w, https:\/\/chinacustomboxes.com\/wp-content\/uploads\/2025\/08\/Custom-Magnetic-Lid-Eyeshadow-Palette-Packaging-Wholesale-3-300x300.jpg 300w, https:\/\/chinacustomboxes.com\/wp-content\/uploads\/2025\/08\/Custom-Magnetic-Lid-Eyeshadow-Palette-Packaging-Wholesale-3-150x150.jpg 150w, https:\/\/chinacustomboxes.com\/wp-content\/uploads\/2025\/08\/Custom-Magnetic-Lid-Eyeshadow-Palette-Packaging-Wholesale-3-768x768.jpg 768w, https:\/\/chinacustomboxes.com\/wp-content\/uploads\/2025\/08\/Custom-Magnetic-Lid-Eyeshadow-Palette-Packaging-Wholesale-3-12x12.jpg 12w, https:\/\/chinacustomboxes.com\/wp-content\/uploads\/2025\/08\/Custom-Magnetic-Lid-Eyeshadow-Palette-Packaging-Wholesale-3-600x600.jpg 600w, https:\/\/chinacustomboxes.com\/wp-content\/uploads\/2025\/08\/Custom-Magnetic-Lid-Eyeshadow-Palette-Packaging-Wholesale-3-100x100.jpg 100w\" sizes=\"(max-width: 1000px) 100vw, 1000px\" \/><\/p>\n<h2 id=\"-4-glamorous-shade-looks-a-visual-discussion-of-the-aristocracy-and-beauty-\"><strong>4. Looks com sombras glamorosas: Uma discuss\u00e3o visual sobre a aristocracia e a beleza<\/strong><\/h2>\n<p>A embalagem geral utiliza um tom dourado champanhe suave e um tom esbranqui\u00e7ado, criando uma atmosfera est\u00e9tica acolhedora, elegante e feminina. As mudan\u00e7as naturais de tonalidade e o brilho extremo, que evocam a seda fluida, real\u00e7am na perfei\u00e7\u00e3o o brilho das j\u00f3ias da moda, captando rapidamente a aten\u00e7\u00e3o dos consumidores e estimulando uma forte necessidade de compra.<\/p>\n<h2 id=\"-5-user-friendly-internal-layout-taken-into-consideration-for-functionality-and-mobility-\"><strong>5. Disposi\u00e7\u00e3o interna de f\u00e1cil utiliza\u00e7\u00e3o: Considerado em termos de funcionalidade e mobilidade\u00a0<\/strong>.<\/h2>\n<p>Para aumentar o valor acrescentado e a praticidade do produto, um espelho de maquilhagem de alta defini\u00e7\u00e3o \u00e9 cuidadosamente incorporado no interior da tampa. O tamanho ideal e a elevada nitidez do espelho permitem uma aplica\u00e7\u00e3o e retoques simples em qualquer altura e em qualquer lugar. Este estilo atencioso aumenta consideravelmente a funcionalidade e a mobilidade do produto, tornando-o num excelente amigo de viagem ou do dia a dia para as beldades metropolitanas.<\/p>\n<p><img loading=\"lazy\" decoding=\"async\" class=\"alignnone wp-image-2373 size-full\" src=\"https:\/\/chinacustomboxes.com\/wp-content\/uploads\/2025\/08\/Custom-Magnetic-Lid-Eyeshadow-Palette-Packaging-Wholesale-2.jpg\" alt=\"Embalagem de paleta de sombras com tampa magn\u00e9tica personalizada por atacado\" width=\"1000\" height=\"1000\" title=\"\" srcset=\"https:\/\/chinacustomboxes.com\/wp-content\/uploads\/2025\/08\/Custom-Magnetic-Lid-Eyeshadow-Palette-Packaging-Wholesale-2.jpg 1000w, https:\/\/chinacustomboxes.com\/wp-content\/uploads\/2025\/08\/Custom-Magnetic-Lid-Eyeshadow-Palette-Packaging-Wholesale-2-300x300.jpg 300w, https:\/\/chinacustomboxes.com\/wp-content\/uploads\/2025\/08\/Custom-Magnetic-Lid-Eyeshadow-Palette-Packaging-Wholesale-2-150x150.jpg 150w, https:\/\/chinacustomboxes.com\/wp-content\/uploads\/2025\/08\/Custom-Magnetic-Lid-Eyeshadow-Palette-Packaging-Wholesale-2-768x768.jpg 768w, https:\/\/chinacustomboxes.com\/wp-content\/uploads\/2025\/08\/Custom-Magnetic-Lid-Eyeshadow-Palette-Packaging-Wholesale-2-12x12.jpg 12w, https:\/\/chinacustomboxes.com\/wp-content\/uploads\/2025\/08\/Custom-Magnetic-Lid-Eyeshadow-Palette-Packaging-Wholesale-2-600x600.jpg 600w, https:\/\/chinacustomboxes.com\/wp-content\/uploads\/2025\/08\/Custom-Magnetic-Lid-Eyeshadow-Palette-Packaging-Wholesale-2-100x100.jpg 100w\" sizes=\"(max-width: 1000px) 100vw, 1000px\" \/><\/p>\n<h2 id=\"-6-accuracy-lined-security-a-guarantee-of-stability-and-security-\"><strong>6. Seguran\u00e7a com precis\u00e3o: Uma garantia de estabilidade e seguran\u00e7a\u00a0<\/strong>.<\/h2>\n<p>A base da paleta de sombras no interior da embalagem \u00e9 especificamente cortada, com uma ranhura circular feita \u00e0 medida para cada compacto de sombras. Este estilo mant\u00e9m a paleta em posi\u00e7\u00e3o segura, evitando eficazmente danos no p\u00f3 provocados por tremores, choques ou quedas inesperadas, proporcionando a prote\u00e7\u00e3o mais fi\u00e1vel e abrangente para o produto.<\/p>\n<h2 id=\"-7-full-customization-produce-your-special-brand-stamp-\"><strong>7. Personaliza\u00e7\u00e3o total: Produzir o carimbo da sua marca especial\u00a0<\/strong>.<\/h2>\n<p>Compreendemos a singularidade de cada marca e oferecemos servi\u00e7os de personaliza\u00e7\u00e3o abrangentes:.<\/p>\n<ul>\n<li><strong>Tamanhos e especifica\u00e7\u00f5es\u00a0<\/strong>: As marcas podem facilmente<a href=\"https:\/\/chinacustomboxes.com\/pt\/\"> caixas de embalagem personalizadas<\/a> de qualquer tipo de dimens\u00e3o com base na quantidade e dimens\u00e3o das suas sombras de olhos.<\/li>\n<li><strong>Sele\u00e7\u00e3o de materiais\u00a0<\/strong>: Oferecemos uma gama de pap\u00e9is especiais, documentos reactivos e pap\u00e9is ecol\u00f3gicos que se adaptam a todos os projectos e planos de despesas.<\/li>\n<li><strong>Combina\u00e7\u00f5es de artesanato\u00a0<\/strong>: Pode combinar abertamente t\u00e9cnicas de qualidade superior, como a marca\u00e7\u00e3o a quente, os tratamentos UV, a grava\u00e7\u00e3o em relevo e a lamina\u00e7\u00e3o para desenvolver efeitos visuais e de rea\u00e7\u00e3o especiais.<\/li>\n<li><strong>Reprodu\u00e7\u00e3o de desenhos e modelos\u00a0<\/strong>: Prometemos imprimir com precis\u00e3o de acordo com o estilo da sua marca, utilizando um sistema avan\u00e7ado de controlo de tonalidades para duplicar com precis\u00e3o todas as informa\u00e7\u00f5es sobre cores e padr\u00f5es.<\/li>\n<\/ul>\n<p><img loading=\"lazy\" decoding=\"async\" class=\"alignnone wp-image-2372 size-full\" src=\"https:\/\/chinacustomboxes.com\/wp-content\/uploads\/2025\/08\/Custom-Magnetic-Lid-Eyeshadow-Palette-Packaging-Wholesale-1.jpg\" alt=\"Embalagem de paleta de sombras com tampa magn\u00e9tica personalizada por atacado\" width=\"1000\" height=\"1000\" title=\"\" srcset=\"https:\/\/chinacustomboxes.com\/wp-content\/uploads\/2025\/08\/Custom-Magnetic-Lid-Eyeshadow-Palette-Packaging-Wholesale-1.jpg 1000w, https:\/\/chinacustomboxes.com\/wp-content\/uploads\/2025\/08\/Custom-Magnetic-Lid-Eyeshadow-Palette-Packaging-Wholesale-1-300x300.jpg 300w, https:\/\/chinacustomboxes.com\/wp-content\/uploads\/2025\/08\/Custom-Magnetic-Lid-Eyeshadow-Palette-Packaging-Wholesale-1-150x150.jpg 150w, https:\/\/chinacustomboxes.com\/wp-content\/uploads\/2025\/08\/Custom-Magnetic-Lid-Eyeshadow-Palette-Packaging-Wholesale-1-768x768.jpg 768w, https:\/\/chinacustomboxes.com\/wp-content\/uploads\/2025\/08\/Custom-Magnetic-Lid-Eyeshadow-Palette-Packaging-Wholesale-1-12x12.jpg 12w, https:\/\/chinacustomboxes.com\/wp-content\/uploads\/2025\/08\/Custom-Magnetic-Lid-Eyeshadow-Palette-Packaging-Wholesale-1-600x600.jpg 600w, https:\/\/chinacustomboxes.com\/wp-content\/uploads\/2025\/08\/Custom-Magnetic-Lid-Eyeshadow-Palette-Packaging-Wholesale-1-100x100.jpg 100w\" sizes=\"(max-width: 1000px) 100vw, 1000px\" \/><\/p>\n<h2 id=\"-8-ultra-fast-digital-proofing-take-the-market-opportunity-\"><strong>8. Prova digital ultra-r\u00e1pida: Aproveitar a oportunidade de mercado<\/strong><\/h2>\n<p>Com equipamento eletr\u00f3nico de prova avan\u00e7ado e um esfor\u00e7o de equipa eficaz, garantimos a conclus\u00e3o do fabrico de exemplos em apenas uma hora. Este servi\u00e7o \"o que v\u00ea \u00e9 o que obt\u00e9m\" permite-lhe validar prontamente o seu esquema e visualizar o produto final no mais curto espa\u00e7o de tempo poss\u00edvel, aumentando o avan\u00e7o do artigo e o lan\u00e7amento no mercado, ajudando-o a adquirir uma vantagem no mercado muito competitivo.<\/p>","protected":false},"excerpt":{"rendered":"<p>Esta elegante paleta de sombras magn\u00e9tica personalizada apresenta um estilo de tampa de fecho magn\u00e9tico elegante com um suporte magn\u00e9tico oculto, produzindo uma abertura e um fecho modernos. A sua constru\u00e7\u00e3o em cart\u00e3o cinzento resistente e o seu fr\u00e1gil suporte em papel especial reflectem a sua qualidade excecional. A sua fun\u00e7\u00e3o mais marcante \u00e9 a espl\u00eandida grava\u00e7\u00e3o em relevo 3D, que cria um padr\u00e3o floral tridimensional de p\u00e9rolas e diamantes, criando um impacto t\u00e1til e est\u00e9tico sensacional. Os tons suaves de dourado vinho cintilante e branco criam uma atmosfera glamorosa e calorosa. Um espelho de maquilhagem de alta defini\u00e7\u00e3o incorporado e um forro cortado com precis\u00e3o garantem a mobilidade e a seguran\u00e7a do produto. Oferecemos solu\u00e7\u00f5es de personaliza\u00e7\u00e3o abrangentes, desde a dimens\u00e3o, produto e artesanato, e garantimos uma prova r\u00e1pida no prazo de uma hora, ajudando-o a dar vida aos seus conceitos de layout e a produzir um novo sucesso especial.<\/p>","protected":false},"featured_media":2375,"template":"","meta":{"_kad_post_transparent":"default","_kad_post_title":"","_kad_post_layout":"default","_kad_post_sidebar_id":"","_kad_post_content_style":"default","_kad_post_vertical_padding":"default","_kad_post_feature":"","_kad_post_feature_position":"","_kad_post_header":false,"_kad_post_footer":false,"_kad_post_classname":""},"product_brand":[],"product_cat":[15,17,28,18],"product_tag":[588,590,589],"class_list":{"0":"post-2370","1":"product","2":"type-product","3":"status-publish","4":"has-post-thumbnail","6":"product_cat-boxes-by-shapes","7":"product_cat-boxes-by-industries","8":"product_cat-cosmetic-packaging-boxes","9":"product_cat-magnetic-closure-boxes","10":"product_tag-custom-magnetic-lid-boxes","11":"product_tag-custom-packaging-boxes-wholesale","12":"product_tag-eyeshadow-palette-packaging","14":"first","15":"instock","16":"shipping-taxable","17":"product-type-simple","18":"entry","19":"content-bg","20":"loop-entry"},"_links":{"self":[{"href":"https:\/\/chinacustomboxes.com\/pt\/wp-json\/wp\/v2\/product\/2370","targetHints":{"allow":["GET"]}}],"collection":[{"href":"https:\/\/chinacustomboxes.com\/pt\/wp-json\/wp\/v2\/product"}],"about":[{"href":"https:\/\/chinacustomboxes.com\/pt\/wp-json\/wp\/v2\/types\/product"}],"wp:featuredmedia":[{"embeddable":true,"href":"https:\/\/chinacustomboxes.com\/pt\/wp-json\/wp\/v2\/media\/2375"}],"wp:attachment":[{"href":"https:\/\/chinacustomboxes.com\/pt\/wp-json\/wp\/v2\/media?parent=2370"}],"wp:term":[{"taxonomy":"product_brand","embeddable":true,"href":"https:\/\/chinacustomboxes.com\/pt\/wp-json\/wp\/v2\/product_brand?post=2370"},{"taxonomy":"product_cat","embeddable":true,"href":"https:\/\/chinacustomboxes.com\/pt\/wp-json\/wp\/v2\/product_cat?post=2370"},{"taxonomy":"product_tag","embeddable":true,"href":"https:\/\/chinacustomboxes.com\/pt\/wp-json\/wp\/v2\/product_tag?post=2370"}],"curies":[{"name":"wp","href":"https:\/\/api.w.org\/{rel}","templated":true}]}}