{"id":2377,"date":"2025-09-03T07:25:49","date_gmt":"2025-09-03T07:25:49","guid":{"rendered":"https:\/\/chinacustomboxes.com\/?post_type=product&#038;p=2377"},"modified":"2025-09-03T07:25:49","modified_gmt":"2025-09-03T07:25:49","slug":"magnetic-closure-makeup-palettes-eyeshadow-packaging-boxes","status":"publish","type":"product","link":"https:\/\/chinacustomboxes.com\/pt\/magnetic-closure-makeup-palettes-eyeshadow-packaging-boxes\/","title":{"rendered":"Caixas de embalagem para paletas de maquilhagem com fecho magn\u00e9tico para sombras"},"content":{"rendered":"<h2 id=\"magnetic-eyeshadow-box-a-perfect-blend-of-elegant-layout-and-superior-craftsmanship\">Caixas de embalagem para paletas de maquilhagem com fecho magn\u00e9tico para sombras<\/h2>\n<p>Temos o prazer de apresentar o nosso novo<a href=\"https:\/\/chinacustomboxes.com\/pt\/magnetic-closure-boxes\/\"> caixas com fecho magn\u00e9tico<\/a>inspirada num livro de capa dura. Pretende dar uma excelente solu\u00e7\u00e3o de embalagem para os seus produtos de maquilhagem, integrando o charme art\u00edstico com a capacidade \u00fatil.<\/p>\n<p><img fetchpriority=\"high\" decoding=\"async\" class=\"wp-image-2378 size-full\" src=\"https:\/\/chinacustomboxes.com\/wp-content\/uploads\/2025\/09\/Magnetic-Closure-Makeup-Palettes-Eyeshadow-Packaging-Boxes-1.jpg\" alt=\"Caixas de embalagem para paletas de maquilhagem com fecho magn\u00e9tico para sombras\" width=\"1000\" height=\"1000\" title=\"\" srcset=\"https:\/\/chinacustomboxes.com\/wp-content\/uploads\/2025\/09\/Magnetic-Closure-Makeup-Palettes-Eyeshadow-Packaging-Boxes-1.jpg 1000w, https:\/\/chinacustomboxes.com\/wp-content\/uploads\/2025\/09\/Magnetic-Closure-Makeup-Palettes-Eyeshadow-Packaging-Boxes-1-300x300.jpg 300w, https:\/\/chinacustomboxes.com\/wp-content\/uploads\/2025\/09\/Magnetic-Closure-Makeup-Palettes-Eyeshadow-Packaging-Boxes-1-150x150.jpg 150w, https:\/\/chinacustomboxes.com\/wp-content\/uploads\/2025\/09\/Magnetic-Closure-Makeup-Palettes-Eyeshadow-Packaging-Boxes-1-768x768.jpg 768w, https:\/\/chinacustomboxes.com\/wp-content\/uploads\/2025\/09\/Magnetic-Closure-Makeup-Palettes-Eyeshadow-Packaging-Boxes-1-12x12.jpg 12w, https:\/\/chinacustomboxes.com\/wp-content\/uploads\/2025\/09\/Magnetic-Closure-Makeup-Palettes-Eyeshadow-Packaging-Boxes-1-600x600.jpg 600w, https:\/\/chinacustomboxes.com\/wp-content\/uploads\/2025\/09\/Magnetic-Closure-Makeup-Palettes-Eyeshadow-Packaging-Boxes-1-100x100.jpg 100w\" sizes=\"(max-width: 1000px) 100vw, 1000px\" \/><\/p>\n<h2 id=\"1-unique-publication-style-\">1.\u00a0<strong>Estilo de publica\u00e7\u00e3o \u00fanico<\/strong><\/h2>\n<p>O sofisticado <a href=\"https:\/\/chinacustomboxes.com\/pt\/unusual-shaped-boxes\/\">abertura de porta dupla<\/a> O estilo da caixa produz uma apar\u00eancia semelhante \u00e0 de um livro, evocando um livro fino, produzindo uma experi\u00eancia muito imaginativa e colecion\u00e1vel. As portas duplas proporcionais fecham-se com \u00edmanes surpresa, criando uma experi\u00eancia de abertura ritual\u00edstica que proporciona uma experi\u00eancia de desembalagem fascinante e melhora substancialmente a imagem da sua marca.<\/p>\n<h2 id=\"2-premium-products-sturdy-security-\">2.\u00a0<strong>Produtos de alta qualidade, seguran\u00e7a robusta<\/strong><\/h2>\n<p>O <a href=\"https:\/\/chinacustomboxes.com\/pt\/\">caixas<\/a> \u00e9 constru\u00eddo a partir de cart\u00e3o cinzento de primeira qualidade e coberto com papel revestido de qualidade superior, garantindo a sua resist\u00eancia e longevidade. Este produto n\u00e3o s\u00f3 \u00e9 extremamente resistente \u00e0 press\u00e3o, protegendo eficazmente as delicadas paletas de sombras no seu interior, como tamb\u00e9m apresenta uma sensa\u00e7\u00e3o de custo e de precis\u00e3o.<\/p>\n<p><img decoding=\"async\" class=\"alignnone wp-image-2379 size-full\" src=\"https:\/\/chinacustomboxes.com\/wp-content\/uploads\/2025\/09\/Magnetic-Closure-Makeup-Palettes-Eyeshadow-Packaging-Boxes-2.jpg\" alt=\"Caixas de embalagem para paletas de maquilhagem com fecho magn\u00e9tico para sombras\" width=\"1000\" height=\"1000\" title=\"\" srcset=\"https:\/\/chinacustomboxes.com\/wp-content\/uploads\/2025\/09\/Magnetic-Closure-Makeup-Palettes-Eyeshadow-Packaging-Boxes-2.jpg 1000w, https:\/\/chinacustomboxes.com\/wp-content\/uploads\/2025\/09\/Magnetic-Closure-Makeup-Palettes-Eyeshadow-Packaging-Boxes-2-300x300.jpg 300w, https:\/\/chinacustomboxes.com\/wp-content\/uploads\/2025\/09\/Magnetic-Closure-Makeup-Palettes-Eyeshadow-Packaging-Boxes-2-150x150.jpg 150w, https:\/\/chinacustomboxes.com\/wp-content\/uploads\/2025\/09\/Magnetic-Closure-Makeup-Palettes-Eyeshadow-Packaging-Boxes-2-768x768.jpg 768w, https:\/\/chinacustomboxes.com\/wp-content\/uploads\/2025\/09\/Magnetic-Closure-Makeup-Palettes-Eyeshadow-Packaging-Boxes-2-12x12.jpg 12w, https:\/\/chinacustomboxes.com\/wp-content\/uploads\/2025\/09\/Magnetic-Closure-Makeup-Palettes-Eyeshadow-Packaging-Boxes-2-600x600.jpg 600w, https:\/\/chinacustomboxes.com\/wp-content\/uploads\/2025\/09\/Magnetic-Closure-Makeup-Palettes-Eyeshadow-Packaging-Boxes-2-100x100.jpg 100w\" sizes=\"(max-width: 1000px) 100vw, 1000px\" \/><\/p>\n<h2 id=\"3-beautiful-workmanship-showcasing-taste-\">3.\u00a0<strong>Belo acabamento, gosto \u00e0 vista<\/strong><\/h2>\n<p>A superf\u00edcie das caixas \u00e9 adornada com um padr\u00e3o \u00fanico e bonito. Com a grava\u00e7\u00e3o em relevo e outros processos, cria um impacto sofisticado e cintilante e um impacto tridimensional de al\u00edvio sob a luz, desenvolvendo uma experi\u00eancia est\u00e9tica e t\u00e1til realmente agrad\u00e1vel.<\/p>\n<h2 id=\"4-harmonious-color-aesthetic-appeals-\">4.\u00a0<strong>Apelos est\u00e9ticos de cores harmoniosas<\/strong><\/h2>\n<p>O estilo geral inclui uma cor fresca, viva e amiga do ambiente, evocando uma imagem de marca natural, saud\u00e1vel, equilibrada e jovem. O padr\u00e3o monocrom\u00e1tico e refinado confere profundidade e classe ao estilo, mantendo um esquema de sombras harmonioso e unificado, fazendo com que se destaque do grupo.<\/p>\n<p><img decoding=\"async\" class=\"alignnone wp-image-2380 size-full\" src=\"https:\/\/chinacustomboxes.com\/wp-content\/uploads\/2025\/09\/Magnetic-Closure-Makeup-Palettes-Eyeshadow-Packaging-Boxes-3.jpg\" alt=\"Caixas de embalagem para paletas de maquilhagem com fecho magn\u00e9tico para sombras\" width=\"1000\" height=\"1000\" title=\"\" srcset=\"https:\/\/chinacustomboxes.com\/wp-content\/uploads\/2025\/09\/Magnetic-Closure-Makeup-Palettes-Eyeshadow-Packaging-Boxes-3.jpg 1000w, https:\/\/chinacustomboxes.com\/wp-content\/uploads\/2025\/09\/Magnetic-Closure-Makeup-Palettes-Eyeshadow-Packaging-Boxes-3-300x300.jpg 300w, https:\/\/chinacustomboxes.com\/wp-content\/uploads\/2025\/09\/Magnetic-Closure-Makeup-Palettes-Eyeshadow-Packaging-Boxes-3-150x150.jpg 150w, https:\/\/chinacustomboxes.com\/wp-content\/uploads\/2025\/09\/Magnetic-Closure-Makeup-Palettes-Eyeshadow-Packaging-Boxes-3-768x768.jpg 768w, https:\/\/chinacustomboxes.com\/wp-content\/uploads\/2025\/09\/Magnetic-Closure-Makeup-Palettes-Eyeshadow-Packaging-Boxes-3-12x12.jpg 12w, https:\/\/chinacustomboxes.com\/wp-content\/uploads\/2025\/09\/Magnetic-Closure-Makeup-Palettes-Eyeshadow-Packaging-Boxes-3-600x600.jpg 600w, https:\/\/chinacustomboxes.com\/wp-content\/uploads\/2025\/09\/Magnetic-Closure-Makeup-Palettes-Eyeshadow-Packaging-Boxes-3-100x100.jpg 100w\" sizes=\"(max-width: 1000px) 100vw, 1000px\" \/><\/p>\n<h2 id=\"5-user-friendly-useful-design-\">5.\u00a0<strong>Design \u00fatil e de f\u00e1cil utiliza\u00e7\u00e3o<\/strong><\/h2>\n<p>Um espelho de maquilhagem de alta defini\u00e7\u00e3o habilmente incorporado na tampa interna permite aos clientes aplicar e retocar a maquilhagem em qualquer altura e em qualquer lugar, melhorando substancialmente a praticidade e a conveni\u00eancia do artigo. Os fortes \u00edmanes incorporados garantem que a embalagem fecha de forma r\u00e1pida e segura, fornecendo uma prote\u00e7\u00e3o segura e fi\u00e1vel para o produto.<\/p>\n<p><img loading=\"lazy\" decoding=\"async\" class=\"alignnone wp-image-2383 size-full\" src=\"https:\/\/chinacustomboxes.com\/wp-content\/uploads\/2025\/09\/Magnetic-Closure-Makeup-Palettes-Eyeshadow-Packaging-Boxes-6.jpg\" alt=\"Caixas de embalagem para paletas de maquilhagem com fecho magn\u00e9tico para sombras\" width=\"1000\" height=\"1000\" title=\"\" srcset=\"https:\/\/chinacustomboxes.com\/wp-content\/uploads\/2025\/09\/Magnetic-Closure-Makeup-Palettes-Eyeshadow-Packaging-Boxes-6.jpg 1000w, https:\/\/chinacustomboxes.com\/wp-content\/uploads\/2025\/09\/Magnetic-Closure-Makeup-Palettes-Eyeshadow-Packaging-Boxes-6-300x300.jpg 300w, https:\/\/chinacustomboxes.com\/wp-content\/uploads\/2025\/09\/Magnetic-Closure-Makeup-Palettes-Eyeshadow-Packaging-Boxes-6-150x150.jpg 150w, https:\/\/chinacustomboxes.com\/wp-content\/uploads\/2025\/09\/Magnetic-Closure-Makeup-Palettes-Eyeshadow-Packaging-Boxes-6-768x768.jpg 768w, https:\/\/chinacustomboxes.com\/wp-content\/uploads\/2025\/09\/Magnetic-Closure-Makeup-Palettes-Eyeshadow-Packaging-Boxes-6-12x12.jpg 12w, https:\/\/chinacustomboxes.com\/wp-content\/uploads\/2025\/09\/Magnetic-Closure-Makeup-Palettes-Eyeshadow-Packaging-Boxes-6-600x600.jpg 600w, https:\/\/chinacustomboxes.com\/wp-content\/uploads\/2025\/09\/Magnetic-Closure-Makeup-Palettes-Eyeshadow-Packaging-Boxes-6-100x100.jpg 100w\" sizes=\"(max-width: 1000px) 100vw, 1000px\" \/><\/p>\n<h2 id=\"6-exact-lining-for-stable-storage-space-\">6.\u00a0<strong>Revestimento exato para um espa\u00e7o de armazenamento est\u00e1vel<\/strong><\/h2>\n<p>O interior possui um forro cortado com precis\u00e3o e personalizado de acordo com a forma do item, garantindo que cada sombra, p\u00f3 e pincel sejam mantidos e protegidos com seguran\u00e7a, evitando danos e quebras durante o transporte e o transporte.<\/p>\n<p><img loading=\"lazy\" decoding=\"async\" class=\"alignnone wp-image-2381 size-full\" src=\"https:\/\/chinacustomboxes.com\/wp-content\/uploads\/2025\/09\/Magnetic-Closure-Makeup-Palettes-Eyeshadow-Packaging-Boxes-4.jpg\" alt=\"Caixas de embalagem para paletas de maquilhagem com fecho magn\u00e9tico para sombras\" width=\"1000\" height=\"1000\" title=\"\" srcset=\"https:\/\/chinacustomboxes.com\/wp-content\/uploads\/2025\/09\/Magnetic-Closure-Makeup-Palettes-Eyeshadow-Packaging-Boxes-4.jpg 1000w, https:\/\/chinacustomboxes.com\/wp-content\/uploads\/2025\/09\/Magnetic-Closure-Makeup-Palettes-Eyeshadow-Packaging-Boxes-4-300x300.jpg 300w, https:\/\/chinacustomboxes.com\/wp-content\/uploads\/2025\/09\/Magnetic-Closure-Makeup-Palettes-Eyeshadow-Packaging-Boxes-4-150x150.jpg 150w, https:\/\/chinacustomboxes.com\/wp-content\/uploads\/2025\/09\/Magnetic-Closure-Makeup-Palettes-Eyeshadow-Packaging-Boxes-4-768x768.jpg 768w, https:\/\/chinacustomboxes.com\/wp-content\/uploads\/2025\/09\/Magnetic-Closure-Makeup-Palettes-Eyeshadow-Packaging-Boxes-4-12x12.jpg 12w, https:\/\/chinacustomboxes.com\/wp-content\/uploads\/2025\/09\/Magnetic-Closure-Makeup-Palettes-Eyeshadow-Packaging-Boxes-4-600x600.jpg 600w, https:\/\/chinacustomboxes.com\/wp-content\/uploads\/2025\/09\/Magnetic-Closure-Makeup-Palettes-Eyeshadow-Packaging-Boxes-4-100x100.jpg 100w\" sizes=\"(max-width: 1000px) 100vw, 1000px\" \/><\/p>\n<h2 id=\"7-full-modification-solution-\">7.\u00a0<strong>Solu\u00e7\u00e3o de modifica\u00e7\u00e3o completa<\/strong><\/h2>\n<p>Compreendemos profundamente a originalidade de cada marca e oferecemos solu\u00e7\u00f5es de personaliza\u00e7\u00e3o completas, desde a estrutura das caixas, tamanho e escolha do produto at\u00e9 aos tons de impress\u00e3o, tratamentos de superf\u00edcie (tais como estampagem a quente, tratamento UV, grava\u00e7\u00e3o em relevo, etc.) e disposi\u00e7\u00e3o do forro. Independentemente das suas necessidades inovadoras, a nossa equipa dedicada pode transform\u00e1-las em embalagens distintas que se alinham perfeitamente com a coloca\u00e7\u00e3o da sua marca e as qualidades dos artigos.<\/p>\n<p><img loading=\"lazy\" decoding=\"async\" class=\"alignnone wp-image-2382 size-full\" src=\"https:\/\/chinacustomboxes.com\/wp-content\/uploads\/2025\/09\/Magnetic-Closure-Makeup-Palettes-Eyeshadow-Packaging-Boxes-5.jpg\" alt=\"Caixas de embalagem para paletas de maquilhagem com fecho magn\u00e9tico para sombras\" width=\"1000\" height=\"1000\" title=\"\" srcset=\"https:\/\/chinacustomboxes.com\/wp-content\/uploads\/2025\/09\/Magnetic-Closure-Makeup-Palettes-Eyeshadow-Packaging-Boxes-5.jpg 1000w, https:\/\/chinacustomboxes.com\/wp-content\/uploads\/2025\/09\/Magnetic-Closure-Makeup-Palettes-Eyeshadow-Packaging-Boxes-5-300x300.jpg 300w, https:\/\/chinacustomboxes.com\/wp-content\/uploads\/2025\/09\/Magnetic-Closure-Makeup-Palettes-Eyeshadow-Packaging-Boxes-5-150x150.jpg 150w, https:\/\/chinacustomboxes.com\/wp-content\/uploads\/2025\/09\/Magnetic-Closure-Makeup-Palettes-Eyeshadow-Packaging-Boxes-5-768x768.jpg 768w, https:\/\/chinacustomboxes.com\/wp-content\/uploads\/2025\/09\/Magnetic-Closure-Makeup-Palettes-Eyeshadow-Packaging-Boxes-5-12x12.jpg 12w, https:\/\/chinacustomboxes.com\/wp-content\/uploads\/2025\/09\/Magnetic-Closure-Makeup-Palettes-Eyeshadow-Packaging-Boxes-5-600x600.jpg 600w, https:\/\/chinacustomboxes.com\/wp-content\/uploads\/2025\/09\/Magnetic-Closure-Makeup-Palettes-Eyeshadow-Packaging-Boxes-5-100x100.jpg 100w\" sizes=\"(max-width: 1000px) 100vw, 1000px\" \/><\/p>\n<h2 id=\"8-reliable-prototyping-and-specialist-guarantee-\">8.\u00a0<strong>Prototipagem fi\u00e1vel e garantia especializada<\/strong><\/h2>\n<p>Compreendemos a import\u00e2ncia do tempo para as marcas. Tirando partido de equipamento inovador e de um grupo extremamente eficiente, garantimos que os exemplos preliminares podem ser produzidos em apenas uma hora, permitindo-lhe avaliar rapidamente os seus estilos, reduzindo drasticamente o seu ciclo de desenvolvimento de artigos e colocando os seus produtos no mercado muito mais rapidamente. Temos v\u00e1rios anos de experi\u00eancia especializada em embalagens e impress\u00e3o, oferecendo in\u00fameras marcas residenciais e mundiais distintas. O nosso sistema de controlo de qualidade rigoroso e a nossa aten\u00e7\u00e3o meticulosa aos detalhes garantem-lhe embalagens de primeira qualidade.<\/p>","protected":false},"excerpt":{"rendered":"<p>Este <strong>embalagem magn\u00e9tica para sombras<\/strong> inclui um engenhoso estilo de porta dupla em forma de livro, criando uma apar\u00eancia elegante e uma sensa\u00e7\u00e3o de cerim\u00f3nia ao abrir. O cart\u00e3o cinzento e o papel revestido de primeira qualidade s\u00e3o cuidadosamente selecionados pela sua longevidade e prote\u00e7\u00e3o eficaz do produto. Um padr\u00e3o tridimensional e tonal, incorporado com um tom verde relvado refrescante e vivo, real\u00e7a a imagem jovem e saud\u00e1vel da marca. Um espelho de maquilhagem de alta defini\u00e7\u00e3o integrado aumenta a praticidade e a conveni\u00eancia, enquanto um forte fecho magn\u00e9tico garante um ajuste protegido e respeit\u00e1vel. Um forro especificamente cortado oferece uma seguran\u00e7a segura para o seu produto. Fornecemos servi\u00e7os de personaliza\u00e7\u00e3o pormenorizados e provas r\u00e1pidas. Com a nossa experi\u00eancia especializada e um rigoroso controlo de qualidade, podemos desenvolver embalagens topo de gama que correspondem perfeitamente \u00e0 imagem da sua marca.<\/p>","protected":false},"featured_media":2378,"template":"","meta":{"_kad_post_transparent":"default","_kad_post_title":"","_kad_post_layout":"default","_kad_post_sidebar_id":"","_kad_post_content_style":"default","_kad_post_vertical_padding":"default","_kad_post_feature":"","_kad_post_feature_position":"","_kad_post_header":false,"_kad_post_footer":false,"_kad_post_classname":""},"product_brand":[],"product_cat":[15,17,28,18],"product_tag":[452,587,586],"class_list":{"0":"post-2377","1":"product","2":"type-product","3":"status-publish","4":"has-post-thumbnail","6":"product_cat-boxes-by-shapes","7":"product_cat-boxes-by-industries","8":"product_cat-cosmetic-packaging-boxes","9":"product_cat-magnetic-closure-boxes","10":"product_tag-magnetic-closure-boxes","11":"product_tag-makeup-packaging-boxes","12":"product_tag-palettes-eyeshadow-packaging","14":"first","15":"instock","16":"shipping-taxable","17":"product-type-simple","18":"entry","19":"content-bg","20":"loop-entry"},"_links":{"self":[{"href":"https:\/\/chinacustomboxes.com\/pt\/wp-json\/wp\/v2\/product\/2377","targetHints":{"allow":["GET"]}}],"collection":[{"href":"https:\/\/chinacustomboxes.com\/pt\/wp-json\/wp\/v2\/product"}],"about":[{"href":"https:\/\/chinacustomboxes.com\/pt\/wp-json\/wp\/v2\/types\/product"}],"wp:featuredmedia":[{"embeddable":true,"href":"https:\/\/chinacustomboxes.com\/pt\/wp-json\/wp\/v2\/media\/2378"}],"wp:attachment":[{"href":"https:\/\/chinacustomboxes.com\/pt\/wp-json\/wp\/v2\/media?parent=2377"}],"wp:term":[{"taxonomy":"product_brand","embeddable":true,"href":"https:\/\/chinacustomboxes.com\/pt\/wp-json\/wp\/v2\/product_brand?post=2377"},{"taxonomy":"product_cat","embeddable":true,"href":"https:\/\/chinacustomboxes.com\/pt\/wp-json\/wp\/v2\/product_cat?post=2377"},{"taxonomy":"product_tag","embeddable":true,"href":"https:\/\/chinacustomboxes.com\/pt\/wp-json\/wp\/v2\/product_tag?post=2377"}],"curies":[{"name":"wp","href":"https:\/\/api.w.org\/{rel}","templated":true}]}}