{"id":2390,"date":"2025-09-08T02:19:02","date_gmt":"2025-09-08T02:19:02","guid":{"rendered":"https:\/\/chinacustomboxes.com\/?post_type=product&#038;p=2390"},"modified":"2025-09-08T02:19:02","modified_gmt":"2025-09-08T02:19:02","slug":"custom-makeup-cosmetic-set-packaging-rigid-boxes-wholesale","status":"publish","type":"product","link":"https:\/\/chinacustomboxes.com\/pt\/custom-makeup-cosmetic-set-packaging-rigid-boxes-wholesale\/","title":{"rendered":"Caixas r\u00edgidas de embalagem de conjunto de cosm\u00e9ticos de maquilhagem personalizada por atacado"},"content":{"rendered":"<h2 id=\"custom-makeup-cosmetic-establish-packaging-inflexible-boxes-wholesale\">Caixas r\u00edgidas de embalagem de conjunto de cosm\u00e9ticos de maquilhagem personalizada por atacado<\/h2>\n<p>Estas caixas de cart\u00e3o personalizadas para colec\u00e7\u00f5es est\u00e9ticas foram concebidas para melhorar a imagem da marca e a experi\u00eancia do cliente. A sua estrutura \u00fanica de porta dupla n\u00e3o s\u00f3 produz uma sensa\u00e7\u00e3o de rotina durante a desembalagem, como tamb\u00e9m oferece os artigos aos consumidores de forma impec\u00e1vel. Escolhemos cuidadosamente cart\u00e3o de alta qualidade como produto principal, incorporado com um revestimento celular EVA de alta densidade, para dar seguran\u00e7a robusta e fi\u00e1vel aos seus artigos. Desde o elegante padr\u00e3o de cores branco e rosa at\u00e9 \u00e0 requintada estampagem a quente e ao corte preciso da ranhura em V, todos os pormenores demonstram a qualidade superior do trabalho personalizado. Sustentamos uma personaliza\u00e7\u00e3o minuciosa desde o tamanho, material, at\u00e9 ao material de publica\u00e7\u00e3o, e asseguramos um tempo de resposta r\u00e1pido de \"1 hora de resposta do exemplo\", ajudando a sua marca a atrair a aten\u00e7\u00e3o na feroz concorr\u00eancia do mercado.<\/p>\n<p><img fetchpriority=\"high\" decoding=\"async\" class=\"alignnone wp-image-2395 size-large\" src=\"https:\/\/chinacustomboxes.com\/wp-content\/uploads\/2025\/09\/Cosmetic-Paackaging-boxes-5-1024x1024.jpg\" alt=\"Caixas de embalagem de cosm\u00e9ticos para maquilhagem\" width=\"1024\" height=\"1024\" title=\"\" srcset=\"https:\/\/chinacustomboxes.com\/wp-content\/uploads\/2025\/09\/Cosmetic-Paackaging-boxes-5-1024x1024.jpg 1024w, https:\/\/chinacustomboxes.com\/wp-content\/uploads\/2025\/09\/Cosmetic-Paackaging-boxes-5-300x300.jpg 300w, https:\/\/chinacustomboxes.com\/wp-content\/uploads\/2025\/09\/Cosmetic-Paackaging-boxes-5-150x150.jpg 150w, https:\/\/chinacustomboxes.com\/wp-content\/uploads\/2025\/09\/Cosmetic-Paackaging-boxes-5-768x768.jpg 768w, https:\/\/chinacustomboxes.com\/wp-content\/uploads\/2025\/09\/Cosmetic-Paackaging-boxes-5-1536x1536.jpg 1536w, https:\/\/chinacustomboxes.com\/wp-content\/uploads\/2025\/09\/Cosmetic-Paackaging-boxes-5-12x12.jpg 12w, https:\/\/chinacustomboxes.com\/wp-content\/uploads\/2025\/09\/Cosmetic-Paackaging-boxes-5-600x600.jpg 600w, https:\/\/chinacustomboxes.com\/wp-content\/uploads\/2025\/09\/Cosmetic-Paackaging-boxes-5-100x100.jpg 100w, https:\/\/chinacustomboxes.com\/wp-content\/uploads\/2025\/09\/Cosmetic-Paackaging-boxes-5.jpg 1920w\" sizes=\"(max-width: 1024px) 100vw, 1024px\" \/><\/p>\n<h2 id=\"-1-cutting-edge-bi-fold-door-framework-develops-a-phenomenal-unboxing-experience-\"><strong>1. A estrutura de ponta da porta dupla proporciona uma experi\u00eancia de desembalagem fenomenal\u00a0<\/strong><\/h2>\n<p>Este conjunto est\u00e9tico de embalagens adopta a estrutura de caixas com duas dobras, tipicamente encontrada em <a href=\"https:\/\/chinacustomboxes.com\/pt\/\">caixas de oferta premium<\/a>O design da porta dupla permite que os artigos no interior sejam apresentados de forma completa e clara aos clientes, proporcionando um formato claro e um acesso c\u00f3modo, melhorando a experi\u00eancia do ecr\u00e3 de visualiza\u00e7\u00e3o dos artigos. O design de porta dupla permite que os artigos no interior sejam mostrados de forma completa e clara aos clientes, proporcionando um formato claro e um acesso conveniente, melhorando a experi\u00eancia do ecr\u00e3 de visualiza\u00e7\u00e3o do artigo. O material de cart\u00e3o, combinado com o estilo estrutural inovador, torna a embalagem incrivelmente resistente, protegendo eficazmente os cosm\u00e9ticos fr\u00e1geis no interior contra danos durante o transporte e a armazenagem.<\/p>\n<h2 id=\"-2-meticulously-picked-high-quality-base-materials-develop-a-premium-appearance-\"><strong>2. Os materiais de base de alta qualidade escolhidos meticulosamente criam um aspeto de qualidade superior\u00a0<\/strong><\/h2>\n<p>A sele\u00e7\u00e3o de produtos para<a href=\"https:\/\/chinacustomboxes.com\/pt\/boxes-by-shapes\/\"> caixas r\u00edgidas<\/a> As embalagens estabelecidas para cosm\u00e9ticos de maquilhagem s\u00e3o a base do seu aspeto de excel\u00eancia e da sua carater\u00edstica protetora. A estrutura prim\u00e1ria das caixas \u00e9 feita de cart\u00e3o cinzento ou cart\u00e3o de alta resist\u00eancia, o que garante a sua for\u00e7a e resist\u00eancia ao stress, tornando-a muito menos vulner\u00e1vel \u00e0 contor\u00e7\u00e3o. A camada exterior pode ser revestida com papel revestido de alta qualidade, papel mate ou papel especial. Estes documentos proporcionam uma superf\u00edcie lisa e fr\u00e1gil, uma reprodu\u00e7\u00e3o de alta tonalidade e uma sensa\u00e7\u00e3o agrad\u00e1vel, criando uma excelente base para o manuseamento subsequente.<\/p>\n<p><img decoding=\"async\" class=\"alignnone wp-image-2394 size-large\" src=\"https:\/\/chinacustomboxes.com\/wp-content\/uploads\/2025\/09\/Cosmetic-Paackaging-boxes-4-1024x1024.jpg\" alt=\"Caixas de embalagem de cosm\u00e9ticos para maquilhagem\" width=\"1024\" height=\"1024\" title=\"\" srcset=\"https:\/\/chinacustomboxes.com\/wp-content\/uploads\/2025\/09\/Cosmetic-Paackaging-boxes-4-1024x1024.jpg 1024w, https:\/\/chinacustomboxes.com\/wp-content\/uploads\/2025\/09\/Cosmetic-Paackaging-boxes-4-300x300.jpg 300w, https:\/\/chinacustomboxes.com\/wp-content\/uploads\/2025\/09\/Cosmetic-Paackaging-boxes-4-150x150.jpg 150w, https:\/\/chinacustomboxes.com\/wp-content\/uploads\/2025\/09\/Cosmetic-Paackaging-boxes-4-768x768.jpg 768w, https:\/\/chinacustomboxes.com\/wp-content\/uploads\/2025\/09\/Cosmetic-Paackaging-boxes-4-1536x1536.jpg 1536w, https:\/\/chinacustomboxes.com\/wp-content\/uploads\/2025\/09\/Cosmetic-Paackaging-boxes-4-12x12.jpg 12w, https:\/\/chinacustomboxes.com\/wp-content\/uploads\/2025\/09\/Cosmetic-Paackaging-boxes-4-600x600.jpg 600w, https:\/\/chinacustomboxes.com\/wp-content\/uploads\/2025\/09\/Cosmetic-Paackaging-boxes-4-100x100.jpg 100w, https:\/\/chinacustomboxes.com\/wp-content\/uploads\/2025\/09\/Cosmetic-Paackaging-boxes-4.jpg 1920w\" sizes=\"(max-width: 1024px) 100vw, 1024px\" \/><\/p>\n<h2 id=\"-3-charming-craftsmanship-builds-a-brand-s-distinctive-taste-\"><strong>3. O artesanato encantador constr\u00f3i o gosto distintivo de uma marca\u00a0<\/strong><\/h2>\n<p>A beleza artesanal \u00e9 vital para obter efeitos de design e melhorar a qualidade da embalagem. Esta embalagem r\u00edgida de produtos de maquilhagem e cosm\u00e9ticos utiliza uma gama de procedimentos inovadores de impress\u00e3o e acabamento:.<\/p>\n<ul>\n<li><strong>Impress\u00e3o de alta defini\u00e7\u00e3o:\u00a0<\/strong>A introdu\u00e7\u00e3o do artigo e o retrato no verso da embalagem apresentam tonalidades delicadas e transi\u00e7\u00f5es suaves, demonstrando uma impress\u00e3o de alta precis\u00e3o.<\/li>\n<li><strong>Estampagem a quente:\u00a0<\/strong>A componente do texto \u00e9 estampada a quente, produzindo um brilho met\u00e1lico elegante, melhorando consideravelmente o reconhecimento da marca e uma sensa\u00e7\u00e3o de luxo.<\/li>\n<li><strong>Conforma\u00e7\u00e3o de precis\u00e3o:\u00a0<\/strong>As arestas e os cantos das caixas s\u00e3o n\u00edtidos e angulares, gra\u00e7as a um corte preciso e a um entalhe em V, permitindo que o cart\u00e3o desenvolva \u00e2ngulos ideais de 90 graus ap\u00f3s a dobragem, o que resulta num aspeto limpo e deslumbrante.<\/li>\n<\/ul>\n<h2 id=\"-4-timeless-color-combination-catches-consumers-focus-\"><strong>4. A combina\u00e7\u00e3o de cores intemporais atrai a aten\u00e7\u00e3o dos consumidores\u00a0<\/strong><\/h2>\n<p>Este <a href=\"https:\/\/chinacustomboxes.com\/pt\/boxes-by-industries\/\">caixas de embalagem<\/a> utiliza uma combina\u00e7\u00e3o cl\u00e1ssica de branco e cor-de-rosa. O branco, como elemento principal, cria uma apar\u00eancia pura, b\u00e1sica e inovadora. O rosa, como tom de destaque no forro celular e nos lados, inclui um toque suave, encantador e feminino, registando perfeitamente as escolhas visuais do consumidor-alvo. O esquema constante de tons cor-de-rosa, desde os lados das caixas exteriores at\u00e9 ao rebordo da tampa interior e do forro, produz um design total harmonioso e constante, produzindo um aspeto esteticamente agrad\u00e1vel e profissional.<\/p>\n<p><img decoding=\"async\" class=\"alignnone wp-image-2393 size-large\" src=\"https:\/\/chinacustomboxes.com\/wp-content\/uploads\/2025\/09\/Cosmetic-Paackaging-boxes-3-1024x1024.jpg\" alt=\"Caixas de embalagem de cosm\u00e9ticos para maquilhagem\" width=\"1024\" height=\"1024\" title=\"\" srcset=\"https:\/\/chinacustomboxes.com\/wp-content\/uploads\/2025\/09\/Cosmetic-Paackaging-boxes-3-1024x1024.jpg 1024w, https:\/\/chinacustomboxes.com\/wp-content\/uploads\/2025\/09\/Cosmetic-Paackaging-boxes-3-300x300.jpg 300w, https:\/\/chinacustomboxes.com\/wp-content\/uploads\/2025\/09\/Cosmetic-Paackaging-boxes-3-150x150.jpg 150w, https:\/\/chinacustomboxes.com\/wp-content\/uploads\/2025\/09\/Cosmetic-Paackaging-boxes-3-768x768.jpg 768w, https:\/\/chinacustomboxes.com\/wp-content\/uploads\/2025\/09\/Cosmetic-Paackaging-boxes-3-1536x1536.jpg 1536w, https:\/\/chinacustomboxes.com\/wp-content\/uploads\/2025\/09\/Cosmetic-Paackaging-boxes-3-12x12.jpg 12w, https:\/\/chinacustomboxes.com\/wp-content\/uploads\/2025\/09\/Cosmetic-Paackaging-boxes-3-600x600.jpg 600w, https:\/\/chinacustomboxes.com\/wp-content\/uploads\/2025\/09\/Cosmetic-Paackaging-boxes-3-100x100.jpg 100w, https:\/\/chinacustomboxes.com\/wp-content\/uploads\/2025\/09\/Cosmetic-Paackaging-boxes-3.jpg 1919w\" sizes=\"(max-width: 1024px) 100vw, 1024px\" \/><\/p>\n<h2 id=\"-5-inventive-design-information-enhance-interaction-and-link-\"><strong>5. Informa\u00e7\u00f5es de conce\u00e7\u00e3o inventiva Melhorar a intera\u00e7\u00e3o e a liga\u00e7\u00e3o\u00a0<\/strong><\/h2>\n<ul>\n<li><strong>Abertura em forma de envelope:\u00a0<\/strong>O estilo angular em forma de envelope na frente das caixas externas \u00e9 simples mas moderno, orientando os clientes para a abertura das caixas e incluindo interatividade e divers\u00e3o.<\/li>\n<li><strong>C\u00f3digo QR integrado:\u00a0<\/strong>Um c\u00f3digo QR impresso no interior das caixas, um atributo habitual das embalagens modernas, orienta os consumidores para a leitura de mais pormenores sobre os produtos, tutoriais educativos ou eventos da marca, funcionando como uma ponte vital entre o online e o offline.<\/li>\n<\/ul>\n<p><img loading=\"lazy\" decoding=\"async\" class=\"alignnone wp-image-2392 size-large\" src=\"https:\/\/chinacustomboxes.com\/wp-content\/uploads\/2025\/09\/Cosmetic-Paackaging-boxes-2-1024x1024.jpg\" alt=\"Caixas de embalagem de cosm\u00e9ticos para maquilhagem\" width=\"1024\" height=\"1024\" title=\"\" srcset=\"https:\/\/chinacustomboxes.com\/wp-content\/uploads\/2025\/09\/Cosmetic-Paackaging-boxes-2-1024x1024.jpg 1024w, https:\/\/chinacustomboxes.com\/wp-content\/uploads\/2025\/09\/Cosmetic-Paackaging-boxes-2-300x300.jpg 300w, https:\/\/chinacustomboxes.com\/wp-content\/uploads\/2025\/09\/Cosmetic-Paackaging-boxes-2-150x150.jpg 150w, https:\/\/chinacustomboxes.com\/wp-content\/uploads\/2025\/09\/Cosmetic-Paackaging-boxes-2-768x768.jpg 768w, https:\/\/chinacustomboxes.com\/wp-content\/uploads\/2025\/09\/Cosmetic-Paackaging-boxes-2-1536x1536.jpg 1536w, https:\/\/chinacustomboxes.com\/wp-content\/uploads\/2025\/09\/Cosmetic-Paackaging-boxes-2-12x12.jpg 12w, https:\/\/chinacustomboxes.com\/wp-content\/uploads\/2025\/09\/Cosmetic-Paackaging-boxes-2-600x600.jpg 600w, https:\/\/chinacustomboxes.com\/wp-content\/uploads\/2025\/09\/Cosmetic-Paackaging-boxes-2-100x100.jpg 100w, https:\/\/chinacustomboxes.com\/wp-content\/uploads\/2025\/09\/Cosmetic-Paackaging-boxes-2.jpg 1920w\" sizes=\"(max-width: 1024px) 100vw, 1024px\" \/><\/p>\n<h2 id=\"-6-specialist-lining-for-product-protection-\"><strong>6. Revestimento especializado para prote\u00e7\u00e3o do produto\u00a0<\/strong><\/h2>\n<p>O revestimento interno destes <a href=\"https:\/\/chinacustomboxes.com\/pt\/cosmetic-packaging-boxes\/\">conjunto de cosm\u00e9ticos para maquilhagem caixas de embalagem de produtos<\/a> \u00e9 fabricado em EVA de alta densidade, constru\u00eddo com precis\u00e3o de acordo com a forma do artigo. Este material fornece um excelente acolchoamento e propriedades de absor\u00e7\u00e3o de choques, fixando firmemente cada produto na sua posi\u00e7\u00e3o e protegendo contra resson\u00e2ncias e efeitos.<\/p>\n<h2 id=\"-7-comprehensive-and-highly-personalized-to-meet-private-demands-\"><strong>7. Abrangente e altamente personalizado para satisfazer as necessidades particulares\u00a0<\/strong><\/h2>\n<p>Estas caixas r\u00edgidas para embalagens de cosm\u00e9ticos para maquilhagem s\u00e3o um excelente exemplo de elevada modifica\u00e7\u00e3o. Quer se trate da estrutura da embalagem, dimens\u00e3o, op\u00e7\u00e3o de material, conte\u00fado impresso (design do log\u00f3tipo da marca, slogan, informa\u00e7\u00f5es sobre o artigo, etc.), ou a ranhura do forro, podemos adapt\u00e1-la \u00e0s suas necessidades espec\u00edficas, satisfazendo totalmente as exig\u00eancias individualizadas de v\u00e1rias marcas e produtos.<\/p>\n<p><img loading=\"lazy\" decoding=\"async\" class=\"alignnone wp-image-2391 size-large\" src=\"https:\/\/chinacustomboxes.com\/wp-content\/uploads\/2025\/09\/Cosmetic-Paackaging-boxes-1-1024x1024.jpg\" alt=\"Caixas de embalagem de cosm\u00e9ticos para maquilhagem\" width=\"1024\" height=\"1024\" title=\"\" srcset=\"https:\/\/chinacustomboxes.com\/wp-content\/uploads\/2025\/09\/Cosmetic-Paackaging-boxes-1-1024x1024.jpg 1024w, https:\/\/chinacustomboxes.com\/wp-content\/uploads\/2025\/09\/Cosmetic-Paackaging-boxes-1-300x300.jpg 300w, https:\/\/chinacustomboxes.com\/wp-content\/uploads\/2025\/09\/Cosmetic-Paackaging-boxes-1-150x150.jpg 150w, https:\/\/chinacustomboxes.com\/wp-content\/uploads\/2025\/09\/Cosmetic-Paackaging-boxes-1-768x768.jpg 768w, https:\/\/chinacustomboxes.com\/wp-content\/uploads\/2025\/09\/Cosmetic-Paackaging-boxes-1-1536x1536.jpg 1536w, https:\/\/chinacustomboxes.com\/wp-content\/uploads\/2025\/09\/Cosmetic-Paackaging-boxes-1-12x12.jpg 12w, https:\/\/chinacustomboxes.com\/wp-content\/uploads\/2025\/09\/Cosmetic-Paackaging-boxes-1-600x600.jpg 600w, https:\/\/chinacustomboxes.com\/wp-content\/uploads\/2025\/09\/Cosmetic-Paackaging-boxes-1-100x100.jpg 100w, https:\/\/chinacustomboxes.com\/wp-content\/uploads\/2025\/09\/Cosmetic-Paackaging-boxes-1.jpg 1919w\" sizes=\"(max-width: 1024px) 100vw, 1024px\" \/><\/p>\n<h2 id=\"-8-1-hour-sample-turnaround-shows-superior-manufacturing-capabilities-\"><strong>8. A \"rota\u00e7\u00e3o de amostras em 1 hora\" demonstra capacidades de fabrico superiores\u00a0<\/strong><\/h2>\n<p>O \"Prazo de execu\u00e7\u00e3o de 1 hora\" demonstra a forte capacidade de rea\u00e7\u00e3o e de prova do fabricante. Isto indica que as instala\u00e7\u00f5es de fabrico disp\u00f5em de uma equipa de estilo fi\u00e1vel, dispositivos de prova digital e procedimentos de fabrico inovadores, o que nos permite transformar os princ\u00edpios de disposi\u00e7\u00e3o do cliente em amostras f\u00edsicas em tempo de documento, reduzindo consideravelmente o seu ciclo de tomada de decis\u00f5es e aumentando o tempo de coloca\u00e7\u00e3o no mercado.<\/p>","protected":false},"excerpt":{"rendered":"<p>Descubra as nossas caixas de cart\u00e3o personalizadas para embalagem de produtos por grosso, personalizadas especialmente para marcas de charme. Estas caixas de presente, com a sua disposi\u00e7\u00e3o especial de porta bifold, n\u00e3o s\u00f3 produzem uma experi\u00eancia de desembalagem excecional para o seu conjunto de cosm\u00e9ticos, como tamb\u00e9m proporcionam uma seguran\u00e7a excecional do artigo atrav\u00e9s da sua estrutura resistente e revestimento celular EVA preciso. Utilizamos uma variedade de t\u00e9cnicas sofisticadas, incluindo impress\u00e3o de alta defini\u00e7\u00e3o e marca\u00e7\u00e3o a quente, integradas num sofisticado padr\u00e3o de cores branco e rosa, para exibir completamente a alta qualidade superior da sua marca. Apoiamos a modifica\u00e7\u00e3o total da dimens\u00e3o, do produto e da impress\u00e3o, e oferecemos uma solu\u00e7\u00e3o r\u00e1pida de \"produ\u00e7\u00e3o de exemplos em 1 hora\", que \u00e9 um excelente servi\u00e7o de embalagem para aumentar o valor da sua marca e atrair clientes.<\/p>","protected":false},"featured_media":2391,"template":"","meta":{"_kad_post_transparent":"default","_kad_post_title":"","_kad_post_layout":"default","_kad_post_sidebar_id":"","_kad_post_content_style":"default","_kad_post_vertical_padding":"default","_kad_post_feature":"","_kad_post_feature_position":"","_kad_post_header":false,"_kad_post_footer":false,"_kad_post_classname":""},"product_brand":[],"product_cat":[15,17,28,23],"product_tag":[593,591,592],"class_list":{"0":"post-2390","1":"product","2":"type-product","3":"status-publish","4":"has-post-thumbnail","6":"product_cat-boxes-by-shapes","7":"product_cat-boxes-by-industries","8":"product_cat-cosmetic-packaging-boxes","9":"product_cat-unusual-shaped-boxes","10":"product_tag-cosmetic-set-boxes-wholesale","11":"product_tag-custom-makeup-boxes","12":"product_tag-packaging-rigid-boxes","14":"first","15":"instock","16":"shipping-taxable","17":"product-type-simple","18":"entry","19":"content-bg","20":"loop-entry"},"_links":{"self":[{"href":"https:\/\/chinacustomboxes.com\/pt\/wp-json\/wp\/v2\/product\/2390","targetHints":{"allow":["GET"]}}],"collection":[{"href":"https:\/\/chinacustomboxes.com\/pt\/wp-json\/wp\/v2\/product"}],"about":[{"href":"https:\/\/chinacustomboxes.com\/pt\/wp-json\/wp\/v2\/types\/product"}],"wp:featuredmedia":[{"embeddable":true,"href":"https:\/\/chinacustomboxes.com\/pt\/wp-json\/wp\/v2\/media\/2391"}],"wp:attachment":[{"href":"https:\/\/chinacustomboxes.com\/pt\/wp-json\/wp\/v2\/media?parent=2390"}],"wp:term":[{"taxonomy":"product_brand","embeddable":true,"href":"https:\/\/chinacustomboxes.com\/pt\/wp-json\/wp\/v2\/product_brand?post=2390"},{"taxonomy":"product_cat","embeddable":true,"href":"https:\/\/chinacustomboxes.com\/pt\/wp-json\/wp\/v2\/product_cat?post=2390"},{"taxonomy":"product_tag","embeddable":true,"href":"https:\/\/chinacustomboxes.com\/pt\/wp-json\/wp\/v2\/product_tag?post=2390"}],"curies":[{"name":"wp","href":"https:\/\/api.w.org\/{rel}","templated":true}]}}