{"id":290,"date":"2025-04-10T14:24:46","date_gmt":"2025-04-10T14:24:46","guid":{"rendered":"https:\/\/chinacustomboxes.com\/?post_type=product&#038;p=290"},"modified":"2025-04-30T09:00:01","modified_gmt":"2025-04-30T09:00:01","slug":"custom-beauty-cosmetics-eyelash-serum-packaging-box-oem-odm","status":"publish","type":"product","link":"https:\/\/chinacustomboxes.com\/pt\/custom-beauty-cosmetics-eyelash-serum-packaging-box-oem-odm\/","title":{"rendered":"Caixa de embalagem de soro de pestanas para cosm\u00e9ticos de beleza personalizada OEM ODM"},"content":{"rendered":"<h2 id=\"obsidian-luxury-series-magnetic-book-shaped-eyelash-essence-gift-box-oem-odm-customized-version-\">Caixa de embalagem de soro de pestanas para cosm\u00e9ticos de beleza personalizada OEM ODM<\/h2>\n<h2 id=\"-core-parameters-and-technical-specifications-\"><strong>Par\u00e2metros principais e especifica\u00e7\u00f5es t\u00e9cnicas<\/strong><\/h2>\n<ol>\n<li><strong>Material e estrutura<\/strong><\/li>\n<li><strong>Papel de superf\u00edcie<\/strong>: Papel revestido de alto brilho 157G selecionado, com pel\u00edcula mate na superf\u00edcie, toque delicado, resistente ao desgaste e anti-incrustante.<\/li>\n<li><strong>Substrato<\/strong>: Adotar cart\u00e3o cinzento de alta densidade 1200GSM, processado por processo de depress\u00e3o para garantir a planura do corpo da caixa e aumentar a resist\u00eancia \u00e0 compress\u00e3o em 30%, suportando perfeitamente o produto e evitando a deforma\u00e7\u00e3o durante o transporte.<\/li>\n<li><strong>Sistema de aspira\u00e7\u00e3o magn\u00e9tica<\/strong>: \u00cdman forte NdFeB incorporado, a for\u00e7a de suc\u00e7\u00e3o tem uma precis\u00e3o de 0,8-1,2N, abrindo e fechando suavemente e fechando com firmeza, dando uma sensa\u00e7\u00e3o de ritual ao abrir a <a href=\"https:\/\/chinacustomboxes.com\/pt\/gold-glitter-magnetic-closure-collapsible-watch-box-dealer\/\">caixa<\/a>.<\/li>\n<li><strong>Design e artesanato de apar\u00eancia<\/strong><\/li>\n<li><strong>Tom de cor<\/strong>: Fundo preto mate puro, textura obsidiana profunda obtida atrav\u00e9s da tecnologia de impress\u00e3o a cores diretas, combinada com a tecnologia do log\u00f3tipo da marca em prata quente (cor direta Pantone 877C) e ouro vermelho quente (cor direta Pantone 871C), o contraste do brilho met\u00e1lico \u00e9 n\u00edtido e o impacto visual \u00e9 forte.<\/li>\n<li><strong>Precis\u00e3o de estampagem a quente<\/strong>: erro \u22640,1 mm, suporta efeito de estampagem a quente tridimensional de v\u00e1rios n\u00edveis, como o LOGOTIPO da marca adota prata quente em relevo + processo de superposi\u00e7\u00e3o de ouro vermelho quente plano para destacar o n\u00edvel tridimensional.<\/li>\n<li><strong>Tipo de caixa e conce\u00e7\u00e3o funcional<\/strong><\/li>\n<li><strong>Estrutura de tipo livro<\/strong>: Design flip-top da tampa superior e inferior, o \u00e2ngulo de abertura da tampa da caixa \u00e9 \u2265150 \u00b0 e a superf\u00edcie do ecr\u00e3 \u00e9 maximizada; o interior <a href=\"https:\/\/chinacustomboxes.com\/pt\/factory-supply-glitter-paper-custom-eyelash-magnetic-lid-box\/\">caixa<\/a> \u00e9 embutido com uma profundidade de 5 mm para evitar que o frasco de ess\u00eancia se agite.<\/li>\n<li><strong>Personaliza\u00e7\u00e3o da impress\u00e3o<\/strong>: Suporta impress\u00e3o a quatro cores CMYK, correspond\u00eancia de n\u00fameros de cores Pantone a cores diretas e verniz local UV, e pode imprimir de forma flex\u00edvel hist\u00f3rias de marcas, descri\u00e7\u00f5es de ingredientes ou ilustra\u00e7\u00f5es art\u00edsticas, adequadas para edi\u00e7\u00f5es limitadas de f\u00e9rias, modelos conjuntos e outros temas m\u00faltiplos.<\/li>\n<li><strong>Plano de configura\u00e7\u00e3o do tabuleiro interior<\/strong><\/li>\n<li><strong>Op\u00e7\u00f5es de materiais<\/strong>:<\/li>\n<li><strong>Flocagem em EVA<\/strong>: 3 mm de espessura, flocagem curta preta na superf\u00edcie, antiderrapante e resistente ao choque com um toque luxuoso.<\/li>\n<li><strong>Forro em tecido de seda<\/strong>: Tecido de seda de amora 100%, cor opcional vermelho vinho\/verde escuro\/champagne, com tecnologia de pregas \u00e0 m\u00e3o, real\u00e7ando o posicionamento topo de gama.<\/li>\n<li><strong>Tabuleiro de papel amigo do ambiente<\/strong>: Corte e vinco de cart\u00e3o cinzento degrad\u00e1vel, suporte de design de ranhura de cart\u00e3o de garrafa \u00fanica\/dupla, adequado para 15-30 ml de v\u00e1rias especifica\u00e7\u00f5es de garrafa de ess\u00eancia.<\/li>\n<li><strong>Expans\u00e3o da fun\u00e7\u00e3o<\/strong>: Pode integrar gavetas invis\u00edveis e estruturas em camadas para acomodar instru\u00e7\u00f5es, escovas de r\u00edmel e outros acess\u00f3rios.<\/li>\n<\/ol>\n<p><a href=\"http:\/\/chinacustomboxes.com\/pt\/magnetic-closure-boxes\/\"><img fetchpriority=\"high\" decoding=\"async\" class=\"alignnone wp-image-2208 size-full\" src=\"https:\/\/chinacustomboxes.com\/wp-content\/uploads\/2025\/04\/Magnetic-Closure-Box-11.jpg\" alt=\"Caixa com fecho magn\u00e9tico\" width=\"1000\" height=\"1000\" title=\"\" srcset=\"https:\/\/chinacustomboxes.com\/wp-content\/uploads\/2025\/04\/Magnetic-Closure-Box-11.jpg 1000w, https:\/\/chinacustomboxes.com\/wp-content\/uploads\/2025\/04\/Magnetic-Closure-Box-11-300x300.jpg 300w, https:\/\/chinacustomboxes.com\/wp-content\/uploads\/2025\/04\/Magnetic-Closure-Box-11-150x150.jpg 150w, https:\/\/chinacustomboxes.com\/wp-content\/uploads\/2025\/04\/Magnetic-Closure-Box-11-768x768.jpg 768w, https:\/\/chinacustomboxes.com\/wp-content\/uploads\/2025\/04\/Magnetic-Closure-Box-11-12x12.jpg 12w, https:\/\/chinacustomboxes.com\/wp-content\/uploads\/2025\/04\/Magnetic-Closure-Box-11-600x600.jpg 600w, https:\/\/chinacustomboxes.com\/wp-content\/uploads\/2025\/04\/Magnetic-Closure-Box-11-100x100.jpg 100w\" sizes=\"(max-width: 1000px) 100vw, 1000px\" \/><\/a><\/p>\n<h2 id=\"-customized-service-advantages-\"><strong>Vantagens do servi\u00e7o personalizado<\/strong><\/h2>\n<ul>\n<li><strong>Adapta\u00e7\u00e3o da conce\u00e7\u00e3o<\/strong>: Fornecer 8+ bibliotecas de caixas b\u00e1sicas, tais como <a href=\"https:\/\/chinacustomboxes.com\/pt\/dealers-glitter-gift-paper-magnetic-closure-boxes-for-shoe\/\">caixas com fecho magn\u00e9tico<\/a>As caixas de papel, caixas superiores e inferiores, caixas de papel de gaveta, etc., suportam corte e vinco de formas especiais (como cantos curvos, janelas ocas) e combina\u00e7\u00f5es de processos de superf\u00edcie (grava\u00e7\u00e3o em relevo + estampagem a quente + serigrafia).<\/li>\n<li><strong>Ciclo de produ\u00e7\u00e3o<\/strong>: 5-7 dias para a produ\u00e7\u00e3o de amostras, 15-20 dias para a entrega da produ\u00e7\u00e3o em massa (encomenda m\u00ednima de 1000-5000 conjuntos), apoiando a produ\u00e7\u00e3o flex\u00edvel de pequenos lotes.<\/li>\n<li><strong>Certifica\u00e7\u00e3o ambiental<\/strong>: Aprovado na certifica\u00e7\u00e3o florestal FSC, o material do tabuleiro interior est\u00e1 em conformidade com as normas REACH e RoHS e pode ser fornecido um relat\u00f3rio sobre a pegada de carbono.<\/li>\n<\/ul>\n<h2 id=\"-application-scenarios-and-value-enhancement-\"><strong>Cen\u00e1rios de aplica\u00e7\u00e3o e aumento do valor<\/strong><\/h2>\n<ul>\n<li><strong>Imagem de marca<\/strong>: Atrav\u00e9s da est\u00e9tica preta e dourada e do design interativo de abertura e fecho magn\u00e9tico, refor\u00e7a o tom da marca \"profissional, topo de gama e requintado\" e melhora a experi\u00eancia de desembalagem e os pontos de mem\u00f3ria do utilizador.<\/li>\n<li><strong>Capacita\u00e7\u00e3o para o marketing<\/strong>: Suporte para estampagem a quente de c\u00f3digos QR, impress\u00e3o de camadas interactivas AR, liga\u00e7\u00e3o de conte\u00fados digitais em linha e integra\u00e7\u00e3o de produtos e efeitos.<\/li>\n<\/ul>\n<h2 id=\"-service-commitment-\"><strong>Compromisso de servi\u00e7o<\/strong><\/h2>\n<p>Fornecer apoio ODM a todo o processo, desde a conce\u00e7\u00e3o estrutural, sele\u00e7\u00e3o de materiais at\u00e9 \u00e0 implementa\u00e7\u00e3o do processo, assegurando que cada liga\u00e7\u00e3o est\u00e1 profundamente em conformidade com o ADN da marca, ajudando o produto a destacar-se no mercado da beleza de alta gama.<\/p>","protected":false},"excerpt":{"rendered":"<p>Esta caixa com fecho magn\u00e9tico tem um m\u00e9todo solene de abertura e fecho. O requintado trabalho artesanal de estampagem a quente em prata e ouro vermelho confere-lhe um charme \u00fanico e um estilo excecional.<\/p>","protected":false},"featured_media":292,"template":"","meta":{"_kad_post_transparent":"default","_kad_post_title":"","_kad_post_layout":"default","_kad_post_sidebar_id":"","_kad_post_content_style":"default","_kad_post_vertical_padding":"default","_kad_post_feature":"","_kad_post_feature_position":"","_kad_post_header":false,"_kad_post_footer":false,"_kad_post_classname":""},"product_brand":[],"product_cat":[15,17,28,18],"product_tag":[87,89,88],"class_list":{"0":"post-290","1":"product","2":"type-product","3":"status-publish","4":"has-post-thumbnail","6":"product_cat-boxes-by-shapes","7":"product_cat-boxes-by-industries","8":"product_cat-cosmetic-packaging-boxes","9":"product_cat-magnetic-closure-boxes","10":"product_tag-custom-beauty-packaging","11":"product_tag-custom-cosmetics-packaging","12":"product_tag-eyelash-serum-packaging-box","14":"first","15":"instock","16":"shipping-taxable","17":"product-type-simple","18":"entry","19":"content-bg","20":"loop-entry"},"_links":{"self":[{"href":"https:\/\/chinacustomboxes.com\/pt\/wp-json\/wp\/v2\/product\/290","targetHints":{"allow":["GET"]}}],"collection":[{"href":"https:\/\/chinacustomboxes.com\/pt\/wp-json\/wp\/v2\/product"}],"about":[{"href":"https:\/\/chinacustomboxes.com\/pt\/wp-json\/wp\/v2\/types\/product"}],"wp:featuredmedia":[{"embeddable":true,"href":"https:\/\/chinacustomboxes.com\/pt\/wp-json\/wp\/v2\/media\/292"}],"wp:attachment":[{"href":"https:\/\/chinacustomboxes.com\/pt\/wp-json\/wp\/v2\/media?parent=290"}],"wp:term":[{"taxonomy":"product_brand","embeddable":true,"href":"https:\/\/chinacustomboxes.com\/pt\/wp-json\/wp\/v2\/product_brand?post=290"},{"taxonomy":"product_cat","embeddable":true,"href":"https:\/\/chinacustomboxes.com\/pt\/wp-json\/wp\/v2\/product_cat?post=290"},{"taxonomy":"product_tag","embeddable":true,"href":"https:\/\/chinacustomboxes.com\/pt\/wp-json\/wp\/v2\/product_tag?post=290"}],"curies":[{"name":"wp","href":"https:\/\/api.w.org\/{rel}","templated":true}]}}