{"id":529,"date":"2025-04-12T06:52:35","date_gmt":"2025-04-12T06:52:35","guid":{"rendered":"https:\/\/chinacustomboxes.com\/?post_type=product&#038;p=529"},"modified":"2025-04-30T06:30:45","modified_gmt":"2025-04-30T06:30:45","slug":"lid-and-base-box-clothes-apparel-shapewear-packaging-factory","status":"publish","type":"product","link":"https:\/\/chinacustomboxes.com\/pt\/lid-and-base-box-clothes-apparel-shapewear-packaging-factory\/","title":{"rendered":"Tampa e base da caixa F\u00e1brica de embalagens de vestu\u00e1rio de vestu\u00e1rio de forma"},"content":{"rendered":"<h2>Tampa e base da caixa F\u00e1brica de embalagens de vestu\u00e1rio de vestu\u00e1rio de forma<\/h2>\n<h2 id=\"1-appearance-design-\">1.\u00a0<strong>Conce\u00e7\u00e3o do aspeto<\/strong><\/h2>\n<p>O corpo da caixa adopta a estrutura cl\u00e1ssica da tampa superior e inferior, as tampas superior e inferior s\u00e3o bem apertadas e a abertura e o fecho s\u00e3o pr\u00e1ticos e est\u00e1veis. A cor principal castanha mate \u00e9 combinada com o log\u00f3tipo ou padr\u00e3o do processo de estampagem a quente, o que revela a textura leve e luxuosa de uma forma discreta. Se precisar de melhorar o n\u00edvel visual, pode adicionar tecnologia de relevo ou de grava\u00e7\u00e3o em relevo para melhorar o tato e o sentido tridimensional.<\/p>\n<h2 id=\"2-inner-lining-adaptation-\">2.\u00a0<strong>Adapta\u00e7\u00e3o do revestimento interior<\/strong><\/h2>\n<p>De acordo com o tamanho e o posicionamento das categorias de vestu\u00e1rio (como body shapers, t-shirts, saias), proporcione op\u00e7\u00f5es de forro diversificadas:<\/p>\n<ul>\n<li><strong>Forro em EVA flocking<\/strong>: A superf\u00edcie \u00e9 coberta por uma flanela delicada, macia e resistente a riscos, adequada para rendas de alta qualidade ou tecidos de seda;<\/li>\n<li><strong>Suporte interior em algod\u00e3o p\u00e9rola<\/strong>: Amigo do ambiente e resistente \u00e0 press\u00e3o, a ranhura pode ser personalizada para fixar a roupa e garantir um transporte \u00e0 prova de choque;<\/li>\n<li><strong>Divis\u00f3ria em camadas de tecido de seda<\/strong>: Com tiras de la\u00e7o, pode separar v\u00e1rias pe\u00e7as de roupa e aumentar a sensa\u00e7\u00e3o de cerim\u00f3nia ao desempacotar.<\/li>\n<\/ul>\n<h2 id=\"3-decorative-details-\">3.\u00a0<strong>Pormenores decorativos<\/strong><\/h2>\n<p>O <a href=\"https:\/\/chinacustomboxes.com\/pt\/custom-child-proof-5-pre-roll-drawer-box-divider-boxes-consultant\/\">caixa<\/a> A tampa \u00e9 acompanhada por uma fita de la\u00e7o de cetim da mesma cor ou de cor contrastante, que apresenta uma forma completa atrav\u00e9s de um processo de dobragem tridimensional. A cauda da fita pode ser impressa com um slogan da marca, o que combina reconhecimento da marca e car\u00e1cter decorativo. A caixa interior pode ser embutida com uma fivela magn\u00e9tica ou uma pega de fita para aumentar a comodidade de abertura.<\/p>\n<h2 id=\"4-customized-service-\">4.\u00a0<strong>Servi\u00e7o personalizado<\/strong><\/h2>\n<p>Baseando-se em 16 anos de experi\u00eancia em impress\u00e3o e <a href=\"https:\/\/chinacustomboxes.com\/pt\/dealer-holographic-paper-clamshell-gift-vip-credit-card-box\/\">embalagem<\/a> suporta a personaliza\u00e7\u00e3o total dos links:<\/p>\n<ul>\n<li><strong>Tamanho flex\u00edvel<\/strong>: Desde caixas de roupa interior compactas (como 16\u00d724cm) a caixas de casacos de grande capacidade (como 30\u00d750cm), \u00e9 adequada para diferentes produtos;<\/li>\n<li><strong>Atualiza\u00e7\u00e3o tecnol\u00f3gica<\/strong>: Impress\u00e3o UV opcional, laser parcial, materiais degrad\u00e1veis, etc., para satisfazer as necessidades de prote\u00e7\u00e3o ambiental ou de alta gama;<\/li>\n<li><strong>Elementos da marca<\/strong>: O cart\u00e3o de revestimento interior pode ser impresso com instru\u00e7\u00f5es de lavagem ou hist\u00f3rias da marca, e a caixa exterior pode ser impressa com etiquetas anti-contrafa\u00e7\u00e3o para melhorar a experi\u00eancia do cliente.<\/li>\n<\/ul>\n<h2 id=\"5-quality-assurance-\">5.\u00a0<strong>Garantia de qualidade<\/strong><\/h2>\n<p>A cadeia de abastecimento integra a produ\u00e7\u00e3o de mat\u00e9rias-primas como o papel, o EVA e a fita, e passou a certifica\u00e7\u00e3o do sistema de qualidade ISO9001 para garantir um controlo de qualidade total desde a prova de conce\u00e7\u00e3o at\u00e9 \u00e0 entrega em massa. Suporta o acompanhamento em tempo real do progresso da produ\u00e7\u00e3o no WeChat, entrega r\u00e1pida no prazo de 7-15 dias e log\u00edstica direta para outros locais.<\/p>\n<h2 id=\"-application-scenarios-\"><strong>Cen\u00e1rios de aplica\u00e7\u00e3o:<\/strong><\/h2>\n<p>Adequado para <a href=\"https:\/\/chinacustomboxes.com\/pt\/private-label-child-resistant-drawer-box-for-vape-cartridge\/\">embalagem<\/a> de produtos como modeladores de corpo, roupa para casa e roupa de pronto-a-vestir topo de gama, tendo em conta a melhoria da imagem da marca e as necessidades de prote\u00e7\u00e3o do transporte. Apoia a personaliza\u00e7\u00e3o de manuscritos e amostras, e fornece servi\u00e7os gratuitos de otimiza\u00e7\u00e3o e prova de design.<\/p>","protected":false},"excerpt":{"rendered":"<p>Toda a caixa \u00e9 castanha, com um estilo de caixas de tampa e base, que \u00e9 discreto e est\u00e1vel, bastante na moda, e tem um efeito tridimensional com acess\u00f3rios de la\u00e7o de fita. \u00c9 diversificada e pr\u00e1tica, dando um toque de cor \u00e0 sua caixa de embalagem.<\/p>","protected":false},"featured_media":534,"template":"","meta":{"_kad_post_transparent":"default","_kad_post_title":"","_kad_post_layout":"default","_kad_post_sidebar_id":"","_kad_post_content_style":"default","_kad_post_vertical_padding":"default","_kad_post_feature":"","_kad_post_feature_position":"","_kad_post_header":false,"_kad_post_footer":false,"_kad_post_classname":""},"product_brand":[],"product_cat":[15,17,30,19],"product_tag":[174,173,175],"class_list":{"0":"post-529","1":"product","2":"type-product","3":"status-publish","4":"has-post-thumbnail","6":"product_cat-boxes-by-shapes","7":"product_cat-boxes-by-industries","8":"product_cat-clothing-packaging-boxes","9":"product_cat-lid-and-base-boxes","10":"product_tag-apparel-lid-and-base-box","11":"product_tag-clothes-packaging-factory","12":"product_tag-shapewear-packaging-factory","14":"first","15":"instock","16":"shipping-taxable","17":"product-type-simple","18":"entry","19":"content-bg","20":"loop-entry"},"_links":{"self":[{"href":"https:\/\/chinacustomboxes.com\/pt\/wp-json\/wp\/v2\/product\/529","targetHints":{"allow":["GET"]}}],"collection":[{"href":"https:\/\/chinacustomboxes.com\/pt\/wp-json\/wp\/v2\/product"}],"about":[{"href":"https:\/\/chinacustomboxes.com\/pt\/wp-json\/wp\/v2\/types\/product"}],"wp:featuredmedia":[{"embeddable":true,"href":"https:\/\/chinacustomboxes.com\/pt\/wp-json\/wp\/v2\/media\/534"}],"wp:attachment":[{"href":"https:\/\/chinacustomboxes.com\/pt\/wp-json\/wp\/v2\/media?parent=529"}],"wp:term":[{"taxonomy":"product_brand","embeddable":true,"href":"https:\/\/chinacustomboxes.com\/pt\/wp-json\/wp\/v2\/product_brand?post=529"},{"taxonomy":"product_cat","embeddable":true,"href":"https:\/\/chinacustomboxes.com\/pt\/wp-json\/wp\/v2\/product_cat?post=529"},{"taxonomy":"product_tag","embeddable":true,"href":"https:\/\/chinacustomboxes.com\/pt\/wp-json\/wp\/v2\/product_tag?post=529"}],"curies":[{"name":"wp","href":"https:\/\/api.w.org\/{rel}","templated":true}]}}