{"id":628,"date":"2025-04-13T07:49:49","date_gmt":"2025-04-13T07:49:49","guid":{"rendered":"https:\/\/chinacustomboxes.com\/?post_type=product&#038;p=628"},"modified":"2025-04-30T05:57:53","modified_gmt":"2025-04-30T05:57:53","slug":"custom-printed-vape-pen-cartridge-packaging-box-manufacturer","status":"publish","type":"product","link":"https:\/\/chinacustomboxes.com\/pt\/custom-printed-vape-pen-cartridge-packaging-box-manufacturer\/","title":{"rendered":"Caixa de embalagem de cartucho de caneta Vape impressa personalizada Fabricante"},"content":{"rendered":"<h2 id=\"16-years-of-craftsmanship-to-create-a-child-resistant-child-resistant-e-cigarette-pen-ink-cartridge-packaging-solution\">Caixa de embalagem de cartucho de caneta Vape impressa personalizada Solu\u00e7\u00e3o de embalagem do fabricante<\/h2>\n<h2><strong>1. Resistente \u00e0s crian\u00e7as <\/strong><strong>Conce\u00e7\u00e3o<\/strong><\/h2>\n<p>Adoptando um design inovador de estrutura de fivela, requer uma for\u00e7a e um \u00e2ngulo espec\u00edficos para abrir, evitando eficazmente o risco de as crian\u00e7as lhe tocarem por engano. O orif\u00edcio oval na parte lateral da caixa de embalagem \u00e9 combinado com o tipo de caixa extra\u00edvel, que n\u00e3o s\u00f3 satisfaz as necessidades dos adultos para um acesso c\u00f3modo, como tamb\u00e9m satisfaz as normas internacionais <a href=\"https:\/\/chinacustomboxes.com\/pt\/customized-slider-child-resistant-box-rigid-boxes-wholesale\/\">embalagens resistentes \u00e0s crian\u00e7as<\/a> atrav\u00e9s da conce\u00e7\u00e3o de barreiras f\u00edsicas.<\/p>\n<h2 id=\"-2-drawer-paper-boxes-design-\"><strong>2. Design de caixas de papel de gaveta<\/strong><\/h2>\n<p>O tipo de caixa de papel de gaveta est\u00e1 centrado na experi\u00eancia de abertura e fecho suaves. A abertura da tira longa preta \u00e9 combinada com a cor de fundo gradiente, que tem beleza visual e fun\u00e7\u00f5es pr\u00e1ticas. A estrutura do corpo da caixa \u00e9 est\u00e1vel, pode ser aberta e fechada repetidamente sem folga e est\u00e1 perfeitamente adaptada \u00e0 utiliza\u00e7\u00e3o frequente de tinteiros de caneta para cigarros electr\u00f3nicos.<\/p>\n<h2 id=\"-3-premium-art-paper-\"><strong>3. Papel art\u00edstico de qualidade superior<\/strong><\/h2>\n<p>Papel revestido selecionado de 300g ou mais, com pel\u00edcula mate\/brilhante na superf\u00edcie, resistente ao desgaste e \u00e0 press\u00e3o, e elevada reprodu\u00e7\u00e3o de cores de impress\u00e3o. O material \u00e9 amigo do ambiente e n\u00e3o t\u00f3xico, e a certifica\u00e7\u00e3o ROHS foi aprovada, garantindo que n\u00e3o se desvanece nem se deforma durante o armazenamento prolongado, melhorando a textura de alta qualidade do produto...<\/p>\n<h2 id=\"-4-360-customizable-printing-\"><strong>4. Impress\u00e3o personaliz\u00e1vel a 360<\/strong><\/h2>\n<p>Suporta impress\u00e3o multidirecional na superf\u00edcie, lado e fundo da caixa, e pode substituir livremente as palavras \"TEXTO\" e \"LOGO\", compat\u00edvel com efeitos de gradiente monocrom\u00e1ticos a cores. Quer se trate de log\u00f3tipos de marcas, avisos ou padr\u00f5es de desenhos animados, podem ser restaurados com precis\u00e3o para alcan\u00e7ar um elevado grau de unidade visual entre <a href=\"https:\/\/chinacustomboxes.com\/pt\/distributing-magnetic-lid-rigid-box-for-vip-membership-card\/\">embalagem<\/a> e marca.<\/p>\n<h2 id=\"-5-tailored-foam-insert-\"><strong>5. Inser\u00e7\u00e3o de espuma \u00e0 medida<\/strong><\/h2>\n<p>De acordo com o tamanho, forma e disposi\u00e7\u00e3o do cartucho\/caneta, fornecemos servi\u00e7os de personaliza\u00e7\u00e3o do revestimento EVA\/PEP. A precis\u00e3o de corte do forro \u00e9 de \u00b10,5mm, o que fixa eficazmente o produto para evitar choques e colis\u00f5es, optimizando a utiliza\u00e7\u00e3o do espa\u00e7o e reduzindo a taxa de perda de transporte.<\/p>\n<h2 id=\"-6-cartoon-ip-empowerment-marketing-cartoon-visual-impact-\"><strong>6. Marketing de capacita\u00e7\u00e3o de PI dos desenhos animados (impacto visual dos desenhos animados)<\/strong><\/h2>\n<p>Design original ou autorizado de padr\u00f5es de desenhos animados, tais como animais engra\u00e7ados, ilustra\u00e7\u00f5es da moda, etc., abrangendo gradiente rosa e roxo, castanho e frio e outros esquemas de cores. Os visuais v\u00edvidos atingem diretamente os grupos de consumidores jovens, ajudando as marcas a estabelecer rapidamente pontos de mem\u00f3ria entre os produtos concorrentes.<\/p>\n<p><em>##\u00a0<\/em>7. 16 anos de aprova\u00e7\u00e3o da f\u00e1brica de origem (Especialista em OEM\/ODM)** O principal fabricante da China no dom\u00ednio da <a href=\"https:\/\/chinacustomboxes.com\/pt\/child-resistant-510-vape-cartridge-packaging-boxes-wholesale\/\">embalagens para vape<\/a>A nossa empresa \u00e9 uma empresa de servi\u00e7os, servindo mais de 300 marcas em todo o mundo e fornecendo mais de 50 milh\u00f5es de caixas de embalagem personalizadas no total. Desde a prova do design at\u00e9 \u00e0 inspe\u00e7\u00e3o da qualidade da produ\u00e7\u00e3o em massa, toda a cadeia de f\u00e1bricas pr\u00f3prias \u00e9 controlada para garantir uma resposta em 48 horas e uma entrega ultra-r\u00e1pida em 7-15 dias.<\/p>","protected":false},"excerpt":{"rendered":"<p>Esta caixa de papel para gavetas \u00e0 prova de crian\u00e7as \u00e9 feita de papel revestido de alta qualidade e laminado, tendo em conta a elevada reprodu\u00e7\u00e3o de cores e a prote\u00e7\u00e3o ambiental. Suporta a personaliza\u00e7\u00e3o da impress\u00e3o em cena completa e est\u00e1 equipada com um corte preciso do forro para evitar choques e press\u00f5es. Atrav\u00e9s da inova\u00e7\u00e3o estrutural e da otimiza\u00e7\u00e3o de materiais, alcan\u00e7a um equil\u00edbrio triplo de prote\u00e7\u00e3o de seguran\u00e7a, apelo visual e efici\u00eancia de transporte.<\/p>","protected":false},"featured_media":631,"template":"","meta":{"_kad_post_transparent":"default","_kad_post_title":"","_kad_post_layout":"default","_kad_post_sidebar_id":"","_kad_post_content_style":"default","_kad_post_vertical_padding":"default","_kad_post_feature":"","_kad_post_feature_position":"","_kad_post_header":false,"_kad_post_footer":false,"_kad_post_classname":""},"product_brand":[],"product_cat":[15,17,39,40],"product_tag":[216,217,215],"class_list":{"0":"post-628","1":"product","2":"type-product","3":"status-publish","4":"has-post-thumbnail","6":"product_cat-boxes-by-shapes","7":"product_cat-boxes-by-industries","8":"product_cat-cannabis-packaging","9":"product_cat-child-resistant-packaging","10":"product_tag-cartridge-packaging-manufacturer","11":"product_tag-custom-vape-packaging","12":"product_tag-vape-pen-cartridge-packaging","14":"first","15":"instock","16":"shipping-taxable","17":"product-type-simple","18":"entry","19":"content-bg","20":"loop-entry"},"_links":{"self":[{"href":"https:\/\/chinacustomboxes.com\/pt\/wp-json\/wp\/v2\/product\/628","targetHints":{"allow":["GET"]}}],"collection":[{"href":"https:\/\/chinacustomboxes.com\/pt\/wp-json\/wp\/v2\/product"}],"about":[{"href":"https:\/\/chinacustomboxes.com\/pt\/wp-json\/wp\/v2\/types\/product"}],"wp:featuredmedia":[{"embeddable":true,"href":"https:\/\/chinacustomboxes.com\/pt\/wp-json\/wp\/v2\/media\/631"}],"wp:attachment":[{"href":"https:\/\/chinacustomboxes.com\/pt\/wp-json\/wp\/v2\/media?parent=628"}],"wp:term":[{"taxonomy":"product_brand","embeddable":true,"href":"https:\/\/chinacustomboxes.com\/pt\/wp-json\/wp\/v2\/product_brand?post=628"},{"taxonomy":"product_cat","embeddable":true,"href":"https:\/\/chinacustomboxes.com\/pt\/wp-json\/wp\/v2\/product_cat?post=628"},{"taxonomy":"product_tag","embeddable":true,"href":"https:\/\/chinacustomboxes.com\/pt\/wp-json\/wp\/v2\/product_tag?post=628"}],"curies":[{"name":"wp","href":"https:\/\/api.w.org\/{rel}","templated":true}]}}