{"id":640,"date":"2025-04-13T08:49:20","date_gmt":"2025-04-13T08:49:20","guid":{"rendered":"https:\/\/chinacustomboxes.com\/?post_type=product&#038;p=640"},"modified":"2025-04-30T05:52:58","modified_gmt":"2025-04-30T05:52:58","slug":"custom-bath-soap-sleeve-slide-drawer-boxes-wholesale","status":"publish","type":"product","link":"https:\/\/chinacustomboxes.com\/pt\/custom-bath-soap-sleeve-slide-drawer-boxes-wholesale\/","title":{"rendered":"Caixas de gavetas para sabonetes de banho e caixas de gavetas deslizantes personalizadas por atacado"},"content":{"rendered":"<h2 id=\"customized-bath-soap-box-and-sliding-drawer-box-wholesale-product-description\">Caixa de sab\u00e3o de banho personalizada e caixa de gaveta deslizante Descri\u00e7\u00e3o do produto por atacado<\/h2>\n<h2 id=\"1-convenient-pull-out-opening-and-closing-\">1.\u00a0<strong>Abertura e fecho c\u00f3modos das caixas de papel de gaveta<\/strong><\/h2>\n<p>Design de opera\u00e7\u00e3o com uma m\u00e3o, o <a href=\"https:\/\/chinacustomboxes.com\/pt\/vendor-order-custom-rigid-drawer-box-sigwarjewelry-packaging\/\">caixas de papel de gaveta<\/a> A correia est\u00e1 embutida em material de silicone azul escuro resistente ao desgaste, que desliza suavemente sem encravar, adequado para utiliza\u00e7\u00e3o em ambientes h\u00famidos, como casas de banho e cozinhas. A calha da gaveta adopta a tecnologia de deslizamento silencioso para garantir um processo de puxar e puxar suave e duradouro.<\/p>\n<h2 id=\"2-internal-partition-and-buffer-protection-\">2.\u00a0<strong>Prote\u00e7\u00e3o da parti\u00e7\u00e3o interna e da mem\u00f3ria interm\u00e9dia<\/strong><\/h2>\n<ul>\n<li><strong>Conce\u00e7\u00e3o de divis\u00f3rias anti-colis\u00e3o<\/strong>: As divis\u00f3rias ajust\u00e1veis s\u00e3o colocadas no interior para se adaptarem a sabonetes ou produtos de higiene pessoal de diferentes tamanhos para evitar a colis\u00e3o e o desgaste dos artigos.<\/li>\n<li><strong>Papel picado + r\u00e1fia para amortecimento duplo<\/strong>: O fundo \u00e9 forrado com r\u00e1fia natural, macia e el\u00e1stica, que absorve eficazmente as vibra\u00e7\u00f5es durante o transporte ou a desloca\u00e7\u00e3o; o papel picado preenche os espa\u00e7os vazios para refor\u00e7ar ainda mais a prote\u00e7\u00e3o.<\/li>\n<\/ul>\n<h2 id=\"3-environmentally-friendly-materials-and-durability-\">3.\u00a0<strong>Materiais amigos do ambiente e durabilidade<\/strong><\/h2>\n<ul>\n<li><strong>Revestido <a href=\"https:\/\/chinacustomboxes.com\/pt\/collapsible-magnetic-gifts-box-for-christmas-promotional\/\">caixa de papel<\/a> corpo<\/strong>: \u00c9 utilizado papel revestido espesso e a superf\u00edcie \u00e9 coberta com uma pel\u00edcula mate amiga do ambiente, que \u00e9 imperme\u00e1vel e \u00e0 prova de humidade, com forte resist\u00eancia ao rasgo, e pode ser reutilizada para guardar cosm\u00e9ticos, artigos de papelaria e outras cenas.<\/li>\n<li><strong>Estrutura de refor\u00e7o personaliz\u00e1vel<\/strong>: Para as necessidades de armazenamento de objectos pesados, pode ser atualizado para um processo composto de papel revestido de dupla camada para aumentar a capacidade de carga para 5 kg.<\/li>\n<\/ul>\n<h2 id=\"4-appearance-customization-\">4.\u00a0<strong>Personaliza\u00e7\u00e3o do aspeto<\/strong><\/h2>\n<ul>\n<li><strong>Padr\u00e3o e cor<\/strong>: Suporta a correspond\u00eancia exacta de cores dos cart\u00f5es de cores Pantone e o padr\u00e3o paisley pode ser substitu\u00eddo por padr\u00f5es personalizados, como geometria e plantas.<\/li>\n<li><strong>Log\u00f3tipo da marca<\/strong>: Fornece estampagem a quente, grava\u00e7\u00e3o UV, serigrafia e outros processos, e pode imprimir o LOGOTIPO da empresa ou slogans personalizados.<\/li>\n<\/ul>\n<h2 id=\"5-function-adjustment-\">5.\u00a0<strong>Ajuste da fun\u00e7\u00e3o<\/strong><\/h2>\n<ul>\n<li><strong>Tamanho flex\u00edvel<\/strong>: Permite a personaliza\u00e7\u00e3o em tamanho real de modelos mini port\u00e1teis (11,5<em>8cm) a combina\u00e7\u00f5es de gavetas de v\u00e1rias camadas (40<\/em>30cm).<\/li>\n<li><strong>Sele\u00e7\u00e3o do revestimento<\/strong>: Para al\u00e9m da r\u00e1fia, pode ser substitu\u00edda por EVA, algod\u00e3o p\u00e9rola e outros materiais para responder a diferentes necessidades de prote\u00e7\u00e3o contra choques.<\/li>\n<\/ul>\n<h2 id=\"6-applicable-scenarios-and-advantages-\">6.\u00a0<strong>Cen\u00e1rios e vantagens aplic\u00e1veis<\/strong><\/h2>\n<ul>\n<li><strong>Cen\u00e1rios dom\u00e9sticos e comerciais<\/strong>: Aplic\u00e1vel a caixas de sab\u00e3o para casa de banho, embalagens de produtos de higiene pessoal para hot\u00e9is, <a href=\"https:\/\/chinacustomboxes.com\/pt\/china-fabrication-magnetic-collapsible-gift-box-with-ribbon\/\">personaliza\u00e7\u00e3o da caixa de oferta<\/a>, etc.<\/li>\n<li><strong>Prote\u00e7\u00e3o ambiental e rentabilidade<\/strong>: O material est\u00e1 em conformidade com a certifica\u00e7\u00e3o RoHS e SGS, e uma \u00fanica caixa pode ser reutilizada durante mais de 3 anos, reduzindo os res\u00edduos de embalagens.<\/li>\n<\/ul>","protected":false},"excerpt":{"rendered":"<p>O corpo da caixa \u00e9 verde-claro e azul-esverdeado, com padr\u00e3o paisley retro branco, apresentando um efeito visual fresco e elegante. O anel de tra\u00e7\u00e3o azul-escuro contrasta com o corpo da caixa, real\u00e7ando as camadas do design.<\/p>","protected":false},"featured_media":643,"template":"","meta":{"_kad_post_transparent":"default","_kad_post_title":"","_kad_post_layout":"default","_kad_post_sidebar_id":"","_kad_post_content_style":"default","_kad_post_vertical_padding":"default","_kad_post_feature":"","_kad_post_feature_position":"","_kad_post_header":false,"_kad_post_footer":false,"_kad_post_classname":""},"product_brand":[],"product_cat":[15,17,28,20],"product_tag":[222,221,223],"class_list":{"0":"post-640","1":"product","2":"type-product","3":"status-publish","4":"has-post-thumbnail","6":"product_cat-boxes-by-shapes","7":"product_cat-boxes-by-industries","8":"product_cat-cosmetic-packaging-boxes","9":"product_cat-drawer-style-boxes","10":"product_tag-bath-soap-slide-drawer-boxes","11":"product_tag-custom-soap-boxes","12":"product_tag-soap-boxes-wholesale","14":"first","15":"instock","16":"shipping-taxable","17":"product-type-simple","18":"entry","19":"content-bg","20":"loop-entry"},"_links":{"self":[{"href":"https:\/\/chinacustomboxes.com\/pt\/wp-json\/wp\/v2\/product\/640","targetHints":{"allow":["GET"]}}],"collection":[{"href":"https:\/\/chinacustomboxes.com\/pt\/wp-json\/wp\/v2\/product"}],"about":[{"href":"https:\/\/chinacustomboxes.com\/pt\/wp-json\/wp\/v2\/types\/product"}],"wp:featuredmedia":[{"embeddable":true,"href":"https:\/\/chinacustomboxes.com\/pt\/wp-json\/wp\/v2\/media\/643"}],"wp:attachment":[{"href":"https:\/\/chinacustomboxes.com\/pt\/wp-json\/wp\/v2\/media?parent=640"}],"wp:term":[{"taxonomy":"product_brand","embeddable":true,"href":"https:\/\/chinacustomboxes.com\/pt\/wp-json\/wp\/v2\/product_brand?post=640"},{"taxonomy":"product_cat","embeddable":true,"href":"https:\/\/chinacustomboxes.com\/pt\/wp-json\/wp\/v2\/product_cat?post=640"},{"taxonomy":"product_tag","embeddable":true,"href":"https:\/\/chinacustomboxes.com\/pt\/wp-json\/wp\/v2\/product_tag?post=640"}],"curies":[{"name":"wp","href":"https:\/\/api.w.org\/{rel}","templated":true}]}}