{"id":859,"date":"2025-04-15T06:21:33","date_gmt":"2025-04-15T06:21:33","guid":{"rendered":"https:\/\/chinacustomboxes.com\/?post_type=product&#038;p=859"},"modified":"2025-04-30T08:28:18","modified_gmt":"2025-04-30T08:28:18","slug":"distribute-magnetic-lid-rigid-box-for-lipstick-mini-perfume","status":"publish","type":"product","link":"https:\/\/chinacustomboxes.com\/pt\/distribute-magnetic-lid-rigid-box-for-lipstick-mini-perfume\/","title":{"rendered":"Distribuir caixa r\u00edgida com tampa magn\u00e9tica para batom e mini perfume"},"content":{"rendered":"<h2 id=\"-product-description-of-magnetic-lid-lipstick-mini-perfume-hard-box-\"><strong>Descri\u00e7\u00e3o do produto da Caixa r\u00edgida com tampa magn\u00e9tica para batom e mini perfume<\/strong><\/h2>\n<h2 id=\"-1-magnetic-lid-design-easy-and-stable-opening-and-closing-\"><strong>1. Design de caixas com tampa magn\u00e9tica, abertura e fecho f\u00e1ceis e est\u00e1veis<\/strong><\/h2>\n<p>Adoptando uma estrutura de caixas com tampa magn\u00e9tica de alta resist\u00eancia, a tampa e o corpo da caixa est\u00e3o perfeitamente ligados por componentes magn\u00e9ticos de precis\u00e3o, abrindo e fechando suavemente e firmemente adsorvidos ap\u00f3s o fecho, e permanecem firmemente encaixados mesmo ap\u00f3s utiliza\u00e7\u00e3o repetida sem o risco de se soltarem. A for\u00e7a magn\u00e9tica pode ser personalizada de acordo com os requisitos da marca para se adaptar a conte\u00fados de diferentes tamanhos e pesos para garantir a seguran\u00e7a durante o transporte e a utiliza\u00e7\u00e3o di\u00e1ria.<\/p>\n<p><a href=\"http:\/\/chinacustomboxes.com\/pt\/magnetic-closure-boxes\/\"><img fetchpriority=\"high\" decoding=\"async\" class=\"alignnone wp-image-2195 size-full\" src=\"https:\/\/chinacustomboxes.com\/wp-content\/uploads\/2025\/04\/Magnetic-Closure-Box-14.jpg\" alt=\"Caixa com fecho magn\u00e9tico\" width=\"1000\" height=\"1000\" title=\"\" srcset=\"https:\/\/chinacustomboxes.com\/wp-content\/uploads\/2025\/04\/Magnetic-Closure-Box-14.jpg 1000w, https:\/\/chinacustomboxes.com\/wp-content\/uploads\/2025\/04\/Magnetic-Closure-Box-14-300x300.jpg 300w, https:\/\/chinacustomboxes.com\/wp-content\/uploads\/2025\/04\/Magnetic-Closure-Box-14-150x150.jpg 150w, https:\/\/chinacustomboxes.com\/wp-content\/uploads\/2025\/04\/Magnetic-Closure-Box-14-768x768.jpg 768w, https:\/\/chinacustomboxes.com\/wp-content\/uploads\/2025\/04\/Magnetic-Closure-Box-14-12x12.jpg 12w, https:\/\/chinacustomboxes.com\/wp-content\/uploads\/2025\/04\/Magnetic-Closure-Box-14-600x600.jpg 600w, https:\/\/chinacustomboxes.com\/wp-content\/uploads\/2025\/04\/Magnetic-Closure-Box-14-100x100.jpg 100w\" sizes=\"(max-width: 1000px) 100vw, 1000px\" \/><\/a><\/p>\n<h2 id=\"-2-modern-and-simple-box-shape-with-neat-lines-\"><strong>2. Forma de caixa moderna e simples, com linhas simples<\/strong><\/h2>\n<p>O corpo da caixa baseia-se numa forma geom\u00e9trica tridimensional e apresenta uma est\u00e9tica industrial moderna atrav\u00e9s de linhas minimalistas e de um design de superf\u00edcie dobr\u00e1vel em \u00e2ngulo reto. O material de papel revestido confere ao corpo da caixa uma carater\u00edstica de leveza, ao mesmo tempo que possui uma excelente capacidade de carga, tendo em conta a prote\u00e7\u00e3o ambiental e a praticidade.<\/p>\n<h2 id=\"-3-high-precision-craftsmanship-details-highlight-quality-\"><strong>3. A manufatura de alta precis\u00e3o, os pormenores real\u00e7am a qualidade<\/strong><\/h2>\n<p>O corpo da caixa adopta a tecnologia de corte a laser e de indenta\u00e7\u00e3o, as costuras s\u00e3o planas e sem rebarbas, os cantos s\u00e3o afiados e n\u00e3o deformados, garantindo a <a href=\"https:\/\/chinacustomboxes.com\/pt\/private-label-luxury-cosmetic-lipstick-slide-out-gift-boxes\/\">caixa<\/a> A forma \u00e9 reta e est\u00e1vel. O forro \u00e9 uma esponja preta ecol\u00f3gica de alta densidade, que \u00e9 ranhurada com precis\u00e3o de acordo com a forma do batom ou da amostra de perfume, fixa firmemente o conte\u00fado, amortece e resiste a choques e evita danos causados por aban\u00f5es durante o transporte.<\/p>\n<h2 id=\"-4-two-color-collision-design-to-enhance-brand-recognition-\"><strong>4. Design de colis\u00e3o a duas cores para aumentar o reconhecimento da marca<\/strong><\/h2>\n<ul>\n<li><strong>Conce\u00e7\u00e3o externa<\/strong>: A tampa da caixa adopta um revestimento UV preto mate puro, que \u00e9 delicado ao toque e anti-impress\u00e3o digital, apresentando uma textura discreta e luxuosa.<\/li>\n<li><strong>Destaques do interior e da carro\u00e7aria da caixa<\/strong>: Os lados e o interior do corpo da caixa t\u00eam um revestimento verde brilhante de alto brilho, com uma satura\u00e7\u00e3o de mais de 95%, formando um forte contraste visual com o preto mate, real\u00e7ando a cor principal da marca e aumentando os pontos de mem\u00f3ria do consumidor.<\/li>\n<\/ul>\n<h2 id=\"-5-flexible-customization-to-meet-brand-needs-\"><strong>5. Personaliza\u00e7\u00e3o flex\u00edvel para satisfazer as necessidades da marca<\/strong><\/h2>\n<ul>\n<li><strong>Dimens\u00e3o e estrutura<\/strong>: Suporta a personaliza\u00e7\u00e3o de v\u00e1rias especifica\u00e7\u00f5es, como mini batom (di\u00e2metro 1,5-2 cm) ou amostras de perfume (altura 5-8 cm), e o corpo da caixa pode ser concebido como uma estrutura de parti\u00e7\u00e3o de camada \u00fanica ou multicamada.<\/li>\n<li><strong>Atualiza\u00e7\u00e3o tecnol\u00f3gica<\/strong>: Op\u00e7\u00e3o de grava\u00e7\u00e3o em relevo do log\u00f3tipo, estampagem a quente em ouro\/prata ou padr\u00e3o UV local para aumentar a exclusividade da marca.<\/li>\n<li><strong>Certifica\u00e7\u00e3o ambiental<\/strong>: O material de papel revestido est\u00e1 em conformidade com a certifica\u00e7\u00e3o de gest\u00e3o florestal FSC, e o revestimento mate passou o teste de prote\u00e7\u00e3o ambiental REACH, que \u00e9 n\u00e3o-t\u00f3xico e inofensivo.<\/li>\n<\/ul>\n<h2 id=\"-applicable-scenarios-\"><strong>Cen\u00e1rios aplic\u00e1veis<\/strong><\/h2>\n<p>Concebida para produtos de luxo ligeiros, tais como cosm\u00e9ticos topo de gama, amostras de perfumes, acess\u00f3rios de joalharia, etc., adequada para balc\u00f5es offline de marcas, com\u00e9rcio eletr\u00f3nico <a href=\"https:\/\/chinacustomboxes.com\/pt\/bespoke-clamshell-gift-box-for-1-gram-concentrate-live-resin\/\">caixa de oferta<\/a> conjuntos e embalagens de produtos de edi\u00e7\u00e3o limitada, combinando beleza de apresenta\u00e7\u00e3o e prote\u00e7\u00e3o pr\u00e1tica<\/p>","protected":false},"excerpt":{"rendered":"<p>Com a conveni\u00eancia do fecho magn\u00e9tico, os materiais ecol\u00f3gicos e o impacto visual como n\u00facleo, a diferencia\u00e7\u00e3o da marca \u00e9 criada atrav\u00e9s de detalhes artesanais e do contraste de cores, tendo simultaneamente em conta conceitos de prote\u00e7\u00e3o e sustentabilidade, ajudando os produtos a destacarem-se no mercado de terminais.<\/p>","protected":false},"featured_media":860,"template":"","meta":{"_kad_post_transparent":"default","_kad_post_title":"","_kad_post_layout":"default","_kad_post_sidebar_id":"","_kad_post_content_style":"default","_kad_post_vertical_padding":"default","_kad_post_feature":"","_kad_post_feature_position":"","_kad_post_header":false,"_kad_post_footer":false,"_kad_post_classname":""},"product_brand":[],"product_cat":[15,17,27,28,18,34],"product_tag":[326,324,325],"class_list":{"0":"post-859","1":"product","2":"type-product","3":"status-publish","4":"has-post-thumbnail","6":"product_cat-boxes-by-shapes","7":"product_cat-boxes-by-industries","8":"product_cat-clamshell-boxes","9":"product_cat-cosmetic-packaging-boxes","10":"product_cat-magnetic-closure-boxes","11":"product_cat-perfume-packaging-boxes","12":"product_tag-distribute-custom-lipstick-mini-perfume-boxes","13":"product_tag-magnetic-lid-lipstick-box","14":"product_tag-rigid-box-for-perfume","16":"first","17":"instock","18":"shipping-taxable","19":"product-type-simple","20":"entry","21":"content-bg","22":"loop-entry"},"_links":{"self":[{"href":"https:\/\/chinacustomboxes.com\/pt\/wp-json\/wp\/v2\/product\/859","targetHints":{"allow":["GET"]}}],"collection":[{"href":"https:\/\/chinacustomboxes.com\/pt\/wp-json\/wp\/v2\/product"}],"about":[{"href":"https:\/\/chinacustomboxes.com\/pt\/wp-json\/wp\/v2\/types\/product"}],"wp:featuredmedia":[{"embeddable":true,"href":"https:\/\/chinacustomboxes.com\/pt\/wp-json\/wp\/v2\/media\/860"}],"wp:attachment":[{"href":"https:\/\/chinacustomboxes.com\/pt\/wp-json\/wp\/v2\/media?parent=859"}],"wp:term":[{"taxonomy":"product_brand","embeddable":true,"href":"https:\/\/chinacustomboxes.com\/pt\/wp-json\/wp\/v2\/product_brand?post=859"},{"taxonomy":"product_cat","embeddable":true,"href":"https:\/\/chinacustomboxes.com\/pt\/wp-json\/wp\/v2\/product_cat?post=859"},{"taxonomy":"product_tag","embeddable":true,"href":"https:\/\/chinacustomboxes.com\/pt\/wp-json\/wp\/v2\/product_tag?post=859"}],"curies":[{"name":"wp","href":"https:\/\/api.w.org\/{rel}","templated":true}]}}