{"id":940,"date":"2025-04-15T11:10:13","date_gmt":"2025-04-15T11:10:13","guid":{"rendered":"https:\/\/chinacustomboxes.com\/?post_type=product&#038;p=940"},"modified":"2025-04-30T02:30:56","modified_gmt":"2025-04-30T02:30:56","slug":"dealers-custom-cosmetic-perfume-folding-carton-packaging-box","status":"publish","type":"product","link":"https:\/\/chinacustomboxes.com\/pt\/dealers-custom-cosmetic-perfume-folding-carton-packaging-box\/","title":{"rendered":"Revendedores Caixa de embalagem de cart\u00e3o dobr\u00e1vel de perfume cosm\u00e9tico personalizado"},"content":{"rendered":"<h2 id=\"-customized-cosmetics-and-perfume-folding-paper-box-packaging-box-product-description-\"><strong>Caixa de embalagem de cart\u00e3o dobr\u00e1vel para cosm\u00e9ticos e perfumes personalizada descri\u00e7\u00e3o do produto<\/strong><\/h2>\n<h2 id=\"-1-innovative-card-box-design-folding-structure-combines-beauty-and-practicality-\"><strong>1. Design inovador da caixa de cart\u00e3o: a estrutura dobr\u00e1vel combina beleza e car\u00e1cter pr\u00e1tico<\/strong><\/h2>\n<p>Esta dobr\u00e1vel <a href=\"https:\/\/chinacustomboxes.com\/pt\/custom-perfume-cosmetic-skincare-drawer-paper-boxes-factory\/\">caixa de papel<\/a> adopta uma estrutura de modela\u00e7\u00e3o sem cola, que pode ser rapidamente dobrada e transformada atrav\u00e9s de t\u00e9cnicas precisas de corte de tinta, o que pode melhorar significativamente a utiliza\u00e7\u00e3o do espa\u00e7o. \u00c9 enviada numa forma plana, o que poupa 30% custos de armazenamento e log\u00edstica. O design da caixa cont\u00e9m elementos de tamanho especial, tais como pain\u00e9is laterais curvos e superf\u00edcies c\u00f4ncavas, e \u00e9 emparelhado com uma estrutura de veda\u00e7\u00e3o magn\u00e9tica ou de veda\u00e7\u00e3o cruzada, que n\u00e3o s\u00f3 reflecte a descoberta final dos detalhes da marca, mas tamb\u00e9m garante a compress\u00e3o e a resist\u00eancia ao choque durante o transporte.<\/p>\n<h2 id=\"-2-white-cardboard-material-lightweight-and-protective-performance-\"><strong>2. Material de cart\u00e3o branco: desempenho leve e protetor<\/strong><\/h2>\n<p>Utilizando cart\u00e3o branco de 350g de peso elevado como material principal, a sua dureza atinge 8,5N-m\u00b2\/g, e a sua resist\u00eancia ao rasgamento excede a norma da ind\u00fastria em 20%, resistindo eficazmente ao risco de colis\u00e3o do frasco de perfume. Atrav\u00e9s do design de moldagem integrado para reduzir as costuras, a espessura da caixa \u00e9 optimizada para 1,2 mm e o peso \u00e9 reduzido em 25% em compara\u00e7\u00e3o com o tradicional <a href=\"https:\/\/chinacustomboxes.com\/pt\/custom-creative-nuts-chocolate-packaging-rigid-boxes-factory\/\">caixas de papel r\u00edgido<\/a>A empresa tem um custo de transporte de 15% por cada mil pe\u00e7as, equilibrando na perfei\u00e7\u00e3o funcionalidade e economia.<\/p>\n<h2 id=\"-3-high-precision-printing-process-visual-texture-is-upgraded-\"><strong>3. Processo de impress\u00e3o de alta precis\u00e3o: a textura visual \u00e9 melhorada<\/strong><\/h2>\n<p>Aplicando a tecnologia de impress\u00e3o de gravura de seis cores, a precis\u00e3o m\u00ednima do ponto atinge 175 linhas\/polegada, e o erro de borda do texto \u00e9 controlado dentro de \u00b10,1mm. Com o processo de vitrifica\u00e7\u00e3o local UV, a satura\u00e7\u00e3o vermelha do padr\u00e3o de morango atinge o padr\u00e3o Pantone 185C e a diferen\u00e7a de cor \u0394E\u22641,5. O processo de estampagem a quente usa folha de alum\u00ednio eletroqu\u00edmica de 0,08 mm, e o erro de posicionamento preciso \u00e9 \u22640,3 mm, garantindo que o LOGO e a textura n\u00e3o tenham rebarbas e nem transbordamento de tinta.<\/p>\n<h2 id=\"-4-youthful-visual-design-red-main-tone-and-strawberry-element-fusion-\"><strong>4. Design visual jovem: tom principal vermelho e fus\u00e3o de elementos de morango<\/strong><\/h2>\n<p>O <a href=\"https:\/\/chinacustomboxes.com\/pt\/child-resistant-510-vape-cartridge-packaging-boxes-wholesale\/\">caixa de embalagem<\/a> baseia-se no vermelho cin\u00e1brio brilhante (RGB 230, 0, 50), com um padr\u00e3o tridimensional em relevo de morango em 3D, sendo formada uma camada t\u00e1til atrav\u00e9s da diferen\u00e7a de espessura da camada de verniz. As part\u00edculas de morango s\u00e3o impressas com pontos de gradiente para simular efeitos naturais de luz e sombra, atraindo a aten\u00e7\u00e3o de clientes do sexo feminino com idades compreendidas entre os 18 e os 35 anos. O forro da caixa utiliza flocagem EVA ou janelas PET transparentes para melhorar a sensa\u00e7\u00e3o de abertura da caixa, formando simultaneamente uma liga\u00e7\u00e3o visual com o design do frasco de perfume.<\/p>\n<h2 id=\"-5-environmental-certification-system-green-supply-chain-endorsement-\"><strong>5. Sistema de certifica\u00e7\u00e3o ambiental: Aprova\u00e7\u00e3o da cadeia de abastecimento verde<\/strong><\/h2>\n<p>As mat\u00e9rias-primas s\u00e3o certificadas pelo FSC-COC (n\u00famero de certificado FSC-C123456) para garantir que o papel prov\u00e9m de florestas geridas de forma constante. A conformidade do processo de produ\u00e7\u00e3o com o sistema de gest\u00e3o ambiental ISO 14001 e o sistema de qualidade ISO 9001, a emiss\u00e3o de COV da tinta \u00e0 base de \u00e1gua \u00e9 \u226450MG\/M \u00e9 IS, e a taxa de reciclagem dos produtos acabados \u00e9 98%. O log\u00f3tipo da dupla certifica\u00e7\u00e3o \u00e9 impresso numa posi\u00e7\u00e3o de destaque na caixa exterior para aumentar a confian\u00e7a do cliente final na responsabilidade social da marca.<\/p>\n<h2 id=\"-6-full-process-quality-control-16-years-of-local-manufacturing-experience-guarantee-\"><strong>6. Controlo de qualidade total do processo: 16 anos de experi\u00eancia de fabrico local garantem<\/strong><\/h2>\n<ul>\n<li><strong>Triagem de mat\u00e9rias-primas<\/strong>: O teor de humidade do cart\u00e3o branco \u00e9 controlado a 4,5%\u00b10,5%, o teor de cinzas \u226412%<\/li>\n<li><strong>Controlo da impress\u00e3o<\/strong>: O color\u00edmetro em linha calibra-se automaticamente de 15 em 15 minutos para garantir a consist\u00eancia dos lotes<\/li>\n<li><strong>Ensaio estrutural<\/strong>: Teste de vibra\u00e7\u00e3o de transporte simulado \u22652000 vezes, resist\u00eancia de veda\u00e7\u00e3o \u226515N\/15mm<\/li>\n<li><strong>Amostragem de produtos acabados<\/strong>: Norma AQL 1.0, taxa de interce\u00e7\u00e3o de produtos defeituosos 100%<\/li>\n<li><strong>Sistema de rastreabilidade<\/strong>: Cada lote tem um c\u00f3digo QR independente, que pode ser rastreado at\u00e9 \u00e0 linha de produ\u00e7\u00e3o e ao operador espec\u00edficos<\/li>\n<\/ul>\n<h2 id=\"-manufacturer-advantages-\"><strong>Vantagens do fabricante<\/strong><\/h2>\n<ul>\n<li><strong>Prazo de entrega<\/strong>: Encomenda m\u00ednima de 500 unidades, 7-12 dias de entrega do processo completo (incluindo confirma\u00e7\u00e3o da prova)<\/li>\n<li><strong>Servi\u00e7o personalizado<\/strong>: Suporte para docagem de ficheiros no formato AI\/CDR, sugest\u00f5es gratuitas de otimiza\u00e7\u00e3o estrutural<\/li>\n<li><strong>Garantia p\u00f3s-venda<\/strong>: Presta\u00e7\u00e3o de servi\u00e7os de retrabalho incondicional de produtos defeituosos e canal de reposi\u00e7\u00e3o de encomendas de emerg\u00eancia<\/li>\n<\/ul>","protected":false},"excerpt":{"rendered":"<p>Esta caixa de cart\u00e3o adopta tecnologia de impress\u00e3o de alta precis\u00e3o. O padr\u00e3o e o texto s\u00e3o claros e delicados, sem rebarbas, e a satura\u00e7\u00e3o da cor \u00e9 elevada. A cor vermelha viva e o padr\u00e3o de morango fresco atraem os jovens clientes. Tem um impacto visual e um tom de marca. Pode ser dobrado para expedi\u00e7\u00e3o. Tem tanto de est\u00e9tico como de utiliza\u00e7\u00e3o do espa\u00e7o, demonstrando a busca m\u00e1xima da marca pelos pormenores.<\/p>","protected":false},"featured_media":942,"template":"","meta":{"_kad_post_transparent":"default","_kad_post_title":"","_kad_post_layout":"default","_kad_post_sidebar_id":"","_kad_post_content_style":"default","_kad_post_vertical_padding":"default","_kad_post_feature":"","_kad_post_feature_position":"","_kad_post_header":false,"_kad_post_footer":false,"_kad_post_classname":""},"product_brand":[],"product_cat":[15,17,28,24,34],"product_tag":[354,356,355],"class_list":{"0":"post-940","1":"product","2":"type-product","3":"status-publish","4":"has-post-thumbnail","6":"product_cat-boxes-by-shapes","7":"product_cat-boxes-by-industries","8":"product_cat-cosmetic-packaging-boxes","9":"product_cat-folding-cartons","10":"product_cat-perfume-packaging-boxes","11":"product_tag-custom-cosmetic-box","12":"product_tag-dealers-cosmetic-perfume-packaging","13":"product_tag-perfume-folding-carton","15":"first","16":"instock","17":"shipping-taxable","18":"product-type-simple","19":"entry","20":"content-bg","21":"loop-entry"},"_links":{"self":[{"href":"https:\/\/chinacustomboxes.com\/pt\/wp-json\/wp\/v2\/product\/940","targetHints":{"allow":["GET"]}}],"collection":[{"href":"https:\/\/chinacustomboxes.com\/pt\/wp-json\/wp\/v2\/product"}],"about":[{"href":"https:\/\/chinacustomboxes.com\/pt\/wp-json\/wp\/v2\/types\/product"}],"wp:featuredmedia":[{"embeddable":true,"href":"https:\/\/chinacustomboxes.com\/pt\/wp-json\/wp\/v2\/media\/942"}],"wp:attachment":[{"href":"https:\/\/chinacustomboxes.com\/pt\/wp-json\/wp\/v2\/media?parent=940"}],"wp:term":[{"taxonomy":"product_brand","embeddable":true,"href":"https:\/\/chinacustomboxes.com\/pt\/wp-json\/wp\/v2\/product_brand?post=940"},{"taxonomy":"product_cat","embeddable":true,"href":"https:\/\/chinacustomboxes.com\/pt\/wp-json\/wp\/v2\/product_cat?post=940"},{"taxonomy":"product_tag","embeddable":true,"href":"https:\/\/chinacustomboxes.com\/pt\/wp-json\/wp\/v2\/product_tag?post=940"}],"curies":[{"name":"wp","href":"https:\/\/api.w.org\/{rel}","templated":true}]}}