{"id":1185,"date":"2025-04-17T03:35:56","date_gmt":"2025-04-17T03:35:56","guid":{"rendered":"https:\/\/chinacustomboxes.com\/?post_type=product&#038;p=1185"},"modified":"2025-04-30T06:56:52","modified_gmt":"2025-04-30T06:56:52","slug":"purchase-luxury-lipstick-tube-gift-set-magnetic-lid-boxes","status":"publish","type":"product","link":"https:\/\/chinacustomboxes.com\/sv\/purchase-luxury-lipstick-tube-gift-set-magnetic-lid-boxes\/","title":{"rendered":"K\u00f6p Lyxiga l\u00e4ppstiftr\u00f6r presentupps\u00e4ttning Magnetiska lockl\u00e5dor"},"content":{"rendered":"<h2 id=\"product-description-of-luxury-lipstick-tube-gift-box-with-magnetic-lid\">Produktbeskrivning av Lyxig presentask med l\u00e4ppstiftstub och magnetiskt lock<\/h2>\n<h2 id=\"-1-innovative-magnetic-opening-and-closing-system-with-both-ritual-and-practicality-\"><strong>1. Innovativt magnetiskt \u00f6ppnings- och st\u00e4ngningssystem, med b\u00e5de ritual och praktisk funktion<\/strong><\/h2>\n<p>Detta <a href=\"https:\/\/chinacustomboxes.com\/sv\/silver-glitter-double-side-open-gift-boxes-for-jewelry-ring\/\">presentf\u00f6rpackning<\/a> antar\u00a0<strong>magnetisk struktur f\u00f6r \u00f6ppning och st\u00e4ngning<\/strong>Den har inbyggda h\u00f6gh\u00e5llfasta ringformade magnetkomponenter och \u00e5stadkommer en stabil st\u00e4ngning av l\u00e5dans lock och l\u00e5dans kropp genom den exakta inriktningen av magnetring ett och magnetring tv\u00e5. \u00d6ppningen och st\u00e4ngningen kan slutf\u00f6ras med ett enhandsgrepp. J\u00e4mf\u00f6rt med den traditionella sp\u00e4nndesignen \u00e4r operationen mer bekv\u00e4m och det finns ingen risk f\u00f6r mekaniskt slitage. St\u00e4ngnings\u00f6gonblicket \u00e5tf\u00f6ljs av ett skarpt \"klick\" -ljud, vilket ger \u00f6ppningsprocessen en elegant k\u00e4nsla av ritual, som passar anv\u00e4ndningsupplevelsen av avancerade sk\u00f6nhetsprodukter.<\/p>\n<p><img fetchpriority=\"high\" decoding=\"async\" class=\"alignnone wp-image-1174 size-full\" src=\"https:\/\/chinacustomboxes.com\/wp-content\/uploads\/2025\/04\/Lipstick-Cosmetic-Glitter-Paper-Gift-Boxes-1.jpg\" alt=\"Presentaskar f\u00f6r l\u00e4ppstift, kosmetika och glitterpapper\" width=\"800\" height=\"800\" title=\"\" srcset=\"https:\/\/chinacustomboxes.com\/wp-content\/uploads\/2025\/04\/Lipstick-Cosmetic-Glitter-Paper-Gift-Boxes-1.jpg 800w, https:\/\/chinacustomboxes.com\/wp-content\/uploads\/2025\/04\/Lipstick-Cosmetic-Glitter-Paper-Gift-Boxes-1-300x300.jpg 300w, https:\/\/chinacustomboxes.com\/wp-content\/uploads\/2025\/04\/Lipstick-Cosmetic-Glitter-Paper-Gift-Boxes-1-150x150.jpg 150w, https:\/\/chinacustomboxes.com\/wp-content\/uploads\/2025\/04\/Lipstick-Cosmetic-Glitter-Paper-Gift-Boxes-1-768x768.jpg 768w, https:\/\/chinacustomboxes.com\/wp-content\/uploads\/2025\/04\/Lipstick-Cosmetic-Glitter-Paper-Gift-Boxes-1-12x12.jpg 12w, https:\/\/chinacustomboxes.com\/wp-content\/uploads\/2025\/04\/Lipstick-Cosmetic-Glitter-Paper-Gift-Boxes-1-600x600.jpg 600w, https:\/\/chinacustomboxes.com\/wp-content\/uploads\/2025\/04\/Lipstick-Cosmetic-Glitter-Paper-Gift-Boxes-1-100x100.jpg 100w\" sizes=\"(max-width: 800px) 100vw, 800px\" \/><\/p>\n<h2 id=\"-2-precision-magnetic-closure-system-to-ensure-safety-and-convenience-\"><strong>2. Magnetisk precisionsst\u00e4ngning f\u00f6r att garantera s\u00e4kerhet och bekv\u00e4mlighet<\/strong><\/h2>\n<p>Magnetf\u00f6rslutningssystemet \u00e4r baserat p\u00e5\u00a0<strong>dubbel magnetring layout<\/strong>med enhetlig magnetisk kraftf\u00f6rdelning och branschledande adsorptionskraft, vilket s\u00e4kerst\u00e4ller att l\u00e5dkroppen f\u00f6rblir t\u00e4tt st\u00e4ngd under transport eller oavsiktligt fall, f\u00f6r att f\u00f6rhindra att l\u00e4ppstift sprids eller f\u00f6rorenas. Kanten p\u00e5 l\u00e5dans lock antar\u00a0<strong>avfasningsbehandling<\/strong>, som passar ergonomin, och \u00f6ppning och st\u00e4ngning med en hand \u00e4r smidig och obehindrad, med h\u00e4nsyn tagen till kvinnliga anv\u00e4ndares anv\u00e4ndningsvanor och scenbehov.<\/p>\n<h2 id=\"-3-modular-lining-design-efficient-storage-and-display-\"><strong>3. Modul\u00e4r design, effektiv f\u00f6rvaring och visning<\/strong><\/h2>\n<p>Insidan av <a href=\"https:\/\/chinacustomboxes.com\/sv\/elegant-lid-and-base-gift-box-smart-watch-packaging-solution\/\">presentf\u00f6rpackning<\/a> anv\u00e4ndningsomr\u00e5den\u00a0<strong>anpassat TPU-foder<\/strong>, som bildas genom exakt lasersk\u00e4rning f\u00f6r att bilda oberoende kortplatser, l\u00e4mpliga f\u00f6r l\u00e4ppstiftr\u00f6r med olika specifikationer (t.ex. cylindriska, fyrkantiga etc.). Varje l\u00e4ppstift passar t\u00e4tt med kortplatsen efter att ha b\u00e4ddats in, och anti-skakdesignen f\u00f6rhindrar att pastan skadas av kollision. Fodret kan demonteras och omorganiseras, vilket st\u00f6der det fria arrangemanget av 6-12 l\u00e4ppstift, med h\u00e4nsyn till lagringsfunktionen och den visuella displayens sk\u00f6nhet och tillgodoser konsumenternas \"samlingsniv\u00e5\" -visningsbehov.<\/p>\n<p><img decoding=\"async\" class=\"alignnone wp-image-1175 size-full\" src=\"https:\/\/chinacustomboxes.com\/wp-content\/uploads\/2025\/04\/Lipstick-Cosmetic-Glitter-Paper-Gift-Boxes-3.jpg\" alt=\"Presentaskar f\u00f6r l\u00e4ppstift, kosmetika och glitterpapper\" width=\"800\" height=\"800\" title=\"\" srcset=\"https:\/\/chinacustomboxes.com\/wp-content\/uploads\/2025\/04\/Lipstick-Cosmetic-Glitter-Paper-Gift-Boxes-3.jpg 800w, https:\/\/chinacustomboxes.com\/wp-content\/uploads\/2025\/04\/Lipstick-Cosmetic-Glitter-Paper-Gift-Boxes-3-300x300.jpg 300w, https:\/\/chinacustomboxes.com\/wp-content\/uploads\/2025\/04\/Lipstick-Cosmetic-Glitter-Paper-Gift-Boxes-3-150x150.jpg 150w, https:\/\/chinacustomboxes.com\/wp-content\/uploads\/2025\/04\/Lipstick-Cosmetic-Glitter-Paper-Gift-Boxes-3-768x768.jpg 768w, https:\/\/chinacustomboxes.com\/wp-content\/uploads\/2025\/04\/Lipstick-Cosmetic-Glitter-Paper-Gift-Boxes-3-12x12.jpg 12w, https:\/\/chinacustomboxes.com\/wp-content\/uploads\/2025\/04\/Lipstick-Cosmetic-Glitter-Paper-Gift-Boxes-3-600x600.jpg 600w, https:\/\/chinacustomboxes.com\/wp-content\/uploads\/2025\/04\/Lipstick-Cosmetic-Glitter-Paper-Gift-Boxes-3-100x100.jpg 100w\" sizes=\"(max-width: 800px) 100vw, 800px\" \/><\/p>\n<h2 id=\"-4-environmentally-friendly-materials-and-structural-reinforcement-double-protection-\"><strong>4. Milj\u00f6v\u00e4nliga material och strukturell f\u00f6rst\u00e4rkning, dubbelt skydd<\/strong><\/h2>\n<p>Presentf\u00f6rpackningens huvuddel \u00e4r tillverkad av\u00a0<strong>FSC-certifierat bestruket papper<\/strong>Den har en matt milj\u00f6v\u00e4nlig bel\u00e4ggning p\u00e5 ytan, en h\u00e5rdhet p\u00e5 2000 g\/m\u00b2 och ett kompressionsmotst\u00e5nd som \u00e4r mer \u00e4n 3 g\u00e5nger b\u00e4ttre \u00e4n vanliga pappersl\u00e5dor. En l\u00e4ttviktsram av aluminiumlegering \u00e4r inb\u00e4ddad inuti, som s\u00f6ml\u00f6st kombineras med <a href=\"https:\/\/chinacustomboxes.com\/sv\/commercial-large-heart-shaped-gift-packaging-paper-boxes\/\">pappersl\u00e5da<\/a> genom nitar f\u00f6r att f\u00f6rb\u00e4ttra den totala b\u00e4rf\u00f6rm\u00e5gan. Det t\u00e5l 50 kg statiskt tryck utan deformation och st\u00e5r effektivt emot extern extrudering. Materialet uppfyller EU:s milj\u00f6skyddsstandard REACH och tar h\u00e4nsyn till lyxig textur och h\u00e5llbara koncept.<\/p>\n<h2 id=\"-5-high-precision-printing-technology-double-upgrade-of-vision-and-touch-\"><strong>5. Tryckteknik med h\u00f6g precision, dubbel uppgradering av syn och k\u00e4nsel<\/strong><\/h2>\n<p>L\u00e5dans yta best\u00e5r av\u00a0<strong>6-f\u00e4rgs screentryck + delvis UV-varmst\u00e4mplingsteknik<\/strong>, och kantprecisionen f\u00f6r l\u00e4ppf\u00e4rgblock och l\u00e4pptrycksm\u00f6nster n\u00e5r 0,1 mm, utan fl\u00e4ckar och grader (som Dior l\u00e4ppstiftf\u00f6rpackningsteknik). F\u00e4rgblocken anv\u00e4nder Pantone specialf\u00e4rgbl\u00e4ck f\u00f6r att \u00e5terst\u00e4lla mer \u00e4n 95% av den riktiga l\u00e4ppstiftf\u00e4rgen, vilket \u00e4r bekv\u00e4mt f\u00f6r konsumenterna att snabbt identifiera f\u00e4rgnumret. Tryckskiktet har testats f\u00f6r slitstyrka och f\u00f6rblir ljust efter upprepad \u00f6ppning och st\u00e4ngning 500 g\u00e5nger, vilket visar fabrikens banbrytande tryckteknik.<\/p>\n<p><img decoding=\"async\" class=\"alignnone wp-image-1176 size-full\" src=\"https:\/\/chinacustomboxes.com\/wp-content\/uploads\/2025\/04\/Lipstick-Cosmetic-Glitter-Paper-Gift-Boxes-4.jpg\" alt=\"Presentaskar f\u00f6r l\u00e4ppstift, kosmetika och glitterpapper\" width=\"800\" height=\"800\" title=\"\" srcset=\"https:\/\/chinacustomboxes.com\/wp-content\/uploads\/2025\/04\/Lipstick-Cosmetic-Glitter-Paper-Gift-Boxes-4.jpg 800w, https:\/\/chinacustomboxes.com\/wp-content\/uploads\/2025\/04\/Lipstick-Cosmetic-Glitter-Paper-Gift-Boxes-4-300x300.jpg 300w, https:\/\/chinacustomboxes.com\/wp-content\/uploads\/2025\/04\/Lipstick-Cosmetic-Glitter-Paper-Gift-Boxes-4-150x150.jpg 150w, https:\/\/chinacustomboxes.com\/wp-content\/uploads\/2025\/04\/Lipstick-Cosmetic-Glitter-Paper-Gift-Boxes-4-768x768.jpg 768w, https:\/\/chinacustomboxes.com\/wp-content\/uploads\/2025\/04\/Lipstick-Cosmetic-Glitter-Paper-Gift-Boxes-4-12x12.jpg 12w, https:\/\/chinacustomboxes.com\/wp-content\/uploads\/2025\/04\/Lipstick-Cosmetic-Glitter-Paper-Gift-Boxes-4-600x600.jpg 600w, https:\/\/chinacustomboxes.com\/wp-content\/uploads\/2025\/04\/Lipstick-Cosmetic-Glitter-Paper-Gift-Boxes-4-100x100.jpg 100w\" sizes=\"(max-width: 800px) 100vw, 800px\" \/><\/p>\n<h2 id=\"-6-aesthetic-detail-design-to-enhance-brand-tonality-\"><strong>6. Estetisk detaljdesign f\u00f6r att f\u00f6rb\u00e4ttra varum\u00e4rkets tonalitet<\/strong><\/h2>\n<p>Fodret och l\u00e5dans kropp antar\u00a0<strong>gradientpulver design av samma f\u00e4rgsystem<\/strong>och \u00f6verg\u00e5r fr\u00e5n matt k\u00f6rsb\u00e4rsblomspulver p\u00e5 askens yta till p\u00e4rlemorskimrande korallpulver p\u00e5 fodret. F\u00e4rgkonsistensen \u00e4r kalibrerad med en professionell spektrofotometer f\u00f6r att f\u00f6rb\u00e4ttra den \u00f6vergripande visuella harmonin. L\u00e5dan levereras med ett magnetiskt spegelfack som kan anv\u00e4ndas som sminkspegel. Spegelns kant \u00e4r inlagd med dekorativa remsor i ros\u00e9guld med samma f\u00e4rgsystem som magnetringen, och detaljerna f\u00f6rmedlar lyxvarum\u00e4rkets gen.<\/p>\n<h2 id=\"-applicable-scenarios-\"><strong>Till\u00e4mpliga scenarier<\/strong><\/h2>\n<ul>\n<li><strong>Julklapp<\/strong>: Den magnetiska \u00f6ppnings- och st\u00e4ngningsritualen passar den festliga atmosf\u00e4ren p\u00e5 alla hj\u00e4rtans dag, jul etc.<\/li>\n<li><strong>Anpassning av varum\u00e4rke<\/strong>: St\u00f6der LOGO varmst\u00e4mpling, personlig f\u00e4rgpl\u00e4tering av magnetringar (guld \/ ros\u00e9guld \/ platina)<\/li>\n<li><strong>Display f\u00f6r detaljhandeln<\/strong>: Moduluppbyggt foder som anpassar sig till diskens behov av multi-SKU-display<\/li>\n<\/ul>","protected":false},"excerpt":{"rendered":"<p>Det magnetiska f\u00f6rslutningssystemet s\u00e4kerst\u00e4ller att l\u00e5dan \u00e4r ordentligt st\u00e4ngd och kan enkelt \u00f6ppnas och st\u00e4ngas med en hand. Det \u00e4r bekv\u00e4mare \u00e4n traditionella sp\u00e4nnen. Flera l\u00e4ppstift kan ordnas i ordning inuti genom exakt positionering. Den har h\u00f6g rymdutnyttjande och \u00e4r skakfri, vilket g\u00f6r den l\u00e4tt att f\u00f6rvara och visa upp.<\/p>","protected":false},"featured_media":1174,"template":"","meta":{"_kad_post_transparent":"default","_kad_post_title":"","_kad_post_layout":"default","_kad_post_sidebar_id":"","_kad_post_content_style":"default","_kad_post_vertical_padding":"default","_kad_post_feature":"","_kad_post_feature_position":"","_kad_post_header":false,"_kad_post_footer":false,"_kad_post_classname":""},"product_brand":[],"product_cat":[15,17,27,18],"product_tag":[459,457,458],"class_list":{"0":"post-1185","1":"product","2":"type-product","3":"status-publish","4":"has-post-thumbnail","6":"product_cat-boxes-by-shapes","7":"product_cat-boxes-by-industries","8":"product_cat-clamshell-boxes","9":"product_cat-magnetic-closure-boxes","10":"product_tag-lipstick-gift-set-boxes","11":"product_tag-luxury-lipstick-boxes","12":"product_tag-magnetic-lid-boxes","14":"first","15":"instock","16":"shipping-taxable","17":"product-type-simple","18":"entry","19":"content-bg","20":"loop-entry"},"_links":{"self":[{"href":"https:\/\/chinacustomboxes.com\/sv\/wp-json\/wp\/v2\/product\/1185","targetHints":{"allow":["GET"]}}],"collection":[{"href":"https:\/\/chinacustomboxes.com\/sv\/wp-json\/wp\/v2\/product"}],"about":[{"href":"https:\/\/chinacustomboxes.com\/sv\/wp-json\/wp\/v2\/types\/product"}],"wp:featuredmedia":[{"embeddable":true,"href":"https:\/\/chinacustomboxes.com\/sv\/wp-json\/wp\/v2\/media\/1174"}],"wp:attachment":[{"href":"https:\/\/chinacustomboxes.com\/sv\/wp-json\/wp\/v2\/media?parent=1185"}],"wp:term":[{"taxonomy":"product_brand","embeddable":true,"href":"https:\/\/chinacustomboxes.com\/sv\/wp-json\/wp\/v2\/product_brand?post=1185"},{"taxonomy":"product_cat","embeddable":true,"href":"https:\/\/chinacustomboxes.com\/sv\/wp-json\/wp\/v2\/product_cat?post=1185"},{"taxonomy":"product_tag","embeddable":true,"href":"https:\/\/chinacustomboxes.com\/sv\/wp-json\/wp\/v2\/product_tag?post=1185"}],"curies":[{"name":"wp","href":"https:\/\/api.w.org\/{rel}","templated":true}]}}