{"id":1231,"date":"2025-04-17T07:44:07","date_gmt":"2025-04-17T07:44:07","guid":{"rendered":"https:\/\/chinacustomboxes.com\/?post_type=product&#038;p=1231"},"modified":"2025-04-30T06:40:48","modified_gmt":"2025-04-30T06:40:48","slug":"custom-printed-hemp-cbd-essential-oil-box-brand-manufacturer","status":"publish","type":"product","link":"https:\/\/chinacustomboxes.com\/sv\/custom-printed-hemp-cbd-essential-oil-box-brand-manufacturer\/","title":{"rendered":"Anpassad tryckt hampa CBD eterisk olja l\u00e5da varum\u00e4rke tillverkare"},"content":{"rendered":"<h2 id=\"-customized-solution-for-hemp-cbd-essential-oil-box-\"><strong>Anpassad l\u00f6sning f\u00f6r hampa CBD eterisk oljel\u00e5da<\/strong><\/h2>\n<h2 id=\"1-compression-and-shock-resistant-structure-\">1.\u00a0<strong>Kompressions- och st\u00f6tt\u00e5lig struktur<\/strong><\/h2>\n<p>Den kombinerade strukturen av dubbelskiktskomposit wellpapp och inbyggd EVA-buffert innerbricka anv\u00e4nds f\u00f6r att sprida yttre tryck genom principen om bikakemekanik f\u00f6r att s\u00e4kerst\u00e4lla att glasflaskor inte kl\u00e4ms och skadas under transport och lagring. Det stansade sp\u00e5ret p\u00e5 innerfacket \u00e4r exakt anpassat till 5-30 ml standardflaskan f\u00f6r eterisk olja, vilket ger 96%-utrymmesutnyttjande, med h\u00e4nsyn till stabiliteten f\u00f6r visning av enstaka l\u00e5dor och stapling av flera l\u00e5dor.<\/p>\n<p><img fetchpriority=\"high\" decoding=\"async\" class=\"alignnone wp-image-1234 size-full\" src=\"https:\/\/chinacustomboxes.com\/wp-content\/uploads\/2025\/04\/Hemp-Essential-CBD-Oil-Packaging-Box-3.jpg\" alt=\"F\u00f6rpackningsl\u00e5da f\u00f6r essentiell CBD-olja fr\u00e5n hampa\" width=\"800\" height=\"800\" title=\"\" srcset=\"https:\/\/chinacustomboxes.com\/wp-content\/uploads\/2025\/04\/Hemp-Essential-CBD-Oil-Packaging-Box-3.jpg 800w, https:\/\/chinacustomboxes.com\/wp-content\/uploads\/2025\/04\/Hemp-Essential-CBD-Oil-Packaging-Box-3-300x300.jpg 300w, https:\/\/chinacustomboxes.com\/wp-content\/uploads\/2025\/04\/Hemp-Essential-CBD-Oil-Packaging-Box-3-150x150.jpg 150w, https:\/\/chinacustomboxes.com\/wp-content\/uploads\/2025\/04\/Hemp-Essential-CBD-Oil-Packaging-Box-3-768x768.jpg 768w, https:\/\/chinacustomboxes.com\/wp-content\/uploads\/2025\/04\/Hemp-Essential-CBD-Oil-Packaging-Box-3-12x12.jpg 12w, https:\/\/chinacustomboxes.com\/wp-content\/uploads\/2025\/04\/Hemp-Essential-CBD-Oil-Packaging-Box-3-600x600.jpg 600w, https:\/\/chinacustomboxes.com\/wp-content\/uploads\/2025\/04\/Hemp-Essential-CBD-Oil-Packaging-Box-3-100x100.jpg 100w\" sizes=\"(max-width: 800px) 100vw, 800px\" \/><\/p>\n<h2 id=\"2-right-angle-edge-and-modular-assembly-\">2.\u00a0<strong>R\u00e4tvinklig kant och modul\u00e4r montering<\/strong><\/h2>\n<p>Den 90\u00b0 r\u00e4tvinkliga vikningsprocessen st\u00e4rker l\u00e5dkroppens styvhet och undviker sp\u00e4nningskoncentrationsproblemet som orsakas av rundade h\u00f6rn; den limfria tungl\u00e5sningsdesignen f\u00f6renklar monteringsprocessen, minskar arbetskraftskostnaderna och ger <a href=\"https:\/\/chinacustomboxes.com\/sv\/lid-and-base-box-clothes-apparel-shapewear-packaging-factory\/\">f\u00f6rpackning<\/a> ett rigor\u00f6st industriellt estetiskt temperament.<\/p>\n<h2 id=\"3-right-angle-edge-shelf-competitiveness-\">3.\u00a0<strong>Konkurrenskraft f\u00f6r hyllor med r\u00e4tvinklig kant<\/strong><\/h2>\n<p>Den snygga r\u00e4tvinkliga konturen skapar en k\u00e4nsla av professionellt f\u00f6rtroende f\u00f6r farmaceutisk kosmetika, maximerar displayytans planhet och s\u00e4kerst\u00e4ller att etikettinformationen inte deformeras visuellt n\u00e4r den visas p\u00e5 hyllan. Med matt ytbehandling f\u00f6rb\u00e4ttras textigenk\u00e4nningen i milj\u00f6er med starkt ljus, vilket uppfyller de obligatoriska l\u00e4sbarhetskraven i EU:s CBD-produkter f\u00f6r ingredienslistor, varningar och annan information.<\/p>\n<p><img decoding=\"async\" class=\"alignnone wp-image-1235 size-full\" src=\"https:\/\/chinacustomboxes.com\/wp-content\/uploads\/2025\/04\/Hemp-Essential-CBD-Oil-Packaging-Box-4.jpg\" alt=\"F\u00f6rpackningsl\u00e5da f\u00f6r essentiell CBD-olja fr\u00e5n hampa\" width=\"950\" height=\"950\" title=\"\" srcset=\"https:\/\/chinacustomboxes.com\/wp-content\/uploads\/2025\/04\/Hemp-Essential-CBD-Oil-Packaging-Box-4.jpg 950w, https:\/\/chinacustomboxes.com\/wp-content\/uploads\/2025\/04\/Hemp-Essential-CBD-Oil-Packaging-Box-4-300x300.jpg 300w, https:\/\/chinacustomboxes.com\/wp-content\/uploads\/2025\/04\/Hemp-Essential-CBD-Oil-Packaging-Box-4-150x150.jpg 150w, https:\/\/chinacustomboxes.com\/wp-content\/uploads\/2025\/04\/Hemp-Essential-CBD-Oil-Packaging-Box-4-768x768.jpg 768w, https:\/\/chinacustomboxes.com\/wp-content\/uploads\/2025\/04\/Hemp-Essential-CBD-Oil-Packaging-Box-4-12x12.jpg 12w, https:\/\/chinacustomboxes.com\/wp-content\/uploads\/2025\/04\/Hemp-Essential-CBD-Oil-Packaging-Box-4-600x600.jpg 600w, https:\/\/chinacustomboxes.com\/wp-content\/uploads\/2025\/04\/Hemp-Essential-CBD-Oil-Packaging-Box-4-100x100.jpg 100w\" sizes=\"(max-width: 950px) 100vw, 950px\" \/><\/p>\n<h2 id=\"4-color-system-and-psychological-application-\">4.\u00a0<strong>F\u00e4rgsystem och psykologisk till\u00e4mpning<\/strong><\/h2>\n<ul>\n<li><strong>Huvudf\u00e4rg: m\u00f6rkgr\u00f6n<\/strong>\u00a0Symboliserar natur och organisk, ekar v\u00e4xtextraktionsegenskaperna hos CBD-ingredienser och uppfyller EU CBD <a href=\"https:\/\/chinacustomboxes.com\/sv\/child-resistant-510-vape-cartridge-packaging-boxes-wholesale\/\">f\u00f6rpackning<\/a> specifikationer f\u00f6r varningsf\u00e4rg.<\/li>\n<\/ul>\n<h2 id=\"5-high-definition-printing-technology-guarantee-\">5.\u00a0<strong>Garanti f\u00f6r h\u00f6guppl\u00f6st tryckteknik<\/strong><\/h2>\n<p>Anv\u00e4nd 1200 dpi UV-digitaltryck f\u00f6r att s\u00e4kerst\u00e4lla att viktig information som mikrotypsnitt och batchkoder \u00e4r tydliga och l\u00e4sbara, och slitstyrkan verifieras genom friktionstestning f\u00f6r att tillgodose behovet av sp\u00e5rbar information i alla led i leveranskedjan.<\/p>\n<p><img decoding=\"async\" class=\"alignnone wp-image-1233 size-full\" src=\"https:\/\/chinacustomboxes.com\/wp-content\/uploads\/2025\/04\/Hemp-Essential-CBD-Oil-Packaging-Box-2.jpg\" alt=\"F\u00f6rpackningsl\u00e5da f\u00f6r essentiell CBD-olja fr\u00e5n hampa\" width=\"800\" height=\"800\" title=\"\" srcset=\"https:\/\/chinacustomboxes.com\/wp-content\/uploads\/2025\/04\/Hemp-Essential-CBD-Oil-Packaging-Box-2.jpg 800w, https:\/\/chinacustomboxes.com\/wp-content\/uploads\/2025\/04\/Hemp-Essential-CBD-Oil-Packaging-Box-2-300x300.jpg 300w, https:\/\/chinacustomboxes.com\/wp-content\/uploads\/2025\/04\/Hemp-Essential-CBD-Oil-Packaging-Box-2-150x150.jpg 150w, https:\/\/chinacustomboxes.com\/wp-content\/uploads\/2025\/04\/Hemp-Essential-CBD-Oil-Packaging-Box-2-768x768.jpg 768w, https:\/\/chinacustomboxes.com\/wp-content\/uploads\/2025\/04\/Hemp-Essential-CBD-Oil-Packaging-Box-2-12x12.jpg 12w, https:\/\/chinacustomboxes.com\/wp-content\/uploads\/2025\/04\/Hemp-Essential-CBD-Oil-Packaging-Box-2-600x600.jpg 600w, https:\/\/chinacustomboxes.com\/wp-content\/uploads\/2025\/04\/Hemp-Essential-CBD-Oil-Packaging-Box-2-100x100.jpg 100w\" sizes=\"(max-width: 800px) 100vw, 800px\" \/><\/p>\n<h2 id=\"6-fsc-certified-environmentally-friendly-substrate-\">6.\u00a0<strong>FSC-certifierat milj\u00f6v\u00e4nligt substrat<\/strong><\/h2>\n<p>V\u00e4lj FSC Mix Credit vit kartong (300 g\/m\u00b2), som har godk\u00e4nts f\u00f6r certifiering av h\u00e5llbar skogsf\u00f6rvaltning, och dess koldioxidavtryck \u00e4r 42% l\u00e4gre \u00e4n f\u00f6r traditionellt papper. Den vattenbaserade ytlamineringsprocessen uppn\u00e5r en \u00e5tervinningsbarhet p\u00e5 100%, vilket uppfyller de obligatoriska kraven p\u00e5 de europeiska och amerikanska marknaderna f\u00f6r milj\u00f6v\u00e4nliga <a href=\"https:\/\/chinacustomboxes.com\/sv\/wholesale-cheap-paper-tube-packaging-for-tea-coffee-spices\/\">f\u00f6rpackning<\/a> och st\u00e4rker varum\u00e4rkets v\u00e4rdeuttryck \"naturligt och organiskt\".<\/p>","protected":false},"excerpt":{"rendered":"<p>Denna kartong anv\u00e4nder m\u00f6rkgr\u00f6nt och ljusgult som den huvudsakliga visuella f\u00e4rgpsykologin, som \u00f6verensst\u00e4mmer med EU: s varningsstandarder f\u00f6r CBD-produkter. Det fokuserar p\u00e5 att tillhandah\u00e5lla professionella f\u00f6rpackningsl\u00f6sningar f\u00f6r cannabinoidprodukter av kosmeceutisk kvalitet och skapar ett varum\u00e4rkesvisuellt system som uppfyller internationella standarder med funktionell estetik som k\u00e4rnan.<\/p>","protected":false},"featured_media":1234,"template":"","meta":{"_kad_post_transparent":"default","_kad_post_title":"","_kad_post_layout":"default","_kad_post_sidebar_id":"","_kad_post_content_style":"default","_kad_post_vertical_padding":"default","_kad_post_feature":"","_kad_post_feature_position":"","_kad_post_header":false,"_kad_post_footer":false,"_kad_post_classname":""},"product_brand":[],"product_cat":[15,17,29,24],"product_tag":[481,478,482],"class_list":{"0":"post-1231","1":"product","2":"type-product","3":"status-publish","4":"has-post-thumbnail","6":"product_cat-boxes-by-shapes","7":"product_cat-boxes-by-industries","8":"product_cat-cbd-oil-boxes","9":"product_cat-folding-cartons","10":"product_tag-cbd-oil-boxes","11":"product_tag-custom-cannabis-boxes","12":"product_tag-get-hemp-oil-boxes-printing","14":"first","15":"instock","16":"shipping-taxable","17":"product-type-simple","18":"entry","19":"content-bg","20":"loop-entry"},"_links":{"self":[{"href":"https:\/\/chinacustomboxes.com\/sv\/wp-json\/wp\/v2\/product\/1231","targetHints":{"allow":["GET"]}}],"collection":[{"href":"https:\/\/chinacustomboxes.com\/sv\/wp-json\/wp\/v2\/product"}],"about":[{"href":"https:\/\/chinacustomboxes.com\/sv\/wp-json\/wp\/v2\/types\/product"}],"wp:featuredmedia":[{"embeddable":true,"href":"https:\/\/chinacustomboxes.com\/sv\/wp-json\/wp\/v2\/media\/1234"}],"wp:attachment":[{"href":"https:\/\/chinacustomboxes.com\/sv\/wp-json\/wp\/v2\/media?parent=1231"}],"wp:term":[{"taxonomy":"product_brand","embeddable":true,"href":"https:\/\/chinacustomboxes.com\/sv\/wp-json\/wp\/v2\/product_brand?post=1231"},{"taxonomy":"product_cat","embeddable":true,"href":"https:\/\/chinacustomboxes.com\/sv\/wp-json\/wp\/v2\/product_cat?post=1231"},{"taxonomy":"product_tag","embeddable":true,"href":"https:\/\/chinacustomboxes.com\/sv\/wp-json\/wp\/v2\/product_tag?post=1231"}],"curies":[{"name":"wp","href":"https:\/\/api.w.org\/{rel}","templated":true}]}}