{"id":2243,"date":"2025-08-08T02:13:54","date_gmt":"2025-08-08T02:13:54","guid":{"rendered":"https:\/\/chinacustomboxes.com\/?post_type=product&#038;p=2243"},"modified":"2025-08-14T07:48:26","modified_gmt":"2025-08-14T07:48:26","slug":"custom-design-luxury-lid-and-base-paper-gift-box-for-perfume","status":"publish","type":"product","link":"https:\/\/chinacustomboxes.com\/sv\/custom-design-luxury-lid-and-base-paper-gift-box-for-perfume\/","title":{"rendered":"Specialdesignad presentask f\u00f6r parfym med lyxigt lock och baspapper"},"content":{"rendered":"<h2 id=\"customized-design-luxury-cover-and-base-paper-present-box-for-perfume\">Anpassad design lyxigt lock och baspapper presentf\u00f6rpackning f\u00f6r parfym<\/h2>\n<h2 id=\"1-traditional-lid-and-base-structure-simple-yet-tough\">1. Traditionell struktur f\u00f6r lock och botten: Enkel men robust<\/h2>\n<ul>\n<li>Separat stil *: Locket (cover) och basen (base) \u00e4r uppdelade, med en sn\u00e4ppmodell (st\u00f6rre upptill och mindre nedtill) f\u00f6r smidig \u00f6ppning och st\u00e4ngning, vilket \u00f6kar produktf\u00f6rpackningens regel.<\/li>\n<li>Enkel montering och modifiering *: Den modul\u00e4ra strukturen f\u00f6renklar produktionsprocessen och m\u00f6jligg\u00f6r snabba \u00e4ndringar av form och storlek (t.ex. foder med ovala sp\u00e5r) f\u00f6r att passa olika former av doftbeh\u00e5llare.<\/li>\n<\/ul>\n<h2 id=\"2-spherical-corners-for-impact-defense\">2. Sf\u00e4riska h\u00f6rn f\u00f6r skydd mot st\u00f6tar<\/h2>\n<ul>\n<li>F\u00f6rst\u00e4rkta h\u00f6rn *: Den <a href=\"https:\/\/chinacustomboxes.com\/sv\/vendor-luxury-two-pack-red-wine-double-side-open-gift-box\/\">box<\/a> har en 90 \u00b0 r\u00e4tvinklig ram f\u00f6r att stoppa deformation under transport. Inomhus finns ett d\u00e4mpande ramverk (t.ex. en L-formad r\u00e4nna + ett fj\u00e4drande d\u00e4mpningssystem) som tar upp st\u00f6tar fr\u00e5n flera instruktioner och skyddar glasbeh\u00e5llaren.<\/li>\n<\/ul>\n<p><img fetchpriority=\"high\" decoding=\"async\" class=\"alignnone wp-image-2245 size-full\" src=\"https:\/\/chinacustomboxes.com\/wp-content\/uploads\/2025\/08\/Custom-Design-Luxury-Lid-and-Base-Paper-Gift-Box-for-Perfume-1.jpg\" alt=\"Specialdesignad presentask f\u00f6r parfym med lyxigt lock och baspapper\" width=\"1000\" height=\"1000\" title=\"\" srcset=\"https:\/\/chinacustomboxes.com\/wp-content\/uploads\/2025\/08\/Custom-Design-Luxury-Lid-and-Base-Paper-Gift-Box-for-Perfume-1.jpg 1000w, https:\/\/chinacustomboxes.com\/wp-content\/uploads\/2025\/08\/Custom-Design-Luxury-Lid-and-Base-Paper-Gift-Box-for-Perfume-1-300x300.jpg 300w, https:\/\/chinacustomboxes.com\/wp-content\/uploads\/2025\/08\/Custom-Design-Luxury-Lid-and-Base-Paper-Gift-Box-for-Perfume-1-150x150.jpg 150w, https:\/\/chinacustomboxes.com\/wp-content\/uploads\/2025\/08\/Custom-Design-Luxury-Lid-and-Base-Paper-Gift-Box-for-Perfume-1-768x768.jpg 768w, https:\/\/chinacustomboxes.com\/wp-content\/uploads\/2025\/08\/Custom-Design-Luxury-Lid-and-Base-Paper-Gift-Box-for-Perfume-1-12x12.jpg 12w, https:\/\/chinacustomboxes.com\/wp-content\/uploads\/2025\/08\/Custom-Design-Luxury-Lid-and-Base-Paper-Gift-Box-for-Perfume-1-600x600.jpg 600w, https:\/\/chinacustomboxes.com\/wp-content\/uploads\/2025\/08\/Custom-Design-Luxury-Lid-and-Base-Paper-Gift-Box-for-Perfume-1-100x100.jpg 100w\" sizes=\"(max-width: 1000px) 100vw, 1000px\" \/><\/p>\n<h2 id=\"3-eco-friendly-products-and-sustainability\">3. Milj\u00f6v\u00e4nliga produkter och h\u00e5llbarhet<\/h2>\n<ul>\n<li>FSC-certifierad kartong *: Kappa-kartong med h\u00f6g densitet (\u2265 1200 gsm) som kommer fr\u00e5n h\u00e5llbara skogsomr\u00e5den minimerar koldioxidp\u00e5verkan och ligger i linje med varum\u00e4rket deluxes ekologiska \u00e5tagande.<\/li>\n<li>Kompressionst\u00e5lig och responsiv *: Den matta m\u00f6rkgr\u00f6na bel\u00e4ggningen ger en sl\u00e4t, rept\u00e5lig yta. Det f\u00f6rtjockade, flexibla gummist\u00f6det klarar en belastning p\u00e5 ca 2 kg, vilket f\u00f6rl\u00e4nger livsl\u00e4ngden.<\/li>\n<\/ul>\n<h2 id=\"4-flexible-personalization\">4. Flexibel personalisering<\/h2>\n<ul>\n<li>Justering av storlek och funktion *: Anpassa den inre l\u00e5dans djup baserat p\u00e5 parfymflaskans h\u00f6jd och diameter. Valm\u00f6jligheterna best\u00e5r av f\u00f6nster, magnetf\u00f6rslutningar eller innerl\u00e5dor av papper <a href=\"https:\/\/chinacustomboxes.com\/sv\/glitter-paper-collapsible-magnetic-gift-boxes-for-hair-wigs\/\">l\u00e5dor<\/a>.<\/li>\n<li>Minskat f\u00f6rpackningsavfall *: Den gjutna ramen i ett stycke minskar anv\u00e4ndningen av st\u00f6dmaterial och st\u00f6der milj\u00f6v\u00e4nliga cellul\u00e4ra foder (t.ex. raffiavadd) f\u00f6r att ers\u00e4tta typiska tandfyllningar av plast.<\/li>\n<\/ul>\n<p><img decoding=\"async\" class=\"alignnone wp-image-2246 size-full\" src=\"https:\/\/chinacustomboxes.com\/wp-content\/uploads\/2025\/08\/Custom-Design-Luxury-Lid-and-Base-Paper-Gift-Box-for-Perfume-2.jpg\" alt=\"Specialdesignad presentask f\u00f6r parfym med lyxigt lock och baspapper\" width=\"1000\" height=\"1000\" title=\"\" srcset=\"https:\/\/chinacustomboxes.com\/wp-content\/uploads\/2025\/08\/Custom-Design-Luxury-Lid-and-Base-Paper-Gift-Box-for-Perfume-2.jpg 1000w, https:\/\/chinacustomboxes.com\/wp-content\/uploads\/2025\/08\/Custom-Design-Luxury-Lid-and-Base-Paper-Gift-Box-for-Perfume-2-300x300.jpg 300w, https:\/\/chinacustomboxes.com\/wp-content\/uploads\/2025\/08\/Custom-Design-Luxury-Lid-and-Base-Paper-Gift-Box-for-Perfume-2-150x150.jpg 150w, https:\/\/chinacustomboxes.com\/wp-content\/uploads\/2025\/08\/Custom-Design-Luxury-Lid-and-Base-Paper-Gift-Box-for-Perfume-2-768x768.jpg 768w, https:\/\/chinacustomboxes.com\/wp-content\/uploads\/2025\/08\/Custom-Design-Luxury-Lid-and-Base-Paper-Gift-Box-for-Perfume-2-12x12.jpg 12w, https:\/\/chinacustomboxes.com\/wp-content\/uploads\/2025\/08\/Custom-Design-Luxury-Lid-and-Base-Paper-Gift-Box-for-Perfume-2-600x600.jpg 600w, https:\/\/chinacustomboxes.com\/wp-content\/uploads\/2025\/08\/Custom-Design-Luxury-Lid-and-Base-Paper-Gift-Box-for-Perfume-2-100x100.jpg 100w\" sizes=\"(max-width: 1000px) 100vw, 1000px\" \/><\/p>\n<h2 id=\"5-luxurious-surface-complete\">5. Lyxig yta Komplett<\/h2>\n<ul>\n<li>Varm m\u00e4rkning och UV-bel\u00e4ggning *: Den gyllene gr\u00e4nsen runt f\u00f6rpackningen \u00e4r varmst\u00e4mplad och logotypen \u00e4r UV-belagd f\u00f6r en snygg yta, vilket ger slitstyrka och missf\u00e4rgning och f\u00f6rb\u00e4ttrar den estetiska kvaliteten.<\/li>\n<li>Specialty Refine Extensions *: Pr\u00e4gling, fukts\u00e4kert skikt (idealiskt f\u00f6r omr\u00e5den med h\u00f6g luftfuktighet) eller l\u00e4derfan\u00e9r anv\u00e4nds f\u00f6r att tillgodose differentierade marknadskrav.<\/li>\n<\/ul>\n<h2 id=\"6-dark-environment-friendly-aesthetic-style\">6. M\u00f6rk milj\u00f6v\u00e4nlig estetisk stil<\/h2>\n<ul>\n<li>Prim\u00e4rf\u00e4rg och accenter *: F\u00f6rpackningen har en m\u00f6rkgr\u00f6n\/m\u00f6rk milj\u00f6v\u00e4nlig matt bas, accentuerad med geometriska linjer i ljust guld och en gr\u00e4ns f\u00f6r varmst\u00e4mpling, vilket ger en helt naturlig och \u00f6verd\u00e5dig atmosf\u00e4r.<\/li>\n<li>Enhetlig nyans *: Specifikt matchad till Pantone-skuggsystem s\u00e4kerst\u00e4ller regelbunden nyansvariation genom hela automatiseringen och f\u00f6rb\u00e4ttrar varum\u00e4rkesigenk\u00e4nningen.<\/li>\n<\/ul>\n<p><img decoding=\"async\" class=\"alignnone wp-image-2247 size-full\" src=\"https:\/\/chinacustomboxes.com\/wp-content\/uploads\/2025\/08\/Custom-Design-Luxury-Lid-and-Base-Paper-Gift-Box-for-Perfume-3.jpg\" alt=\"Specialdesignad presentask f\u00f6r parfym med lyxigt lock och baspapper\" width=\"1000\" height=\"1000\" title=\"\" srcset=\"https:\/\/chinacustomboxes.com\/wp-content\/uploads\/2025\/08\/Custom-Design-Luxury-Lid-and-Base-Paper-Gift-Box-for-Perfume-3.jpg 1000w, https:\/\/chinacustomboxes.com\/wp-content\/uploads\/2025\/08\/Custom-Design-Luxury-Lid-and-Base-Paper-Gift-Box-for-Perfume-3-300x300.jpg 300w, https:\/\/chinacustomboxes.com\/wp-content\/uploads\/2025\/08\/Custom-Design-Luxury-Lid-and-Base-Paper-Gift-Box-for-Perfume-3-150x150.jpg 150w, https:\/\/chinacustomboxes.com\/wp-content\/uploads\/2025\/08\/Custom-Design-Luxury-Lid-and-Base-Paper-Gift-Box-for-Perfume-3-768x768.jpg 768w, https:\/\/chinacustomboxes.com\/wp-content\/uploads\/2025\/08\/Custom-Design-Luxury-Lid-and-Base-Paper-Gift-Box-for-Perfume-3-12x12.jpg 12w, https:\/\/chinacustomboxes.com\/wp-content\/uploads\/2025\/08\/Custom-Design-Luxury-Lid-and-Base-Paper-Gift-Box-for-Perfume-3-600x600.jpg 600w, https:\/\/chinacustomboxes.com\/wp-content\/uploads\/2025\/08\/Custom-Design-Luxury-Lid-and-Base-Paper-Gift-Box-for-Perfume-3-100x100.jpg 100w\" sizes=\"(max-width: 1000px) 100vw, 1000px\" \/><\/p>\n<h2 id=\"7-personalized-lining-and-brand-name-included-worth\">7. Personligt foder och varum\u00e4rke ing\u00e5r V\u00e4rde<\/h2>\n<ul>\n<li>Installerat foder *: Avtrycken skulpteras in i skummet eller velouren i enlighet med flaskans form (t.ex. konturen p\u00e5 en parfymbeh\u00e5llare) f\u00f6r att uppn\u00e5 \"nollskakig\" fixering och minska risken f\u00f6r skador.<\/li>\n<li>Information om varum\u00e4rkesprofilering *: Det inv\u00e4ndiga locket kan varmst\u00e4mplas med en slogan\/signatur f\u00f6r ett varum\u00e4rke, och <a href=\"https:\/\/chinacustomboxes.com\/sv\/agency-luxury-lid-and-base-box-for-clothing-sock-packaging\/\">lock och bottenl\u00e5da<\/a> kan f\u00f6rses med en QR-kod eller milj\u00f6deklaration f\u00f6r att \u00f6ka upplevelsen vid uppackningen.<\/li>\n<\/ul>\n<h2 id=\"8-1-hour-example-turn-around-service\">8. 1 timmes exempel p\u00e5 snabbservice<\/h2>\n<ul>\n<li>Korrekturl\u00e4sning i realtid och Testimonial *: Digitala formar och h\u00f6ghastighetssk\u00e4rutrustning g\u00f6r det m\u00f6jligt att skapa fysiska exempel inom 60 minuter efter stilverifiering online, vilket \u00f6kar stilmodellerna.<\/li>\n<li>Effektiv produktion *: Automatisering startar 72 timmar efter bekr\u00e4ftelse av exempel, vilket minskar tillv\u00e4xtcyklerna med 50% och tillgodoser br\u00e5dskande behov av lansering av begr\u00e4nsade versioner.<\/li>\n<\/ul>\n<p><img loading=\"lazy\" decoding=\"async\" class=\"alignnone wp-image-2248 size-full\" src=\"https:\/\/chinacustomboxes.com\/wp-content\/uploads\/2025\/08\/Custom-Design-Luxury-Lid-and-Base-Paper-Gift-Box-for-Perfume-4.jpg\" alt=\"Specialdesignad presentask f\u00f6r parfym med lyxigt lock och baspapper\" width=\"1000\" height=\"1000\" title=\"\" srcset=\"https:\/\/chinacustomboxes.com\/wp-content\/uploads\/2025\/08\/Custom-Design-Luxury-Lid-and-Base-Paper-Gift-Box-for-Perfume-4.jpg 1000w, https:\/\/chinacustomboxes.com\/wp-content\/uploads\/2025\/08\/Custom-Design-Luxury-Lid-and-Base-Paper-Gift-Box-for-Perfume-4-300x300.jpg 300w, https:\/\/chinacustomboxes.com\/wp-content\/uploads\/2025\/08\/Custom-Design-Luxury-Lid-and-Base-Paper-Gift-Box-for-Perfume-4-150x150.jpg 150w, https:\/\/chinacustomboxes.com\/wp-content\/uploads\/2025\/08\/Custom-Design-Luxury-Lid-and-Base-Paper-Gift-Box-for-Perfume-4-768x768.jpg 768w, https:\/\/chinacustomboxes.com\/wp-content\/uploads\/2025\/08\/Custom-Design-Luxury-Lid-and-Base-Paper-Gift-Box-for-Perfume-4-12x12.jpg 12w, https:\/\/chinacustomboxes.com\/wp-content\/uploads\/2025\/08\/Custom-Design-Luxury-Lid-and-Base-Paper-Gift-Box-for-Perfume-4-600x600.jpg 600w, https:\/\/chinacustomboxes.com\/wp-content\/uploads\/2025\/08\/Custom-Design-Luxury-Lid-and-Base-Paper-Gift-Box-for-Perfume-4-100x100.jpg 100w\" sizes=\"(max-width: 1000px) 100vw, 1000px\" \/><\/p>\n<h2 id=\"core-advantages-summary\">Centrala f\u00f6rdelar Sammanfattning<\/h2>\n<ul>\n<li>Funktioner : Kommersiellt v\u00e4rde och kundnytta<\/li>\n<li>Lock och ledande ramverk : F\u00f6rb\u00e4ttrar \u00f6ppningsritualen och st\u00e4rker varum\u00e4rkets kostnader foto<\/li>\n<li>FSC-certifierade material : F\u00f6ljer EU:s h\u00e5llbarhetslagstiftning och lockar till sig milj\u00f6medvetna kunder<\/li>\n<li>Anpassat cellul\u00e4rt foder : Minskar fraktskador med 90%.<\/li>\n<li>Hot Stamping + UV Finish: \u00d6kar rackn\u00e4rvaron med 40%, vilket driver impulsf\u00f6rv\u00e4rv.<\/li>\n<li>1-timmes exempel p\u00e5 l\u00f6sning: Snabbare lansering av artiklar och minimering av priser som bygger p\u00e5 f\u00f6rs\u00f6k och misstag.<\/li>\n<\/ul>","protected":false},"excerpt":{"rendered":"<p>Denna presentf\u00f6rpackning med tryck har utformats speciellt f\u00f6r exklusiva parfymm\u00e4rken och har en klassisk struktur med delad sektion (topplock och bottenl\u00e5da) och \u00e4r tillverkad av FSC-certifierad kartong. Den m\u00f6rkgr\u00f6na matta ytan och guldst\u00e4mpeln framh\u00e4ver dess lyxiga kvalitet. Ett anpassat skum\/flanellfoder h\u00e5ller parfymflaskan s\u00e4kert p\u00e5 plats och skyddar den mot st\u00f6tar under transport. Flexibla justeringar av storlek, finish och foder \u00e4r tillg\u00e4ngliga, tillsammans med en entimmes provhanteringstj\u00e4nst f\u00f6r att s\u00e4kerst\u00e4lla att designen exakt matchar varum\u00e4rkets behov och balanserar milj\u00f6m\u00e4ssig h\u00e5llbarhet med kommersiell effektivitet.<\/p>","protected":false},"featured_media":2245,"template":"","meta":{"_kad_post_transparent":"default","_kad_post_title":"","_kad_post_layout":"default","_kad_post_sidebar_id":"","_kad_post_content_style":"default","_kad_post_vertical_padding":"default","_kad_post_feature":"","_kad_post_feature_position":"","_kad_post_header":false,"_kad_post_footer":false,"_kad_post_classname":""},"product_brand":[],"product_cat":[15,17,19,34],"product_tag":[548,547,546],"class_list":{"0":"post-2243","1":"product","2":"type-product","3":"status-publish","4":"has-post-thumbnail","6":"product_cat-boxes-by-shapes","7":"product_cat-boxes-by-industries","8":"product_cat-lid-and-base-boxes","9":"product_cat-perfume-packaging-boxes","10":"product_tag-custom-gift-box","11":"product_tag-gift-box-for-perfume","12":"product_tag-lid-and-base-paper-gift-box","14":"first","15":"instock","16":"shipping-taxable","17":"product-type-simple","18":"entry","19":"content-bg","20":"loop-entry"},"_links":{"self":[{"href":"https:\/\/chinacustomboxes.com\/sv\/wp-json\/wp\/v2\/product\/2243","targetHints":{"allow":["GET"]}}],"collection":[{"href":"https:\/\/chinacustomboxes.com\/sv\/wp-json\/wp\/v2\/product"}],"about":[{"href":"https:\/\/chinacustomboxes.com\/sv\/wp-json\/wp\/v2\/types\/product"}],"wp:featuredmedia":[{"embeddable":true,"href":"https:\/\/chinacustomboxes.com\/sv\/wp-json\/wp\/v2\/media\/2245"}],"wp:attachment":[{"href":"https:\/\/chinacustomboxes.com\/sv\/wp-json\/wp\/v2\/media?parent=2243"}],"wp:term":[{"taxonomy":"product_brand","embeddable":true,"href":"https:\/\/chinacustomboxes.com\/sv\/wp-json\/wp\/v2\/product_brand?post=2243"},{"taxonomy":"product_cat","embeddable":true,"href":"https:\/\/chinacustomboxes.com\/sv\/wp-json\/wp\/v2\/product_cat?post=2243"},{"taxonomy":"product_tag","embeddable":true,"href":"https:\/\/chinacustomboxes.com\/sv\/wp-json\/wp\/v2\/product_tag?post=2243"}],"curies":[{"name":"wp","href":"https:\/\/api.w.org\/{rel}","templated":true}]}}