{"id":2251,"date":"2025-08-15T03:00:43","date_gmt":"2025-08-15T03:00:43","guid":{"rendered":"https:\/\/chinacustomboxes.com\/?post_type=product&#038;p=2251"},"modified":"2025-08-15T05:50:23","modified_gmt":"2025-08-15T05:50:23","slug":"luxury-perfume-drawer-packaging-gift-boxes-manufacturer","status":"publish","type":"product","link":"https:\/\/chinacustomboxes.com\/sv\/luxury-perfume-drawer-packaging-gift-boxes-manufacturer\/","title":{"rendered":"Lyxig parfyml\u00e5da F\u00f6rpackning Presentaskar Tillverkare"},"content":{"rendered":"<h2 id=\"deluxe-fragrance-drawer-packaging-gift-boxes-accuracy-workmanship-fulfills-classic-beauty\">Deluxe Doftl\u00e5da F\u00f6rpackningar Presentaskar: Noggrannt utf\u00f6rande uppfyller klassisk sk\u00f6nhet<\/h2>\n<p>V\u00e5ra lyxiga doftsk\u00e5psprodukter \u00e4r tillverkade med ett noggrant intresse f\u00f6r detaljer <a href=\"https:\/\/chinacustomboxes.com\/sv\/luxury-paper-gift-bags-for-cosmetics-perfume-distributors\/\">f\u00f6rpackningsl\u00e5dor<\/a> integrera innovativ design och \u00f6verd\u00e5diga visuella tilltal f\u00f6r att omdefiniera doftpresentation. Nedan finns en omfattande artikelspecifikation anpassad efter dina krav:<\/p>\n<h2 id=\"1-smooth-drawer-device\">1. Smidig l\u00e5danordning<\/h2>\n<ul>\n<li>Push-Pull-stil: Genom att anv\u00e4nda en avancerad blandning av en yttre l\u00e5da (yttre fastigheter) och en inre l\u00e5da (inre l\u00e5da), i kombination med en r\u00f6rlig skenbas, s\u00e4kerst\u00e4lls smidig \u00f6ppning och st\u00e4ngning, vilket p\u00e5 ett felfritt s\u00e4tt personifierar unboxing-ritualen f\u00f6r avancerade parfymer. Skensidorna \u00e4r polerade p\u00e5 millimeterniv\u00e5 f\u00f6r att avl\u00e4gsna grader och ge en silkeslen responsiv upplevelse.<\/li>\n<li>Genialisk \u00f6ppning och st\u00e4ngning: I st\u00e4llet f\u00f6r den vanliga utdragbara layouten har denna <a href=\"https:\/\/chinacustomboxes.com\/sv\/custom-child-proof-5-pre-roll-drawer-box-divider-boxes-consultant\/\">box<\/a> inkluderar ett fj\u00e4derdrivet system som tillval f\u00f6r en l\u00e4tt touch, vilket eliminerar risken f\u00f6r att doftflaskan skakar p\u00e5 grund av f\u00f6r stor kraft.<\/li>\n<\/ul>\n<p><img fetchpriority=\"high\" decoding=\"async\" class=\"alignnone wp-image-2252 size-full\" src=\"https:\/\/chinacustomboxes.com\/wp-content\/uploads\/2025\/08\/Luxury-Perfume-Drawer-Packaging-Gift-Boxes-Manufacturer-1.jpg\" alt=\"Lyxig parfyml\u00e5da F\u00f6rpackning Presentaskar Tillverkare\" width=\"1000\" height=\"1000\" title=\"\" srcset=\"https:\/\/chinacustomboxes.com\/wp-content\/uploads\/2025\/08\/Luxury-Perfume-Drawer-Packaging-Gift-Boxes-Manufacturer-1.jpg 1000w, https:\/\/chinacustomboxes.com\/wp-content\/uploads\/2025\/08\/Luxury-Perfume-Drawer-Packaging-Gift-Boxes-Manufacturer-1-300x300.jpg 300w, https:\/\/chinacustomboxes.com\/wp-content\/uploads\/2025\/08\/Luxury-Perfume-Drawer-Packaging-Gift-Boxes-Manufacturer-1-150x150.jpg 150w, https:\/\/chinacustomboxes.com\/wp-content\/uploads\/2025\/08\/Luxury-Perfume-Drawer-Packaging-Gift-Boxes-Manufacturer-1-768x768.jpg 768w, https:\/\/chinacustomboxes.com\/wp-content\/uploads\/2025\/08\/Luxury-Perfume-Drawer-Packaging-Gift-Boxes-Manufacturer-1-12x12.jpg 12w, https:\/\/chinacustomboxes.com\/wp-content\/uploads\/2025\/08\/Luxury-Perfume-Drawer-Packaging-Gift-Boxes-Manufacturer-1-600x600.jpg 600w, https:\/\/chinacustomboxes.com\/wp-content\/uploads\/2025\/08\/Luxury-Perfume-Drawer-Packaging-Gift-Boxes-Manufacturer-1-100x100.jpg 100w\" sizes=\"(max-width: 1000px) 100vw, 1000px\" \/><\/p>\n<h2 id=\"2-internal-protection-system-precision-cradle-defense\">2. Internt skyddssystem | Precision Cradle &amp; Defense<\/h2>\n<ul>\n<li>Anpassad sp\u00e5rhantering: Baserat p\u00e5 3D-modelleringsinformation sk\u00e4rs ett specifikt sp\u00e5r rakt in i l\u00e5dans inre l\u00e5da och t\u00e4cker parfymbeh\u00e5llaren ordentligt f\u00f6r en \"flytande\" s\u00e4ker passform. Sp\u00e5ret \u00e4r fodrat med milj\u00f6v\u00e4nligt EVA-skum med h\u00f6g densitet (justerbar densitet) f\u00f6r att ordentligt absorbera transportvibrationer och undvika repor och l\u00e4ckage.<\/li>\n<li>Design med dubbla f\u00f6rsvar: En ih\u00e5lig ram i botten av sp\u00e5ret g\u00f6r det mycket l\u00e4tt att komma \u00e5t doftflaskan med en hand. En antistatisk ytbehandling kan ocks\u00e5 inkluderas f\u00f6r att f\u00f6rhindra fasta gnistor som utl\u00f6ses genom att gnugga med beh\u00e5llaren.<\/li>\n<\/ul>\n<p><img decoding=\"async\" class=\"alignnone wp-image-2253 size-full\" src=\"https:\/\/chinacustomboxes.com\/wp-content\/uploads\/2025\/08\/Luxury-Perfume-Drawer-Packaging-Gift-Boxes-Manufacturer-2.jpg\" alt=\"Lyxig parfyml\u00e5da F\u00f6rpackning Presentaskar Tillverkare\" width=\"1000\" height=\"1000\" title=\"\" srcset=\"https:\/\/chinacustomboxes.com\/wp-content\/uploads\/2025\/08\/Luxury-Perfume-Drawer-Packaging-Gift-Boxes-Manufacturer-2.jpg 1000w, https:\/\/chinacustomboxes.com\/wp-content\/uploads\/2025\/08\/Luxury-Perfume-Drawer-Packaging-Gift-Boxes-Manufacturer-2-300x300.jpg 300w, https:\/\/chinacustomboxes.com\/wp-content\/uploads\/2025\/08\/Luxury-Perfume-Drawer-Packaging-Gift-Boxes-Manufacturer-2-150x150.jpg 150w, https:\/\/chinacustomboxes.com\/wp-content\/uploads\/2025\/08\/Luxury-Perfume-Drawer-Packaging-Gift-Boxes-Manufacturer-2-768x768.jpg 768w, https:\/\/chinacustomboxes.com\/wp-content\/uploads\/2025\/08\/Luxury-Perfume-Drawer-Packaging-Gift-Boxes-Manufacturer-2-12x12.jpg 12w, https:\/\/chinacustomboxes.com\/wp-content\/uploads\/2025\/08\/Luxury-Perfume-Drawer-Packaging-Gift-Boxes-Manufacturer-2-600x600.jpg 600w, https:\/\/chinacustomboxes.com\/wp-content\/uploads\/2025\/08\/Luxury-Perfume-Drawer-Packaging-Gift-Boxes-Manufacturer-2-100x100.jpg 100w\" sizes=\"(max-width: 1000px) 100vw, 1000px\" \/><\/p>\n<h2 id=\"3-box-product-feeling-natural-appearance-tactile-luxury\">3. Box Produkt &amp; k\u00e4nsla | Naturligt utseende &amp; taktil lyx<\/h2>\n<ul>\n<li>Naturligt utseende Ytarea: Tillverkad av importerat v\u00e4xtbaserat parfymerat papper eller konstn\u00e4rligt pr\u00e4glat <a href=\"https:\/\/chinacustomboxes.com\/sv\/exporter-unique-marble-paper-shopping-gift-bag-for-hair-wigs\/\">papper<\/a>Med den h\u00e4r l\u00f6sningen skyddas naturfiberns utseende och ger paketet en matt finish och en varm k\u00e4nsla. Ytan \u00e4r behandlad med en vattenbaserad ytbehandling f\u00f6r att motst\u00e5 fukt och fingeravtryck.<\/li>\n<li>Dekorativt 3D-utf\u00f6rande: Oregelbundna gula och vita texturer \u00e5stadkoms genom fantasifull pr\u00e4gling och displaytryck, vilket skapar en tredimensionell textur (konkavt och konvext djup 0,3- 0,5 mm) och med slitstyrka p\u00e5 upp till 10.000 friktionscykler utan att lossna.<\/li>\n<\/ul>\n<p><img decoding=\"async\" class=\"alignnone wp-image-2254 size-full\" src=\"https:\/\/chinacustomboxes.com\/wp-content\/uploads\/2025\/08\/Luxury-Perfume-Drawer-Packaging-Gift-Boxes-Manufacturer-3.jpg\" alt=\"Lyxig parfyml\u00e5da F\u00f6rpackning Presentaskar Tillverkare\" width=\"1000\" height=\"1000\" title=\"\" srcset=\"https:\/\/chinacustomboxes.com\/wp-content\/uploads\/2025\/08\/Luxury-Perfume-Drawer-Packaging-Gift-Boxes-Manufacturer-3.jpg 1000w, https:\/\/chinacustomboxes.com\/wp-content\/uploads\/2025\/08\/Luxury-Perfume-Drawer-Packaging-Gift-Boxes-Manufacturer-3-300x300.jpg 300w, https:\/\/chinacustomboxes.com\/wp-content\/uploads\/2025\/08\/Luxury-Perfume-Drawer-Packaging-Gift-Boxes-Manufacturer-3-150x150.jpg 150w, https:\/\/chinacustomboxes.com\/wp-content\/uploads\/2025\/08\/Luxury-Perfume-Drawer-Packaging-Gift-Boxes-Manufacturer-3-768x768.jpg 768w, https:\/\/chinacustomboxes.com\/wp-content\/uploads\/2025\/08\/Luxury-Perfume-Drawer-Packaging-Gift-Boxes-Manufacturer-3-12x12.jpg 12w, https:\/\/chinacustomboxes.com\/wp-content\/uploads\/2025\/08\/Luxury-Perfume-Drawer-Packaging-Gift-Boxes-Manufacturer-3-600x600.jpg 600w, https:\/\/chinacustomboxes.com\/wp-content\/uploads\/2025\/08\/Luxury-Perfume-Drawer-Packaging-Gift-Boxes-Manufacturer-3-100x100.jpg 100w\" sizes=\"(max-width: 1000px) 100vw, 1000px\" \/><\/p>\n<h2 id=\"4-user-friendly-information-fine-tuned-useful-aspects\">4. Anv\u00e4ndarv\u00e4nlig information | finjusterade anv\u00e4ndbara aspekter<\/h2>\n<ul>\n<li>\u00d6ppningsst\u00f6d: Ett inb\u00e4ddat svart v\u00e4vt bomullshandtag (bredd \u2265 15 mm) f\u00f6rb\u00e4ttrar sk\u00e5pets \u00f6ppningskomfort; handtaget \u00e4r skyddat med en st\u00e5lnit i slutet f\u00f6r att s\u00e4kerst\u00e4lla varaktig deformation.<\/li>\n<li>H\u00f6gklassig logotypstil: Namnm\u00e4rket i metall \u00e4r elektropl\u00e4terat med zinklegering, som finns i guld, platina eller brons. Med mikroetsningsteknik uppn\u00e5s ett logodesigndjup p\u00e5 \u2264 0,1 mm.<\/li>\n<\/ul>\n<h2 id=\"5-shade-and-aesthetic-logic-iconic-shade-strategy\">5. Skugga och estetisk logik | ikonisk skuggstrategi<\/h2>\n<ul>\n<li>Standard Luxury Color: En djup m\u00f6rkgr\u00f6n f\u00e4rg (Pantone 627C) \u00e4r den prim\u00e4ra f\u00e4rgen, som upptar \u2265 85% av <a href=\"https:\/\/chinacustomboxes.com\/sv\/customized-slider-child-resistant-box-rigid-boxes-wholesale\/\">l\u00e5dan<\/a> yta, som symboliserar natur och evighet. De mattsvarta l\u00e5dskivorna och st\u00e5letiketterna skapar en kontrast mellan ljus och m\u00f6rker, vilket f\u00f6rst\u00e4rker den estetiska kraftstrukturen.<\/li>\n<li>Varaktig hantering av skuggor: Tryckt med v\u00e4xtbaserat vattenbaserat bl\u00e4ck, nyansavvikelsen \u00e4r \u2264 0,5 \u0394E (v\u00e4rldsomsp\u00e4nnande krav) och f\u00f6ljer FSC-milj\u00f6certifiering.<\/li>\n<\/ul>\n<p><img loading=\"lazy\" decoding=\"async\" class=\"alignnone wp-image-2255 size-full\" src=\"https:\/\/chinacustomboxes.com\/wp-content\/uploads\/2025\/08\/Luxury-Perfume-Drawer-Packaging-Gift-Boxes-Manufacturer-4.jpg\" alt=\"Lyxig parfyml\u00e5da F\u00f6rpackning Presentaskar Tillverkare\" width=\"1000\" height=\"1000\" title=\"\" srcset=\"https:\/\/chinacustomboxes.com\/wp-content\/uploads\/2025\/08\/Luxury-Perfume-Drawer-Packaging-Gift-Boxes-Manufacturer-4.jpg 1000w, https:\/\/chinacustomboxes.com\/wp-content\/uploads\/2025\/08\/Luxury-Perfume-Drawer-Packaging-Gift-Boxes-Manufacturer-4-300x300.jpg 300w, https:\/\/chinacustomboxes.com\/wp-content\/uploads\/2025\/08\/Luxury-Perfume-Drawer-Packaging-Gift-Boxes-Manufacturer-4-150x150.jpg 150w, https:\/\/chinacustomboxes.com\/wp-content\/uploads\/2025\/08\/Luxury-Perfume-Drawer-Packaging-Gift-Boxes-Manufacturer-4-768x768.jpg 768w, https:\/\/chinacustomboxes.com\/wp-content\/uploads\/2025\/08\/Luxury-Perfume-Drawer-Packaging-Gift-Boxes-Manufacturer-4-12x12.jpg 12w, https:\/\/chinacustomboxes.com\/wp-content\/uploads\/2025\/08\/Luxury-Perfume-Drawer-Packaging-Gift-Boxes-Manufacturer-4-600x600.jpg 600w, https:\/\/chinacustomboxes.com\/wp-content\/uploads\/2025\/08\/Luxury-Perfume-Drawer-Packaging-Gift-Boxes-Manufacturer-4-100x100.jpg 100w\" sizes=\"(max-width: 1000px) 100vw, 1000px\" \/><\/p>\n<h2 id=\"6-precision-production-criteria-millimeter-perfect-design\">6. Kriterier f\u00f6r precisionsproduktion | Millimeterperfekt design<\/h2>\n<ul>\n<li>Kontroll av m\u00f6gelprecision: F\u00f6rpackningskroppen anv\u00e4nder en CNC-precisionsskuren form och m\u00f6gel (motst\u00e5nd \u00b1 0,05 mm), vilket leder till skarpa h\u00f6rn och ingen flisning. Sk\u00e5pets skenavst\u00e5nd \u00e4r \u2264 0,2 mm, vilket s\u00e4kerst\u00e4ller smidig r\u00f6relse och ritning.<\/li>\n<li>Dammfri tillverkningsmilj\u00f6: Hela proceduren slutf\u00f6rs i ett renrum Course 10.000, vilket avl\u00e4gsnar dammf\u00f6roreningar och garanterar en vacker ytstruktur.<\/li>\n<\/ul>\n<p><img loading=\"lazy\" decoding=\"async\" class=\"alignnone wp-image-2256 size-full\" src=\"https:\/\/chinacustomboxes.com\/wp-content\/uploads\/2025\/08\/Luxury-Perfume-Drawer-Packaging-Gift-Boxes-Manufacturer-5.jpg\" alt=\"Lyxig parfyml\u00e5da F\u00f6rpackning Presentaskar Tillverkare\" width=\"1000\" height=\"1000\" title=\"\" srcset=\"https:\/\/chinacustomboxes.com\/wp-content\/uploads\/2025\/08\/Luxury-Perfume-Drawer-Packaging-Gift-Boxes-Manufacturer-5.jpg 1000w, https:\/\/chinacustomboxes.com\/wp-content\/uploads\/2025\/08\/Luxury-Perfume-Drawer-Packaging-Gift-Boxes-Manufacturer-5-300x300.jpg 300w, https:\/\/chinacustomboxes.com\/wp-content\/uploads\/2025\/08\/Luxury-Perfume-Drawer-Packaging-Gift-Boxes-Manufacturer-5-150x150.jpg 150w, https:\/\/chinacustomboxes.com\/wp-content\/uploads\/2025\/08\/Luxury-Perfume-Drawer-Packaging-Gift-Boxes-Manufacturer-5-768x768.jpg 768w, https:\/\/chinacustomboxes.com\/wp-content\/uploads\/2025\/08\/Luxury-Perfume-Drawer-Packaging-Gift-Boxes-Manufacturer-5-12x12.jpg 12w, https:\/\/chinacustomboxes.com\/wp-content\/uploads\/2025\/08\/Luxury-Perfume-Drawer-Packaging-Gift-Boxes-Manufacturer-5-600x600.jpg 600w, https:\/\/chinacustomboxes.com\/wp-content\/uploads\/2025\/08\/Luxury-Perfume-Drawer-Packaging-Gift-Boxes-Manufacturer-5-100x100.jpg 100w\" sizes=\"(max-width: 1000px) 100vw, 1000px\" \/><\/p>\n<h2 id=\"7-rapid-development-capabilities-agile-prototyping-manufacturing\">7. Snabb utvecklingskapacitet | Agil prototyptillverkning och tillverkning<\/h2>\n<ul>\n<li>Digital utvecklingsprocess: St\u00f6djer 3D-modellering (Rhino\/SolidWorks) f\u00f6r realtidssimulering av boxens ramverk. Laserskurna exempel kan verifieras inom 8 timmar, vilket p\u00e5skyndar stilversionerna.<\/li>\n<li>M\u00e5ngsidig produktions\u00e5terkoppling: Automationscykeln \u00e4r 15-20 dagar (best\u00e5ende av skr\u00e4ddarsydda processer), har en MOQ p\u00e5 500 stycken och arbetar med OEM\/ODM-krav.<\/li>\n<\/ul>","protected":false},"excerpt":{"rendered":"<p>Presentasken med parfym i l\u00e5dan har en design med glidande skena som skapar en k\u00e4nsla av ritual n\u00e4r den \u00f6ppnas. EVA-sp\u00e5r med h\u00f6g precision \u00e4r inb\u00e4ddade f\u00f6r att parfymflaskan ska kunna \"h\u00e4ngas upp\" och fixeras. Den naturliga texturen p\u00e5 det \u00f6rtdoftande papperet och den detaljerade metalletiketten skapar en lugn och lyxig upplevelse. L\u00e5dan \u00e4r skuren med stansning p\u00e5 millimeterniv\u00e5, vilket resulterar i skarpa kanter och h\u00f6rn. Den m\u00f6rkgr\u00f6na prim\u00e4rf\u00e4rgen kompletteras av ett konstn\u00e4rligt pr\u00e4glat screentryck, vilket skapar en h\u00e5llbar visuell klassiker. 3D-modellering st\u00f6ds f\u00f6r snabb korrekturl\u00e4sning, med global leverans inom 15 dagar.<\/p>","protected":false},"featured_media":2252,"template":"","meta":{"_kad_post_transparent":"default","_kad_post_title":"","_kad_post_layout":"default","_kad_post_sidebar_id":"","_kad_post_content_style":"default","_kad_post_vertical_padding":"default","_kad_post_feature":"","_kad_post_feature_position":"","_kad_post_header":false,"_kad_post_footer":false,"_kad_post_classname":""},"product_brand":[],"product_cat":[15,17,20,34],"product_tag":[551,549,550],"class_list":{"0":"post-2251","1":"product","2":"type-product","3":"status-publish","4":"has-post-thumbnail","6":"product_cat-boxes-by-shapes","7":"product_cat-boxes-by-industries","8":"product_cat-drawer-style-boxes","9":"product_cat-perfume-packaging-boxes","10":"product_tag-gift-boxes-manufacturer","11":"product_tag-luxury-perfume-packaging","12":"product_tag-perfume-drawer-boxes","14":"first","15":"instock","16":"shipping-taxable","17":"product-type-simple","18":"entry","19":"content-bg","20":"loop-entry"},"_links":{"self":[{"href":"https:\/\/chinacustomboxes.com\/sv\/wp-json\/wp\/v2\/product\/2251","targetHints":{"allow":["GET"]}}],"collection":[{"href":"https:\/\/chinacustomboxes.com\/sv\/wp-json\/wp\/v2\/product"}],"about":[{"href":"https:\/\/chinacustomboxes.com\/sv\/wp-json\/wp\/v2\/types\/product"}],"wp:featuredmedia":[{"embeddable":true,"href":"https:\/\/chinacustomboxes.com\/sv\/wp-json\/wp\/v2\/media\/2252"}],"wp:attachment":[{"href":"https:\/\/chinacustomboxes.com\/sv\/wp-json\/wp\/v2\/media?parent=2251"}],"wp:term":[{"taxonomy":"product_brand","embeddable":true,"href":"https:\/\/chinacustomboxes.com\/sv\/wp-json\/wp\/v2\/product_brand?post=2251"},{"taxonomy":"product_cat","embeddable":true,"href":"https:\/\/chinacustomboxes.com\/sv\/wp-json\/wp\/v2\/product_cat?post=2251"},{"taxonomy":"product_tag","embeddable":true,"href":"https:\/\/chinacustomboxes.com\/sv\/wp-json\/wp\/v2\/product_tag?post=2251"}],"curies":[{"name":"wp","href":"https:\/\/api.w.org\/{rel}","templated":true}]}}