{"id":2259,"date":"2025-08-19T02:29:33","date_gmt":"2025-08-19T02:29:33","guid":{"rendered":"https:\/\/chinacustomboxes.com\/?post_type=product&#038;p=2259"},"modified":"2025-08-19T03:48:14","modified_gmt":"2025-08-19T03:48:14","slug":"body-lotion-essential-oil-perfume-paper-drawer-boxes-dealer","status":"publish","type":"product","link":"https:\/\/chinacustomboxes.com\/sv\/body-lotion-essential-oil-perfume-paper-drawer-boxes-dealer\/","title":{"rendered":"Body Lotion Eterisk olja Parfym Papper L\u00e5dor L\u00e5dor \u00c5terf\u00f6rs\u00e4ljare"},"content":{"rendered":"<h2 id=\"1-the-costs-paper-drawer-boxes-for-cosmetics-oils-and-perfumes-\">1.\u00a0<strong>Kostnaderna Pappersl\u00e5dor f\u00f6r kosmetika, eteriska oljor, kroppslotion och parfymer<\/strong><\/h2>\n<p>F\u00f6r kr\u00e4sna varum\u00e4rken inom bodylotion-, eterisk olja- och parfymindustrin \u00e4r produktf\u00f6rpackningen inte bara en beh\u00e5llare; den \u00e4r en viktig del av varum\u00e4rkets ber\u00e4ttelse och konsumentupplevelsen. Vi tillhandah\u00e5ller den fr\u00e4msta tj\u00e4nsten f\u00f6r att lyfta denna ber\u00e4ttelse: den skr\u00e4ddarsydda pappersl\u00e5dan, en f\u00f6rkroppsligande av klass, s\u00e4kerhet och sensorisk gl\u00e4dje.<\/p>\n<p>Som en ledande \u00e5terf\u00f6rs\u00e4ljare och partner inom avancerade produktf\u00f6rpackningar vet vi att din produkt f\u00f6rtj\u00e4nar en presentation som \u00e4r lika genomarbetad som dess inneh\u00e5ll. V\u00e5rt <a href=\"https:\/\/chinacustomboxes.com\/sv\/drawer-style-boxes\/\">l\u00e5dfack<\/a>, \u00e4ven kallad slide box eller sleeve and tray box, ger en interaktiv och anm\u00e4rkningsv\u00e4rd unboxing-upplevelse som etablerar en kostnadston redan fr\u00e5n b\u00f6rjan. Sk\u00e5pets mjuka glidning, det gradvisa avsl\u00f6jandet av produkten som ligger s\u00e4kert inb\u00e4ddad - detta \u00e4r mer \u00e4n att bara \u00f6ppna en l\u00e5da; det \u00e4r ett \u00f6gonblick av utforskning och f\u00f6rv\u00e4ntan som avsev\u00e4rt \u00f6kar det synliga v\u00e4rdet av ditt varum\u00e4rke.<\/p>\n<p><img fetchpriority=\"high\" decoding=\"async\" class=\"alignnone wp-image-2261 size-full\" src=\"https:\/\/chinacustomboxes.com\/wp-content\/uploads\/2025\/08\/Body-Lotion-Essential-Oil-Perfume-Paper-Drawer-Boxes-Dealer-2.jpg\" alt=\"Body Lotion Eterisk olja Parfym Papper L\u00e5dor L\u00e5dor \u00c5terf\u00f6rs\u00e4ljare\" width=\"1000\" height=\"1000\" title=\"\" srcset=\"https:\/\/chinacustomboxes.com\/wp-content\/uploads\/2025\/08\/Body-Lotion-Essential-Oil-Perfume-Paper-Drawer-Boxes-Dealer-2.jpg 1000w, https:\/\/chinacustomboxes.com\/wp-content\/uploads\/2025\/08\/Body-Lotion-Essential-Oil-Perfume-Paper-Drawer-Boxes-Dealer-2-300x300.jpg 300w, https:\/\/chinacustomboxes.com\/wp-content\/uploads\/2025\/08\/Body-Lotion-Essential-Oil-Perfume-Paper-Drawer-Boxes-Dealer-2-150x150.jpg 150w, https:\/\/chinacustomboxes.com\/wp-content\/uploads\/2025\/08\/Body-Lotion-Essential-Oil-Perfume-Paper-Drawer-Boxes-Dealer-2-768x768.jpg 768w, https:\/\/chinacustomboxes.com\/wp-content\/uploads\/2025\/08\/Body-Lotion-Essential-Oil-Perfume-Paper-Drawer-Boxes-Dealer-2-12x12.jpg 12w, https:\/\/chinacustomboxes.com\/wp-content\/uploads\/2025\/08\/Body-Lotion-Essential-Oil-Perfume-Paper-Drawer-Boxes-Dealer-2-600x600.jpg 600w, https:\/\/chinacustomboxes.com\/wp-content\/uploads\/2025\/08\/Body-Lotion-Essential-Oil-Perfume-Paper-Drawer-Boxes-Dealer-2-100x100.jpg 100w\" sizes=\"(max-width: 1000px) 100vw, 1000px\" \/><\/p>\n<h2 id=\"2-the-art-of-presentation-why-a-paper-drawer-boxes-is-the-superior-selection-\">2.\u00a0<strong>Konsten att presentera: Varf\u00f6r en pappersl\u00e5da \u00e4r det b\u00e4sta valet\u00a0<\/strong>.<\/h2>\n<ul>\n<li><strong>En of\u00f6rgl\u00f6mlig uppackningsresa:\u00a0<\/strong>Den st\u00f6rsta f\u00f6rdelen med l\u00e5dboxen \u00e4r den avancerade uppackning som den ger. Den smidiga, kontrollerade aktiviteten att skjuta ut den inre brickan ur sin hylsa ger en taktil upplevelse som \u00e4r b\u00e5de tillfredsst\u00e4llande och elegant.<\/li>\n<li><strong>Att odla ett kostnadsnamn Varum\u00e4rkesbild:\u00a0<\/strong>Den tuffa, styva konstruktionen av l\u00e5dorna indikerar snabbt h\u00f6g kvalitet. Denna design \u00e4r synonym med avancerade produkter, fr\u00e5n premiumelektronik till fina modesmycken. Genom att anv\u00e4nda denna produktf\u00f6rpackning f\u00f6r dina lotioner, oljor eller parfymer anpassar du ditt varum\u00e4rke till detta antagande om kvalitet och noggrant intresse f\u00f6r information.<\/li>\n<li><strong>Funktionalitet m\u00f6ter l\u00e5ng livsl\u00e4ngd:\u00a0<\/strong>L\u00e5dboxar \u00e4r i sig sj\u00e4lva anv\u00e4ndbara och h\u00e5llbara. M\u00e5nga kunder \u00e5teranv\u00e4nder dessa attraktiva <a href=\"https:\/\/chinacustomboxes.com\/sv\/luxury-quality-double-door-box-for-arab-perfume-skincare\/\">l\u00e5dor<\/a> f\u00f6r att spara smycken, minnessaker eller brevpapper, vilket g\u00f6r att din f\u00f6rpackning direkt blir ett l\u00e5ngvarigt v\u00e4rdefullt f\u00f6rem\u00e5l. Denna \u00e5teranv\u00e4ndbarhet \u00e4r inte bara en milj\u00f6medveten f\u00f6rdel utan dessutom en subtil och effektiv reklamenhet som h\u00e5ller ditt varum\u00e4rke m\u00e4rkbart l\u00e5ngt efter att f\u00f6rem\u00e5let faktiskt har anv\u00e4nts.<\/li>\n<li><strong>Of\u00f6rsonligt f\u00f6rsvar f\u00f6r \u00f6mt\u00e5liga produkter:\u00a0<\/strong>Parfymer, vitaloljor och kr\u00e4mer f\u00f6rvaras ofta i sk\u00f6ra glasflaskor eller \u00f6mt\u00e5liga beh\u00e5llare. Den robusta ramen f\u00f6r en oflexibel sk\u00e5pl\u00e5da, integrerad med precisionskonstruerade interi\u00f6rinstallationer, ger o\u00f6vertr\u00e4ffad s\u00e4kerhet mot st\u00f6tar, vibrationer och f\u00f6rskjutning under hela transporten. Detta garanterar att ditt f\u00f6rem\u00e5l kommer hit i det or\u00f6rda problem som dina kunder f\u00f6rv\u00e4ntar sig, vilket s\u00e4krar b\u00e5de f\u00f6rem\u00e5let och ditt varum\u00e4rkes trov\u00e4rdighet.<\/li>\n<\/ul>\n<p><img decoding=\"async\" class=\"alignnone wp-image-2260 size-full\" src=\"https:\/\/chinacustomboxes.com\/wp-content\/uploads\/2025\/08\/Body-Lotion-Essential-Oil-Perfume-Paper-Drawer-Boxes-Dealer-1.jpg\" alt=\"Body Lotion Eterisk olja Parfym Papper L\u00e5dor L\u00e5dor \u00c5terf\u00f6rs\u00e4ljare\" width=\"1000\" height=\"1000\" title=\"\" srcset=\"https:\/\/chinacustomboxes.com\/wp-content\/uploads\/2025\/08\/Body-Lotion-Essential-Oil-Perfume-Paper-Drawer-Boxes-Dealer-1.jpg 1000w, https:\/\/chinacustomboxes.com\/wp-content\/uploads\/2025\/08\/Body-Lotion-Essential-Oil-Perfume-Paper-Drawer-Boxes-Dealer-1-300x300.jpg 300w, https:\/\/chinacustomboxes.com\/wp-content\/uploads\/2025\/08\/Body-Lotion-Essential-Oil-Perfume-Paper-Drawer-Boxes-Dealer-1-150x150.jpg 150w, https:\/\/chinacustomboxes.com\/wp-content\/uploads\/2025\/08\/Body-Lotion-Essential-Oil-Perfume-Paper-Drawer-Boxes-Dealer-1-768x768.jpg 768w, https:\/\/chinacustomboxes.com\/wp-content\/uploads\/2025\/08\/Body-Lotion-Essential-Oil-Perfume-Paper-Drawer-Boxes-Dealer-1-12x12.jpg 12w, https:\/\/chinacustomboxes.com\/wp-content\/uploads\/2025\/08\/Body-Lotion-Essential-Oil-Perfume-Paper-Drawer-Boxes-Dealer-1-600x600.jpg 600w, https:\/\/chinacustomboxes.com\/wp-content\/uploads\/2025\/08\/Body-Lotion-Essential-Oil-Perfume-Paper-Drawer-Boxes-Dealer-1-100x100.jpg 100w\" sizes=\"(max-width: 1000px) 100vw, 1000px\" \/><\/p>\n<h2 id=\"3-uncompromising-quality-a-deep-dive-into-our-materials-\">3.\u00a0<strong>Kompromissl\u00f6s kvalitet: En djupdykning i v\u00e5ra material\u00a0<\/strong>.<\/h2>\n<p>Den eleganta k\u00e4nslan i v\u00e5ra l\u00e5dor b\u00f6rjar med valet av \u00f6verl\u00e4gsna r\u00e5material. Vi konstruerar varje l\u00e5da fr\u00e5n insidan och ut och ser till att varje lager bidrar till en slutprodukt som \u00e4r b\u00e5de strukturellt sund och kosmetiskt spektakul\u00e4r.<\/p>\n<p><strong>Det grundl\u00e4ggande ramverket: Den inre styrkan\u00a0<\/strong>. Grunden i v\u00e5ra l\u00e5dfack \u00e4r en styv kartong med h\u00f6g densitet, vanligtvis kallad gr\u00e5board eller sp\u00e5nskiva. Denna produkt, som tillverkas av \u00e5tervunnet papper, ger fenomenal seghet och motst\u00e5ndskraft mot b\u00f6jning eller nedbrytning. Vi erbjuder en rad olika densiteter, i allm\u00e4nhet fr\u00e5n 1,5 mm till 3 mm (ungef\u00e4r 800 gsm till 2000 gsm), s\u00e5 att du kan v\u00e4lja den utm\u00e4rkta niv\u00e5n av styvhet och tyngd f\u00f6r ditt f\u00f6rem\u00e5l. Denna solida k\u00e4rna \u00e4r den dolda hj\u00e4lten som ger l\u00e5dan dess l\u00e5ngvariga, h\u00e5llbara kvalitet.<\/p>\n<p><strong>Det yttre skyddet: En canvas f\u00f6r ditt varum\u00e4rke\u00a0<\/strong>. Den oflexibla k\u00e4rnan t\u00e4cks d\u00e4refter noggrant av ett papper som du v\u00e4ljer, vilket i slut\u00e4ndan blir det visuella och taktila uttrycket f\u00f6r din varum\u00e4rkesidentifiering. V\u00e5rt stora urval best\u00e5r av:.<\/p>\n<ul>\n<li><strong>Specialiserade och texturerade papper:\u00a0<\/strong>Texturerat omslagspapper har en tidl\u00f6s, sofistikerad och taktilt engagerande yta som k\u00e4nns lyxig vid ber\u00f6ring. Vi erbjuder ett stort antal olika utseenden, fr\u00e5n subtilt s\u00e4nglinne till starkt konstl\u00e4der.<\/li>\n<li><strong>Konstpapper:\u00a0<\/strong>Ett smidigt, flexibelt val med premiumfinish som l\u00e4mpar sig f\u00f6r skuggtryck med h\u00f6g kvalitet och dynamisk grafik.<\/li>\n<li><strong>Kraftpapper:\u00a0<\/strong>F\u00f6r varum\u00e4rken som lyfter fram naturliga, ekologiska eller milj\u00f6v\u00e4nliga produkter ger Kraft-papper en rustik och naturlig estetik. Det \u00e4r b\u00e5de \u00e5tervinningsbart och naturligt nedbrytbart.<\/li>\n<li><strong>Matt svart papper:\u00a0<\/strong>Inbegreppet av modern elegans och minimalism. En djup, icke-reflekterande matt svart finish ger en kraftfull deklaration av high-end och \u00e4r ett popul\u00e4rt val f\u00f6r premiumkosmetik och doftlinjer.<\/li>\n<\/ul>\n<p><strong>Insidan: Skydda din produkt p\u00e5 ett s\u00e4kert och snyggt s\u00e4tt\u00a0<\/strong>. Det som finns inuti f\u00f6rpackningen \u00e4r lika viktigt som utsidan. Specialanpassade insatser \u00e4r n\u00f6dv\u00e4ndiga f\u00f6r att s\u00e4kra och tillhandah\u00e5lla dina produkter perfekt. V\u00e5ra alternativ inkluderar:.<\/p>\n<ul>\n<li><strong>EVA-skum (etylen-vinylacetat):\u00a0<\/strong>EVA-skum, som ofta betraktas som guldstandarden f\u00f6r s\u00e4kerhet, \u00e4r ett tjockt, sl\u00e4tt skum som ger utm\u00e4rkt st\u00f6d mot st\u00f6tar och effekter. Det kan exakt stansas f\u00f6r att passa de specifika konturerna av alla typer av flaskor eller beh\u00e5llare och h\u00e5lla den ordentligt p\u00e5 plats. Det finns i olika f\u00e4rger som svart eller vitt och ger en ren, professionell bakgrund som framh\u00e4ver ditt f\u00f6rem\u00e5l.<\/li>\n<li><strong>Sammet och textil Foder:\u00a0<\/strong>F\u00f6r en extra touch av lyx kan skuminsatserna t\u00e4ckas med mjuk velour eller andra material, vilket f\u00f6rb\u00e4ttrar den sensoriska upplevelsen av uppackningen.<\/li>\n<li><strong>Gjuten pappersmassa:\u00a0<\/strong>Ett varaktigt och milj\u00f6v\u00e4nligt alternativ, formad massainl\u00e4gg \u00e4r tillverkade av \u00e5tervunnet papper och kan formas till alla typer av former, med hj\u00e4lp av bra f\u00f6rsvar med en naturlig, naturlig k\u00e4nsla.<\/li>\n<li><strong>Stansad kartong:\u00a0<\/strong>Kartonginl\u00e4gg \u00e4r ett kostnadseffektivt och \u00e5tervinningsbart alternativ som kan l\u00e4ggas i lager och sk\u00e4ras till f\u00f6r att skapa ett skydd som passar dina produkter.<\/li>\n<\/ul>\n<p><img decoding=\"async\" class=\"alignnone wp-image-2262 size-full\" src=\"https:\/\/chinacustomboxes.com\/wp-content\/uploads\/2025\/08\/Body-Lotion-Essential-Oil-Perfume-Paper-Drawer-Boxes-Dealer-3.jpg\" alt=\"Body Lotion Eterisk olja Parfym Papper L\u00e5dor L\u00e5dor \u00c5terf\u00f6rs\u00e4ljare\" width=\"1000\" height=\"1000\" title=\"\" srcset=\"https:\/\/chinacustomboxes.com\/wp-content\/uploads\/2025\/08\/Body-Lotion-Essential-Oil-Perfume-Paper-Drawer-Boxes-Dealer-3.jpg 1000w, https:\/\/chinacustomboxes.com\/wp-content\/uploads\/2025\/08\/Body-Lotion-Essential-Oil-Perfume-Paper-Drawer-Boxes-Dealer-3-300x300.jpg 300w, https:\/\/chinacustomboxes.com\/wp-content\/uploads\/2025\/08\/Body-Lotion-Essential-Oil-Perfume-Paper-Drawer-Boxes-Dealer-3-150x150.jpg 150w, https:\/\/chinacustomboxes.com\/wp-content\/uploads\/2025\/08\/Body-Lotion-Essential-Oil-Perfume-Paper-Drawer-Boxes-Dealer-3-768x768.jpg 768w, https:\/\/chinacustomboxes.com\/wp-content\/uploads\/2025\/08\/Body-Lotion-Essential-Oil-Perfume-Paper-Drawer-Boxes-Dealer-3-12x12.jpg 12w, https:\/\/chinacustomboxes.com\/wp-content\/uploads\/2025\/08\/Body-Lotion-Essential-Oil-Perfume-Paper-Drawer-Boxes-Dealer-3-600x600.jpg 600w, https:\/\/chinacustomboxes.com\/wp-content\/uploads\/2025\/08\/Body-Lotion-Essential-Oil-Perfume-Paper-Drawer-Boxes-Dealer-3-100x100.jpg 100w\" sizes=\"(max-width: 1000px) 100vw, 1000px\" \/><\/p>\n<h2 id=\"4-infinite-opportunities-customization-that-tells-your-tale-\">4.\u00a0<strong>O\u00e4ndliga m\u00f6jligheter: Anpassning som ber\u00e4ttar din historia\u00a0<\/strong>.<\/h2>\n<p>Ditt varum\u00e4rke \u00e4r unikt, och din produkt <a href=\"https:\/\/chinacustomboxes.com\/sv\/holographic-laser-paper-rainbow-a5-deep-gift-box-with-ribbon\/\">f\u00f6rpackning<\/a> m\u00e5ste ocks\u00e5 vara det. Vi tillhandah\u00e5ller en detaljerad upps\u00e4ttning anpassningsalternativ f\u00f6r att s\u00e4kerst\u00e4lla att din vision f\u00f6rverkligas p\u00e5 ett felfritt s\u00e4tt. Varje komponent i sk\u00e5pl\u00e5dan kan skr\u00e4ddarsys f\u00f6r att \u00e5terspegla ditt varum\u00e4rkes essens.<\/p>\n<p><strong>Tryck- och efterbehandlingstekniker f\u00f6r visuell effekt:\u00a0<\/strong>.<\/p>\n<ul>\n<li><strong>Aluminiumfolie St\u00e4mpling:\u00a0<\/strong>L\u00e4gg till en touch av metallisk glans med varm aluminiumfoliest\u00e4mpling. Tidl\u00f6st guld och silver aluminiumfolier delar tidl\u00f6s deluxe, medan ros\u00e9guld, koppar och holografiska folier erbjuder en modern, fashionabel lockelse. Detta \u00e4r utm\u00e4rkt f\u00f6r logotypdesign och viktiga layoutaspekter.<\/li>\n<li><strong>Pr\u00e4gling och pr\u00e4gling:\u00a0<\/strong>Skapa en subtil tredimensionell effekt genom att h\u00f6ja (pr\u00e4gla) eller s\u00e4nka (avpr\u00e4glat) din logotyp eller ditt m\u00f6nster i papperet. Detta ger ett sofistikerat utseende som inbjuder till ber\u00f6ring.<\/li>\n<li><strong>Omr\u00e5de UV-bel\u00e4ggning:\u00a0<\/strong>Anv\u00e4nd en h\u00f6gglansig lack f\u00f6r att detaljera omr\u00e5den p\u00e5 en mattlackad l\u00e5da f\u00f6r att skapa en sl\u00e5ende kontrast i strukturer. Den h\u00e4r metoden kan framh\u00e4va en logotyp, ett m\u00f6nster eller ett varum\u00e4rke och g\u00f6ra det visuellt framtr\u00e4dande.<\/li>\n<li><strong>F\u00e4rg- och varum\u00e4rkeskonsistens:\u00a0<\/strong>Vi anv\u00e4nder innovativa CMYK- och Pantone (PMS)-system f\u00f6r nyansmatchning f\u00f6r att s\u00e4kerst\u00e4lla att ditt varum\u00e4rkes f\u00e4rger \u00e5terskapas med utm\u00e4rkt precision, s\u00e5 att varum\u00e4rkets integritet bevaras i alla dina f\u00f6rpackningar.<\/li>\n<\/ul>\n<p><strong>Praktiska utsmyckningar f\u00f6r en elegant touch:\u00a0<\/strong>.<\/p>\n<ul>\n<li><strong>Dragflik f\u00f6r b\u00e5ge:\u00a0<\/strong>Den eleganta men praktiska dragfliken med b\u00e5ge, som visas p\u00e5 bilderna, \u00e4r ett varum\u00e4rke f\u00f6r l\u00e5dboxar i premiumsegmentet. Det ger ett smidigt s\u00e4tt att \u00f6ppna l\u00e5dan samtidigt som det tillf\u00f6r en skugga och ett mjukt, responsivt element. Ribbons kan skr\u00e4ddarsys i ett stort antal f\u00e4rger och kan \u00e4ven tryckas med ditt varum\u00e4rke.<\/li>\n<li><strong>Magnetiska f\u00f6rslutningar:\u00a0<\/strong>F\u00f6r en annorlunda lyxupplevelse kan magnetiska f\u00f6rslutningar installeras i fodralet och brickan, vilket ger en behaglig och s\u00e4ker sn\u00e4ppf\u00f6rslutning som b\u00e4ttre f\u00f6rst\u00e4rker produktf\u00f6rpackningens premiumkvalitet.<\/li>\n<\/ul>\n<p><img loading=\"lazy\" decoding=\"async\" class=\"alignnone wp-image-2263 size-full\" src=\"https:\/\/chinacustomboxes.com\/wp-content\/uploads\/2025\/08\/Body-Lotion-Essential-Oil-Perfume-Paper-Drawer-Boxes-Dealer-4.jpg\" alt=\"Body Lotion Eterisk olja Parfym Papper L\u00e5dor L\u00e5dor \u00c5terf\u00f6rs\u00e4ljare\" width=\"1000\" height=\"1000\" title=\"\" srcset=\"https:\/\/chinacustomboxes.com\/wp-content\/uploads\/2025\/08\/Body-Lotion-Essential-Oil-Perfume-Paper-Drawer-Boxes-Dealer-4.jpg 1000w, https:\/\/chinacustomboxes.com\/wp-content\/uploads\/2025\/08\/Body-Lotion-Essential-Oil-Perfume-Paper-Drawer-Boxes-Dealer-4-300x300.jpg 300w, https:\/\/chinacustomboxes.com\/wp-content\/uploads\/2025\/08\/Body-Lotion-Essential-Oil-Perfume-Paper-Drawer-Boxes-Dealer-4-150x150.jpg 150w, https:\/\/chinacustomboxes.com\/wp-content\/uploads\/2025\/08\/Body-Lotion-Essential-Oil-Perfume-Paper-Drawer-Boxes-Dealer-4-768x768.jpg 768w, https:\/\/chinacustomboxes.com\/wp-content\/uploads\/2025\/08\/Body-Lotion-Essential-Oil-Perfume-Paper-Drawer-Boxes-Dealer-4-12x12.jpg 12w, https:\/\/chinacustomboxes.com\/wp-content\/uploads\/2025\/08\/Body-Lotion-Essential-Oil-Perfume-Paper-Drawer-Boxes-Dealer-4-600x600.jpg 600w, https:\/\/chinacustomboxes.com\/wp-content\/uploads\/2025\/08\/Body-Lotion-Essential-Oil-Perfume-Paper-Drawer-Boxes-Dealer-4-100x100.jpg 100w\" sizes=\"(max-width: 1000px) 100vw, 1000px\" \/><\/p>\n<h2 id=\"5-your-partner-in-product-packaging-quality-the-dealer-advantage-\">5.\u00a0<strong>Din partner i produktf\u00f6rpackningskvalitet: F\u00f6rdelen f\u00f6r \u00e5terf\u00f6rs\u00e4ljaren\u00a0<\/strong>.<\/h2>\n<p>Att navigera i en v\u00e4rld av <a href=\"https:\/\/chinacustomboxes.com\/sv\/silver-hologram-paper-folding-gift-sephora-packaging-boxes\/\">anpassade f\u00f6rpackningar<\/a> kan vara komplicerat. Som din dedikerade leverant\u00f6r av produktf\u00f6rpackningar str\u00e4cker sig v\u00e5r funktion mycket l\u00e4ngre \u00e4n att bara tillhandah\u00e5lla l\u00e5dor. Vi fungerar som din konsult, arbetsledare och kvalitetss\u00e4kringsexpert och f\u00f6renklar hela processen fr\u00e5n id\u00e9 till distribution.<\/p>\n<ul>\n<li><strong>Professionell v\u00e4gledning:\u00a0<\/strong>V\u00e5rt professionella team erbjuder mycket anv\u00e4ndbara r\u00e5d om produktalternativ, arkitektonisk design och val av slutprodukter f\u00f6r att hj\u00e4lpa dig att utveckla en av de mest effektiva och billiga produktf\u00f6rpackningarna f\u00f6r dina detaljbehov.<\/li>\n<li><strong>S\u00f6ml\u00f6s \u00f6vervakning av leveranskedjan:\u00a0<\/strong>Vi anv\u00e4nder v\u00e5rt omfattande n\u00e4tverk av f\u00f6rstklassiga tillverkningskompanjoner f\u00f6r att s\u00e4kerst\u00e4lla den finaste tillverkningen. Vi tar hand om all logistik, fr\u00e5n prototyper och produktionsorganisation till slutleverans, vilket s\u00e4kerst\u00e4ller snabb distribution och frig\u00f6r dig s\u00e5 att du kan koncentrera dig p\u00e5 din k\u00e4rnverksamhet.<\/li>\n<li><strong>H\u00f6g kvalitet som du kan r\u00e4kna med:\u00a0<\/strong>Vi till\u00e4mpar str\u00e4nga kvalitetss\u00e4kringskriterier i varje steg av tillverkningen. Fr\u00e5n precisionen i utsk\u00e4rningarna till f\u00e4rgens konsistens f\u00f6rs\u00e4krar vi att varje l\u00e5da du f\u00e5r \u00e4r perfekt.<\/li>\n<li><strong>L\u00f6sningar f\u00f6r varje omr\u00e5de:\u00a0<\/strong>Oavsett om du \u00e4r ett butiksvarum\u00e4rke som lanserar en helt ny produkt eller ett erk\u00e4nt f\u00f6retag som planerar en storskalig produktion har vi anpassningsf\u00f6rm\u00e5gan och resurserna f\u00f6r att hantera best\u00e4llningar i alla storlekar, vilket garanterar att du f\u00e5r \u00f6verkomliga priser och en dedikerad l\u00f6sning.<\/li>\n<\/ul>","protected":false},"excerpt":{"rendered":"<p>Body lotion eterisk olja parfym pappersl\u00e5dor \u00e5terf\u00f6rs\u00e4ljare beskriver produktf\u00f6rpackningar som integrerar kroppslotion med eteriska oljor, ofta p\u00e5 ett s\u00e4tt som g\u00f6r det m\u00f6jligt att anpassa aromen. Dessa l\u00e5dor kan inneh\u00e5lla b\u00e5de body lotion och viktiga oljor, eller s\u00e5 kan de vara utvecklade f\u00f6r att inneh\u00e5lla b\u00e5de kr\u00e4men och en separat beh\u00e5llare med eteriska oljor som anv\u00e4ndaren kan blanda och matcha. F\u00f6rpackningen best\u00e5r ofta av anvisningar eller tips f\u00f6r att skapa personliga doftblandningar.<\/p>","protected":false},"featured_media":2261,"template":"","meta":{"_kad_post_transparent":"default","_kad_post_title":"","_kad_post_layout":"default","_kad_post_sidebar_id":"","_kad_post_content_style":"default","_kad_post_vertical_padding":"default","_kad_post_feature":"","_kad_post_feature_position":"","_kad_post_header":false,"_kad_post_footer":false,"_kad_post_classname":""},"product_brand":[],"product_cat":[15,17,28,20,34],"product_tag":[552,553,554],"class_list":{"0":"post-2259","1":"product","2":"type-product","3":"status-publish","4":"has-post-thumbnail","6":"product_cat-boxes-by-shapes","7":"product_cat-boxes-by-industries","8":"product_cat-cosmetic-packaging-boxes","9":"product_cat-drawer-style-boxes","10":"product_cat-perfume-packaging-boxes","11":"product_tag-body-lotion-boxes","12":"product_tag-essential-oil-boxes","13":"product_tag-paper-drawer-boxes","15":"first","16":"instock","17":"shipping-taxable","18":"product-type-simple","19":"entry","20":"content-bg","21":"loop-entry"},"_links":{"self":[{"href":"https:\/\/chinacustomboxes.com\/sv\/wp-json\/wp\/v2\/product\/2259","targetHints":{"allow":["GET"]}}],"collection":[{"href":"https:\/\/chinacustomboxes.com\/sv\/wp-json\/wp\/v2\/product"}],"about":[{"href":"https:\/\/chinacustomboxes.com\/sv\/wp-json\/wp\/v2\/types\/product"}],"wp:featuredmedia":[{"embeddable":true,"href":"https:\/\/chinacustomboxes.com\/sv\/wp-json\/wp\/v2\/media\/2261"}],"wp:attachment":[{"href":"https:\/\/chinacustomboxes.com\/sv\/wp-json\/wp\/v2\/media?parent=2259"}],"wp:term":[{"taxonomy":"product_brand","embeddable":true,"href":"https:\/\/chinacustomboxes.com\/sv\/wp-json\/wp\/v2\/product_brand?post=2259"},{"taxonomy":"product_cat","embeddable":true,"href":"https:\/\/chinacustomboxes.com\/sv\/wp-json\/wp\/v2\/product_cat?post=2259"},{"taxonomy":"product_tag","embeddable":true,"href":"https:\/\/chinacustomboxes.com\/sv\/wp-json\/wp\/v2\/product_tag?post=2259"}],"curies":[{"name":"wp","href":"https:\/\/api.w.org\/{rel}","templated":true}]}}