{"id":2273,"date":"2025-08-20T03:15:00","date_gmt":"2025-08-20T03:15:00","guid":{"rendered":"https:\/\/chinacustomboxes.com\/?post_type=product&#038;p=2273"},"modified":"2025-08-20T03:44:20","modified_gmt":"2025-08-20T03:44:20","slug":"eye-cream-carrier-oil-cosmetic-magnetic-lid-boxes-factory","status":"publish","type":"product","link":"https:\/\/chinacustomboxes.com\/sv\/eye-cream-carrier-oil-cosmetic-magnetic-lid-boxes-factory\/","title":{"rendered":"\u00d6gonkr\u00e4m b\u00e4rare olja kosmetiska magnetiska lock l\u00e5dor fabrik"},"content":{"rendered":"<h2 id=\"premium-custom-made-magnetic-lid-eye-cream-essence-freeze-dried-powder-appeal-boxes\">Premium skr\u00e4ddarsydda magnetiska lock\u00f6gonkr\u00e4m essens frystorkat pulver \u00f6verklagande l\u00e5dor<br \/>\n<span style=\"font-size: 17px; font-weight: 400;\">Vi f\u00f6rst\u00e5r att p\u00e5 den h\u00e5rt konkurrensutsatta kosmetikmarknaden \u00e4r f\u00f6rpackningen inte bara en beh\u00e5llare f\u00f6r produkten, utan ocks\u00e5 mediet f\u00f6r den f\u00f6rsta k\u00e4nslom\u00e4ssiga kopplingen mellan varum\u00e4rket och konsumenten. Den b\u00e4r p\u00e5 varum\u00e4rkets filosofi, f\u00f6rmedlar produktens professionalism och p\u00e5verkar i slut\u00e4ndan konsumentens k\u00f6pbeslut. D\u00e4rf\u00f6r har vi \u00e4gnat v\u00e5ra anstr\u00e4ngningar \u00e5t att skapa denna <a href=\"https:\/\/chinacustomboxes.com\/sv\/exporting-custom-luxury-magnetic-closure-rigid-shoes-boxes\/\">sk\u00f6nhetsbox med magnetiskt lock<\/a>M\u00e5let \u00e4r att skapa ett perfekt hem f\u00f6r dina produkter genom att noggrant utforma varje detalj och kombinera skydd, funktionalitet och konstn\u00e4rlighet.<\/span><\/h2>\n<h2 id=\"1-ingenious-magnetic-structure-elegant-opening-and-closing-exuding-high-end\">1. Genialisk magnetisk struktur: Elegant \u00f6ppning och st\u00e4ngning, utstr\u00e5lar high-end<\/h2>\n<p>Vi har \u00f6vergett konventionella sn\u00e4pp- eller flip-top-stilar och innovativt tagit p\u00e5 oss en inbyggd, kraftfull <a href=\"https:\/\/chinacustomboxes.com\/sv\/magnetic-closure-boxes\/\">magnetisk st\u00e4ngning Boxar<\/a>. N\u00e4r locket f\u00f6rsiktigt st\u00e4ngs g\u00e5r magneterna exakt i ingrepp och avger ett skarpt och stadigt klick, vilket ger en tydlig k\u00e4nsla av rutin och tillfredsst\u00e4llelse. Denna stil s\u00e4kerst\u00e4ller inte bara att l\u00e5dan \u00e4r s\u00e4ker och f\u00f6rhindrar oavsiktlig \u00f6ppning under f\u00f6rflyttning eller transport, utan dess smidiga \u00f6ppnings- och st\u00e4ngningsupplevelse personifierar p\u00e5 ett perfekt s\u00e4tt den sofistikering och lyx som efterstr\u00e4vas av avancerad kosmetika. Varje \u00f6ppning \u00e4r en elegant varum\u00e4rkeskommunikation.<\/p>\n<p><img fetchpriority=\"high\" decoding=\"async\" class=\"alignnone wp-image-2276 size-full\" src=\"https:\/\/chinacustomboxes.com\/wp-content\/uploads\/2025\/08\/Eye-Cream-Carrier-Oil-Cosmetic-Magnetic-Lid-Boxes-Factory-3.jpg\" alt=\"\u00d6gonkr\u00e4m b\u00e4rare olja kosmetiska magnetiska lock l\u00e5dor fabrik\" width=\"1000\" height=\"1000\" title=\"\" srcset=\"https:\/\/chinacustomboxes.com\/wp-content\/uploads\/2025\/08\/Eye-Cream-Carrier-Oil-Cosmetic-Magnetic-Lid-Boxes-Factory-3.jpg 1000w, https:\/\/chinacustomboxes.com\/wp-content\/uploads\/2025\/08\/Eye-Cream-Carrier-Oil-Cosmetic-Magnetic-Lid-Boxes-Factory-3-300x300.jpg 300w, https:\/\/chinacustomboxes.com\/wp-content\/uploads\/2025\/08\/Eye-Cream-Carrier-Oil-Cosmetic-Magnetic-Lid-Boxes-Factory-3-150x150.jpg 150w, https:\/\/chinacustomboxes.com\/wp-content\/uploads\/2025\/08\/Eye-Cream-Carrier-Oil-Cosmetic-Magnetic-Lid-Boxes-Factory-3-768x768.jpg 768w, https:\/\/chinacustomboxes.com\/wp-content\/uploads\/2025\/08\/Eye-Cream-Carrier-Oil-Cosmetic-Magnetic-Lid-Boxes-Factory-3-12x12.jpg 12w, https:\/\/chinacustomboxes.com\/wp-content\/uploads\/2025\/08\/Eye-Cream-Carrier-Oil-Cosmetic-Magnetic-Lid-Boxes-Factory-3-600x600.jpg 600w, https:\/\/chinacustomboxes.com\/wp-content\/uploads\/2025\/08\/Eye-Cream-Carrier-Oil-Cosmetic-Magnetic-Lid-Boxes-Factory-3-100x100.jpg 100w\" sizes=\"(max-width: 1000px) 100vw, 1000px\" \/><\/p>\n<h2 id=\"2-scientific-interior-format-customized-and-organized\">2. Vetenskapligt inredningsformat: Skr\u00e4ddarsydd och organiserad<\/h2>\n<p>Vi har en djup f\u00f6rst\u00e5else f\u00f6r skillnaderna i storlek och typ mellan olika kosmetiska produkter (t.ex. frystorkat pulver, ampuller, lotioner, \u00f6gonlotioner osv.) Av den anledningen erbjuder vi helt skr\u00e4ddarsydda l\u00f6sningar f\u00f6r inv\u00e4ndiga omr\u00e5den. Oavsett om det handlar om en enstaka ampull som kr\u00e4ver specifik placering eller en anl\u00e4ggning som kr\u00e4ver lagring i lager, kan vi utveckla med precision. Denna mycket anpassningsbara layout g\u00f6r inte bara att produkterna kan visas snyggt och perfekt, utan \u00f6kar ocks\u00e5 avsev\u00e4rt f\u00f6rpackningens praktiska egenskaper och utrymmesutnyttjande genom sin skiktade f\u00f6rvaringsstil, vilket g\u00f6r det enkelt f\u00f6r kunderna att bekv\u00e4mt uppt\u00e4cka och komma \u00e5t saker med en blick.<\/p>\n<h2 id=\"3-eco-friendly-lamination-lightweight-and-sturdy-with-a-phenomenal-touch\">3. Milj\u00f6v\u00e4nlig laminering: L\u00e4tt och robust, med en fenomenal touch<\/h2>\n<p>Denna produktf\u00f6rpackningsl\u00e5da uppn\u00e5r b\u00e4sta m\u00f6jliga balans mellan milj\u00f6v\u00e4nlighet och robusthet i sitt produkturval. L\u00e5dan \u00e4r tillverkad av h\u00f6gkvalitativt papper och beh\u00e5ller sin inneboende smidighet f\u00f6r enkel transport och transportabilitet. Dessutom genomg\u00e5r ytan ett innovativt lamineringsf\u00f6rfarande, vilket ger en silkeslen k\u00e4nsla samtidigt som det avsev\u00e4rt f\u00f6rb\u00e4ttrar dess motst\u00e5ndskraft mot slitage, skrapning och v\u00e4ta. Detta inneb\u00e4r att l\u00e5dan beh\u00e5ller sin stabilitet \u00e4ven i fuktiga milj\u00f6er och skyddar produkterna i den p\u00e5 ett bra s\u00e4tt. Det h\u00e4r \u00e4r ett milj\u00f6v\u00e4nligt och produktv\u00e4nligt alternativ.<\/p>\n<p><img decoding=\"async\" class=\"alignnone wp-image-2275 size-full\" src=\"https:\/\/chinacustomboxes.com\/wp-content\/uploads\/2025\/08\/Eye-Cream-Carrier-Oil-Cosmetic-Magnetic-Lid-Boxes-Factory-2.jpg\" alt=\"\u00d6gonkr\u00e4m b\u00e4rare olja kosmetiska magnetiska lock l\u00e5dor fabrik\" width=\"1000\" height=\"1000\" title=\"\" srcset=\"https:\/\/chinacustomboxes.com\/wp-content\/uploads\/2025\/08\/Eye-Cream-Carrier-Oil-Cosmetic-Magnetic-Lid-Boxes-Factory-2.jpg 1000w, https:\/\/chinacustomboxes.com\/wp-content\/uploads\/2025\/08\/Eye-Cream-Carrier-Oil-Cosmetic-Magnetic-Lid-Boxes-Factory-2-300x300.jpg 300w, https:\/\/chinacustomboxes.com\/wp-content\/uploads\/2025\/08\/Eye-Cream-Carrier-Oil-Cosmetic-Magnetic-Lid-Boxes-Factory-2-150x150.jpg 150w, https:\/\/chinacustomboxes.com\/wp-content\/uploads\/2025\/08\/Eye-Cream-Carrier-Oil-Cosmetic-Magnetic-Lid-Boxes-Factory-2-768x768.jpg 768w, https:\/\/chinacustomboxes.com\/wp-content\/uploads\/2025\/08\/Eye-Cream-Carrier-Oil-Cosmetic-Magnetic-Lid-Boxes-Factory-2-12x12.jpg 12w, https:\/\/chinacustomboxes.com\/wp-content\/uploads\/2025\/08\/Eye-Cream-Carrier-Oil-Cosmetic-Magnetic-Lid-Boxes-Factory-2-600x600.jpg 600w, https:\/\/chinacustomboxes.com\/wp-content\/uploads\/2025\/08\/Eye-Cream-Carrier-Oil-Cosmetic-Magnetic-Lid-Boxes-Factory-2-100x100.jpg 100w\" sizes=\"(max-width: 1000px) 100vw, 1000px\" \/><\/p>\n<h2 id=\"4-eva-cellular-lining-security-thorough-interest-to-shielding\">4. EVA Cellular Lining S\u00e4kerhet: Grundligt intresse f\u00f6r avsk\u00e4rmning<\/h2>\n<p>Produkts\u00e4kerhet \u00e4r en viktig del av v\u00e5r stil. F\u00f6r cellfodret anv\u00e4nder vi EVA-skum med h\u00f6g densitet, som skapas intakt med hj\u00e4lp av en precisionsstansningsprocedur. Det f\u00e4rdiga cellfodret har en sl\u00e4t, gradfri yta, vilket s\u00e4kerst\u00e4ller att inga skrapor eller skador uppst\u00e5r p\u00e5 beh\u00e5llaren eller etiketten n\u00e4r produkter placeras eller tas bort. EVA-materialets utm\u00e4rkta h\u00e5llbarhet och d\u00e4mpande byggnader tar effektivt in yttre st\u00f6tar och resonans, vilket ger h\u00e5llbar och grundlig s\u00e4kerhet f\u00f6r dina produkter under komplexa transport- och lagringsutrymmesinst\u00e4llningar, vilket s\u00e4kerst\u00e4ller att de n\u00e5r kunderna i or\u00f6rt skick.<\/p>\n<h2 id=\"5-modern-aesthetic-style-technological-structure-basic-beauty\">5. Modern estetisk stil: Teknologisk struktur, grundl\u00e4ggande sk\u00f6nhet<\/h2>\n<p>F\u00f6r den yttre designen valde vi ett silverf\u00e4rgat f\u00e4rgschema som utstr\u00e5lar en teknisk och avancerad k\u00e4nsla, och som p\u00e5 ett felfritt s\u00e4tt accepterar id\u00e9erna om \"klinisk hudv\u00e5rd\" och \"precision och effektivitet\" som lyfts fram inom modern hudv\u00e5rd. F\u00f6rpackningens yta \u00e4r dekorerad med tonala linjer, vilket bryter den tr\u00e5kiga f\u00e4rgdesignens enhetlighet och ger en k\u00e4nsla av skiktning och dynamik. Den totala designen \u00e4r minimalistisk och stilren, men har \u00e4nd\u00e5 bevarat raffinerade detaljer. Detta layoutspr\u00e5k f\u00e5ngar snabbt m\u00e5lkonsumenternas fokus och f\u00f6rmedlar varum\u00e4rkets unika k\u00e4nsla av professionalism och effektivitet.<\/p>\n<p><img decoding=\"async\" class=\"alignnone wp-image-2274 size-full\" src=\"https:\/\/chinacustomboxes.com\/wp-content\/uploads\/2025\/08\/Eye-Cream-Carrier-Oil-Cosmetic-Magnetic-Lid-Boxes-Factory-1.jpg\" alt=\"\u00d6gonkr\u00e4m b\u00e4rare olja kosmetiska magnetiska lock l\u00e5dor fabrik\" width=\"1000\" height=\"1000\" title=\"\" srcset=\"https:\/\/chinacustomboxes.com\/wp-content\/uploads\/2025\/08\/Eye-Cream-Carrier-Oil-Cosmetic-Magnetic-Lid-Boxes-Factory-1.jpg 1000w, https:\/\/chinacustomboxes.com\/wp-content\/uploads\/2025\/08\/Eye-Cream-Carrier-Oil-Cosmetic-Magnetic-Lid-Boxes-Factory-1-300x300.jpg 300w, https:\/\/chinacustomboxes.com\/wp-content\/uploads\/2025\/08\/Eye-Cream-Carrier-Oil-Cosmetic-Magnetic-Lid-Boxes-Factory-1-150x150.jpg 150w, https:\/\/chinacustomboxes.com\/wp-content\/uploads\/2025\/08\/Eye-Cream-Carrier-Oil-Cosmetic-Magnetic-Lid-Boxes-Factory-1-768x768.jpg 768w, https:\/\/chinacustomboxes.com\/wp-content\/uploads\/2025\/08\/Eye-Cream-Carrier-Oil-Cosmetic-Magnetic-Lid-Boxes-Factory-1-12x12.jpg 12w, https:\/\/chinacustomboxes.com\/wp-content\/uploads\/2025\/08\/Eye-Cream-Carrier-Oil-Cosmetic-Magnetic-Lid-Boxes-Factory-1-600x600.jpg 600w, https:\/\/chinacustomboxes.com\/wp-content\/uploads\/2025\/08\/Eye-Cream-Carrier-Oil-Cosmetic-Magnetic-Lid-Boxes-Factory-1-100x100.jpg 100w\" sizes=\"(max-width: 1000px) 100vw, 1000px\" \/><\/p>\n<h2 id=\"6-high-definition-printing-innovation-accurate-interaction-showing-professionalism-and-reliability\">6. H\u00f6guppl\u00f6st utskriftsinnovation: Noggrann interaktion, visar professionalism och tillf\u00f6rlitlighet<\/h2>\n<p>Vi anv\u00e4nder branschledande tryckverktyg och modern teknik f\u00f6r att s\u00e4kerst\u00e4lla att varje ord och logotypdesign f\u00e5r en fantastisk kvalitet, utan f\u00f6rvanskning eller suddighet. Vi uppr\u00e4tth\u00e5ller str\u00e4nga krav p\u00e5 skuggadministration, vilket s\u00e4kerst\u00e4ller h\u00f6gsta m\u00f6jliga f\u00e4rg\u00e5tergivning i den slutliga trycksaken, som perfekt matchar ditt varum\u00e4rkes estetiska identitet (VI) layout. Detta grundliga intresse f\u00f6r information \u00e4r ett kraftfullt bevis p\u00e5 v\u00e5r professionalism och ett h\u00f6gtidligt engagemang f\u00f6r de professionella standarderna f\u00f6r varum\u00e4rkets estetiska kommunikation.<\/p>\n<h2 id=\"7-full-service-modification-flexible-and-versatile-for-a-tailored-experience\">7. Modifiering med full service: Flexibel och m\u00e5ngsidig f\u00f6r en skr\u00e4ddarsydd upplevelse<\/h2>\n<p>Vi \u00e4r \u00f6vertygade om att varje effektivt varum\u00e4rke f\u00f6rtj\u00e4nar sin egen unika signatur. D\u00e4rf\u00f6r erbjuder vi fullserviceanpassning fr\u00e5n koncept till f\u00e4rdig produkt. Du kan enkelt v\u00e4lja l\u00e5dans ramverk, huvudmaterial (t.ex. specialpapper, konstpapper, l\u00e4dertexturerat papper), ytbehandling (t.ex. guld \/ silver varmst\u00e4mpling, UV-pr\u00e4gling, pr\u00e4gling, pr\u00e4gling) och tryckval. V\u00e5rt h\u00e4ngivna team kommer att arbeta noggrant med dig f\u00f6r att \u00e4ndra ditt varum\u00e4rkeskoncept och innovativa id\u00e9er till specialf\u00f6rpackningar, som flexibelt uppfyller ditt varum\u00e4rkes framst\u00e5ende marknadskrav.<\/p>\n<p><img loading=\"lazy\" decoding=\"async\" class=\"alignnone wp-image-2277 size-full\" src=\"https:\/\/chinacustomboxes.com\/wp-content\/uploads\/2025\/08\/Eye-Cream-Carrier-Oil-Cosmetic-Magnetic-Lid-Boxes-Factory-4.jpg\" alt=\"\u00d6gonkr\u00e4m b\u00e4rare olja kosmetiska magnetiska lock l\u00e5dor fabrik\" width=\"1000\" height=\"1000\" title=\"\" srcset=\"https:\/\/chinacustomboxes.com\/wp-content\/uploads\/2025\/08\/Eye-Cream-Carrier-Oil-Cosmetic-Magnetic-Lid-Boxes-Factory-4.jpg 1000w, https:\/\/chinacustomboxes.com\/wp-content\/uploads\/2025\/08\/Eye-Cream-Carrier-Oil-Cosmetic-Magnetic-Lid-Boxes-Factory-4-300x300.jpg 300w, https:\/\/chinacustomboxes.com\/wp-content\/uploads\/2025\/08\/Eye-Cream-Carrier-Oil-Cosmetic-Magnetic-Lid-Boxes-Factory-4-150x150.jpg 150w, https:\/\/chinacustomboxes.com\/wp-content\/uploads\/2025\/08\/Eye-Cream-Carrier-Oil-Cosmetic-Magnetic-Lid-Boxes-Factory-4-768x768.jpg 768w, https:\/\/chinacustomboxes.com\/wp-content\/uploads\/2025\/08\/Eye-Cream-Carrier-Oil-Cosmetic-Magnetic-Lid-Boxes-Factory-4-12x12.jpg 12w, https:\/\/chinacustomboxes.com\/wp-content\/uploads\/2025\/08\/Eye-Cream-Carrier-Oil-Cosmetic-Magnetic-Lid-Boxes-Factory-4-600x600.jpg 600w, https:\/\/chinacustomboxes.com\/wp-content\/uploads\/2025\/08\/Eye-Cream-Carrier-Oil-Cosmetic-Magnetic-Lid-Boxes-Factory-4-100x100.jpg 100w\" sizes=\"(max-width: 1000px) 100vw, 1000px\" \/><\/p>\n<h2 id=\"8-1-hour-express-prototyping-seize-the-opportunity-and-win-the-marketplace\">8. 1-timmes expressprototypning: Ta vara p\u00e5 m\u00f6jligheten och vinn p\u00e5 marknaden<\/h2>\n<p>P\u00e5 en snabbt f\u00f6r\u00e4nderlig marknad \u00e4r snabbhet en f\u00f6rdel. V\u00e5r 1-timmars expressl\u00f6sning f\u00f6r prototyper \u00e4r gjord f\u00f6r att avsev\u00e4rt f\u00f6rkorta din nya produktutveckling och testcykel. N\u00e4r du har slutf\u00f6rt din layout f\u00f6rser vi dig med fysiska prover med h\u00f6g precision inom dokumenttiden f\u00f6r granskning av struktur, produkt och tryck. Denna tillf\u00f6rlitliga tj\u00e4nst hj\u00e4lper dig att v\u00e4lja och justera dina strategier mycket snabbare, vilket i slut\u00e4ndan hj\u00e4lper ditt varum\u00e4rke att ta marknadsm\u00f6jligheter och ligga ett steg f\u00f6re.<\/p>","protected":false},"excerpt":{"rendered":"<p>Cream carrier oil eye cream essence freeze-dried powder cosmetic magnetic closure lid boxes \u00e4r en typ av f\u00f6rpackning avsedd f\u00f6r sk\u00f6nhetsprodukter, med en magnetisk f\u00f6rslutning f\u00f6r s\u00e4ker och bekv\u00e4m \u00f6ppning och st\u00e4ngning. De \u00e4r vanligtvis tillverkade av robusta material som styv kartong och kan anpassas med olika ytbehandlingar och tryckalternativ f\u00f6r att f\u00f6rb\u00e4ttra produktens presentation.<\/p>","protected":false},"featured_media":2277,"template":"","meta":{"_kad_post_transparent":"default","_kad_post_title":"","_kad_post_layout":"default","_kad_post_sidebar_id":"","_kad_post_content_style":"default","_kad_post_vertical_padding":"default","_kad_post_feature":"","_kad_post_feature_position":"","_kad_post_header":false,"_kad_post_footer":false,"_kad_post_classname":""},"product_brand":[],"product_cat":[15,17,28,18],"product_tag":[559,558,458],"class_list":{"0":"post-2273","1":"product","2":"type-product","3":"status-publish","4":"has-post-thumbnail","6":"product_cat-boxes-by-shapes","7":"product_cat-boxes-by-industries","8":"product_cat-cosmetic-packaging-boxes","9":"product_cat-magnetic-closure-boxes","10":"product_tag-carrier-oil-cosmetic-boxes","11":"product_tag-eye-cream-boxes","12":"product_tag-magnetic-lid-boxes","14":"first","15":"instock","16":"shipping-taxable","17":"product-type-simple","18":"entry","19":"content-bg","20":"loop-entry"},"_links":{"self":[{"href":"https:\/\/chinacustomboxes.com\/sv\/wp-json\/wp\/v2\/product\/2273","targetHints":{"allow":["GET"]}}],"collection":[{"href":"https:\/\/chinacustomboxes.com\/sv\/wp-json\/wp\/v2\/product"}],"about":[{"href":"https:\/\/chinacustomboxes.com\/sv\/wp-json\/wp\/v2\/types\/product"}],"wp:featuredmedia":[{"embeddable":true,"href":"https:\/\/chinacustomboxes.com\/sv\/wp-json\/wp\/v2\/media\/2277"}],"wp:attachment":[{"href":"https:\/\/chinacustomboxes.com\/sv\/wp-json\/wp\/v2\/media?parent=2273"}],"wp:term":[{"taxonomy":"product_brand","embeddable":true,"href":"https:\/\/chinacustomboxes.com\/sv\/wp-json\/wp\/v2\/product_brand?post=2273"},{"taxonomy":"product_cat","embeddable":true,"href":"https:\/\/chinacustomboxes.com\/sv\/wp-json\/wp\/v2\/product_cat?post=2273"},{"taxonomy":"product_tag","embeddable":true,"href":"https:\/\/chinacustomboxes.com\/sv\/wp-json\/wp\/v2\/product_tag?post=2273"}],"curies":[{"name":"wp","href":"https:\/\/api.w.org\/{rel}","templated":true}]}}