{"id":2278,"date":"2025-08-20T03:45:08","date_gmt":"2025-08-20T03:45:08","guid":{"rendered":"https:\/\/chinacustomboxes.com\/?post_type=product&#038;p=2278"},"modified":"2025-08-20T05:37:21","modified_gmt":"2025-08-20T05:37:21","slug":"callus-remover-nail-brush-paper-drawer-boxes-manufacturer","status":"publish","type":"product","link":"https:\/\/chinacustomboxes.com\/sv\/callus-remover-nail-brush-paper-drawer-boxes-manufacturer\/","title":{"rendered":"Callus Remover Nail Brush Pappersl\u00e5da L\u00e5dor Tillverkare"},"content":{"rendered":"<h2 id=\"high-end-exfoliating-brush-nail-brush-drawer-style-paper-product-packaging\">Avancerad exfolierande borste \/ nagelborste pappersproduktf\u00f6rpackning i l\u00e5dstil<\/h2>\n<p>P\u00e5 den alltmer konkurrensutsatta marknaden f\u00f6r individuell behandling kr\u00e4ver enast\u00e5ende produkter en lika fenomenal produkt <a href=\"https:\/\/chinacustomboxes.com\/sv\/valentines-day-heart-shaped-gift-box-packaging-for-jewelry\/\">f\u00f6rpackning<\/a> f\u00f6r att kommunicera deras v\u00e4rde. V\u00e5ra specialtillverkade premiumf\u00f6rpackningar av papper f\u00f6r skrubbborstar och nagelborstar \u00e4r mer \u00e4n bara en skyddande situation; de fungerar ocks\u00e5 som en viktig kontaktpunkt som f\u00f6rb\u00e4ttrar varum\u00e4rkesbilden och maximerar kundupplevelsen.<\/p>\n<p><img fetchpriority=\"high\" decoding=\"async\" class=\"alignnone wp-image-2282 size-full\" src=\"https:\/\/chinacustomboxes.com\/wp-content\/uploads\/2025\/08\/Callus-Remover-Nail-Brush-Paper-Drawer-Supplies-Manufacturer-4.jpg\" alt=\"Callus Remover Nagelborste Pappersl\u00e5da Tillbeh\u00f6r Tillverkare\" width=\"1000\" height=\"1000\" title=\"\" srcset=\"https:\/\/chinacustomboxes.com\/wp-content\/uploads\/2025\/08\/Callus-Remover-Nail-Brush-Paper-Drawer-Supplies-Manufacturer-4.jpg 1000w, https:\/\/chinacustomboxes.com\/wp-content\/uploads\/2025\/08\/Callus-Remover-Nail-Brush-Paper-Drawer-Supplies-Manufacturer-4-300x300.jpg 300w, https:\/\/chinacustomboxes.com\/wp-content\/uploads\/2025\/08\/Callus-Remover-Nail-Brush-Paper-Drawer-Supplies-Manufacturer-4-150x150.jpg 150w, https:\/\/chinacustomboxes.com\/wp-content\/uploads\/2025\/08\/Callus-Remover-Nail-Brush-Paper-Drawer-Supplies-Manufacturer-4-768x768.jpg 768w, https:\/\/chinacustomboxes.com\/wp-content\/uploads\/2025\/08\/Callus-Remover-Nail-Brush-Paper-Drawer-Supplies-Manufacturer-4-12x12.jpg 12w, https:\/\/chinacustomboxes.com\/wp-content\/uploads\/2025\/08\/Callus-Remover-Nail-Brush-Paper-Drawer-Supplies-Manufacturer-4-600x600.jpg 600w, https:\/\/chinacustomboxes.com\/wp-content\/uploads\/2025\/08\/Callus-Remover-Nail-Brush-Paper-Drawer-Supplies-Manufacturer-4-100x100.jpg 100w\" sizes=\"(max-width: 1000px) 100vw, 1000px\" \/><\/p>\n<h2 id=\"1-ingenious-pull-out-framework-reinforces-brand-name-memorability\">1. Genialiskt utdragbart ramverk f\u00f6rst\u00e4rker varum\u00e4rkets minnesv\u00e4rdhet<\/h2>\n<p>V\u00e5rt innovativa \u00f6ppnings- och st\u00e4ngningssystem i l\u00e5dformat \u00e4r skapat f\u00f6r att ge dig och dina kunder en anm\u00e4rkningsv\u00e4rt smidig uppackningsupplevelse. Den exakt justerade d\u00e4mpningen skapar en k\u00e4nsla av rutin vid varje \u00f6ppning och minskar effektivt den friktion som uppst\u00e5r i samband med traditionell produktf\u00f6rpackning. Denna unika interaktiva upplevelse f\u00e5ngar omedelbart kundernas uppm\u00e4rksamhet, kombinerar perfekt kapacitet med n\u00f6je och utvecklar en djup och speciell varum\u00e4rkesl\u00e4nk i deras sinnen.<\/p>\n<p><img decoding=\"async\" class=\"alignnone wp-image-2279 size-full\" src=\"https:\/\/chinacustomboxes.com\/wp-content\/uploads\/2025\/08\/Callus-Remover-Nail-Brush-Paper-Drawer-Supplies-Manufacturer-1.jpg\" alt=\"Callus Remover Nagelborste Pappersl\u00e5da Tillbeh\u00f6r Tillverkare\" width=\"1000\" height=\"1000\" title=\"\" srcset=\"https:\/\/chinacustomboxes.com\/wp-content\/uploads\/2025\/08\/Callus-Remover-Nail-Brush-Paper-Drawer-Supplies-Manufacturer-1.jpg 1000w, https:\/\/chinacustomboxes.com\/wp-content\/uploads\/2025\/08\/Callus-Remover-Nail-Brush-Paper-Drawer-Supplies-Manufacturer-1-300x300.jpg 300w, https:\/\/chinacustomboxes.com\/wp-content\/uploads\/2025\/08\/Callus-Remover-Nail-Brush-Paper-Drawer-Supplies-Manufacturer-1-150x150.jpg 150w, https:\/\/chinacustomboxes.com\/wp-content\/uploads\/2025\/08\/Callus-Remover-Nail-Brush-Paper-Drawer-Supplies-Manufacturer-1-768x768.jpg 768w, https:\/\/chinacustomboxes.com\/wp-content\/uploads\/2025\/08\/Callus-Remover-Nail-Brush-Paper-Drawer-Supplies-Manufacturer-1-12x12.jpg 12w, https:\/\/chinacustomboxes.com\/wp-content\/uploads\/2025\/08\/Callus-Remover-Nail-Brush-Paper-Drawer-Supplies-Manufacturer-1-600x600.jpg 600w, https:\/\/chinacustomboxes.com\/wp-content\/uploads\/2025\/08\/Callus-Remover-Nail-Brush-Paper-Drawer-Supplies-Manufacturer-1-100x100.jpg 100w\" sizes=\"(max-width: 1000px) 100vw, 1000px\" \/><\/p>\n<h2 id=\"2-accurate-cellular-lining-matching-guarantees-hassle-free-transport\">2. Exakt matchning av cellul\u00e4rt foder garanterar problemfri transport<\/h2>\n<p>F\u00f6rem\u00e5lets s\u00e4kerhet och trygghet under hela transporten har h\u00f6gsta prioritet i v\u00e5r design. Insidan av <a href=\"https:\/\/chinacustomboxes.com\/sv\/\">box<\/a> anv\u00e4nder ett EVA-cellfoder med h\u00f6g densitet, vilket ger enast\u00e5ende st\u00f6td\u00e4mpning, stoppning och formbest\u00e4ndighet. Med specifika ber\u00e4kningar och formtillverkning garanterar vi att formerna p\u00e5 det r\u00e4fflade fodret helt matchar dina unikt formade produkter (t.ex. skrubbborstar och nagelborstar), med djupet specifikt anpassat till sj\u00e4lva l\u00e5dan. P\u00e5 s\u00e5 s\u00e4tt undviks effektivt f\u00f6rskjutningar eller skakningar under transporten, vilket minskar risken f\u00f6r skador.<\/p>\n<h2 id=\"3-elegant-hot-marking-workmanship-emphasizes-brand-costs\">3. Elegant utf\u00f6rande av varm m\u00e4rkning betonar varum\u00e4rkeskostnaderna<\/h2>\n<p>F\u00f6r att framh\u00e4va ditt varum\u00e4rkes v\u00e4rde anv\u00e4nder vi en uts\u00f6kt varm st\u00e4mplingsprocess p\u00e5 l\u00e5dans yta. Denna teknik utvecklar en skarp, riklig metallglans f\u00f6r varum\u00e4rkeslogotypens design och viktiga detaljer, samtidigt som den producerar tydliga, vackra m\u00f6nster och livfulla, f\u00e4ngslande f\u00e4rger f\u00f6r en effektiv estetisk p\u00e5verkan. Den vackra heta m\u00e4rkningen h\u00f6jer inte bara den \u00f6vergripande kvaliteten p\u00e5 produktf\u00f6rpackningen utan kommunicerar ocks\u00e5 artikelns premium och professionella varum\u00e4rkespositionering till kunderna, vilket framg\u00e5ngsrikt f\u00f6rb\u00e4ttrar varum\u00e4rkets premiumv\u00e4rde.<\/p>\n<p><img decoding=\"async\" class=\"alignnone wp-image-2280 size-full\" src=\"https:\/\/chinacustomboxes.com\/wp-content\/uploads\/2025\/08\/Callus-Remover-Nail-Brush-Paper-Drawer-Supplies-Manufacturer-2.jpg\" alt=\"Callus Remover Nagelborste Pappersl\u00e5da Tillbeh\u00f6r Tillverkare\" width=\"1000\" height=\"1000\" title=\"\" srcset=\"https:\/\/chinacustomboxes.com\/wp-content\/uploads\/2025\/08\/Callus-Remover-Nail-Brush-Paper-Drawer-Supplies-Manufacturer-2.jpg 1000w, https:\/\/chinacustomboxes.com\/wp-content\/uploads\/2025\/08\/Callus-Remover-Nail-Brush-Paper-Drawer-Supplies-Manufacturer-2-300x300.jpg 300w, https:\/\/chinacustomboxes.com\/wp-content\/uploads\/2025\/08\/Callus-Remover-Nail-Brush-Paper-Drawer-Supplies-Manufacturer-2-150x150.jpg 150w, https:\/\/chinacustomboxes.com\/wp-content\/uploads\/2025\/08\/Callus-Remover-Nail-Brush-Paper-Drawer-Supplies-Manufacturer-2-768x768.jpg 768w, https:\/\/chinacustomboxes.com\/wp-content\/uploads\/2025\/08\/Callus-Remover-Nail-Brush-Paper-Drawer-Supplies-Manufacturer-2-12x12.jpg 12w, https:\/\/chinacustomboxes.com\/wp-content\/uploads\/2025\/08\/Callus-Remover-Nail-Brush-Paper-Drawer-Supplies-Manufacturer-2-600x600.jpg 600w, https:\/\/chinacustomboxes.com\/wp-content\/uploads\/2025\/08\/Callus-Remover-Nail-Brush-Paper-Drawer-Supplies-Manufacturer-2-100x100.jpg 100w\" sizes=\"(max-width: 1000px) 100vw, 1000px\" \/><\/p>\n<h2 id=\"4-sophisticated-purple-appearances-sparks-expectancy\">4. Sofistikerade lila utseenden skapar f\u00f6rv\u00e4ntan<\/h2>\n<p>Produktf\u00f6rpackningen har en sofistikerad lila f\u00e4rg som prim\u00e4rf\u00e4rg. Ur en f\u00e4rgpsykologisk synvinkel f\u00f6rknippas lila ofta med lyx, kreativitet och aristokrati. Denna mjuka men \u00e4nd\u00e5 djupa f\u00e4rgton minskar den visuella tr\u00f6tthet som uppst\u00e5r vid l\u00e5ngvarigt tittande och skapar en lugn och m\u00e4rklig atmosf\u00e4r som v\u00e4cker nyfikenhet p\u00e5 produkterna i f\u00f6rpackningen och en k\u00e4nsla av f\u00f6rv\u00e4ntan vid \u00f6ppnandet.<\/p>\n<h2 id=\"5-long-lasting-bow-pull-ring-in-depth-high-quality\">5. L\u00e5ngvarig b\u00e5ge dragring: djupg\u00e5ende h\u00f6g kvalitet<\/h2>\n<p>Dragringen p\u00e5 den <a href=\"https:\/\/chinacustomboxes.com\/sv\/drawer-style-boxes\/\">l\u00e5dfack<\/a> \u00e4r tillverkad av b\u00e5ge av h\u00f6gsta kvalitet och f\u00e4sts s\u00e4kert p\u00e5 f\u00f6rpackningen via en f\u00f6rst\u00e4rkt procedur. Vi f\u00f6rst\u00e5r att denna detalj \u00e4r den plats d\u00e4r konsumenterna oftast interagerar med produktf\u00f6rpackningen, s\u00e5 vi har utvecklat den f\u00f6r att vara otroligt t\u00e5lig. \u00c4ven efter tusentals dragningar och dragningar beh\u00e5ller bandets dragring sin ursprungliga form, f\u00f6rblir fast och or\u00f6rlig och framh\u00e4ver varum\u00e4rkets \u00f6verl\u00e4gsna h\u00f6ga kvalitet i varje detalj.<\/p>\n<p><img loading=\"lazy\" decoding=\"async\" class=\"alignnone wp-image-2281 size-full\" src=\"https:\/\/chinacustomboxes.com\/wp-content\/uploads\/2025\/08\/Callus-Remover-Nail-Brush-Paper-Drawer-Supplies-Manufacturer-3.jpg\" alt=\"Callus Remover Nagelborste Pappersl\u00e5da Tillbeh\u00f6r Tillverkare\" width=\"1000\" height=\"1000\" title=\"\" srcset=\"https:\/\/chinacustomboxes.com\/wp-content\/uploads\/2025\/08\/Callus-Remover-Nail-Brush-Paper-Drawer-Supplies-Manufacturer-3.jpg 1000w, https:\/\/chinacustomboxes.com\/wp-content\/uploads\/2025\/08\/Callus-Remover-Nail-Brush-Paper-Drawer-Supplies-Manufacturer-3-300x300.jpg 300w, https:\/\/chinacustomboxes.com\/wp-content\/uploads\/2025\/08\/Callus-Remover-Nail-Brush-Paper-Drawer-Supplies-Manufacturer-3-150x150.jpg 150w, https:\/\/chinacustomboxes.com\/wp-content\/uploads\/2025\/08\/Callus-Remover-Nail-Brush-Paper-Drawer-Supplies-Manufacturer-3-768x768.jpg 768w, https:\/\/chinacustomboxes.com\/wp-content\/uploads\/2025\/08\/Callus-Remover-Nail-Brush-Paper-Drawer-Supplies-Manufacturer-3-12x12.jpg 12w, https:\/\/chinacustomboxes.com\/wp-content\/uploads\/2025\/08\/Callus-Remover-Nail-Brush-Paper-Drawer-Supplies-Manufacturer-3-600x600.jpg 600w, https:\/\/chinacustomboxes.com\/wp-content\/uploads\/2025\/08\/Callus-Remover-Nail-Brush-Paper-Drawer-Supplies-Manufacturer-3-100x100.jpg 100w\" sizes=\"(max-width: 1000px) 100vw, 1000px\" \/><\/p>\n<h2 id=\"6-high-performance-eva-lining-suitable-for-odd-shaped-products\">6. EVA-foder med h\u00f6g prestanda: L\u00e4mplig f\u00f6r produkter med udda form<\/h2>\n<p>F\u00f6r att hantera de oj\u00e4mna formerna hos verktyg f\u00f6r personlig v\u00e5rd valde vi EVA som produkt f\u00f6r innerfodret. EVA \u00e4r ett nytt, milj\u00f6v\u00e4nligt plastf\u00f6rpackningsmaterial som ger exceptionell d\u00e4mpning, st\u00f6td\u00e4mpning, v\u00e4rmeisolering, fuktbest\u00e4ndighet och kemisk best\u00e4ndighet. Det kan st\u00e4llas in och sk\u00e4ras till vilken form som helst, vilket g\u00f6r att det passar perfekt f\u00f6r oregelbundet formade produkter och ger det tryggaste och s\u00e4kraste f\u00f6rsvaret f\u00f6r dina f\u00f6rem\u00e5l.<\/p>\n<p><img loading=\"lazy\" decoding=\"async\" class=\"alignnone wp-image-2283 size-full\" src=\"https:\/\/chinacustomboxes.com\/wp-content\/uploads\/2025\/08\/Callus-Remover-Nail-Brush-Paper-Drawer-Supplies-Manufacturer-5.jpg\" alt=\"Callus Remover Nagelborste Pappersl\u00e5da Tillbeh\u00f6r Tillverkare\" width=\"1000\" height=\"1000\" title=\"\" srcset=\"https:\/\/chinacustomboxes.com\/wp-content\/uploads\/2025\/08\/Callus-Remover-Nail-Brush-Paper-Drawer-Supplies-Manufacturer-5.jpg 1000w, https:\/\/chinacustomboxes.com\/wp-content\/uploads\/2025\/08\/Callus-Remover-Nail-Brush-Paper-Drawer-Supplies-Manufacturer-5-300x300.jpg 300w, https:\/\/chinacustomboxes.com\/wp-content\/uploads\/2025\/08\/Callus-Remover-Nail-Brush-Paper-Drawer-Supplies-Manufacturer-5-150x150.jpg 150w, https:\/\/chinacustomboxes.com\/wp-content\/uploads\/2025\/08\/Callus-Remover-Nail-Brush-Paper-Drawer-Supplies-Manufacturer-5-768x768.jpg 768w, https:\/\/chinacustomboxes.com\/wp-content\/uploads\/2025\/08\/Callus-Remover-Nail-Brush-Paper-Drawer-Supplies-Manufacturer-5-12x12.jpg 12w, https:\/\/chinacustomboxes.com\/wp-content\/uploads\/2025\/08\/Callus-Remover-Nail-Brush-Paper-Drawer-Supplies-Manufacturer-5-600x600.jpg 600w, https:\/\/chinacustomboxes.com\/wp-content\/uploads\/2025\/08\/Callus-Remover-Nail-Brush-Paper-Drawer-Supplies-Manufacturer-5-100x100.jpg 100w\" sizes=\"(max-width: 1000px) 100vw, 1000px\" \/><\/p>\n<h2 id=\"7-72-hour-speedy-prototyping-performance-and-high-quality\">7. 72 timmars snabb prototyptillverkning, prestanda och h\u00f6g kvalitet<\/h2>\n<p>Vi \u00e4r medvetna om att marknaden f\u00f6r\u00e4ndras regelbundet och att effektivitet \u00e4r avg\u00f6rande. D\u00e4rf\u00f6r lovar vi att leverera en detaljerad och snabb prototyptj\u00e4nst. Fr\u00e5n det \u00f6gonblick du bekr\u00e4ftar din design kommer vi att slutf\u00f6ra produktionen och verifieringen av alla n\u00f6dv\u00e4ndiga prover, best\u00e5ende av materialval, procedurapplikation och tryckskugga, inom 72 timmar, vilket s\u00e4kerst\u00e4ller att din artikel kommer till marknaden med snabbaste hastighet och finaste.<\/p>","protected":false},"excerpt":{"rendered":"<p>Callus remover nail brush paper drawer boxes \u00e4r beh\u00e5llare som \u00e4r utformade f\u00f6r att f\u00f6rvara och organisera nagelkonstborstar och h\u00e5lla dem rena, skyddade och l\u00e4ttillg\u00e4ngliga. De finns i olika stilar och material, fr\u00e5n enkla plastfodral till mer genomarbetade l\u00e5dor med individuella fack eller skimrande ytbehandlingar. Dessa l\u00e5dor \u00e4r anv\u00e4ndbara f\u00f6r b\u00e5de professionella nageltekniker och individer som tycker om att g\u00f6ra sin egen nagelkonst hemma.<\/p>","protected":false},"featured_media":2281,"template":"","meta":{"_kad_post_transparent":"default","_kad_post_title":"","_kad_post_layout":"default","_kad_post_sidebar_id":"","_kad_post_content_style":"default","_kad_post_vertical_padding":"default","_kad_post_feature":"","_kad_post_feature_position":"","_kad_post_header":false,"_kad_post_footer":false,"_kad_post_classname":""},"product_brand":[],"product_cat":[15,17,28,20],"product_tag":[560,562,561],"class_list":{"0":"post-2278","1":"product","2":"type-product","3":"status-publish","4":"has-post-thumbnail","6":"product_cat-boxes-by-shapes","7":"product_cat-boxes-by-industries","8":"product_cat-cosmetic-packaging-boxes","9":"product_cat-drawer-style-boxes","10":"product_tag-callus-remover-drawer-boxes","11":"product_tag-nail-brush-paper-boxes","12":"product_tag-paper-drawer-boxes-manufacturer","14":"first","15":"instock","16":"shipping-taxable","17":"product-type-simple","18":"entry","19":"content-bg","20":"loop-entry"},"_links":{"self":[{"href":"https:\/\/chinacustomboxes.com\/sv\/wp-json\/wp\/v2\/product\/2278","targetHints":{"allow":["GET"]}}],"collection":[{"href":"https:\/\/chinacustomboxes.com\/sv\/wp-json\/wp\/v2\/product"}],"about":[{"href":"https:\/\/chinacustomboxes.com\/sv\/wp-json\/wp\/v2\/types\/product"}],"wp:featuredmedia":[{"embeddable":true,"href":"https:\/\/chinacustomboxes.com\/sv\/wp-json\/wp\/v2\/media\/2281"}],"wp:attachment":[{"href":"https:\/\/chinacustomboxes.com\/sv\/wp-json\/wp\/v2\/media?parent=2278"}],"wp:term":[{"taxonomy":"product_brand","embeddable":true,"href":"https:\/\/chinacustomboxes.com\/sv\/wp-json\/wp\/v2\/product_brand?post=2278"},{"taxonomy":"product_cat","embeddable":true,"href":"https:\/\/chinacustomboxes.com\/sv\/wp-json\/wp\/v2\/product_cat?post=2278"},{"taxonomy":"product_tag","embeddable":true,"href":"https:\/\/chinacustomboxes.com\/sv\/wp-json\/wp\/v2\/product_tag?post=2278"}],"curies":[{"name":"wp","href":"https:\/\/api.w.org\/{rel}","templated":true}]}}