{"id":2291,"date":"2025-08-21T03:44:11","date_gmt":"2025-08-21T03:44:11","guid":{"rendered":"https:\/\/chinacustomboxes.com\/?post_type=product&#038;p=2291"},"modified":"2025-08-21T05:56:24","modified_gmt":"2025-08-21T05:56:24","slug":"face-mask-cream-lotion-eye-mask-top-and-bottom-boxes-oem","status":"publish","type":"product","link":"https:\/\/chinacustomboxes.com\/sv\/face-mask-cream-lotion-eye-mask-top-and-bottom-boxes-oem\/","title":{"rendered":"Ansiktsmask Kr\u00e4m Lotion \u00d6gonmask Topp- och bottenl\u00e5dor OEM"},"content":{"rendered":"<h2 id=\"face-mask-lotion-lotion-eye-mask-series-high-end-customized-skin-care-top-and-bottom-boxes-oem\">Ansiktsmask Lotion Lotion \u00d6gonmask Serie High-End Anpassad hudv\u00e5rd Topp- och bottenl\u00e5dor OEM<\/h2>\n<h2 id=\"item-overview\">\u00d6versikt \u00f6ver artiklar<\/h2>\n<p>Denna samling av boxf\u00f6rpackningar, med <a href=\"https:\/\/chinacustomboxes.com\/sv\/lid-and-base-boxes\/\">\u00f6vre och undre l\u00e5dor<\/a>\u00e4r speciellt utvecklad f\u00f6r premium ansiktsmasker, lotioner, \u00f6gonmasker och andra elegans- och hudv\u00e5rdsprodukter. Den blandar p\u00e5 ett enkelt s\u00e4tt minimalistisk estetik med ett fantastiskt hantverk. Den \u00e4r mer \u00e4n bara ett yttre s\u00e4kerhetsskydd, den fungerar som en utvidgning av varum\u00e4rkets h\u00f6ga kvalitet och kundupplevelse.<\/p>\n<h2 id=\"1-integrated-precision-opening-and-closing-structure\">1. Integrerad precisionsstruktur f\u00f6r \u00f6ppning och st\u00e4ngning<\/h2>\n<p>Den klassiska \"topp och botten\"-designen ger en o\u00f6vertr\u00e4ffad integrerad \u00f6ppnings- och st\u00e4ngningsupplevelse. Stansning och gjutning med h\u00f6g precision s\u00e4kerst\u00e4ller att locket och stommen passar perfekt ihop, vilket ger en smidig passform n\u00e4r locket st\u00e4ngs och ett smidigt, integrerat utseende. \u00d6ppnings- och st\u00e4ngningsf\u00f6rfarandet \u00e4r extremt smidigt, med helt enkelt r\u00e4tt m\u00e4ngd d\u00e4mpning, vilket s\u00e4kerst\u00e4ller problemfri tillg\u00e5ng till samtidigt som det ger skyddad s\u00e4kerhet n\u00e4r det \u00e4r st\u00e4ngt, vilket stimulerar en k\u00e4nsla av h\u00f6gsta kvalitet och r\u00e4knar med.<\/p>\n<p><img fetchpriority=\"high\" decoding=\"async\" class=\"alignnone wp-image-2292 size-full\" src=\"https:\/\/chinacustomboxes.com\/wp-content\/uploads\/2025\/08\/Face-Mask-Cream-Lotion-Eye-Mask-Top-and-Bottom-Boxes-OEM-1.jpg\" alt=\"Ansiktsmask Kr\u00e4m Lotion \u00d6gonmask Topp- och bottenl\u00e5dor OEM\" width=\"1000\" height=\"1000\" title=\"\" srcset=\"https:\/\/chinacustomboxes.com\/wp-content\/uploads\/2025\/08\/Face-Mask-Cream-Lotion-Eye-Mask-Top-and-Bottom-Boxes-OEM-1.jpg 1000w, https:\/\/chinacustomboxes.com\/wp-content\/uploads\/2025\/08\/Face-Mask-Cream-Lotion-Eye-Mask-Top-and-Bottom-Boxes-OEM-1-300x300.jpg 300w, https:\/\/chinacustomboxes.com\/wp-content\/uploads\/2025\/08\/Face-Mask-Cream-Lotion-Eye-Mask-Top-and-Bottom-Boxes-OEM-1-150x150.jpg 150w, https:\/\/chinacustomboxes.com\/wp-content\/uploads\/2025\/08\/Face-Mask-Cream-Lotion-Eye-Mask-Top-and-Bottom-Boxes-OEM-1-768x768.jpg 768w, https:\/\/chinacustomboxes.com\/wp-content\/uploads\/2025\/08\/Face-Mask-Cream-Lotion-Eye-Mask-Top-and-Bottom-Boxes-OEM-1-12x12.jpg 12w, https:\/\/chinacustomboxes.com\/wp-content\/uploads\/2025\/08\/Face-Mask-Cream-Lotion-Eye-Mask-Top-and-Bottom-Boxes-OEM-1-600x600.jpg 600w, https:\/\/chinacustomboxes.com\/wp-content\/uploads\/2025\/08\/Face-Mask-Cream-Lotion-Eye-Mask-Top-and-Bottom-Boxes-OEM-1-100x100.jpg 100w\" sizes=\"(max-width: 1000px) 100vw, 1000px\" \/><\/p>\n<h2 id=\"2-straightforward-smooth-modern-aesthetic-layout\">2. Enkel, smidig, modern och estetisk layout<\/h2>\n<p>F\u00f6rpackningens snygga, rena linjer undviker alla on\u00f6diga utsmyckningar och symboliserar en k\u00e4nsla av styrka och high-end i sin renaste form. Denna minimala stil g\u00f6r den extremt m\u00e5ngsidig och passar perfekt f\u00f6r f\u00f6rpackningsbehoven f\u00f6r lyxvaror, premiumkosmetika och premiumpresenter, som kr\u00e4ver en h\u00f6g niv\u00e5 av h\u00f6g kvalitet, vilket framg\u00e5ngsrikt f\u00f6rb\u00e4ttrar varum\u00e4rkets foto.<\/p>\n<h2 id=\"3-excellent-load-bearing-capacity-and-storage-stability\">3. Utm\u00e4rkt lastb\u00e4rande kapacitet och lagringsstabilitet<\/h2>\n<p>Den arkitektoniska stilen tar h\u00e4nsyn till praktiska aspekter. Den f\u00f6rst\u00e4rkta botten ger enast\u00e5ende lastkapacitet och skyddar effektivt produktens inre fr\u00e5n att kl\u00e4mmas. \u00c4ven om produkterna staplas i flera lager under lagring eller transport \u00e4r <a href=\"https:\/\/chinacustomboxes.com\/sv\/\">box<\/a> \u00e4r robust och motst\u00e5ndskraftig mot deformation, vilket helt uppfyller de h\u00f6ga kraven p\u00e5 f\u00f6rpackningsstabilitet som kr\u00e4vs f\u00f6r modern logistik.<\/p>\n<p><img decoding=\"async\" class=\"alignnone wp-image-2294 size-full\" src=\"https:\/\/chinacustomboxes.com\/wp-content\/uploads\/2025\/08\/Face-Mask-Cream-Lotion-Eye-Mask-Top-and-Bottom-Boxes-OEM-3.jpg\" alt=\"Ansiktsmask Kr\u00e4m Lotion \u00d6gonmask Topp- och bottenl\u00e5dor OEM\" width=\"1000\" height=\"1000\" title=\"\" srcset=\"https:\/\/chinacustomboxes.com\/wp-content\/uploads\/2025\/08\/Face-Mask-Cream-Lotion-Eye-Mask-Top-and-Bottom-Boxes-OEM-3.jpg 1000w, https:\/\/chinacustomboxes.com\/wp-content\/uploads\/2025\/08\/Face-Mask-Cream-Lotion-Eye-Mask-Top-and-Bottom-Boxes-OEM-3-300x300.jpg 300w, https:\/\/chinacustomboxes.com\/wp-content\/uploads\/2025\/08\/Face-Mask-Cream-Lotion-Eye-Mask-Top-and-Bottom-Boxes-OEM-3-150x150.jpg 150w, https:\/\/chinacustomboxes.com\/wp-content\/uploads\/2025\/08\/Face-Mask-Cream-Lotion-Eye-Mask-Top-and-Bottom-Boxes-OEM-3-768x768.jpg 768w, https:\/\/chinacustomboxes.com\/wp-content\/uploads\/2025\/08\/Face-Mask-Cream-Lotion-Eye-Mask-Top-and-Bottom-Boxes-OEM-3-12x12.jpg 12w, https:\/\/chinacustomboxes.com\/wp-content\/uploads\/2025\/08\/Face-Mask-Cream-Lotion-Eye-Mask-Top-and-Bottom-Boxes-OEM-3-600x600.jpg 600w, https:\/\/chinacustomboxes.com\/wp-content\/uploads\/2025\/08\/Face-Mask-Cream-Lotion-Eye-Mask-Top-and-Bottom-Boxes-OEM-3-100x100.jpg 100w\" sizes=\"(max-width: 1000px) 100vw, 1000px\" \/><\/p>\n<h2 id=\"4-picked-composite-products-for-resilience\">4. Valde kompositprodukter f\u00f6r motst\u00e5ndskraft<\/h2>\n<p>Vi anv\u00e4nder 157g C2S dubbelsidigt bestruket papper som ytpapper, vilket har en sl\u00e4t, stor yta och h\u00f6g f\u00e4rg\u00e5tergivning. Det inre fodret \u00e4r tillverkat av 1200 g kartong med h\u00f6g densitet. Den b\u00e4sta blandningen av dessa tv\u00e5 material ger produkten <a href=\"https:\/\/chinacustomboxes.com\/sv\/brand-double-door-box-for-skincare-bottle-fragrance-perfume\/\">f\u00f6rpackning<\/a> enast\u00e5ende uth\u00e5llighet och h\u00e5llbarhet, vilket ger ett suver\u00e4nt skydd f\u00f6r ditt f\u00f6rem\u00e5l.<\/p>\n<h2 id=\"5-warm-stamping-in-red-gold-for-an-extravagant-and-celebratory-sense\">5. Varm st\u00e4mpling i r\u00f6dguld f\u00f6r en extravagant och festlig k\u00e4nsla<\/h2>\n<p>\"Logo\"-inskriptionen och det ber\u00f6mda \u00f6kade m\u00f6nstret p\u00e5 omslaget \u00e4r exceptionellt varmst\u00e4mplade i r\u00f6tt guld. Denna teknik skapar inte bara ett starkt visuellt intryck och en extravagant, exklusiv k\u00e4nsla, utan den unika metallglansen bibeh\u00e5ller en anm\u00e4rkningsv\u00e4rd kvalitet och sk\u00f6nhet \u00e4ven i starkt ljus. Varje \u00f6ppning av f\u00f6rpackningen \u00e4r en ceremoniell varum\u00e4rkesupplevelse.<\/p>\n<p><img decoding=\"async\" class=\"alignnone wp-image-2295 size-full\" src=\"https:\/\/chinacustomboxes.com\/wp-content\/uploads\/2025\/08\/Face-Mask-Cream-Lotion-Eye-Mask-Top-and-Bottom-Boxes-OEM-4.jpg\" alt=\"Ansiktsmask Kr\u00e4m Lotion \u00d6gonmask Topp- och bottenl\u00e5dor OEM\" width=\"800\" height=\"800\" title=\"\" srcset=\"https:\/\/chinacustomboxes.com\/wp-content\/uploads\/2025\/08\/Face-Mask-Cream-Lotion-Eye-Mask-Top-and-Bottom-Boxes-OEM-4.jpg 800w, https:\/\/chinacustomboxes.com\/wp-content\/uploads\/2025\/08\/Face-Mask-Cream-Lotion-Eye-Mask-Top-and-Bottom-Boxes-OEM-4-300x300.jpg 300w, https:\/\/chinacustomboxes.com\/wp-content\/uploads\/2025\/08\/Face-Mask-Cream-Lotion-Eye-Mask-Top-and-Bottom-Boxes-OEM-4-150x150.jpg 150w, https:\/\/chinacustomboxes.com\/wp-content\/uploads\/2025\/08\/Face-Mask-Cream-Lotion-Eye-Mask-Top-and-Bottom-Boxes-OEM-4-768x768.jpg 768w, https:\/\/chinacustomboxes.com\/wp-content\/uploads\/2025\/08\/Face-Mask-Cream-Lotion-Eye-Mask-Top-and-Bottom-Boxes-OEM-4-12x12.jpg 12w, https:\/\/chinacustomboxes.com\/wp-content\/uploads\/2025\/08\/Face-Mask-Cream-Lotion-Eye-Mask-Top-and-Bottom-Boxes-OEM-4-600x600.jpg 600w, https:\/\/chinacustomboxes.com\/wp-content\/uploads\/2025\/08\/Face-Mask-Cream-Lotion-Eye-Mask-Top-and-Bottom-Boxes-OEM-4-100x100.jpg 100w\" sizes=\"(max-width: 800px) 100vw, 800px\" \/><\/p>\n<h2 id=\"6-ultra-fast-oem-modification-solution\">6. Ultrasnabb l\u00f6sning f\u00f6r OEM-modifiering<\/h2>\n<p>Vi f\u00f6rst\u00e5r betydelsen av tid f\u00f6r varum\u00e4rken. D\u00e4rf\u00f6r lovar vi att erbjuda branschledande l\u00f6sningar med snabb respons:.<\/p>\n<p>Tillverkning av exempel p\u00e5 1 timme: Efter godk\u00e4nnande av layout kan vi skapa det f\u00f6rsta exemplaret p\u00e5 s\u00e5 kort tid som 1 timme.<\/p>\n<p>Verifieringshj\u00e4lp inom 3 timmar: Din valda material- och processkombination kan verifieras inom 3 timmar f\u00f6r att s\u00e4kerst\u00e4lla den h\u00f6ga kvaliteten och effektiviteten i den sista tillverkningen.<\/p>","protected":false},"excerpt":{"rendered":"<p>Denna skr\u00e4ddarsydda premiumproduktf\u00f6rpackning har en tidl\u00f6s topp- och bottenl\u00e5dstruktur, tillverkad av 1200 g h\u00f6gdensitetskartong och 157 g konstpapper. Den \u00e4r h\u00e5llbar och lastb\u00e4rande, b\u00e4st f\u00f6r stapling och frakt. L\u00e5dans eleganta linjer och minimalistiska, avancerade layout g\u00f6r att den passar utm\u00e4rkt f\u00f6r f\u00f6rpackningar f\u00f6r sk\u00f6nhet och avancerade varor. Lockets unika varmst\u00e4mplade guldkl\u00e4ttrade m\u00f6nster inneh\u00e5ller en touch av high-end, vilket \u00f6kar k\u00e4nslan av fest n\u00e4r du \u00f6ppnar paketet. Vi tillhandah\u00e5ller effektiva OEM-tj\u00e4nster, best\u00e5ende av en timmes provproduktion och tre timmars procedurverifiering, vilket g\u00f6r det till det perfekta alternativet f\u00f6r att utveckla en premium varum\u00e4rkesupplevelse.<\/p>","protected":false},"featured_media":2292,"template":"","meta":{"_kad_post_transparent":"default","_kad_post_title":"","_kad_post_layout":"default","_kad_post_sidebar_id":"","_kad_post_content_style":"default","_kad_post_vertical_padding":"default","_kad_post_feature":"","_kad_post_feature_position":"","_kad_post_header":false,"_kad_post_footer":false,"_kad_post_classname":""},"product_brand":[],"product_cat":[15,17,28,20],"product_tag":[567,566,565],"class_list":{"0":"post-2291","1":"product","2":"type-product","3":"status-publish","4":"has-post-thumbnail","6":"product_cat-boxes-by-shapes","7":"product_cat-boxes-by-industries","8":"product_cat-cosmetic-packaging-boxes","9":"product_cat-drawer-style-boxes","10":"product_tag-eye-mask-top-and-bottom-boxes","11":"product_tag-face-cream-lotion-boxes","12":"product_tag-face-mask-boxes","14":"first","15":"instock","16":"shipping-taxable","17":"product-type-simple","18":"entry","19":"content-bg","20":"loop-entry"},"_links":{"self":[{"href":"https:\/\/chinacustomboxes.com\/sv\/wp-json\/wp\/v2\/product\/2291","targetHints":{"allow":["GET"]}}],"collection":[{"href":"https:\/\/chinacustomboxes.com\/sv\/wp-json\/wp\/v2\/product"}],"about":[{"href":"https:\/\/chinacustomboxes.com\/sv\/wp-json\/wp\/v2\/types\/product"}],"wp:featuredmedia":[{"embeddable":true,"href":"https:\/\/chinacustomboxes.com\/sv\/wp-json\/wp\/v2\/media\/2292"}],"wp:attachment":[{"href":"https:\/\/chinacustomboxes.com\/sv\/wp-json\/wp\/v2\/media?parent=2291"}],"wp:term":[{"taxonomy":"product_brand","embeddable":true,"href":"https:\/\/chinacustomboxes.com\/sv\/wp-json\/wp\/v2\/product_brand?post=2291"},{"taxonomy":"product_cat","embeddable":true,"href":"https:\/\/chinacustomboxes.com\/sv\/wp-json\/wp\/v2\/product_cat?post=2291"},{"taxonomy":"product_tag","embeddable":true,"href":"https:\/\/chinacustomboxes.com\/sv\/wp-json\/wp\/v2\/product_tag?post=2291"}],"curies":[{"name":"wp","href":"https:\/\/api.w.org\/{rel}","templated":true}]}}