{"id":2312,"date":"2025-08-22T02:37:25","date_gmt":"2025-08-22T02:37:25","guid":{"rendered":"https:\/\/chinacustomboxes.com\/?post_type=product&#038;p=2312"},"modified":"2025-08-22T02:37:26","modified_gmt":"2025-08-22T02:37:26","slug":"louis-vuitton-luxury-bags-lid-and-base-set-rigid-boxes-oem","status":"publish","type":"product","link":"https:\/\/chinacustomboxes.com\/sv\/louis-vuitton-luxury-bags-lid-and-base-set-rigid-boxes-oem\/","title":{"rendered":"Louis Vuitton lyxv\u00e4skor lock och bas upps\u00e4ttning styva l\u00e5dor OEM"},"content":{"rendered":"<h2 id=\"louis-vuitton-luxury-bags-lid-and-base-set-rigid-boxes-oem\">Louis Vuitton lyxv\u00e4skor lock och bas upps\u00e4ttning styva l\u00e5dor OEM<\/h2>\n<h2 id=\"1-item-positioning-and-structure\">1 Positionering och struktur<\/h2>\n<ul>\n<li><strong>Tidl\u00f6s kombination av \"lockl\u00e5da + presentp\u00e5se\"\u00a0<\/strong>: Presentl\u00e5dan \u00e4r tillverkad av styv gr\u00e5board och t\u00e4ckt med specialpapper och fungerar b\u00e5de som beh\u00e5llare och samtals\u00e4mne, medan presentv\u00e4skan anv\u00e4nds f\u00f6r att b\u00e4ra ut och som sekund\u00e4r sk\u00e4rm, vilket balanserar anv\u00e4ndbarhet med en k\u00e4nsla av ceremoni.<\/li>\n<li><strong>S\u00e4ker montering av lock och bas\u00a0<\/strong>: Den <a href=\"https:\/\/chinacustomboxes.com\/sv\/lid-and-base-boxes\/\">lock- och bottenl\u00e5dor<\/a> \u00e4r precisionsstansade, med fyrkantiga h\u00f6rn f\u00f6r smidig \u00f6ppning och st\u00e4ngning och en <strong>stram i formen\u00a0<\/strong>, vilket f\u00f6rb\u00e4ttrar sp\u00e4nnings- och st\u00f6tt\u00e5ligheten f\u00f6r p\u00e5litlig transport och exponering.<\/li>\n<li><strong>Presentp\u00e5se f\u00f6r flera scener\u00a0<\/strong>: Tredimensionell, robust och stabil, den \u00e4r bekv\u00e4m att ta med, perfekt f\u00f6r upph\u00e4mtning i butiken, presentgivning, offline-evenemang och julklappssatser. Den smidiga \u00f6ppnings- och st\u00e4ngningsupplevelsen fr\u00e4mjar upprepad anv\u00e4ndning och \u00e5tervisning.<\/li>\n<\/ul>\n<p><img fetchpriority=\"high\" decoding=\"async\" class=\"alignnone wp-image-2313 size-full\" src=\"https:\/\/chinacustomboxes.com\/wp-content\/uploads\/2025\/08\/Louis-Vuitton-Luxury-Bags-Lid-and-Base-Set-Rigid-Boxes-OEM-1.jpg\" alt=\"Louis Vuitton lyxv\u00e4skor lock och bas upps\u00e4ttning styva l\u00e5dor OEM\" width=\"1000\" height=\"1000\" title=\"\" srcset=\"https:\/\/chinacustomboxes.com\/wp-content\/uploads\/2025\/08\/Louis-Vuitton-Luxury-Bags-Lid-and-Base-Set-Rigid-Boxes-OEM-1.jpg 1000w, https:\/\/chinacustomboxes.com\/wp-content\/uploads\/2025\/08\/Louis-Vuitton-Luxury-Bags-Lid-and-Base-Set-Rigid-Boxes-OEM-1-300x300.jpg 300w, https:\/\/chinacustomboxes.com\/wp-content\/uploads\/2025\/08\/Louis-Vuitton-Luxury-Bags-Lid-and-Base-Set-Rigid-Boxes-OEM-1-150x150.jpg 150w, https:\/\/chinacustomboxes.com\/wp-content\/uploads\/2025\/08\/Louis-Vuitton-Luxury-Bags-Lid-and-Base-Set-Rigid-Boxes-OEM-1-768x768.jpg 768w, https:\/\/chinacustomboxes.com\/wp-content\/uploads\/2025\/08\/Louis-Vuitton-Luxury-Bags-Lid-and-Base-Set-Rigid-Boxes-OEM-1-12x12.jpg 12w, https:\/\/chinacustomboxes.com\/wp-content\/uploads\/2025\/08\/Louis-Vuitton-Luxury-Bags-Lid-and-Base-Set-Rigid-Boxes-OEM-1-600x600.jpg 600w, https:\/\/chinacustomboxes.com\/wp-content\/uploads\/2025\/08\/Louis-Vuitton-Luxury-Bags-Lid-and-Base-Set-Rigid-Boxes-OEM-1-100x100.jpg 100w\" sizes=\"(max-width: 1000px) 100vw, 1000px\" \/><\/p>\n<h2 id=\"2-look-and-brand-name-sophistication\">2 Utseende och sofistikerade varum\u00e4rken<\/h2>\n<ul>\n<li><strong>Huvudnyans: Extremt m\u00e4ttad orange\u00a0<\/strong>: Den \u00e4r mycket estetiskt effektfull och l\u00e4tt att k\u00e4nna igen p\u00e5 hyllan, och den f\u00e5ngar snabbt uppm\u00e4rksamheten p\u00e5 sociala medier och i offlinebutiker.<\/li>\n<li><strong>F\u00e4rgid\u00e9er\u00a0<\/strong>: H\u00e4nvisa till \"Safran Imp\u00e9rial\" orange nyans Louis Vuitton har anv\u00e4nt f\u00f6r 2016, ofta i kombination med\u00a0<strong>bl\u00e5tt band\/handtag\u00a0<\/strong>vilket skapar en modern men \u00e4nd\u00e5 klassisk varum\u00e4rkessignatur.<\/li>\n<\/ul>\n<h2 id=\"3-products-and-environmental-protection\">3 Produkter och milj\u00f6skydd<\/h2>\n<ul>\n<li><strong>H\u00e5llbarhet och l\u00e5ng livsl\u00e4ngd\u00a0<\/strong>: B\u00e5da de <a href=\"https:\/\/chinacustomboxes.com\/sv\/\">presentf\u00f6rpackning<\/a> och presentp\u00e5sen \u00e4r tillverkade av h\u00e5llbara resurser och inneh\u00e5ller \u00e5tervunnet material. Den starka strukturen och den \u00e5tervinningsbara \u00f6ppningen och st\u00e4ngningen minskar risken f\u00f6r logistik- och oms\u00e4ttningsf\u00f6rluster och uppfyller kraven p\u00e5 robusthet och \u00f6verensst\u00e4mmelse f\u00f6r f\u00f6rpackningar f\u00f6r lyxprodukter.<\/li>\n<li>H\u00e4nvisning till offentlig information om branschen och varum\u00e4rket: LV specificerar formellt att dess presentf\u00f6rpackningspapper \"kommer fr\u00e5n h\u00e5llbara skogar, best\u00e5r av cirka 40% \u00e5tervunnen fiber och \u00e4r hopf\u00e4llbart f\u00f6r att minska leveransp\u00e5verkan\" (som en h\u00e4nvisning till milj\u00f6riktning och effektivitetsm\u00e5l).<\/li>\n<\/ul>\n<p><img decoding=\"async\" class=\"alignnone wp-image-2315 size-full\" src=\"https:\/\/chinacustomboxes.com\/wp-content\/uploads\/2025\/08\/Louis-Vuitton-Luxury-Bags-Lid-and-Base-Set-Rigid-Boxes-OEM-3.jpg\" alt=\"Louis Vuitton lyxv\u00e4skor lock och bas upps\u00e4ttning styva l\u00e5dor OEM\" width=\"1000\" height=\"1000\" title=\"\" srcset=\"https:\/\/chinacustomboxes.com\/wp-content\/uploads\/2025\/08\/Louis-Vuitton-Luxury-Bags-Lid-and-Base-Set-Rigid-Boxes-OEM-3.jpg 1000w, https:\/\/chinacustomboxes.com\/wp-content\/uploads\/2025\/08\/Louis-Vuitton-Luxury-Bags-Lid-and-Base-Set-Rigid-Boxes-OEM-3-300x300.jpg 300w, https:\/\/chinacustomboxes.com\/wp-content\/uploads\/2025\/08\/Louis-Vuitton-Luxury-Bags-Lid-and-Base-Set-Rigid-Boxes-OEM-3-150x150.jpg 150w, https:\/\/chinacustomboxes.com\/wp-content\/uploads\/2025\/08\/Louis-Vuitton-Luxury-Bags-Lid-and-Base-Set-Rigid-Boxes-OEM-3-768x768.jpg 768w, https:\/\/chinacustomboxes.com\/wp-content\/uploads\/2025\/08\/Louis-Vuitton-Luxury-Bags-Lid-and-Base-Set-Rigid-Boxes-OEM-3-12x12.jpg 12w, https:\/\/chinacustomboxes.com\/wp-content\/uploads\/2025\/08\/Louis-Vuitton-Luxury-Bags-Lid-and-Base-Set-Rigid-Boxes-OEM-3-600x600.jpg 600w, https:\/\/chinacustomboxes.com\/wp-content\/uploads\/2025\/08\/Louis-Vuitton-Luxury-Bags-Lid-and-Base-Set-Rigid-Boxes-OEM-3-100x100.jpg 100w\" sizes=\"(max-width: 1000px) 100vw, 1000px\" \/><\/p>\n<h2 id=\"4-structure-and-workmanship-details\">4 Detaljer om struktur och utf\u00f6rande<\/h2>\n<ul>\n<li><strong>Styv struktur\u00a0<\/strong>: Vanligtvis f\u00f6resl\u00e5r vi 1200- 1800g gr\u00e5 kartong (eller svart k\u00e4rnkartong) + 120- 180g specialpapper installation; de ledande och nedre lockdjupen \u00e4r skr\u00e4ddarsydda efter artikelspecifikationer, med\u00a0<strong>passform tolerans kontroll\u00a0<\/strong>vilket ger en \"begr\u00e4nsad men \u00e4nd\u00e5 bekv\u00e4m\" \u00f6ppningsk\u00e4nsla.<\/li>\n<li><strong>H\u00f6gprecisionsutskrift\u00a0<\/strong>: Uppr\u00e4tth\u00e5ller omr\u00e5desf\u00e4rg \/ PANTONE exakt f\u00e4rgmatchning, punktscreeningskontroll och utskrift med h\u00f6gt linjeantal, vilket s\u00e4kerst\u00e4ller\u00a0<strong>tydliga och skarpa logotypdesigner, graderfria sidor och regelbunden f\u00e4rgvariation\u00a0<\/strong>.\u00a0<strong>Valfria premieprocesser best\u00e5r av\u00a0<\/strong>varm m\u00e4rkning, pr\u00e4gling och UV-lack **.<\/li>\n<li><strong>Foder och skydd\u00a0<\/strong>: Finns i EVA, velour, flockat papper eller formad massa f\u00f6r att passa olika dimensioner, best\u00e5ende av handv\u00e4skor, budgetar och tillbeh\u00f6r. ** Rept\u00e5liga, dammt\u00e4ta och fuktabsorberande val \u00e4r l\u00e4ttillg\u00e4ngliga.<\/li>\n<li><strong>Present Bag Bygg- och anl\u00e4ggningsverksamhet\u00a0<\/strong>: Erbjuds i laminerad eller baspappersfinish, f\u00f6rst\u00e4rkta flikar och bakpapper.\u00a0<strong>V\u00e4vband, ribbat eller bl\u00e5 kabel\u00a0<\/strong>finns tillg\u00e4ngliga, f\u00f6rst\u00e4rkta med perforeringar och nitar f\u00f6r en balanserad k\u00e4nsla och t\u00e5lighet.<\/li>\n<\/ul>\n<p><img decoding=\"async\" class=\"alignnone wp-image-2316 size-full\" src=\"https:\/\/chinacustomboxes.com\/wp-content\/uploads\/2025\/08\/Louis-Vuitton-Luxury-Bags-Lid-and-Base-Set-Rigid-Boxes-OEM-4.jpg\" alt=\"Louis Vuitton lyxv\u00e4skor lock och bas upps\u00e4ttning styva l\u00e5dor OEM\" width=\"1000\" height=\"1000\" title=\"\" srcset=\"https:\/\/chinacustomboxes.com\/wp-content\/uploads\/2025\/08\/Louis-Vuitton-Luxury-Bags-Lid-and-Base-Set-Rigid-Boxes-OEM-4.jpg 1000w, https:\/\/chinacustomboxes.com\/wp-content\/uploads\/2025\/08\/Louis-Vuitton-Luxury-Bags-Lid-and-Base-Set-Rigid-Boxes-OEM-4-300x300.jpg 300w, https:\/\/chinacustomboxes.com\/wp-content\/uploads\/2025\/08\/Louis-Vuitton-Luxury-Bags-Lid-and-Base-Set-Rigid-Boxes-OEM-4-150x150.jpg 150w, https:\/\/chinacustomboxes.com\/wp-content\/uploads\/2025\/08\/Louis-Vuitton-Luxury-Bags-Lid-and-Base-Set-Rigid-Boxes-OEM-4-768x768.jpg 768w, https:\/\/chinacustomboxes.com\/wp-content\/uploads\/2025\/08\/Louis-Vuitton-Luxury-Bags-Lid-and-Base-Set-Rigid-Boxes-OEM-4-12x12.jpg 12w, https:\/\/chinacustomboxes.com\/wp-content\/uploads\/2025\/08\/Louis-Vuitton-Luxury-Bags-Lid-and-Base-Set-Rigid-Boxes-OEM-4-600x600.jpg 600w, https:\/\/chinacustomboxes.com\/wp-content\/uploads\/2025\/08\/Louis-Vuitton-Luxury-Bags-Lid-and-Base-Set-Rigid-Boxes-OEM-4-100x100.jpg 100w\" sizes=\"(max-width: 1000px) 100vw, 1000px\" \/><\/p>\n<h2 id=\"5-application-situations\">5 Till\u00e4mpningssituationer<\/h2>\n<ul>\n<li><strong>Avancerade g\u00e5vor\/h\u00f6gtidsg\u00e5vor\/paket\u00a0<\/strong>: S\u00e5som semesterpresenter i begr\u00e4nsad upplaga, VIP-presenter och presentf\u00f6rpackningar med samma varum\u00e4rke; l\u00e4mplig f\u00f6r b\u00e5de offline-butikssk\u00e4rm och direkt shoppingpost eller presentproduktf\u00f6rpackning.<\/li>\n<\/ul>\n<h2 id=\"6-quality-control-and-shipment\">6 Kvalitetskontroll och leverans<\/h2>\n<ul>\n<li><strong>Skuggdistinktion och dimensionskontroll\u00a0<\/strong>: Producera ICC-konturer f\u00f6r korrektur och kontrast mot nyansdiagram; stickprovskontrollera v\u00e4sentliga m\u00e5tt och diagonal parallellitet; g\u00e5 igenom leveransunders\u00f6kningar f\u00f6r gnidning, vikningsbest\u00e4ndighet, komprimering och nedg\u00e5ngsbest\u00e4ndighet.<\/li>\n<li><strong>S\u00e4kerhet och efterlevnad\u00a0<\/strong>: Papper och bl\u00e4ck kan anpassas med FSC\/REACH-\u00f6verensst\u00e4mmelse p\u00e5 beg\u00e4ran (beroende p\u00e5 konsumentorder och lokala riktlinjer).<\/li>\n<li><strong>Kapacitet f\u00f6r snabb prototyptillverkning\u00a0<\/strong>: Utnyttja v\u00e5ra\u00a0<strong>smart produktionslinje\u00a0<\/strong>och\u00a0<strong>modul\u00e4r verktygs-\/foderkollektion\u00a0<\/strong>, vi st\u00f6der korrekturl\u00e4sning inom\u00a0<strong>1 timme\u00a0<\/strong>(med lokal\/online-verifiering av bevisillustrationer och standarddelar), vilket m\u00f6jligg\u00f6r snabba \u00e5tg\u00e4rder vid snabba f\u00f6rfr\u00e5gningar och sm\u00e5 serier.<\/li>\n<\/ul>\n<p><img loading=\"lazy\" decoding=\"async\" class=\"alignnone wp-image-2318 size-full\" src=\"https:\/\/chinacustomboxes.com\/wp-content\/uploads\/2025\/08\/Louis-Vuitton-Luxury-Bags-Lid-and-Base-Set-Rigid-Boxes-OEM-6.jpg\" alt=\"Louis Vuitton lyxv\u00e4skor lock och bas upps\u00e4ttning styva l\u00e5dor OEM\" width=\"1000\" height=\"1000\" title=\"\" srcset=\"https:\/\/chinacustomboxes.com\/wp-content\/uploads\/2025\/08\/Louis-Vuitton-Luxury-Bags-Lid-and-Base-Set-Rigid-Boxes-OEM-6.jpg 1000w, https:\/\/chinacustomboxes.com\/wp-content\/uploads\/2025\/08\/Louis-Vuitton-Luxury-Bags-Lid-and-Base-Set-Rigid-Boxes-OEM-6-300x300.jpg 300w, https:\/\/chinacustomboxes.com\/wp-content\/uploads\/2025\/08\/Louis-Vuitton-Luxury-Bags-Lid-and-Base-Set-Rigid-Boxes-OEM-6-150x150.jpg 150w, https:\/\/chinacustomboxes.com\/wp-content\/uploads\/2025\/08\/Louis-Vuitton-Luxury-Bags-Lid-and-Base-Set-Rigid-Boxes-OEM-6-768x768.jpg 768w, https:\/\/chinacustomboxes.com\/wp-content\/uploads\/2025\/08\/Louis-Vuitton-Luxury-Bags-Lid-and-Base-Set-Rigid-Boxes-OEM-6-12x12.jpg 12w, https:\/\/chinacustomboxes.com\/wp-content\/uploads\/2025\/08\/Louis-Vuitton-Luxury-Bags-Lid-and-Base-Set-Rigid-Boxes-OEM-6-600x600.jpg 600w, https:\/\/chinacustomboxes.com\/wp-content\/uploads\/2025\/08\/Louis-Vuitton-Luxury-Bags-Lid-and-Base-Set-Rigid-Boxes-OEM-6-100x100.jpg 100w\" sizes=\"(max-width: 1000px) 100vw, 1000px\" \/><\/p>\n<h2 id=\"7-customization\">7 Anpassning<\/h2>\n<ul>\n<li><strong>Storlek\u00a0<\/strong>: Anpassa efter dimension f\u00f6r portmonn\u00e4er, sm\u00e5 naturl\u00e4derartiklar och accessoarer (med hj\u00e4lp av inbyggda f\u00f6rpackningar i flera storlekar).<\/li>\n<li><strong>Utf\u00f6rande\u00a0<\/strong>: Area shade + varm m\u00e4rkning (logotyp), velourcellfoder, dold magnetisk\/avskalningsbar f\u00f6rsegling, l\u00e4ttrivbar flik, och s\u00e5 vidare\u00a0<em>* Enheter\u00a0<\/em>: Tonad presentp\u00e5se, band, gratulations-\/presentkort, syrafritt papper, etikett, f\u00f6rvaringsutrymme <a href=\"https:\/\/chinacustomboxes.com\/sv\/drawer-style-boxes\/\">l\u00e5dfack<\/a>.<\/li>\n<\/ul>","protected":false},"excerpt":{"rendered":"<p>Denna produkt har en\u00a0<strong>traditionell presentf\u00f6rpackning med fr\u00e4mre och undre lock och presentp\u00e5se\u00a0<\/strong>mixa. Den\u00a0<strong>lock och botten i form t\u00e4tt ihop\u00a0<\/strong>och erbjuder ett tryggt och s\u00e4kert skydd. Presentp\u00e5sen \u00e4r\u00a0<strong>b\u00e4rbar och h\u00e5llbar\u00a0<\/strong>Den \u00f6ppnas och st\u00e4ngs smidigt, vilket g\u00f6r den utm\u00e4rkt f\u00f6r exklusiva g\u00e5vor och semestersamlingar. Denna artikel anv\u00e4nder sig av\u00a0<strong>milj\u00f6v\u00e4nlig och l\u00e5ngvarig\u00a0<\/strong>papper, vilket g\u00f6r det m\u00f6jligt\u00a0<strong>tryckning med h\u00f6g precision\u00a0<\/strong>(klar, burrfri och normal skugga). De\u00a0<strong>h\u00f6gm\u00e4ttad orange\u00a0<\/strong>f\u00e4rgdesign utvecklar en solid visuell identifiering. Utnyttja\u00a0<strong>intelligenta produktionslinjer och modul\u00e4rt utf\u00f6rande\u00a0<\/strong>, kan korrekturet slutf\u00f6ras\u00a0<strong>inom 1 timme\u00a0<\/strong>vilket m\u00f6jligg\u00f6r snabb respons p\u00e5 omedelbara distributionsbehov.<\/p>","protected":false},"featured_media":2313,"template":"","meta":{"_kad_post_transparent":"default","_kad_post_title":"","_kad_post_layout":"default","_kad_post_sidebar_id":"","_kad_post_content_style":"default","_kad_post_vertical_padding":"default","_kad_post_feature":"","_kad_post_feature_position":"","_kad_post_header":false,"_kad_post_footer":false,"_kad_post_classname":""},"product_brand":[],"product_cat":[19,15,17,30],"product_tag":[573,575,574],"class_list":{"0":"post-2312","1":"product","2":"type-product","3":"status-publish","4":"has-post-thumbnail","6":"product_cat-lid-and-base-boxes","7":"product_cat-boxes-by-shapes","8":"product_cat-boxes-by-industries","9":"product_cat-clothing-packaging-boxes","10":"product_tag-lid-and-base-boxes","11":"product_tag-louis-vuitton-packaging-boxes","12":"product_tag-rigid-boxes-oem","14":"first","15":"instock","16":"shipping-taxable","17":"product-type-simple","18":"entry","19":"content-bg","20":"loop-entry"},"_links":{"self":[{"href":"https:\/\/chinacustomboxes.com\/sv\/wp-json\/wp\/v2\/product\/2312","targetHints":{"allow":["GET"]}}],"collection":[{"href":"https:\/\/chinacustomboxes.com\/sv\/wp-json\/wp\/v2\/product"}],"about":[{"href":"https:\/\/chinacustomboxes.com\/sv\/wp-json\/wp\/v2\/types\/product"}],"wp:featuredmedia":[{"embeddable":true,"href":"https:\/\/chinacustomboxes.com\/sv\/wp-json\/wp\/v2\/media\/2313"}],"wp:attachment":[{"href":"https:\/\/chinacustomboxes.com\/sv\/wp-json\/wp\/v2\/media?parent=2312"}],"wp:term":[{"taxonomy":"product_brand","embeddable":true,"href":"https:\/\/chinacustomboxes.com\/sv\/wp-json\/wp\/v2\/product_brand?post=2312"},{"taxonomy":"product_cat","embeddable":true,"href":"https:\/\/chinacustomboxes.com\/sv\/wp-json\/wp\/v2\/product_cat?post=2312"},{"taxonomy":"product_tag","embeddable":true,"href":"https:\/\/chinacustomboxes.com\/sv\/wp-json\/wp\/v2\/product_tag?post=2312"}],"curies":[{"name":"wp","href":"https:\/\/api.w.org\/{rel}","templated":true}]}}