{"id":2319,"date":"2025-08-22T03:33:22","date_gmt":"2025-08-22T03:33:22","guid":{"rendered":"https:\/\/chinacustomboxes.com\/?post_type=product&#038;p=2319"},"modified":"2025-08-22T03:33:23","modified_gmt":"2025-08-22T03:33:23","slug":"candle-scent-aromatherapy-neck-lid-and-base-gift-boxes-odm","status":"publish","type":"product","link":"https:\/\/chinacustomboxes.com\/sv\/candle-scent-aromatherapy-neck-lid-and-base-gift-boxes-odm\/","title":{"rendered":"Ljus doft Aromaterapi Halslock och bas Presentf\u00f6rpackningar ODM"},"content":{"rendered":"<h2 id=\"custom-made-odm-aromatherapy-scent-candle-lid-and-base-gift-box\">Skr\u00e4ddarsydd ODM Aromaterapi doftljus lock och bas presentf\u00f6rpackning<\/h2>\n<h2 id=\"1-structural-design-a-combination-of-timeless-and-ingenious-with-phenomenal-details-\">1. Strukturell design: En kombination av tidl\u00f6s och genial, med fenomenala detaljer.<\/h2>\n<p>Denna presentf\u00f6rpackning f\u00f6r doftljus har den traditionella formen \"lock och botten\", d\u00e4r det \u00f6vre locket utg\u00f6r \"toppen\" och det nedre locket \"basen\". Den \u00f6ppnas och st\u00e4ngs smidigt och bekv\u00e4mt, vilket g\u00f6r den till en f\u00f6redragen standardl\u00e5da f\u00f6r f\u00f6rpackning av presentprodukter. Vi har faktiskt f\u00f6rfinat den h\u00e4r designen genom att inkludera en \"hals\", som ger en extra kant till botten. Denna geniala utformning garanterar en smidig passform mellan <a href=\"https:\/\/chinacustomboxes.com\/sv\/lid-and-base-boxes\/\">lock- och bottenl\u00e5dor<\/a> n\u00e4r den \u00e4r st\u00e4ngd, vilket skapar snygga, skarpa sidor och en enkel men sofistikerad visuell estetik. Detta ramverk med hals och axlar f\u00f6rb\u00e4ttrar inte bara avsev\u00e4rt boxens t\u00e4tning och s\u00e4kerhet, vilket ger ett omfattande skydd f\u00f6r f\u00f6rem\u00e5let inuti, utan visar ocks\u00e5 noggrant den raffinerade, premium, personliga visuella och premium toppkvaliteten.<\/p>\n<p><img fetchpriority=\"high\" decoding=\"async\" class=\"alignnone wp-image-2320 size-full\" src=\"https:\/\/chinacustomboxes.com\/wp-content\/uploads\/2025\/08\/Candle-Scent-Aromatherapy-Neck-Lid-and-base-Gift-Boxes-ODM-1.jpg\" alt=\"Ljus doft Aromaterapi Halslock och bas Presentf\u00f6rpackningar ODM\" width=\"750\" height=\"750\" title=\"\" srcset=\"https:\/\/chinacustomboxes.com\/wp-content\/uploads\/2025\/08\/Candle-Scent-Aromatherapy-Neck-Lid-and-base-Gift-Boxes-ODM-1.jpg 750w, https:\/\/chinacustomboxes.com\/wp-content\/uploads\/2025\/08\/Candle-Scent-Aromatherapy-Neck-Lid-and-base-Gift-Boxes-ODM-1-300x300.jpg 300w, https:\/\/chinacustomboxes.com\/wp-content\/uploads\/2025\/08\/Candle-Scent-Aromatherapy-Neck-Lid-and-base-Gift-Boxes-ODM-1-150x150.jpg 150w, https:\/\/chinacustomboxes.com\/wp-content\/uploads\/2025\/08\/Candle-Scent-Aromatherapy-Neck-Lid-and-base-Gift-Boxes-ODM-1-12x12.jpg 12w, https:\/\/chinacustomboxes.com\/wp-content\/uploads\/2025\/08\/Candle-Scent-Aromatherapy-Neck-Lid-and-base-Gift-Boxes-ODM-1-600x600.jpg 600w, https:\/\/chinacustomboxes.com\/wp-content\/uploads\/2025\/08\/Candle-Scent-Aromatherapy-Neck-Lid-and-base-Gift-Boxes-ODM-1-100x100.jpg 100w\" sizes=\"(max-width: 750px) 100vw, 750px\" \/><\/p>\n<h2 id=\"2-material-choice-similarly-stressing-quality-and-security-a-commitment-to-top-quality-both-throughout-\">2. Materialval: P\u00e5 samma s\u00e4tt betonas kvalitet och s\u00e4kerhet, ett \u00e5tagande om h\u00f6gsta kvalitet i b\u00e5da fallen.<\/h2>\n<p>Vi f\u00f6rst\u00e5r att produkterna \u00e4r avg\u00f6rande f\u00f6r f\u00f6rpackningens kvalitet. Den yttre v\u00e4vnaden av denna <a href=\"https:\/\/chinacustomboxes.com\/sv\/distribute-magnetic-lid-rigid-box-for-lipstick-mini-perfume\/\">presentf\u00f6rpackning<\/a> \u00e4r i allm\u00e4nhet tillverkad av konstpapper av h\u00f6gsta kvalitet, vars delikata struktur och mysiga touch omedelbart lyfter den allm\u00e4nna produktf\u00f6rpackningen. Den inre k\u00e4rnan \u00e4r byggd av slitstark, tjock gr\u00e5board, vilket garanterar enast\u00e5ende styvhet och b\u00e4rf\u00f6rm\u00e5ga. Detta skyddar effektivt de k\u00e4nsliga aromaterapibeh\u00e5llarna och ljuslyktorna inuti, och skyddar mot p\u00e5verkan och krossning under transport och exponering. Blandningen av konstpapper och gr\u00e5 kartong ger den b\u00e4sta balansen mellan estetik och funktionalitet, vilket garanterar att varje g\u00e5va presenteras f\u00f6r konsumenterna i perfekt skick.<\/p>\n<h2 id=\"3-printing-and-craftsmanship-meticulous-workmanship-gives-the-packaging-a-distinct-visual-allure-\">3. Tryck och hantverksskicklighet: Det omsorgsfulla hantverket ger f\u00f6rpackningen en tydlig visuell attraktionskraft.<\/h2>\n<p>F\u00f6r att skapa en distinkt estetisk effekt erbjuder vi en rad olika tryck- och efterbehandlingsalternativ. En viktig layoutattribut f\u00f6r denna <a href=\"https:\/\/chinacustomboxes.com\/sv\/\">box<\/a> \u00e4r den charmiga silverfinishen p\u00e5 lockets innerkant. Denna information ger den totala mjuka designen en touch av nyans, fungerar som en avslutande touch och f\u00f6rb\u00e4ttrar avsev\u00e4rt f\u00f6rpackningens raffinerade och extravaganta k\u00e4nsla. Dessutom kan anpassningsbara procedurer som varm m\u00e4rkning, pr\u00e4gling och spot UV-behandlingar anv\u00e4ndas f\u00f6r att \u00f6ka produktf\u00f6rpackningens djup och petting, vilket mer markerar varum\u00e4rkets logotyp.<\/p>\n<p><img decoding=\"async\" class=\"alignnone wp-image-2321 size-full\" src=\"https:\/\/chinacustomboxes.com\/wp-content\/uploads\/2025\/08\/Candle-Scent-Aromatherapy-Neck-Lid-and-base-Gift-Boxes-ODM-2.jpg\" alt=\"Ljus doft Aromaterapi Halslock och bas Presentf\u00f6rpackningar ODM\" width=\"750\" height=\"750\" title=\"\" srcset=\"https:\/\/chinacustomboxes.com\/wp-content\/uploads\/2025\/08\/Candle-Scent-Aromatherapy-Neck-Lid-and-base-Gift-Boxes-ODM-2.jpg 750w, https:\/\/chinacustomboxes.com\/wp-content\/uploads\/2025\/08\/Candle-Scent-Aromatherapy-Neck-Lid-and-base-Gift-Boxes-ODM-2-300x300.jpg 300w, https:\/\/chinacustomboxes.com\/wp-content\/uploads\/2025\/08\/Candle-Scent-Aromatherapy-Neck-Lid-and-base-Gift-Boxes-ODM-2-150x150.jpg 150w, https:\/\/chinacustomboxes.com\/wp-content\/uploads\/2025\/08\/Candle-Scent-Aromatherapy-Neck-Lid-and-base-Gift-Boxes-ODM-2-12x12.jpg 12w, https:\/\/chinacustomboxes.com\/wp-content\/uploads\/2025\/08\/Candle-Scent-Aromatherapy-Neck-Lid-and-base-Gift-Boxes-ODM-2-600x600.jpg 600w, https:\/\/chinacustomboxes.com\/wp-content\/uploads\/2025\/08\/Candle-Scent-Aromatherapy-Neck-Lid-and-base-Gift-Boxes-ODM-2-100x100.jpg 100w\" sizes=\"(max-width: 750px) 100vw, 750px\" \/><\/p>\n<h2 id=\"4-color-visual-appeals-tranquil-lavender-producing-an-immersive-sensory-experience-\">4. F\u00e4rg Visuella tilltal: Tranquil Lavender, Skapar en uppslukande sensorisk upplevelse.<\/h2>\n<p>F\u00f6rpackningens huvuddel har en mjuk och elegant lavendelf\u00e4rg. Detta kreativa f\u00e4rgval stimulerar snabbt f\u00f6rtrollande organisationer med produktens avslappnande, helande doft, vilket effektivt skapar en lugn och lugnande atmosf\u00e4r som helt \u00f6verensst\u00e4mmer med aromaterapiproduktens positionering. Denna enhetliga och harmoniska f\u00e4rganv\u00e4ndning f\u00f6rst\u00e4rker inte bara produkten utan hj\u00e4lper ocks\u00e5 till att utveckla en solid och speciell estetisk identifiering av varum\u00e4rket, vilket omedelbart lockar och f\u00e4ngslar m\u00e5lkunderna.<\/p>\n<h2 id=\"5-decorative-information-moderate-sophistication-revealed-in-the-details-\">5. Dekorativ information: M\u00e5ttlig sofistikering, avsl\u00f6jad i detaljerna.<\/h2>\n<p>K\u00e4rnan i design h\u00e4nger ofta p\u00e5 detaljerna. Den till synes tillbakalutade silverkanten runt insidan av det ledande locket personifierar denna filosofi. Som en raffinerad och nedtonad attraktiv komponent utvecklar den en subtil j\u00e4mf\u00f6relse med den prim\u00e4ra lavendelf\u00e4rgade nyansen, vilket skadar tristessen i det monotona f\u00e4rgschemat och f\u00f6rb\u00e4ttrar den totala layoutens klass och v\u00e4rde, vilket skapar en k\u00e4nsla av \u00f6verraskning n\u00e4r man \u00f6ppnar paketet.<\/p>\n<p><img decoding=\"async\" class=\"alignnone wp-image-2322 size-full\" src=\"https:\/\/chinacustomboxes.com\/wp-content\/uploads\/2025\/08\/Candle-Scent-Aromatherapy-Neck-Lid-and-base-Gift-Boxes-ODM-3.jpg\" alt=\"Ljus doft Aromaterapi Halslock och bas Presentf\u00f6rpackningar ODM\" width=\"1919\" height=\"1919\" title=\"\" srcset=\"https:\/\/chinacustomboxes.com\/wp-content\/uploads\/2025\/08\/Candle-Scent-Aromatherapy-Neck-Lid-and-base-Gift-Boxes-ODM-3.jpg 1919w, https:\/\/chinacustomboxes.com\/wp-content\/uploads\/2025\/08\/Candle-Scent-Aromatherapy-Neck-Lid-and-base-Gift-Boxes-ODM-3-300x300.jpg 300w, https:\/\/chinacustomboxes.com\/wp-content\/uploads\/2025\/08\/Candle-Scent-Aromatherapy-Neck-Lid-and-base-Gift-Boxes-ODM-3-1024x1024.jpg 1024w, https:\/\/chinacustomboxes.com\/wp-content\/uploads\/2025\/08\/Candle-Scent-Aromatherapy-Neck-Lid-and-base-Gift-Boxes-ODM-3-150x150.jpg 150w, https:\/\/chinacustomboxes.com\/wp-content\/uploads\/2025\/08\/Candle-Scent-Aromatherapy-Neck-Lid-and-base-Gift-Boxes-ODM-3-768x768.jpg 768w, https:\/\/chinacustomboxes.com\/wp-content\/uploads\/2025\/08\/Candle-Scent-Aromatherapy-Neck-Lid-and-base-Gift-Boxes-ODM-3-1536x1536.jpg 1536w, https:\/\/chinacustomboxes.com\/wp-content\/uploads\/2025\/08\/Candle-Scent-Aromatherapy-Neck-Lid-and-base-Gift-Boxes-ODM-3-12x12.jpg 12w, https:\/\/chinacustomboxes.com\/wp-content\/uploads\/2025\/08\/Candle-Scent-Aromatherapy-Neck-Lid-and-base-Gift-Boxes-ODM-3-600x600.jpg 600w, https:\/\/chinacustomboxes.com\/wp-content\/uploads\/2025\/08\/Candle-Scent-Aromatherapy-Neck-Lid-and-base-Gift-Boxes-ODM-3-100x100.jpg 100w\" sizes=\"(max-width: 1919px) 100vw, 1919px\" \/><\/p>\n<h2 id=\"6-internal-security-precision-molded-lining-provides-the-ultimate-product-defense-\">6. Intern s\u00e4kerhet: Precisionsgjutet foder ger det ultimata produktf\u00f6rsvaret.<\/h2>\n<p>F\u00f6r att s\u00e4kerst\u00e4lla att aromaterapiprodukterna forts\u00e4tter att ligga s\u00e4kert i l\u00e5dan, formar vi fodret specifikt efter produktens form. En m\u00e4ngd olika foderprodukter \u00e4r l\u00e4tt tillg\u00e4ngliga, inklusive EVA-skum f\u00f6r exceptionell stoppning och st\u00f6td\u00e4mpning, l\u00e4tt och milj\u00f6v\u00e4nlig EPE p\u00e4rlbomull eller mycket tonad s\u00e5rf\u00f6rpackning. Dessa material omsluter och h\u00e5ller s\u00e4kert produkter som aromaterapiflaskor och ljush\u00e5llare och undviker effektivt att de skakas och p\u00e5verkas. Det exakt passande cellfodret garanterar inte bara produkts\u00e4kerheten utan visar ocks\u00e5 v\u00e5r professionalism och tillf\u00f6rlitlighet och v\u00e5rt noggranna fokus p\u00e5 detaljer, vilket ger en cool och v\u00e4lorganiserad produktf\u00f6rpackningsupplevelse.<\/p>\n<h2 id=\"7-odm-totally-custom-made-services-develop-your-own-brand-identity-\">7. ODM Helt skr\u00e4ddarsydda tj\u00e4nster: Utveckla din egen varum\u00e4rkesidentitet.<\/h2>\n<p>Vi tillhandah\u00e5ller grundliga ODM-l\u00f6sningar (Initial Layout Manufacturer), s\u00e5 att du kan anpassa alla aspekter av din l\u00e5da, inklusive l\u00e5dans struktur, dimensioner, yttre och inre material, tryck, nyansmatchning och hantering, baserat p\u00e5 ditt varum\u00e4rkes positionering och artikelkrav. Oavsett om du vill \u00e4ndra till ditt varum\u00e4rkes temaf\u00e4rger, framtr\u00e4dande inkludera din logotypdesign eller anpassa inredningen f\u00f6r att passa din produktkollektion, erbjuder v\u00e5r professionella grupp ett enda alternativ som skapar unika, varum\u00e4rkesspecifika f\u00f6rpackningar.<\/p>\n<p><img loading=\"lazy\" decoding=\"async\" class=\"alignnone wp-image-2323 size-full\" src=\"https:\/\/chinacustomboxes.com\/wp-content\/uploads\/2025\/08\/Candle-Scent-Aromatherapy-Neck-Lid-and-base-Gift-Boxes-ODM-4.jpg\" alt=\"Ljus doft Aromaterapi Halslock och bas Presentf\u00f6rpackningar ODM\" width=\"1600\" height=\"1600\" title=\"\" srcset=\"https:\/\/chinacustomboxes.com\/wp-content\/uploads\/2025\/08\/Candle-Scent-Aromatherapy-Neck-Lid-and-base-Gift-Boxes-ODM-4.jpg 1600w, https:\/\/chinacustomboxes.com\/wp-content\/uploads\/2025\/08\/Candle-Scent-Aromatherapy-Neck-Lid-and-base-Gift-Boxes-ODM-4-300x300.jpg 300w, https:\/\/chinacustomboxes.com\/wp-content\/uploads\/2025\/08\/Candle-Scent-Aromatherapy-Neck-Lid-and-base-Gift-Boxes-ODM-4-1024x1024.jpg 1024w, https:\/\/chinacustomboxes.com\/wp-content\/uploads\/2025\/08\/Candle-Scent-Aromatherapy-Neck-Lid-and-base-Gift-Boxes-ODM-4-150x150.jpg 150w, https:\/\/chinacustomboxes.com\/wp-content\/uploads\/2025\/08\/Candle-Scent-Aromatherapy-Neck-Lid-and-base-Gift-Boxes-ODM-4-768x768.jpg 768w, https:\/\/chinacustomboxes.com\/wp-content\/uploads\/2025\/08\/Candle-Scent-Aromatherapy-Neck-Lid-and-base-Gift-Boxes-ODM-4-1536x1536.jpg 1536w, https:\/\/chinacustomboxes.com\/wp-content\/uploads\/2025\/08\/Candle-Scent-Aromatherapy-Neck-Lid-and-base-Gift-Boxes-ODM-4-12x12.jpg 12w, https:\/\/chinacustomboxes.com\/wp-content\/uploads\/2025\/08\/Candle-Scent-Aromatherapy-Neck-Lid-and-base-Gift-Boxes-ODM-4-600x600.jpg 600w, https:\/\/chinacustomboxes.com\/wp-content\/uploads\/2025\/08\/Candle-Scent-Aromatherapy-Neck-Lid-and-base-Gift-Boxes-ODM-4-100x100.jpg 100w\" sizes=\"(max-width: 1600px) 100vw, 1600px\" \/><\/p>\n<h2 id=\"8-core-benefit-1-hour-prototyping-assisting-brands-seize-market-opportunities-\">8. Huvudf\u00f6rdel: Prototypframtagning p\u00e5 1 timme, hj\u00e4lper varum\u00e4rken att ta vara p\u00e5 marknadsm\u00f6jligheter.<\/h2>\n<p>Tid \u00e4r avg\u00f6rande p\u00e5 en h\u00e5rt konkurrensutsatt marknad. Vi inser detta och utnyttjar v\u00e5ra h\u00e5llbara tillverknings- och designassimileringsf\u00f6rm\u00e5gor, vi lovar h\u00f6gtidligt \"1-timmars prototyping\". Denna effektiva, snabba respons- och prototypf\u00f6rm\u00e5ga antyder att du kan se n\u00e4stan f\u00e4rdiga exempel p\u00e5 rekordtid, vilket dramatiskt f\u00f6rkortar din valcykel och tid till marknaden, vilket hj\u00e4lper ditt varum\u00e4rke att konfiskera m\u00f6jligheter p\u00e5 en snabbt f\u00f6r\u00e4ndrad marknad.<\/p>","protected":false},"excerpt":{"rendered":"<p>Denna presentask med doftljus i en elegant lavendelf\u00e4rg skapar en lugn och behaglig atmosf\u00e4r. Dess klassiska lock och topp med axel och hals garanterar en t\u00e4t f\u00f6rslutning och rena linjer, vilket ger en premiumk\u00e4nsla. Tillverkad av stark gr\u00e5board med ett \u00f6mt\u00e5ligt, responsivt konstpapper kombinerar den utseende med s\u00e4kerhet. Den silverf\u00e4rgade kanten runt lockets innerkant ger en touch av polerad information. Insidan \u00e4r specifikt gjuten efter produktens form, med st\u00f6td\u00e4mpande foder som EVA eller p\u00e4rlbomull f\u00f6r att garantera s\u00e4ker transport. Vi tillhandah\u00e5ller omfattande ODM-personaliseringsl\u00f6sningar, fr\u00e5n struktur och produkter till tryckprocesser, och garanterar \"snabb exempelv\u00e4ndning inom 1 timme\", vilket hj\u00e4lper dig att producera speciella varum\u00e4rkesproduktf\u00f6rpackningar och snabbt f\u00e5nga marknadsandelar.<\/p>","protected":false},"featured_media":2320,"template":"","meta":{"_kad_post_transparent":"default","_kad_post_title":"","_kad_post_layout":"default","_kad_post_sidebar_id":"","_kad_post_content_style":"default","_kad_post_vertical_padding":"default","_kad_post_feature":"","_kad_post_feature_position":"","_kad_post_header":false,"_kad_post_footer":false,"_kad_post_classname":""},"product_brand":[],"product_cat":[15,17,33,19,34],"product_tag":[576,577,578],"class_list":{"0":"post-2319","1":"product","2":"type-product","3":"status-publish","4":"has-post-thumbnail","6":"product_cat-boxes-by-shapes","7":"product_cat-boxes-by-industries","8":"product_cat-candle-packaging-boxes","9":"product_cat-lid-and-base-boxes","10":"product_cat-perfume-packaging-boxes","11":"product_tag-candle-gift-boxes","12":"product_tag-neck-lid-and-base-gift-boxes","13":"product_tag-scent-aromatherapy-gift-boxes-odm","15":"first","16":"instock","17":"shipping-taxable","18":"product-type-simple","19":"entry","20":"content-bg","21":"loop-entry"},"_links":{"self":[{"href":"https:\/\/chinacustomboxes.com\/sv\/wp-json\/wp\/v2\/product\/2319","targetHints":{"allow":["GET"]}}],"collection":[{"href":"https:\/\/chinacustomboxes.com\/sv\/wp-json\/wp\/v2\/product"}],"about":[{"href":"https:\/\/chinacustomboxes.com\/sv\/wp-json\/wp\/v2\/types\/product"}],"wp:featuredmedia":[{"embeddable":true,"href":"https:\/\/chinacustomboxes.com\/sv\/wp-json\/wp\/v2\/media\/2320"}],"wp:attachment":[{"href":"https:\/\/chinacustomboxes.com\/sv\/wp-json\/wp\/v2\/media?parent=2319"}],"wp:term":[{"taxonomy":"product_brand","embeddable":true,"href":"https:\/\/chinacustomboxes.com\/sv\/wp-json\/wp\/v2\/product_brand?post=2319"},{"taxonomy":"product_cat","embeddable":true,"href":"https:\/\/chinacustomboxes.com\/sv\/wp-json\/wp\/v2\/product_cat?post=2319"},{"taxonomy":"product_tag","embeddable":true,"href":"https:\/\/chinacustomboxes.com\/sv\/wp-json\/wp\/v2\/product_tag?post=2319"}],"curies":[{"name":"wp","href":"https:\/\/api.w.org\/{rel}","templated":true}]}}