{"id":2332,"date":"2025-08-25T02:17:42","date_gmt":"2025-08-25T02:17:42","guid":{"rendered":"https:\/\/chinacustomboxes.com\/?post_type=product&#038;p=2332"},"modified":"2025-08-25T03:13:29","modified_gmt":"2025-08-25T03:13:29","slug":"custom-cannabis-concentrate-containers-packaging-wholesale","status":"publish","type":"product","link":"https:\/\/chinacustomboxes.com\/sv\/custom-cannabis-concentrate-containers-packaging-wholesale\/","title":{"rendered":"Anpassade beh\u00e5llare f\u00f6r cannabiskoncentrat F\u00f6rpackning grossist"},"content":{"rendered":"<h2 id=\"personalized-cannabis-concentrate-container-packaging-the-ultimate-blend-of-luxury-defense-and-brand-visual-appeals\">Personlig f\u00f6rpackning f\u00f6r cannabiskoncentratbeh\u00e5llare: Den ultimata blandningen av lyx, f\u00f6rsvar och varum\u00e4rkesvisuella \u00f6verklaganden<\/h2>\n<p>P\u00e5 den mycket konkurrensutsatta cannabismarknaden kr\u00e4ver fenomenala produkter en lika fenomenal f\u00f6rpackning f\u00f6r att visa upp sitt v\u00e4rde och locka kunder. V\u00e5r <a href=\"https:\/\/chinacustomboxes.com\/sv\/cannabis-packaging\/\">anpassad beh\u00e5llare f\u00f6r cannabiskoncentrat f\u00f6rpackning<\/a>g, som \u00e4r s\u00e4rskilt framtagen f\u00f6r exklusiva varum\u00e4rken, har f\u00f6r avsikt att erbjuda en perfekt f\u00f6rpackningstj\u00e4nst som integrerar lyx, skydd och varum\u00e4rkesindividualitet genom o\u00f6vertr\u00e4ffad design, premiumprodukter och charmigt hantverk.<\/p>\n<p><img fetchpriority=\"high\" decoding=\"async\" class=\"alignnone wp-image-2337 size-full\" src=\"https:\/\/chinacustomboxes.com\/wp-content\/uploads\/2025\/08\/Custom-Cannabis-Concentrate-Containers-Packaging-Wholesale-11.jpg\" alt=\"Anpassade beh\u00e5llare f\u00f6r cannabiskoncentrat F\u00f6rpackning grossist\" width=\"1000\" height=\"1000\" title=\"\" srcset=\"https:\/\/chinacustomboxes.com\/wp-content\/uploads\/2025\/08\/Custom-Cannabis-Concentrate-Containers-Packaging-Wholesale-11.jpg 1000w, https:\/\/chinacustomboxes.com\/wp-content\/uploads\/2025\/08\/Custom-Cannabis-Concentrate-Containers-Packaging-Wholesale-11-300x300.jpg 300w, https:\/\/chinacustomboxes.com\/wp-content\/uploads\/2025\/08\/Custom-Cannabis-Concentrate-Containers-Packaging-Wholesale-11-150x150.jpg 150w, https:\/\/chinacustomboxes.com\/wp-content\/uploads\/2025\/08\/Custom-Cannabis-Concentrate-Containers-Packaging-Wholesale-11-768x768.jpg 768w, https:\/\/chinacustomboxes.com\/wp-content\/uploads\/2025\/08\/Custom-Cannabis-Concentrate-Containers-Packaging-Wholesale-11-12x12.jpg 12w, https:\/\/chinacustomboxes.com\/wp-content\/uploads\/2025\/08\/Custom-Cannabis-Concentrate-Containers-Packaging-Wholesale-11-600x600.jpg 600w, https:\/\/chinacustomboxes.com\/wp-content\/uploads\/2025\/08\/Custom-Cannabis-Concentrate-Containers-Packaging-Wholesale-11-100x100.jpg 100w\" sizes=\"(max-width: 1000px) 100vw, 1000px\" \/><\/p>\n<h2 id=\"1-the-phenomenal-experience-of-magnetic-flip-top-gift-boxes\">1. Den fenomenala upplevelsen av magnetiska presentf\u00f6rpackningar med flip-top-st\u00e4ngning<\/h2>\n<p>K\u00e4rnan i denna f\u00f6rpackning \u00e4r den innovativa presentf\u00f6rpackningen med flip-top, som \u00e4ven kallas <a href=\"https:\/\/chinacustomboxes.com\/sv\/magnetic-closure-boxes\/\">l\u00e5dor med magnetisk f\u00f6rslutning<\/a>. Den viktigaste egenskapen \u00e4r den inbyggda kraftfulla magnetiska st\u00e4ngningsanordningen. Denna design m\u00f6jligg\u00f6r inte bara en otroligt smidig \u00f6ppning och st\u00e4ngning, utan ger ocks\u00e5 ett fascinerande \"klick\"-ljud, vilket ger en lyxig och ceremoniell upplevelse f\u00f6r individen. J\u00e4mf\u00f6rt med traditionella vikbara kartonger ger denna h\u00e5llbara styva l\u00e5dstruktur anm\u00e4rkningsv\u00e4rt skydd, vilket garanterar s\u00e4ker transport och lagringsutrymme f\u00f6r viktiga produkter som fokus.<\/p>\n<h2 id=\"2-strong-stiff-building-and-construction\">2. Starkt styvt byggande och konstruktion<\/h2>\n<p>Vi valde h\u00f6gkvalitativ, oflexibel kartong som huvudmaterial f\u00f6r <a href=\"https:\/\/chinacustomboxes.com\/sv\/\">f\u00f6rpackningsl\u00e5dor<\/a>vilket garanterar dess styrka och h\u00e5llbarhet. Detta starka ramverk st\u00e5r inte bara effektivt emot yttre p\u00e5frestningar, vilket ger en solid s\u00e4kerhet f\u00f6r f\u00f6rem\u00e5let inuti, utan f\u00f6rb\u00e4ttrar ocks\u00e5 varum\u00e4rkets premiumimage avsev\u00e4rt.<\/p>\n<p><img decoding=\"async\" class=\"alignnone wp-image-2335 size-full\" src=\"https:\/\/chinacustomboxes.com\/wp-content\/uploads\/2025\/08\/Custom-Cannabis-Concentrate-Containers-Packaging-Wholesale-9.jpg\" alt=\"Anpassade beh\u00e5llare f\u00f6r cannabiskoncentrat F\u00f6rpackning grossist\" width=\"1000\" height=\"1000\" title=\"\" srcset=\"https:\/\/chinacustomboxes.com\/wp-content\/uploads\/2025\/08\/Custom-Cannabis-Concentrate-Containers-Packaging-Wholesale-9.jpg 1000w, https:\/\/chinacustomboxes.com\/wp-content\/uploads\/2025\/08\/Custom-Cannabis-Concentrate-Containers-Packaging-Wholesale-9-300x300.jpg 300w, https:\/\/chinacustomboxes.com\/wp-content\/uploads\/2025\/08\/Custom-Cannabis-Concentrate-Containers-Packaging-Wholesale-9-150x150.jpg 150w, https:\/\/chinacustomboxes.com\/wp-content\/uploads\/2025\/08\/Custom-Cannabis-Concentrate-Containers-Packaging-Wholesale-9-768x768.jpg 768w, https:\/\/chinacustomboxes.com\/wp-content\/uploads\/2025\/08\/Custom-Cannabis-Concentrate-Containers-Packaging-Wholesale-9-12x12.jpg 12w, https:\/\/chinacustomboxes.com\/wp-content\/uploads\/2025\/08\/Custom-Cannabis-Concentrate-Containers-Packaging-Wholesale-9-600x600.jpg 600w, https:\/\/chinacustomboxes.com\/wp-content\/uploads\/2025\/08\/Custom-Cannabis-Concentrate-Containers-Packaging-Wholesale-9-100x100.jpg 100w\" sizes=\"(max-width: 1000px) 100vw, 1000px\" \/><\/p>\n<h2 id=\"3-dynamic-and-luxurious-area-uv-finish\">3. Dynamiskt och lyxigt omr\u00e5de UV-finish<\/h2>\n<p>Omslagets m\u00f6nster av fallna cannabisblad har en unik Area UV-bel\u00e4ggning (spot UV coating). Denna strategi applicerar ett h\u00f6gglansigt klart skikt p\u00e5 detaljomr\u00e5den, vilket skapar en sl\u00e5ende kontrast till omslagets matta yta och ger en levande, tredimensionell estetisk effekt. Detta f\u00f6rst\u00e4rker inte bara f\u00f6rpackningens lyxiga k\u00e4nsla och charm, utan ger dessutom en viss grad av f\u00f6rfalskningsskydd.<\/p>\n<h2 id=\"4-distinctive-color-style\">4. S\u00e4rskiljande f\u00e4rgstil<\/h2>\n<p>Omslagets starka, dynamiska design med regnb\u00e5gsgradienter f\u00e5ngar omedelbart konsumenternas uppm\u00e4rksamhet. Denna layout st\u00e4mmer \u00f6verens med de visuella m\u00f6nstren i dagens cannabisf\u00f6rpackningar, som har f\u00f6r avsikt att bryta sig loss fr\u00e5n f\u00f6r\u00e5ldrade stereotyper och v\u00e4lkomna ett mycket mer modernt och elegant estetiskt spr\u00e5k. L\u00e5dans botten \u00e4r en levande, ren bl\u00e5 f\u00e4rg som skapar en harmonisk men \u00e4nd\u00e5 sl\u00e5ende j\u00e4mf\u00f6relse med det levande omslaget.<\/p>\n<p><img decoding=\"async\" class=\"alignnone wp-image-2334 size-full\" src=\"https:\/\/chinacustomboxes.com\/wp-content\/uploads\/2025\/08\/Custom-Cannabis-Concentrate-Containers-Packaging-Wholesale-8.jpg\" alt=\"Anpassade beh\u00e5llare f\u00f6r cannabiskoncentrat F\u00f6rpackning grossist\" width=\"1000\" height=\"1000\" title=\"\" srcset=\"https:\/\/chinacustomboxes.com\/wp-content\/uploads\/2025\/08\/Custom-Cannabis-Concentrate-Containers-Packaging-Wholesale-8.jpg 1000w, https:\/\/chinacustomboxes.com\/wp-content\/uploads\/2025\/08\/Custom-Cannabis-Concentrate-Containers-Packaging-Wholesale-8-300x300.jpg 300w, https:\/\/chinacustomboxes.com\/wp-content\/uploads\/2025\/08\/Custom-Cannabis-Concentrate-Containers-Packaging-Wholesale-8-150x150.jpg 150w, https:\/\/chinacustomboxes.com\/wp-content\/uploads\/2025\/08\/Custom-Cannabis-Concentrate-Containers-Packaging-Wholesale-8-768x768.jpg 768w, https:\/\/chinacustomboxes.com\/wp-content\/uploads\/2025\/08\/Custom-Cannabis-Concentrate-Containers-Packaging-Wholesale-8-12x12.jpg 12w, https:\/\/chinacustomboxes.com\/wp-content\/uploads\/2025\/08\/Custom-Cannabis-Concentrate-Containers-Packaging-Wholesale-8-600x600.jpg 600w, https:\/\/chinacustomboxes.com\/wp-content\/uploads\/2025\/08\/Custom-Cannabis-Concentrate-Containers-Packaging-Wholesale-8-100x100.jpg 100w\" sizes=\"(max-width: 1000px) 100vw, 1000px\" \/><\/p>\n<h2 id=\"5-skillfully-hidden-magnets\">5. Skickligt dolda magneter<\/h2>\n<p>Den viktigaste egenskapen hos denna f\u00f6rpackning \u00e4r magneterna som \u00e4r intelligent g\u00f6mda i locket och l\u00e5dorna. Den s\u00f6ml\u00f6sa layouten skapar ett snyggt och smidigt utseende utan on\u00f6diga tryckknappar. Magnetf\u00f6rslutningen ger en specifik och s\u00e4ker passform, vilket g\u00f6r att varan i f\u00f6rpackningen f\u00f6rblir trygg och s\u00e4ker under alla f\u00f6rh\u00e5llanden.<\/p>\n<p><img loading=\"lazy\" decoding=\"async\" class=\"alignnone wp-image-2333 size-full\" src=\"https:\/\/chinacustomboxes.com\/wp-content\/uploads\/2025\/08\/Custom-Cannabis-Concentrate-Containers-Packaging-Wholesale-7.jpg\" alt=\"Anpassade beh\u00e5llare f\u00f6r cannabiskoncentrat F\u00f6rpackning grossist\" width=\"1000\" height=\"1000\" title=\"\" srcset=\"https:\/\/chinacustomboxes.com\/wp-content\/uploads\/2025\/08\/Custom-Cannabis-Concentrate-Containers-Packaging-Wholesale-7.jpg 1000w, https:\/\/chinacustomboxes.com\/wp-content\/uploads\/2025\/08\/Custom-Cannabis-Concentrate-Containers-Packaging-Wholesale-7-300x300.jpg 300w, https:\/\/chinacustomboxes.com\/wp-content\/uploads\/2025\/08\/Custom-Cannabis-Concentrate-Containers-Packaging-Wholesale-7-150x150.jpg 150w, https:\/\/chinacustomboxes.com\/wp-content\/uploads\/2025\/08\/Custom-Cannabis-Concentrate-Containers-Packaging-Wholesale-7-768x768.jpg 768w, https:\/\/chinacustomboxes.com\/wp-content\/uploads\/2025\/08\/Custom-Cannabis-Concentrate-Containers-Packaging-Wholesale-7-12x12.jpg 12w, https:\/\/chinacustomboxes.com\/wp-content\/uploads\/2025\/08\/Custom-Cannabis-Concentrate-Containers-Packaging-Wholesale-7-600x600.jpg 600w, https:\/\/chinacustomboxes.com\/wp-content\/uploads\/2025\/08\/Custom-Cannabis-Concentrate-Containers-Packaging-Wholesale-7-100x100.jpg 100w\" sizes=\"(max-width: 1000px) 100vw, 1000px\" \/><\/p>\n<h2 id=\"6-custom-made-eva-foam-liner\">6. Skr\u00e4ddarsytt foder av EVA-skum<\/h2>\n<p>L\u00e5dans insida har ett foder av EVA-skum som \u00e4r anpassat efter f\u00f6rem\u00e5lets form. EVA (sampolymer av eten-vinylacetat) \u00e4r ett material med h\u00f6g densitet och exceptionella stoppnings- och st\u00f6td\u00e4mpande egenskaper, vilket ger b\u00e4sta m\u00f6jliga produktskydd. Fodret \u00e4r s\u00e4rskilt skuret med cirkul\u00e4ra sp\u00e5r som \u00e4r anpassade till storleken p\u00e5 koncentratbeh\u00e5llaren, vilket skyddar produkten ordentligt och effektivt stoppar vibrationer och st\u00f6tar under transport. Det svartvita fodret f\u00f6rb\u00e4ttrar produktens estetiska charm n\u00e4r man \u00f6ppnar upp l\u00e5dorna.<\/p>\n<p><img loading=\"lazy\" decoding=\"async\" class=\"alignnone wp-image-2338 size-full\" src=\"https:\/\/chinacustomboxes.com\/wp-content\/uploads\/2025\/08\/Custom-Cannabis-Concentrate-Containers-Packaging-Wholesale-12.jpg\" alt=\"Anpassade beh\u00e5llare f\u00f6r cannabiskoncentrat F\u00f6rpackning grossist\" width=\"1000\" height=\"1000\" title=\"\" srcset=\"https:\/\/chinacustomboxes.com\/wp-content\/uploads\/2025\/08\/Custom-Cannabis-Concentrate-Containers-Packaging-Wholesale-12.jpg 1000w, https:\/\/chinacustomboxes.com\/wp-content\/uploads\/2025\/08\/Custom-Cannabis-Concentrate-Containers-Packaging-Wholesale-12-300x300.jpg 300w, https:\/\/chinacustomboxes.com\/wp-content\/uploads\/2025\/08\/Custom-Cannabis-Concentrate-Containers-Packaging-Wholesale-12-150x150.jpg 150w, https:\/\/chinacustomboxes.com\/wp-content\/uploads\/2025\/08\/Custom-Cannabis-Concentrate-Containers-Packaging-Wholesale-12-768x768.jpg 768w, https:\/\/chinacustomboxes.com\/wp-content\/uploads\/2025\/08\/Custom-Cannabis-Concentrate-Containers-Packaging-Wholesale-12-12x12.jpg 12w, https:\/\/chinacustomboxes.com\/wp-content\/uploads\/2025\/08\/Custom-Cannabis-Concentrate-Containers-Packaging-Wholesale-12-600x600.jpg 600w, https:\/\/chinacustomboxes.com\/wp-content\/uploads\/2025\/08\/Custom-Cannabis-Concentrate-Containers-Packaging-Wholesale-12-100x100.jpg 100w\" sizes=\"(max-width: 1000px) 100vw, 1000px\" \/><\/p>\n<h2 id=\"7-highly-adjustable-and-expert-solution\">7. Mycket justerbar och expertl\u00f6sning<\/h2>\n<p>Vi f\u00f6rst\u00e5r att varje varum\u00e4rke har sin egen speciella karakt\u00e4r och sina egna krav. Denna f\u00f6rpackning uppvisar h\u00f6g anpassning. Fr\u00e5n den distinkta magnetiska flip-top-f\u00f6rslutningsl\u00e5dans form, till det personliga regnb\u00e5gstrycket och UV-terapin i omr\u00e5det, till det skr\u00e4ddarsydda EVA-cellul\u00e4ra fodret, kan varje information anpassas till ditt varum\u00e4rkes krav, vilket s\u00e4kerst\u00e4ller att den slutliga f\u00f6rpackningen felfritt \u00f6verensst\u00e4mmer med ditt varum\u00e4rkesfoto och artikelattribut.<\/p>\n<p>Tack vare v\u00e5r m\u00e5ng\u00e5riga branscherfarenhet har vi en djup f\u00f6rst\u00e5else f\u00f6r materialegenskaper, processinnovationer och marknadstrender. Vi kan inte bara f\u00f6rverkliga dina layoutid\u00e9er p\u00e5 r\u00e4tt s\u00e4tt utan ocks\u00e5 erbjuda specialistrekommendationer som hj\u00e4lper dig att f\u00f6rb\u00e4ttra f\u00f6rpackningsalternativen och f\u00f6rebygga eventuella problem, vilket s\u00e4kerst\u00e4ller h\u00f6g kvalitet och stark marknadskonkurrens f\u00f6r din slutprodukt.<\/p>","protected":false},"excerpt":{"rendered":"<p>Denna personliga premiumf\u00f6rpackning, speciellt framtagen f\u00f6r cannabiskoncentrat, har ett ramverk av magnetiska f\u00f6rslutningsboxar f\u00f6r smidig \u00f6ppning och utstr\u00e5lar en \u00f6verd\u00e5dig och ritualistisk k\u00e4nsla. Locket har ett regnb\u00e5gsf\u00e4rgat gradienttryck och ett spot UV-m\u00f6nster av cannabisblad, vilket ger en sl\u00e5ende och omedelbart igenk\u00e4nnbar visuell effekt. Insidan \u00e4r fodrad med ett cellfoder av specifikt reducerat EVA-skum, vilket ger ett suver\u00e4nt st\u00f6ts\u00e4kert skydd f\u00f6r ditt f\u00f6rem\u00e5l. Helt anpassningsbar fr\u00e5n yttre design till inre ramverk, det \u00e4r ett optimalt val f\u00f6r att \u00f6ka ditt varum\u00e4rkesfoto och s\u00e4kerst\u00e4lla artikelns s\u00e4kerhet och s\u00e4kerhet.<\/p>","protected":false},"featured_media":2334,"template":"","meta":{"_kad_post_transparent":"default","_kad_post_title":"","_kad_post_layout":"default","_kad_post_sidebar_id":"","_kad_post_content_style":"default","_kad_post_vertical_padding":"default","_kad_post_feature":"","_kad_post_feature_position":"","_kad_post_header":false,"_kad_post_footer":false,"_kad_post_classname":""},"product_brand":[],"product_cat":[15,17,39,18],"product_tag":[579,580,581],"class_list":{"0":"post-2332","1":"product","2":"type-product","3":"status-publish","4":"has-post-thumbnail","6":"product_cat-boxes-by-shapes","7":"product_cat-boxes-by-industries","8":"product_cat-cannabis-packaging","9":"product_cat-magnetic-closure-boxes","10":"product_tag-cannabis-concentrate-packaging","11":"product_tag-concentrate-containers-packaging","12":"product_tag-custom-concentrate-packaging","14":"first","15":"instock","16":"shipping-taxable","17":"product-type-simple","18":"entry","19":"content-bg","20":"loop-entry"},"_links":{"self":[{"href":"https:\/\/chinacustomboxes.com\/sv\/wp-json\/wp\/v2\/product\/2332","targetHints":{"allow":["GET"]}}],"collection":[{"href":"https:\/\/chinacustomboxes.com\/sv\/wp-json\/wp\/v2\/product"}],"about":[{"href":"https:\/\/chinacustomboxes.com\/sv\/wp-json\/wp\/v2\/types\/product"}],"wp:featuredmedia":[{"embeddable":true,"href":"https:\/\/chinacustomboxes.com\/sv\/wp-json\/wp\/v2\/media\/2334"}],"wp:attachment":[{"href":"https:\/\/chinacustomboxes.com\/sv\/wp-json\/wp\/v2\/media?parent=2332"}],"wp:term":[{"taxonomy":"product_brand","embeddable":true,"href":"https:\/\/chinacustomboxes.com\/sv\/wp-json\/wp\/v2\/product_brand?post=2332"},{"taxonomy":"product_cat","embeddable":true,"href":"https:\/\/chinacustomboxes.com\/sv\/wp-json\/wp\/v2\/product_cat?post=2332"},{"taxonomy":"product_tag","embeddable":true,"href":"https:\/\/chinacustomboxes.com\/sv\/wp-json\/wp\/v2\/product_tag?post=2332"}],"curies":[{"name":"wp","href":"https:\/\/api.w.org\/{rel}","templated":true}]}}