{"id":2339,"date":"2025-08-25T03:15:37","date_gmt":"2025-08-25T03:15:37","guid":{"rendered":"https:\/\/chinacustomboxes.com\/?post_type=product&#038;p=2339"},"modified":"2025-08-25T03:35:48","modified_gmt":"2025-08-25T03:35:48","slug":"3ml-5ml-7ml-concentrate-container-magnetic-packaging-boxes","status":"publish","type":"product","link":"https:\/\/chinacustomboxes.com\/sv\/3ml-5ml-7ml-concentrate-container-magnetic-packaging-boxes\/","title":{"rendered":"3ml 5ml 7ml Koncentratbeh\u00e5llare Magnetiska f\u00f6rpackningsl\u00e5dor"},"content":{"rendered":"<h2>Koncentratbeh\u00e5llare Clamshell Magnetic Closure Boxar f\u00f6r 3 ml, 5 ml och 7 ml<\/h2>\n<p>Vi \u00e4r glada att kunna presentera magnetisk st\u00e4ngning <a href=\"https:\/\/chinacustomboxes.com\/sv\/clamshell-boxes\/\">clamshell-l\u00e5dor<\/a> s\u00e4rskilt utvecklade f\u00f6r 3 ml, 5 ml och 7 ml koncentratbeh\u00e5llare. Genom att kombinera snygg design, f\u00f6rstklassigt skydd och milj\u00f6v\u00e4nliga egenskaper \u00e4r dessa l\u00e5dor det l\u00e4mpliga valet f\u00f6r att f\u00f6rb\u00e4ttra din produkts v\u00e4rde och varum\u00e4rkesbild.<\/p>\n<p><img fetchpriority=\"high\" decoding=\"async\" class=\"alignnone wp-image-2344 size-full\" src=\"https:\/\/chinacustomboxes.com\/wp-content\/uploads\/2025\/08\/3ml-5ml-7ml-Concentrate-Container-Magnetic-Packaging-Boxes-5.jpg\" alt=\"3ml 5ml 7ml Koncentratbeh\u00e5llare Magnetiska f\u00f6rpackningsl\u00e5dor\" width=\"1000\" height=\"1000\" title=\"\" srcset=\"https:\/\/chinacustomboxes.com\/wp-content\/uploads\/2025\/08\/3ml-5ml-7ml-Concentrate-Container-Magnetic-Packaging-Boxes-5.jpg 1000w, https:\/\/chinacustomboxes.com\/wp-content\/uploads\/2025\/08\/3ml-5ml-7ml-Concentrate-Container-Magnetic-Packaging-Boxes-5-300x300.jpg 300w, https:\/\/chinacustomboxes.com\/wp-content\/uploads\/2025\/08\/3ml-5ml-7ml-Concentrate-Container-Magnetic-Packaging-Boxes-5-150x150.jpg 150w, https:\/\/chinacustomboxes.com\/wp-content\/uploads\/2025\/08\/3ml-5ml-7ml-Concentrate-Container-Magnetic-Packaging-Boxes-5-768x768.jpg 768w, https:\/\/chinacustomboxes.com\/wp-content\/uploads\/2025\/08\/3ml-5ml-7ml-Concentrate-Container-Magnetic-Packaging-Boxes-5-12x12.jpg 12w, https:\/\/chinacustomboxes.com\/wp-content\/uploads\/2025\/08\/3ml-5ml-7ml-Concentrate-Container-Magnetic-Packaging-Boxes-5-600x600.jpg 600w, https:\/\/chinacustomboxes.com\/wp-content\/uploads\/2025\/08\/3ml-5ml-7ml-Concentrate-Container-Magnetic-Packaging-Boxes-5-100x100.jpg 100w\" sizes=\"(max-width: 1000px) 100vw, 1000px\" \/><\/p>\n<h2 id=\"-1-a-blend-of-standard-framework-and-modern-visual-appeals-\"><strong>1. En blandning av standardramverk och moderna visuella tilltal\u00a0<\/strong>.<\/h2>\n<p>Dessa l\u00e5dor har de tidl\u00f6sa men \u00e4nd\u00e5 anv\u00e4ndbara \"Flip-Top Boxes med clamshell <a href=\"https:\/\/chinacustomboxes.com\/sv\/magnetic-closure-boxes\/\">L\u00e5dor med magnetisk f\u00f6rslutning<\/a>\" layout. Den enkla kvadratiska formen och de str\u00f6mlinjeformade linjerna skapar ett f\u00f6rstklassigt och raffinerat utseende, oavsett om den visas p\u00e5 hyllan eller h\u00e5lls i handen. De fr\u00e4mre och nedre locken \u00e4r inte bara mycket l\u00e4tta att \u00f6ppna, utan har ocks\u00e5 starka integrerade magneter som s\u00e4kerst\u00e4ller att locket st\u00e4ngs s\u00e4kert och specifikt, vilket ger ett enast\u00e5ende skydd f\u00f6r produkten inuti.<\/p>\n<p><img decoding=\"async\" class=\"alignnone wp-image-2343 size-full\" src=\"https:\/\/chinacustomboxes.com\/wp-content\/uploads\/2025\/08\/3ml-5ml-7ml-Concentrate-Container-Magnetic-Packaging-Boxes-4.jpg\" alt=\"3ml 5ml 7ml Koncentratbeh\u00e5llare Magnetiska f\u00f6rpackningsl\u00e5dor\" width=\"1000\" height=\"1000\" title=\"\" srcset=\"https:\/\/chinacustomboxes.com\/wp-content\/uploads\/2025\/08\/3ml-5ml-7ml-Concentrate-Container-Magnetic-Packaging-Boxes-4.jpg 1000w, https:\/\/chinacustomboxes.com\/wp-content\/uploads\/2025\/08\/3ml-5ml-7ml-Concentrate-Container-Magnetic-Packaging-Boxes-4-300x300.jpg 300w, https:\/\/chinacustomboxes.com\/wp-content\/uploads\/2025\/08\/3ml-5ml-7ml-Concentrate-Container-Magnetic-Packaging-Boxes-4-150x150.jpg 150w, https:\/\/chinacustomboxes.com\/wp-content\/uploads\/2025\/08\/3ml-5ml-7ml-Concentrate-Container-Magnetic-Packaging-Boxes-4-768x768.jpg 768w, https:\/\/chinacustomboxes.com\/wp-content\/uploads\/2025\/08\/3ml-5ml-7ml-Concentrate-Container-Magnetic-Packaging-Boxes-4-12x12.jpg 12w, https:\/\/chinacustomboxes.com\/wp-content\/uploads\/2025\/08\/3ml-5ml-7ml-Concentrate-Container-Magnetic-Packaging-Boxes-4-600x600.jpg 600w, https:\/\/chinacustomboxes.com\/wp-content\/uploads\/2025\/08\/3ml-5ml-7ml-Concentrate-Container-Magnetic-Packaging-Boxes-4-100x100.jpg 100w\" sizes=\"(max-width: 1000px) 100vw, 1000px\" \/><\/p>\n<h2 id=\"-2-eco-friendly-products-in-line-with-green-trends-\"><strong>2. Milj\u00f6v\u00e4nliga produkter, i linje med gr\u00f6na trender\u00a0<\/strong>.<\/h2>\n<p>Paketet \u00e4r till stor del tillverkat av f\u00f6rstklassigt papper, vilket garanterar dess l\u00e4tthet och h\u00e5llbarhet, effektivt stoppar f\u00f6rvr\u00e4ngning under transport och lagringsutrymme och anpassar sig till nuvarande h\u00e5llbara tillv\u00e4xtmoden. De pappersprodukter vi anv\u00e4nder \u00e4r b\u00e5de \u00e5tervinningsbara och naturligt nedbrytbara, vilket g\u00f6r dem l\u00e4mpliga f\u00f6r att fr\u00e4mja en gr\u00f6n varum\u00e4rkesbild.<\/p>\n<p><img decoding=\"async\" class=\"alignnone wp-image-2341 size-full\" src=\"https:\/\/chinacustomboxes.com\/wp-content\/uploads\/2025\/08\/3ml-5ml-7ml-Concentrate-Container-Magnetic-Packaging-Boxes-2.jpg\" alt=\"3ml 5ml 7ml Koncentratbeh\u00e5llare Magnetiska f\u00f6rpackningsl\u00e5dor\" width=\"1000\" height=\"1000\" title=\"\" srcset=\"https:\/\/chinacustomboxes.com\/wp-content\/uploads\/2025\/08\/3ml-5ml-7ml-Concentrate-Container-Magnetic-Packaging-Boxes-2.jpg 1000w, https:\/\/chinacustomboxes.com\/wp-content\/uploads\/2025\/08\/3ml-5ml-7ml-Concentrate-Container-Magnetic-Packaging-Boxes-2-300x300.jpg 300w, https:\/\/chinacustomboxes.com\/wp-content\/uploads\/2025\/08\/3ml-5ml-7ml-Concentrate-Container-Magnetic-Packaging-Boxes-2-150x150.jpg 150w, https:\/\/chinacustomboxes.com\/wp-content\/uploads\/2025\/08\/3ml-5ml-7ml-Concentrate-Container-Magnetic-Packaging-Boxes-2-768x768.jpg 768w, https:\/\/chinacustomboxes.com\/wp-content\/uploads\/2025\/08\/3ml-5ml-7ml-Concentrate-Container-Magnetic-Packaging-Boxes-2-12x12.jpg 12w, https:\/\/chinacustomboxes.com\/wp-content\/uploads\/2025\/08\/3ml-5ml-7ml-Concentrate-Container-Magnetic-Packaging-Boxes-2-600x600.jpg 600w, https:\/\/chinacustomboxes.com\/wp-content\/uploads\/2025\/08\/3ml-5ml-7ml-Concentrate-Container-Magnetic-Packaging-Boxes-2-100x100.jpg 100w\" sizes=\"(max-width: 1000px) 100vw, 1000px\" \/><\/p>\n<h2 id=\"-3-craftsmanship-demonstrates-superior-top-quality-\"><strong>3. Hantverksskicklighet visar p\u00e5 \u00f6verl\u00e4gsen h\u00f6gsta kvalitet\u00a0<\/strong>.<\/h2>\n<p>V\u00e5rt noggranna fokus p\u00e5 detaljer syns i varje detalj. Paketets h\u00f6rn \u00e4r omsorgsfullt f\u00e4rdigst\u00e4llda, viks specifikt och sidorna \u00e4r sl\u00e4ta och gradfria, vilket visar den h\u00f6gsta niv\u00e5n av utf\u00f6rande. Magneterna \u00e4r skickligt dolda i kartongens mellanskikt, vilket ger en s\u00f6ml\u00f6s estetik samtidigt som det ger en solid f\u00f6rslutning. All information visar tillverkarens h\u00e4ngivenhet och kompetens.<\/p>\n<p><img decoding=\"async\" class=\"alignnone wp-image-2341 size-full\" src=\"https:\/\/chinacustomboxes.com\/wp-content\/uploads\/2025\/08\/3ml-5ml-7ml-Concentrate-Container-Magnetic-Packaging-Boxes-2.jpg\" alt=\"3ml 5ml 7ml Koncentratbeh\u00e5llare Magnetiska f\u00f6rpackningsl\u00e5dor\" width=\"1000\" height=\"1000\" title=\"\" srcset=\"https:\/\/chinacustomboxes.com\/wp-content\/uploads\/2025\/08\/3ml-5ml-7ml-Concentrate-Container-Magnetic-Packaging-Boxes-2.jpg 1000w, https:\/\/chinacustomboxes.com\/wp-content\/uploads\/2025\/08\/3ml-5ml-7ml-Concentrate-Container-Magnetic-Packaging-Boxes-2-300x300.jpg 300w, https:\/\/chinacustomboxes.com\/wp-content\/uploads\/2025\/08\/3ml-5ml-7ml-Concentrate-Container-Magnetic-Packaging-Boxes-2-150x150.jpg 150w, https:\/\/chinacustomboxes.com\/wp-content\/uploads\/2025\/08\/3ml-5ml-7ml-Concentrate-Container-Magnetic-Packaging-Boxes-2-768x768.jpg 768w, https:\/\/chinacustomboxes.com\/wp-content\/uploads\/2025\/08\/3ml-5ml-7ml-Concentrate-Container-Magnetic-Packaging-Boxes-2-12x12.jpg 12w, https:\/\/chinacustomboxes.com\/wp-content\/uploads\/2025\/08\/3ml-5ml-7ml-Concentrate-Container-Magnetic-Packaging-Boxes-2-600x600.jpg 600w, https:\/\/chinacustomboxes.com\/wp-content\/uploads\/2025\/08\/3ml-5ml-7ml-Concentrate-Container-Magnetic-Packaging-Boxes-2-100x100.jpg 100w\" sizes=\"(max-width: 1000px) 100vw, 1000px\" \/><\/p>\n<h2 id=\"-4-spectacular-layout-records-the-eye-\"><strong>4. Spektakul\u00e4r layout f\u00e5ngar \u00f6gat\u00a0<\/strong>.<\/h2>\n<p>L\u00e5dans yta har ett sl\u00e5ende, olikf\u00e4rgat geometriskt m\u00f6nster som ger en dynamisk, regnb\u00e5gsliknande nyans. Ett hampabladsm\u00f6nster, som ocks\u00e5 best\u00e5r av geometriska block, \u00e4r fixerat p\u00e5 toppen av locket. Detta framh\u00e4ver produktens egenskaper p\u00e5 ett smart s\u00e4tt samtidigt som det ger den en modern, kreativ estetik, som omedelbart f\u00e5ngar kundernas fokus och f\u00e5r den att sticka ut fr\u00e5n m\u00e4ngden.<\/p>\n<h2 id=\"-5-magnetic-closure-enhances-the-unboxing-experience-\"><strong>5. Magnetisk st\u00e4ngning Clamshell f\u00f6rb\u00e4ttrar upplevelsen av att packa upp en l\u00e5da <\/strong>.<\/h2>\n<p>Bland de viktigaste h\u00f6jdpunkterna i detta <a href=\"https:\/\/chinacustomboxes.com\/sv\/\">l\u00e5dor<\/a> \u00e4r dess inbyggda magnetiska st\u00e4ngning. I motsats till vanliga plug-in- eller snap-on-design \u00e4r magnetisk fasts\u00e4ttning bekv\u00e4mare och robustare och ger ett behagligt \"klick\"-ljud, vilket avsev\u00e4rt f\u00f6rb\u00e4ttrar individens unboxing-upplevelse och framh\u00e4ver produktens kvalitet och v\u00e4rde p\u00e5 ett subtilt s\u00e4tt.<\/p>\n<p><img loading=\"lazy\" decoding=\"async\" class=\"alignnone wp-image-2340 size-full\" src=\"https:\/\/chinacustomboxes.com\/wp-content\/uploads\/2025\/08\/3ml-5ml-7ml-Concentrate-Container-Magnetic-Packaging-Boxes-1.jpg\" alt=\"3ml 5ml 7ml Koncentratbeh\u00e5llare Magnetiska f\u00f6rpackningsl\u00e5dor\" width=\"1000\" height=\"1000\" title=\"\" srcset=\"https:\/\/chinacustomboxes.com\/wp-content\/uploads\/2025\/08\/3ml-5ml-7ml-Concentrate-Container-Magnetic-Packaging-Boxes-1.jpg 1000w, https:\/\/chinacustomboxes.com\/wp-content\/uploads\/2025\/08\/3ml-5ml-7ml-Concentrate-Container-Magnetic-Packaging-Boxes-1-300x300.jpg 300w, https:\/\/chinacustomboxes.com\/wp-content\/uploads\/2025\/08\/3ml-5ml-7ml-Concentrate-Container-Magnetic-Packaging-Boxes-1-150x150.jpg 150w, https:\/\/chinacustomboxes.com\/wp-content\/uploads\/2025\/08\/3ml-5ml-7ml-Concentrate-Container-Magnetic-Packaging-Boxes-1-768x768.jpg 768w, https:\/\/chinacustomboxes.com\/wp-content\/uploads\/2025\/08\/3ml-5ml-7ml-Concentrate-Container-Magnetic-Packaging-Boxes-1-12x12.jpg 12w, https:\/\/chinacustomboxes.com\/wp-content\/uploads\/2025\/08\/3ml-5ml-7ml-Concentrate-Container-Magnetic-Packaging-Boxes-1-600x600.jpg 600w, https:\/\/chinacustomboxes.com\/wp-content\/uploads\/2025\/08\/3ml-5ml-7ml-Concentrate-Container-Magnetic-Packaging-Boxes-1-100x100.jpg 100w\" sizes=\"(max-width: 1000px) 100vw, 1000px\" \/><\/p>\n<h2 id=\"-6-precision-cellular-lining-for-comprehensive-defense-\"><strong>6. Cellul\u00e4r precisionsfodring f\u00f6r helt\u00e4ckande f\u00f6rsvar\u00a0<\/strong>.<\/h2>\n<p>Insidan av l\u00e5dorna har ett anpassat vitt cellfoder (vanligtvis EVA-skum eller j\u00e4mf\u00f6rbart material), exakt format f\u00f6r att passa olika koncentratbeh\u00e5llare, t.ex. 3 ml, 5 ml och 7 ml. Sf\u00e4riska sp\u00e5r t\u00e4cker och s\u00e4krar beh\u00e5llaren p\u00e5 ett felfritt s\u00e4tt och f\u00f6rhindrar att den dricker eller krockar i l\u00e5dorna, vilket ger utm\u00e4rkt d\u00e4mpning och f\u00f6rsvar f\u00f6r \u00f6mt\u00e5liga glas- eller keramikbeh\u00e5llare.<\/p>\n<h2 id=\"-7-very-adjustable-for-an-one-of-a-kind-brand-identity-\"><strong>7. Mycket anpassningsbar f\u00f6r en unik varum\u00e4rkesidentitet\u00a0<\/strong>.<\/h2>\n<p>Vi inser hur viktigt det \u00e4r att varum\u00e4rket \u00e4r unikt, och d\u00e4rf\u00f6r erbjuder dessa f\u00f6rpackningar en h\u00f6g grad av anpassningsbarhet. Oavsett om det g\u00e4ller f\u00f6rpackningens storlek och form, pappersmaterialet (t.ex. konstpapper, kraftpapper, specialpapper), tryckprocessen (t.ex. varmst\u00e4mpling, UV, laminering, pr\u00e4gling) eller fodrets produkt och f\u00e4rg, kan vi skr\u00e4ddarsy det efter dina specifika krav f\u00f6r att producera en distinkt produktf\u00f6rpackning av h\u00f6gsta kvalitet.<\/p>","protected":false},"excerpt":{"rendered":"<p>Dessa magnetiska clamshell-f\u00f6rpackningsl\u00e5dor, gjorda f\u00f6r 3 ml, 5 ml och 7 ml koncentratbeh\u00e5llare, har en klassisk flip-top-design med en integrerad magnet f\u00f6r s\u00e4ker f\u00f6rslutning. L\u00e5dorna \u00e4r tillverkade av milj\u00f6v\u00e4nligt premiumpapper och \u00e4r d\u00e4rf\u00f6r t\u00e5liga och h\u00e5llbara. Ytan \u00e4r dekorerad med ett dynamiskt, levande geometriskt m\u00f6nster och hamp fallen leave-logotypen, vilket skapar en sl\u00e5ende estetisk effekt. Insidan \u00e4r fodrad med ett exakt byggt EVA-skumcellfoder f\u00f6r utm\u00e4rkt artikels\u00e4kerhet. Extremt personlig fr\u00e5n material till tryckprocess, det \u00e4r ett optimalt alternativ f\u00f6r att f\u00f6rb\u00e4ttra ditt varum\u00e4rkesfoto och dra in kunder.<\/p>","protected":false},"featured_media":2340,"template":"","meta":{"_kad_post_transparent":"default","_kad_post_title":"","_kad_post_layout":"default","_kad_post_sidebar_id":"","_kad_post_content_style":"default","_kad_post_vertical_padding":"default","_kad_post_feature":"","_kad_post_feature_position":"","_kad_post_header":false,"_kad_post_footer":false,"_kad_post_classname":""},"product_brand":[],"product_cat":[15,17,39,27,18],"product_tag":[580,478,581],"class_list":{"0":"post-2339","1":"product","2":"type-product","3":"status-publish","4":"has-post-thumbnail","6":"product_cat-boxes-by-shapes","7":"product_cat-boxes-by-industries","8":"product_cat-cannabis-packaging","9":"product_cat-clamshell-boxes","10":"product_cat-magnetic-closure-boxes","11":"product_tag-concentrate-containers-packaging","12":"product_tag-custom-cannabis-boxes","13":"product_tag-custom-concentrate-packaging","15":"first","16":"instock","17":"shipping-taxable","18":"product-type-simple","19":"entry","20":"content-bg","21":"loop-entry"},"_links":{"self":[{"href":"https:\/\/chinacustomboxes.com\/sv\/wp-json\/wp\/v2\/product\/2339","targetHints":{"allow":["GET"]}}],"collection":[{"href":"https:\/\/chinacustomboxes.com\/sv\/wp-json\/wp\/v2\/product"}],"about":[{"href":"https:\/\/chinacustomboxes.com\/sv\/wp-json\/wp\/v2\/types\/product"}],"wp:featuredmedia":[{"embeddable":true,"href":"https:\/\/chinacustomboxes.com\/sv\/wp-json\/wp\/v2\/media\/2340"}],"wp:attachment":[{"href":"https:\/\/chinacustomboxes.com\/sv\/wp-json\/wp\/v2\/media?parent=2339"}],"wp:term":[{"taxonomy":"product_brand","embeddable":true,"href":"https:\/\/chinacustomboxes.com\/sv\/wp-json\/wp\/v2\/product_brand?post=2339"},{"taxonomy":"product_cat","embeddable":true,"href":"https:\/\/chinacustomboxes.com\/sv\/wp-json\/wp\/v2\/product_cat?post=2339"},{"taxonomy":"product_tag","embeddable":true,"href":"https:\/\/chinacustomboxes.com\/sv\/wp-json\/wp\/v2\/product_tag?post=2339"}],"curies":[{"name":"wp","href":"https:\/\/api.w.org\/{rel}","templated":true}]}}