{"id":2356,"date":"2025-08-26T01:35:19","date_gmt":"2025-08-26T01:35:19","guid":{"rendered":"https:\/\/chinacustomboxes.com\/?post_type=product&#038;p=2356"},"modified":"2025-08-26T02:22:48","modified_gmt":"2025-08-26T02:22:48","slug":"concentrate-shatter-extract-wax-packaging-boxes-printing-oem","status":"publish","type":"product","link":"https:\/\/chinacustomboxes.com\/sv\/concentrate-shatter-extract-wax-packaging-boxes-printing-oem\/","title":{"rendered":"Koncentrat Shatter Extract Wax Packaging Boxar Tryckning OEM"},"content":{"rendered":"<h2 id=\"-concentrate-shatter-extract-wax-packaging-boxes-printing-oem-\"><strong>Koncentrat Shatter Extract Wax Packaging Boxar Tryckning OEM\u00a0<\/strong><\/h2>\n<h2 id=\"-1-layout-and-experience-the-amazing-beauty-of-a-high-end-magnetic-flip-lid-box-book-shaped-box-\"><strong>1. Layout och erfarenhet: Den fantastiska sk\u00f6nheten hos en avancerad magnetisk f\u00f6rslutningsl\u00e5da\u00a0<\/strong><\/h2>\n<p>Dessa f\u00f6rpackningsl\u00e5dor inneh\u00e5ller en innovativ, avancerad <a href=\"https:\/\/chinacustomboxes.com\/sv\/magnetic-closure-boxes\/\"><strong>Magnetisk f\u00f6rslutning Boxar <\/strong><\/a>layout. Utseendet p\u00e5minner om en noggrant utformad inbunden publikation och locket \u00f6ppnas och st\u00e4ngs smidigt och bekv\u00e4mt med hj\u00e4lp av genialiskt integrerade magneter. Varje \u00f6ppning skapar en unik, ceremoniell unboxing-upplevelse f\u00f6r den enskilde. Dess robusta ramverk ger ett enast\u00e5ende skydd f\u00f6r f\u00f6rem\u00e5let inuti, vilket g\u00f6r den s\u00e4rskilt l\u00e4mplig f\u00f6r v\u00e4rdefulla eller \u00f6mt\u00e5liga f\u00f6rem\u00e5l som cannabiskoncentrat, shatter, extrakt och vax. Denna layout kombinerar inte bara funktionalitet och s\u00e4kerhet, utan \u00f6kar ocks\u00e5 avsev\u00e4rt produktens totala kostnadsk\u00e4nsla och specialiserade varum\u00e4rkesbild.<\/p>\n<p><img fetchpriority=\"high\" decoding=\"async\" class=\"alignnone wp-image-2363 size-full\" src=\"https:\/\/chinacustomboxes.com\/wp-content\/uploads\/2025\/08\/Concentrate-Shatter-Extract-Wax-Packaging-Boxes-Printing-OEM-7.jpg\" alt=\"Koncentrat Shatter Extract Wax Packaging Boxar Tryckning OEM\" width=\"1000\" height=\"1000\" title=\"\" srcset=\"https:\/\/chinacustomboxes.com\/wp-content\/uploads\/2025\/08\/Concentrate-Shatter-Extract-Wax-Packaging-Boxes-Printing-OEM-7.jpg 1000w, https:\/\/chinacustomboxes.com\/wp-content\/uploads\/2025\/08\/Concentrate-Shatter-Extract-Wax-Packaging-Boxes-Printing-OEM-7-300x300.jpg 300w, https:\/\/chinacustomboxes.com\/wp-content\/uploads\/2025\/08\/Concentrate-Shatter-Extract-Wax-Packaging-Boxes-Printing-OEM-7-150x150.jpg 150w, https:\/\/chinacustomboxes.com\/wp-content\/uploads\/2025\/08\/Concentrate-Shatter-Extract-Wax-Packaging-Boxes-Printing-OEM-7-768x768.jpg 768w, https:\/\/chinacustomboxes.com\/wp-content\/uploads\/2025\/08\/Concentrate-Shatter-Extract-Wax-Packaging-Boxes-Printing-OEM-7-12x12.jpg 12w, https:\/\/chinacustomboxes.com\/wp-content\/uploads\/2025\/08\/Concentrate-Shatter-Extract-Wax-Packaging-Boxes-Printing-OEM-7-600x600.jpg 600w, https:\/\/chinacustomboxes.com\/wp-content\/uploads\/2025\/08\/Concentrate-Shatter-Extract-Wax-Packaging-Boxes-Printing-OEM-7-100x100.jpg 100w\" sizes=\"(max-width: 1000px) 100vw, 1000px\" \/><\/p>\n<h2 id=\"-2-core-material-a-sturdy-and-eco-friendly-cardboard-composite-structure-\"><strong>2. K\u00e4rnmaterial: En robust och milj\u00f6v\u00e4nlig kartongkompositstruktur<\/strong><\/h2>\n<p>Det centrala ramverket f\u00f6r <a href=\"https:\/\/chinacustomboxes.com\/sv\/\">f\u00f6rpackningsl\u00e5dor<\/a> best\u00e5r till st\u00f6rsta delen av premium <strong>styvt papper <\/strong>, med ett yttre lager av exceptionellt bestruket papper. Detta ramverk av kompositmaterial \u00e4r inte bara starkt och robust, utan ger ocks\u00e5 utm\u00e4rkt kompressionsmotst\u00e5nd och motst\u00e5ndskraft mot f\u00f6rvr\u00e4ngning, vilket effektivt skyddar artikeln inuti fr\u00e5n krossning och skador under transport och lagring. Dessutom tar v\u00e5rt val av pappersprodukter h\u00e4nsyn till ekologiska faktorer, vilket ligger i linje med nuvarande globala konsumenttrender mot varaktig tillv\u00e4xt och ger din artikel en b\u00e4ttre k\u00e4nsla av social skyldighet.<\/p>\n<p><img decoding=\"async\" class=\"alignnone wp-image-2362 size-full\" src=\"https:\/\/chinacustomboxes.com\/wp-content\/uploads\/2025\/08\/Concentrate-Shatter-Extract-Wax-Packaging-Boxes-Printing-OEM-6.jpg\" alt=\"Koncentrat Shatter Extract Wax Packaging Boxar Tryckning OEM\" width=\"1000\" height=\"1000\" title=\"\" srcset=\"https:\/\/chinacustomboxes.com\/wp-content\/uploads\/2025\/08\/Concentrate-Shatter-Extract-Wax-Packaging-Boxes-Printing-OEM-6.jpg 1000w, https:\/\/chinacustomboxes.com\/wp-content\/uploads\/2025\/08\/Concentrate-Shatter-Extract-Wax-Packaging-Boxes-Printing-OEM-6-300x300.jpg 300w, https:\/\/chinacustomboxes.com\/wp-content\/uploads\/2025\/08\/Concentrate-Shatter-Extract-Wax-Packaging-Boxes-Printing-OEM-6-150x150.jpg 150w, https:\/\/chinacustomboxes.com\/wp-content\/uploads\/2025\/08\/Concentrate-Shatter-Extract-Wax-Packaging-Boxes-Printing-OEM-6-768x768.jpg 768w, https:\/\/chinacustomboxes.com\/wp-content\/uploads\/2025\/08\/Concentrate-Shatter-Extract-Wax-Packaging-Boxes-Printing-OEM-6-12x12.jpg 12w, https:\/\/chinacustomboxes.com\/wp-content\/uploads\/2025\/08\/Concentrate-Shatter-Extract-Wax-Packaging-Boxes-Printing-OEM-6-600x600.jpg 600w, https:\/\/chinacustomboxes.com\/wp-content\/uploads\/2025\/08\/Concentrate-Shatter-Extract-Wax-Packaging-Boxes-Printing-OEM-6-100x100.jpg 100w\" sizes=\"(max-width: 1000px) 100vw, 1000px\" \/><\/p>\n<h2 id=\"-3-printing-modern-technology-exquisite-craftsmanship-for-superior-visual-and-tactile-experience-\"><strong>3. Tryckning med modern teknik: Uts\u00f6kt hantverksskicklighet f\u00f6r \u00f6verl\u00e4gsen visuell och taktil upplevelse<\/strong><\/h2>\n<p>Vi anv\u00e4nder sofistikerad tryckteknik f\u00f6r att s\u00e4kerst\u00e4lla rikliga, livliga nyanser och skarpa, skarpa visuella detaljer p\u00e5 f\u00f6rpackningsytan. F\u00f6r att framh\u00e4va din varum\u00e4rkeslogotyp och unika layoutaspekter anv\u00e4nder vi oss av ett urval av slutf\u00f6rfaranden, till exempel\u00a0<strong>spot UV <\/strong>och\u00a0<strong>Matt laminering\u00a0<\/strong>. Area UV ger ett livfullt, h\u00f6gglansigt resultat i vissa omr\u00e5den och skapar en visuell mittpunkt, medan matt laminering ger f\u00f6rpackningen en matt, exceptionell kvalitet. Denna uppfinningsrika kombination av processer garanterar inte bara ett mycket i\u00f6gonfallande utseende p\u00e5 hyllan utan ger ocks\u00e5 konsumenterna en anm\u00e4rkningsv\u00e4rd taktil upplevelse, vilket \u00f6kar produktens totala v\u00e4rde.<\/p>\n<p><img decoding=\"async\" class=\"alignnone wp-image-2361 size-full\" src=\"https:\/\/chinacustomboxes.com\/wp-content\/uploads\/2025\/08\/Concentrate-Shatter-Extract-Wax-Packaging-Boxes-Printing-OEM-5.jpg\" alt=\"Koncentrat Shatter Extract Wax Packaging Boxar Tryckning OEM\" width=\"1000\" height=\"1000\" title=\"\" srcset=\"https:\/\/chinacustomboxes.com\/wp-content\/uploads\/2025\/08\/Concentrate-Shatter-Extract-Wax-Packaging-Boxes-Printing-OEM-5.jpg 1000w, https:\/\/chinacustomboxes.com\/wp-content\/uploads\/2025\/08\/Concentrate-Shatter-Extract-Wax-Packaging-Boxes-Printing-OEM-5-300x300.jpg 300w, https:\/\/chinacustomboxes.com\/wp-content\/uploads\/2025\/08\/Concentrate-Shatter-Extract-Wax-Packaging-Boxes-Printing-OEM-5-150x150.jpg 150w, https:\/\/chinacustomboxes.com\/wp-content\/uploads\/2025\/08\/Concentrate-Shatter-Extract-Wax-Packaging-Boxes-Printing-OEM-5-768x768.jpg 768w, https:\/\/chinacustomboxes.com\/wp-content\/uploads\/2025\/08\/Concentrate-Shatter-Extract-Wax-Packaging-Boxes-Printing-OEM-5-12x12.jpg 12w, https:\/\/chinacustomboxes.com\/wp-content\/uploads\/2025\/08\/Concentrate-Shatter-Extract-Wax-Packaging-Boxes-Printing-OEM-5-600x600.jpg 600w, https:\/\/chinacustomboxes.com\/wp-content\/uploads\/2025\/08\/Concentrate-Shatter-Extract-Wax-Packaging-Boxes-Printing-OEM-5-100x100.jpg 100w\" sizes=\"(max-width: 1000px) 100vw, 1000px\" \/><\/p>\n<h2 id=\"-4-aesthetic-layout-a-perfect-blend-of-vibrant-shade-comparison-and-instinctive-graphics-\"><strong>4. Estetisk layout: En perfekt blandning av levande nyansj\u00e4mf\u00f6relser och instinktiv grafik<\/strong><\/h2>\n<p>N\u00e4r det g\u00e4ller den visuella layouten anv\u00e4nder den h\u00e4r f\u00f6rpackningsl\u00e5dan en livlig och dynamisk f\u00e4rgdesign. Den livliga orangea f\u00e4rgen kontrasterar mot den lugnande m\u00f6rkbruna och skapar en solid estetisk j\u00e4mf\u00f6relse som omedelbart f\u00e5ngar konsumentens uppm\u00e4rksamhet. Den orangea delen av l\u00e5dorna punkteras med ett livligt citronm\u00f6nster. Denna layout \u00e4r inte bara visuellt tilltalande utan f\u00f6rmedlar ocks\u00e5 intuitivt varans smak och egenskaper, vilket ger en tillf\u00f6rlitlig estetisk kommunikation.<\/p>\n<h2 id=\"-5-key-accessory-the-resourceful-and-made-use-of-concealed-magnets-\"><strong>5. Nyckeltillbeh\u00f6r: Den uppfinningsrika anv\u00e4ndningen av dolda magneter<\/strong><\/h2>\n<p>Betoningen av detta<a href=\"https:\/\/chinacustomboxes.com\/sv\/boxes-by-shapes\/\"> design av f\u00f6rpackningsl\u00e5dor<\/a> \u00e4r dess dolda magnetst\u00e4ngningssystem. Den briljanta anv\u00e4ndningen av magneter garanterar en skyddad f\u00f6rslutning utan krav p\u00e5 ett traditionellt l\u00e5s, vilket p\u00e5 ett felfritt s\u00e4tt bevarar layoutens enkelhet och \u00f6vergripande estetik. Denna anv\u00e4ndbara och estetiskt tilltalande stil \u00f6kar inte bara anv\u00e4ndarupplevelsen utan ligger ocks\u00e5 i linje med trenden med moderna premiumf\u00f6rpackningar som betonar enkelhet och f\u00f6rfining.<\/p>\n<p><img loading=\"lazy\" decoding=\"async\" class=\"alignnone wp-image-2359 size-full\" src=\"https:\/\/chinacustomboxes.com\/wp-content\/uploads\/2025\/08\/Concentrate-Shatter-Extract-Wax-Packaging-Boxes-Printing-OEM-3.jpg\" alt=\"Koncentrat Shatter Extract Wax Packaging Boxar Tryckning OEM\" width=\"1000\" height=\"1000\" title=\"\" srcset=\"https:\/\/chinacustomboxes.com\/wp-content\/uploads\/2025\/08\/Concentrate-Shatter-Extract-Wax-Packaging-Boxes-Printing-OEM-3.jpg 1000w, https:\/\/chinacustomboxes.com\/wp-content\/uploads\/2025\/08\/Concentrate-Shatter-Extract-Wax-Packaging-Boxes-Printing-OEM-3-300x300.jpg 300w, https:\/\/chinacustomboxes.com\/wp-content\/uploads\/2025\/08\/Concentrate-Shatter-Extract-Wax-Packaging-Boxes-Printing-OEM-3-150x150.jpg 150w, https:\/\/chinacustomboxes.com\/wp-content\/uploads\/2025\/08\/Concentrate-Shatter-Extract-Wax-Packaging-Boxes-Printing-OEM-3-768x768.jpg 768w, https:\/\/chinacustomboxes.com\/wp-content\/uploads\/2025\/08\/Concentrate-Shatter-Extract-Wax-Packaging-Boxes-Printing-OEM-3-12x12.jpg 12w, https:\/\/chinacustomboxes.com\/wp-content\/uploads\/2025\/08\/Concentrate-Shatter-Extract-Wax-Packaging-Boxes-Printing-OEM-3-600x600.jpg 600w, https:\/\/chinacustomboxes.com\/wp-content\/uploads\/2025\/08\/Concentrate-Shatter-Extract-Wax-Packaging-Boxes-Printing-OEM-3-100x100.jpg 100w\" sizes=\"(max-width: 1000px) 100vw, 1000px\" \/><\/p>\n<h2 id=\"-6-interior-defense-customized-eva-foam-lining-\"><strong>6. Inre f\u00f6rsvar: Anpassat foder av EVA-skum<\/strong><\/h2>\n<p>F\u00f6r att garantera att produkten i f\u00f6rpackningen (t.ex. en koncentratburk) \u00e4r ordentligt placerad och optimalt skyddad i f\u00f6rpackningen har vi en\u00a0<strong>Foder av EVA-skum\u00a0<\/strong>anpassat till produktens storlek och form. EVA-skummet ger inte bara en f\u00f6rstklassig k\u00e4nsla utan ger ocks\u00e5 exceptionell st\u00f6td\u00e4mpning och stoppning. Det perfekta fodret hindrar framg\u00e5ngsrikt produkten fr\u00e5n att skaka eller krocka i f\u00f6rpackningen, vilket avsev\u00e4rt minskar skador under transport. Dessutom f\u00f6rst\u00e4rker det v\u00e4ldefinierade fodret felfritt produktens displaysk\u00e4rm vid uppackning, vilket ger ett sakkunnigt och minnesv\u00e4rt intryck.<\/p>\n<p><img loading=\"lazy\" decoding=\"async\" class=\"alignnone wp-image-2357 size-full\" src=\"https:\/\/chinacustomboxes.com\/wp-content\/uploads\/2025\/08\/Concentrate-Shatter-Extract-Wax-Packaging-Boxes-Printing-OEM-1.jpg\" alt=\"Koncentrat Shatter Extract Wax Packaging Boxar Tryckning OEM\" width=\"1000\" height=\"1000\" title=\"\" srcset=\"https:\/\/chinacustomboxes.com\/wp-content\/uploads\/2025\/08\/Concentrate-Shatter-Extract-Wax-Packaging-Boxes-Printing-OEM-1.jpg 1000w, https:\/\/chinacustomboxes.com\/wp-content\/uploads\/2025\/08\/Concentrate-Shatter-Extract-Wax-Packaging-Boxes-Printing-OEM-1-300x300.jpg 300w, https:\/\/chinacustomboxes.com\/wp-content\/uploads\/2025\/08\/Concentrate-Shatter-Extract-Wax-Packaging-Boxes-Printing-OEM-1-150x150.jpg 150w, https:\/\/chinacustomboxes.com\/wp-content\/uploads\/2025\/08\/Concentrate-Shatter-Extract-Wax-Packaging-Boxes-Printing-OEM-1-768x768.jpg 768w, https:\/\/chinacustomboxes.com\/wp-content\/uploads\/2025\/08\/Concentrate-Shatter-Extract-Wax-Packaging-Boxes-Printing-OEM-1-12x12.jpg 12w, https:\/\/chinacustomboxes.com\/wp-content\/uploads\/2025\/08\/Concentrate-Shatter-Extract-Wax-Packaging-Boxes-Printing-OEM-1-600x600.jpg 600w, https:\/\/chinacustomboxes.com\/wp-content\/uploads\/2025\/08\/Concentrate-Shatter-Extract-Wax-Packaging-Boxes-Printing-OEM-1-100x100.jpg 100w\" sizes=\"(max-width: 1000px) 100vw, 1000px\" \/><\/p>\n<h2 id=\"-7-customization-flexible-and-versatile-oem-solutions-\"><strong>7. Anpassning: Flexibla och m\u00e5ngsidiga OEM-l\u00f6sningar<\/strong><\/h2>\n<p>Som en OEM-produkt (Original Equipment Maker) st\u00f6der den h\u00e4r l\u00e5dan detaljerad personalisering. Kunderna kan enkelt v\u00e4lja och anpassa f\u00f6rpackningsform, storlek, produkt, tryck och ytbehandling f\u00f6r att passa deras unika varum\u00e4rkespositionering och vissa artikelkrav. Denna h\u00f6ga niv\u00e5 av anpassningsbarhet och modifiering garanterar att den slutliga f\u00f6rpackningen helt f\u00f6rst\u00e4rker din varum\u00e4rkesimage och produktattribut, vilket hj\u00e4lper dig att etablera ett speciellt varum\u00e4rkesigenk\u00e4nning och konkurrens p\u00e5 en konkurrensutsatt marknad.<\/p>","protected":false},"excerpt":{"rendered":"<p>Upplev skr\u00e4ddarsydda f\u00f6rpackningar f\u00f6r Concentrate Shatter Extract Wax som integrerar elegant stil med anm\u00e4rkningsv\u00e4rt skydd. Vi anv\u00e4nder oss av en premium\u00a0<strong>l\u00e5dor med magnetisk f\u00f6rslutning <\/strong>med en kraftfull integrerad magnet, vilket skapar en unik och autentisk k\u00e4nsla n\u00e4r den \u00f6ppnas och st\u00e4ngs. Boxtexten \u00e4r tillverkad av robust <b>styvt papper<\/b>De har sedan tryckts med flera olika metoder, bland annat Spot UV och matt laminering, f\u00f6r att f\u00e5 ett rikt och h\u00f6gklassigt utseende. Den livfulla j\u00e4mf\u00f6relsen mellan livlig orange och lugnande m\u00f6rkbrun ger ett sl\u00e5ende estetiskt intryck. En skr\u00e4ddarsydd\u00a0<strong>Foder av EVA-skum\u00a0<\/strong>ger ett st\u00f6ts\u00e4kert skydd f\u00f6r dina v\u00e4rdefulla produkter, t.ex. fokusprodukter, shatterextrakt och vaxer. Som expert p\u00e5 OEM-tillverkning erbjuder vi detaljerad anpassning, fr\u00e5n storlek och produkt till tryckdesign, f\u00f6r att hj\u00e4lpa dig att utveckla f\u00f6rpackningar som perfekt kompletterar din varum\u00e4rkesbild och s\u00e4krar en marknadsf\u00f6rdel.<\/p>","protected":false},"featured_media":2357,"template":"","meta":{"_kad_post_transparent":"default","_kad_post_title":"","_kad_post_layout":"default","_kad_post_sidebar_id":"","_kad_post_content_style":"default","_kad_post_vertical_padding":"default","_kad_post_feature":"","_kad_post_feature_position":"","_kad_post_header":false,"_kad_post_footer":false,"_kad_post_classname":""},"product_brand":[],"product_cat":[15,17,39,18],"product_tag":[475,583,582],"class_list":{"0":"post-2356","1":"product","2":"type-product","3":"status-publish","4":"has-post-thumbnail","6":"product_cat-boxes-by-shapes","7":"product_cat-boxes-by-industries","8":"product_cat-cannabis-packaging","9":"product_cat-magnetic-closure-boxes","10":"product_tag-concentrate-packaging","11":"product_tag-packaging-boxes-printing-oem","12":"product_tag-shatter-extract-packaging","14":"first","15":"instock","16":"shipping-taxable","17":"product-type-simple","18":"entry","19":"content-bg","20":"loop-entry"},"_links":{"self":[{"href":"https:\/\/chinacustomboxes.com\/sv\/wp-json\/wp\/v2\/product\/2356","targetHints":{"allow":["GET"]}}],"collection":[{"href":"https:\/\/chinacustomboxes.com\/sv\/wp-json\/wp\/v2\/product"}],"about":[{"href":"https:\/\/chinacustomboxes.com\/sv\/wp-json\/wp\/v2\/types\/product"}],"wp:featuredmedia":[{"embeddable":true,"href":"https:\/\/chinacustomboxes.com\/sv\/wp-json\/wp\/v2\/media\/2357"}],"wp:attachment":[{"href":"https:\/\/chinacustomboxes.com\/sv\/wp-json\/wp\/v2\/media?parent=2356"}],"wp:term":[{"taxonomy":"product_brand","embeddable":true,"href":"https:\/\/chinacustomboxes.com\/sv\/wp-json\/wp\/v2\/product_brand?post=2356"},{"taxonomy":"product_cat","embeddable":true,"href":"https:\/\/chinacustomboxes.com\/sv\/wp-json\/wp\/v2\/product_cat?post=2356"},{"taxonomy":"product_tag","embeddable":true,"href":"https:\/\/chinacustomboxes.com\/sv\/wp-json\/wp\/v2\/product_tag?post=2356"}],"curies":[{"name":"wp","href":"https:\/\/api.w.org\/{rel}","templated":true}]}}