{"id":2364,"date":"2025-08-26T02:23:22","date_gmt":"2025-08-26T02:23:22","guid":{"rendered":"https:\/\/chinacustomboxes.com\/?post_type=product&#038;p=2364"},"modified":"2025-08-26T02:51:33","modified_gmt":"2025-08-26T02:51:33","slug":"magnetic-closure-boxes-for-live-resin-crumble-wax-dab-hash","status":"publish","type":"product","link":"https:\/\/chinacustomboxes.com\/sv\/magnetic-closure-boxes-for-live-resin-crumble-wax-dab-hash\/","title":{"rendered":"L\u00e5dor med magnetisk f\u00f6rslutning f\u00f6r Live Resin Crumble Wax Dab Hash"},"content":{"rendered":"<h2 id=\"magnetic-closure-boxes-for-live-resin-crumble-wax-dab-and-hash\">L\u00e5dor med magnetisk f\u00f6rslutning f\u00f6r levande harts, smulor, vax, dab och hasch<\/h2>\n<p>Skapad f\u00f6r kostnadsprodukter som Live Resin, Crumble, Wax, Dab och Hash, \u00e4r denna <a href=\"https:\/\/chinacustomboxes.com\/sv\/magnetic-closure-boxes\/\">l\u00e5dor med magnetisk f\u00f6rslutning<\/a> \u00e4r det utm\u00e4rkta valet f\u00f6r att f\u00f6rb\u00e4ttra din varum\u00e4rkesimage och anv\u00e4ndarupplevelse. Den inneh\u00e5ller elegant layout, h\u00e5llbar konstruktion och noggrann information, vilket ger en o\u00f6vertr\u00e4ffad k\u00e4nsla av high-end fr\u00e5n den minut dina kunder \u00f6ppnar l\u00e5dorna.<\/p>\n<p><img fetchpriority=\"high\" decoding=\"async\" class=\"alignnone wp-image-2366 size-full\" src=\"https:\/\/chinacustomboxes.com\/wp-content\/uploads\/2025\/08\/Marijuana-Concentrate-Containers-Packaging-Magnetic-Boxes-3.jpg\" alt=\"Beh\u00e5llare f\u00f6r marijuanakoncentrat F\u00f6rpackningar Magnetiska l\u00e5dor\" width=\"1000\" height=\"1000\" title=\"\" srcset=\"https:\/\/chinacustomboxes.com\/wp-content\/uploads\/2025\/08\/Marijuana-Concentrate-Containers-Packaging-Magnetic-Boxes-3.jpg 1000w, https:\/\/chinacustomboxes.com\/wp-content\/uploads\/2025\/08\/Marijuana-Concentrate-Containers-Packaging-Magnetic-Boxes-3-300x300.jpg 300w, https:\/\/chinacustomboxes.com\/wp-content\/uploads\/2025\/08\/Marijuana-Concentrate-Containers-Packaging-Magnetic-Boxes-3-150x150.jpg 150w, https:\/\/chinacustomboxes.com\/wp-content\/uploads\/2025\/08\/Marijuana-Concentrate-Containers-Packaging-Magnetic-Boxes-3-768x768.jpg 768w, https:\/\/chinacustomboxes.com\/wp-content\/uploads\/2025\/08\/Marijuana-Concentrate-Containers-Packaging-Magnetic-Boxes-3-12x12.jpg 12w, https:\/\/chinacustomboxes.com\/wp-content\/uploads\/2025\/08\/Marijuana-Concentrate-Containers-Packaging-Magnetic-Boxes-3-600x600.jpg 600w, https:\/\/chinacustomboxes.com\/wp-content\/uploads\/2025\/08\/Marijuana-Concentrate-Containers-Packaging-Magnetic-Boxes-3-100x100.jpg 100w\" sizes=\"(max-width: 1000px) 100vw, 1000px\" \/><\/p>\n<h2 id=\"-1-timeless-book-shaped-framework-and-a-pleasant-opening-and-closing-experience-\"><strong>1. Tidl\u00f6s bokformad ram och en behaglig \u00f6ppnings- och st\u00e4ngningsupplevelse<\/strong><\/h2>\n<p>Denna produktf\u00f6rpackning har en traditionell struktur med \"magnetf\u00f6rslutningsl\u00e5dor\" med en avancerad magnetf\u00f6rslutning. Denna layout ser inte bara sofistikerad och premium ut, utan ger ocks\u00e5 ett skarpt, behagligt \"klick\"-ljud n\u00e4r den \u00f6ppnas, vilket avsev\u00e4rt f\u00f6rst\u00e4rker produktens premiumk\u00e4nsla och kundens k\u00e4nsla av rutin. Flip-top-layouten m\u00f6jligg\u00f6r m\u00e5nga \u00e5tkomst- och f\u00f6rvaringsutrymmen, medan smart dolda magneter ser till att locket h\u00e5lls ordentligt st\u00e4ngt, vilket effektivt skyddar det v\u00e4rdefulla f\u00f6rem\u00e5let inuti och undviker oavsiktlig \u00f6ppning.<\/p>\n<p><img decoding=\"async\" class=\"alignnone wp-image-2368 size-full\" src=\"https:\/\/chinacustomboxes.com\/wp-content\/uploads\/2025\/08\/Marijuana-Concentrate-Containers-Packaging-Magnetic-Boxes-5.jpg\" alt=\"Beh\u00e5llare f\u00f6r marijuanakoncentrat F\u00f6rpackningar Magnetiska l\u00e5dor\" width=\"1000\" height=\"1000\" title=\"\" srcset=\"https:\/\/chinacustomboxes.com\/wp-content\/uploads\/2025\/08\/Marijuana-Concentrate-Containers-Packaging-Magnetic-Boxes-5.jpg 1000w, https:\/\/chinacustomboxes.com\/wp-content\/uploads\/2025\/08\/Marijuana-Concentrate-Containers-Packaging-Magnetic-Boxes-5-300x300.jpg 300w, https:\/\/chinacustomboxes.com\/wp-content\/uploads\/2025\/08\/Marijuana-Concentrate-Containers-Packaging-Magnetic-Boxes-5-150x150.jpg 150w, https:\/\/chinacustomboxes.com\/wp-content\/uploads\/2025\/08\/Marijuana-Concentrate-Containers-Packaging-Magnetic-Boxes-5-768x768.jpg 768w, https:\/\/chinacustomboxes.com\/wp-content\/uploads\/2025\/08\/Marijuana-Concentrate-Containers-Packaging-Magnetic-Boxes-5-12x12.jpg 12w, https:\/\/chinacustomboxes.com\/wp-content\/uploads\/2025\/08\/Marijuana-Concentrate-Containers-Packaging-Magnetic-Boxes-5-600x600.jpg 600w, https:\/\/chinacustomboxes.com\/wp-content\/uploads\/2025\/08\/Marijuana-Concentrate-Containers-Packaging-Magnetic-Boxes-5-100x100.jpg 100w\" sizes=\"(max-width: 1000px) 100vw, 1000px\" \/><\/p>\n<h2 id=\"-2-tough-and-reputable-high-quality-materials-\"><strong>2. Tuffa och ansedda h\u00f6gkvalitativa material<\/strong><\/h2>\n<p>F\u00f6rpackningens k\u00e4rna \u00e4r byggd av styvt papper med h\u00f6g densitet, vilket ger en stark struktur och stark sp\u00e4nningsbest\u00e4ndighet och framg\u00e5ngsrikt skyddar produkten fr\u00e5n krossning och effekt under komplicerad transport och lagring. Det yttre lagret \u00e4r t\u00e4ckt med f\u00f6rstklassigt t\u00e4ckt papper, som har en sl\u00e4t och \u00f6mt\u00e5lig yta, vilket ger en utm\u00e4rkt grund f\u00f6r uts\u00f6kt tryck och s\u00e4kerst\u00e4ller exakt \u00e5tergivning av f\u00e4rger och m\u00f6nster.<\/p>\n<h2 id=\"-3-continually-fine-tuned-craftsmanship-\"><strong>3. Kontinuerligt finjusterad hantverksskicklighet<\/strong><\/h2>\n<p>Vi str\u00e4var efter excellens i varje detalj. F\u00f6rpackningens kanter avslutas enkelt och lamineringsgolvpapperet \u00e4r sl\u00e4tt och bubbelfritt, vilket helt visar den h\u00f6ga hantverksniv\u00e5n. Layouten p\u00e5 paketlocket \u00e4r tryckt med \u00f6verl\u00e4gsen modern teknik f\u00f6r mottryck i fullf\u00e4rg, vilket ger m\u00e4ttade f\u00e4rger och skarpa bilder, som felfritt f\u00e5ngar komplicerade varum\u00e4rkeslogotypdesigner och layouter.<\/p>\n<p><img decoding=\"async\" class=\"alignnone wp-image-2369 size-full\" src=\"https:\/\/chinacustomboxes.com\/wp-content\/uploads\/2025\/08\/Marijuana-Concentrate-Containers-Packaging-Magnetic-Boxes-6.jpg\" alt=\"Beh\u00e5llare f\u00f6r marijuanakoncentrat F\u00f6rpackningar Magnetiska l\u00e5dor\" width=\"1000\" height=\"1000\" title=\"\" srcset=\"https:\/\/chinacustomboxes.com\/wp-content\/uploads\/2025\/08\/Marijuana-Concentrate-Containers-Packaging-Magnetic-Boxes-6.jpg 1000w, https:\/\/chinacustomboxes.com\/wp-content\/uploads\/2025\/08\/Marijuana-Concentrate-Containers-Packaging-Magnetic-Boxes-6-300x300.jpg 300w, https:\/\/chinacustomboxes.com\/wp-content\/uploads\/2025\/08\/Marijuana-Concentrate-Containers-Packaging-Magnetic-Boxes-6-150x150.jpg 150w, https:\/\/chinacustomboxes.com\/wp-content\/uploads\/2025\/08\/Marijuana-Concentrate-Containers-Packaging-Magnetic-Boxes-6-768x768.jpg 768w, https:\/\/chinacustomboxes.com\/wp-content\/uploads\/2025\/08\/Marijuana-Concentrate-Containers-Packaging-Magnetic-Boxes-6-12x12.jpg 12w, https:\/\/chinacustomboxes.com\/wp-content\/uploads\/2025\/08\/Marijuana-Concentrate-Containers-Packaging-Magnetic-Boxes-6-600x600.jpg 600w, https:\/\/chinacustomboxes.com\/wp-content\/uploads\/2025\/08\/Marijuana-Concentrate-Containers-Packaging-Magnetic-Boxes-6-100x100.jpg 100w\" sizes=\"(max-width: 1000px) 100vw, 1000px\" \/><\/p>\n<h2 id=\"-4-vibrant-and-trendy-aesthetic-layout-\"><strong>4. Levande och trendig estetisk layout<\/strong><\/h2>\n<p>Den allm\u00e4nna layouten f\u00f6r produktf\u00f6rpackningen \u00e4r ungdomlig, trendig och livlig. Den levande gr\u00f6na godisrandiga bakgrunden, i kombination med en fantastisk vattenmelon tecknad personlighet med solglas\u00f6gon, utvecklar en elegant och sparkad atmosf\u00e4r. Denna sl\u00e5ende estetiska design f\u00e5ngar omedelbart kundernas intresse, hj\u00e4lper din artikel att v\u00e4cka uppm\u00e4rksamhet p\u00e5 hyllan och passar perfekt in i dess eleganta marknadspositionering.<\/p>\n<h2 id=\"-5-hassle-free-and-high-end-magnetic-clamp-\"><strong>5. Problemfri och h\u00f6gklassig magnetisk kl\u00e4mma<\/strong><\/h2>\n<p>Effektiva magneter inbyggda direkt i locket och <a href=\"https:\/\/chinacustomboxes.com\/sv\/\">l\u00e5dor<\/a> Kroppen \u00e4r en central funktion i denna f\u00f6rpackning. De \u00e4r inte bara en praktisk f\u00f6rslutning utan ocks\u00e5 en layoutkomponent som f\u00f6rb\u00e4ttrar artikelns inkluderade v\u00e4rde. J\u00e4mf\u00f6rt med vanliga produktf\u00f6rpackningar med flikar eller sn\u00e4ppl\u00e5s \u00e4r den magnetiska utformningen mer avancerad och problemfri, vilket avsev\u00e4rt \u00f6kar f\u00f6rpackningens totala v\u00e4rde och anv\u00e4ndarupplevelse.<\/p>\n<p><img loading=\"lazy\" decoding=\"async\" class=\"alignnone wp-image-2367 size-full\" src=\"https:\/\/chinacustomboxes.com\/wp-content\/uploads\/2025\/08\/Marijuana-Concentrate-Containers-Packaging-Magnetic-Boxes-4.jpg\" alt=\"Beh\u00e5llare f\u00f6r marijuanakoncentrat F\u00f6rpackningar Magnetiska l\u00e5dor\" width=\"1000\" height=\"1000\" title=\"\" srcset=\"https:\/\/chinacustomboxes.com\/wp-content\/uploads\/2025\/08\/Marijuana-Concentrate-Containers-Packaging-Magnetic-Boxes-4.jpg 1000w, https:\/\/chinacustomboxes.com\/wp-content\/uploads\/2025\/08\/Marijuana-Concentrate-Containers-Packaging-Magnetic-Boxes-4-300x300.jpg 300w, https:\/\/chinacustomboxes.com\/wp-content\/uploads\/2025\/08\/Marijuana-Concentrate-Containers-Packaging-Magnetic-Boxes-4-150x150.jpg 150w, https:\/\/chinacustomboxes.com\/wp-content\/uploads\/2025\/08\/Marijuana-Concentrate-Containers-Packaging-Magnetic-Boxes-4-768x768.jpg 768w, https:\/\/chinacustomboxes.com\/wp-content\/uploads\/2025\/08\/Marijuana-Concentrate-Containers-Packaging-Magnetic-Boxes-4-12x12.jpg 12w, https:\/\/chinacustomboxes.com\/wp-content\/uploads\/2025\/08\/Marijuana-Concentrate-Containers-Packaging-Magnetic-Boxes-4-600x600.jpg 600w, https:\/\/chinacustomboxes.com\/wp-content\/uploads\/2025\/08\/Marijuana-Concentrate-Containers-Packaging-Magnetic-Boxes-4-100x100.jpg 100w\" sizes=\"(max-width: 1000px) 100vw, 1000px\" \/><\/p>\n<h2 id=\"-6-customized-inside-protection-\"><strong>6. Anpassat inv\u00e4ndigt skydd<\/strong><\/h2>\n<p>F\u00f6r att ge ett perfekt produktf\u00f6rsvar inneh\u00e5ller f\u00f6rpackningen p\u00e5 insidan ett personligt EVA-skumfoder. Detta foder, som \u00e4r anpassat till den specifika storleken och formen p\u00e5 din produktbeh\u00e5llare (t.ex. en silikon- eller glasbeh\u00e5llare), h\u00e5ller din produkt s\u00e4kert p\u00e5 plats och ger utm\u00e4rkt stoppning och skydd, vilket framg\u00e5ngsrikt stoppar resonans och st\u00f6tar och s\u00e4kerst\u00e4ller att din produkt dyker upp intakt.<\/p>\n<p><img loading=\"lazy\" decoding=\"async\" class=\"alignnone wp-image-2365 size-full\" src=\"https:\/\/chinacustomboxes.com\/wp-content\/uploads\/2025\/08\/Marijuana-Concentrate-Containers-Packaging-Magnetic-Boxes-2.jpg\" alt=\"Beh\u00e5llare f\u00f6r marijuanakoncentrat F\u00f6rpackningar Magnetiska l\u00e5dor\" width=\"1000\" height=\"1000\" title=\"\" srcset=\"https:\/\/chinacustomboxes.com\/wp-content\/uploads\/2025\/08\/Marijuana-Concentrate-Containers-Packaging-Magnetic-Boxes-2.jpg 1000w, https:\/\/chinacustomboxes.com\/wp-content\/uploads\/2025\/08\/Marijuana-Concentrate-Containers-Packaging-Magnetic-Boxes-2-300x300.jpg 300w, https:\/\/chinacustomboxes.com\/wp-content\/uploads\/2025\/08\/Marijuana-Concentrate-Containers-Packaging-Magnetic-Boxes-2-150x150.jpg 150w, https:\/\/chinacustomboxes.com\/wp-content\/uploads\/2025\/08\/Marijuana-Concentrate-Containers-Packaging-Magnetic-Boxes-2-768x768.jpg 768w, https:\/\/chinacustomboxes.com\/wp-content\/uploads\/2025\/08\/Marijuana-Concentrate-Containers-Packaging-Magnetic-Boxes-2-12x12.jpg 12w, https:\/\/chinacustomboxes.com\/wp-content\/uploads\/2025\/08\/Marijuana-Concentrate-Containers-Packaging-Magnetic-Boxes-2-600x600.jpg 600w, https:\/\/chinacustomboxes.com\/wp-content\/uploads\/2025\/08\/Marijuana-Concentrate-Containers-Packaging-Magnetic-Boxes-2-100x100.jpg 100w\" sizes=\"(max-width: 1000px) 100vw, 1000px\" \/><\/p>\n<h2 id=\"-7-comprehensive-personalization-solutions-\"><strong>7. Omfattande l\u00f6sningar f\u00f6r personalisering<\/strong><\/h2>\n<p>Vi f\u00f6rst\u00e5r varje varum\u00e4rkes originalitet och erbjuder detaljerade personaliseringsl\u00f6sningar:.<\/p>\n<ul>\n<li><strong>Storlek och form\u00a0<\/strong>: Vi kan anpassa alla typer av storlekar p\u00e5 magnetiska f\u00f6rslutningsl\u00e5dor eller andra innovativa <a href=\"https:\/\/chinacustomboxes.com\/sv\/boxes-by-shapes\/\">l\u00e5dor former<\/a> f\u00f6r att passa dina produkters form och storlek.<\/li>\n<li><strong>Produktalternativ\u00a0<\/strong>: Vi erbjuder ett brett utbud av pappersalternativ, fr\u00e5n vanlig kartong till specialdokument i m\u00e5nga olika t\u00e4theter och f\u00e4rger, best\u00e5ende av responsiva dokument.<\/li>\n<li><strong>Slutf\u00f6rande av process\u00a0<\/strong>: Vi anv\u00e4nder en rad olika processer, t.ex. varm m\u00e4rkning, UV-pr\u00e4gling, pr\u00e4gling och laminering (glansig eller matt), f\u00f6r att ytterligare f\u00f6rb\u00e4ttra f\u00f6rpackningens kvalitet och estetiska effekt.<\/li>\n<li><strong>Publicera inneh\u00e5ll\u00a0<\/strong>: Vi trycker exakt din varum\u00e4rkesstil och visar felfritt din logotyp, produktinformation och estetiska layout<\/li>\n<\/ul>","protected":false},"excerpt":{"rendered":"<p>Dessa magnetiska premiumf\u00f6rpackningar \u00e4r gjorda f\u00f6r produkter som Live Resin och Crumble och har en traditionell \"bokformad\" layout och \u00f6ppnas och samlas med ett tydligt klick, vilket skapar en verkligt minnesv\u00e4rd upplevelse. F\u00f6rpackningen har en t\u00e5lig kartongram, t\u00e4ckt av sl\u00e4tt lagerpapper och en trendig, fantastisk vattenmelon-anime-design f\u00f6r en sl\u00e5ende estetisk effekt. P\u00e5 insidan finns EVA-skum som \u00e4r speciellt anpassat till produktens form och ger b\u00e4sta m\u00f6jliga skydd. Denna sofistikerade, livliga och anv\u00e4ndbara f\u00f6rpackning \u00e4r helt personlig, fr\u00e5n storlek och produkt till varm m\u00e4rkning och UV-behandlingar, vilket g\u00f6r den till ett perfekt alternativ f\u00f6r att visa upp ditt varum\u00e4rkes v\u00e4rde.<\/p>","protected":false},"featured_media":2368,"template":"","meta":{"_kad_post_transparent":"default","_kad_post_title":"","_kad_post_layout":"default","_kad_post_sidebar_id":"","_kad_post_content_style":"default","_kad_post_vertical_padding":"default","_kad_post_feature":"","_kad_post_feature_position":"","_kad_post_header":false,"_kad_post_footer":false,"_kad_post_classname":""},"product_brand":[],"product_cat":[15,17,39,18],"product_tag":[584,585,581],"class_list":{"0":"post-2364","1":"product","2":"type-product","3":"status-publish","4":"has-post-thumbnail","6":"product_cat-boxes-by-shapes","7":"product_cat-boxes-by-industries","8":"product_cat-cannabis-packaging","9":"product_cat-magnetic-closure-boxes","10":"product_tag-concentrate-container-boxes","11":"product_tag-concentrate-packaging-boxes","12":"product_tag-custom-concentrate-packaging","14":"first","15":"instock","16":"shipping-taxable","17":"product-type-simple","18":"entry","19":"content-bg","20":"loop-entry"},"_links":{"self":[{"href":"https:\/\/chinacustomboxes.com\/sv\/wp-json\/wp\/v2\/product\/2364","targetHints":{"allow":["GET"]}}],"collection":[{"href":"https:\/\/chinacustomboxes.com\/sv\/wp-json\/wp\/v2\/product"}],"about":[{"href":"https:\/\/chinacustomboxes.com\/sv\/wp-json\/wp\/v2\/types\/product"}],"wp:featuredmedia":[{"embeddable":true,"href":"https:\/\/chinacustomboxes.com\/sv\/wp-json\/wp\/v2\/media\/2368"}],"wp:attachment":[{"href":"https:\/\/chinacustomboxes.com\/sv\/wp-json\/wp\/v2\/media?parent=2364"}],"wp:term":[{"taxonomy":"product_brand","embeddable":true,"href":"https:\/\/chinacustomboxes.com\/sv\/wp-json\/wp\/v2\/product_brand?post=2364"},{"taxonomy":"product_cat","embeddable":true,"href":"https:\/\/chinacustomboxes.com\/sv\/wp-json\/wp\/v2\/product_cat?post=2364"},{"taxonomy":"product_tag","embeddable":true,"href":"https:\/\/chinacustomboxes.com\/sv\/wp-json\/wp\/v2\/product_tag?post=2364"}],"curies":[{"name":"wp","href":"https:\/\/api.w.org\/{rel}","templated":true}]}}