{"id":2370,"date":"2025-08-27T03:23:55","date_gmt":"2025-08-27T03:23:55","guid":{"rendered":"https:\/\/chinacustomboxes.com\/?post_type=product&#038;p=2370"},"modified":"2025-09-03T07:49:16","modified_gmt":"2025-09-03T07:49:16","slug":"custom-magnetic-lid-eyeshadow-palette-packaging-wholesale","status":"publish","type":"product","link":"https:\/\/chinacustomboxes.com\/sv\/custom-magnetic-lid-eyeshadow-palette-packaging-wholesale\/","title":{"rendered":"Anpassad f\u00f6rpackning med magnetiskt lock f\u00f6r \u00f6gonskuggspalett Partihandel"},"content":{"rendered":"<h2 id=\"custom-magnetic-lid-eyeshadow-palette-packaging-wholesale\">Anpassad f\u00f6rpackning med magnetiskt lock f\u00f6r \u00f6gonskuggspalett Partihandel<\/h2>\n<p>Vi \u00e4r glada att kunna presentera v\u00e5r nya f\u00f6rpackning f\u00f6r \u00f6gonskuggspalett med magnetiskt lock. Vi \u00e4r inspirerade av kombinationen av klassiska b\u00f6cker och modern estetik, och v\u00e5rt m\u00e5l \u00e4r att erbjuda premiumkosmetikm\u00e4rken en f\u00f6rpackning som \u00e4r b\u00e5de konstn\u00e4rligt tilltalande och praktisk.<\/p>\n<h2 id=\"-1-timeless-magnetic-book-shaped-box-style-a-blend-of-sophistication-and-safety-\"><strong>1. Tidl\u00f6s stil f\u00f6r l\u00e5dor med magnetisk lockst\u00e4ngning: En blandning av sofistikering och s\u00e4kerhet <\/strong>.<\/h2>\n<p>F\u00f6rpackningen till denna \u00f6gonskuggspalett inneh\u00e5ller en traditionell <a href=\"https:\/\/chinacustomboxes.com\/sv\/magnetic-closure-boxes\/\">l\u00e5dor med magnetisk lockf\u00f6rslutning<\/a> design med eleganta linjer som p\u00e5minner om ett sk\u00f6rt anteckningsblock eller en elegant clutch. Det integrerade dolda magnetiska greppet g\u00f6r att locket kan \u00f6ppnas och st\u00e4ngas utan anstr\u00e4ngning med ett tydligt klick, vilket dramatiskt f\u00f6rb\u00e4ttrar anv\u00e4ndarupplevelsen samtidigt som det s\u00e4kerst\u00e4ller att paletten f\u00f6rblir s\u00e4kert p\u00e5 plats under hela transporten och skyddar den k\u00e4nsliga \u00f6gonskuggsprodukten inuti.<\/p>\n<p><img fetchpriority=\"high\" decoding=\"async\" class=\"alignnone wp-image-2376 size-full\" src=\"https:\/\/chinacustomboxes.com\/wp-content\/uploads\/2025\/08\/Custom-Magnetic-Lid-Eyeshadow-Palette-Packaging-Wholesale-5.jpg\" alt=\"Anpassad f\u00f6rpackning med magnetiskt lock f\u00f6r \u00f6gonskuggspalett Partihandel\" width=\"1000\" height=\"1000\" title=\"\" srcset=\"https:\/\/chinacustomboxes.com\/wp-content\/uploads\/2025\/08\/Custom-Magnetic-Lid-Eyeshadow-Palette-Packaging-Wholesale-5.jpg 1000w, https:\/\/chinacustomboxes.com\/wp-content\/uploads\/2025\/08\/Custom-Magnetic-Lid-Eyeshadow-Palette-Packaging-Wholesale-5-300x300.jpg 300w, https:\/\/chinacustomboxes.com\/wp-content\/uploads\/2025\/08\/Custom-Magnetic-Lid-Eyeshadow-Palette-Packaging-Wholesale-5-150x150.jpg 150w, https:\/\/chinacustomboxes.com\/wp-content\/uploads\/2025\/08\/Custom-Magnetic-Lid-Eyeshadow-Palette-Packaging-Wholesale-5-768x768.jpg 768w, https:\/\/chinacustomboxes.com\/wp-content\/uploads\/2025\/08\/Custom-Magnetic-Lid-Eyeshadow-Palette-Packaging-Wholesale-5-12x12.jpg 12w, https:\/\/chinacustomboxes.com\/wp-content\/uploads\/2025\/08\/Custom-Magnetic-Lid-Eyeshadow-Palette-Packaging-Wholesale-5-600x600.jpg 600w, https:\/\/chinacustomboxes.com\/wp-content\/uploads\/2025\/08\/Custom-Magnetic-Lid-Eyeshadow-Palette-Packaging-Wholesale-5-100x100.jpg 100w\" sizes=\"(max-width: 1000px) 100vw, 1000px\" \/><\/p>\n<h2 id=\"-2-premium-product-choice-durability-and-quality-\"><strong>2. Val av premiumprodukt: H\u00e5llbarhet och kvalitet\u00a0<\/strong>.<\/h2>\n<p>Huvudf\u00f6rpackningen \u00e4r tillverkad av styvt papper med h\u00f6g densitet, vilket garanterar en robust och tryckt\u00e5lig l\u00e5da som effektivt skyddar varan fr\u00e5n oavsiktliga skador under transport och daglig anv\u00e4ndning. Det yttre lagret \u00e4r t\u00e4ckt med specialpapper eller h\u00f6gviktigt skiktat papper, vilket ger en sl\u00e4t och polerad k\u00e4nsla och ger f\u00f6rpackningen en o\u00f6vertr\u00e4ffad k\u00e4nsla av high-end. Produkternas totala rika struktur speglar perfekt varum\u00e4rkets premiumpositionering.<\/p>\n<p><img decoding=\"async\" class=\"alignnone wp-image-2375 size-full\" src=\"https:\/\/chinacustomboxes.com\/wp-content\/uploads\/2025\/08\/Custom-Magnetic-Lid-Eyeshadow-Palette-Packaging-Wholesale-4.jpg\" alt=\"Anpassad f\u00f6rpackning med magnetiskt lock f\u00f6r \u00f6gonskuggspalett Partihandel\" width=\"1000\" height=\"1000\" title=\"\" srcset=\"https:\/\/chinacustomboxes.com\/wp-content\/uploads\/2025\/08\/Custom-Magnetic-Lid-Eyeshadow-Palette-Packaging-Wholesale-4.jpg 1000w, https:\/\/chinacustomboxes.com\/wp-content\/uploads\/2025\/08\/Custom-Magnetic-Lid-Eyeshadow-Palette-Packaging-Wholesale-4-300x300.jpg 300w, https:\/\/chinacustomboxes.com\/wp-content\/uploads\/2025\/08\/Custom-Magnetic-Lid-Eyeshadow-Palette-Packaging-Wholesale-4-150x150.jpg 150w, https:\/\/chinacustomboxes.com\/wp-content\/uploads\/2025\/08\/Custom-Magnetic-Lid-Eyeshadow-Palette-Packaging-Wholesale-4-768x768.jpg 768w, https:\/\/chinacustomboxes.com\/wp-content\/uploads\/2025\/08\/Custom-Magnetic-Lid-Eyeshadow-Palette-Packaging-Wholesale-4-12x12.jpg 12w, https:\/\/chinacustomboxes.com\/wp-content\/uploads\/2025\/08\/Custom-Magnetic-Lid-Eyeshadow-Palette-Packaging-Wholesale-4-600x600.jpg 600w, https:\/\/chinacustomboxes.com\/wp-content\/uploads\/2025\/08\/Custom-Magnetic-Lid-Eyeshadow-Palette-Packaging-Wholesale-4-100x100.jpg 100w\" sizes=\"(max-width: 1000px) 100vw, 1000px\" \/><\/p>\n<h2 id=\"-3-stunning-surface-area-workmanship-a-three-dimensional-feast-for-the-tactile-and-visual-picks-up-\"><strong>3. Fantastiskt hantverk med stor yta: En tredimensionell festm\u00e5ltid f\u00f6r det taktila och visuella plockar upp\u00a0<\/strong>.<\/h2>\n<p>Den mest sl\u00e5ende egenskapen hos denna f\u00f6rpackning \u00e4r dess anm\u00e4rkningsv\u00e4rda ytbehandling. Utvecklaren har skickligt anv\u00e4nt sig av 3D-pr\u00e4gling eller lim\/kristalllim f\u00f6r att skapa ett realistiskt tredimensionellt resultat av de p\u00e4rl- och rubinf\u00e4rgade blomm\u00f6nster som visas p\u00e5 bilden. N\u00e4r man glider \u00f6ver ytan avsl\u00f6jar den k\u00e4nsliga strukturen en unik b\u00f6ljande struktur, vilket skapar en fantastisk effekt. Specifik fyrf\u00e4rgstryck (CMYK) eller spotf\u00e4rgstryck \u00e5terskapar felfritt den mjuka utstr\u00e5lningen och de br\u00e4ckliga vecken i silkeshistorien, vilket ger hela designen liv som ett konstverk.<\/p>\n<p><img decoding=\"async\" class=\"alignnone wp-image-2374 size-full\" src=\"https:\/\/chinacustomboxes.com\/wp-content\/uploads\/2025\/08\/Custom-Magnetic-Lid-Eyeshadow-Palette-Packaging-Wholesale-3.jpg\" alt=\"Anpassad f\u00f6rpackning med magnetiskt lock f\u00f6r \u00f6gonskuggspalett Partihandel\" width=\"1000\" height=\"1000\" title=\"\" srcset=\"https:\/\/chinacustomboxes.com\/wp-content\/uploads\/2025\/08\/Custom-Magnetic-Lid-Eyeshadow-Palette-Packaging-Wholesale-3.jpg 1000w, https:\/\/chinacustomboxes.com\/wp-content\/uploads\/2025\/08\/Custom-Magnetic-Lid-Eyeshadow-Palette-Packaging-Wholesale-3-300x300.jpg 300w, https:\/\/chinacustomboxes.com\/wp-content\/uploads\/2025\/08\/Custom-Magnetic-Lid-Eyeshadow-Palette-Packaging-Wholesale-3-150x150.jpg 150w, https:\/\/chinacustomboxes.com\/wp-content\/uploads\/2025\/08\/Custom-Magnetic-Lid-Eyeshadow-Palette-Packaging-Wholesale-3-768x768.jpg 768w, https:\/\/chinacustomboxes.com\/wp-content\/uploads\/2025\/08\/Custom-Magnetic-Lid-Eyeshadow-Palette-Packaging-Wholesale-3-12x12.jpg 12w, https:\/\/chinacustomboxes.com\/wp-content\/uploads\/2025\/08\/Custom-Magnetic-Lid-Eyeshadow-Palette-Packaging-Wholesale-3-600x600.jpg 600w, https:\/\/chinacustomboxes.com\/wp-content\/uploads\/2025\/08\/Custom-Magnetic-Lid-Eyeshadow-Palette-Packaging-Wholesale-3-100x100.jpg 100w\" sizes=\"(max-width: 1000px) 100vw, 1000px\" \/><\/p>\n<h2 id=\"-4-glamorous-shade-looks-a-visual-discussion-of-the-aristocracy-and-beauty-\"><strong>4. Glamor\u00f6sa skuggor: En visuell diskussion om aristokratin och sk\u00f6nhet<\/strong><\/h2>\n<p>Den \u00f6vergripande f\u00f6rpackningen anv\u00e4nder sig av en mjuk champagneguld och benvit nyans, vilket skapar en mysig, elegant och kvinnlig estetisk atmosf\u00e4r. De naturliga nyansf\u00f6r\u00e4ndringarna och den extrema glansen, som f\u00f6r tankarna till fl\u00f6dande siden, framh\u00e4ver felfritt skimret i modesmyckena, f\u00e5ngar snabbt konsumenternas uppm\u00e4rksamhet och stimulerar ett starkt behov av att k\u00f6pa.<\/p>\n<h2 id=\"-5-user-friendly-internal-layout-taken-into-consideration-for-functionality-and-mobility-\"><strong>5. Anv\u00e4ndarv\u00e4nlig intern layout: H\u00e4nsyn tagen till funktionalitet och mobilitet\u00a0<\/strong>.<\/h2>\n<p>F\u00f6r att \u00f6ka produktens merv\u00e4rde och anv\u00e4ndbarhet har en h\u00f6guppl\u00f6st sminkspegel noggrant placerats p\u00e5 insidan av locket. Spegelns idealiska storlek och h\u00f6ga klarhet m\u00f6jligg\u00f6r enkel applicering och retuschering n\u00e4r som helst och var som helst. Denna genomt\u00e4nkta stil \u00f6kar avsev\u00e4rt produktens funktionalitet och r\u00f6rlighet, vilket g\u00f6r den till en utm\u00e4rkt rese- eller vardagsv\u00e4n f\u00f6r storstadssk\u00f6nheter.<\/p>\n<p><img loading=\"lazy\" decoding=\"async\" class=\"alignnone wp-image-2373 size-full\" src=\"https:\/\/chinacustomboxes.com\/wp-content\/uploads\/2025\/08\/Custom-Magnetic-Lid-Eyeshadow-Palette-Packaging-Wholesale-2.jpg\" alt=\"Anpassad f\u00f6rpackning med magnetiskt lock f\u00f6r \u00f6gonskuggspalett Partihandel\" width=\"1000\" height=\"1000\" title=\"\" srcset=\"https:\/\/chinacustomboxes.com\/wp-content\/uploads\/2025\/08\/Custom-Magnetic-Lid-Eyeshadow-Palette-Packaging-Wholesale-2.jpg 1000w, https:\/\/chinacustomboxes.com\/wp-content\/uploads\/2025\/08\/Custom-Magnetic-Lid-Eyeshadow-Palette-Packaging-Wholesale-2-300x300.jpg 300w, https:\/\/chinacustomboxes.com\/wp-content\/uploads\/2025\/08\/Custom-Magnetic-Lid-Eyeshadow-Palette-Packaging-Wholesale-2-150x150.jpg 150w, https:\/\/chinacustomboxes.com\/wp-content\/uploads\/2025\/08\/Custom-Magnetic-Lid-Eyeshadow-Palette-Packaging-Wholesale-2-768x768.jpg 768w, https:\/\/chinacustomboxes.com\/wp-content\/uploads\/2025\/08\/Custom-Magnetic-Lid-Eyeshadow-Palette-Packaging-Wholesale-2-12x12.jpg 12w, https:\/\/chinacustomboxes.com\/wp-content\/uploads\/2025\/08\/Custom-Magnetic-Lid-Eyeshadow-Palette-Packaging-Wholesale-2-600x600.jpg 600w, https:\/\/chinacustomboxes.com\/wp-content\/uploads\/2025\/08\/Custom-Magnetic-Lid-Eyeshadow-Palette-Packaging-Wholesale-2-100x100.jpg 100w\" sizes=\"(max-width: 1000px) 100vw, 1000px\" \/><\/p>\n<h2 id=\"-6-accuracy-lined-security-a-guarantee-of-stability-and-security-\"><strong>6. Noggrannhet f\u00f6renad med s\u00e4kerhet: En garanti f\u00f6r stabilitet och s\u00e4kerhet\u00a0<\/strong>.<\/h2>\n<p>Basen f\u00f6r \u00f6gonskuggspaletten inuti f\u00f6rpackningen \u00e4r s\u00e4rskilt utskuren med ett specialanpassat cirkul\u00e4rt sp\u00e5r f\u00f6r varje enskild \u00f6gonskuggspalett. Denna stil h\u00e5ller paletten s\u00e4kert p\u00e5 plats och undviker effektivt puderskador fr\u00e5n skakningar, st\u00f6tar eller ov\u00e4ntade nedg\u00e5ngar, vilket ger det mest tillf\u00f6rlitliga och omfattande skyddet f\u00f6r produkten.<\/p>\n<h2 id=\"-7-full-customization-produce-your-special-brand-stamp-\"><strong>7. Full anpassning: Ta fram din speciella varum\u00e4rkesst\u00e4mpel\u00a0<\/strong>.<\/h2>\n<p>Vi f\u00f6rst\u00e5r det unika med varje varum\u00e4rke och erbjuder omfattande anpassningstj\u00e4nster:.<\/p>\n<ul>\n<li><strong>Storlekar och specifikationer\u00a0<\/strong>: Varum\u00e4rken kan enkelt<a href=\"https:\/\/chinacustomboxes.com\/sv\/\"> Anpassa f\u00f6rpackningsl\u00e5dor<\/a> av n\u00e5gon typ av dimension baserat p\u00e5 m\u00e4ngden och dimensionen av deras \u00f6gonskuggor.<\/li>\n<li><strong>Val av material\u00a0<\/strong>: Vi erbjuder en rad olika specialpapper, responsiva dokument och milj\u00f6v\u00e4nliga papper som passar varje design och utgiftsplan.<\/li>\n<li><strong>Kombinationer av hantverk\u00a0<\/strong>: Du kan \u00f6ppet kombinera premiumhantverk som varm m\u00e4rkning, UV-behandlingar, pr\u00e4gling och laminering f\u00f6r att utveckla speciella visuella och responsiva effekter.<\/li>\n<li><strong>Design Reproduktion\u00a0<\/strong>: Vi lovar att skriva ut exakt enligt din varum\u00e4rkesstil och anv\u00e4nder ett avancerat skugg\u00f6vervakningssystem f\u00f6r att exakt duplicera varje f\u00e4rg- och m\u00f6nsterinformation.<\/li>\n<\/ul>\n<p><img loading=\"lazy\" decoding=\"async\" class=\"alignnone wp-image-2372 size-full\" src=\"https:\/\/chinacustomboxes.com\/wp-content\/uploads\/2025\/08\/Custom-Magnetic-Lid-Eyeshadow-Palette-Packaging-Wholesale-1.jpg\" alt=\"Anpassad f\u00f6rpackning med magnetiskt lock f\u00f6r \u00f6gonskuggspalett Partihandel\" width=\"1000\" height=\"1000\" title=\"\" srcset=\"https:\/\/chinacustomboxes.com\/wp-content\/uploads\/2025\/08\/Custom-Magnetic-Lid-Eyeshadow-Palette-Packaging-Wholesale-1.jpg 1000w, https:\/\/chinacustomboxes.com\/wp-content\/uploads\/2025\/08\/Custom-Magnetic-Lid-Eyeshadow-Palette-Packaging-Wholesale-1-300x300.jpg 300w, https:\/\/chinacustomboxes.com\/wp-content\/uploads\/2025\/08\/Custom-Magnetic-Lid-Eyeshadow-Palette-Packaging-Wholesale-1-150x150.jpg 150w, https:\/\/chinacustomboxes.com\/wp-content\/uploads\/2025\/08\/Custom-Magnetic-Lid-Eyeshadow-Palette-Packaging-Wholesale-1-768x768.jpg 768w, https:\/\/chinacustomboxes.com\/wp-content\/uploads\/2025\/08\/Custom-Magnetic-Lid-Eyeshadow-Palette-Packaging-Wholesale-1-12x12.jpg 12w, https:\/\/chinacustomboxes.com\/wp-content\/uploads\/2025\/08\/Custom-Magnetic-Lid-Eyeshadow-Palette-Packaging-Wholesale-1-600x600.jpg 600w, https:\/\/chinacustomboxes.com\/wp-content\/uploads\/2025\/08\/Custom-Magnetic-Lid-Eyeshadow-Palette-Packaging-Wholesale-1-100x100.jpg 100w\" sizes=\"(max-width: 1000px) 100vw, 1000px\" \/><\/p>\n<h2 id=\"-8-ultra-fast-digital-proofing-take-the-market-opportunity-\"><strong>8. Ultrasnabb digital provtryckning: Utnyttja marknadsm\u00f6jligheterna<\/strong><\/h2>\n<p>Med avancerad elektronisk korrekturutrustning och effektiv laginsats f\u00f6rs\u00e4krar vi att avsluta exempeltillverkningen p\u00e5 s\u00e5 lite som en timme. Denna \"vad du ser \u00e4r vad du f\u00e5r\" -tj\u00e4nst g\u00f6r att du snabbt kan validera din layout och f\u00f6rest\u00e4lla dig slutprodukten p\u00e5 snabbast m\u00f6jliga tid, vilket \u00f6kar artikelutvecklingen och marknadslanseringen och hj\u00e4lper dig att skaffa dig en f\u00f6rdel p\u00e5 den mycket konkurrenskraftiga marknaden.<\/p>","protected":false},"excerpt":{"rendered":"<p>Denna eleganta magnetiska \u00f6gonskuggspalett med tryck har ett elegant magnetiskt lock med dolt magnetiskt grepp, vilket ger en trendig \u00f6ppning och st\u00e4ngning. Dess tuffa gr\u00e5 kartongkonstruktion och konstruktion och \u00f6mt\u00e5liga specialpapper ger uttryck f\u00f6r dess exceptionella kvalitet. Den mest sl\u00e5ende funktionen \u00e4r den fantastiska 3D-pr\u00e4glingen som skapar ett tredimensionellt blomm\u00f6nster med p\u00e4rlor och diamanter, vilket ger en sensationell taktil och estetisk effekt. De mjuka tonerna av mousserande vinguld och offwhite skapar en glamor\u00f6s och varm atmosf\u00e4r. En inbyggd h\u00f6guppl\u00f6st sminkspegel och ett exakt stansat foder s\u00e4kerst\u00e4ller b\u00e5de mobilitet och produkts\u00e4kerhet. Vi erbjuder omfattande personaliseringsl\u00f6sningar, fr\u00e5n dimension, produkt och hantverk, och f\u00f6rs\u00e4krar snabb korrektur inom en timme, vilket hj\u00e4lper dig att snabbt f\u00e5 dina layoutkoncept till liv och producera en speciell, helt ny hit.<\/p>","protected":false},"featured_media":2375,"template":"","meta":{"_kad_post_transparent":"default","_kad_post_title":"","_kad_post_layout":"default","_kad_post_sidebar_id":"","_kad_post_content_style":"default","_kad_post_vertical_padding":"default","_kad_post_feature":"","_kad_post_feature_position":"","_kad_post_header":false,"_kad_post_footer":false,"_kad_post_classname":""},"product_brand":[],"product_cat":[15,17,28,18],"product_tag":[588,590,589],"class_list":{"0":"post-2370","1":"product","2":"type-product","3":"status-publish","4":"has-post-thumbnail","6":"product_cat-boxes-by-shapes","7":"product_cat-boxes-by-industries","8":"product_cat-cosmetic-packaging-boxes","9":"product_cat-magnetic-closure-boxes","10":"product_tag-custom-magnetic-lid-boxes","11":"product_tag-custom-packaging-boxes-wholesale","12":"product_tag-eyeshadow-palette-packaging","14":"first","15":"instock","16":"shipping-taxable","17":"product-type-simple","18":"entry","19":"content-bg","20":"loop-entry"},"_links":{"self":[{"href":"https:\/\/chinacustomboxes.com\/sv\/wp-json\/wp\/v2\/product\/2370","targetHints":{"allow":["GET"]}}],"collection":[{"href":"https:\/\/chinacustomboxes.com\/sv\/wp-json\/wp\/v2\/product"}],"about":[{"href":"https:\/\/chinacustomboxes.com\/sv\/wp-json\/wp\/v2\/types\/product"}],"wp:featuredmedia":[{"embeddable":true,"href":"https:\/\/chinacustomboxes.com\/sv\/wp-json\/wp\/v2\/media\/2375"}],"wp:attachment":[{"href":"https:\/\/chinacustomboxes.com\/sv\/wp-json\/wp\/v2\/media?parent=2370"}],"wp:term":[{"taxonomy":"product_brand","embeddable":true,"href":"https:\/\/chinacustomboxes.com\/sv\/wp-json\/wp\/v2\/product_brand?post=2370"},{"taxonomy":"product_cat","embeddable":true,"href":"https:\/\/chinacustomboxes.com\/sv\/wp-json\/wp\/v2\/product_cat?post=2370"},{"taxonomy":"product_tag","embeddable":true,"href":"https:\/\/chinacustomboxes.com\/sv\/wp-json\/wp\/v2\/product_tag?post=2370"}],"curies":[{"name":"wp","href":"https:\/\/api.w.org\/{rel}","templated":true}]}}