{"id":2377,"date":"2025-09-03T07:25:49","date_gmt":"2025-09-03T07:25:49","guid":{"rendered":"https:\/\/chinacustomboxes.com\/?post_type=product&#038;p=2377"},"modified":"2025-09-03T07:25:49","modified_gmt":"2025-09-03T07:25:49","slug":"magnetic-closure-makeup-palettes-eyeshadow-packaging-boxes","status":"publish","type":"product","link":"https:\/\/chinacustomboxes.com\/sv\/magnetic-closure-makeup-palettes-eyeshadow-packaging-boxes\/","title":{"rendered":"Sminkpaletter \u00d6gonskugga F\u00f6rpackningsaskar med magnetisk f\u00f6rslutning"},"content":{"rendered":"<h2 id=\"magnetic-eyeshadow-box-a-perfect-blend-of-elegant-layout-and-superior-craftsmanship\">Sminkpaletter \u00d6gonskugga F\u00f6rpackningsaskar med magnetisk f\u00f6rslutning<\/h2>\n<p>Vi \u00e4r glada att kunna presentera v\u00e5r nya<a href=\"https:\/\/chinacustomboxes.com\/sv\/magnetic-closure-boxes\/\"> l\u00e5dor med magnetisk f\u00f6rslutning<\/a>, inspirerad av en inbunden bok. Den \u00e4r t\u00e4nkt att ge en utm\u00e4rkt f\u00f6rpackning f\u00f6r dina sminkprodukter och integrerar konstn\u00e4rlig charm med anv\u00e4ndbar kapacitet.<\/p>\n<p><img fetchpriority=\"high\" decoding=\"async\" class=\"wp-image-2378 size-full\" src=\"https:\/\/chinacustomboxes.com\/wp-content\/uploads\/2025\/09\/Magnetic-Closure-Makeup-Palettes-Eyeshadow-Packaging-Boxes-1.jpg\" alt=\"Sminkpaletter \u00d6gonskugga F\u00f6rpackningsaskar med magnetisk f\u00f6rslutning\" width=\"1000\" height=\"1000\" title=\"\" srcset=\"https:\/\/chinacustomboxes.com\/wp-content\/uploads\/2025\/09\/Magnetic-Closure-Makeup-Palettes-Eyeshadow-Packaging-Boxes-1.jpg 1000w, https:\/\/chinacustomboxes.com\/wp-content\/uploads\/2025\/09\/Magnetic-Closure-Makeup-Palettes-Eyeshadow-Packaging-Boxes-1-300x300.jpg 300w, https:\/\/chinacustomboxes.com\/wp-content\/uploads\/2025\/09\/Magnetic-Closure-Makeup-Palettes-Eyeshadow-Packaging-Boxes-1-150x150.jpg 150w, https:\/\/chinacustomboxes.com\/wp-content\/uploads\/2025\/09\/Magnetic-Closure-Makeup-Palettes-Eyeshadow-Packaging-Boxes-1-768x768.jpg 768w, https:\/\/chinacustomboxes.com\/wp-content\/uploads\/2025\/09\/Magnetic-Closure-Makeup-Palettes-Eyeshadow-Packaging-Boxes-1-12x12.jpg 12w, https:\/\/chinacustomboxes.com\/wp-content\/uploads\/2025\/09\/Magnetic-Closure-Makeup-Palettes-Eyeshadow-Packaging-Boxes-1-600x600.jpg 600w, https:\/\/chinacustomboxes.com\/wp-content\/uploads\/2025\/09\/Magnetic-Closure-Makeup-Palettes-Eyeshadow-Packaging-Boxes-1-100x100.jpg 100w\" sizes=\"(max-width: 1000px) 100vw, 1000px\" \/><\/p>\n<h2 id=\"1-unique-publication-style-\">1.\u00a0<strong>Unik publiceringsstil<\/strong><\/h2>\n<p>Den sofistikerade <a href=\"https:\/\/chinacustomboxes.com\/sv\/unusual-shaped-boxes\/\">dubbeld\u00f6rrs\u00f6ppning<\/a> stilen ger ett bokliknande utseende som f\u00f6r tankarna till en fin bok och skapar en mycket fantasieggande upplevelse som samlarobjekt. De proportionerliga dubbeld\u00f6rrarna st\u00e4ngs med \u00f6verraskningsmagneter, vilket skapar en rituell \u00f6ppningsupplevelse som ger en fascinerande unboxing-upplevelse och avsev\u00e4rt f\u00f6rb\u00e4ttrar bilden av ditt varum\u00e4rke.<\/p>\n<h2 id=\"2-premium-products-sturdy-security-\">2.\u00a0<strong>F\u00f6rstklassiga produkter, robust s\u00e4kerhet<\/strong><\/h2>\n<p>Den <a href=\"https:\/\/chinacustomboxes.com\/sv\/\">l\u00e5dor<\/a> \u00e4r tillverkad av f\u00f6rstklassig gr\u00e5 kartong och t\u00e4ckt med premiumpapper, vilket garanterar dess t\u00e5lighet och l\u00e5nga livsl\u00e4ngd. Denna produkt \u00e4r inte bara extremt motst\u00e5ndskraftig mot tryck, vilket effektivt s\u00e4krar de k\u00e4nsliga \u00f6gonskuggspaletter som finns inuti, utan ger ocks\u00e5 en kostnad, finjusterad k\u00e4nsla.<\/p>\n<p><img decoding=\"async\" class=\"alignnone wp-image-2379 size-full\" src=\"https:\/\/chinacustomboxes.com\/wp-content\/uploads\/2025\/09\/Magnetic-Closure-Makeup-Palettes-Eyeshadow-Packaging-Boxes-2.jpg\" alt=\"Sminkpaletter \u00d6gonskugga F\u00f6rpackningsaskar med magnetisk f\u00f6rslutning\" width=\"1000\" height=\"1000\" title=\"\" srcset=\"https:\/\/chinacustomboxes.com\/wp-content\/uploads\/2025\/09\/Magnetic-Closure-Makeup-Palettes-Eyeshadow-Packaging-Boxes-2.jpg 1000w, https:\/\/chinacustomboxes.com\/wp-content\/uploads\/2025\/09\/Magnetic-Closure-Makeup-Palettes-Eyeshadow-Packaging-Boxes-2-300x300.jpg 300w, https:\/\/chinacustomboxes.com\/wp-content\/uploads\/2025\/09\/Magnetic-Closure-Makeup-Palettes-Eyeshadow-Packaging-Boxes-2-150x150.jpg 150w, https:\/\/chinacustomboxes.com\/wp-content\/uploads\/2025\/09\/Magnetic-Closure-Makeup-Palettes-Eyeshadow-Packaging-Boxes-2-768x768.jpg 768w, https:\/\/chinacustomboxes.com\/wp-content\/uploads\/2025\/09\/Magnetic-Closure-Makeup-Palettes-Eyeshadow-Packaging-Boxes-2-12x12.jpg 12w, https:\/\/chinacustomboxes.com\/wp-content\/uploads\/2025\/09\/Magnetic-Closure-Makeup-Palettes-Eyeshadow-Packaging-Boxes-2-600x600.jpg 600w, https:\/\/chinacustomboxes.com\/wp-content\/uploads\/2025\/09\/Magnetic-Closure-Makeup-Palettes-Eyeshadow-Packaging-Boxes-2-100x100.jpg 100w\" sizes=\"(max-width: 1000px) 100vw, 1000px\" \/><\/p>\n<h2 id=\"3-beautiful-workmanship-showcasing-taste-\">3.\u00a0<strong>Vackert utf\u00f6rande, framh\u00e4vande av smak<\/strong><\/h2>\n<p>L\u00e5dans yta \u00e4r utsmyckad med ett vackert, enkelt m\u00f6nster. Med pr\u00e4gling och andra processer skapas en sofistikerad, skimrande effekt och en tredimensionell lindringseffekt under ljus, vilket utvecklar en riktigt tilltalande estetisk och taktil upplevelse.<\/p>\n<h2 id=\"4-harmonious-color-aesthetic-appeals-\">4.\u00a0<strong>Harmonisk f\u00e4rg Estetiskt tilltalande<\/strong><\/h2>\n<p>Den \u00f6vergripande stilen inneh\u00e5ller en fr\u00e4sch, livlig och milj\u00f6v\u00e4nlig turff\u00e4rg som framkallar en naturlig, h\u00e4lsosam och balanserad och ungdomlig varum\u00e4rkesimage. Det monokromatiska, raffinerade m\u00f6nstret ger djup och klass till stilen samtidigt som det uppr\u00e4tth\u00e5ller ett harmoniskt och enhetligt nyansschema, vilket g\u00f6r att det sticker ut fr\u00e5n gruppen.<\/p>\n<p><img decoding=\"async\" class=\"alignnone wp-image-2380 size-full\" src=\"https:\/\/chinacustomboxes.com\/wp-content\/uploads\/2025\/09\/Magnetic-Closure-Makeup-Palettes-Eyeshadow-Packaging-Boxes-3.jpg\" alt=\"Sminkpaletter \u00d6gonskugga F\u00f6rpackningsaskar med magnetisk f\u00f6rslutning\" width=\"1000\" height=\"1000\" title=\"\" srcset=\"https:\/\/chinacustomboxes.com\/wp-content\/uploads\/2025\/09\/Magnetic-Closure-Makeup-Palettes-Eyeshadow-Packaging-Boxes-3.jpg 1000w, https:\/\/chinacustomboxes.com\/wp-content\/uploads\/2025\/09\/Magnetic-Closure-Makeup-Palettes-Eyeshadow-Packaging-Boxes-3-300x300.jpg 300w, https:\/\/chinacustomboxes.com\/wp-content\/uploads\/2025\/09\/Magnetic-Closure-Makeup-Palettes-Eyeshadow-Packaging-Boxes-3-150x150.jpg 150w, https:\/\/chinacustomboxes.com\/wp-content\/uploads\/2025\/09\/Magnetic-Closure-Makeup-Palettes-Eyeshadow-Packaging-Boxes-3-768x768.jpg 768w, https:\/\/chinacustomboxes.com\/wp-content\/uploads\/2025\/09\/Magnetic-Closure-Makeup-Palettes-Eyeshadow-Packaging-Boxes-3-12x12.jpg 12w, https:\/\/chinacustomboxes.com\/wp-content\/uploads\/2025\/09\/Magnetic-Closure-Makeup-Palettes-Eyeshadow-Packaging-Boxes-3-600x600.jpg 600w, https:\/\/chinacustomboxes.com\/wp-content\/uploads\/2025\/09\/Magnetic-Closure-Makeup-Palettes-Eyeshadow-Packaging-Boxes-3-100x100.jpg 100w\" sizes=\"(max-width: 1000px) 100vw, 1000px\" \/><\/p>\n<h2 id=\"5-user-friendly-useful-design-\">5.\u00a0<strong>Anv\u00e4ndarv\u00e4nlig och anv\u00e4ndbar design<\/strong><\/h2>\n<p>En h\u00f6guppl\u00f6st sminkspegel som \u00e4r skickligt integrerad i det inre locket g\u00f6r det m\u00f6jligt f\u00f6r kunderna att applicera och retuschera smink n\u00e4r som helst och var som helst, vilket avsev\u00e4rt f\u00f6rb\u00e4ttrar artikelns praktiska och praktiska egenskaper. Starka inbyggda magneter ser till att f\u00f6rpackningen st\u00e4ngs snabbt och s\u00e4kert, vilket ger ett tryggt och p\u00e5litligt skydd f\u00f6r produkten.<\/p>\n<p><img loading=\"lazy\" decoding=\"async\" class=\"alignnone wp-image-2383 size-full\" src=\"https:\/\/chinacustomboxes.com\/wp-content\/uploads\/2025\/09\/Magnetic-Closure-Makeup-Palettes-Eyeshadow-Packaging-Boxes-6.jpg\" alt=\"Sminkpaletter \u00d6gonskugga F\u00f6rpackningsaskar med magnetisk f\u00f6rslutning\" width=\"1000\" height=\"1000\" title=\"\" srcset=\"https:\/\/chinacustomboxes.com\/wp-content\/uploads\/2025\/09\/Magnetic-Closure-Makeup-Palettes-Eyeshadow-Packaging-Boxes-6.jpg 1000w, https:\/\/chinacustomboxes.com\/wp-content\/uploads\/2025\/09\/Magnetic-Closure-Makeup-Palettes-Eyeshadow-Packaging-Boxes-6-300x300.jpg 300w, https:\/\/chinacustomboxes.com\/wp-content\/uploads\/2025\/09\/Magnetic-Closure-Makeup-Palettes-Eyeshadow-Packaging-Boxes-6-150x150.jpg 150w, https:\/\/chinacustomboxes.com\/wp-content\/uploads\/2025\/09\/Magnetic-Closure-Makeup-Palettes-Eyeshadow-Packaging-Boxes-6-768x768.jpg 768w, https:\/\/chinacustomboxes.com\/wp-content\/uploads\/2025\/09\/Magnetic-Closure-Makeup-Palettes-Eyeshadow-Packaging-Boxes-6-12x12.jpg 12w, https:\/\/chinacustomboxes.com\/wp-content\/uploads\/2025\/09\/Magnetic-Closure-Makeup-Palettes-Eyeshadow-Packaging-Boxes-6-600x600.jpg 600w, https:\/\/chinacustomboxes.com\/wp-content\/uploads\/2025\/09\/Magnetic-Closure-Makeup-Palettes-Eyeshadow-Packaging-Boxes-6-100x100.jpg 100w\" sizes=\"(max-width: 1000px) 100vw, 1000px\" \/><\/p>\n<h2 id=\"6-exact-lining-for-stable-storage-space-\">6.\u00a0<strong>Exakt foder f\u00f6r stabilt f\u00f6rvaringsutrymme<\/strong><\/h2>\n<p>Insidan har ett exakt utskuret foder som \u00e4r anpassat efter f\u00f6rem\u00e5lets form och ser till att varje \u00f6gonskugga, puder och borste f\u00f6rvaras s\u00e4kert och skyddas, vilket f\u00f6rhindrar skador och brott under transport och transport.<\/p>\n<p><img loading=\"lazy\" decoding=\"async\" class=\"alignnone wp-image-2381 size-full\" src=\"https:\/\/chinacustomboxes.com\/wp-content\/uploads\/2025\/09\/Magnetic-Closure-Makeup-Palettes-Eyeshadow-Packaging-Boxes-4.jpg\" alt=\"Sminkpaletter \u00d6gonskugga F\u00f6rpackningsaskar med magnetisk f\u00f6rslutning\" width=\"1000\" height=\"1000\" title=\"\" srcset=\"https:\/\/chinacustomboxes.com\/wp-content\/uploads\/2025\/09\/Magnetic-Closure-Makeup-Palettes-Eyeshadow-Packaging-Boxes-4.jpg 1000w, https:\/\/chinacustomboxes.com\/wp-content\/uploads\/2025\/09\/Magnetic-Closure-Makeup-Palettes-Eyeshadow-Packaging-Boxes-4-300x300.jpg 300w, https:\/\/chinacustomboxes.com\/wp-content\/uploads\/2025\/09\/Magnetic-Closure-Makeup-Palettes-Eyeshadow-Packaging-Boxes-4-150x150.jpg 150w, https:\/\/chinacustomboxes.com\/wp-content\/uploads\/2025\/09\/Magnetic-Closure-Makeup-Palettes-Eyeshadow-Packaging-Boxes-4-768x768.jpg 768w, https:\/\/chinacustomboxes.com\/wp-content\/uploads\/2025\/09\/Magnetic-Closure-Makeup-Palettes-Eyeshadow-Packaging-Boxes-4-12x12.jpg 12w, https:\/\/chinacustomboxes.com\/wp-content\/uploads\/2025\/09\/Magnetic-Closure-Makeup-Palettes-Eyeshadow-Packaging-Boxes-4-600x600.jpg 600w, https:\/\/chinacustomboxes.com\/wp-content\/uploads\/2025\/09\/Magnetic-Closure-Makeup-Palettes-Eyeshadow-Packaging-Boxes-4-100x100.jpg 100w\" sizes=\"(max-width: 1000px) 100vw, 1000px\" \/><\/p>\n<h2 id=\"7-full-modification-solution-\">7.\u00a0<strong>Komplett l\u00f6sning f\u00f6r modifiering<\/strong><\/h2>\n<p>Vi f\u00f6rst\u00e5r djupt varje varum\u00e4rkes originalitet och erbjuder grundliga personaliseringsl\u00f6sningar, fr\u00e5n l\u00e5dans ramverk, storlek och produktval till tryckf\u00e4rger, ytbehandlingar (s\u00e5som varm st\u00e4mpling, UV-behandling, pr\u00e4gling och s\u00e5 vidare) och foderarrangemang. Oavsett dina innovativa behov kan v\u00e5rt dedikerade team \u00e4ndra dem direkt till distinkta f\u00f6rpackningar som perfekt anpassar sig till din varum\u00e4rkesplacering och artikelkvaliteter.<\/p>\n<p><img loading=\"lazy\" decoding=\"async\" class=\"alignnone wp-image-2382 size-full\" src=\"https:\/\/chinacustomboxes.com\/wp-content\/uploads\/2025\/09\/Magnetic-Closure-Makeup-Palettes-Eyeshadow-Packaging-Boxes-5.jpg\" alt=\"Sminkpaletter \u00d6gonskugga F\u00f6rpackningsaskar med magnetisk f\u00f6rslutning\" width=\"1000\" height=\"1000\" title=\"\" srcset=\"https:\/\/chinacustomboxes.com\/wp-content\/uploads\/2025\/09\/Magnetic-Closure-Makeup-Palettes-Eyeshadow-Packaging-Boxes-5.jpg 1000w, https:\/\/chinacustomboxes.com\/wp-content\/uploads\/2025\/09\/Magnetic-Closure-Makeup-Palettes-Eyeshadow-Packaging-Boxes-5-300x300.jpg 300w, https:\/\/chinacustomboxes.com\/wp-content\/uploads\/2025\/09\/Magnetic-Closure-Makeup-Palettes-Eyeshadow-Packaging-Boxes-5-150x150.jpg 150w, https:\/\/chinacustomboxes.com\/wp-content\/uploads\/2025\/09\/Magnetic-Closure-Makeup-Palettes-Eyeshadow-Packaging-Boxes-5-768x768.jpg 768w, https:\/\/chinacustomboxes.com\/wp-content\/uploads\/2025\/09\/Magnetic-Closure-Makeup-Palettes-Eyeshadow-Packaging-Boxes-5-12x12.jpg 12w, https:\/\/chinacustomboxes.com\/wp-content\/uploads\/2025\/09\/Magnetic-Closure-Makeup-Palettes-Eyeshadow-Packaging-Boxes-5-600x600.jpg 600w, https:\/\/chinacustomboxes.com\/wp-content\/uploads\/2025\/09\/Magnetic-Closure-Makeup-Palettes-Eyeshadow-Packaging-Boxes-5-100x100.jpg 100w\" sizes=\"(max-width: 1000px) 100vw, 1000px\" \/><\/p>\n<h2 id=\"8-reliable-prototyping-and-specialist-guarantee-\">8.\u00a0<strong>Tillf\u00f6rlitlig prototyptillverkning och specialistgaranti<\/strong><\/h2>\n<p>Vi f\u00f6rst\u00e5r hur viktigt det \u00e4r med tid f\u00f6r varum\u00e4rken. Med hj\u00e4lp av innovativ utrustning och en extremt effektiv grupp ser vi till att prelimin\u00e4ra exempel kan produceras p\u00e5 s\u00e5 lite som en timme, vilket g\u00f6r att du snabbt kan bed\u00f6ma dina stilar, dramatiskt minska din artikelutvecklingscykel och f\u00e5 dina produkter p\u00e5 marknaden mycket snabbare. Vi har flera \u00e5rs erfarenhet av f\u00f6rpacknings- och tryckeriverksamhet och erbjuder m\u00e5nga framst\u00e5ende varum\u00e4rken f\u00f6r privatpersoner och hela v\u00e4rlden. V\u00e5rt anstr\u00e4ngande kvalitetskontrollsystem och v\u00e5rt noggranna fokus p\u00e5 detaljer s\u00e4kerst\u00e4ller att du f\u00e5r premiumf\u00f6rpackningar.<\/p>","protected":false},"excerpt":{"rendered":"<p>Detta <strong>magnetisk f\u00f6rpackning f\u00f6r \u00f6gonskugga<\/strong> har en genialisk bokformad dubbeld\u00f6rr som ger ett elegant utseende och en k\u00e4nsla av ceremoni n\u00e4r den \u00f6ppnas. F\u00f6rstklassig gr\u00e5 kartong och bestruket papper \u00e4r noggrant utvalda f\u00f6r sin l\u00e5nga livsl\u00e4ngd och sitt effektiva produktskydd. Ett tredimensionellt, tonalt m\u00f6nster, kombinerat med en uppfriskande och livlig gr\u00e4smattegr\u00f6n nyans, framh\u00e4ver varum\u00e4rkets yngre och h\u00e4lsosamma image. En integrerad h\u00f6guppl\u00f6st sminkspegel \u00f6kar anv\u00e4ndbarheten och bekv\u00e4mligheten, medan en stark magnetisk st\u00e4ngning s\u00e4kerst\u00e4ller en skyddad och p\u00e5litlig passform. Ett specifikt stansat foder ger s\u00e4ker s\u00e4kerhet f\u00f6r din produkt. Vi tillhandah\u00e5ller detaljerade anpassningstj\u00e4nster och snabb korrekturl\u00e4sning. Med v\u00e5r specialiserade erfarenhet och rigor\u00f6sa kvalitetskontroll kan vi utveckla avancerade f\u00f6rpackningar som felfritt matchar din varum\u00e4rkesbild.<\/p>","protected":false},"featured_media":2378,"template":"","meta":{"_kad_post_transparent":"default","_kad_post_title":"","_kad_post_layout":"default","_kad_post_sidebar_id":"","_kad_post_content_style":"default","_kad_post_vertical_padding":"default","_kad_post_feature":"","_kad_post_feature_position":"","_kad_post_header":false,"_kad_post_footer":false,"_kad_post_classname":""},"product_brand":[],"product_cat":[15,17,28,18],"product_tag":[452,587,586],"class_list":{"0":"post-2377","1":"product","2":"type-product","3":"status-publish","4":"has-post-thumbnail","6":"product_cat-boxes-by-shapes","7":"product_cat-boxes-by-industries","8":"product_cat-cosmetic-packaging-boxes","9":"product_cat-magnetic-closure-boxes","10":"product_tag-magnetic-closure-boxes","11":"product_tag-makeup-packaging-boxes","12":"product_tag-palettes-eyeshadow-packaging","14":"first","15":"instock","16":"shipping-taxable","17":"product-type-simple","18":"entry","19":"content-bg","20":"loop-entry"},"_links":{"self":[{"href":"https:\/\/chinacustomboxes.com\/sv\/wp-json\/wp\/v2\/product\/2377","targetHints":{"allow":["GET"]}}],"collection":[{"href":"https:\/\/chinacustomboxes.com\/sv\/wp-json\/wp\/v2\/product"}],"about":[{"href":"https:\/\/chinacustomboxes.com\/sv\/wp-json\/wp\/v2\/types\/product"}],"wp:featuredmedia":[{"embeddable":true,"href":"https:\/\/chinacustomboxes.com\/sv\/wp-json\/wp\/v2\/media\/2378"}],"wp:attachment":[{"href":"https:\/\/chinacustomboxes.com\/sv\/wp-json\/wp\/v2\/media?parent=2377"}],"wp:term":[{"taxonomy":"product_brand","embeddable":true,"href":"https:\/\/chinacustomboxes.com\/sv\/wp-json\/wp\/v2\/product_brand?post=2377"},{"taxonomy":"product_cat","embeddable":true,"href":"https:\/\/chinacustomboxes.com\/sv\/wp-json\/wp\/v2\/product_cat?post=2377"},{"taxonomy":"product_tag","embeddable":true,"href":"https:\/\/chinacustomboxes.com\/sv\/wp-json\/wp\/v2\/product_tag?post=2377"}],"curies":[{"name":"wp","href":"https:\/\/api.w.org\/{rel}","templated":true}]}}