{"id":2384,"date":"2025-09-08T02:34:47","date_gmt":"2025-09-08T02:34:47","guid":{"rendered":"https:\/\/chinacustomboxes.com\/?post_type=product&#038;p=2384"},"modified":"2025-09-08T02:34:47","modified_gmt":"2025-09-08T02:34:47","slug":"neck-lid-and-base-boxes-for-candle-perfume-cosmetic-china","status":"publish","type":"product","link":"https:\/\/chinacustomboxes.com\/sv\/neck-lid-and-base-boxes-for-candle-perfume-cosmetic-china\/","title":{"rendered":"Halslock och bottenl\u00e5dor f\u00f6r ljus parfym kosmetika Kina"},"content":{"rendered":"<h2 id=\"-luxury-and-style-a-tasteful-choice-neck-boxes-for-candles-perfumes-and-cosmetics-\">Halslock och bottenl\u00e5dor f\u00f6r ljus parfym kosmetika Kina<\/h2>\n<p>Denna oflexibla produktf\u00f6rpackningsl\u00e5da \u00e4r utformad f\u00f6r premiumljus, parfymer och kosmetika och har en klassisk och charmig halsl\u00e5da (\u00e4ven kallad <a href=\"https:\/\/chinacustomboxes.com\/sv\/lid-and-base-boxes\/\">axellock och basl\u00e5dor<\/a>) struktur. Dess unika stil erbjuder inte bara ett enast\u00e5ende skydd f\u00f6r f\u00f6rem\u00e5len utan f\u00f6rst\u00e4rker ocks\u00e5 varum\u00e4rkets k\u00e4nsla av lyx och v\u00e4rde genom en ceremoniell \u00f6ppningsupplevelse. Vi v\u00e4ljer premiumprodukter och anv\u00e4nder oss av ett fantastiskt hantverk f\u00f6r att producera enast\u00e5ende varum\u00e4rkesf\u00f6rpackningar.<\/p>\n<p><img fetchpriority=\"high\" decoding=\"async\" class=\"alignnone wp-image-2385 size-large\" src=\"https:\/\/chinacustomboxes.com\/wp-content\/uploads\/2025\/09\/Lid-and-Baase-for-Candle-1-1024x1024.jpg\" alt=\"Lock och bas till ljusparfym\" width=\"1024\" height=\"1024\" title=\"\" srcset=\"https:\/\/chinacustomboxes.com\/wp-content\/uploads\/2025\/09\/Lid-and-Baase-for-Candle-1-1024x1024.jpg 1024w, https:\/\/chinacustomboxes.com\/wp-content\/uploads\/2025\/09\/Lid-and-Baase-for-Candle-1-300x300.jpg 300w, https:\/\/chinacustomboxes.com\/wp-content\/uploads\/2025\/09\/Lid-and-Baase-for-Candle-1-150x150.jpg 150w, https:\/\/chinacustomboxes.com\/wp-content\/uploads\/2025\/09\/Lid-and-Baase-for-Candle-1-768x768.jpg 768w, https:\/\/chinacustomboxes.com\/wp-content\/uploads\/2025\/09\/Lid-and-Baase-for-Candle-1-1536x1536.jpg 1536w, https:\/\/chinacustomboxes.com\/wp-content\/uploads\/2025\/09\/Lid-and-Baase-for-Candle-1-12x12.jpg 12w, https:\/\/chinacustomboxes.com\/wp-content\/uploads\/2025\/09\/Lid-and-Baase-for-Candle-1-600x600.jpg 600w, https:\/\/chinacustomboxes.com\/wp-content\/uploads\/2025\/09\/Lid-and-Baase-for-Candle-1-100x100.jpg 100w, https:\/\/chinacustomboxes.com\/wp-content\/uploads\/2025\/09\/Lid-and-Baase-for-Candle-1.jpg 1920w\" sizes=\"(max-width: 1024px) 100vw, 1024px\" \/><\/p>\n<h2 id=\"1-standard-neck-box-framework-\">1.\u00a0<strong>Standard halsboxar Ramverk\u00a0<\/strong><\/h2>\n<p>Detta ljus, denna doft och denna <a href=\"https:\/\/chinacustomboxes.com\/sv\/cosmetic-packaging-boxes\/\">kosmetikaskar<\/a> har ett traditionellt ramverk f\u00f6r halsl\u00e5dor. Denna box best\u00e5r av ett lock, en bas och en integrerad \"hals\" (\u00e4ven kallad \"axel\"), som g\u00f6r att locket och basen passar s\u00f6ml\u00f6st. Den l\u00e4tta d\u00e4mpningseffekten vid \u00f6ppning f\u00f6rb\u00e4ttrar upplevelsen av uppackningen, ger en k\u00e4nsla av sp\u00e4nning och v\u00e4rde, samtidigt som den ger produkten en touch av high-end. Det stabila ramverket ger ett utm\u00e4rkt f\u00f6rsvar f\u00f6r produkten inuti.<\/p>\n<p><img decoding=\"async\" class=\"alignnone wp-image-2386 size-full\" src=\"https:\/\/chinacustomboxes.com\/wp-content\/uploads\/2025\/09\/Lid-and-Baase-for-Candle-2.jpg\" alt=\"Lock och bas till ljusparfym\" width=\"1919\" height=\"1919\" title=\"\" srcset=\"https:\/\/chinacustomboxes.com\/wp-content\/uploads\/2025\/09\/Lid-and-Baase-for-Candle-2.jpg 1919w, https:\/\/chinacustomboxes.com\/wp-content\/uploads\/2025\/09\/Lid-and-Baase-for-Candle-2-300x300.jpg 300w, https:\/\/chinacustomboxes.com\/wp-content\/uploads\/2025\/09\/Lid-and-Baase-for-Candle-2-1024x1024.jpg 1024w, https:\/\/chinacustomboxes.com\/wp-content\/uploads\/2025\/09\/Lid-and-Baase-for-Candle-2-150x150.jpg 150w, https:\/\/chinacustomboxes.com\/wp-content\/uploads\/2025\/09\/Lid-and-Baase-for-Candle-2-768x768.jpg 768w, https:\/\/chinacustomboxes.com\/wp-content\/uploads\/2025\/09\/Lid-and-Baase-for-Candle-2-1536x1536.jpg 1536w, https:\/\/chinacustomboxes.com\/wp-content\/uploads\/2025\/09\/Lid-and-Baase-for-Candle-2-12x12.jpg 12w, https:\/\/chinacustomboxes.com\/wp-content\/uploads\/2025\/09\/Lid-and-Baase-for-Candle-2-600x600.jpg 600w, https:\/\/chinacustomboxes.com\/wp-content\/uploads\/2025\/09\/Lid-and-Baase-for-Candle-2-100x100.jpg 100w\" sizes=\"(max-width: 1919px) 100vw, 1919px\" \/><\/p>\n<h2 id=\"2-carefully-picked-high-quality-products-\">2.\u00a0<strong>Noggrant utvalda produkter av h\u00f6g kvalitet<\/strong><\/h2>\n<p>Denna l\u00e5da har en tjock kartongbotten, vilket garanterar dess h\u00e5llbarhet och livsl\u00e4ngd. Det yttre lagret \u00e4r t\u00e4ckt med noggrant utvalt konstpapper, som har ett speciellt utseende och en lyh\u00f6rd k\u00e4nsla som dramatiskt f\u00f6rb\u00e4ttrar den \u00f6vergripande kvaliteten p\u00e5 produktf\u00f6rpackningen. Det inre fodret \u00e4r tillverkat av mjuk svart velour som skyddar och s\u00e4krar \u00f6mt\u00e5liga f\u00f6rem\u00e5l och f\u00f6rhindrar att de r\u00f6r sig eller skadas under transport och visning p\u00e5 sk\u00e4rmen. M\u00e5nga kinesiska leverant\u00f6rer prioriterar f\u00f6r n\u00e4rvarande milj\u00f6skydd och anv\u00e4nder \u00e5tervinningsbara, milj\u00f6v\u00e4nliga material.<\/p>\n<p><img decoding=\"async\" class=\"alignnone wp-image-2387 size-large\" src=\"https:\/\/chinacustomboxes.com\/wp-content\/uploads\/2025\/09\/Lid-and-Baase-for-Candle-3-1024x1024.jpg\" alt=\"Lock och bas till ljusparfym\" width=\"1024\" height=\"1024\" title=\"\" srcset=\"https:\/\/chinacustomboxes.com\/wp-content\/uploads\/2025\/09\/Lid-and-Baase-for-Candle-3-1024x1024.jpg 1024w, https:\/\/chinacustomboxes.com\/wp-content\/uploads\/2025\/09\/Lid-and-Baase-for-Candle-3-300x300.jpg 300w, https:\/\/chinacustomboxes.com\/wp-content\/uploads\/2025\/09\/Lid-and-Baase-for-Candle-3-150x150.jpg 150w, https:\/\/chinacustomboxes.com\/wp-content\/uploads\/2025\/09\/Lid-and-Baase-for-Candle-3-768x768.jpg 768w, https:\/\/chinacustomboxes.com\/wp-content\/uploads\/2025\/09\/Lid-and-Baase-for-Candle-3-1536x1536.jpg 1536w, https:\/\/chinacustomboxes.com\/wp-content\/uploads\/2025\/09\/Lid-and-Baase-for-Candle-3-12x12.jpg 12w, https:\/\/chinacustomboxes.com\/wp-content\/uploads\/2025\/09\/Lid-and-Baase-for-Candle-3-600x600.jpg 600w, https:\/\/chinacustomboxes.com\/wp-content\/uploads\/2025\/09\/Lid-and-Baase-for-Candle-3-100x100.jpg 100w, https:\/\/chinacustomboxes.com\/wp-content\/uploads\/2025\/09\/Lid-and-Baase-for-Candle-3.jpg 1919w\" sizes=\"(max-width: 1024px) 100vw, 1024px\" \/><\/p>\n<h2 id=\"3-exquisite-craftsmanship-\">3.\u00a0<strong>Uts\u00f6kt hantverksskicklighet\u00a0<\/strong><\/h2>\n<p>Denna styva produkt<a href=\"https:\/\/chinacustomboxes.com\/sv\/\"> f\u00f6rpackningsl\u00e5dor<\/a> visar en h\u00f6g grad av hantverksskicklighet. F\u00f6rpackningens yta \u00e4r sl\u00e4t, med snygga, felfria sidor. Varum\u00e4rkeslogotypen och diverse annan text p\u00e5 omslaget har anbringats med hj\u00e4lp av en varmst\u00e4mplingsprocess med h\u00f6g precision. Det klara, h\u00f6gglansiga typsnittet skapar en sl\u00e5ende estetisk kontrast till de mattsvarta l\u00e5dorna, vilket ger en sl\u00e5ende och attraktiv effekt. Varmpr\u00e4gling, pr\u00e4gling och UV-tryck \u00e4r typiska merv\u00e4rdestekniker f\u00f6r estetiska produktf\u00f6rpackningar som \u00f6kar produktens upplevda v\u00e4rde.<\/p>\n<h2 id=\"4-downplayed-luxury-shade-combination-\">4.\u00a0<strong>Nedtonad lyxig nyanskombination\u00a0<\/strong><\/h2>\n<p>Texten p\u00e5 produktf\u00f6rpackningarna har en djupt matt svart f\u00e4rg som skapar en mystisk atmosf\u00e4r av underskattad high-end. Halsen, en sl\u00e5ende avslutande touch, betonas med ett bl\u00e4ndande guld. Denna traditionella kombination av svart och guld f\u00f6rst\u00e4rker ytterligare produktens premiumpositionering och visar p\u00e5 enast\u00e5ende preferenser. Denna nyansblandning har inte bara en stark estetisk effekt utan passar ocks\u00e5 perfekt ihop med marknadsplatsens utseende f\u00f6r avancerad kosmetika, dofter och fantastiska ljusljus.<\/p>\n<p><img loading=\"lazy\" decoding=\"async\" class=\"alignnone wp-image-2388 size-large\" src=\"https:\/\/chinacustomboxes.com\/wp-content\/uploads\/2025\/09\/Lid-and-Baase-for-Candle-4-1024x1024.jpg\" alt=\"Lock och bas till ljusparfym\" width=\"1024\" height=\"1024\" title=\"\" srcset=\"https:\/\/chinacustomboxes.com\/wp-content\/uploads\/2025\/09\/Lid-and-Baase-for-Candle-4-1024x1024.jpg 1024w, https:\/\/chinacustomboxes.com\/wp-content\/uploads\/2025\/09\/Lid-and-Baase-for-Candle-4-300x300.jpg 300w, https:\/\/chinacustomboxes.com\/wp-content\/uploads\/2025\/09\/Lid-and-Baase-for-Candle-4-150x150.jpg 150w, https:\/\/chinacustomboxes.com\/wp-content\/uploads\/2025\/09\/Lid-and-Baase-for-Candle-4-768x768.jpg 768w, https:\/\/chinacustomboxes.com\/wp-content\/uploads\/2025\/09\/Lid-and-Baase-for-Candle-4-1536x1536.jpg 1536w, https:\/\/chinacustomboxes.com\/wp-content\/uploads\/2025\/09\/Lid-and-Baase-for-Candle-4-12x12.jpg 12w, https:\/\/chinacustomboxes.com\/wp-content\/uploads\/2025\/09\/Lid-and-Baase-for-Candle-4-600x600.jpg 600w, https:\/\/chinacustomboxes.com\/wp-content\/uploads\/2025\/09\/Lid-and-Baase-for-Candle-4-100x100.jpg 100w, https:\/\/chinacustomboxes.com\/wp-content\/uploads\/2025\/09\/Lid-and-Baase-for-Candle-4.jpg 1920w\" sizes=\"(max-width: 1024px) 100vw, 1024px\" \/><\/p>\n<h2 id=\"5-simple-yet-amazing-design-aesthetic-\">5.\u00a0<strong>Enkel men \u00e4nd\u00e5 fantastisk designestetik\u00a0<\/strong><\/h2>\n<p>Den \u00f6vergripande designen f\u00f6ljer minimala principer och f\u00f6rhindrar alltf\u00f6r mycket dekorationer. Ist\u00e4llet framh\u00e4vs den integrerade toppkvaliteten hos f\u00f6rem\u00e5let med premiummaterial och noggrant hantverk. Den enda \"enheten\" \u00e4r den skinande guldpl\u00e4terade varum\u00e4rkeslogotypen p\u00e5 omslaget. Denna enkla layout koncentrerar sig effektivt p\u00e5 sj\u00e4lva varum\u00e4rket, vilket hj\u00e4lper till att snabbt f\u00e5nga konsumenternas uppm\u00e4rksamhet och f\u00f6rb\u00e4ttra varum\u00e4rkesigenk\u00e4nningen.<\/p>\n<h2 id=\"6-personalized-protective-lining-\">6.\u00a0<strong>Personligt skyddsfodral\u00a0<\/strong><\/h2>\n<p>Cellplastfodret \u00e4r ett viktigt inslag i avancerade f\u00f6rpackningar och dess fr\u00e4msta funktion \u00e4r att bevara och skydda varan. Vi kan exakt stansa och porta enligt din produkts specifika form och storlek, vilket s\u00e4kerst\u00e4ller en s\u00f6ml\u00f6s passform i l\u00e5dorna och effektivt stoppar r\u00f6relse, vilket minimerar risken f\u00f6r skador under transporten. Dessutom \u00f6kar det mjuka fodermaterialet avsev\u00e4rt den totala unboxing-upplevelsen och det upplevda v\u00e4rdet av artikeln.<\/p>\n<p><img loading=\"lazy\" decoding=\"async\" class=\"alignnone wp-image-2389 size-large\" src=\"https:\/\/chinacustomboxes.com\/wp-content\/uploads\/2025\/09\/Lid-and-Baase-for-Candle-5-1024x1024.jpg\" alt=\"Lock och bas till ljusparfym\" width=\"1024\" height=\"1024\" title=\"\" srcset=\"https:\/\/chinacustomboxes.com\/wp-content\/uploads\/2025\/09\/Lid-and-Baase-for-Candle-5-1024x1024.jpg 1024w, https:\/\/chinacustomboxes.com\/wp-content\/uploads\/2025\/09\/Lid-and-Baase-for-Candle-5-300x300.jpg 300w, https:\/\/chinacustomboxes.com\/wp-content\/uploads\/2025\/09\/Lid-and-Baase-for-Candle-5-150x150.jpg 150w, https:\/\/chinacustomboxes.com\/wp-content\/uploads\/2025\/09\/Lid-and-Baase-for-Candle-5-768x768.jpg 768w, https:\/\/chinacustomboxes.com\/wp-content\/uploads\/2025\/09\/Lid-and-Baase-for-Candle-5-1536x1536.jpg 1536w, https:\/\/chinacustomboxes.com\/wp-content\/uploads\/2025\/09\/Lid-and-Baase-for-Candle-5-12x12.jpg 12w, https:\/\/chinacustomboxes.com\/wp-content\/uploads\/2025\/09\/Lid-and-Baase-for-Candle-5-600x600.jpg 600w, https:\/\/chinacustomboxes.com\/wp-content\/uploads\/2025\/09\/Lid-and-Baase-for-Candle-5-100x100.jpg 100w, https:\/\/chinacustomboxes.com\/wp-content\/uploads\/2025\/09\/Lid-and-Baase-for-Candle-5.jpg 1920w\" sizes=\"(max-width: 1024px) 100vw, 1024px\" \/><\/p>\n<h2 id=\"7-flexible-and-diverse-customization-services-\">7.\u00a0<strong>Flexibla och m\u00e5ngsidiga tj\u00e4nster f\u00f6r kundanpassning\u00a0<\/strong><\/h2>\n<p>Som en stor internationell tillverkningsbas f\u00f6r produktf\u00f6rpackningar anv\u00e4nder kinesiska producenter i allm\u00e4nhet extremt anpassningsbara modifieringstj\u00e4nster. Kunderna kan helt anpassa l\u00e5dornas form, dimension, material, tryckprocess (t.ex. spotf\u00e4rgstryck, varmst\u00e4mpling, spot-UV etc.) och val av foder f\u00f6r att tillgodose deras speciella varum\u00e4rkesbehov och producera en skr\u00e4ddarsydd f\u00f6rpackningstj\u00e4nst som b\u00e4st passar deras varum\u00e4rkesbild och produktkvaliteter.<\/p>","protected":false},"excerpt":{"rendered":"<p>Denna produktf\u00f6rpackning i form av en styv halsl\u00e5da \u00e4r designad f\u00f6r ljuslyktor, parfymer och kosmetika, och med sin klassiska struktur med \u00f6vre och undre lock, produkter av h\u00f6gsta kvalitet och uts\u00f6kt hantverk personifierar den perfekt h\u00f6gklassighet och klass. Den klassiska f\u00e4rgkombinationen av mattsvart och varm st\u00e4mpling, den enkla men sl\u00e5ende designen och det skr\u00e4ddarsydda s\u00e4kerhetsfodret ger inte bara ett solitt skydd f\u00f6r dina produkter utan f\u00f6rb\u00e4ttrar ocks\u00e5 ditt varum\u00e4rkes v\u00e4rde och konsumentupplevelsen estetiskt och taktilt. Vi erbjuder noggranna anpassningsl\u00f6sningar f\u00f6r att hj\u00e4lpa dig att skapa unika varum\u00e4rkesf\u00f6rpackningar.<\/p>","protected":false},"featured_media":2385,"template":"","meta":{"_kad_post_transparent":"default","_kad_post_title":"","_kad_post_layout":"default","_kad_post_sidebar_id":"","_kad_post_content_style":"default","_kad_post_vertical_padding":"default","_kad_post_feature":"","_kad_post_feature_position":"","_kad_post_header":false,"_kad_post_footer":false,"_kad_post_classname":""},"product_brand":[],"product_cat":[15,17,33,28,19,34],"product_tag":[595,594,596],"class_list":{"0":"post-2384","1":"product","2":"type-product","3":"status-publish","4":"has-post-thumbnail","6":"product_cat-boxes-by-shapes","7":"product_cat-boxes-by-industries","8":"product_cat-candle-packaging-boxes","9":"product_cat-cosmetic-packaging-boxes","10":"product_cat-lid-and-base-boxes","11":"product_cat-perfume-packaging-boxes","12":"product_tag-lid-and-base-boxes-for-candle","13":"product_tag-neck-lid-and-base-boxes","14":"product_tag-perfume-boxes-china","16":"first","17":"instock","18":"shipping-taxable","19":"product-type-simple","20":"entry","21":"content-bg","22":"loop-entry"},"_links":{"self":[{"href":"https:\/\/chinacustomboxes.com\/sv\/wp-json\/wp\/v2\/product\/2384","targetHints":{"allow":["GET"]}}],"collection":[{"href":"https:\/\/chinacustomboxes.com\/sv\/wp-json\/wp\/v2\/product"}],"about":[{"href":"https:\/\/chinacustomboxes.com\/sv\/wp-json\/wp\/v2\/types\/product"}],"wp:featuredmedia":[{"embeddable":true,"href":"https:\/\/chinacustomboxes.com\/sv\/wp-json\/wp\/v2\/media\/2385"}],"wp:attachment":[{"href":"https:\/\/chinacustomboxes.com\/sv\/wp-json\/wp\/v2\/media?parent=2384"}],"wp:term":[{"taxonomy":"product_brand","embeddable":true,"href":"https:\/\/chinacustomboxes.com\/sv\/wp-json\/wp\/v2\/product_brand?post=2384"},{"taxonomy":"product_cat","embeddable":true,"href":"https:\/\/chinacustomboxes.com\/sv\/wp-json\/wp\/v2\/product_cat?post=2384"},{"taxonomy":"product_tag","embeddable":true,"href":"https:\/\/chinacustomboxes.com\/sv\/wp-json\/wp\/v2\/product_tag?post=2384"}],"curies":[{"name":"wp","href":"https:\/\/api.w.org\/{rel}","templated":true}]}}