{"id":2390,"date":"2025-09-08T02:19:02","date_gmt":"2025-09-08T02:19:02","guid":{"rendered":"https:\/\/chinacustomboxes.com\/?post_type=product&#038;p=2390"},"modified":"2025-09-08T02:19:02","modified_gmt":"2025-09-08T02:19:02","slug":"custom-makeup-cosmetic-set-packaging-rigid-boxes-wholesale","status":"publish","type":"product","link":"https:\/\/chinacustomboxes.com\/sv\/custom-makeup-cosmetic-set-packaging-rigid-boxes-wholesale\/","title":{"rendered":"Anpassad smink kosmetisk upps\u00e4ttning f\u00f6rpackning styva l\u00e5dor grossist"},"content":{"rendered":"<h2 id=\"custom-makeup-cosmetic-establish-packaging-inflexible-boxes-wholesale\">Anpassad smink kosmetisk upps\u00e4ttning f\u00f6rpackning styva l\u00e5dor grossist<\/h2>\n<p>Denna specialdesignade kartongl\u00e5da f\u00f6r estetiska kollektioner \u00e4r gjord f\u00f6r att \u00f6ka varum\u00e4rkets image och kundupplevelsen. Dess unika ramverk med dubbelf\u00e4llbara d\u00f6rrar ger inte bara en k\u00e4nsla av rutin under uppackningen, utan erbjuder ocks\u00e5 felfritt artiklarna till konsumenterna. Vi v\u00e4ljer noggrant kartong av h\u00f6gsta kvalitet som k\u00e4rnprodukt, integrerad med ett EVA-cellfoder med h\u00f6g densitet, f\u00f6r att ge robust och p\u00e5litlig s\u00e4kerhet f\u00f6r dina artiklar. Fr\u00e5n det eleganta vita och rosa f\u00e4rgm\u00f6nstret till den uts\u00f6kta varma st\u00e4mplingen och den exakta V-sp\u00e5rsk\u00e4rningen, visar varje detalj det f\u00f6rstklassiga hantverket av skr\u00e4ddarsytt utf\u00f6rande. Vi uppr\u00e4tth\u00e5ller grundlig anpassning fr\u00e5n storlek, material till publiceringsmaterial och s\u00e4kerst\u00e4ller en snabb svarstid p\u00e5 \"1-timmars exempelv\u00e4ndning\", vilket hj\u00e4lper ditt varum\u00e4rke att locka uppm\u00e4rksamhet i den h\u00e5rda marknadskonkurrensen.<\/p>\n<p><img fetchpriority=\"high\" decoding=\"async\" class=\"alignnone wp-image-2395 size-large\" src=\"https:\/\/chinacustomboxes.com\/wp-content\/uploads\/2025\/09\/Cosmetic-Paackaging-boxes-5-1024x1024.jpg\" alt=\"F\u00f6rpackningsl\u00e5dor f\u00f6r smink och kosmetika\" width=\"1024\" height=\"1024\" title=\"\" srcset=\"https:\/\/chinacustomboxes.com\/wp-content\/uploads\/2025\/09\/Cosmetic-Paackaging-boxes-5-1024x1024.jpg 1024w, https:\/\/chinacustomboxes.com\/wp-content\/uploads\/2025\/09\/Cosmetic-Paackaging-boxes-5-300x300.jpg 300w, https:\/\/chinacustomboxes.com\/wp-content\/uploads\/2025\/09\/Cosmetic-Paackaging-boxes-5-150x150.jpg 150w, https:\/\/chinacustomboxes.com\/wp-content\/uploads\/2025\/09\/Cosmetic-Paackaging-boxes-5-768x768.jpg 768w, https:\/\/chinacustomboxes.com\/wp-content\/uploads\/2025\/09\/Cosmetic-Paackaging-boxes-5-1536x1536.jpg 1536w, https:\/\/chinacustomboxes.com\/wp-content\/uploads\/2025\/09\/Cosmetic-Paackaging-boxes-5-12x12.jpg 12w, https:\/\/chinacustomboxes.com\/wp-content\/uploads\/2025\/09\/Cosmetic-Paackaging-boxes-5-600x600.jpg 600w, https:\/\/chinacustomboxes.com\/wp-content\/uploads\/2025\/09\/Cosmetic-Paackaging-boxes-5-100x100.jpg 100w, https:\/\/chinacustomboxes.com\/wp-content\/uploads\/2025\/09\/Cosmetic-Paackaging-boxes-5.jpg 1920w\" sizes=\"(max-width: 1024px) 100vw, 1024px\" \/><\/p>\n<h2 id=\"-1-cutting-edge-bi-fold-door-framework-develops-a-phenomenal-unboxing-experience-\"><strong>1. Banbrytande ramverk f\u00f6r dubbelsidig vikd\u00f6rr ger en fenomenal uppackningsupplevelse\u00a0<\/strong><\/h2>\n<p>Denna estetiska f\u00f6rpackningsupps\u00e4ttning omfattar den tv\u00e5faldiga l\u00e5dstrukturen som vanligtvis finns i <a href=\"https:\/\/chinacustomboxes.com\/sv\/\">premium presentf\u00f6rpackningar<\/a>, vilket skapar en unik k\u00e4nsla av rutin och en k\u00e4nsla av utforskning f\u00f6r kunderna, vilket avsev\u00e4rt f\u00f6rb\u00e4ttrar det inkluderade v\u00e4rdet av produkten och varum\u00e4rkesbilden. Dubbeld\u00f6rrdesignen g\u00f6r att artiklarna inuti kan visas helt och tydligt f\u00f6r kunderna, vilket ger ett tydligt format och bekv\u00e4m tillg\u00e5ng till, vilket f\u00f6rb\u00e4ttrar upplevelsen av artikelsk\u00e4rmen. Kartongmaterialet i kombination med den innovativa konstruktionen g\u00f6r f\u00f6rpackningen otroligt t\u00e5lig och skyddar effektivt den \u00f6mt\u00e5liga kosmetiken fr\u00e5n skador under transport och f\u00f6rvaring.<\/p>\n<h2 id=\"-2-meticulously-picked-high-quality-base-materials-develop-a-premium-appearance-\"><strong>2. Noggrant utvalda h\u00f6gkvalitativa basmaterial ger ett f\u00f6rstklassigt utseende\u00a0<\/strong><\/h2>\n<p>Produkturvalet f\u00f6r<a href=\"https:\/\/chinacustomboxes.com\/sv\/boxes-by-shapes\/\"> styva l\u00e5dor<\/a> f\u00f6r makeup kosmetiska etablerade f\u00f6rpackningar \u00e4r grunden f\u00f6r deras premiumutseende och skyddande funktion. L\u00e5dornas prim\u00e4ra ramverk \u00e4r tillverkat av kraftig, h\u00f6gh\u00e5llfast gr\u00e5 kartong eller papp, vilket s\u00e4kerst\u00e4ller styrka och sp\u00e4nningsbest\u00e4ndighet, vilket g\u00f6r den mycket mindre s\u00e5rbar f\u00f6r f\u00f6rvr\u00e4ngning. Det yttre lagret kan vara t\u00e4ckt med bestruket papper av h\u00f6g kvalitet, matt papper eller specialpapper. Dessa dokument ger en sl\u00e4t och \u00f6mt\u00e5lig yta, h\u00f6g nyans\u00e5tergivning och en behaglig k\u00e4nsla, vilket l\u00e4gger en utm\u00e4rkt grund f\u00f6r efterf\u00f6ljande hantering.<\/p>\n<p><img decoding=\"async\" class=\"alignnone wp-image-2394 size-large\" src=\"https:\/\/chinacustomboxes.com\/wp-content\/uploads\/2025\/09\/Cosmetic-Paackaging-boxes-4-1024x1024.jpg\" alt=\"F\u00f6rpackningsl\u00e5dor f\u00f6r smink och kosmetika\" width=\"1024\" height=\"1024\" title=\"\" srcset=\"https:\/\/chinacustomboxes.com\/wp-content\/uploads\/2025\/09\/Cosmetic-Paackaging-boxes-4-1024x1024.jpg 1024w, https:\/\/chinacustomboxes.com\/wp-content\/uploads\/2025\/09\/Cosmetic-Paackaging-boxes-4-300x300.jpg 300w, https:\/\/chinacustomboxes.com\/wp-content\/uploads\/2025\/09\/Cosmetic-Paackaging-boxes-4-150x150.jpg 150w, https:\/\/chinacustomboxes.com\/wp-content\/uploads\/2025\/09\/Cosmetic-Paackaging-boxes-4-768x768.jpg 768w, https:\/\/chinacustomboxes.com\/wp-content\/uploads\/2025\/09\/Cosmetic-Paackaging-boxes-4-1536x1536.jpg 1536w, https:\/\/chinacustomboxes.com\/wp-content\/uploads\/2025\/09\/Cosmetic-Paackaging-boxes-4-12x12.jpg 12w, https:\/\/chinacustomboxes.com\/wp-content\/uploads\/2025\/09\/Cosmetic-Paackaging-boxes-4-600x600.jpg 600w, https:\/\/chinacustomboxes.com\/wp-content\/uploads\/2025\/09\/Cosmetic-Paackaging-boxes-4-100x100.jpg 100w, https:\/\/chinacustomboxes.com\/wp-content\/uploads\/2025\/09\/Cosmetic-Paackaging-boxes-4.jpg 1920w\" sizes=\"(max-width: 1024px) 100vw, 1024px\" \/><\/p>\n<h2 id=\"-3-charming-craftsmanship-builds-a-brand-s-distinctive-taste-\"><strong>3. Charmigt hantverk bygger upp ett varum\u00e4rkes distinkta smak\u00a0<\/strong><\/h2>\n<p>Ett vackert hantverk \u00e4r avg\u00f6rande f\u00f6r att uppn\u00e5 designeffekter och f\u00f6rb\u00e4ttra f\u00f6rpackningens kvalitet. Denna produktf\u00f6rpackning f\u00f6r smink och kosmetika i styva l\u00e5dor anv\u00e4nder en rad innovativa tryck- och efterbehandlingsprocedurer:.<\/p>\n<ul>\n<li><strong>H\u00f6guppl\u00f6sta utskrifter:\u00a0<\/strong>Artikelintroduktionen och portr\u00e4ttet p\u00e5 baksidan av paketet har fina nyanser och mjuka \u00f6verg\u00e5ngar, vilket visar p\u00e5 h\u00f6gprecisionstryck.<\/li>\n<li><strong>Varm st\u00e4mpling:\u00a0<\/strong>En del av texten \u00e4r varmst\u00e4mplad, vilket ger en elegant metallglans som avsev\u00e4rt f\u00f6rb\u00e4ttrar varum\u00e4rkesk\u00e4nnedomen och k\u00e4nslan av lyx.<\/li>\n<li><strong>Precisionsformning:\u00a0<\/strong>L\u00e5dornas kanter och h\u00f6rn \u00e4r skarpa och kantiga tack vare exakt stansning och V-groving, vilket g\u00f6r att kartongen kan utveckla idealiska 90-graders vinklar efter vikning, vilket leder till ett rent och vackert utseende.<\/li>\n<\/ul>\n<h2 id=\"-4-timeless-color-combination-catches-consumers-focus-\"><strong>4. Tidl\u00f6s f\u00e4rgkombination f\u00e5ngar konsumenternas fokus\u00a0<\/strong><\/h2>\n<p>Detta <a href=\"https:\/\/chinacustomboxes.com\/sv\/boxes-by-industries\/\">f\u00f6rpackningsl\u00e5dor<\/a> anv\u00e4nder en klassisk kombination av vitt och rosa. Vitt, som \u00e4r den prim\u00e4ra f\u00e4rgen, skapar ett rent, grundl\u00e4ggande och innovativt utseende. Rosa, som \u00e4r accentf\u00e4rgen p\u00e5 cellfodret och sidorna, ger en mjuk, f\u00f6rtrollande och kvinnlig touch som passar perfekt in i m\u00e5lgruppens visuella val. Det genomg\u00e5ende rosa f\u00e4rgschemat, fr\u00e5n sidorna p\u00e5 de yttre l\u00e5dorna till kanten p\u00e5 det inre locket och fodret, ger en harmonisk och genomg\u00e5ende design som ger ett estetiskt tilltalande och professionellt intryck.<\/p>\n<p><img decoding=\"async\" class=\"alignnone wp-image-2393 size-large\" src=\"https:\/\/chinacustomboxes.com\/wp-content\/uploads\/2025\/09\/Cosmetic-Paackaging-boxes-3-1024x1024.jpg\" alt=\"F\u00f6rpackningsl\u00e5dor f\u00f6r smink och kosmetika\" width=\"1024\" height=\"1024\" title=\"\" srcset=\"https:\/\/chinacustomboxes.com\/wp-content\/uploads\/2025\/09\/Cosmetic-Paackaging-boxes-3-1024x1024.jpg 1024w, https:\/\/chinacustomboxes.com\/wp-content\/uploads\/2025\/09\/Cosmetic-Paackaging-boxes-3-300x300.jpg 300w, https:\/\/chinacustomboxes.com\/wp-content\/uploads\/2025\/09\/Cosmetic-Paackaging-boxes-3-150x150.jpg 150w, https:\/\/chinacustomboxes.com\/wp-content\/uploads\/2025\/09\/Cosmetic-Paackaging-boxes-3-768x768.jpg 768w, https:\/\/chinacustomboxes.com\/wp-content\/uploads\/2025\/09\/Cosmetic-Paackaging-boxes-3-1536x1536.jpg 1536w, https:\/\/chinacustomboxes.com\/wp-content\/uploads\/2025\/09\/Cosmetic-Paackaging-boxes-3-12x12.jpg 12w, https:\/\/chinacustomboxes.com\/wp-content\/uploads\/2025\/09\/Cosmetic-Paackaging-boxes-3-600x600.jpg 600w, https:\/\/chinacustomboxes.com\/wp-content\/uploads\/2025\/09\/Cosmetic-Paackaging-boxes-3-100x100.jpg 100w, https:\/\/chinacustomboxes.com\/wp-content\/uploads\/2025\/09\/Cosmetic-Paackaging-boxes-3.jpg 1919w\" sizes=\"(max-width: 1024px) 100vw, 1024px\" \/><\/p>\n<h2 id=\"-5-inventive-design-information-enhance-interaction-and-link-\"><strong>5. Inventive Design Information F\u00f6rb\u00e4ttra interaktion och l\u00e4nk\u00a0<\/strong><\/h2>\n<ul>\n<li><strong>\u00d6ppning i kuvertformat:\u00a0<\/strong>Den kuvertformade vinklade stilen p\u00e5 framsidan av de externa l\u00e5dorna \u00e4r enkel men \u00e4nd\u00e5 trendig, vilket leder kunderna till att \u00f6ppna l\u00e5dorna och inkluderar interaktivitet och n\u00f6je.<\/li>\n<li><strong>Integrerad QR-kod:\u00a0<\/strong>En QR-kod som \u00e4r tryckt p\u00e5 insidan av l\u00e5dorna, en vanlig egenskap hos moderna f\u00f6rpackningar, v\u00e4gleder konsumenterna att skanna f\u00f6r att f\u00e5 \u00e4nnu mer produktinformation, pedagogiska handledningar eller varum\u00e4rkesevenemang, och fungerar som en viktig brygga mellan online och offline.<\/li>\n<\/ul>\n<p><img loading=\"lazy\" decoding=\"async\" class=\"alignnone wp-image-2392 size-large\" src=\"https:\/\/chinacustomboxes.com\/wp-content\/uploads\/2025\/09\/Cosmetic-Paackaging-boxes-2-1024x1024.jpg\" alt=\"F\u00f6rpackningsl\u00e5dor f\u00f6r smink och kosmetika\" width=\"1024\" height=\"1024\" title=\"\" srcset=\"https:\/\/chinacustomboxes.com\/wp-content\/uploads\/2025\/09\/Cosmetic-Paackaging-boxes-2-1024x1024.jpg 1024w, https:\/\/chinacustomboxes.com\/wp-content\/uploads\/2025\/09\/Cosmetic-Paackaging-boxes-2-300x300.jpg 300w, https:\/\/chinacustomboxes.com\/wp-content\/uploads\/2025\/09\/Cosmetic-Paackaging-boxes-2-150x150.jpg 150w, https:\/\/chinacustomboxes.com\/wp-content\/uploads\/2025\/09\/Cosmetic-Paackaging-boxes-2-768x768.jpg 768w, https:\/\/chinacustomboxes.com\/wp-content\/uploads\/2025\/09\/Cosmetic-Paackaging-boxes-2-1536x1536.jpg 1536w, https:\/\/chinacustomboxes.com\/wp-content\/uploads\/2025\/09\/Cosmetic-Paackaging-boxes-2-12x12.jpg 12w, https:\/\/chinacustomboxes.com\/wp-content\/uploads\/2025\/09\/Cosmetic-Paackaging-boxes-2-600x600.jpg 600w, https:\/\/chinacustomboxes.com\/wp-content\/uploads\/2025\/09\/Cosmetic-Paackaging-boxes-2-100x100.jpg 100w, https:\/\/chinacustomboxes.com\/wp-content\/uploads\/2025\/09\/Cosmetic-Paackaging-boxes-2.jpg 1920w\" sizes=\"(max-width: 1024px) 100vw, 1024px\" \/><\/p>\n<h2 id=\"-6-specialist-lining-for-product-protection-\"><strong>6. Specialistfoder f\u00f6r produktskydd\u00a0<\/strong><\/h2>\n<p>Den inre bekl\u00e4dnaden i dessa <a href=\"https:\/\/chinacustomboxes.com\/sv\/cosmetic-packaging-boxes\/\">smink kosmetik set produktf\u00f6rpackningar l\u00e5dor<\/a> \u00e4r tillverkad av EVA med h\u00f6g densitet, exakt anpassad till produktens form. Detta material ger enast\u00e5ende stoppnings- och st\u00f6td\u00e4mpningsegenskaper, h\u00e5ller varje produkt stadigt p\u00e5 plats och skyddar mot resonans och effekter.<\/p>\n<h2 id=\"-7-comprehensive-and-highly-personalized-to-meet-private-demands-\"><strong>7. Helt\u00e4ckande och mycket personligt anpassad f\u00f6r att m\u00f6ta privata behov\u00a0<\/strong><\/h2>\n<p>Dessa styva l\u00e5dor f\u00f6r kosmetiska f\u00f6rpackningar f\u00f6r smink \u00e4r ett utm\u00e4rkt exempel p\u00e5 h\u00f6g modifiering. Oavsett om det g\u00e4ller f\u00f6rpackningsram, dimension, materialalternativ, tryckt inneh\u00e5ll (varum\u00e4rkeslogotypdesign, slogan, artikelinformation och s\u00e5 vidare) eller slitsning av fodret, kan vi skr\u00e4ddarsy det efter dina specifika behov och helt uppfylla de individuella kraven fr\u00e5n olika varum\u00e4rken och produkter.<\/p>\n<p><img loading=\"lazy\" decoding=\"async\" class=\"alignnone wp-image-2391 size-large\" src=\"https:\/\/chinacustomboxes.com\/wp-content\/uploads\/2025\/09\/Cosmetic-Paackaging-boxes-1-1024x1024.jpg\" alt=\"F\u00f6rpackningsl\u00e5dor f\u00f6r smink och kosmetika\" width=\"1024\" height=\"1024\" title=\"\" srcset=\"https:\/\/chinacustomboxes.com\/wp-content\/uploads\/2025\/09\/Cosmetic-Paackaging-boxes-1-1024x1024.jpg 1024w, https:\/\/chinacustomboxes.com\/wp-content\/uploads\/2025\/09\/Cosmetic-Paackaging-boxes-1-300x300.jpg 300w, https:\/\/chinacustomboxes.com\/wp-content\/uploads\/2025\/09\/Cosmetic-Paackaging-boxes-1-150x150.jpg 150w, https:\/\/chinacustomboxes.com\/wp-content\/uploads\/2025\/09\/Cosmetic-Paackaging-boxes-1-768x768.jpg 768w, https:\/\/chinacustomboxes.com\/wp-content\/uploads\/2025\/09\/Cosmetic-Paackaging-boxes-1-1536x1536.jpg 1536w, https:\/\/chinacustomboxes.com\/wp-content\/uploads\/2025\/09\/Cosmetic-Paackaging-boxes-1-12x12.jpg 12w, https:\/\/chinacustomboxes.com\/wp-content\/uploads\/2025\/09\/Cosmetic-Paackaging-boxes-1-600x600.jpg 600w, https:\/\/chinacustomboxes.com\/wp-content\/uploads\/2025\/09\/Cosmetic-Paackaging-boxes-1-100x100.jpg 100w, https:\/\/chinacustomboxes.com\/wp-content\/uploads\/2025\/09\/Cosmetic-Paackaging-boxes-1.jpg 1919w\" sizes=\"(max-width: 1024px) 100vw, 1024px\" \/><\/p>\n<h2 id=\"-8-1-hour-sample-turnaround-shows-superior-manufacturing-capabilities-\"><strong>8. \"1 timmes leverans av prov\" visar p\u00e5 \u00f6verl\u00e4gsen tillverkningskapacitet\u00a0<\/strong><\/h2>\n<p>\"1-timmes exempel p\u00e5 v\u00e4ndning\" visar tillverkarens starka lyh\u00f6rdhet och korrekturkapacitet. Detta tyder p\u00e5 att tillverkningsanl\u00e4ggningen har ett p\u00e5litligt stilteam, digitala korrekturanordningar och innovativa tillverkningsprocesser, vilket g\u00f6r att vi kan \u00e4ndra kundens layoutprinciper direkt till fysiska prover p\u00e5 dokumenttid, vilket avsev\u00e4rt minskar deras beslutscykel och \u00f6kar tiden till marknaden.<\/p>","protected":false},"excerpt":{"rendered":"<p>Uppt\u00e4ck v\u00e5ra grossistpersonliga kartongf\u00f6rpackningsl\u00e5dor som \u00e4r anpassade speciellt f\u00f6r charmvarum\u00e4rken. Denna nuvarande l\u00e5dor, med sin speciella bifold d\u00f6rrlayout, producerar inte bara en exceptionell unboxing-upplevelse f\u00f6r din kosmetikupps\u00e4ttning, men ger dessutom exceptionell artikels\u00e4kerhet via sin tuffa struktur och exakta EVA-cellul\u00e4ra foder. Vi anv\u00e4nder en m\u00e4ngd sofistikerade tekniker, inklusive h\u00f6guppl\u00f6st utskrift och varm m\u00e4rkning, integrerad med ett sofistikerat vitt och rosa f\u00e4rgm\u00f6nster, f\u00f6r att helt visa ditt varum\u00e4rkes \u00f6verl\u00e4gsna h\u00f6ga kvalitet. Vi st\u00f6der fullst\u00e4ndig modifiering av dimension, produkt och utskrift och erbjuder en snabb l\u00f6sning av \"exempelproduktion inom 1 timme\", vilket \u00e4r en utm\u00e4rkt f\u00f6rpackningstj\u00e4nst f\u00f6r dig att \u00f6ka ditt varum\u00e4rkesv\u00e4rde och locka kunder.<\/p>","protected":false},"featured_media":2391,"template":"","meta":{"_kad_post_transparent":"default","_kad_post_title":"","_kad_post_layout":"default","_kad_post_sidebar_id":"","_kad_post_content_style":"default","_kad_post_vertical_padding":"default","_kad_post_feature":"","_kad_post_feature_position":"","_kad_post_header":false,"_kad_post_footer":false,"_kad_post_classname":""},"product_brand":[],"product_cat":[15,17,28,23],"product_tag":[593,591,592],"class_list":{"0":"post-2390","1":"product","2":"type-product","3":"status-publish","4":"has-post-thumbnail","6":"product_cat-boxes-by-shapes","7":"product_cat-boxes-by-industries","8":"product_cat-cosmetic-packaging-boxes","9":"product_cat-unusual-shaped-boxes","10":"product_tag-cosmetic-set-boxes-wholesale","11":"product_tag-custom-makeup-boxes","12":"product_tag-packaging-rigid-boxes","14":"first","15":"instock","16":"shipping-taxable","17":"product-type-simple","18":"entry","19":"content-bg","20":"loop-entry"},"_links":{"self":[{"href":"https:\/\/chinacustomboxes.com\/sv\/wp-json\/wp\/v2\/product\/2390","targetHints":{"allow":["GET"]}}],"collection":[{"href":"https:\/\/chinacustomboxes.com\/sv\/wp-json\/wp\/v2\/product"}],"about":[{"href":"https:\/\/chinacustomboxes.com\/sv\/wp-json\/wp\/v2\/types\/product"}],"wp:featuredmedia":[{"embeddable":true,"href":"https:\/\/chinacustomboxes.com\/sv\/wp-json\/wp\/v2\/media\/2391"}],"wp:attachment":[{"href":"https:\/\/chinacustomboxes.com\/sv\/wp-json\/wp\/v2\/media?parent=2390"}],"wp:term":[{"taxonomy":"product_brand","embeddable":true,"href":"https:\/\/chinacustomboxes.com\/sv\/wp-json\/wp\/v2\/product_brand?post=2390"},{"taxonomy":"product_cat","embeddable":true,"href":"https:\/\/chinacustomboxes.com\/sv\/wp-json\/wp\/v2\/product_cat?post=2390"},{"taxonomy":"product_tag","embeddable":true,"href":"https:\/\/chinacustomboxes.com\/sv\/wp-json\/wp\/v2\/product_tag?post=2390"}],"curies":[{"name":"wp","href":"https:\/\/api.w.org\/{rel}","templated":true}]}}