{"id":888,"date":"2025-04-15T07:40:45","date_gmt":"2025-04-15T07:40:45","guid":{"rendered":"https:\/\/chinacustomboxes.com\/?post_type=product&#038;p=888"},"modified":"2025-04-30T08:22:39","modified_gmt":"2025-04-30T08:22:39","slug":"dealer-holographic-paper-clamshell-gift-vip-credit-card-box","status":"publish","type":"product","link":"https:\/\/chinacustomboxes.com\/sv\/dealer-holographic-paper-clamshell-gift-vip-credit-card-box\/","title":{"rendered":"\u00c5terf\u00f6rs\u00e4ljare Holografiskt papper Clamshell Present VIP Kreditkort Box"},"content":{"rendered":"<h2 id=\"product-description-of-vip-member-card-magnetic-cover-hard-box-for-distribution\">Produktbeskrivning av \u00c5terf\u00f6rs\u00e4ljare Holografiskt papper Clamshell Present VIP Kreditkortsbox<\/h2>\n<h2 id=\"1-magnetic-suction-box-type-double-upgrade-of-one-handed-operation-and-quality-perception-\">1.\u00a0<strong>Typ av magnetisk sugl\u00e5da: Dubbel uppgradering av enhandsman\u00f6vrering och kvalitetsuppfattning<\/strong><\/h2>\n<ul>\n<li><strong>Magnetisk precisionsadsorption<\/strong>: Med hj\u00e4lp av en magnetisk sugstruktur med h\u00f6g precision kan l\u00e5dans lock \u00f6ppnas och st\u00e4ngas med ett enda tryck och ett skarpt \"klick\"-ljud h\u00f6rs n\u00e4r det st\u00e4ngs, vilket f\u00f6rb\u00e4ttrar anv\u00e4ndarens intuitiva kvalitetsuppfattning.<\/li>\n<li><strong>H\u00e5llbarhetsgaranti<\/strong>: Den magnetiska sugkomponenten har testats f\u00f6r att \u00f6ppnas och st\u00e4ngas tusentals g\u00e5nger utan d\u00e4mpning, vilket garanterar l\u00e5ngsiktig stabilitet.<\/li>\n<\/ul>\n<p><a href=\"http:\/\/chinacustomboxes.com\/sv\/magnetic-closure-boxes\/\"><img fetchpriority=\"high\" decoding=\"async\" class=\"alignnone wp-image-2191 size-full\" src=\"https:\/\/chinacustomboxes.com\/wp-content\/uploads\/2025\/04\/Magnetic-Closure-Box-2-1.jpg\" alt=\"L\u00e5da med magnetisk f\u00f6rslutning\" width=\"1000\" height=\"1000\" title=\"\" srcset=\"https:\/\/chinacustomboxes.com\/wp-content\/uploads\/2025\/04\/Magnetic-Closure-Box-2-1.jpg 1000w, https:\/\/chinacustomboxes.com\/wp-content\/uploads\/2025\/04\/Magnetic-Closure-Box-2-1-300x300.jpg 300w, https:\/\/chinacustomboxes.com\/wp-content\/uploads\/2025\/04\/Magnetic-Closure-Box-2-1-150x150.jpg 150w, https:\/\/chinacustomboxes.com\/wp-content\/uploads\/2025\/04\/Magnetic-Closure-Box-2-1-768x768.jpg 768w, https:\/\/chinacustomboxes.com\/wp-content\/uploads\/2025\/04\/Magnetic-Closure-Box-2-1-12x12.jpg 12w, https:\/\/chinacustomboxes.com\/wp-content\/uploads\/2025\/04\/Magnetic-Closure-Box-2-1-600x600.jpg 600w, https:\/\/chinacustomboxes.com\/wp-content\/uploads\/2025\/04\/Magnetic-Closure-Box-2-1-100x100.jpg 100w\" sizes=\"(max-width: 1000px) 100vw, 1000px\" \/><\/a><\/p>\n<h2 id=\"2-display-stand-design-enjoy-the-sense-of-ceremony-as-soon-as-you-open-the-box-\">2.\u00a0<strong>Design f\u00f6r visningsst\u00e4ll: Njut av k\u00e4nslan av ceremoni s\u00e5 snart du \u00f6ppnar l\u00e5dan<\/strong><\/h2>\n<ul>\n<li><strong>Funktion f\u00f6r visning i flera vinklar<\/strong>: Efter att l\u00e5dan vecklats ut bildas ett 30\u00b0 lutande displayst\u00e4ll som intuitivt kan presentera VIP-kortets varmst\u00e4mplade LOGO eller pr\u00e4glingsprocess, vilket f\u00f6rst\u00e4rker k\u00e4nslan av v\u00e4rdighet och ceremoni n\u00e4r l\u00e5dan \u00f6ppnas.<\/li>\n<li><strong>Struktur f\u00f6r glidskenor (tillval)<\/strong>: L\u00e5dans glidskenedesign f\u00f6rb\u00e4ttrar ytterligare smidigheten i driften, vilket uppfyller de effektiva behoven i aff\u00e4rsscenarier.<\/li>\n<\/ul>\n<h2 id=\"3-visual-presentation-luxury-aesthetic-language-\">3.\u00a0<strong>Visuell presentation: lyxigt estetiskt spr\u00e5k<\/strong><\/h2>\n<ul>\n<li><strong>Huvudf\u00e4rg och hantverk<\/strong>: L\u00e5dans kropp har en ren vit matt bas med delvis varmst\u00e4mpling \/ silverhantverk, s\u00e5som varum\u00e4rkeslogotyp, ramm\u00f6nster etc., vilket ger en l\u00e5gm\u00e4ld och lyxig visuell effekt.<\/li>\n<li><strong>Val av material<\/strong>: Valfri frostad PVC, p\u00e4rlemorskimrande kartong eller milj\u00f6v\u00e4nligt akrylmaterial, k\u00e4nslig ber\u00f6ring och rept\u00e5lig och slitstark.<\/li>\n<\/ul>\n<h2 id=\"4-inner-lining-design-precise-storage-and-protection-\">4.\u00a0<strong>Design p\u00e5 innerfodret: exakt f\u00f6rvaring och skydd<\/strong><\/h2>\n<ul>\n<li><strong>Anpassad kortplats<\/strong>: Innerfodret best\u00e5r av EVA-svamp eller flanellmaterial med h\u00f6g densitet, som passar exakt till storleken p\u00e5 enstaka \/ flera kort, st\u00f6ts\u00e4kert och slitstarkt.<\/li>\n<li><strong>Multifunktionell skiljev\u00e4gg<\/strong>: Oberoende fack kan l\u00e4ggas till, kompatibla med visitkort, manualer eller sm\u00e5 g\u00e5vor, f\u00f6r att m\u00f6ta behoven hos aff\u00e4rsg\u00e5vor.<\/li>\n<\/ul>\n<h2 id=\"5-quality-control-standards-strict-scene-adaptability-\">5.\u00a0<strong>Kvalitetskontrollstandarder: strikt scenanpassning<\/strong><\/h2>\n<ul>\n<li><strong>Milj\u00f6tolerans<\/strong>: Godk\u00e4nda brands\u00e4kra, fukts\u00e4kra, anti-UV-\u00e5ldringstester och uppfyller lager- och transportstandarder p\u00e5 bankniv\u00e5.<\/li>\n<li><strong>Tekniska detaljer<\/strong>: Kanten p\u00e5 l\u00e5dan har en rundad avfasningsteknik f\u00f6r att undvika repor.<\/li>\n<\/ul>\n<h2 id=\"-unlimited-customization-service-\"><strong>6. Obegr\u00e4nsad anpassningstj\u00e4nst<\/strong><\/h2>\n<ul>\n<li><strong>Flexibel processanpassning<\/strong>: St\u00f6der varmst\u00e4mpling \/ silver, UV-pr\u00e4gling, laserf\u00e4rgstryck, lasergravyr och andra processer och kan samtidigt anpassa LOGO, nummer, kundnamn och annan personlig information.<\/li>\n<li><strong>Expansion av storlek och struktur<\/strong>: Kompatibel med 0,76 mm standardkort till 1,2 mm f\u00f6rtjockade kort, den kan ut\u00f6kas till magnetiska sugl\u00e5dor med dubbla lager, vikning <a href=\"https:\/\/chinacustomboxes.com\/sv\/private-label-luxury-cosmetic-lipstick-slide-out-gift-boxes\/\">presentf\u00f6rpackningar<\/a> och andra former, och anpassa sig till specialformade kort och behov av kombinationer av flera kort.<\/li>\n<li><strong>Garanti f\u00f6r leverans av partier<\/strong>: St\u00f6der 500 stycken av minsta order, 7-14 dagar med extremt snabb leverans och tillhandah\u00e5ller bekr\u00e4ftelse av f\u00e4rgprov, korrektur och granskningstj\u00e4nster under hela processen.<\/li>\n<\/ul>\n<h2 id=\"-applicable-scenario-examples-\"><strong>7. Till\u00e4mpliga exempel p\u00e5 scenarier<\/strong><\/h2>\n<ul>\n<li><strong>Private banking-kunder hos banker<\/strong>: Med svarta guldkort och diamantkort f\u00f6rst\u00e4rks den \"exklusiva identiteten hos f\u00f6rm\u00f6gna anv\u00e4ndare\".<\/li>\n<li><strong>Avancerat medlemssystem<\/strong>: Som en del av den \u00e5rliga presentf\u00f6rpackningen ing\u00e5r en manual f\u00f6r medlemsr\u00e4ttigheter och anpassade kort f\u00f6r att \u00f6ka varum\u00e4rkeslojaliteten.<\/li>\n<li><strong>Visitkortsupps\u00e4ttning<\/strong>: Integrera visitkort i metall och <a href=\"https:\/\/chinacustomboxes.com\/sv\/dealers-glitter-gift-paper-magnetic-closure-boxes-for-shoe\/\">l\u00e5dor med magnetisk f\u00f6rslutning<\/a> f\u00f6r att skapa en dubbel minnespunkt med \"touch + vision\".<\/li>\n<\/ul>","protected":false},"excerpt":{"rendered":"<p>Denna styva l\u00e5da med magnetiskt lock kan enkelt \u00f6ppnas och st\u00e4ngas med en hand, vilket g\u00f6r att man undviker problemet med att sp\u00e4nnena p\u00e5 traditionella kortl\u00e5dor l\u00e4tt lossnar. Det 183 g tunga holografiska pappersmaterialet ger en dynamisk skimrande effekt i olika ljusvinklar, vilket f\u00f6rb\u00e4ttrar varum\u00e4rkesigenk\u00e4nningen och g\u00e5voegenskaperna. Det inre utrymmet kan anpassas med lager\/partitioner f\u00f6r att rymma kort av olika tjocklek (t.ex. chipkort, specialformade kort) eller visitkort.<\/p>","protected":false},"featured_media":889,"template":"","meta":{"_kad_post_transparent":"default","_kad_post_title":"","_kad_post_layout":"default","_kad_post_sidebar_id":"","_kad_post_content_style":"default","_kad_post_vertical_padding":"default","_kad_post_feature":"","_kad_post_feature_position":"","_kad_post_header":false,"_kad_post_footer":false,"_kad_post_classname":""},"product_brand":[],"product_cat":[15,17,27,18,42],"product_tag":[336,337,335],"class_list":{"0":"post-888","1":"product","2":"type-product","3":"status-publish","4":"has-post-thumbnail","6":"product_cat-boxes-by-shapes","7":"product_cat-boxes-by-industries","8":"product_cat-clamshell-boxes","9":"product_cat-magnetic-closure-boxes","10":"product_cat-promotion-gift-boxes","11":"product_tag-clamshell-gift-box-for-vip-credit","12":"product_tag-dealer-vip-credit-card-gift-box","13":"product_tag-holographic-paper-clamshell-gift-box","15":"first","16":"instock","17":"shipping-taxable","18":"product-type-simple","19":"entry","20":"content-bg","21":"loop-entry"},"_links":{"self":[{"href":"https:\/\/chinacustomboxes.com\/sv\/wp-json\/wp\/v2\/product\/888","targetHints":{"allow":["GET"]}}],"collection":[{"href":"https:\/\/chinacustomboxes.com\/sv\/wp-json\/wp\/v2\/product"}],"about":[{"href":"https:\/\/chinacustomboxes.com\/sv\/wp-json\/wp\/v2\/types\/product"}],"wp:featuredmedia":[{"embeddable":true,"href":"https:\/\/chinacustomboxes.com\/sv\/wp-json\/wp\/v2\/media\/889"}],"wp:attachment":[{"href":"https:\/\/chinacustomboxes.com\/sv\/wp-json\/wp\/v2\/media?parent=888"}],"wp:term":[{"taxonomy":"product_brand","embeddable":true,"href":"https:\/\/chinacustomboxes.com\/sv\/wp-json\/wp\/v2\/product_brand?post=888"},{"taxonomy":"product_cat","embeddable":true,"href":"https:\/\/chinacustomboxes.com\/sv\/wp-json\/wp\/v2\/product_cat?post=888"},{"taxonomy":"product_tag","embeddable":true,"href":"https:\/\/chinacustomboxes.com\/sv\/wp-json\/wp\/v2\/product_tag?post=888"}],"curies":[{"name":"wp","href":"https:\/\/api.w.org\/{rel}","templated":true}]}}