{"id":85,"date":"2025-04-10T06:20:33","date_gmt":"2025-04-10T06:20:33","guid":{"rendered":"https:\/\/chinacustomboxes.com\/?page_id=85"},"modified":"2025-04-21T03:11:21","modified_gmt":"2025-04-21T03:11:21","slug":"custom-boxes","status":"publish","type":"page","link":"https:\/\/chinacustomboxes.com\/tr\/custom-boxes\/","title":{"rendered":"\u00d6zel Kutular"},"content":{"rendered":"<p>\u00d6zel kutular, \u00f6zel ambalajlar, \u00f6zel ambalaj kutular\u0131, \u00f6zel sert kurulum kutusu \u00e7evrimi\u00e7i ar\u0131yorsan\u0131z, sizin i\u00e7in en ucuz bask\u0131 hizmetlerini ve \u00fccretsiz numuneyi sa\u011flayabiliriz.<\/p>","protected":false},"excerpt":{"rendered":"<p>\u00d6zel kutular, \u00f6zel ambalajlar, \u00f6zel ambalaj kutular\u0131, \u00f6zel sert kurulum kutusu \u00e7evrimi\u00e7i ar\u0131yorsan\u0131z, sizin i\u00e7in en ucuz bask\u0131 hizmetlerini ve \u00fccretsiz numuneyi sa\u011flayabiliriz.<\/p>","protected":false},"author":1,"featured_media":0,"parent":0,"menu_order":4,"comment_status":"closed","ping_status":"closed","template":"","meta":{"_kad_post_transparent":"","_kad_post_title":"","_kad_post_layout":"","_kad_post_sidebar_id":"","_kad_post_content_style":"","_kad_post_vertical_padding":"","_kad_post_feature":"","_kad_post_feature_position":"","_kad_post_header":false,"_kad_post_footer":false,"_kad_post_classname":"","footnotes":""},"class_list":["post-85","page","type-page","status-publish","hentry"],"_links":{"self":[{"href":"https:\/\/chinacustomboxes.com\/tr\/wp-json\/wp\/v2\/pages\/85","targetHints":{"allow":["GET"]}}],"collection":[{"href":"https:\/\/chinacustomboxes.com\/tr\/wp-json\/wp\/v2\/pages"}],"about":[{"href":"https:\/\/chinacustomboxes.com\/tr\/wp-json\/wp\/v2\/types\/page"}],"author":[{"embeddable":true,"href":"https:\/\/chinacustomboxes.com\/tr\/wp-json\/wp\/v2\/users\/1"}],"replies":[{"embeddable":true,"href":"https:\/\/chinacustomboxes.com\/tr\/wp-json\/wp\/v2\/comments?post=85"}],"version-history":[{"count":0,"href":"https:\/\/chinacustomboxes.com\/tr\/wp-json\/wp\/v2\/pages\/85\/revisions"}],"wp:attachment":[{"href":"https:\/\/chinacustomboxes.com\/tr\/wp-json\/wp\/v2\/media?parent=85"}],"curies":[{"name":"wp","href":"https:\/\/api.w.org\/{rel}","templated":true}]}}