{"id":1126,"date":"2025-04-16T12:20:17","date_gmt":"2025-04-16T12:20:17","guid":{"rendered":"https:\/\/chinacustomboxes.com\/?post_type=product&#038;p=1126"},"modified":"2025-04-30T07:11:59","modified_gmt":"2025-04-30T07:11:59","slug":"factory-supply-glitter-paper-custom-eyelash-magnetic-lid-box","status":"publish","type":"product","link":"https:\/\/chinacustomboxes.com\/tr\/factory-supply-glitter-paper-custom-eyelash-magnetic-lid-box\/","title":{"rendered":"Fabrika Kayna\u011f\u0131 Glitter Ka\u011f\u0131t \u00d6zel Kirpik Manyetik Kapak Kutusu"},"content":{"rendered":"<h2 id=\"-glitter-paper-customized-eyelash-magnetic-suction-box-product-description-\"><strong>Glitter Ka\u011f\u0131t \u00d6zelle\u015ftirilmi\u015f Kirpik Manyetik Emme Kutusu \u00dcr\u00fcn A\u00e7\u0131klamas\u0131<\/strong><\/h2>\n<h2 id=\"1-magnetic-suction-closure-system-\">1.\u00a0<strong>Manyetik Kapakl\u0131 Kutu Sistemi<\/strong><\/h2>\n<p>Y\u00fcksek hassasiyetli manyetik emme yap\u0131s\u0131n\u0131 benimseyen mikro m\u0131knat\u0131s g\u00f6m\u00fcl\u00fc tasar\u0131m, tek elle a\u00e7ma ve kapama i\u015flemini ger\u00e7ekle\u015ftirir ve manyetik g\u00fc\u00e7 0,2N-0,3N'ye ula\u015farak kapat\u0131ld\u0131\u011f\u0131nda tam s\u0131zd\u0131rmazl\u0131k sa\u011flar, hava ve nemi etkili bir \u015fekilde izole eder ve kirpiklerin nemlenmesini veya kirlenmesini \u00f6nler. Toz ve nem direncini daha da art\u0131rmak ve y\u00fcksek nemli ortamlara uyum sa\u011flamak i\u00e7in i\u00e7 katmana g\u0131da s\u0131n\u0131f\u0131 silikon s\u0131zd\u0131rmazl\u0131k halkas\u0131 eklenmi\u015ftir.<\/p>\n<p><img fetchpriority=\"high\" decoding=\"async\" class=\"alignnone wp-image-1128\" src=\"https:\/\/chinacustomboxes.com\/wp-content\/uploads\/2025\/04\/Custom-Eyelash-Glitter-Paper-Packing-Box-2.jpg\" alt=\"\u00d6zel Kirpik Simli Ka\u011f\u0131t Ambalaj Kutusu\" width=\"1000\" height=\"1000\" title=\"\" srcset=\"https:\/\/chinacustomboxes.com\/wp-content\/uploads\/2025\/04\/Custom-Eyelash-Glitter-Paper-Packing-Box-2.jpg 1200w, https:\/\/chinacustomboxes.com\/wp-content\/uploads\/2025\/04\/Custom-Eyelash-Glitter-Paper-Packing-Box-2-300x300.jpg 300w, https:\/\/chinacustomboxes.com\/wp-content\/uploads\/2025\/04\/Custom-Eyelash-Glitter-Paper-Packing-Box-2-1024x1024.jpg 1024w, https:\/\/chinacustomboxes.com\/wp-content\/uploads\/2025\/04\/Custom-Eyelash-Glitter-Paper-Packing-Box-2-150x150.jpg 150w, https:\/\/chinacustomboxes.com\/wp-content\/uploads\/2025\/04\/Custom-Eyelash-Glitter-Paper-Packing-Box-2-768x768.jpg 768w, https:\/\/chinacustomboxes.com\/wp-content\/uploads\/2025\/04\/Custom-Eyelash-Glitter-Paper-Packing-Box-2-12x12.jpg 12w, https:\/\/chinacustomboxes.com\/wp-content\/uploads\/2025\/04\/Custom-Eyelash-Glitter-Paper-Packing-Box-2-600x600.jpg 600w, https:\/\/chinacustomboxes.com\/wp-content\/uploads\/2025\/04\/Custom-Eyelash-Glitter-Paper-Packing-Box-2-100x100.jpg 100w\" sizes=\"(max-width: 1000px) 100vw, 1000px\" \/><\/p>\n<h2 id=\"2-transparent-acrylic-window-\">2.\u00a0<strong>\u015eeffaf Akrilik Pencere<\/strong><\/h2>\n<p>\u00dcst k\u0131sma 92% \u0131\u015f\u0131k ge\u00e7irgenli\u011fine sahip 3 mm kal\u0131nl\u0131\u011f\u0131nda y\u00fcksek \u015feffafl\u0131kta akrilik panel yerle\u015ftirilmi\u015ftir. Yuvarlat\u0131lm\u0131\u015f k\u00f6\u015feler ve \u00e7izilmezlik teknolojisi ile kirpiklerin i\u00e7 durumunu (temizlik ve d\u00fczenleme b\u00fct\u00fcnl\u00fc\u011f\u00fc gibi) kirpikleri a\u00e7madan 360\u00b0 g\u00f6zlemleyebilirsiniz. <a href=\"https:\/\/chinacustomboxes.com\/tr\/food-grade-kraft-tea-coffee-paper-tube-boxes-manufacturer\/\">kutu<\/a>. Pencere yuvarlak, kalp \u015feklinde, alt\u0131gen vb. gibi 20'den fazla \u015fekli destekler. Kenar, \u22640,5 mm'lik bir do\u011fruluk hatas\u0131 ile lazer kesim teknolojisini benimser.<\/p>\n<h2 id=\"3-glitter-paper-material-aesthetics-\">3.\u00a0<strong>Glitter Ka\u011f\u0131t malzeme esteti\u011fi<\/strong><\/h2>\n<ul>\n<li><strong>G\u00f6rsel performans<\/strong>: 120g y\u00fcksek a\u011f\u0131rl\u0131kta par\u0131lt\u0131l\u0131 ka\u011f\u0131t kullan\u0131l\u0131r ve y\u00fczey s\u0131cak damgalama \/ g\u00fcm\u00fc\u015fleme teknolojisi ile i\u015flenir. I\u015f\u0131k k\u0131r\u0131lmas\u0131 alt\u0131nda dinamik ve parlak bir parlakl\u0131k sunar. Renk gam\u0131 90%'den fazla Pantone renk kart\u0131n\u0131 kapsar, \u00f6zellikle g\u00fcl alt\u0131n ve fantezi mavisi gibi pop\u00fcler renkler i\u00e7in uygundur, bu da raf te\u015fhirinin \u00e7ekicili\u011fini \u00f6nemli \u00f6l\u00e7\u00fcde art\u0131r\u0131r.<\/li>\n<li><strong>\u00c7evresel \u00f6zellikler<\/strong>: Malzeme FSC sertifikal\u0131d\u0131r, 100% geri d\u00f6n\u00fc\u015ft\u00fcr\u00fclebilir ve par\u00e7alanabilir ve gri tahta alt tabakas\u0131 AB'yi kar\u015f\u0131layan geri d\u00f6n\u00fc\u015ft\u00fcr\u00fclm\u00fc\u015f elyaf kullan\u0131r <a href=\"https:\/\/chinacustomboxes.com\/tr\/bespoke-soft-touch-lamination-match-style-necklaces-box\/\">paketleme<\/a> s\u00fcrd\u00fcr\u00fclebi\u0307li\u0307rli\u0307k standartlari.<\/li>\n<\/ul>\n<p><img decoding=\"async\" class=\"alignnone wp-image-1127 size-full\" src=\"https:\/\/chinacustomboxes.com\/wp-content\/uploads\/2025\/04\/Custom-Eyelash-Glitter-Paper-Packing-Box-1.jpg\" alt=\"\u00d6zel Kirpik Simli Ka\u011f\u0131t Ambalaj Kutusu\" width=\"1101\" height=\"1101\" title=\"\" srcset=\"https:\/\/chinacustomboxes.com\/wp-content\/uploads\/2025\/04\/Custom-Eyelash-Glitter-Paper-Packing-Box-1.jpg 1101w, https:\/\/chinacustomboxes.com\/wp-content\/uploads\/2025\/04\/Custom-Eyelash-Glitter-Paper-Packing-Box-1-300x300.jpg 300w, https:\/\/chinacustomboxes.com\/wp-content\/uploads\/2025\/04\/Custom-Eyelash-Glitter-Paper-Packing-Box-1-1024x1024.jpg 1024w, https:\/\/chinacustomboxes.com\/wp-content\/uploads\/2025\/04\/Custom-Eyelash-Glitter-Paper-Packing-Box-1-150x150.jpg 150w, https:\/\/chinacustomboxes.com\/wp-content\/uploads\/2025\/04\/Custom-Eyelash-Glitter-Paper-Packing-Box-1-768x768.jpg 768w, https:\/\/chinacustomboxes.com\/wp-content\/uploads\/2025\/04\/Custom-Eyelash-Glitter-Paper-Packing-Box-1-12x12.jpg 12w, https:\/\/chinacustomboxes.com\/wp-content\/uploads\/2025\/04\/Custom-Eyelash-Glitter-Paper-Packing-Box-1-600x600.jpg 600w, https:\/\/chinacustomboxes.com\/wp-content\/uploads\/2025\/04\/Custom-Eyelash-Glitter-Paper-Packing-Box-1-100x100.jpg 100w\" sizes=\"(max-width: 1101px) 100vw, 1101px\" \/><\/p>\n<p>&nbsp;<\/p>\n<h2 id=\"4-emotional-color-design-\">4.\u00a0<strong>Duygusal renk tasar\u0131m\u0131<\/strong><\/h2>\n<p>Ana renk pembedir ve doygunluk 15% ile azalt\u0131lm\u0131\u015ft\u0131r, bu da Z ku\u015fa\u011f\u0131 kad\u0131nlar\u0131n\u0131n \"k\u0131z gibi g\u00fc\u00e7\" ve \"zarif estetik\" i\u00e7in duygusal \u00e7ekicili\u011fine uyan yumu\u015fak ve tatl\u0131 bir his g\u00f6sterir. Kutunun yan taraf\u0131, marka tan\u0131n\u0131rl\u0131\u011f\u0131n\u0131 art\u0131rmak i\u00e7in degrade leke veya sedefli kaplama ile \u00fcst \u00fcste bindirilebilir.<\/p>\n<h2 id=\"5-brand-specific-design-\">5.\u00a0<strong>Markaya \u00f6zel tasar\u0131m<\/strong><\/h2>\n<ul>\n<li><strong>Bask\u0131 s\u00fcreci<\/strong>: CMYK d\u00f6rt renkli bask\u0131, UV kabartma, lazer kaz\u0131ma, 300dpi LOGO do\u011frulu\u011fu, minimum bask\u0131 yaz\u0131 tipi boyutu 0,8 mm'yi destekler.<\/li>\n<li><strong>Aksesuar kombinasyonu<\/strong>: Ayn\u0131 seri ile e\u015fle\u015ftirilebilir <a href=\"https:\/\/chinacustomboxes.com\/tr\/durable-cannabis-wax-concentrate-packaging-paper-drawer-box\/\">ka\u011f\u0131t \u00e7ekmece kutular\u0131<\/a> ve ta\u015f\u0131nabilir mini kutulardan olu\u015fan bir \u00fcr\u00fcn matrisi olu\u015fturarak perakende, hediyelik ve s\u0131n\u0131rl\u0131 say\u0131da \u00fcretim gibi \u00e7oklu senaryolar\u0131n ihtiya\u00e7lar\u0131n\u0131 kar\u015f\u0131lamaktad\u0131r.<\/li>\n<\/ul>\n<h2 id=\"6-application-scenarios-and-market-value-\">6.\u00a0<strong>Uygulama senaryolar\u0131 ve pazar de\u011feri<\/strong><\/h2>\n<ul>\n<li><strong>Perakende sonu<\/strong>: Par\u0131lt\u0131l\u0131 ka\u011f\u0131t parlakl\u0131\u011f\u0131 + pembe tonu g\u00f6rsel bir etki yaratarak markan\u0131n g\u00fczellik koleksiyonu ma\u011fazalar\u0131nda, e-ticaret canl\u0131 yay\u0131nlar\u0131nda ve di\u011fer senaryolarda \u00f6ne \u00e7\u0131kmas\u0131na yard\u0131mc\u0131 olur.<\/li>\n<li><strong>Kullan\u0131c\u0131 deneyimi<\/strong>: Manyetik emme sistemi ve pencere tasar\u0131m\u0131 s\u0131k a\u00e7\u0131l\u0131p kapanmay\u0131 azalt\u0131r, kirpiklerin kullan\u0131m \u00f6mr\u00fcn\u00fc uzat\u0131r ve t\u00fcketicilerin \"verimli g\u00fczellik ara\u00e7lar\u0131\" ihtiya\u00e7lar\u0131n\u0131 kar\u015f\u0131lar.<\/li>\n<li><strong>\u00c7evresel prim<\/strong>: Geri d\u00f6n\u00fc\u015ft\u00fcr\u00fclebilir malzemeler ve \u00f6zelle\u015ftirilmi\u015f hizmetler, markan\u0131n \"ye\u015fil estetik\" imaj\u0131n\u0131 g\u00fc\u00e7lendirmek i\u00e7in ESG pazarlama trendleriyle do\u011fru bir \u015fekilde ba\u011flant\u0131 kurar.<\/li>\n<\/ul>","protected":false},"excerpt":{"rendered":"<p>Manyetik kapatma sisteminin tek elle kullan\u0131m\u0131 kolayd\u0131r ve kirpiklerin nem veya kirlenmesini \u00f6nlemek i\u00e7in g\u00fc\u00e7l\u00fc bir s\u0131zd\u0131rmazl\u0131\u011fa sahiptir. \u00dcst k\u0131sma \u015feffaf bir akrilik pencere yerle\u015ftirilmi\u015ftir, b\u00f6ylece kutuyu a\u00e7madan i\u00e7indeki kirpiklerin durumunu net bir \u015fekilde g\u00f6zlemleyebilirsiniz, bu da kullan\u0131m kolayl\u0131\u011f\u0131n\u0131 art\u0131r\u0131r. Par\u0131lt\u0131l\u0131 Ka\u011f\u0131t malzeme, \u0131\u015f\u0131\u011f\u0131n k\u0131r\u0131lmas\u0131 alt\u0131nda parlak bir parlakl\u0131k sunar ve bu da sergilendi\u011finde \u00fcr\u00fcn\u00fcn raf \u00e7ekicili\u011fini art\u0131r\u0131r.<\/p>","protected":false},"featured_media":1129,"template":"","meta":{"_kad_post_transparent":"default","_kad_post_title":"","_kad_post_layout":"default","_kad_post_sidebar_id":"","_kad_post_content_style":"default","_kad_post_vertical_padding":"default","_kad_post_feature":"","_kad_post_feature_position":"","_kad_post_header":false,"_kad_post_footer":false,"_kad_post_classname":""},"product_brand":[],"product_cat":[15,17,27,28,18],"product_tag":[437,434,438],"class_list":{"0":"post-1126","1":"product","2":"type-product","3":"status-publish","4":"has-post-thumbnail","6":"product_cat-boxes-by-shapes","7":"product_cat-boxes-by-industries","8":"product_cat-clamshell-boxes","9":"product_cat-cosmetic-packaging-boxes","10":"product_cat-magnetic-closure-boxes","11":"product_tag-eyelashes-gift-box","12":"product_tag-glitter-eyelash-packaging","13":"product_tag-glitter-paper-eyelash-paper-box","15":"first","16":"instock","17":"shipping-taxable","18":"product-type-simple","19":"entry","20":"content-bg","21":"loop-entry"},"_links":{"self":[{"href":"https:\/\/chinacustomboxes.com\/tr\/wp-json\/wp\/v2\/product\/1126","targetHints":{"allow":["GET"]}}],"collection":[{"href":"https:\/\/chinacustomboxes.com\/tr\/wp-json\/wp\/v2\/product"}],"about":[{"href":"https:\/\/chinacustomboxes.com\/tr\/wp-json\/wp\/v2\/types\/product"}],"wp:featuredmedia":[{"embeddable":true,"href":"https:\/\/chinacustomboxes.com\/tr\/wp-json\/wp\/v2\/media\/1129"}],"wp:attachment":[{"href":"https:\/\/chinacustomboxes.com\/tr\/wp-json\/wp\/v2\/media?parent=1126"}],"wp:term":[{"taxonomy":"product_brand","embeddable":true,"href":"https:\/\/chinacustomboxes.com\/tr\/wp-json\/wp\/v2\/product_brand?post=1126"},{"taxonomy":"product_cat","embeddable":true,"href":"https:\/\/chinacustomboxes.com\/tr\/wp-json\/wp\/v2\/product_cat?post=1126"},{"taxonomy":"product_tag","embeddable":true,"href":"https:\/\/chinacustomboxes.com\/tr\/wp-json\/wp\/v2\/product_tag?post=1126"}],"curies":[{"name":"wp","href":"https:\/\/api.w.org\/{rel}","templated":true}]}}