{"id":1186,"date":"2025-04-17T03:39:33","date_gmt":"2025-04-17T03:39:33","guid":{"rendered":"https:\/\/chinacustomboxes.com\/?post_type=product&#038;p=1186"},"modified":"2025-04-30T06:55:01","modified_gmt":"2025-04-30T06:55:01","slug":"custom-cbd-oil-packaging-boxes-folding-carton-distributor","status":"publish","type":"product","link":"https:\/\/chinacustomboxes.com\/tr\/custom-cbd-oil-packaging-boxes-folding-carton-distributor\/","title":{"rendered":"\u00d6zel CBD Ya\u011f Ambalaj Kutular\u0131 Katlan\u0131r Karton Distrib\u00fct\u00f6r\u00fc"},"content":{"rendered":"<h2 id=\"-customized-cbd-oil-packaging-box-folding-carton-product-description-\"><strong>\u00d6zelle\u015ftirilmi\u015f CBD Ya\u011f Ambalaj Kutusu Katlan\u0131r Karton \u00dcr\u00fcn A\u00e7\u0131klamas\u0131<\/strong><\/h2>\n<h2 id=\"-1-box-design-optimize-storage-and-practicality-\"><strong>1. Kutu Tasar\u0131m\u0131: Depolama ve Pratikli\u011fi Optimize Edin<\/strong><\/h2>\n<p>Kart kutu yap\u0131s\u0131 tasar\u0131m\u0131 benimsenmi\u015ftir ve kutu g\u00f6vdesinin k\u00f6\u015feleri g\u00fc\u00e7lendirilmi\u015ftir, bu da istifleme i\u00e7in uygundur ve depolama alan\u0131ndan tasarruf sa\u011flar. Kutu tipi, CBD ya\u011f\u0131 ve ilac\u0131 i\u00e7in Avrupa ve Amerika pazarlar\u0131n\u0131n basit ve pratik standartlar\u0131n\u0131 kar\u015f\u0131lar <a href=\"https:\/\/chinacustomboxes.com\/tr\/custom-beauty-cosmetics-eyelash-serum-packaging-box-oem-odm\/\">paketleme<\/a>Kullan\u0131m kolayl\u0131\u011f\u0131 ve g\u00f6rsel b\u00fct\u00fcnl\u00fck dikkate al\u0131narak \u00fcstten a\u00e7\u0131l\u0131r veya yandan a\u00e7\u0131l\u0131r tasar\u0131m gibi. \u0130\u00e7 alan, ta\u015f\u0131ma s\u0131ras\u0131nda sars\u0131nt\u0131dan kaynaklanan hasar riskini \u00f6nlemek i\u00e7in \u015fi\u015fenin boyutuna g\u00f6re do\u011fru bir \u015fekilde uyarlanabilir.<\/p>\n<p><img fetchpriority=\"high\" decoding=\"async\" class=\"alignnone wp-image-1187 size-full\" src=\"https:\/\/chinacustomboxes.com\/wp-content\/uploads\/2025\/04\/CBD-Oil-Packaging-Box-1.jpg\" alt=\"CBD Ya\u011f Ambalaj Kutusu\" width=\"800\" height=\"800\" title=\"\" srcset=\"https:\/\/chinacustomboxes.com\/wp-content\/uploads\/2025\/04\/CBD-Oil-Packaging-Box-1.jpg 800w, https:\/\/chinacustomboxes.com\/wp-content\/uploads\/2025\/04\/CBD-Oil-Packaging-Box-1-300x300.jpg 300w, https:\/\/chinacustomboxes.com\/wp-content\/uploads\/2025\/04\/CBD-Oil-Packaging-Box-1-150x150.jpg 150w, https:\/\/chinacustomboxes.com\/wp-content\/uploads\/2025\/04\/CBD-Oil-Packaging-Box-1-768x768.jpg 768w, https:\/\/chinacustomboxes.com\/wp-content\/uploads\/2025\/04\/CBD-Oil-Packaging-Box-1-12x12.jpg 12w, https:\/\/chinacustomboxes.com\/wp-content\/uploads\/2025\/04\/CBD-Oil-Packaging-Box-1-600x600.jpg 600w, https:\/\/chinacustomboxes.com\/wp-content\/uploads\/2025\/04\/CBD-Oil-Packaging-Box-1-100x100.jpg 100w\" sizes=\"(max-width: 800px) 100vw, 800px\" \/><\/p>\n<h2 id=\"-2-customized-lining-stable-protection-and-fit-\"><strong>2. \u00d6zelle\u015ftirilmi\u015f Astar: Kararl\u0131 Koruma ve Uyum<\/strong><\/h2>\n<p>Astar, y\u00fcksek yo\u011funluklu EVA veya geri d\u00f6n\u00fc\u015ft\u00fcr\u00fclm\u00fc\u015f s\u00fcnger malzemeden yap\u0131lm\u0131\u015ft\u0131r ve kavisli yap\u0131, ta\u015f\u0131ma s\u0131ras\u0131nda s\u0131f\u0131r yer de\u011fi\u015ftirmeyi sa\u011flamak i\u00e7in CBD ya\u011f \u015fi\u015fesine m\u00fckemmel \u015fekilde uyacak \u015fekilde 3D modelleme teknolojisi ile \u00f6zelle\u015ftirilmi\u015ftir. Astar, farkl\u0131 \u00f6zelliklere sahip \u015fi\u015feler (damlal\u0131kl\u0131 \u015fi\u015feler, sprey \u015fi\u015feleri gibi) i\u00e7in uygun, par\u00e7al\u0131 veya entegre olarak tasarlanabilir ve \u015fok direncini art\u0131rmak i\u00e7in tampon oluklar\u0131n\u0131n eklenmesini destekler.<\/p>\n<h2 id=\"-3-surface-technology-matte-lamination-and-high-end-texture-\"><strong>3. Y\u00fczey teknolojisi: mat laminasyon ve \u00fcst d\u00fczey doku<\/strong><\/h2>\n<p>Y\u00fczey, ucuz yans\u0131t\u0131c\u0131 dokudan ka\u00e7\u0131nmak i\u00e7in mat laminasyon teknolojisini benimserken, \u00fcst d\u00fczey CBD ya\u011f\u0131 ve sa\u011fl\u0131k \u00fcr\u00fcnlerinin marka konumland\u0131rmas\u0131na uygun olarak a\u015f\u0131nma direncini ve nem direncini art\u0131r\u0131r. \u0130ste\u011fe ba\u011fl\u0131 doku teknolojisi (dokunmatik film, imitasyon deri kabartma gibi) \u00fcr\u00fcn farkl\u0131la\u015ft\u0131rmas\u0131n\u0131 daha da geli\u015ftirir ve do\u011fal ve organik marka tonunu iletir.<\/p>\n<p><img decoding=\"async\" class=\"alignnone wp-image-1188 size-full\" src=\"https:\/\/chinacustomboxes.com\/wp-content\/uploads\/2025\/04\/CBD-Oil-Packaging-Box-2.jpg\" alt=\"CBD Ya\u011f Ambalaj Kutusu\" width=\"500\" height=\"500\" title=\"\" srcset=\"https:\/\/chinacustomboxes.com\/wp-content\/uploads\/2025\/04\/CBD-Oil-Packaging-Box-2.jpg 500w, https:\/\/chinacustomboxes.com\/wp-content\/uploads\/2025\/04\/CBD-Oil-Packaging-Box-2-300x300.jpg 300w, https:\/\/chinacustomboxes.com\/wp-content\/uploads\/2025\/04\/CBD-Oil-Packaging-Box-2-150x150.jpg 150w, https:\/\/chinacustomboxes.com\/wp-content\/uploads\/2025\/04\/CBD-Oil-Packaging-Box-2-12x12.jpg 12w, https:\/\/chinacustomboxes.com\/wp-content\/uploads\/2025\/04\/CBD-Oil-Packaging-Box-2-100x100.jpg 100w\" sizes=\"(max-width: 500px) 100vw, 500px\" \/><\/p>\n<h2 id=\"-4-printing-technology-precise-color-and-brand-enhancement-\"><strong>4. Bask\u0131 teknolojisi: hassas renk ve marka geli\u015ftirme<\/strong><\/h2>\n<p>Desenler ve metinler aras\u0131nda renk fark\u0131 olmamas\u0131n\u0131 sa\u011flamak i\u00e7in y\u00fcksek \u00e7\u00f6z\u00fcn\u00fcrl\u00fckl\u00fc ofset bask\u0131 veya dijital bask\u0131 teknolojisi kullan\u0131n ve Pantone spot renk e\u015fle\u015ftirmesini destekleyin. Bas\u0131l\u0131 i\u00e7erik, hem esteti\u011fi hem de uyumlulu\u011fu dikkate alarak marka logolar\u0131n\u0131, i\u00e7erik a\u00e7\u0131klamalar\u0131n\u0131 ve y\u00f6netmeliklerin gerektirdi\u011fi uyar\u0131 bilgilerini kapsayabilir. Kenevir \u00fcr\u00fcnleri i\u00e7in, sahtecili\u011fe kar\u015f\u0131 etiket yuvalar\u0131 veya UV g\u00f6r\u00fcnmez kodlar, \u00fcr\u00fcn g\u00fcvenilirli\u011fini art\u0131rmak i\u00e7in \u00f6zelle\u015ftirilebilir.<\/p>\n<h2 id=\"-5-certification-qualifications-compliant-production-and-brand-premium-\"><strong>5. Sertifikasyon nitelikleri: uyumlu \u00fcretim ve marka primi<\/strong><\/h2>\n<p>Fabrika, FSC orman sertifikas\u0131na (s\u00fcrd\u00fcr\u00fclebilir ka\u011f\u0131t kaynaklar\u0131n\u0131n sa\u011flanmas\u0131), ISO 15378 (ila\u00e7 ambalaj\u0131 kalite y\u00f6netim sistemi) ve BSCI sosyal sorumluluk sertifikas\u0131na sahip olup, a\u015fa\u011f\u0131daki gereklilikleri kar\u015f\u0131lamaktad\u0131r <a href=\"https:\/\/chinacustomboxes.com\/tr\/fabrication-cannabis-cbd-oil-packaging-custom-folding-carton\/\">CBD ya\u011f ambalaj\u0131<\/a> Avrupa ve Amerika pazarlar\u0131nda. Sertifikasyon nitelikleri, t\u00fcketici g\u00fcvenini ve marka prim alan\u0131n\u0131 art\u0131rmak i\u00e7in ambalaj kutusunun alt\u0131na veya yan\u0131na bas\u0131labilir.<\/p>\n<p><img decoding=\"async\" class=\"alignnone wp-image-1189 size-full\" src=\"https:\/\/chinacustomboxes.com\/wp-content\/uploads\/2025\/04\/CBD-Oil-Packaging-Box-4.jpg\" alt=\"CBD Ya\u011f Ambalaj Kutusu\" width=\"800\" height=\"800\" title=\"\" srcset=\"https:\/\/chinacustomboxes.com\/wp-content\/uploads\/2025\/04\/CBD-Oil-Packaging-Box-4.jpg 800w, https:\/\/chinacustomboxes.com\/wp-content\/uploads\/2025\/04\/CBD-Oil-Packaging-Box-4-300x300.jpg 300w, https:\/\/chinacustomboxes.com\/wp-content\/uploads\/2025\/04\/CBD-Oil-Packaging-Box-4-150x150.jpg 150w, https:\/\/chinacustomboxes.com\/wp-content\/uploads\/2025\/04\/CBD-Oil-Packaging-Box-4-768x768.jpg 768w, https:\/\/chinacustomboxes.com\/wp-content\/uploads\/2025\/04\/CBD-Oil-Packaging-Box-4-12x12.jpg 12w, https:\/\/chinacustomboxes.com\/wp-content\/uploads\/2025\/04\/CBD-Oil-Packaging-Box-4-600x600.jpg 600w, https:\/\/chinacustomboxes.com\/wp-content\/uploads\/2025\/04\/CBD-Oil-Packaging-Box-4-100x100.jpg 100w\" sizes=\"(max-width: 800px) 100vw, 800px\" \/><\/p>\n<h2 id=\"-6-all-round-customization-service-\"><strong>6. \u00c7ok y\u00f6nl\u00fc \u00f6zelle\u015ftirme hizmeti<\/strong><\/h2>\n<ul>\n<li><strong>Malzeme se\u00e7imi<\/strong>: \u00c7evre koruma ve mukavemet gereksinimlerini kar\u015f\u0131lamak i\u00e7in FSC sertifikal\u0131 karton, par\u00e7alanabilir plastik veya kompozit malzemeler sa\u011flay\u0131n.<\/li>\n<li><strong>Kutu tipi ayar\u0131<\/strong>: \u00c7ekmece ka\u011f\u0131d\u0131 gibi \u00f6zel yap\u0131lar\u0131 destekleyin ve <a href=\"https:\/\/chinacustomboxes.com\/tr\/direct-factory-magnetic-closure-box-oral-irrigator-packaging\/\">manyetik kapama kutusu<\/a>esrar \u00fcr\u00fcnlerinin \u00e7e\u015fitli ihtiya\u00e7lar\u0131na uyum sa\u011flamak i\u00e7in.<\/li>\n<li><strong>\u0130\u015flev geni\u015fletme<\/strong>: \u00dcr\u00fcn izlenebilirli\u011fini art\u0131rmak i\u00e7in sahtecili\u011fe kar\u015f\u0131 \u00e7ipler ve RFID etiketleri gibi ak\u0131ll\u0131 teknolojiler entegre edilebilir.<\/li>\n<\/ul>\n<h2 id=\"-cooperation-process-\"><strong>\u0130\u015fbirli\u011fi s\u00fcreci<\/strong>:<\/h2>\n<ol>\n<li>\u015ei\u015fe boyutu, tasar\u0131m tasla\u011f\u0131 ve sertifikasyon gerekliliklerini sa\u011flay\u0131n;<\/li>\n<li>3D kutu tipi \u00e7izimleri ve malzeme \u00e7\u00f6z\u00fcmlerini 24 saat i\u00e7inde sa\u011flay\u0131n;<\/li>\n<li>Prova onay\u0131ndan sonra seri \u00fcretim ve teslimat 7-14 g\u00fcn i\u00e7inde tamamlanacakt\u0131r.<\/li>\n<\/ol>","protected":false},"excerpt":{"rendered":"<p>Karton kutu tasar\u0131m\u0131 istifleme ve depolama i\u00e7in uygundur ve CBD ya\u011f\u0131, ila\u00e7 ve sa\u011fl\u0131k bak\u0131m \u00fcr\u00fcnleri ambalaj\u0131 i\u00e7in Avrupa ve Amerika pazarlar\u0131n\u0131n basit ve pratik ihtiya\u00e7lar\u0131n\u0131 kar\u015f\u0131lar. Y\u00fczey laminasyon i\u015flemi ucuz yans\u0131t\u0131c\u0131 dokuyu \u00f6nler ve \u00fcst d\u00fczey CBD ya\u011f\u0131 ve sa\u011fl\u0131k bak\u0131m \u00fcr\u00fcnlerinin konumland\u0131r\u0131lmas\u0131yla uyumludur. CBD ya\u011f\u0131 ve kenevir serisi ambalajlar\u0131n\u0131n ihtiya\u00e7lar\u0131n\u0131 kar\u015f\u0131lamak i\u00e7in y\u00fckseklik, kutu tipi, malzeme ve y\u00fczey bask\u0131s\u0131 gibi ihtiya\u00e7lar\u0131n\u0131za g\u00f6re \u00f6zelle\u015ftirilebilir.<\/p>","protected":false},"featured_media":1187,"template":"","meta":{"_kad_post_transparent":"default","_kad_post_title":"","_kad_post_layout":"default","_kad_post_sidebar_id":"","_kad_post_content_style":"default","_kad_post_vertical_padding":"default","_kad_post_feature":"","_kad_post_feature_position":"","_kad_post_header":false,"_kad_post_footer":false,"_kad_post_classname":""},"product_brand":[],"product_cat":[15,17,29,24],"product_tag":[463,465,464],"class_list":{"0":"post-1186","1":"product","2":"type-product","3":"status-publish","4":"has-post-thumbnail","6":"product_cat-boxes-by-shapes","7":"product_cat-boxes-by-industries","8":"product_cat-cbd-oil-boxes","9":"product_cat-folding-cartons","10":"product_tag-custom-cbd-boxes","11":"product_tag-custom-printed-cbd-packaging","12":"product_tag-get-custom-cbd-boxes","14":"first","15":"instock","16":"shipping-taxable","17":"product-type-simple","18":"entry","19":"content-bg","20":"loop-entry"},"_links":{"self":[{"href":"https:\/\/chinacustomboxes.com\/tr\/wp-json\/wp\/v2\/product\/1186","targetHints":{"allow":["GET"]}}],"collection":[{"href":"https:\/\/chinacustomboxes.com\/tr\/wp-json\/wp\/v2\/product"}],"about":[{"href":"https:\/\/chinacustomboxes.com\/tr\/wp-json\/wp\/v2\/types\/product"}],"wp:featuredmedia":[{"embeddable":true,"href":"https:\/\/chinacustomboxes.com\/tr\/wp-json\/wp\/v2\/media\/1187"}],"wp:attachment":[{"href":"https:\/\/chinacustomboxes.com\/tr\/wp-json\/wp\/v2\/media?parent=1186"}],"wp:term":[{"taxonomy":"product_brand","embeddable":true,"href":"https:\/\/chinacustomboxes.com\/tr\/wp-json\/wp\/v2\/product_brand?post=1186"},{"taxonomy":"product_cat","embeddable":true,"href":"https:\/\/chinacustomboxes.com\/tr\/wp-json\/wp\/v2\/product_cat?post=1186"},{"taxonomy":"product_tag","embeddable":true,"href":"https:\/\/chinacustomboxes.com\/tr\/wp-json\/wp\/v2\/product_tag?post=1186"}],"curies":[{"name":"wp","href":"https:\/\/api.w.org\/{rel}","templated":true}]}}