{"id":2251,"date":"2025-08-15T03:00:43","date_gmt":"2025-08-15T03:00:43","guid":{"rendered":"https:\/\/chinacustomboxes.com\/?post_type=product&#038;p=2251"},"modified":"2025-08-15T05:50:23","modified_gmt":"2025-08-15T05:50:23","slug":"luxury-perfume-drawer-packaging-gift-boxes-manufacturer","status":"publish","type":"product","link":"https:\/\/chinacustomboxes.com\/tr\/luxury-perfume-drawer-packaging-gift-boxes-manufacturer\/","title":{"rendered":"L\u00fcks Parf\u00fcm \u00c7ekmecesi Ambalaj\u0131 Hediye Kutular\u0131 \u00dcreticisi"},"content":{"rendered":"<h2 id=\"deluxe-fragrance-drawer-packaging-gift-boxes-accuracy-workmanship-fulfills-classic-beauty\">Deluxe Koku \u00c7ekmecesi Ambalaj\u0131 Hediye Kutular\u0131: Hassas \u0130\u015f\u00e7ilik Klasik G\u00fczelli\u011fin Gere\u011fini Yerine Getiriyor<\/h2>\n<p>Detaylara \u00f6zen g\u00f6sterilerek \u00fcretilen l\u00fcks koku dolab\u0131 \u00fcr\u00fcn\u00fcm\u00fcz <a href=\"https:\/\/chinacustomboxes.com\/tr\/luxury-paper-gift-bags-for-cosmetics-perfume-distributors\/\">ambalaj kutular\u0131<\/a> koku sunumunu yeniden tan\u0131mlamak i\u00e7in yenilik\u00e7i tasar\u0131m ve zengin g\u00f6rsel \u00e7ekicilikleri entegre edin. A\u015fa\u011f\u0131da, gereksinimlerinize g\u00f6re d\u00fczenlenmi\u015f kapsaml\u0131 bir \u00fcr\u00fcn spesifikasyonu bulunmaktad\u0131r:<\/p>\n<h2 id=\"1-smooth-drawer-device\">1. D\u00fcz \u00c7ekmece Cihaz\u0131<\/h2>\n<ul>\n<li>Bas-\u00c7ek Stili: D\u0131\u015f kutu (d\u0131\u015f alan) ve i\u00e7 \u00e7ekmecenin (i\u00e7 \u00e7ekmece) geli\u015fmi\u015f bir kar\u0131\u015f\u0131m\u0131n\u0131 kullanarak, hareketli bir ray taban\u0131 ile birle\u015fti\u011finde, \u00fcst d\u00fczey parf\u00fcmlerin kutu a\u00e7ma rit\u00fcelini kusursuz bir \u015fekilde ki\u015file\u015ftirerek sorunsuz a\u00e7ma ve kapama sa\u011flar. Ray kenarlar\u0131, \u00e7apaklar\u0131 gidermek ve ipeksi p\u00fcr\u00fczs\u00fczl\u00fckte bir tepki deneyimi sa\u011flamak i\u00e7in milimetrik derecede parlat\u0131lm\u0131\u015ft\u0131r.<\/li>\n<li>Zekice A\u00e7\u0131l\u0131r ve Kapan\u0131r: Standart \u00e7ekmece d\u00fczenini terk eden bu <a href=\"https:\/\/chinacustomboxes.com\/tr\/custom-child-proof-5-pre-roll-drawer-box-divider-boxes-consultant\/\">kutu<\/a> hafif bir dokunu\u015f i\u00e7in iste\u011fe ba\u011fl\u0131 yay tahrikli bir sistem i\u00e7erir ve a\u015f\u0131r\u0131 g\u00fc\u00e7 nedeniyle koku \u015fi\u015fesinin sallanma tehdidini ortadan kald\u0131r\u0131r.<\/li>\n<\/ul>\n<p><img fetchpriority=\"high\" decoding=\"async\" class=\"alignnone wp-image-2252 size-full\" src=\"https:\/\/chinacustomboxes.com\/wp-content\/uploads\/2025\/08\/Luxury-Perfume-Drawer-Packaging-Gift-Boxes-Manufacturer-1.jpg\" alt=\"L\u00fcks Parf\u00fcm \u00c7ekmecesi Ambalaj\u0131 Hediye Kutular\u0131 \u00dcreticisi\" width=\"1000\" height=\"1000\" title=\"\" srcset=\"https:\/\/chinacustomboxes.com\/wp-content\/uploads\/2025\/08\/Luxury-Perfume-Drawer-Packaging-Gift-Boxes-Manufacturer-1.jpg 1000w, https:\/\/chinacustomboxes.com\/wp-content\/uploads\/2025\/08\/Luxury-Perfume-Drawer-Packaging-Gift-Boxes-Manufacturer-1-300x300.jpg 300w, https:\/\/chinacustomboxes.com\/wp-content\/uploads\/2025\/08\/Luxury-Perfume-Drawer-Packaging-Gift-Boxes-Manufacturer-1-150x150.jpg 150w, https:\/\/chinacustomboxes.com\/wp-content\/uploads\/2025\/08\/Luxury-Perfume-Drawer-Packaging-Gift-Boxes-Manufacturer-1-768x768.jpg 768w, https:\/\/chinacustomboxes.com\/wp-content\/uploads\/2025\/08\/Luxury-Perfume-Drawer-Packaging-Gift-Boxes-Manufacturer-1-12x12.jpg 12w, https:\/\/chinacustomboxes.com\/wp-content\/uploads\/2025\/08\/Luxury-Perfume-Drawer-Packaging-Gift-Boxes-Manufacturer-1-600x600.jpg 600w, https:\/\/chinacustomboxes.com\/wp-content\/uploads\/2025\/08\/Luxury-Perfume-Drawer-Packaging-Gift-Boxes-Manufacturer-1-100x100.jpg 100w\" sizes=\"(max-width: 1000px) 100vw, 1000px\" \/><\/p>\n<h2 id=\"2-internal-protection-system-precision-cradle-defense\">2. \u0130\u00e7 Koruma Sistemi | Hassas Be\u015fik ve Savunma<\/h2>\n<ul>\n<li>\u00d6zelle\u015ftirilmi\u015f Oluk \u0130\u015flemi: 3D modelleme bilgilerine dayanarak, \u00e7ekmecenin i\u00e7 kutusuna \u00f6zel bir oluk a\u00e7\u0131l\u0131r ve \"y\u00fczer\" g\u00fcvenli bir uyum i\u00e7in parf\u00fcm kab\u0131n\u0131 s\u0131k\u0131ca kaplar. Oluk, ta\u015f\u0131ma titre\u015fimlerini uygun \u015fekilde emmek ve \u00e7izilmeleri ve s\u0131z\u0131nt\u0131lar\u0131 \u00f6nlemek i\u00e7in y\u00fcksek yo\u011funluklu, \u00e7evre dostu EVA k\u00f6p\u00fck (ayarlanabilir yo\u011funluk) ile kaplanm\u0131\u015ft\u0131r.<\/li>\n<li>\u00c7ift Savunma Tasar\u0131m\u0131: Yivin alt\u0131ndaki i\u00e7i bo\u015f bir \u00e7er\u00e7eve, koku \u015fi\u015fesine tek elle \u00e7ok kolay eri\u015fim sa\u011flar. Kaba s\u00fcrt\u00fcnme ile tetiklenen sabit k\u0131v\u0131lc\u0131mlar\u0131 \u00f6nlemek i\u00e7in anti-statik bir kaplama da dahil edilebilir.<\/li>\n<\/ul>\n<p><img decoding=\"async\" class=\"alignnone wp-image-2253 size-full\" src=\"https:\/\/chinacustomboxes.com\/wp-content\/uploads\/2025\/08\/Luxury-Perfume-Drawer-Packaging-Gift-Boxes-Manufacturer-2.jpg\" alt=\"L\u00fcks Parf\u00fcm \u00c7ekmecesi Ambalaj\u0131 Hediye Kutular\u0131 \u00dcreticisi\" width=\"1000\" height=\"1000\" title=\"\" srcset=\"https:\/\/chinacustomboxes.com\/wp-content\/uploads\/2025\/08\/Luxury-Perfume-Drawer-Packaging-Gift-Boxes-Manufacturer-2.jpg 1000w, https:\/\/chinacustomboxes.com\/wp-content\/uploads\/2025\/08\/Luxury-Perfume-Drawer-Packaging-Gift-Boxes-Manufacturer-2-300x300.jpg 300w, https:\/\/chinacustomboxes.com\/wp-content\/uploads\/2025\/08\/Luxury-Perfume-Drawer-Packaging-Gift-Boxes-Manufacturer-2-150x150.jpg 150w, https:\/\/chinacustomboxes.com\/wp-content\/uploads\/2025\/08\/Luxury-Perfume-Drawer-Packaging-Gift-Boxes-Manufacturer-2-768x768.jpg 768w, https:\/\/chinacustomboxes.com\/wp-content\/uploads\/2025\/08\/Luxury-Perfume-Drawer-Packaging-Gift-Boxes-Manufacturer-2-12x12.jpg 12w, https:\/\/chinacustomboxes.com\/wp-content\/uploads\/2025\/08\/Luxury-Perfume-Drawer-Packaging-Gift-Boxes-Manufacturer-2-600x600.jpg 600w, https:\/\/chinacustomboxes.com\/wp-content\/uploads\/2025\/08\/Luxury-Perfume-Drawer-Packaging-Gift-Boxes-Manufacturer-2-100x100.jpg 100w\" sizes=\"(max-width: 1000px) 100vw, 1000px\" \/><\/p>\n<h2 id=\"3-box-product-feeling-natural-appearance-tactile-luxury\">3. Kutu \u00dcr\u00fcn\u00fc ve Hissi | Do\u011fal G\u00f6r\u00fcn\u00fcm ve Dokunsal L\u00fcks<\/h2>\n<ul>\n<li>Do\u011fal G\u00f6r\u00fcn\u00fcml\u00fc Y\u00fczey Alan\u0131: \u0130thal bitkisel parf\u00fcml\u00fc ka\u011f\u0131ttan veya sanatsal kabartmal\u0131 olarak \u00fcretilmi\u015ftir <a href=\"https:\/\/chinacustomboxes.com\/tr\/exporter-unique-marble-paper-shopping-gift-bag-for-hair-wigs\/\">Ka\u011f\u0131t<\/a>Do\u011fal elyaf g\u00f6r\u00fcn\u00fcm\u00fc korunur, pakete mat bir y\u00fczey ve s\u0131cak bir dokunu\u015f sunar. Y\u00fczey, neme ve parmak izine kar\u015f\u0131 dayan\u0131kl\u0131l\u0131k i\u00e7in su bazl\u0131 bir apre ile i\u015flenmi\u015ftir.<\/li>\n<li>3D Dekoratif \u0130\u015f\u00e7ilik: D\u00fczensiz sar\u0131 ve beyaz dokular, yarat\u0131c\u0131 kabartma ve ekran bask\u0131s\u0131 ile \u00fc\u00e7 boyutlu bir doku (i\u00e7b\u00fckey ve d\u0131\u015fb\u00fckey derinlik 0,3- 0,5 mm) olu\u015fturarak ve soyulmadan 10.000 s\u00fcrt\u00fcnme d\u00f6ng\u00fcs\u00fcne kadar a\u015f\u0131nma direnci ile ger\u00e7ekle\u015ftirilir.<\/li>\n<\/ul>\n<p><img decoding=\"async\" class=\"alignnone wp-image-2254 size-full\" src=\"https:\/\/chinacustomboxes.com\/wp-content\/uploads\/2025\/08\/Luxury-Perfume-Drawer-Packaging-Gift-Boxes-Manufacturer-3.jpg\" alt=\"L\u00fcks Parf\u00fcm \u00c7ekmecesi Ambalaj\u0131 Hediye Kutular\u0131 \u00dcreticisi\" width=\"1000\" height=\"1000\" title=\"\" srcset=\"https:\/\/chinacustomboxes.com\/wp-content\/uploads\/2025\/08\/Luxury-Perfume-Drawer-Packaging-Gift-Boxes-Manufacturer-3.jpg 1000w, https:\/\/chinacustomboxes.com\/wp-content\/uploads\/2025\/08\/Luxury-Perfume-Drawer-Packaging-Gift-Boxes-Manufacturer-3-300x300.jpg 300w, https:\/\/chinacustomboxes.com\/wp-content\/uploads\/2025\/08\/Luxury-Perfume-Drawer-Packaging-Gift-Boxes-Manufacturer-3-150x150.jpg 150w, https:\/\/chinacustomboxes.com\/wp-content\/uploads\/2025\/08\/Luxury-Perfume-Drawer-Packaging-Gift-Boxes-Manufacturer-3-768x768.jpg 768w, https:\/\/chinacustomboxes.com\/wp-content\/uploads\/2025\/08\/Luxury-Perfume-Drawer-Packaging-Gift-Boxes-Manufacturer-3-12x12.jpg 12w, https:\/\/chinacustomboxes.com\/wp-content\/uploads\/2025\/08\/Luxury-Perfume-Drawer-Packaging-Gift-Boxes-Manufacturer-3-600x600.jpg 600w, https:\/\/chinacustomboxes.com\/wp-content\/uploads\/2025\/08\/Luxury-Perfume-Drawer-Packaging-Gift-Boxes-Manufacturer-3-100x100.jpg 100w\" sizes=\"(max-width: 1000px) 100vw, 1000px\" \/><\/p>\n<h2 id=\"4-user-friendly-information-fine-tuned-useful-aspects\">4. Kullan\u0131c\u0131 Dostu Bilgiler | \u0130nce Ayarlanm\u0131\u015f Faydal\u0131 Y\u00f6nler<\/h2>\n<ul>\n<li>A\u00e7ma Deste\u011fi: G\u00f6m\u00fcl\u00fc bir siyah dokuma pamuk anla\u015fma (geni\u015flik \u2265 15mm) dolap a\u00e7ma kolayl\u0131\u011f\u0131n\u0131 art\u0131r\u0131r; sap, kal\u0131c\u0131 deformasyon sa\u011flamak i\u00e7in sonunda \u00e7elik bir per\u00e7in ile korunur.<\/li>\n<li>\u00dcst D\u00fczey Logo Stili: Metal marka isim etiketi, alt\u0131n, platin veya bronz renklerde haz\u0131r bulunan \u00e7inko ala\u015f\u0131m\u0131yla elektrolizle kaplanm\u0131\u015ft\u0131r. Mikro a\u015f\u0131nd\u0131rma teknolojisi \u2264 0,1 mm logo tasar\u0131m derinli\u011fi sa\u011flar.<\/li>\n<\/ul>\n<h2 id=\"5-shade-and-aesthetic-logic-iconic-shade-strategy\">5. G\u00f6lge ve Estetik Mant\u0131k | \u0130konik G\u00f6lge Stratejisi<\/h2>\n<ul>\n<li>Standart L\u00fcks Renk: Derin koyu ye\u015fil (Pantone 627C) birincil renktir ve \u2265 85%'de ya\u015far. <a href=\"https:\/\/chinacustomboxes.com\/tr\/customized-slider-child-resistant-box-rigid-boxes-wholesale\/\">kutu<\/a> y\u00fczey, do\u011fay\u0131 ve sonsuzlu\u011fu simgeliyor. Mat siyah \u00e7ekmece \u00fcstleri ve \u00e7elik etiketler, ayd\u0131nl\u0131k ve karanl\u0131k aras\u0131nda bir kontrast yaratarak estetik g\u00fc\u00e7 yap\u0131s\u0131n\u0131 geli\u015ftiriyor.<\/li>\n<li>Kal\u0131c\u0131 G\u00f6lge \u0130\u015fleme: Bitki bazl\u0131 su bazl\u0131 m\u00fcrekkep kullan\u0131larak bas\u0131lm\u0131\u015ft\u0131r, g\u00f6lge tutars\u0131zl\u0131\u011f\u0131 \u2264 0,5 \u0394E'dir (d\u00fcnya \u00e7ap\u0131nda gereksinim) ve FSC \u00e7evre sertifikas\u0131na uygundur.<\/li>\n<\/ul>\n<p><img loading=\"lazy\" decoding=\"async\" class=\"alignnone wp-image-2255 size-full\" src=\"https:\/\/chinacustomboxes.com\/wp-content\/uploads\/2025\/08\/Luxury-Perfume-Drawer-Packaging-Gift-Boxes-Manufacturer-4.jpg\" alt=\"L\u00fcks Parf\u00fcm \u00c7ekmecesi Ambalaj\u0131 Hediye Kutular\u0131 \u00dcreticisi\" width=\"1000\" height=\"1000\" title=\"\" srcset=\"https:\/\/chinacustomboxes.com\/wp-content\/uploads\/2025\/08\/Luxury-Perfume-Drawer-Packaging-Gift-Boxes-Manufacturer-4.jpg 1000w, https:\/\/chinacustomboxes.com\/wp-content\/uploads\/2025\/08\/Luxury-Perfume-Drawer-Packaging-Gift-Boxes-Manufacturer-4-300x300.jpg 300w, https:\/\/chinacustomboxes.com\/wp-content\/uploads\/2025\/08\/Luxury-Perfume-Drawer-Packaging-Gift-Boxes-Manufacturer-4-150x150.jpg 150w, https:\/\/chinacustomboxes.com\/wp-content\/uploads\/2025\/08\/Luxury-Perfume-Drawer-Packaging-Gift-Boxes-Manufacturer-4-768x768.jpg 768w, https:\/\/chinacustomboxes.com\/wp-content\/uploads\/2025\/08\/Luxury-Perfume-Drawer-Packaging-Gift-Boxes-Manufacturer-4-12x12.jpg 12w, https:\/\/chinacustomboxes.com\/wp-content\/uploads\/2025\/08\/Luxury-Perfume-Drawer-Packaging-Gift-Boxes-Manufacturer-4-600x600.jpg 600w, https:\/\/chinacustomboxes.com\/wp-content\/uploads\/2025\/08\/Luxury-Perfume-Drawer-Packaging-Gift-Boxes-Manufacturer-4-100x100.jpg 100w\" sizes=\"(max-width: 1000px) 100vw, 1000px\" \/><\/p>\n<h2 id=\"6-precision-production-criteria-millimeter-perfect-design\">6. Hassas \u00dcretim Kriterleri | Milimetrik M\u00fckemmel Tasar\u0131m<\/h2>\n<ul>\n<li>Kal\u0131p Hassasiyeti Kontrol\u00fc: Paket g\u00f6vdesi, CNC hassas oymal\u0131 kal\u0131p ve k\u00fcf (diren\u00e7 \u00b1 0,05 mm) kullan\u0131r, bu da keskin k\u00f6\u015felere yol a\u00e7ar ve ufalanma olmaz. Kabin ray\u0131 bo\u015flu\u011fu \u2264 0,2 mm'dir ve sorunsuz hareket ve \u00e7izim sa\u011flar.<\/li>\n<li>Tozsuz \u00dcretim Ortam\u0131: T\u00fcm prosed\u00fcr, toz kirlili\u011fini ortadan kald\u0131ran ve g\u00fczel bir y\u00fczey alan\u0131 dokusunu garanti eden bir Kurs 10.000 temiz odada tamamlan\u0131r.<\/li>\n<\/ul>\n<p><img loading=\"lazy\" decoding=\"async\" class=\"alignnone wp-image-2256 size-full\" src=\"https:\/\/chinacustomboxes.com\/wp-content\/uploads\/2025\/08\/Luxury-Perfume-Drawer-Packaging-Gift-Boxes-Manufacturer-5.jpg\" alt=\"L\u00fcks Parf\u00fcm \u00c7ekmecesi Ambalaj\u0131 Hediye Kutular\u0131 \u00dcreticisi\" width=\"1000\" height=\"1000\" title=\"\" srcset=\"https:\/\/chinacustomboxes.com\/wp-content\/uploads\/2025\/08\/Luxury-Perfume-Drawer-Packaging-Gift-Boxes-Manufacturer-5.jpg 1000w, https:\/\/chinacustomboxes.com\/wp-content\/uploads\/2025\/08\/Luxury-Perfume-Drawer-Packaging-Gift-Boxes-Manufacturer-5-300x300.jpg 300w, https:\/\/chinacustomboxes.com\/wp-content\/uploads\/2025\/08\/Luxury-Perfume-Drawer-Packaging-Gift-Boxes-Manufacturer-5-150x150.jpg 150w, https:\/\/chinacustomboxes.com\/wp-content\/uploads\/2025\/08\/Luxury-Perfume-Drawer-Packaging-Gift-Boxes-Manufacturer-5-768x768.jpg 768w, https:\/\/chinacustomboxes.com\/wp-content\/uploads\/2025\/08\/Luxury-Perfume-Drawer-Packaging-Gift-Boxes-Manufacturer-5-12x12.jpg 12w, https:\/\/chinacustomboxes.com\/wp-content\/uploads\/2025\/08\/Luxury-Perfume-Drawer-Packaging-Gift-Boxes-Manufacturer-5-600x600.jpg 600w, https:\/\/chinacustomboxes.com\/wp-content\/uploads\/2025\/08\/Luxury-Perfume-Drawer-Packaging-Gift-Boxes-Manufacturer-5-100x100.jpg 100w\" sizes=\"(max-width: 1000px) 100vw, 1000px\" \/><\/p>\n<h2 id=\"7-rapid-development-capabilities-agile-prototyping-manufacturing\">7. H\u0131zl\u0131 Geli\u015ftirme Yetenekleri | \u00c7evik Prototipleme ve \u00dcretim<\/h2>\n<ul>\n<li>Dijital Geli\u015ftirme S\u00fcreci: Kutu \u00e7er\u00e7evesinin ger\u00e7ek zamanl\u0131 sim\u00fclasyonu i\u00e7in 3D modellemeyi (Rhino\/SolidWorks) destekler. Lazer kesim \u00f6rnekler 8 saat i\u00e7inde do\u011frulanabilir ve stil s\u00fcr\u00fcmlerini h\u0131zland\u0131r\u0131r.<\/li>\n<li>\u00c7ok y\u00f6nl\u00fc \u00fcretim geri bildirimi: Otomasyon d\u00f6ng\u00fcs\u00fc 15-20 g\u00fcnd\u00fcr (\u00f6zel s\u00fcre\u00e7lerden olu\u015fur), MOQ 500 adettir ve OEM \/ ODM talepleri ile \u00e7al\u0131\u015f\u0131r.<\/li>\n<\/ul>","protected":false},"excerpt":{"rendered":"<p>\u00c7ekmeceli parf\u00fcm hediye kutusu, a\u00e7\u0131ld\u0131\u011f\u0131nda bir rit\u00fcel hissi yaratan kayar ray tasar\u0131m\u0131na sahiptir. Parf\u00fcm \u015fi\u015fesinin \"ask\u0131ya al\u0131nmas\u0131n\u0131\" ve sabitlenmesini sa\u011flamak i\u00e7in y\u00fcksek hassasiyetli EVA oluklar yerle\u015ftirilmi\u015ftir. Bitkisel kokulu ka\u011f\u0131d\u0131n do\u011fal dokusu ve detayl\u0131 metal etiket huzurlu ve l\u00fcks bir deneyim yarat\u0131r. Kutu milimetrik d\u00fczeyde kal\u0131p kesimiyle kesilerek keskin kenarlar ve k\u00f6\u015feler elde edilmi\u015ftir. Koyu ye\u015fil ana rengi, sanatsal bir kabartmal\u0131 serigrafi bask\u0131yla tamamlanarak s\u00fcrd\u00fcr\u00fclebilir bir g\u00f6rsel klasik yarat\u0131yor. H\u0131zl\u0131 prova i\u00e7in 3D modelleme desteklenir ve 15 g\u00fcn i\u00e7inde k\u00fcresel teslimat yap\u0131l\u0131r.<\/p>","protected":false},"featured_media":2252,"template":"","meta":{"_kad_post_transparent":"default","_kad_post_title":"","_kad_post_layout":"default","_kad_post_sidebar_id":"","_kad_post_content_style":"default","_kad_post_vertical_padding":"default","_kad_post_feature":"","_kad_post_feature_position":"","_kad_post_header":false,"_kad_post_footer":false,"_kad_post_classname":""},"product_brand":[],"product_cat":[15,17,20,34],"product_tag":[551,549,550],"class_list":{"0":"post-2251","1":"product","2":"type-product","3":"status-publish","4":"has-post-thumbnail","6":"product_cat-boxes-by-shapes","7":"product_cat-boxes-by-industries","8":"product_cat-drawer-style-boxes","9":"product_cat-perfume-packaging-boxes","10":"product_tag-gift-boxes-manufacturer","11":"product_tag-luxury-perfume-packaging","12":"product_tag-perfume-drawer-boxes","14":"first","15":"instock","16":"shipping-taxable","17":"product-type-simple","18":"entry","19":"content-bg","20":"loop-entry"},"_links":{"self":[{"href":"https:\/\/chinacustomboxes.com\/tr\/wp-json\/wp\/v2\/product\/2251","targetHints":{"allow":["GET"]}}],"collection":[{"href":"https:\/\/chinacustomboxes.com\/tr\/wp-json\/wp\/v2\/product"}],"about":[{"href":"https:\/\/chinacustomboxes.com\/tr\/wp-json\/wp\/v2\/types\/product"}],"wp:featuredmedia":[{"embeddable":true,"href":"https:\/\/chinacustomboxes.com\/tr\/wp-json\/wp\/v2\/media\/2252"}],"wp:attachment":[{"href":"https:\/\/chinacustomboxes.com\/tr\/wp-json\/wp\/v2\/media?parent=2251"}],"wp:term":[{"taxonomy":"product_brand","embeddable":true,"href":"https:\/\/chinacustomboxes.com\/tr\/wp-json\/wp\/v2\/product_brand?post=2251"},{"taxonomy":"product_cat","embeddable":true,"href":"https:\/\/chinacustomboxes.com\/tr\/wp-json\/wp\/v2\/product_cat?post=2251"},{"taxonomy":"product_tag","embeddable":true,"href":"https:\/\/chinacustomboxes.com\/tr\/wp-json\/wp\/v2\/product_tag?post=2251"}],"curies":[{"name":"wp","href":"https:\/\/api.w.org\/{rel}","templated":true}]}}