{"id":2259,"date":"2025-08-19T02:29:33","date_gmt":"2025-08-19T02:29:33","guid":{"rendered":"https:\/\/chinacustomboxes.com\/?post_type=product&#038;p=2259"},"modified":"2025-08-19T03:48:14","modified_gmt":"2025-08-19T03:48:14","slug":"body-lotion-essential-oil-perfume-paper-drawer-boxes-dealer","status":"publish","type":"product","link":"https:\/\/chinacustomboxes.com\/tr\/body-lotion-essential-oil-perfume-paper-drawer-boxes-dealer\/","title":{"rendered":"V\u00fccut Losyonu U\u00e7ucu Ya\u011f Parf\u00fcm Ka\u011f\u0131t \u00c7ekmece Kutular\u0131 Bayi"},"content":{"rendered":"<h2 id=\"1-the-costs-paper-drawer-boxes-for-cosmetics-oils-and-perfumes-\">1.\u00a0<strong>Kozmetik, U\u00e7ucu Ya\u011flar, V\u00fccut Losyonu ve Parf\u00fcmler i\u00e7in Ka\u011f\u0131t \u00c7ekmece Kutular\u0131<\/strong><\/h2>\n<p>V\u00fccut losyonu, esansiyel ya\u011f ve parf\u00fcm end\u00fcstrilerindeki se\u00e7kin markalar i\u00e7in \u00fcr\u00fcn ambalaj\u0131 sadece bir kap de\u011fildir; marka anlat\u0131s\u0131n\u0131n ve t\u00fcketici deneyiminin hayati bir par\u00e7as\u0131d\u0131r. Bu hikayeyi y\u00fcceltmek i\u00e7in en \u00fcst\u00fcn hizmeti sunuyoruz: s\u0131n\u0131f\u0131n, g\u00fcvenli\u011fin ve duyusal ne\u015fenin somut bir \u00f6rne\u011fi olan \u00f6zelle\u015ftirilmi\u015f ka\u011f\u0131t dolap kutusu.<\/p>\n<p>\u00dcst d\u00fczey \u00fcr\u00fcn paketlemede \u00f6nde gelen bir bayi ve i\u015f orta\u011f\u0131 olarak, \u00fcr\u00fcn\u00fcn\u00fcz\u00fcn i\u00e7eri\u011fi kadar \u00f6zenle haz\u0131rlanm\u0131\u015f bir sunumu hak etti\u011finin fark\u0131nday\u0131z. Bu <a href=\"https:\/\/chinacustomboxes.com\/tr\/drawer-style-boxes\/\">\u00e7ekmece kutular\u0131<\/a>S\u00fcrg\u00fcl\u00fc kutu veya k\u0131l\u0131fl\u0131 ve tepsili kutu olarak da adland\u0131r\u0131lan bu kutu, en ba\u015f\u0131ndan itibaren bir maliyet tonu olu\u015fturan etkile\u015fimli ve dikkat \u00e7ekici bir kutu a\u00e7ma deneyimi sa\u011flar. Dolab\u0131n hafif\u00e7e kayd\u0131r\u0131lmas\u0131, i\u00e7inde g\u00fcvenli bir \u015fekilde saklanan \u00fcr\u00fcn\u00fcn a\u015famal\u0131 olarak ortaya \u00e7\u0131kmas\u0131 - bu sadece bir kutuyu a\u00e7maktan daha fazlas\u0131d\u0131r; markan\u0131z\u0131n izlenme de\u011ferini \u00f6nemli \u00f6l\u00e7\u00fcde art\u0131ran bir ke\u015fif ve beklenti an\u0131d\u0131r.<\/p>\n<p><img fetchpriority=\"high\" decoding=\"async\" class=\"alignnone wp-image-2261 size-full\" src=\"https:\/\/chinacustomboxes.com\/wp-content\/uploads\/2025\/08\/Body-Lotion-Essential-Oil-Perfume-Paper-Drawer-Boxes-Dealer-2.jpg\" alt=\"V\u00fccut Losyonu U\u00e7ucu Ya\u011f Parf\u00fcm Ka\u011f\u0131t \u00c7ekmece Kutular\u0131 Bayi\" width=\"1000\" height=\"1000\" title=\"\" srcset=\"https:\/\/chinacustomboxes.com\/wp-content\/uploads\/2025\/08\/Body-Lotion-Essential-Oil-Perfume-Paper-Drawer-Boxes-Dealer-2.jpg 1000w, https:\/\/chinacustomboxes.com\/wp-content\/uploads\/2025\/08\/Body-Lotion-Essential-Oil-Perfume-Paper-Drawer-Boxes-Dealer-2-300x300.jpg 300w, https:\/\/chinacustomboxes.com\/wp-content\/uploads\/2025\/08\/Body-Lotion-Essential-Oil-Perfume-Paper-Drawer-Boxes-Dealer-2-150x150.jpg 150w, https:\/\/chinacustomboxes.com\/wp-content\/uploads\/2025\/08\/Body-Lotion-Essential-Oil-Perfume-Paper-Drawer-Boxes-Dealer-2-768x768.jpg 768w, https:\/\/chinacustomboxes.com\/wp-content\/uploads\/2025\/08\/Body-Lotion-Essential-Oil-Perfume-Paper-Drawer-Boxes-Dealer-2-12x12.jpg 12w, https:\/\/chinacustomboxes.com\/wp-content\/uploads\/2025\/08\/Body-Lotion-Essential-Oil-Perfume-Paper-Drawer-Boxes-Dealer-2-600x600.jpg 600w, https:\/\/chinacustomboxes.com\/wp-content\/uploads\/2025\/08\/Body-Lotion-Essential-Oil-Perfume-Paper-Drawer-Boxes-Dealer-2-100x100.jpg 100w\" sizes=\"(max-width: 1000px) 100vw, 1000px\" \/><\/p>\n<h2 id=\"2-the-art-of-presentation-why-a-paper-drawer-boxes-is-the-superior-selection-\">2.\u00a0<strong>Sunum Sanat\u0131: Ka\u011f\u0131t \u00c7ekmeceli Kutular Neden \u00dcst\u00fcn Bir Se\u00e7imdir?\u00a0<\/strong>.<\/h2>\n<ul>\n<li><strong>Unutulmaz Bir Kutu A\u00e7ma Yolculu\u011fu:\u00a0<\/strong>\u00c7ekmece kutusunun en \u00f6nemli avantaj\u0131, sa\u011flad\u0131\u011f\u0131 geli\u015fmi\u015f ambalaj a\u00e7ma \u00f6zelli\u011fidir. \u0130\u00e7 tepsiyi k\u0131l\u0131f\u0131ndan d\u0131\u015far\u0131 kayd\u0131rman\u0131n yumu\u015fak ve kontroll\u00fc faaliyeti, hem tatmin edici hem de \u015f\u0131k bir dokunsal deneyim yarat\u0131r.<\/li>\n<li><strong>Bir Maliyet Marka Ad\u0131 Resmi Olu\u015fturmak:\u00a0<\/strong>\u00c7ekmece kutular\u0131n\u0131n sa\u011flam ve sert yap\u0131s\u0131 y\u00fcksek kaliteye i\u015faret eder. Bu tasar\u0131m, birinci s\u0131n\u0131f elektronik cihazlardan ince moda m\u00fccevherlere kadar \u00fcst d\u00fczey \u00fcr\u00fcnlerle e\u015f anlaml\u0131d\u0131r. Losyonlar\u0131n\u0131z, ya\u011flar\u0131n\u0131z veya parf\u00fcmleriniz i\u00e7in bu \u00fcr\u00fcn ambalaj\u0131n\u0131 benimseyerek, markan\u0131z\u0131n ad\u0131n\u0131 bu kalite varsay\u0131m\u0131 ve bilgiye g\u00f6sterilen titiz ilgiyle ayn\u0131 hizaya getirmi\u015f olursunuz.<\/li>\n<li><strong>\u0130\u015flevsellik Uzun \u00d6m\u00fcrl\u00fcl\u00fckle Bulu\u015fuyor:\u00a0<\/strong>\u00c7ekmece kutular\u0131 do\u011falar\u0131 gere\u011fi kullan\u0131\u015fl\u0131 ve dayan\u0131kl\u0131d\u0131r. Pek \u00e7ok m\u00fc\u015fteri bu \u00e7ekici \u00e7ekmece kutular\u0131n\u0131 <a href=\"https:\/\/chinacustomboxes.com\/tr\/luxury-quality-double-door-box-for-arab-perfume-skincare\/\">kutular<\/a> M\u00fccevher, hat\u0131ra veya k\u0131rtasiye malzemelerini saklamak i\u00e7in ambalaj\u0131n\u0131z\u0131 uzun \u00f6m\u00fcrl\u00fc bir de\u011fere d\u00f6n\u00fc\u015ft\u00fcr\u00fcr. Bu yeniden kullan\u0131labilirlik sadece \u00e7evreye duyarl\u0131 bir fayda de\u011fil, ayn\u0131 zamanda ince ve etkili bir reklam arac\u0131d\u0131r ve \u00fcr\u00fcn kullan\u0131ld\u0131ktan \u00e7ok sonra bile markan\u0131z\u0131n fark edilmesini sa\u011flar.<\/li>\n<li><strong>Hassas \u00dcr\u00fcnler i\u00e7in Boyun E\u011fmez Savunma:\u00a0<\/strong>Parf\u00fcmler, hayati ya\u011flar ve kremler genellikle k\u0131r\u0131lgan cam \u015fi\u015felerde veya hassas kaplarda muhafaza edilir. Esnek olmayan bir kabin kutusunun sa\u011flam \u00e7er\u00e7evesi, hassas m\u00fchendislik \u00fcr\u00fcn\u00fc i\u00e7 tesisatlarla b\u00fct\u00fcnle\u015ferek nakliye boyunca darbelere, titre\u015fimlere ve kaymalara kar\u015f\u0131 benzersiz bir g\u00fcvenlik sa\u011flar. Bu, \u00fcr\u00fcn\u00fcn\u00fcz\u00fcn m\u00fc\u015fterilerinizin bekledi\u011fi bozulmam\u0131\u015f sorunla buraya ula\u015fmas\u0131n\u0131 garanti eder ve hem \u00fcr\u00fcn\u00fc hem de markan\u0131z\u0131n g\u00fcvenilirli\u011fini g\u00fcvence alt\u0131na al\u0131r.<\/li>\n<\/ul>\n<p><img decoding=\"async\" class=\"alignnone wp-image-2260 size-full\" src=\"https:\/\/chinacustomboxes.com\/wp-content\/uploads\/2025\/08\/Body-Lotion-Essential-Oil-Perfume-Paper-Drawer-Boxes-Dealer-1.jpg\" alt=\"V\u00fccut Losyonu U\u00e7ucu Ya\u011f Parf\u00fcm Ka\u011f\u0131t \u00c7ekmece Kutular\u0131 Bayi\" width=\"1000\" height=\"1000\" title=\"\" srcset=\"https:\/\/chinacustomboxes.com\/wp-content\/uploads\/2025\/08\/Body-Lotion-Essential-Oil-Perfume-Paper-Drawer-Boxes-Dealer-1.jpg 1000w, https:\/\/chinacustomboxes.com\/wp-content\/uploads\/2025\/08\/Body-Lotion-Essential-Oil-Perfume-Paper-Drawer-Boxes-Dealer-1-300x300.jpg 300w, https:\/\/chinacustomboxes.com\/wp-content\/uploads\/2025\/08\/Body-Lotion-Essential-Oil-Perfume-Paper-Drawer-Boxes-Dealer-1-150x150.jpg 150w, https:\/\/chinacustomboxes.com\/wp-content\/uploads\/2025\/08\/Body-Lotion-Essential-Oil-Perfume-Paper-Drawer-Boxes-Dealer-1-768x768.jpg 768w, https:\/\/chinacustomboxes.com\/wp-content\/uploads\/2025\/08\/Body-Lotion-Essential-Oil-Perfume-Paper-Drawer-Boxes-Dealer-1-12x12.jpg 12w, https:\/\/chinacustomboxes.com\/wp-content\/uploads\/2025\/08\/Body-Lotion-Essential-Oil-Perfume-Paper-Drawer-Boxes-Dealer-1-600x600.jpg 600w, https:\/\/chinacustomboxes.com\/wp-content\/uploads\/2025\/08\/Body-Lotion-Essential-Oil-Perfume-Paper-Drawer-Boxes-Dealer-1-100x100.jpg 100w\" sizes=\"(max-width: 1000px) 100vw, 1000px\" \/><\/p>\n<h2 id=\"3-uncompromising-quality-a-deep-dive-into-our-materials-\">3.\u00a0<strong>\u00d6d\u00fcn Vermeyen Kalite: Malzemelerimize Derinlemesine Bir Bak\u0131\u015f\u00a0<\/strong>.<\/h2>\n<p>\u00c7ekmece kutular\u0131m\u0131z\u0131n zarif hissi, \u00fcst\u00fcn hammaddelerin se\u00e7imiyle ba\u015flar. Her bir kutuyu i\u00e7ten d\u0131\u015fa do\u011fru in\u015fa ediyor, her katman\u0131n hem yap\u0131sal olarak sa\u011flam hem de kozmetik olarak muhte\u015fem bir son \u00fcr\u00fcne katk\u0131da bulundu\u011fundan emin oluyoruz.<\/p>\n<p><strong>Temel \u00c7er\u00e7eve: \u0130\u00e7inizdeki G\u00fc\u00e7\u00a0<\/strong>. \u00c7ekmece kutular\u0131m\u0131z\u0131n temeli, genellikle greyboard veya sunta olarak tan\u0131mlanan y\u00fcksek yo\u011funluklu sert bir mukavvad\u0131r. Geri d\u00f6n\u00fc\u015ft\u00fcr\u00fclm\u00fc\u015f ka\u011f\u0131ttan \u00fcretilen bu \u00fcr\u00fcn, b\u00fck\u00fclmeye veya par\u00e7alanmaya kar\u015f\u0131 ola\u011fan\u00fcst\u00fc sa\u011flaml\u0131k ve diren\u00e7 sa\u011flar. Genellikle 1,5 mm ila 3 mm (kabaca 800 gsm ila 2000 gsm) aras\u0131nda de\u011fi\u015fen \u00e7e\u015fitli yo\u011funluklar sunarak, \u00fcr\u00fcn\u00fcn\u00fcz i\u00e7in m\u00fckemmel sertlik ve a\u011f\u0131rl\u0131k seviyesini se\u00e7menize olanak tan\u0131yoruz. Bu sa\u011flam \u00e7ekirdek, kutuya uzun \u00f6m\u00fcrl\u00fc, kal\u0131c\u0131 kalitesini sunan gizli kahramand\u0131r.<\/p>\n<p><strong>D\u0131\u015f Kapak: Markan\u0131z i\u00e7in Bir Tuval\u00a0<\/strong>. Esnek olmayan \u00e7ekirdek daha sonra se\u00e7ti\u011finiz bir ka\u011f\u0131tla tamamen kaplan\u0131r ve bu da marka kimli\u011finizin g\u00f6rsel ve dokunsal ifadesi haline gelir. \u00d6nemli se\u00e7eneklerimiz \u015funlardan olu\u015fur:.<\/p>\n<ul>\n<li><strong>\u00d6zel ve Dokulu Ka\u011f\u0131tlar:\u00a0<\/strong>Dokulu ka\u011f\u0131t kaplama, dokunuldu\u011funda l\u00fcks hissi veren zamans\u0131z, sofistike ve dokunsal olarak ilgi \u00e7ekici bir y\u00fczey kullan\u0131r. \u0130nce yatak \u00e7ar\u015faf\u0131ndan g\u00fc\u00e7l\u00fc deriye kadar geni\u015f bir g\u00f6r\u00fcn\u00fcm k\u00fct\u00fcphanesi sunuyoruz.<\/li>\n<li><strong>Sanat Ka\u011f\u0131d\u0131:\u00a0<\/strong>Y\u00fcksek kaliteli g\u00f6lge bask\u0131 ve dinamik grafikler i\u00e7in uygun, birinci s\u0131n\u0131f y\u00fczeyli, p\u00fcr\u00fczs\u00fcz ve esnek bir se\u00e7im.<\/li>\n<li><strong>Kraft Ka\u011f\u0131t:\u00a0<\/strong>Tamamen do\u011fal, organik veya \u00e7evre dostu de\u011ferleri vurgulayan markalar i\u00e7in Kraft ka\u011f\u0131t, rustik ve do\u011fal bir estetik sa\u011flar. Hem geri d\u00f6n\u00fc\u015ft\u00fcr\u00fclebilir hem de do\u011fal olarak par\u00e7alanabilir.<\/li>\n<li><strong>Mat Siyah Ka\u011f\u0131t:\u00a0<\/strong>Modern \u015f\u0131kl\u0131\u011f\u0131n ve minimalizmin \u00f6z\u00fc. Derin, yans\u0131t\u0131c\u0131 olmayan mat siyah kaplama, g\u00fc\u00e7l\u00fc bir \u00fcst d\u00fczey beyan\u0131 \u00fcretir ve birinci s\u0131n\u0131f kozmetik ve koku serileri i\u00e7in pop\u00fcler bir se\u00e7imdir.<\/li>\n<\/ul>\n<p><strong>\u0130\u00e7erisi: \u00dcr\u00fcn\u00fcn\u00fcz\u00fc G\u00fcvenlik ve Stil \u0130\u00e7inde Yuvalay\u0131n\u00a0<\/strong>. Ambalaj\u0131n i\u00e7i de d\u0131\u015f\u0131 kadar \u00f6nemlidir. \u00dcr\u00fcnlerinizi m\u00fckemmel bir \u015fekilde sabitlemek ve sunmak i\u00e7in \u00f6zel olarak tak\u0131lan ekler gereklidir. Se\u00e7eneklerimiz \u015funlar\u0131 i\u00e7erir:.<\/p>\n<ul>\n<li><strong>EVA K\u00f6p\u00fck (Etilen-Vinil Asetat):\u00a0<\/strong>Genellikle g\u00fcvenlik i\u00e7in alt\u0131n standart olarak kabul edilen EVA k\u00f6p\u00fck, \u015foklara ve etkilere kar\u015f\u0131 m\u00fckemmel destek kullanan kal\u0131n, p\u00fcr\u00fczs\u00fcz bir k\u00f6p\u00fckt\u00fcr. Her t\u00fcr \u015fi\u015fe veya kab\u0131n belirli hatlar\u0131na uyacak \u015fekilde hassas bir \u015fekilde kal\u0131pla kesilebilir ve s\u0131k\u0131ca yerinde tutabilir. Siyah veya beyaz gibi farkl\u0131 renklerde kolayca bulunabilen bu k\u00f6p\u00fck, \u00fcr\u00fcn\u00fcn\u00fcz\u00fc \u00f6ne \u00e7\u0131karan temiz ve profesyonel bir arka plan sa\u011flar.<\/li>\n<li><strong>Kadife ve Tekstil Astarlar:\u00a0<\/strong>Daha fazla l\u00fcks dokunu\u015f i\u00e7in, k\u00f6p\u00fck ekler yumu\u015fak kadife veya di\u011fer malzemelerle kaplanabilir ve kutudan \u00e7\u0131karman\u0131n duyusal deneyimini geli\u015ftirebilir.<\/li>\n<li><strong>Kal\u0131planm\u0131\u015f Ka\u011f\u0131t Hamuru:\u00a0<\/strong>Kal\u0131c\u0131 ve \u00e7evre dostu bir se\u00e7enek olan formlu ka\u011f\u0131t hamuru ekler, geri d\u00f6n\u00fc\u015ft\u00fcr\u00fclm\u00fc\u015f ka\u011f\u0131ttan \u00fcretilir ve do\u011fal, do\u011fal bir hisle m\u00fckemmel savunma kullan\u0131larak her t\u00fcrl\u00fc forma sokulabilir.<\/li>\n<li><strong>Kal\u0131p Kesim Karton:\u00a0<\/strong>Uygun maliyetli ve geri d\u00f6n\u00fc\u015ft\u00fcr\u00fclebilir bir se\u00e7enek olan karton ekler, \u00fcr\u00fcnlerinize uygun bir g\u00fcvenlik sa\u011flamak i\u00e7in katmanland\u0131r\u0131labilir ve kesilebilir.<\/li>\n<\/ul>\n<p><img decoding=\"async\" class=\"alignnone wp-image-2262 size-full\" src=\"https:\/\/chinacustomboxes.com\/wp-content\/uploads\/2025\/08\/Body-Lotion-Essential-Oil-Perfume-Paper-Drawer-Boxes-Dealer-3.jpg\" alt=\"V\u00fccut Losyonu U\u00e7ucu Ya\u011f Parf\u00fcm Ka\u011f\u0131t \u00c7ekmece Kutular\u0131 Bayi\" width=\"1000\" height=\"1000\" title=\"\" srcset=\"https:\/\/chinacustomboxes.com\/wp-content\/uploads\/2025\/08\/Body-Lotion-Essential-Oil-Perfume-Paper-Drawer-Boxes-Dealer-3.jpg 1000w, https:\/\/chinacustomboxes.com\/wp-content\/uploads\/2025\/08\/Body-Lotion-Essential-Oil-Perfume-Paper-Drawer-Boxes-Dealer-3-300x300.jpg 300w, https:\/\/chinacustomboxes.com\/wp-content\/uploads\/2025\/08\/Body-Lotion-Essential-Oil-Perfume-Paper-Drawer-Boxes-Dealer-3-150x150.jpg 150w, https:\/\/chinacustomboxes.com\/wp-content\/uploads\/2025\/08\/Body-Lotion-Essential-Oil-Perfume-Paper-Drawer-Boxes-Dealer-3-768x768.jpg 768w, https:\/\/chinacustomboxes.com\/wp-content\/uploads\/2025\/08\/Body-Lotion-Essential-Oil-Perfume-Paper-Drawer-Boxes-Dealer-3-12x12.jpg 12w, https:\/\/chinacustomboxes.com\/wp-content\/uploads\/2025\/08\/Body-Lotion-Essential-Oil-Perfume-Paper-Drawer-Boxes-Dealer-3-600x600.jpg 600w, https:\/\/chinacustomboxes.com\/wp-content\/uploads\/2025\/08\/Body-Lotion-Essential-Oil-Perfume-Paper-Drawer-Boxes-Dealer-3-100x100.jpg 100w\" sizes=\"(max-width: 1000px) 100vw, 1000px\" \/><\/p>\n<h2 id=\"4-infinite-opportunities-customization-that-tells-your-tale-\">4.\u00a0<strong>Sonsuz F\u0131rsatlar: Hikayenizi Anlatan \u00d6zelle\u015ftirme\u00a0<\/strong>.<\/h2>\n<p>Markan\u0131z\u0131n ad\u0131 benzersizdir ve \u00fcr\u00fcn\u00fcn\u00fcz <a href=\"https:\/\/chinacustomboxes.com\/tr\/holographic-laser-paper-rainbow-a5-deep-gift-box-with-ribbon\/\">paketleme<\/a> olmas\u0131 da gerekir. Vizyonunuzun kusursuz bir \u015fekilde hayata ge\u00e7irilmesini sa\u011flamak i\u00e7in ayr\u0131nt\u0131l\u0131 bir \u00f6zelle\u015ftirme se\u00e7enekleri paketi sunuyoruz. Dolap kutusunun her bile\u015feni, markan\u0131z\u0131n \u00f6z\u00fcn\u00fc yans\u0131tacak \u015fekilde uyarlanabilir.<\/p>\n<p><strong>G\u00f6rsel Etki i\u00e7in Bask\u0131 ve Sonland\u0131rma Teknikleri:\u00a0<\/strong>.<\/p>\n<ul>\n<li><strong>Al\u00fcminyum folyo Damgalama:\u00a0<\/strong>S\u0131cak al\u00fcminyum folyo damgalama ile metalik parlakl\u0131\u011fa bir dokunu\u015f ekleyin. Zamans\u0131z alt\u0131n ve g\u00fcm\u00fc\u015f al\u00fcminyum folyolar zamans\u0131z bir l\u00fcks\u00fc payla\u015f\u0131rken, pembe alt\u0131n, bak\u0131r ve holografik folyolar modern, modaya uygun bir cazibe sunar. Bu, logo tasar\u0131mlar\u0131 ve temel d\u00fczen unsurlar\u0131 i\u00e7in m\u00fckemmeldir.<\/li>\n<li><strong>Kabartma ve Kabar\u0131kl\u0131k Giderme:\u00a0<\/strong>Logonuzu veya deseninizi ka\u011f\u0131da y\u00fckselterek (kabartma) veya d\u00fc\u015f\u00fcrerek (kabartma giderme) ince, \u00fc\u00e7 boyutlu bir efekt geli\u015ftirin. Bu, dokunmay\u0131 davet eden sofistike bir g\u00f6r\u00fcn\u00fcm katar.<\/li>\n<li><strong>Alan UV Kaplama:\u00a0<\/strong>Yap\u0131larda \u00e7arp\u0131c\u0131 bir kontrast olu\u015fturmak i\u00e7in mat y\u00fczeyli bir kutunun detay alanlar\u0131na \u00e7ok parlak bir vernik kullan\u0131n. Bu y\u00f6ntem bir logo tasar\u0131m\u0131n\u0131, deseni veya markay\u0131 vurgulayarak g\u00f6rsel olarak \u00f6ne \u00e7\u0131karabilir.<\/li>\n<li><strong>Renk ve Marka Tutarl\u0131l\u0131\u011f\u0131:\u00a0<\/strong>Markan\u0131z\u0131n renklerinin m\u00fckemmel bir hassasiyetle yeniden olu\u015fturulmas\u0131n\u0131 ve t\u00fcm ambalajlar\u0131n\u0131zda marka b\u00fct\u00fcnl\u00fc\u011f\u00fcn\u00fcn korunmas\u0131n\u0131 sa\u011flamak i\u00e7in yenilik\u00e7i CMYK ve Pantone (PMS) renk tonu e\u015fle\u015ftirme sistemlerini kullan\u0131yoruz.<\/li>\n<\/ul>\n<p><strong>Zarif Bir Dokunu\u015f i\u00e7in Pratik S\u00fcslemeler:\u00a0<\/strong>.<\/p>\n<ul>\n<li><strong>Yay \u00c7ekme T\u0131rna\u011f\u0131:\u00a0<\/strong>G\u00f6rsellerde yer alan \u015f\u0131k ama pratik fiyonklu \u00e7ekme t\u0131rna\u011f\u0131, birinci s\u0131n\u0131f \u00e7ekmece kutular\u0131n\u0131n alametifarikas\u0131d\u0131r. \u00c7ekmeceyi a\u00e7mak i\u00e7in sorunsuz bir yol sa\u011flarken, bir renk s\u0131\u00e7ramas\u0131 ve yumu\u015fak, duyarl\u0131 bir unsur ekler. Kurdeleler geni\u015f bir renk yelpazesinde uyarlanabilir ve hatta markan\u0131zla bas\u0131labilir.<\/li>\n<li><strong>Manyetik Kapaklar:\u00a0<\/strong>Farkl\u0131 bir l\u00fcks deneyim i\u00e7in, man\u015fon ve tepsi i\u00e7ine manyetik kapaklar tak\u0131labilir, bu da \u00fcr\u00fcn ambalaj\u0131n\u0131n birinci s\u0131n\u0131f kalitesini daha iyi art\u0131ran keyifli ve g\u00fcvenli bir ge\u00e7meli kapanma hissi sa\u011flar.<\/li>\n<\/ul>\n<p><img loading=\"lazy\" decoding=\"async\" class=\"alignnone wp-image-2263 size-full\" src=\"https:\/\/chinacustomboxes.com\/wp-content\/uploads\/2025\/08\/Body-Lotion-Essential-Oil-Perfume-Paper-Drawer-Boxes-Dealer-4.jpg\" alt=\"V\u00fccut Losyonu U\u00e7ucu Ya\u011f Parf\u00fcm Ka\u011f\u0131t \u00c7ekmece Kutular\u0131 Bayi\" width=\"1000\" height=\"1000\" title=\"\" srcset=\"https:\/\/chinacustomboxes.com\/wp-content\/uploads\/2025\/08\/Body-Lotion-Essential-Oil-Perfume-Paper-Drawer-Boxes-Dealer-4.jpg 1000w, https:\/\/chinacustomboxes.com\/wp-content\/uploads\/2025\/08\/Body-Lotion-Essential-Oil-Perfume-Paper-Drawer-Boxes-Dealer-4-300x300.jpg 300w, https:\/\/chinacustomboxes.com\/wp-content\/uploads\/2025\/08\/Body-Lotion-Essential-Oil-Perfume-Paper-Drawer-Boxes-Dealer-4-150x150.jpg 150w, https:\/\/chinacustomboxes.com\/wp-content\/uploads\/2025\/08\/Body-Lotion-Essential-Oil-Perfume-Paper-Drawer-Boxes-Dealer-4-768x768.jpg 768w, https:\/\/chinacustomboxes.com\/wp-content\/uploads\/2025\/08\/Body-Lotion-Essential-Oil-Perfume-Paper-Drawer-Boxes-Dealer-4-12x12.jpg 12w, https:\/\/chinacustomboxes.com\/wp-content\/uploads\/2025\/08\/Body-Lotion-Essential-Oil-Perfume-Paper-Drawer-Boxes-Dealer-4-600x600.jpg 600w, https:\/\/chinacustomboxes.com\/wp-content\/uploads\/2025\/08\/Body-Lotion-Essential-Oil-Perfume-Paper-Drawer-Boxes-Dealer-4-100x100.jpg 100w\" sizes=\"(max-width: 1000px) 100vw, 1000px\" \/><\/p>\n<h2 id=\"5-your-partner-in-product-packaging-quality-the-dealer-advantage-\">5.\u00a0<strong>\u00dcr\u00fcn Paketleme Kalitesinde Orta\u011f\u0131n\u0131z: Bayi Avantaj\u0131\u00a0<\/strong>.<\/h2>\n<p>D\u00fcnyas\u0131nda gezinmek <a href=\"https:\/\/chinacustomboxes.com\/tr\/silver-hologram-paper-folding-gift-sephora-packaging-boxes\/\">\u00f6zel paketleme<\/a> karma\u015f\u0131k olabilir. \u00d6zel \u00fcr\u00fcn paketleme tedarik\u00e7iniz olarak, i\u015flevimiz sadece kutu sa\u011flaman\u0131n \u00e7ok \u00f6tesine ge\u00e7mektedir. Fikirden da\u011f\u0131t\u0131ma kadar t\u00fcm s\u00fcreci basitle\u015ftirerek dan\u0131\u015fman\u0131n\u0131z, i\u015f y\u00f6neticiniz ve kalite g\u00fcvence uzman\u0131n\u0131z olarak i\u015flev g\u00f6r\u00fcyoruz.<\/p>\n<ul>\n<li><strong>Profesyonel Rehberlik:\u00a0<\/strong>Profesyonellerden olu\u015fan ekibimiz, detay ihtiya\u00e7lar\u0131n\u0131z i\u00e7in en verimli ve ucuz \u00fcr\u00fcn ambalajlar\u0131ndan birini geli\u015ftirmenize yard\u0131mc\u0131 olmak i\u00e7in \u00fcr\u00fcn se\u00e7ene\u011fi, mimari tasar\u0131m ve sonland\u0131rma se\u00e7enekleri hakk\u0131nda \u00e7ok yararl\u0131 tavsiyeler sunar.<\/li>\n<li><strong>Sorunsuz Tedarik Zinciri \u0130zleme:\u00a0<\/strong>En iyi \u00fcretimi sa\u011flamak i\u00e7in \u00fcst d\u00fczey \u00fcretim ortaklar\u0131m\u0131zdan olu\u015fan \u00f6nemli a\u011f\u0131m\u0131z\u0131 kullan\u0131yoruz. Prototipleme ve \u00fcretim organizasyonundan nihai sevkiyata kadar t\u00fcm lojistik i\u015fleriyle ilgileniyor, h\u0131zl\u0131 da\u011f\u0131t\u0131m sa\u011fl\u0131yor ve sizi as\u0131l i\u015finize konsantre olman\u0131z i\u00e7in serbest b\u0131rak\u0131yoruz.<\/li>\n<li><strong>G\u00fcvenebilece\u011finiz Y\u00fcksek Kalite:\u00a0<\/strong>\u00dcretimin her a\u015famas\u0131nda s\u0131k\u0131 kalite g\u00fcvence kriterleri uyguluyoruz. Kal\u0131p kesimlerinin hassasiyetinden renk tutarl\u0131l\u0131\u011f\u0131na kadar, elde etti\u011finiz her kutunun m\u00fckemmel olmas\u0131n\u0131 sa\u011fl\u0131yoruz.<\/li>\n<li><strong>Her Aral\u0131k i\u00e7in \u00c7\u00f6z\u00fcmler:\u00a0<\/strong>\u0130ster yepyeni bir \u00fcr\u00fcn piyasaya s\u00fcren bir ma\u011faza markas\u0131 olun, ister b\u00fcy\u00fck \u00f6l\u00e7ekli bir \u00e7al\u0131\u015fma planlayan tan\u0131nm\u0131\u015f bir \u015firket olun, her boyuttaki sipari\u015fi kar\u015f\u0131layacak uyarlanabilirli\u011fe ve kaynaklara sahibiz, uygun fiyatland\u0131rma ve \u00f6zel \u00e7\u00f6z\u00fcm elde etmenizi sa\u011fl\u0131yoruz.<\/li>\n<\/ul>","protected":false},"excerpt":{"rendered":"<p>V\u00fccut losyonu u\u00e7ucu ya\u011f parf\u00fcm ka\u011f\u0131t \u00e7ekmece kutular\u0131 bayisi, v\u00fccut losyonunu u\u00e7ucu ya\u011flarla, s\u0131kl\u0131kla aroman\u0131n \u00f6zelle\u015ftirilmesine izin verecek \u015fekilde entegre eden \u00fcr\u00fcn paketleme \u00e7\u00f6z\u00fcmlerini tan\u0131mlar. Bu kutularda hem v\u00fccut losyonu hem de \u00f6nemli ya\u011flar bulunabilir veya kullan\u0131c\u0131n\u0131n kar\u0131\u015ft\u0131rmas\u0131 ve e\u015fle\u015ftirmesi i\u00e7in hem kremi hem de ayr\u0131 bir u\u00e7ucu ya\u011f kab\u0131n\u0131 tutacak \u015fekilde geli\u015ftirilebilirler. Ambalaj genellikle ki\u015fiselle\u015ftirilmi\u015f koku kar\u0131\u015f\u0131mlar\u0131 olu\u015fturmak i\u00e7in talimatlar veya ipu\u00e7lar\u0131 i\u00e7erir.<\/p>","protected":false},"featured_media":2261,"template":"","meta":{"_kad_post_transparent":"default","_kad_post_title":"","_kad_post_layout":"default","_kad_post_sidebar_id":"","_kad_post_content_style":"default","_kad_post_vertical_padding":"default","_kad_post_feature":"","_kad_post_feature_position":"","_kad_post_header":false,"_kad_post_footer":false,"_kad_post_classname":""},"product_brand":[],"product_cat":[15,17,28,20,34],"product_tag":[552,553,554],"class_list":{"0":"post-2259","1":"product","2":"type-product","3":"status-publish","4":"has-post-thumbnail","6":"product_cat-boxes-by-shapes","7":"product_cat-boxes-by-industries","8":"product_cat-cosmetic-packaging-boxes","9":"product_cat-drawer-style-boxes","10":"product_cat-perfume-packaging-boxes","11":"product_tag-body-lotion-boxes","12":"product_tag-essential-oil-boxes","13":"product_tag-paper-drawer-boxes","15":"first","16":"instock","17":"shipping-taxable","18":"product-type-simple","19":"entry","20":"content-bg","21":"loop-entry"},"_links":{"self":[{"href":"https:\/\/chinacustomboxes.com\/tr\/wp-json\/wp\/v2\/product\/2259","targetHints":{"allow":["GET"]}}],"collection":[{"href":"https:\/\/chinacustomboxes.com\/tr\/wp-json\/wp\/v2\/product"}],"about":[{"href":"https:\/\/chinacustomboxes.com\/tr\/wp-json\/wp\/v2\/types\/product"}],"wp:featuredmedia":[{"embeddable":true,"href":"https:\/\/chinacustomboxes.com\/tr\/wp-json\/wp\/v2\/media\/2261"}],"wp:attachment":[{"href":"https:\/\/chinacustomboxes.com\/tr\/wp-json\/wp\/v2\/media?parent=2259"}],"wp:term":[{"taxonomy":"product_brand","embeddable":true,"href":"https:\/\/chinacustomboxes.com\/tr\/wp-json\/wp\/v2\/product_brand?post=2259"},{"taxonomy":"product_cat","embeddable":true,"href":"https:\/\/chinacustomboxes.com\/tr\/wp-json\/wp\/v2\/product_cat?post=2259"},{"taxonomy":"product_tag","embeddable":true,"href":"https:\/\/chinacustomboxes.com\/tr\/wp-json\/wp\/v2\/product_tag?post=2259"}],"curies":[{"name":"wp","href":"https:\/\/api.w.org\/{rel}","templated":true}]}}