{"id":2264,"date":"2025-08-19T03:48:50","date_gmt":"2025-08-19T03:48:50","guid":{"rendered":"https:\/\/chinacustomboxes.com\/?post_type=product&#038;p=2264"},"modified":"2025-08-19T05:53:44","modified_gmt":"2025-08-19T05:53:44","slug":"baby-hair-care-oil-perfume-lid-and-base-boxes-manufacturer","status":"publish","type":"product","link":"https:\/\/chinacustomboxes.com\/tr\/baby-hair-care-oil-perfume-lid-and-base-boxes-manufacturer\/","title":{"rendered":"Bebek Sa\u00e7 Bak\u0131m Ya\u011f\u0131 Parf\u00fcm Kapak Ve Taban Kutular\u0131 \u00dcreticisi"},"content":{"rendered":"<h2 id=\"baby-hair-care-oil-perfume-lid-and-base-boxes-manufacturer\">Bebek Sa\u00e7 Bak\u0131m Ya\u011f\u0131 Parf\u00fcm Kapak ve Taban Kutular\u0131 \u00dcreticisi<\/h2>\n<p>Bizim \u00f6zelle\u015ftirilmi\u015f <a href=\"https:\/\/chinacustomboxes.com\/tr\/lid-and-base-boxes\/\">kapak ve taban sert kutular<\/a> (ayn\u0131 \u015fekilde teleskop esnek olmayan kutular olarak da adland\u0131r\u0131l\u0131r), hafif bebek sa\u00e7 ya\u011flar\u0131ndan ilk koku hediye minilerine kadar k\u00fc\u00e7\u00fck formatl\u0131 s\u0131v\u0131lar\u0131 korumak, var etmek ve art\u0131rmak i\u00e7in \u00fcretilmi\u015ftir. Detayl\u0131 alt\u0131n geometrisi ve zengin renk se\u00e7enekleri muhte\u015fem olman\u0131n \u00f6tesinde, premium \u00fcr\u00fcn ambalajlar\u0131n\u0131n hem i\u015flevsel hem de duygusal olarak unutulmaz olabilece\u011finin kan\u0131t\u0131d\u0131r. Bu kutular rafta \u00f6zel g\u00f6r\u00fcnmek, elde ger\u00e7ekten korunmu\u015f hissetmek ve her kutu a\u00e7\u0131\u015f\u0131n\u0131 k\u00fc\u00e7\u00fck bir kutlamaya d\u00f6n\u00fc\u015ft\u00fcrmek i\u00e7in \u00fcretilmi\u015ftir.<\/p>\n<h2 id=\"1-a-silhouette-that-stands-apart\">1. Ayr\u0131 duran bir siluet<\/h2>\n<p>Profil, paketinizi standart dikd\u00f6rtgen \u015fekillerden an\u0131nda ay\u0131ran rafine, bina yay\u0131n\u0131 yans\u0131t\u0131r. Bu benzersiz y\u0131k\u0131m, marka i\u015faretinizin her a\u00e7\u0131dan sofistike bir m\u00fch\u00fcr gibi oturdu\u011fu \u015fekillendirilmi\u015f bir y\u00fcz panelini yap\u0131land\u0131r\u0131r. Sakinle\u015ftirici bebek bak\u0131m ipu\u00e7lar\u0131 i\u00e7in sakin nane ve orman tonlar\u0131n\u0131 veya modaya uygun bir koku beyan\u0131 i\u00e7in cesur bir turuncu ve abanoz paletini se\u00e7in. Kapak, renk uyumlu bir taban ve \u015fi\u015fe i\u00e7in bir sunum be\u015fi\u011fi ortaya \u00e7\u0131karmak i\u00e7in kolayca kald\u0131r\u0131l\u0131r, b\u00f6ylece \u00fcr\u00fcn buraya odaklanm\u0131\u015f, dik ve foto\u011frafa haz\u0131r hale gelir.<\/p>\n<p><img fetchpriority=\"high\" decoding=\"async\" class=\"alignnone wp-image-2265 size-full\" src=\"https:\/\/chinacustomboxes.com\/wp-content\/uploads\/2025\/08\/Baby-Hair-Care-Oil-Perfume-Lid-And-Base-Boxes-Manufacturer-1.jpg\" alt=\"Bebek Sa\u00e7 Bak\u0131m Ya\u011f\u0131 Parf\u00fcm Kapak Ve Taban Kutular\u0131 \u00dcreticisi\" width=\"1000\" height=\"1000\" title=\"\" srcset=\"https:\/\/chinacustomboxes.com\/wp-content\/uploads\/2025\/08\/Baby-Hair-Care-Oil-Perfume-Lid-And-Base-Boxes-Manufacturer-1.jpg 1000w, https:\/\/chinacustomboxes.com\/wp-content\/uploads\/2025\/08\/Baby-Hair-Care-Oil-Perfume-Lid-And-Base-Boxes-Manufacturer-1-300x300.jpg 300w, https:\/\/chinacustomboxes.com\/wp-content\/uploads\/2025\/08\/Baby-Hair-Care-Oil-Perfume-Lid-And-Base-Boxes-Manufacturer-1-150x150.jpg 150w, https:\/\/chinacustomboxes.com\/wp-content\/uploads\/2025\/08\/Baby-Hair-Care-Oil-Perfume-Lid-And-Base-Boxes-Manufacturer-1-768x768.jpg 768w, https:\/\/chinacustomboxes.com\/wp-content\/uploads\/2025\/08\/Baby-Hair-Care-Oil-Perfume-Lid-And-Base-Boxes-Manufacturer-1-12x12.jpg 12w, https:\/\/chinacustomboxes.com\/wp-content\/uploads\/2025\/08\/Baby-Hair-Care-Oil-Perfume-Lid-And-Base-Boxes-Manufacturer-1-600x600.jpg 600w, https:\/\/chinacustomboxes.com\/wp-content\/uploads\/2025\/08\/Baby-Hair-Care-Oil-Perfume-Lid-And-Base-Boxes-Manufacturer-1-100x100.jpg 100w\" sizes=\"(max-width: 1000px) 100vw, 1000px\" \/><\/p>\n<h2 id=\"2-why-a-lid-and-base-inflexible-box-\">2. Neden bir kapak ve taban \"esnek olmayan\" kutu?<\/h2>\n<p>Esnek olmayan (veya \"kurulum\") bir kutu, monte edilmi\u015f halde kalan kal\u0131n kartondan olu\u015fturulur, ard\u0131ndan grafikler ve yap\u0131 i\u00e7in bas\u0131l\u0131 ka\u011f\u0131tla sar\u0131l\u0131r. Varyasyonumuz, malzemeleri g\u00fcvence alt\u0131na al\u0131rken yava\u015f hareket eden, \u00f6d\u00fcllendirici bir a\u00e7\u0131klama geli\u015ftirmek i\u00e7in tasar\u0131m\u0131n\u0131za ba\u011fl\u0131 olarak k\u0131smen veya tamamen taban\u0131n \u00fczerinde kayan bir teleskop kapa\u011f\u0131 kullan\u0131r. Bu tarz, g\u00f6steri\u015fli bir g\u00fc\u00e7 olu\u015fturmas\u0131 ve al\u00fcminyum folyo ve kabartma gibi y\u00fczeylerle g\u00fczel bir \u015fekilde ki\u015fiselle\u015ftirilmesi nedeniyle kozmetik ve parf\u00fcm maliyetleri i\u00e7in yayg\u0131n olarak kullan\u0131lmaktad\u0131r.<\/p>\n<h2 id=\"3-built-for-fragile-bottles-and-small-hands\">3. K\u0131r\u0131lgan \u015fi\u015feler ve k\u00fc\u00e7\u00fck eller i\u00e7in \u00fcretilmi\u015ftir<\/h2>\n<p>Bebek sa\u00e7 ya\u011flar\u0131 ve parf\u00fcmleri ince omuzlu ve pompal\u0131 g\u00fczel \u015fi\u015felerde gelir - g\u00fczel ama k\u0131r\u0131labilir. Her kutunun i\u00e7ine, \u015fi\u015fenin yolda sallanmamas\u0131 veya perakende kullan\u0131m s\u0131ras\u0131nda devrilmemesi i\u00e7in rahat bir be\u015fik yerle\u015ftiriyoruz. Aralar\u0131ndan se\u00e7im yap\u0131n:<\/p>\n<ul>\n<li><strong>Hassas karton destekler\u00a0<\/strong>kusursuz bir \"butik\" g\u00f6r\u00fcn\u00fcm i\u00e7in kutuyla tamamen ayn\u0131 sanat ka\u011f\u0131d\u0131yla kaplanm\u0131\u015ft\u0131r.<\/li>\n<li><strong>Yerle\u015fik fiber (kal\u0131planm\u0131\u015f ka\u011f\u0131t hamuru) ekler\u00a0<\/strong>geri d\u00f6n\u00fc\u015ft\u00fcr\u00fclm\u00fc\u015f ka\u011f\u0131ttan veya bitki bazl\u0131 liflerden (bambu veya k\u00fcspe gibi) yap\u0131lm\u0131\u015f, kald\u0131r\u0131m kenar\u0131nda geri d\u00f6n\u00fc\u015ft\u00fcr\u00fclebilir ve g\u00fcbrelenebilir koruyucu, \u00e7evre dostu bir se\u00e7enek.<\/li>\n<\/ul>\n<p>Her ek par\u00e7a \u015fi\u015fenizin boynuna, omzuna ve taban\u0131na g\u00f6re \u00f6zel olarak kesilir, b\u00f6ylece verimli bir \u015fekilde hareket eder ve s\u0131k\u0131ca oturur - yalpalama yok, \u00e7entik yok.<\/p>\n<p><img decoding=\"async\" class=\"alignnone wp-image-2266 size-full\" src=\"https:\/\/chinacustomboxes.com\/wp-content\/uploads\/2025\/08\/Baby-Hair-Care-Oil-Perfume-Lid-And-Base-Boxes-Manufacturer-2.jpg\" alt=\"Bebek Sa\u00e7 Bak\u0131m Ya\u011f\u0131 Parf\u00fcm Kapak Ve Taban Kutular\u0131 \u00dcreticisi\" width=\"1000\" height=\"1000\" title=\"\" srcset=\"https:\/\/chinacustomboxes.com\/wp-content\/uploads\/2025\/08\/Baby-Hair-Care-Oil-Perfume-Lid-And-Base-Boxes-Manufacturer-2.jpg 1000w, https:\/\/chinacustomboxes.com\/wp-content\/uploads\/2025\/08\/Baby-Hair-Care-Oil-Perfume-Lid-And-Base-Boxes-Manufacturer-2-300x300.jpg 300w, https:\/\/chinacustomboxes.com\/wp-content\/uploads\/2025\/08\/Baby-Hair-Care-Oil-Perfume-Lid-And-Base-Boxes-Manufacturer-2-150x150.jpg 150w, https:\/\/chinacustomboxes.com\/wp-content\/uploads\/2025\/08\/Baby-Hair-Care-Oil-Perfume-Lid-And-Base-Boxes-Manufacturer-2-768x768.jpg 768w, https:\/\/chinacustomboxes.com\/wp-content\/uploads\/2025\/08\/Baby-Hair-Care-Oil-Perfume-Lid-And-Base-Boxes-Manufacturer-2-12x12.jpg 12w, https:\/\/chinacustomboxes.com\/wp-content\/uploads\/2025\/08\/Baby-Hair-Care-Oil-Perfume-Lid-And-Base-Boxes-Manufacturer-2-600x600.jpg 600w, https:\/\/chinacustomboxes.com\/wp-content\/uploads\/2025\/08\/Baby-Hair-Care-Oil-Perfume-Lid-And-Base-Boxes-Manufacturer-2-100x100.jpg 100w\" sizes=\"(max-width: 1000px) 100vw, 1000px\" \/><\/p>\n<h2 id=\"3-layout-language-contemporary-geometry-premium-signs\">3. Yerle\u015fim dili: \u00e7a\u011fda\u015f geometri, premium i\u015faretler<\/h2>\n<p>\u00d6n paneldeki alt\u0131n geometrik kafes, bir bak\u0131\u015fta i\u015f\u00e7ili\u011fi telgraf eder. Bu \u0131\u015f\u0131lt\u0131y\u0131 \u015fu \u00fcr\u00fcnlerle elde ediyoruz\u00a0<strong>s\u0131cak folyo markalama\u00a0<\/strong>- Bu strateji, belirgin maliyet sinyali ve net, \u0131\u015f\u0131k yakalayan detaylar\u0131 nedeniyle kozmetik ve kokuda uzun s\u00fcredir tercih ediliyor.<\/p>\n<p>Duyarl\u0131 deneyimi derinle\u015ftirmek i\u00e7in \u015funlar\u0131 ekleyin\u00a0<strong>kabartma\u00a0<\/strong>(logo tasar\u0131m\u0131n\u0131z\u0131 veya deseninizi y\u00fckseltmek) veya\u00a0<strong>debossing\u00a0<\/strong>(i\u00e7ine bast\u0131rarak). Her ikisi de folyo ile g\u00fczel bir \u015fekilde e\u015fle\u015fir. Parlak, sedefli vernikler veya yumu\u015fak dokunu\u015flu laminasyonlar yerle\u015ftirmek g\u00f6rsel kar\u015f\u0131la\u015ft\u0131rma ve anne ve babalar\u0131n hafif bak\u0131mla ili\u015fkilendirdi\u011fi \"kadife\" el hissi verebilir.<\/p>\n<h2 id=\"4-unpacking-that-makes-attention-and-love-\">4. Dikkat (ve sevgi) uyand\u0131ran ambalaj a\u00e7ma.<\/h2>\n<p>Teleskop kapa\u011f\u0131n\u0131n yava\u015f\u00e7a kald\u0131r\u0131lmas\u0131, tepsisine yerle\u015ftirilen \u015fi\u015fenin ortaya \u00e7\u0131kmas\u0131 ve folyo madalyonun parlakl\u0131\u011f\u0131 - bu duyusal i\u015faretler, deneyimi g\u00fcnl\u00fck olarak da \u00f6nemli bir hediye olarak hissettiriyor.<\/p>\n<p><img decoding=\"async\" class=\"alignnone wp-image-2267 size-full\" src=\"https:\/\/chinacustomboxes.com\/wp-content\/uploads\/2025\/08\/Baby-Hair-Care-Oil-Perfume-Lid-And-Base-Boxes-Manufacturer-3.jpg\" alt=\"Bebek Sa\u00e7 Bak\u0131m Ya\u011f\u0131 Parf\u00fcm Kapak Ve Taban Kutular\u0131 \u00dcreticisi\" width=\"1000\" height=\"1000\" title=\"\" srcset=\"https:\/\/chinacustomboxes.com\/wp-content\/uploads\/2025\/08\/Baby-Hair-Care-Oil-Perfume-Lid-And-Base-Boxes-Manufacturer-3.jpg 1000w, https:\/\/chinacustomboxes.com\/wp-content\/uploads\/2025\/08\/Baby-Hair-Care-Oil-Perfume-Lid-And-Base-Boxes-Manufacturer-3-300x300.jpg 300w, https:\/\/chinacustomboxes.com\/wp-content\/uploads\/2025\/08\/Baby-Hair-Care-Oil-Perfume-Lid-And-Base-Boxes-Manufacturer-3-150x150.jpg 150w, https:\/\/chinacustomboxes.com\/wp-content\/uploads\/2025\/08\/Baby-Hair-Care-Oil-Perfume-Lid-And-Base-Boxes-Manufacturer-3-768x768.jpg 768w, https:\/\/chinacustomboxes.com\/wp-content\/uploads\/2025\/08\/Baby-Hair-Care-Oil-Perfume-Lid-And-Base-Boxes-Manufacturer-3-12x12.jpg 12w, https:\/\/chinacustomboxes.com\/wp-content\/uploads\/2025\/08\/Baby-Hair-Care-Oil-Perfume-Lid-And-Base-Boxes-Manufacturer-3-600x600.jpg 600w, https:\/\/chinacustomboxes.com\/wp-content\/uploads\/2025\/08\/Baby-Hair-Care-Oil-Perfume-Lid-And-Base-Boxes-Manufacturer-3-100x100.jpg 100w\" sizes=\"(max-width: 1000px) 100vw, 1000px\" \/><\/p>\n<h2 id=\"5-products-you-can-guarantee-\">5. Garanti edebilece\u011finiz \u00fcr\u00fcnler.<\/h2>\n<p>Do\u011fru kaynaklanm\u0131\u015f ka\u011f\u0131t ve panolara odaklan\u0131yoruz. Talep \u00fczerine, sizin i\u00e7in <a href=\"https:\/\/chinacustomboxes.com\/tr\/\">kutular<\/a> ile\u00a0<strong>FSC \u00ae lisansl\u0131 malzemeler\u00a0<\/strong>Ambalaj \u00fczerinde ve s\u00fcrd\u00fcr\u00fclebilirlik ileti\u015fimlerinizde sorumlu kaynak kullan\u0131m\u0131n\u0131 g\u00f6stermenize yard\u0131mc\u0131 olur.<\/p>\n<h2 id=\"6-publish-complete-alternatives-mix-and-match-\">6. Alternatifleri yay\u0131nlay\u0131n ve tamamlay\u0131n (kar\u0131\u015ft\u0131r\u0131n ve e\u015fle\u015ftirin).<\/h2>\n<ul>\n<li><strong>Bask\u0131:\u00a0<\/strong>Tam marka renkleri i\u00e7in CMYK veya spot Pantone'da y\u00fcksek \u00e7\u00f6z\u00fcn\u00fcrl\u00fckl\u00fc ofset bask\u0131.<\/li>\n<li><strong>Al\u00fcminyum folyo damgalama:\u00a0<\/strong>\u00d6n madalyonlar, s\u0131n\u0131r kakmalar\u0131, mikro desenler veya tam ba\u015fl\u0131klar.<\/li>\n<li><strong>Kabartma\/Deboss:\u00a0<\/strong>Armalar\u0131, logo tasar\u0131mlar\u0131n\u0131 veya geometrik yer karolar\u0131n\u0131 y\u00fckseltin.<\/li>\n<li><strong>Spot UV:\u00a0<\/strong>Kar\u015f\u0131la\u015ft\u0131rma i\u00e7in mat zemin \u00fczerinde parlakl\u0131k vurgulanm\u0131\u015ft\u0131r.<\/li>\n<li><strong>Yumu\u015fak dokunu\u015flu veya nevresimli \u00f6rt\u00fcler:\u00a0<\/strong>Kutunuza s\u0131cakl\u0131k ve \"bebek yumu\u015fakl\u0131\u011f\u0131nda\" dokunsall\u0131k kat\u0131n.<\/li>\n<li><strong>Kal\u0131pla kesilmi\u015f pencereler (iste\u011fe ba\u011fl\u0131):\u00a0<\/strong>A\u00e7madan \u015fi\u015feye bir g\u00f6z at\u0131n.<\/li>\n<li><strong>Kenar boyas\u0131 veya renkli kenarl\u0131 levhalar:\u00a0<\/strong>Kemer profili boyunca couture bir detay.<\/li>\n<li><strong>G\u00fcvenlik m\u00fch\u00fcrleri ve kurcalanmaya kar\u015f\u0131 korumal\u0131 etiketler:\u00a0<\/strong>Perakende g\u00fcvencesi i\u00e7in.<\/li>\n<\/ul>\n<p><img loading=\"lazy\" decoding=\"async\" class=\"alignnone wp-image-2268 size-full\" src=\"https:\/\/chinacustomboxes.com\/wp-content\/uploads\/2025\/08\/Baby-Hair-Care-Oil-Perfume-Lid-And-Base-Boxes-Manufacturer-4.jpg\" alt=\"Bebek Sa\u00e7 Bak\u0131m Ya\u011f\u0131 Parf\u00fcm Kapak Ve Taban Kutular\u0131 \u00dcreticisi\" width=\"1000\" height=\"1000\" title=\"\" srcset=\"https:\/\/chinacustomboxes.com\/wp-content\/uploads\/2025\/08\/Baby-Hair-Care-Oil-Perfume-Lid-And-Base-Boxes-Manufacturer-4.jpg 1000w, https:\/\/chinacustomboxes.com\/wp-content\/uploads\/2025\/08\/Baby-Hair-Care-Oil-Perfume-Lid-And-Base-Boxes-Manufacturer-4-300x300.jpg 300w, https:\/\/chinacustomboxes.com\/wp-content\/uploads\/2025\/08\/Baby-Hair-Care-Oil-Perfume-Lid-And-Base-Boxes-Manufacturer-4-150x150.jpg 150w, https:\/\/chinacustomboxes.com\/wp-content\/uploads\/2025\/08\/Baby-Hair-Care-Oil-Perfume-Lid-And-Base-Boxes-Manufacturer-4-768x768.jpg 768w, https:\/\/chinacustomboxes.com\/wp-content\/uploads\/2025\/08\/Baby-Hair-Care-Oil-Perfume-Lid-And-Base-Boxes-Manufacturer-4-12x12.jpg 12w, https:\/\/chinacustomboxes.com\/wp-content\/uploads\/2025\/08\/Baby-Hair-Care-Oil-Perfume-Lid-And-Base-Boxes-Manufacturer-4-600x600.jpg 600w, https:\/\/chinacustomboxes.com\/wp-content\/uploads\/2025\/08\/Baby-Hair-Care-Oil-Perfume-Lid-And-Base-Boxes-Manufacturer-4-100x100.jpg 100w\" sizes=\"(max-width: 1000px) 100vw, 1000px\" \/><\/p>\n<h2 id=\"7-structure-selections-\">7. Yap\u0131 se\u00e7imleri.<\/h2>\n<ul>\n<li><strong>Komple teleskop kapa\u011f\u0131:\u00a0<\/strong>Kapak, optimum savunma ve yava\u015f, \u00fcst\u00fcn bir a\u00e7\u0131lma i\u00e7in taban\u0131n yan duvar\u0131n\u0131n \u00e7o\u011funu kaplar.<\/li>\n<li><strong>K\u0131smi teleskop kapa\u011f\u0131:\u00a0<\/strong>Katmanl\u0131 bir etki ve daha kolay kavrama i\u00e7in temel renkten bir bant ortaya \u00e7\u0131karan biraz daha k\u0131sa bir kapak. Her ikisi de sa\u011flam, hediye edilebilir ve narin camlar i\u00e7in uygundur.<\/li>\n<\/ul>\n<p>Kemerli hesap \u00f6zelle\u015ftirilebilir: g\u00f6rkemli bir \"kilise penceresi\" i\u00e7in biraz daha uzun veya ho\u015f, fidanl\u0131ktan ilham alan bir g\u00f6r\u00fcn\u00fcm i\u00e7in daha yumu\u015fak ve yuvarlak. \u0130\u00e7 geometri ayn\u0131 kal\u0131r, b\u00f6ylece kab\u0131n\u0131z hala be\u015fikte ve odaklanm\u0131\u015f olarak durur.<\/p>\n<p><img loading=\"lazy\" decoding=\"async\" class=\"alignnone wp-image-2269 size-full\" src=\"https:\/\/chinacustomboxes.com\/wp-content\/uploads\/2025\/08\/Baby-Hair-Care-Oil-Perfume-Lid-And-Base-Boxes-Manufacturer-5.jpg\" alt=\"Bebek Sa\u00e7 Bak\u0131m Ya\u011f\u0131 Parf\u00fcm Kapak Ve Taban Kutular\u0131 \u00dcreticisi\" width=\"1000\" height=\"1000\" title=\"\" srcset=\"https:\/\/chinacustomboxes.com\/wp-content\/uploads\/2025\/08\/Baby-Hair-Care-Oil-Perfume-Lid-And-Base-Boxes-Manufacturer-5.jpg 1000w, https:\/\/chinacustomboxes.com\/wp-content\/uploads\/2025\/08\/Baby-Hair-Care-Oil-Perfume-Lid-And-Base-Boxes-Manufacturer-5-300x300.jpg 300w, https:\/\/chinacustomboxes.com\/wp-content\/uploads\/2025\/08\/Baby-Hair-Care-Oil-Perfume-Lid-And-Base-Boxes-Manufacturer-5-150x150.jpg 150w, https:\/\/chinacustomboxes.com\/wp-content\/uploads\/2025\/08\/Baby-Hair-Care-Oil-Perfume-Lid-And-Base-Boxes-Manufacturer-5-768x768.jpg 768w, https:\/\/chinacustomboxes.com\/wp-content\/uploads\/2025\/08\/Baby-Hair-Care-Oil-Perfume-Lid-And-Base-Boxes-Manufacturer-5-12x12.jpg 12w, https:\/\/chinacustomboxes.com\/wp-content\/uploads\/2025\/08\/Baby-Hair-Care-Oil-Perfume-Lid-And-Base-Boxes-Manufacturer-5-600x600.jpg 600w, https:\/\/chinacustomboxes.com\/wp-content\/uploads\/2025\/08\/Baby-Hair-Care-Oil-Perfume-Lid-And-Base-Boxes-Manufacturer-5-100x100.jpg 100w\" sizes=\"(max-width: 1000px) 100vw, 1000px\" \/><\/p>\n<h2 id=\"8-engineered-security-gentle-discussion-\">8. Tasarlanm\u0131\u015f g\u00fcvenlik, nazik tart\u0131\u015fma.<\/h2>\n<ul>\n<li><strong>Tahta a\u011f\u0131rl\u0131\u011f\u0131:\u00a0<\/strong>Ezilme ve kenar darbelerine dayanmas\u0131 i\u00e7in kal\u0131n mukavva (genellikle \"sunta\" veya \"gri mukavva\" olarak adland\u0131r\u0131l\u0131r) se\u00e7iyoruz.<\/li>\n<li><strong>Do\u011fruluk kaplamas\u0131:\u00a0<\/strong>D\u00fczenli ba\u011flant\u0131lar ve kemer boyunca s\u0131k\u0131 a\u00e7\u0131kl\u0131k \u015fekli net tutar.<\/li>\n<li><strong>G\u00fc\u00e7lendirilmi\u015f taban:\u00a0<\/strong>Ekstra lamine taban panelleri \u00e7ok daha a\u011f\u0131r camlar\u0131 e\u011filmeden ta\u015f\u0131r.<\/li>\n<li><strong>\u015ei\u015fe stabilitesi:\u00a0<\/strong>Kal\u0131pla kesilmi\u015f parmak \u00e7entikleri \u00e7ok kolay kald\u0131rmaya izin verirken, ek par\u00e7a \u015fi\u015feyi teslimat boyunca kilitler.<\/li>\n<\/ul>\n<p><img loading=\"lazy\" decoding=\"async\" class=\"alignnone wp-image-2270 size-full\" src=\"https:\/\/chinacustomboxes.com\/wp-content\/uploads\/2025\/08\/Baby-Hair-Care-Oil-Perfume-Lid-And-Base-Boxes-Manufacturer-6.jpg\" alt=\"Bebek Sa\u00e7 Bak\u0131m Ya\u011f\u0131 Parf\u00fcm Kapak Ve Taban Kutular\u0131 \u00dcreticisi\" width=\"1000\" height=\"1000\" title=\"\" srcset=\"https:\/\/chinacustomboxes.com\/wp-content\/uploads\/2025\/08\/Baby-Hair-Care-Oil-Perfume-Lid-And-Base-Boxes-Manufacturer-6.jpg 1000w, https:\/\/chinacustomboxes.com\/wp-content\/uploads\/2025\/08\/Baby-Hair-Care-Oil-Perfume-Lid-And-Base-Boxes-Manufacturer-6-300x300.jpg 300w, https:\/\/chinacustomboxes.com\/wp-content\/uploads\/2025\/08\/Baby-Hair-Care-Oil-Perfume-Lid-And-Base-Boxes-Manufacturer-6-150x150.jpg 150w, https:\/\/chinacustomboxes.com\/wp-content\/uploads\/2025\/08\/Baby-Hair-Care-Oil-Perfume-Lid-And-Base-Boxes-Manufacturer-6-768x768.jpg 768w, https:\/\/chinacustomboxes.com\/wp-content\/uploads\/2025\/08\/Baby-Hair-Care-Oil-Perfume-Lid-And-Base-Boxes-Manufacturer-6-12x12.jpg 12w, https:\/\/chinacustomboxes.com\/wp-content\/uploads\/2025\/08\/Baby-Hair-Care-Oil-Perfume-Lid-And-Base-Boxes-Manufacturer-6-600x600.jpg 600w, https:\/\/chinacustomboxes.com\/wp-content\/uploads\/2025\/08\/Baby-Hair-Care-Oil-Perfume-Lid-And-Base-Boxes-Manufacturer-6-100x100.jpg 100w\" sizes=\"(max-width: 1000px) 100vw, 1000px\" \/><\/p>\n<h2 id=\"9-friendly-by-design-\">9. Tasar\u0131m gere\u011fi dost canl\u0131s\u0131.<\/h2>\n<ul>\n<li><strong>Yuvarlat\u0131lm\u0131\u015f i\u00e7 taraflar\u00a0<\/strong>ve keskin ka\u011f\u0131t noktalar\u0131n\u0131 \u00f6nlemek i\u00e7in g\u00fczelce tamamlanm\u0131\u015f k\u00f6\u015feler.<\/li>\n<li><strong>G\u00fcvenli oturma alan\u0131\u00a0<\/strong>b\u00f6ylece kapak kald\u0131r\u0131ld\u0131\u011f\u0131nda kap devrilmeyecektir.<\/li>\n<li><strong>Anla\u015f\u0131labilir etiket konumlar\u0131\u00a0<\/strong>\u00d6nde veya tabanda i\u00e7erik belirtme i\u015faretleri, \"i\u00e7ermez\" simgeleri ve kullan\u0131m notlar\u0131 i\u00e7in.<\/li>\n<li><strong>Rahat \u00f6l\u00e7ek\u00a0<\/strong>\u00c7ocuk tutarken tek elle a\u00e7mak i\u00e7in.<\/li>\n<\/ul>","protected":false},"excerpt":{"rendered":"<p>\u00dcretici olarak bebek sa\u00e7 bak\u0131m ya\u011f\u0131 parf\u00fcm kapak ve taban kutular\u0131, bebek sa\u00e7 bak\u0131m ya\u011f\u0131 parf\u00fcm \u015fi\u015felerini g\u00fcvenli bir \u015fekilde tutmak ve sunmak i\u00e7in tasarlanm\u0131\u015f, ayr\u0131 bir kapak ve tabandan olu\u015fan iki par\u00e7al\u0131 bir ambalaj tarz\u0131d\u0131r. Sofistike g\u00f6r\u00fcn\u00fcmleri ve koruyucu nitelikleri nedeniyle l\u00fcks ve \u00fcst d\u00fczey bebek sa\u00e7 bak\u0131m ya\u011f\u0131 parf\u00fcmleri i\u00e7in pop\u00fcler bir se\u00e7imdir.<\/p>","protected":false},"featured_media":2265,"template":"","meta":{"_kad_post_transparent":"default","_kad_post_title":"","_kad_post_layout":"default","_kad_post_sidebar_id":"","_kad_post_content_style":"default","_kad_post_vertical_padding":"default","_kad_post_feature":"","_kad_post_feature_position":"","_kad_post_header":false,"_kad_post_footer":false,"_kad_post_classname":""},"product_brand":[],"product_cat":[15,17,28,19,34],"product_tag":[555,557,556],"class_list":{"0":"post-2264","1":"product","2":"type-product","3":"status-publish","4":"has-post-thumbnail","6":"product_cat-boxes-by-shapes","7":"product_cat-boxes-by-industries","8":"product_cat-cosmetic-packaging-boxes","9":"product_cat-lid-and-base-boxes","10":"product_cat-perfume-packaging-boxes","11":"product_tag-baby-hair-care-boxes","12":"product_tag-lid-and-base-boxes-manufacturer","13":"product_tag-oil-perfume-boxes","15":"first","16":"instock","17":"shipping-taxable","18":"product-type-simple","19":"entry","20":"content-bg","21":"loop-entry"},"_links":{"self":[{"href":"https:\/\/chinacustomboxes.com\/tr\/wp-json\/wp\/v2\/product\/2264","targetHints":{"allow":["GET"]}}],"collection":[{"href":"https:\/\/chinacustomboxes.com\/tr\/wp-json\/wp\/v2\/product"}],"about":[{"href":"https:\/\/chinacustomboxes.com\/tr\/wp-json\/wp\/v2\/types\/product"}],"wp:featuredmedia":[{"embeddable":true,"href":"https:\/\/chinacustomboxes.com\/tr\/wp-json\/wp\/v2\/media\/2265"}],"wp:attachment":[{"href":"https:\/\/chinacustomboxes.com\/tr\/wp-json\/wp\/v2\/media?parent=2264"}],"wp:term":[{"taxonomy":"product_brand","embeddable":true,"href":"https:\/\/chinacustomboxes.com\/tr\/wp-json\/wp\/v2\/product_brand?post=2264"},{"taxonomy":"product_cat","embeddable":true,"href":"https:\/\/chinacustomboxes.com\/tr\/wp-json\/wp\/v2\/product_cat?post=2264"},{"taxonomy":"product_tag","embeddable":true,"href":"https:\/\/chinacustomboxes.com\/tr\/wp-json\/wp\/v2\/product_tag?post=2264"}],"curies":[{"name":"wp","href":"https:\/\/api.w.org\/{rel}","templated":true}]}}