{"id":2273,"date":"2025-08-20T03:15:00","date_gmt":"2025-08-20T03:15:00","guid":{"rendered":"https:\/\/chinacustomboxes.com\/?post_type=product&#038;p=2273"},"modified":"2025-08-20T03:44:20","modified_gmt":"2025-08-20T03:44:20","slug":"eye-cream-carrier-oil-cosmetic-magnetic-lid-boxes-factory","status":"publish","type":"product","link":"https:\/\/chinacustomboxes.com\/tr\/eye-cream-carrier-oil-cosmetic-magnetic-lid-boxes-factory\/","title":{"rendered":"G\u00f6z Kremi Ta\u015f\u0131y\u0131c\u0131 Ya\u011f Kozmetik Manyetik Kapak Kutular\u0131 Fabrikas\u0131"},"content":{"rendered":"<h2 id=\"premium-custom-made-magnetic-lid-eye-cream-essence-freeze-dried-powder-appeal-boxes\">Premium Ismarlama Manyetik Kapakl\u0131 G\u00f6z Kremi Esans\u0131 Dondurularak Kurutulmu\u015f Toz Temyiz Kutular\u0131<br \/>\n<span style=\"font-size: 17px; font-weight: 400;\">Rekabetin son derece yo\u011fun oldu\u011fu kozmetik pazar\u0131nda ambalaj\u0131n yaln\u0131zca \u00fcr\u00fcn i\u00e7in bir kap de\u011fil, ayn\u0131 zamanda marka ile t\u00fcketici aras\u0131ndaki ilk duygusal ba\u011flant\u0131y\u0131 sa\u011flayan ara\u00e7 oldu\u011funu biliyoruz. Markan\u0131n felsefesini ta\u015f\u0131r, \u00fcr\u00fcn\u00fcn profesyonelli\u011fini aktar\u0131r ve nihayetinde t\u00fcketicinin sat\u0131n alma karar\u0131n\u0131 etkiler. Bu nedenle, \u00e7abalar\u0131m\u0131z\u0131 bu \u00fcr\u00fcn\u00fc yaratmaya adad\u0131k. <a href=\"https:\/\/chinacustomboxes.com\/tr\/exporting-custom-luxury-magnetic-closure-rigid-shoes-boxes\/\">manyetik kapakl\u0131 g\u00fczellik kutusu<\/a>Her ayr\u0131nt\u0131y\u0131 titizlikle i\u015fleyerek, koruma, i\u015flevsellik ve sanat\u0131 bir araya getirerek \u00fcr\u00fcnleriniz i\u00e7in m\u00fckemmel bir yuva sa\u011flamay\u0131 ama\u00e7lamaktad\u0131r.<\/span><\/h2>\n<h2 id=\"1-ingenious-magnetic-structure-elegant-opening-and-closing-exuding-high-end\">1. Dahiyane Manyetik Yap\u0131: Zarif A\u00e7\u0131lma ve Kapanma, \u00dcst D\u00fczey<\/h2>\n<p>Geleneksel \u00e7\u0131t\u00e7\u0131tl\u0131 veya kapakl\u0131 stilleri terk ettik ve yenilik\u00e7i bir \u015fekilde yerle\u015fik, g\u00fc\u00e7l\u00fc <a href=\"https:\/\/chinacustomboxes.com\/tr\/magnetic-closure-boxes\/\">manyetik kapama Kutular\u0131<\/a>. Kapak hafif\u00e7e kapat\u0131ld\u0131\u011f\u0131nda, m\u0131knat\u0131slar hassas bir \u015fekilde kenetlenir, net ve sabit bir t\u0131klama sesi \u00e7\u0131kararak belirgin bir rutin ve tatmin hissi yarat\u0131r. Bu stil sadece kutunun yarar\u0131n\u0131 ve g\u00fcvenli\u011fini sa\u011flamakla kalmaz, hareketlilik veya nakliye s\u0131ras\u0131nda kazara a\u00e7\u0131lmay\u0131 ba\u015far\u0131yla \u00f6nler, ayn\u0131 zamanda p\u00fcr\u00fczs\u00fcz a\u00e7ma ve kapama deneyimi, \u00fcst d\u00fczey kozmetiklerin arad\u0131\u011f\u0131 sofistike ve l\u00fcks\u00fc kusursuz bir \u015fekilde ki\u015file\u015ftirir. Her a\u00e7\u0131l\u0131\u015f klas bir marka ileti\u015fimidir.<\/p>\n<p><img fetchpriority=\"high\" decoding=\"async\" class=\"alignnone wp-image-2276 size-full\" src=\"https:\/\/chinacustomboxes.com\/wp-content\/uploads\/2025\/08\/Eye-Cream-Carrier-Oil-Cosmetic-Magnetic-Lid-Boxes-Factory-3.jpg\" alt=\"G\u00f6z Kremi Ta\u015f\u0131y\u0131c\u0131 Ya\u011f Kozmetik Manyetik Kapak Kutular\u0131 Fabrikas\u0131\" width=\"1000\" height=\"1000\" title=\"\" srcset=\"https:\/\/chinacustomboxes.com\/wp-content\/uploads\/2025\/08\/Eye-Cream-Carrier-Oil-Cosmetic-Magnetic-Lid-Boxes-Factory-3.jpg 1000w, https:\/\/chinacustomboxes.com\/wp-content\/uploads\/2025\/08\/Eye-Cream-Carrier-Oil-Cosmetic-Magnetic-Lid-Boxes-Factory-3-300x300.jpg 300w, https:\/\/chinacustomboxes.com\/wp-content\/uploads\/2025\/08\/Eye-Cream-Carrier-Oil-Cosmetic-Magnetic-Lid-Boxes-Factory-3-150x150.jpg 150w, https:\/\/chinacustomboxes.com\/wp-content\/uploads\/2025\/08\/Eye-Cream-Carrier-Oil-Cosmetic-Magnetic-Lid-Boxes-Factory-3-768x768.jpg 768w, https:\/\/chinacustomboxes.com\/wp-content\/uploads\/2025\/08\/Eye-Cream-Carrier-Oil-Cosmetic-Magnetic-Lid-Boxes-Factory-3-12x12.jpg 12w, https:\/\/chinacustomboxes.com\/wp-content\/uploads\/2025\/08\/Eye-Cream-Carrier-Oil-Cosmetic-Magnetic-Lid-Boxes-Factory-3-600x600.jpg 600w, https:\/\/chinacustomboxes.com\/wp-content\/uploads\/2025\/08\/Eye-Cream-Carrier-Oil-Cosmetic-Magnetic-Lid-Boxes-Factory-3-100x100.jpg 100w\" sizes=\"(max-width: 1000px) 100vw, 1000px\" \/><\/p>\n<h2 id=\"2-scientific-interior-format-customized-and-organized\">2. Bilimsel \u0130\u00e7 Format: \u00d6zelle\u015ftirilmi\u015f ve D\u00fczenlenmi\u015f<\/h2>\n<p>\u00c7e\u015fitli kozmetikler (dondurularak kurutulmu\u015f toz, ampuller, losyonlar, g\u00f6z losyonlar\u0131 vb. gibi) aras\u0131ndaki boyut ve t\u00fcr farkl\u0131l\u0131klar\u0131n\u0131 derinlemesine anl\u0131yoruz. Bu nedenle, tamamen ki\u015fiye \u00f6zel i\u00e7 alan \u00e7\u00f6z\u00fcmleri sunuyoruz. \u0130ster \u00f6zel konumland\u0131rma gerektiren tek bir flakon olsun, ister katmanl\u0131 depolama gerektiren bir tesis olsun, hassas bir \u015fekilde geli\u015ftirebiliriz. Bu son derece uyarlanabilir d\u00fczen, sadece \u00fcr\u00fcnlerin d\u00fczg\u00fcn ve m\u00fckemmel bir \u015fekilde sergilenmesini sa\u011flamakla kalmaz, ayn\u0131 zamanda katmanl\u0131 depolama tarz\u0131 sayesinde ambalaj\u0131n pratikli\u011fini ve alan kullan\u0131m\u0131n\u0131 \u00f6nemli \u00f6l\u00e7\u00fcde art\u0131rarak m\u00fc\u015fterilerin bir bak\u0131\u015fta her \u015feyi rahat\u00e7a ke\u015ffetmesini ve bunlara eri\u015fmesini kolayla\u015ft\u0131r\u0131r.<\/p>\n<h2 id=\"3-eco-friendly-lamination-lightweight-and-sturdy-with-a-phenomenal-touch\">3. \u00c7evre Dostu Laminasyon: Hafif ve Sa\u011flam, Ola\u011fan\u00fcst\u00fc Bir Dokunu\u015fa Sahip<\/h2>\n<p>Bu \u00fcr\u00fcn ambalaj kutusu, \u00fcr\u00fcn se\u00e7iminde ekolojik dostluk ve sa\u011flaml\u0131k aras\u0131nda en iyi dengeyi sa\u011flar. Kutu, y\u00fcksek kaliteli ka\u011f\u0131ttan \u00fcretilmi\u015ftir ve basit ta\u015f\u0131ma ve ta\u015f\u0131nabilirlik i\u00e7in do\u011fal \u00e7evikli\u011fini korumaktad\u0131r. Ayr\u0131ca, y\u00fczey alan\u0131 yenilik\u00e7i bir laminasyon prosed\u00fcr\u00fcnden ge\u00e7erek ipeksi bir p\u00fcr\u00fczs\u00fczl\u00fck hissi verirken, tak\u0131lmaya, s\u0131yr\u0131klara ve \u0131slakl\u0131\u011fa kar\u015f\u0131 direncini \u00f6nemli \u00f6l\u00e7\u00fcde art\u0131r\u0131r. Bu da kutunun nemli ortamlarda da stabilitesini korudu\u011fu ve i\u00e7indeki \u00fcr\u00fcnleri d\u00fczg\u00fcn bir \u015fekilde korudu\u011fu anlam\u0131na gelir. Bu, \u00e7evre dostu ve \u00fcr\u00fcn dostu bir se\u00e7enektir.<\/p>\n<p><img decoding=\"async\" class=\"alignnone wp-image-2275 size-full\" src=\"https:\/\/chinacustomboxes.com\/wp-content\/uploads\/2025\/08\/Eye-Cream-Carrier-Oil-Cosmetic-Magnetic-Lid-Boxes-Factory-2.jpg\" alt=\"G\u00f6z Kremi Ta\u015f\u0131y\u0131c\u0131 Ya\u011f Kozmetik Manyetik Kapak Kutular\u0131 Fabrikas\u0131\" width=\"1000\" height=\"1000\" title=\"\" srcset=\"https:\/\/chinacustomboxes.com\/wp-content\/uploads\/2025\/08\/Eye-Cream-Carrier-Oil-Cosmetic-Magnetic-Lid-Boxes-Factory-2.jpg 1000w, https:\/\/chinacustomboxes.com\/wp-content\/uploads\/2025\/08\/Eye-Cream-Carrier-Oil-Cosmetic-Magnetic-Lid-Boxes-Factory-2-300x300.jpg 300w, https:\/\/chinacustomboxes.com\/wp-content\/uploads\/2025\/08\/Eye-Cream-Carrier-Oil-Cosmetic-Magnetic-Lid-Boxes-Factory-2-150x150.jpg 150w, https:\/\/chinacustomboxes.com\/wp-content\/uploads\/2025\/08\/Eye-Cream-Carrier-Oil-Cosmetic-Magnetic-Lid-Boxes-Factory-2-768x768.jpg 768w, https:\/\/chinacustomboxes.com\/wp-content\/uploads\/2025\/08\/Eye-Cream-Carrier-Oil-Cosmetic-Magnetic-Lid-Boxes-Factory-2-12x12.jpg 12w, https:\/\/chinacustomboxes.com\/wp-content\/uploads\/2025\/08\/Eye-Cream-Carrier-Oil-Cosmetic-Magnetic-Lid-Boxes-Factory-2-600x600.jpg 600w, https:\/\/chinacustomboxes.com\/wp-content\/uploads\/2025\/08\/Eye-Cream-Carrier-Oil-Cosmetic-Magnetic-Lid-Boxes-Factory-2-100x100.jpg 100w\" sizes=\"(max-width: 1000px) 100vw, 1000px\" \/><\/p>\n<h2 id=\"4-eva-cellular-lining-security-thorough-interest-to-shielding\">4. EVA H\u00fccresel Astar G\u00fcvenli\u011fi: Korumaya Yo\u011fun \u0130lgi<\/h2>\n<p>\u00dcr\u00fcn g\u00fcvenli\u011fi bizim tarz\u0131m\u0131zda en \u00f6nemli husustur. H\u00fccresel astar i\u00e7in, hassas bir kal\u0131p kesim prosed\u00fcr\u00fc kullan\u0131larak bozulmadan olu\u015fturulan y\u00fcksek yo\u011funluklu EVA k\u00f6p\u00fck kullan\u0131yoruz. Bitmi\u015f h\u00fccresel astar p\u00fcr\u00fczs\u00fcz, \u00e7apaks\u0131z bir y\u00fczeye sahiptir ve \u00fcr\u00fcnleri yerle\u015ftirirken veya \u00e7\u0131kar\u0131rken kapta veya etikette herhangi bir s\u0131yr\u0131k veya hasar olu\u015fmamas\u0131n\u0131 sa\u011flar. EVA malzemenin m\u00fckemmel dayan\u0131kl\u0131l\u0131\u011f\u0131 ve yast\u0131klama yap\u0131lar\u0131, d\u0131\u015f \u015fok ve rezonans\u0131 etkili bir \u015fekilde al\u0131r, karma\u015f\u0131k nakliye ve depolama alan\u0131 ayarlar\u0131 s\u0131ras\u0131nda \u00fcr\u00fcnleriniz i\u00e7in dayan\u0131kl\u0131 ve kapsaml\u0131 g\u00fcvenlik sunarak m\u00fc\u015fterilere bozulmam\u0131\u015f durumda ula\u015fmalar\u0131n\u0131 sa\u011flar.<\/p>\n<h2 id=\"5-modern-aesthetic-style-technological-structure-basic-beauty\">5. Modern Estetik Stil: Teknolojik Yap\u0131, Temel G\u00fczellik<\/h2>\n<p>D\u0131\u015f tasar\u0131m i\u00e7in, \u00e7a\u011fda\u015f cilt bak\u0131m\u0131nda vurgulanan \"klinik cilt bak\u0131m\u0131\" ve \"hassasiyet ve verimlilik\" fikirlerini kusursuz bir \u015fekilde kabul eden, teknik ve geli\u015fmi\u015f bir his veren g\u00fcm\u00fc\u015f rengi bir \u015fema se\u00e7tik. Ambalaj\u0131n y\u00fczey alan\u0131, s\u0131k\u0131c\u0131 renk tasar\u0131m\u0131n\u0131n tekd\u00fczeli\u011fine zarar veren ve katmanla\u015fma ve dinamizm hissi katan tonal \u00e7izgilerle s\u00fcslendi. Tasar\u0131m\u0131n tamam\u0131 minimalist ve \u015f\u0131k olmakla birlikte rafine detaylar\u0131 da koruyor. Bu yerle\u015fim dili, hedef t\u00fcketicilerin oda\u011f\u0131n\u0131 h\u0131zla yakal\u0131yor ve markan\u0131n benzersiz profesyonellik ve verimlilik duygusunu aktar\u0131yor.<\/p>\n<p><img decoding=\"async\" class=\"alignnone wp-image-2274 size-full\" src=\"https:\/\/chinacustomboxes.com\/wp-content\/uploads\/2025\/08\/Eye-Cream-Carrier-Oil-Cosmetic-Magnetic-Lid-Boxes-Factory-1.jpg\" alt=\"G\u00f6z Kremi Ta\u015f\u0131y\u0131c\u0131 Ya\u011f Kozmetik Manyetik Kapak Kutular\u0131 Fabrikas\u0131\" width=\"1000\" height=\"1000\" title=\"\" srcset=\"https:\/\/chinacustomboxes.com\/wp-content\/uploads\/2025\/08\/Eye-Cream-Carrier-Oil-Cosmetic-Magnetic-Lid-Boxes-Factory-1.jpg 1000w, https:\/\/chinacustomboxes.com\/wp-content\/uploads\/2025\/08\/Eye-Cream-Carrier-Oil-Cosmetic-Magnetic-Lid-Boxes-Factory-1-300x300.jpg 300w, https:\/\/chinacustomboxes.com\/wp-content\/uploads\/2025\/08\/Eye-Cream-Carrier-Oil-Cosmetic-Magnetic-Lid-Boxes-Factory-1-150x150.jpg 150w, https:\/\/chinacustomboxes.com\/wp-content\/uploads\/2025\/08\/Eye-Cream-Carrier-Oil-Cosmetic-Magnetic-Lid-Boxes-Factory-1-768x768.jpg 768w, https:\/\/chinacustomboxes.com\/wp-content\/uploads\/2025\/08\/Eye-Cream-Carrier-Oil-Cosmetic-Magnetic-Lid-Boxes-Factory-1-12x12.jpg 12w, https:\/\/chinacustomboxes.com\/wp-content\/uploads\/2025\/08\/Eye-Cream-Carrier-Oil-Cosmetic-Magnetic-Lid-Boxes-Factory-1-600x600.jpg 600w, https:\/\/chinacustomboxes.com\/wp-content\/uploads\/2025\/08\/Eye-Cream-Carrier-Oil-Cosmetic-Magnetic-Lid-Boxes-Factory-1-100x100.jpg 100w\" sizes=\"(max-width: 1000px) 100vw, 1000px\" \/><\/p>\n<h2 id=\"6-high-definition-printing-innovation-accurate-interaction-showing-professionalism-and-reliability\">6. Y\u00fcksek \u00c7\u00f6z\u00fcn\u00fcrl\u00fckl\u00fc Bask\u0131 \u0130novasyonu: Profesyonellik ve G\u00fcvenilirlik G\u00f6steren Do\u011fru Etkile\u015fim<\/h2>\n<p>Her kelimenin ve logo tasar\u0131m\u0131n\u0131n herhangi bir bozulma veya bulan\u0131kl\u0131k olmadan muhte\u015fem kalitede sunulmas\u0131n\u0131 sa\u011flamak i\u00e7in end\u00fcstri lideri bask\u0131 ara\u00e7lar\u0131n\u0131 ve modern teknolojiyi kullan\u0131yoruz. Markan\u0131z\u0131n estetik kimlik (VI) d\u00fczenine m\u00fckemmel bir \u015fekilde uyan nihai bas\u0131l\u0131 \u00fcr\u00fcnde m\u00fcmk\u00fcn olan en y\u00fcksek renk do\u011frulu\u011funu sa\u011flayarak s\u0131k\u0131 g\u00f6lge y\u00f6netimi gereksinimlerini koruyoruz. Bilgiye g\u00f6sterilen bu kapsaml\u0131 ilgi, profesyonelli\u011fimizin g\u00fc\u00e7l\u00fc bir kan\u0131t\u0131 ve marka esteti\u011fi ileti\u015fiminin profesyonel standartlar\u0131na ciddi bir ba\u011fl\u0131l\u0131kt\u0131r.<\/p>\n<h2 id=\"7-full-service-modification-flexible-and-versatile-for-a-tailored-experience\">7. Tam Hizmet Modifikasyonu: Ki\u015fiye \u00d6zel Bir Deneyim i\u00e7in Esnek ve \u00c7ok Y\u00f6nl\u00fc<\/h2>\n<p>Her etkili markan\u0131n kendine \u00f6zg\u00fc bir imzay\u0131 hak etti\u011fine inan\u0131yoruz. Bu ama\u00e7la, konseptten \u00fcr\u00fcn\u00fcn tamam\u0131na kadar tam hizmet \u00f6zelle\u015ftirme sunuyoruz. Kutu \u00e7er\u00e7evesini, ana g\u00f6vde malzemesini (\u00f6zel ka\u011f\u0131t, sanat ka\u011f\u0131d\u0131, deri dokulu ka\u011f\u0131t gibi), y\u00fczey alan\u0131 tedavisini (alt\u0131n \/ g\u00fcm\u00fc\u015f s\u0131cak damgalama, UV kabartma, kabartma, kabartma gibi) ve bask\u0131 se\u00e7eneklerini kolayca se\u00e7ebilirsiniz. \u00d6zverili ekibimiz, marka konseptinizi ve yenilik\u00e7i fikirlerinizi \u00f6zel ambalajlara d\u00f6n\u00fc\u015ft\u00fcrmek i\u00e7in sizinle birlikte dikkatle \u00e7al\u0131\u015facak ve markan\u0131z\u0131n se\u00e7kin pazar gereksinimlerini esnek bir \u015fekilde kar\u015f\u0131layacakt\u0131r.<\/p>\n<p><img loading=\"lazy\" decoding=\"async\" class=\"alignnone wp-image-2277 size-full\" src=\"https:\/\/chinacustomboxes.com\/wp-content\/uploads\/2025\/08\/Eye-Cream-Carrier-Oil-Cosmetic-Magnetic-Lid-Boxes-Factory-4.jpg\" alt=\"G\u00f6z Kremi Ta\u015f\u0131y\u0131c\u0131 Ya\u011f Kozmetik Manyetik Kapak Kutular\u0131 Fabrikas\u0131\" width=\"1000\" height=\"1000\" title=\"\" srcset=\"https:\/\/chinacustomboxes.com\/wp-content\/uploads\/2025\/08\/Eye-Cream-Carrier-Oil-Cosmetic-Magnetic-Lid-Boxes-Factory-4.jpg 1000w, https:\/\/chinacustomboxes.com\/wp-content\/uploads\/2025\/08\/Eye-Cream-Carrier-Oil-Cosmetic-Magnetic-Lid-Boxes-Factory-4-300x300.jpg 300w, https:\/\/chinacustomboxes.com\/wp-content\/uploads\/2025\/08\/Eye-Cream-Carrier-Oil-Cosmetic-Magnetic-Lid-Boxes-Factory-4-150x150.jpg 150w, https:\/\/chinacustomboxes.com\/wp-content\/uploads\/2025\/08\/Eye-Cream-Carrier-Oil-Cosmetic-Magnetic-Lid-Boxes-Factory-4-768x768.jpg 768w, https:\/\/chinacustomboxes.com\/wp-content\/uploads\/2025\/08\/Eye-Cream-Carrier-Oil-Cosmetic-Magnetic-Lid-Boxes-Factory-4-12x12.jpg 12w, https:\/\/chinacustomboxes.com\/wp-content\/uploads\/2025\/08\/Eye-Cream-Carrier-Oil-Cosmetic-Magnetic-Lid-Boxes-Factory-4-600x600.jpg 600w, https:\/\/chinacustomboxes.com\/wp-content\/uploads\/2025\/08\/Eye-Cream-Carrier-Oil-Cosmetic-Magnetic-Lid-Boxes-Factory-4-100x100.jpg 100w\" sizes=\"(max-width: 1000px) 100vw, 1000px\" \/><\/p>\n<h2 id=\"8-1-hour-express-prototyping-seize-the-opportunity-and-win-the-marketplace\">8. 1 Saatlik H\u0131zl\u0131 Prototipleme: F\u0131rsat\u0131 Yakalay\u0131n ve Pazar\u0131 Kazan\u0131n<\/h2>\n<p>H\u0131zla de\u011fi\u015fen bir pazarda, h\u0131z bir avantajd\u0131r. 1 saatlik h\u0131zl\u0131 prototipleme \u00e7\u00f6z\u00fcm\u00fcm\u00fcz, yeni \u00fcr\u00fcn geli\u015ftirme ve piyasaya s\u00fcrme d\u00f6ng\u00fcn\u00fcz\u00fc \u00f6nemli \u00f6l\u00e7\u00fcde k\u0131saltmak i\u00e7in \u00fcretilmi\u015ftir. D\u00fczeninizi tamamlad\u0131ktan sonra, yap\u0131, \u00fcr\u00fcn ve bask\u0131n\u0131n incelenmesi i\u00e7in size belge s\u00fcresinde y\u00fcksek do\u011frulukta fiziksel \u00f6rnekler sa\u011flayaca\u011f\u0131z. Bu g\u00fcvenilir hizmet, stratejilerinizi \u00e7ok daha h\u0131zl\u0131 se\u00e7menize ve ayarlaman\u0131za yard\u0131mc\u0131 olur, sonu\u00e7ta markan\u0131z\u0131n pazar olanaklar\u0131n\u0131 de\u011ferlendirmesine ve bir ad\u0131m \u00f6nde kalmas\u0131na yard\u0131mc\u0131 olur.<\/p>","protected":false},"excerpt":{"rendered":"<p>Krem ta\u015f\u0131y\u0131c\u0131 ya\u011f g\u00f6z kremi esans\u0131 dondurularak kurutulmu\u015f toz kozmetik manyetik kapakl\u0131 kutular, g\u00fczellik \u00fcr\u00fcnleri i\u00e7in tasarlanm\u0131\u015f, g\u00fcvenli ve rahat a\u00e7ma ve kapama i\u00e7in manyetik bir kapa\u011fa sahip bir ambalaj t\u00fcr\u00fcd\u00fcr. Tipik olarak sert karton gibi sa\u011flam malzemelerden yap\u0131l\u0131rlar ve \u00fcr\u00fcn\u00fcn sunumunu geli\u015ftirmek i\u00e7in \u00e7e\u015fitli y\u00fczeyler ve bask\u0131 se\u00e7enekleriyle \u00f6zelle\u015ftirilebilirler.<\/p>","protected":false},"featured_media":2277,"template":"","meta":{"_kad_post_transparent":"default","_kad_post_title":"","_kad_post_layout":"default","_kad_post_sidebar_id":"","_kad_post_content_style":"default","_kad_post_vertical_padding":"default","_kad_post_feature":"","_kad_post_feature_position":"","_kad_post_header":false,"_kad_post_footer":false,"_kad_post_classname":""},"product_brand":[],"product_cat":[15,17,28,18],"product_tag":[559,558,458],"class_list":{"0":"post-2273","1":"product","2":"type-product","3":"status-publish","4":"has-post-thumbnail","6":"product_cat-boxes-by-shapes","7":"product_cat-boxes-by-industries","8":"product_cat-cosmetic-packaging-boxes","9":"product_cat-magnetic-closure-boxes","10":"product_tag-carrier-oil-cosmetic-boxes","11":"product_tag-eye-cream-boxes","12":"product_tag-magnetic-lid-boxes","14":"first","15":"instock","16":"shipping-taxable","17":"product-type-simple","18":"entry","19":"content-bg","20":"loop-entry"},"_links":{"self":[{"href":"https:\/\/chinacustomboxes.com\/tr\/wp-json\/wp\/v2\/product\/2273","targetHints":{"allow":["GET"]}}],"collection":[{"href":"https:\/\/chinacustomboxes.com\/tr\/wp-json\/wp\/v2\/product"}],"about":[{"href":"https:\/\/chinacustomboxes.com\/tr\/wp-json\/wp\/v2\/types\/product"}],"wp:featuredmedia":[{"embeddable":true,"href":"https:\/\/chinacustomboxes.com\/tr\/wp-json\/wp\/v2\/media\/2277"}],"wp:attachment":[{"href":"https:\/\/chinacustomboxes.com\/tr\/wp-json\/wp\/v2\/media?parent=2273"}],"wp:term":[{"taxonomy":"product_brand","embeddable":true,"href":"https:\/\/chinacustomboxes.com\/tr\/wp-json\/wp\/v2\/product_brand?post=2273"},{"taxonomy":"product_cat","embeddable":true,"href":"https:\/\/chinacustomboxes.com\/tr\/wp-json\/wp\/v2\/product_cat?post=2273"},{"taxonomy":"product_tag","embeddable":true,"href":"https:\/\/chinacustomboxes.com\/tr\/wp-json\/wp\/v2\/product_tag?post=2273"}],"curies":[{"name":"wp","href":"https:\/\/api.w.org\/{rel}","templated":true}]}}