{"id":2278,"date":"2025-08-20T03:45:08","date_gmt":"2025-08-20T03:45:08","guid":{"rendered":"https:\/\/chinacustomboxes.com\/?post_type=product&#038;p=2278"},"modified":"2025-08-20T05:37:21","modified_gmt":"2025-08-20T05:37:21","slug":"callus-remover-nail-brush-paper-drawer-boxes-manufacturer","status":"publish","type":"product","link":"https:\/\/chinacustomboxes.com\/tr\/callus-remover-nail-brush-paper-drawer-boxes-manufacturer\/","title":{"rendered":"Nas\u0131r S\u00f6k\u00fcc\u00fc T\u0131rnak F\u0131r\u00e7as\u0131 Ka\u011f\u0131t \u00c7ekmece Kutular\u0131 \u00dcretici"},"content":{"rendered":"<h2 id=\"high-end-exfoliating-brush-nail-brush-drawer-style-paper-product-packaging\">\u00dcst D\u00fczey Peeling F\u0131r\u00e7as\u0131\/T\u0131rnak F\u0131r\u00e7as\u0131 \u00c7ekmece Tarz\u0131 Ka\u011f\u0131t \u00dcr\u00fcn Ambalaj\u0131<\/h2>\n<p>Rekabetin giderek artt\u0131\u011f\u0131 bireysel tedavi pazar\u0131nda, ola\u011fan\u00fcst\u00fc \u00fcr\u00fcnler ayn\u0131 derecede ola\u011fan\u00fcst\u00fc \u00fcr\u00fcn gerektirir <a href=\"https:\/\/chinacustomboxes.com\/tr\/valentines-day-heart-shaped-gift-box-packaging-for-jewelry\/\">paketleme<\/a> de\u011ferlerini iletmek i\u00e7in. Ovma f\u0131r\u00e7alar\u0131 ve t\u0131rnak f\u0131r\u00e7alar\u0131 i\u00e7in \u00f6zel olarak haz\u0131rlanm\u0131\u015f birinci s\u0131n\u0131f ka\u011f\u0131t \u00fcr\u00fcn ambalaj\u0131m\u0131z, sadece koruyucu bir durumdan daha fazlas\u0131d\u0131r; ayn\u0131 \u015fekilde marka imaj\u0131n\u0131 iyile\u015ftiren ve m\u00fc\u015fteri deneyimini en \u00fcst d\u00fczeye \u00e7\u0131karan hayati bir temas noktas\u0131 olarak \u00e7al\u0131\u015f\u0131r.<\/p>\n<p><img fetchpriority=\"high\" decoding=\"async\" class=\"alignnone wp-image-2282 size-full\" src=\"https:\/\/chinacustomboxes.com\/wp-content\/uploads\/2025\/08\/Callus-Remover-Nail-Brush-Paper-Drawer-Supplies-Manufacturer-4.jpg\" alt=\"Nas\u0131r S\u00f6k\u00fcc\u00fc T\u0131rnak F\u0131r\u00e7as\u0131 Ka\u011f\u0131t \u00c7ekmece Malzemeleri \u00dcreticisi\" width=\"1000\" height=\"1000\" title=\"\" srcset=\"https:\/\/chinacustomboxes.com\/wp-content\/uploads\/2025\/08\/Callus-Remover-Nail-Brush-Paper-Drawer-Supplies-Manufacturer-4.jpg 1000w, https:\/\/chinacustomboxes.com\/wp-content\/uploads\/2025\/08\/Callus-Remover-Nail-Brush-Paper-Drawer-Supplies-Manufacturer-4-300x300.jpg 300w, https:\/\/chinacustomboxes.com\/wp-content\/uploads\/2025\/08\/Callus-Remover-Nail-Brush-Paper-Drawer-Supplies-Manufacturer-4-150x150.jpg 150w, https:\/\/chinacustomboxes.com\/wp-content\/uploads\/2025\/08\/Callus-Remover-Nail-Brush-Paper-Drawer-Supplies-Manufacturer-4-768x768.jpg 768w, https:\/\/chinacustomboxes.com\/wp-content\/uploads\/2025\/08\/Callus-Remover-Nail-Brush-Paper-Drawer-Supplies-Manufacturer-4-12x12.jpg 12w, https:\/\/chinacustomboxes.com\/wp-content\/uploads\/2025\/08\/Callus-Remover-Nail-Brush-Paper-Drawer-Supplies-Manufacturer-4-600x600.jpg 600w, https:\/\/chinacustomboxes.com\/wp-content\/uploads\/2025\/08\/Callus-Remover-Nail-Brush-Paper-Drawer-Supplies-Manufacturer-4-100x100.jpg 100w\" sizes=\"(max-width: 1000px) 100vw, 1000px\" \/><\/p>\n<h2 id=\"1-ingenious-pull-out-framework-reinforces-brand-name-memorability\">1. Dahiyane \u00c7ekme \u00c7er\u00e7evesi Marka Ad\u0131n\u0131n Ak\u0131lda Kal\u0131c\u0131l\u0131\u011f\u0131n\u0131 G\u00fc\u00e7lendirir<\/h2>\n<p>Yenilik\u00e7i \u00e7ekmece tarz\u0131 a\u00e7ma ve kapama sistemimiz, size ve m\u00fc\u015fterilerinize son derece p\u00fcr\u00fczs\u00fcz bir kutu a\u00e7ma deneyimi sunmak i\u00e7in yarat\u0131lm\u0131\u015ft\u0131r. Hassas bir \u015fekilde ayarlanan s\u00f6n\u00fcmleme, her a\u00e7\u0131l\u0131\u015fta rutin bir his geli\u015ftirerek geleneksel \u00fcr\u00fcn ambalaj\u0131yla ilgili s\u00fcrt\u00fcnmeyi etkili bir \u015fekilde azalt\u0131r. Bu benzersiz interaktif deneyim, m\u00fc\u015fterilerin dikkatini derhal \u00e7eker, kabiliyeti e\u011flenceyle m\u00fckemmel bir \u015fekilde birle\u015ftirir ve zihinlerinde derin ve \u00f6zel bir marka ad\u0131 ba\u011f\u0131 geli\u015ftirir.<\/p>\n<p><img decoding=\"async\" class=\"alignnone wp-image-2279 size-full\" src=\"https:\/\/chinacustomboxes.com\/wp-content\/uploads\/2025\/08\/Callus-Remover-Nail-Brush-Paper-Drawer-Supplies-Manufacturer-1.jpg\" alt=\"Nas\u0131r S\u00f6k\u00fcc\u00fc T\u0131rnak F\u0131r\u00e7as\u0131 Ka\u011f\u0131t \u00c7ekmece Malzemeleri \u00dcreticisi\" width=\"1000\" height=\"1000\" title=\"\" srcset=\"https:\/\/chinacustomboxes.com\/wp-content\/uploads\/2025\/08\/Callus-Remover-Nail-Brush-Paper-Drawer-Supplies-Manufacturer-1.jpg 1000w, https:\/\/chinacustomboxes.com\/wp-content\/uploads\/2025\/08\/Callus-Remover-Nail-Brush-Paper-Drawer-Supplies-Manufacturer-1-300x300.jpg 300w, https:\/\/chinacustomboxes.com\/wp-content\/uploads\/2025\/08\/Callus-Remover-Nail-Brush-Paper-Drawer-Supplies-Manufacturer-1-150x150.jpg 150w, https:\/\/chinacustomboxes.com\/wp-content\/uploads\/2025\/08\/Callus-Remover-Nail-Brush-Paper-Drawer-Supplies-Manufacturer-1-768x768.jpg 768w, https:\/\/chinacustomboxes.com\/wp-content\/uploads\/2025\/08\/Callus-Remover-Nail-Brush-Paper-Drawer-Supplies-Manufacturer-1-12x12.jpg 12w, https:\/\/chinacustomboxes.com\/wp-content\/uploads\/2025\/08\/Callus-Remover-Nail-Brush-Paper-Drawer-Supplies-Manufacturer-1-600x600.jpg 600w, https:\/\/chinacustomboxes.com\/wp-content\/uploads\/2025\/08\/Callus-Remover-Nail-Brush-Paper-Drawer-Supplies-Manufacturer-1-100x100.jpg 100w\" sizes=\"(max-width: 1000px) 100vw, 1000px\" \/><\/p>\n<h2 id=\"2-accurate-cellular-lining-matching-guarantees-hassle-free-transport\">2. Do\u011fru H\u00fccresel Astar E\u015fle\u015ftirme Sorunsuz Ta\u015f\u0131may\u0131 Garanti Eder<\/h2>\n<p>Ta\u015f\u0131ma s\u0131ras\u0131nda \u00fcr\u00fcn emniyeti ve g\u00fcvenli\u011fi tasar\u0131m\u0131m\u0131zda \u00f6nde gelen bir \u00f6nceliktir. \u0130\u00e7 k\u0131sm\u0131 <a href=\"https:\/\/chinacustomboxes.com\/tr\/\">kutu<\/a> ola\u011fan\u00fcst\u00fc \u015fok emilimi, dolgu ve \u015fekil tutma sa\u011flayan y\u00fcksek yo\u011funluklu EVA h\u00fccresel astar kullan\u0131r. \u00d6zel hesaplamalar ve kal\u0131p yap\u0131m\u0131yla, yivli astar\u0131n \u015fekillerinin benzersiz \u015fekilli \u00fcr\u00fcnlerinize (ovma f\u0131r\u00e7alar\u0131 ve t\u0131rnak f\u0131r\u00e7alar\u0131 gibi) tamamen uymas\u0131n\u0131 ve derinli\u011fin kutunun kendisine \u00f6zel olarak e\u015fle\u015fmesini garanti ediyoruz. Bu, nakliye s\u0131ras\u0131nda herhangi bir kayma veya titremeyi etkili bir \u015fekilde \u00f6nleyerek hasar tehdidini azalt\u0131r.<\/p>\n<h2 id=\"3-elegant-hot-marking-workmanship-emphasizes-brand-costs\">3. Zarif S\u0131cak \u0130\u015faretleme \u0130\u015f\u00e7ili\u011fi Marka Maliyetlerini Vurguluyor<\/h2>\n<p>Markan\u0131z\u0131n de\u011ferini vurgulamak i\u00e7in kutu y\u00fczeyinde zarif bir s\u0131cak damgalama i\u015flemi kullan\u0131yoruz. Bu teknik, marka logosu tasar\u0131m\u0131 ve hayati ayr\u0131nt\u0131lar i\u00e7in keskin, bol bir metal parlakl\u0131\u011f\u0131 geli\u015ftirirken, ayn\u0131 zamanda etkili bir estetik etki i\u00e7in net, g\u00fczel desenler ve canl\u0131, b\u00fcy\u00fcleyici renkler \u00fcretir. G\u00fczel s\u0131cak markalama sadece \u00fcr\u00fcn ambalaj\u0131n\u0131n genel kalitesini y\u00fckseltmekle kalmaz, ayn\u0131 zamanda \u00fcr\u00fcn\u00fcn premium ve profesyonel marka konumland\u0131rmas\u0131n\u0131 m\u00fc\u015fterilere ileterek marka ad\u0131n\u0131n premium de\u011ferini ba\u015far\u0131yla art\u0131r\u0131r.<\/p>\n<p><img decoding=\"async\" class=\"alignnone wp-image-2280 size-full\" src=\"https:\/\/chinacustomboxes.com\/wp-content\/uploads\/2025\/08\/Callus-Remover-Nail-Brush-Paper-Drawer-Supplies-Manufacturer-2.jpg\" alt=\"Nas\u0131r S\u00f6k\u00fcc\u00fc T\u0131rnak F\u0131r\u00e7as\u0131 Ka\u011f\u0131t \u00c7ekmece Malzemeleri \u00dcreticisi\" width=\"1000\" height=\"1000\" title=\"\" srcset=\"https:\/\/chinacustomboxes.com\/wp-content\/uploads\/2025\/08\/Callus-Remover-Nail-Brush-Paper-Drawer-Supplies-Manufacturer-2.jpg 1000w, https:\/\/chinacustomboxes.com\/wp-content\/uploads\/2025\/08\/Callus-Remover-Nail-Brush-Paper-Drawer-Supplies-Manufacturer-2-300x300.jpg 300w, https:\/\/chinacustomboxes.com\/wp-content\/uploads\/2025\/08\/Callus-Remover-Nail-Brush-Paper-Drawer-Supplies-Manufacturer-2-150x150.jpg 150w, https:\/\/chinacustomboxes.com\/wp-content\/uploads\/2025\/08\/Callus-Remover-Nail-Brush-Paper-Drawer-Supplies-Manufacturer-2-768x768.jpg 768w, https:\/\/chinacustomboxes.com\/wp-content\/uploads\/2025\/08\/Callus-Remover-Nail-Brush-Paper-Drawer-Supplies-Manufacturer-2-12x12.jpg 12w, https:\/\/chinacustomboxes.com\/wp-content\/uploads\/2025\/08\/Callus-Remover-Nail-Brush-Paper-Drawer-Supplies-Manufacturer-2-600x600.jpg 600w, https:\/\/chinacustomboxes.com\/wp-content\/uploads\/2025\/08\/Callus-Remover-Nail-Brush-Paper-Drawer-Supplies-Manufacturer-2-100x100.jpg 100w\" sizes=\"(max-width: 1000px) 100vw, 1000px\" \/><\/p>\n<h2 id=\"4-sophisticated-purple-appearances-sparks-expectancy\">4. Sofistike Mor G\u00f6r\u00fcn\u00fcmler Beklentiyi Artt\u0131r\u0131yor<\/h2>\n<p>\u00dcr\u00fcn ambalaj\u0131nda ana renk olarak sofistike bir mor kullan\u0131lm\u0131\u015ft\u0131r. Renk psikolojisi a\u00e7\u0131s\u0131ndan bak\u0131ld\u0131\u011f\u0131nda mor s\u0131kl\u0131kla l\u00fcks, yarat\u0131c\u0131l\u0131k ve aristokrasi ile ili\u015fkilendirilir. Bu yumu\u015fak ama derin renk tonu, uzun s\u00fcre izlemenin getirdi\u011fi g\u00f6rsel yorgunlu\u011fu uygun bir \u015fekilde azaltarak, i\u00e7indeki \u00fcr\u00fcnler hakk\u0131nda merak uyand\u0131ran ve a\u00e7\u0131ld\u0131\u011f\u0131nda beklenti hissi uyand\u0131ran sakin ve garip bir ortam yarat\u0131r.<\/p>\n<h2 id=\"5-long-lasting-bow-pull-ring-in-depth-high-quality\">5. Uzun \u00d6m\u00fcrl\u00fc Yay \u00c7ekme Halkas\u0131: Derinlemesine Y\u00fcksek Kalite<\/h2>\n<p>\u00c7ekme halkas\u0131 \u00fczerinde <a href=\"https:\/\/chinacustomboxes.com\/tr\/drawer-style-boxes\/\">\u00e7ekmece kutusu<\/a> en kaliteli yaydan \u00fcretilmi\u015f ve g\u00fc\u00e7lendirilmi\u015f bir prosed\u00fcrle ambalaj g\u00f6vdesine g\u00fcvenli bir \u015fekilde yap\u0131\u015ft\u0131r\u0131lm\u0131\u015ft\u0131r. Bu detay\u0131n, t\u00fcketicilerin \u00fcr\u00fcn ambalaj\u0131yla en s\u0131k etkile\u015fime girdi\u011fi yer oldu\u011funu biliyoruz, bu nedenle inan\u0131lmaz derecede esnek olacak \u015fekilde geli\u015ftirdik. Binlerce kez \u00e7ekilip \u00e7\u0131kar\u0131ld\u0131ktan sonra da kurdele \u00e7ekme halkas\u0131 ilk \u015feklini korur, sa\u011flam ve hareketsiz kal\u0131r ve markan\u0131n \u00fcst\u00fcn y\u00fcksek kalitesini her ayr\u0131nt\u0131da vurgular.<\/p>\n<p><img loading=\"lazy\" decoding=\"async\" class=\"alignnone wp-image-2281 size-full\" src=\"https:\/\/chinacustomboxes.com\/wp-content\/uploads\/2025\/08\/Callus-Remover-Nail-Brush-Paper-Drawer-Supplies-Manufacturer-3.jpg\" alt=\"Nas\u0131r S\u00f6k\u00fcc\u00fc T\u0131rnak F\u0131r\u00e7as\u0131 Ka\u011f\u0131t \u00c7ekmece Malzemeleri \u00dcreticisi\" width=\"1000\" height=\"1000\" title=\"\" srcset=\"https:\/\/chinacustomboxes.com\/wp-content\/uploads\/2025\/08\/Callus-Remover-Nail-Brush-Paper-Drawer-Supplies-Manufacturer-3.jpg 1000w, https:\/\/chinacustomboxes.com\/wp-content\/uploads\/2025\/08\/Callus-Remover-Nail-Brush-Paper-Drawer-Supplies-Manufacturer-3-300x300.jpg 300w, https:\/\/chinacustomboxes.com\/wp-content\/uploads\/2025\/08\/Callus-Remover-Nail-Brush-Paper-Drawer-Supplies-Manufacturer-3-150x150.jpg 150w, https:\/\/chinacustomboxes.com\/wp-content\/uploads\/2025\/08\/Callus-Remover-Nail-Brush-Paper-Drawer-Supplies-Manufacturer-3-768x768.jpg 768w, https:\/\/chinacustomboxes.com\/wp-content\/uploads\/2025\/08\/Callus-Remover-Nail-Brush-Paper-Drawer-Supplies-Manufacturer-3-12x12.jpg 12w, https:\/\/chinacustomboxes.com\/wp-content\/uploads\/2025\/08\/Callus-Remover-Nail-Brush-Paper-Drawer-Supplies-Manufacturer-3-600x600.jpg 600w, https:\/\/chinacustomboxes.com\/wp-content\/uploads\/2025\/08\/Callus-Remover-Nail-Brush-Paper-Drawer-Supplies-Manufacturer-3-100x100.jpg 100w\" sizes=\"(max-width: 1000px) 100vw, 1000px\" \/><\/p>\n<h2 id=\"6-high-performance-eva-lining-suitable-for-odd-shaped-products\">6. Y\u00fcksek Performansl\u0131 EVA Astar: Tek \u015eekilli \u00dcr\u00fcnler i\u00e7in Uygun<\/h2>\n<p>Ki\u015fisel bak\u0131m ara\u00e7lar\u0131n\u0131n d\u00fczensiz formlar\u0131n\u0131 ele almak i\u00e7in i\u00e7 astar \u00fcr\u00fcn\u00fc olarak EVA'y\u0131 se\u00e7tik. Yeni, \u00e7evre dostu bir plastik ambalaj malzemesi olan EVA, ola\u011fan\u00fcst\u00fc yast\u0131klama, \u015fok emilimi, s\u0131cakl\u0131k yal\u0131t\u0131m\u0131, nem direnci ve kimyasal diren\u00e7 sa\u011flar. D\u00fczensiz \u015fekilli \u00fcr\u00fcnlerin ihtiya\u00e7lar\u0131na m\u00fckemmel bir \u015fekilde uyum sa\u011flayarak ve \u00fcr\u00fcnleriniz i\u00e7in en g\u00fcvenli ve emniyetli savunmay\u0131 sa\u011flayarak, tercih edilen her t\u00fcrl\u00fc forma ayarlanabilir ve kesilebilir.<\/p>\n<p><img loading=\"lazy\" decoding=\"async\" class=\"alignnone wp-image-2283 size-full\" src=\"https:\/\/chinacustomboxes.com\/wp-content\/uploads\/2025\/08\/Callus-Remover-Nail-Brush-Paper-Drawer-Supplies-Manufacturer-5.jpg\" alt=\"Nas\u0131r S\u00f6k\u00fcc\u00fc T\u0131rnak F\u0131r\u00e7as\u0131 Ka\u011f\u0131t \u00c7ekmece Malzemeleri \u00dcreticisi\" width=\"1000\" height=\"1000\" title=\"\" srcset=\"https:\/\/chinacustomboxes.com\/wp-content\/uploads\/2025\/08\/Callus-Remover-Nail-Brush-Paper-Drawer-Supplies-Manufacturer-5.jpg 1000w, https:\/\/chinacustomboxes.com\/wp-content\/uploads\/2025\/08\/Callus-Remover-Nail-Brush-Paper-Drawer-Supplies-Manufacturer-5-300x300.jpg 300w, https:\/\/chinacustomboxes.com\/wp-content\/uploads\/2025\/08\/Callus-Remover-Nail-Brush-Paper-Drawer-Supplies-Manufacturer-5-150x150.jpg 150w, https:\/\/chinacustomboxes.com\/wp-content\/uploads\/2025\/08\/Callus-Remover-Nail-Brush-Paper-Drawer-Supplies-Manufacturer-5-768x768.jpg 768w, https:\/\/chinacustomboxes.com\/wp-content\/uploads\/2025\/08\/Callus-Remover-Nail-Brush-Paper-Drawer-Supplies-Manufacturer-5-12x12.jpg 12w, https:\/\/chinacustomboxes.com\/wp-content\/uploads\/2025\/08\/Callus-Remover-Nail-Brush-Paper-Drawer-Supplies-Manufacturer-5-600x600.jpg 600w, https:\/\/chinacustomboxes.com\/wp-content\/uploads\/2025\/08\/Callus-Remover-Nail-Brush-Paper-Drawer-Supplies-Manufacturer-5-100x100.jpg 100w\" sizes=\"(max-width: 1000px) 100vw, 1000px\" \/><\/p>\n<h2 id=\"7-72-hour-speedy-prototyping-performance-and-high-quality\">7. 72 Saatte H\u0131zl\u0131 Prototipleme, Performans ve Y\u00fcksek Kalite<\/h2>\n<p>Pazar\u0131n d\u00fczenli olarak de\u011fi\u015fti\u011finin ve verimlili\u011fin \u00e7ok \u00f6nemli oldu\u011funun fark\u0131nday\u0131z. Bu ama\u00e7la, detayl\u0131 ve h\u0131zl\u0131 bir prototipleme hizmeti sunaca\u011f\u0131m\u0131za s\u00f6z veriyoruz. Tasar\u0131m\u0131n\u0131z\u0131 onaylad\u0131\u011f\u0131n\u0131z andan itibaren, malzeme se\u00e7imi, prosed\u00fcr uygulamas\u0131 ve bask\u0131 renginden olu\u015fan gerekli t\u00fcm numunelerin \u00fcretimini ve do\u011frulamas\u0131n\u0131 72 saat i\u00e7inde tamamlayarak, \u00fcr\u00fcn\u00fcn\u00fcz\u00fcn en h\u0131zl\u0131 ve en iyi \u015fekilde pazara sunulmas\u0131n\u0131 sa\u011flayaca\u011f\u0131z.<\/p>","protected":false},"excerpt":{"rendered":"<p>Nas\u0131r \u00e7\u0131kar\u0131c\u0131 t\u0131rnak f\u0131r\u00e7as\u0131 ka\u011f\u0131t \u00e7ekmece kutular\u0131, t\u0131rnak sanat f\u0131r\u00e7alar\u0131n\u0131 saklamak ve d\u00fczenlemek, temiz, korumal\u0131 ve kolayca eri\u015filebilir tutmak i\u00e7in tasarlanm\u0131\u015f kaplard\u0131r. Basit plastik kutulardan ayr\u0131 b\u00f6lmelere veya yanard\u00f6ner kaplamalara sahip daha ayr\u0131nt\u0131l\u0131 kutulara kadar \u00e7e\u015fitli stillerde ve malzemelerde mevcutturlar. Bu kutular hem profesyonel t\u0131rnak teknisyenleri hem de evde kendi t\u0131rnak sanat\u0131n\u0131 yapmaktan ho\u015flanan bireyler i\u00e7in kullan\u0131\u015fl\u0131d\u0131r.<\/p>","protected":false},"featured_media":2281,"template":"","meta":{"_kad_post_transparent":"default","_kad_post_title":"","_kad_post_layout":"default","_kad_post_sidebar_id":"","_kad_post_content_style":"default","_kad_post_vertical_padding":"default","_kad_post_feature":"","_kad_post_feature_position":"","_kad_post_header":false,"_kad_post_footer":false,"_kad_post_classname":""},"product_brand":[],"product_cat":[15,17,28,20],"product_tag":[560,562,561],"class_list":{"0":"post-2278","1":"product","2":"type-product","3":"status-publish","4":"has-post-thumbnail","6":"product_cat-boxes-by-shapes","7":"product_cat-boxes-by-industries","8":"product_cat-cosmetic-packaging-boxes","9":"product_cat-drawer-style-boxes","10":"product_tag-callus-remover-drawer-boxes","11":"product_tag-nail-brush-paper-boxes","12":"product_tag-paper-drawer-boxes-manufacturer","14":"first","15":"instock","16":"shipping-taxable","17":"product-type-simple","18":"entry","19":"content-bg","20":"loop-entry"},"_links":{"self":[{"href":"https:\/\/chinacustomboxes.com\/tr\/wp-json\/wp\/v2\/product\/2278","targetHints":{"allow":["GET"]}}],"collection":[{"href":"https:\/\/chinacustomboxes.com\/tr\/wp-json\/wp\/v2\/product"}],"about":[{"href":"https:\/\/chinacustomboxes.com\/tr\/wp-json\/wp\/v2\/types\/product"}],"wp:featuredmedia":[{"embeddable":true,"href":"https:\/\/chinacustomboxes.com\/tr\/wp-json\/wp\/v2\/media\/2281"}],"wp:attachment":[{"href":"https:\/\/chinacustomboxes.com\/tr\/wp-json\/wp\/v2\/media?parent=2278"}],"wp:term":[{"taxonomy":"product_brand","embeddable":true,"href":"https:\/\/chinacustomboxes.com\/tr\/wp-json\/wp\/v2\/product_brand?post=2278"},{"taxonomy":"product_cat","embeddable":true,"href":"https:\/\/chinacustomboxes.com\/tr\/wp-json\/wp\/v2\/product_cat?post=2278"},{"taxonomy":"product_tag","embeddable":true,"href":"https:\/\/chinacustomboxes.com\/tr\/wp-json\/wp\/v2\/product_tag?post=2278"}],"curies":[{"name":"wp","href":"https:\/\/api.w.org\/{rel}","templated":true}]}}