{"id":2291,"date":"2025-08-21T03:44:11","date_gmt":"2025-08-21T03:44:11","guid":{"rendered":"https:\/\/chinacustomboxes.com\/?post_type=product&#038;p=2291"},"modified":"2025-08-21T05:56:24","modified_gmt":"2025-08-21T05:56:24","slug":"face-mask-cream-lotion-eye-mask-top-and-bottom-boxes-oem","status":"publish","type":"product","link":"https:\/\/chinacustomboxes.com\/tr\/face-mask-cream-lotion-eye-mask-top-and-bottom-boxes-oem\/","title":{"rendered":"Y\u00fcz Maskesi Krem Losyon G\u00f6z Maskesi \u00dcst ve Alt Kutular OEM"},"content":{"rendered":"<h2 id=\"face-mask-lotion-lotion-eye-mask-series-high-end-customized-skin-care-top-and-bottom-boxes-oem\">Y\u00fcz Maskesi Losyon Losyon G\u00f6z Maskesi Serisi High-End \u00d6zelle\u015ftirilmi\u015f Cilt Bak\u0131m\u0131 \u00dcst ve Alt Kutular OEM<\/h2>\n<h2 id=\"item-overview\">\u00dcr\u00fcne Genel Bak\u0131\u015f<\/h2>\n<p>Bu kutu ambalaj koleksiyonunda <a href=\"https:\/\/chinacustomboxes.com\/tr\/lid-and-base-boxes\/\">\u00fcst ve alt kutular<\/a>birinci s\u0131n\u0131f y\u00fcz maskeleri, losyonlar, g\u00f6z maskeleri ve di\u011fer \u015f\u0131kl\u0131k ve cilt bak\u0131m \u00fcr\u00fcnleri i\u00e7in \u00f6zel olarak geli\u015ftirilmi\u015ftir. Minimalist stil esteti\u011fi ile g\u00f6rkemli i\u015f\u00e7ili\u011fi zahmetsizce bir araya getirir. G\u00fcvenli bir d\u0131\u015f kaplaman\u0131n \u00f6tesinde, markan\u0131n y\u00fcksek kalitesinin ve m\u00fc\u015fteri deneyiminin bir uzant\u0131s\u0131 olarak i\u015flev g\u00f6r\u00fcr.<\/p>\n<h2 id=\"1-integrated-precision-opening-and-closing-structure\">1. Entegre Hassas A\u00e7ma ve Kapama Yap\u0131s\u0131<\/h2>\n<p>Klasik \"\u00fcst ve alt\" tasar\u0131m, benzersiz bir entegre a\u00e7ma ve kapama deneyimi sa\u011flar. Y\u00fcksek hassasiyetli kal\u0131p kesimi ve kal\u0131plama, kapak ve g\u00f6vdenin \u00f6zel olarak i\u00e7 i\u00e7e ge\u00e7mesini sa\u011flar, kapat\u0131ld\u0131\u011f\u0131nda p\u00fcr\u00fczs\u00fcz bir uyum geli\u015ftirir ve p\u00fcr\u00fczs\u00fcz, entegre bir g\u00f6r\u00fcn\u00fcm geli\u015ftirir. A\u00e7ma ve kapama prosed\u00fcr\u00fc son derece p\u00fcr\u00fczs\u00fczd\u00fcr, sadece do\u011fru miktarda s\u00f6n\u00fcmleme ile sorunsuz eri\u015fim sa\u011flarken, kapat\u0131ld\u0131\u011f\u0131nda korumal\u0131 g\u00fcvenlik sa\u011flayarak en y\u00fcksek kalite ve g\u00fcven duygusunu te\u015fvik eder.<\/p>\n<p><img fetchpriority=\"high\" decoding=\"async\" class=\"alignnone wp-image-2292 size-full\" src=\"https:\/\/chinacustomboxes.com\/wp-content\/uploads\/2025\/08\/Face-Mask-Cream-Lotion-Eye-Mask-Top-and-Bottom-Boxes-OEM-1.jpg\" alt=\"Y\u00fcz Maskesi Krem Losyon G\u00f6z Maskesi \u00dcst ve Alt Kutular OEM\" width=\"1000\" height=\"1000\" title=\"\" srcset=\"https:\/\/chinacustomboxes.com\/wp-content\/uploads\/2025\/08\/Face-Mask-Cream-Lotion-Eye-Mask-Top-and-Bottom-Boxes-OEM-1.jpg 1000w, https:\/\/chinacustomboxes.com\/wp-content\/uploads\/2025\/08\/Face-Mask-Cream-Lotion-Eye-Mask-Top-and-Bottom-Boxes-OEM-1-300x300.jpg 300w, https:\/\/chinacustomboxes.com\/wp-content\/uploads\/2025\/08\/Face-Mask-Cream-Lotion-Eye-Mask-Top-and-Bottom-Boxes-OEM-1-150x150.jpg 150w, https:\/\/chinacustomboxes.com\/wp-content\/uploads\/2025\/08\/Face-Mask-Cream-Lotion-Eye-Mask-Top-and-Bottom-Boxes-OEM-1-768x768.jpg 768w, https:\/\/chinacustomboxes.com\/wp-content\/uploads\/2025\/08\/Face-Mask-Cream-Lotion-Eye-Mask-Top-and-Bottom-Boxes-OEM-1-12x12.jpg 12w, https:\/\/chinacustomboxes.com\/wp-content\/uploads\/2025\/08\/Face-Mask-Cream-Lotion-Eye-Mask-Top-and-Bottom-Boxes-OEM-1-600x600.jpg 600w, https:\/\/chinacustomboxes.com\/wp-content\/uploads\/2025\/08\/Face-Mask-Cream-Lotion-Eye-Mask-Top-and-Bottom-Boxes-OEM-1-100x100.jpg 100w\" sizes=\"(max-width: 1000px) 100vw, 1000px\" \/><\/p>\n<h2 id=\"2-straightforward-smooth-modern-aesthetic-layout\">2. Basit, p\u00fcr\u00fczs\u00fcz modern estetik d\u00fczen<\/h2>\n<p>Ambalaj\u0131n d\u00fczenli, derli toplu hatlar\u0131 gereksiz s\u00fcslemelerden ka\u00e7\u0131narak en saf haliyle g\u00fc\u00e7 ve \u00fcst d\u00fczey hissini sembolize eder. Bu minimal stil onu son derece \u00e7ok y\u00f6nl\u00fc k\u0131l\u0131yor ve y\u00fcksek d\u00fczeyde y\u00fcksek kalite talep eden, marka foto\u011fraf\u0131n\u0131 ba\u015far\u0131l\u0131 bir \u015fekilde geli\u015ftiren l\u00fcks \u00fcr\u00fcnler, birinci s\u0131n\u0131f kozmetikler ve birinci s\u0131n\u0131f hediyelerin ambalaj ihtiya\u00e7lar\u0131na m\u00fckemmel bir \u015fekilde uyuyor.<\/p>\n<h2 id=\"3-excellent-load-bearing-capacity-and-storage-stability\">3. M\u00fckemmel y\u00fck ta\u015f\u0131ma kapasitesi ve depolama stabilitesi<\/h2>\n<p>Mimari stil pratikli\u011fi dikkate al\u0131r. Geli\u015ftirilmi\u015f alt k\u0131s\u0131m, \u00fcst\u00fcn y\u00fck ta\u015f\u0131ma kapasitesi sa\u011flayarak \u00fcr\u00fcn\u00fcn i\u00e7 k\u0131sm\u0131n\u0131 ezilmeye kar\u015f\u0131 etkili bir \u015fekilde korur. Depolama veya ta\u015f\u0131ma s\u0131ras\u0131nda \u00e7ok say\u0131da katman halinde istiflendi\u011finde bile <a href=\"https:\/\/chinacustomboxes.com\/tr\/\">kutu<\/a> sa\u011flam kal\u0131r ve deformasyona kar\u015f\u0131 diren\u00e7lidir, \u00e7a\u011fda\u015f lojisti\u011fin gerektirdi\u011fi y\u00fcksek ambalaj stabilitesi kriterlerini tamamen kar\u015f\u0131lar.<\/p>\n<p><img decoding=\"async\" class=\"alignnone wp-image-2294 size-full\" src=\"https:\/\/chinacustomboxes.com\/wp-content\/uploads\/2025\/08\/Face-Mask-Cream-Lotion-Eye-Mask-Top-and-Bottom-Boxes-OEM-3.jpg\" alt=\"Y\u00fcz Maskesi Krem Losyon G\u00f6z Maskesi \u00dcst ve Alt Kutular OEM\" width=\"1000\" height=\"1000\" title=\"\" srcset=\"https:\/\/chinacustomboxes.com\/wp-content\/uploads\/2025\/08\/Face-Mask-Cream-Lotion-Eye-Mask-Top-and-Bottom-Boxes-OEM-3.jpg 1000w, https:\/\/chinacustomboxes.com\/wp-content\/uploads\/2025\/08\/Face-Mask-Cream-Lotion-Eye-Mask-Top-and-Bottom-Boxes-OEM-3-300x300.jpg 300w, https:\/\/chinacustomboxes.com\/wp-content\/uploads\/2025\/08\/Face-Mask-Cream-Lotion-Eye-Mask-Top-and-Bottom-Boxes-OEM-3-150x150.jpg 150w, https:\/\/chinacustomboxes.com\/wp-content\/uploads\/2025\/08\/Face-Mask-Cream-Lotion-Eye-Mask-Top-and-Bottom-Boxes-OEM-3-768x768.jpg 768w, https:\/\/chinacustomboxes.com\/wp-content\/uploads\/2025\/08\/Face-Mask-Cream-Lotion-Eye-Mask-Top-and-Bottom-Boxes-OEM-3-12x12.jpg 12w, https:\/\/chinacustomboxes.com\/wp-content\/uploads\/2025\/08\/Face-Mask-Cream-Lotion-Eye-Mask-Top-and-Bottom-Boxes-OEM-3-600x600.jpg 600w, https:\/\/chinacustomboxes.com\/wp-content\/uploads\/2025\/08\/Face-Mask-Cream-Lotion-Eye-Mask-Top-and-Bottom-Boxes-OEM-3-100x100.jpg 100w\" sizes=\"(max-width: 1000px) 100vw, 1000px\" \/><\/p>\n<h2 id=\"4-picked-composite-products-for-resilience\">4. Esneklik i\u00e7in kompozit \u00fcr\u00fcnler se\u00e7ildi<\/h2>\n<p>Y\u00fcz ka\u011f\u0131d\u0131 olarak p\u00fcr\u00fczs\u00fcz, geni\u015f y\u00fczey alan\u0131na ve y\u00fcksek renk rekreasyonuna sahip 157g C2S \u00e7ift tarafl\u0131 ku\u015fe ka\u011f\u0131t kullan\u0131yoruz. \u0130\u00e7 astar 1200 g y\u00fcksek yo\u011funluklu karton ile desteklenmi\u015ftir. Bu iki malzemenin en iyi kar\u0131\u015f\u0131m\u0131 \u00fcr\u00fcn\u00fc sunar <a href=\"https:\/\/chinacustomboxes.com\/tr\/brand-double-door-box-for-skincare-bottle-fragrance-perfume\/\">paketleme<\/a> E\u015fyalar\u0131n\u0131z i\u00e7in \u00fcst\u00fcn koruma sa\u011flayan ola\u011fan\u00fcst\u00fc dayan\u0131kl\u0131l\u0131k ve sa\u011flaml\u0131k.<\/p>\n<h2 id=\"5-warm-stamping-in-red-gold-for-an-extravagant-and-celebratory-sense\">5. Abart\u0131l\u0131 ve Kutlama Anlay\u0131\u015f\u0131 i\u00e7in K\u0131rm\u0131z\u0131 Alt\u0131nla S\u0131cak Damgalama<\/h2>\n<p>Kapaktaki \"Logo\" yaz\u0131s\u0131 ve \u00fcnl\u00fc artan desen, k\u0131rm\u0131z\u0131 alt\u0131nla ola\u011fan\u00fcst\u00fc bir \u015fekilde s\u0131cak damgalanm\u0131\u015ft\u0131r. Bu teknik sadece sa\u011flam bir g\u00f6rsel etki ve abart\u0131l\u0131, \u00fcst d\u00fczey bir his yaratmakla kalmaz, ayn\u0131 zamanda t\u00fcr\u00fcn\u00fcn tek \u00f6rne\u011fi olan metal parlakl\u0131\u011f\u0131 g\u00fc\u00e7l\u00fc \u0131\u015f\u0131k alt\u0131nda bile ola\u011fan\u00fcst\u00fc kalite ve g\u00fczelli\u011fini korur. Paketin her a\u00e7\u0131l\u0131\u015f\u0131 t\u00f6rensel bir marka deneyimidir.<\/p>\n<p><img decoding=\"async\" class=\"alignnone wp-image-2295 size-full\" src=\"https:\/\/chinacustomboxes.com\/wp-content\/uploads\/2025\/08\/Face-Mask-Cream-Lotion-Eye-Mask-Top-and-Bottom-Boxes-OEM-4.jpg\" alt=\"Y\u00fcz Maskesi Krem Losyon G\u00f6z Maskesi \u00dcst ve Alt Kutular OEM\" width=\"800\" height=\"800\" title=\"\" srcset=\"https:\/\/chinacustomboxes.com\/wp-content\/uploads\/2025\/08\/Face-Mask-Cream-Lotion-Eye-Mask-Top-and-Bottom-Boxes-OEM-4.jpg 800w, https:\/\/chinacustomboxes.com\/wp-content\/uploads\/2025\/08\/Face-Mask-Cream-Lotion-Eye-Mask-Top-and-Bottom-Boxes-OEM-4-300x300.jpg 300w, https:\/\/chinacustomboxes.com\/wp-content\/uploads\/2025\/08\/Face-Mask-Cream-Lotion-Eye-Mask-Top-and-Bottom-Boxes-OEM-4-150x150.jpg 150w, https:\/\/chinacustomboxes.com\/wp-content\/uploads\/2025\/08\/Face-Mask-Cream-Lotion-Eye-Mask-Top-and-Bottom-Boxes-OEM-4-768x768.jpg 768w, https:\/\/chinacustomboxes.com\/wp-content\/uploads\/2025\/08\/Face-Mask-Cream-Lotion-Eye-Mask-Top-and-Bottom-Boxes-OEM-4-12x12.jpg 12w, https:\/\/chinacustomboxes.com\/wp-content\/uploads\/2025\/08\/Face-Mask-Cream-Lotion-Eye-Mask-Top-and-Bottom-Boxes-OEM-4-600x600.jpg 600w, https:\/\/chinacustomboxes.com\/wp-content\/uploads\/2025\/08\/Face-Mask-Cream-Lotion-Eye-Mask-Top-and-Bottom-Boxes-OEM-4-100x100.jpg 100w\" sizes=\"(max-width: 800px) 100vw, 800px\" \/><\/p>\n<h2 id=\"6-ultra-fast-oem-modification-solution\">6. Ultra H\u0131zl\u0131 OEM Modifikasyon \u00c7\u00f6z\u00fcm\u00fc<\/h2>\n<p>Marka isimleri i\u00e7in zaman\u0131n \u00f6nemini anl\u0131yoruz. Bu ama\u00e7la, sekt\u00f6r lideri h\u0131zl\u0131 yan\u0131t \u00e7\u00f6z\u00fcmleri sunaca\u011f\u0131m\u0131za s\u00f6z veriyoruz:.<\/p>\n<p>1 Saatte \u00d6rnek \u00dcretimi: Yerle\u015fim izni verildikten sonra ilk \u00f6rne\u011fi 1 saat gibi k\u0131sa bir s\u00fcrede olu\u015fturabiliriz.<\/p>\n<p>3 Saatlik Do\u011frulama Yard\u0131m\u0131: Se\u00e7ti\u011finiz malzeme ve s\u00fcre\u00e7 kombinasyonu, son \u00fcretimin y\u00fcksek kalitesini ve etkinli\u011fini sa\u011flamak i\u00e7in 3 saat i\u00e7inde do\u011frulanabilir.<\/p>","protected":false},"excerpt":{"rendered":"<p>Bu birinci s\u0131n\u0131f \u00f6zel yap\u0131m \u00fcr\u00fcn ambalaj kutusu, 1200g y\u00fcksek yo\u011funluklu karton ve 157g sanat ka\u011f\u0131d\u0131ndan haz\u0131rlanm\u0131\u015f zamans\u0131z bir \u00fcst ve alt kutu kapak yap\u0131s\u0131na sahiptir. Dayan\u0131kl\u0131 ve y\u00fck ta\u015f\u0131y\u0131c\u0131d\u0131r, istifleme ve nakliye i\u00e7in en iyisidir. Kutunun \u015f\u0131k hatlar\u0131 ve minimalist, \u00fcst d\u00fczey d\u00fczeni, onu g\u00fczellik ve \u00fcst d\u00fczey \u00fcr\u00fcn ambalajlar\u0131 i\u00e7in m\u00fckemmel bir se\u00e7im haline getirir. Kapa\u011f\u0131n t\u00fcr\u00fcn\u00fcn tek \u00f6rne\u011fi s\u0131cak damgal\u0131 alt\u0131n t\u0131rman\u0131\u015f deseni, paketi a\u00e7arken parti hissini art\u0131ran \u00fcst d\u00fczey bir dokunu\u015f i\u00e7erir. Bir saatlik numune \u00fcretimi ve \u00fc\u00e7 saatlik prosed\u00fcr do\u011frulamas\u0131ndan olu\u015fan etkili OEM hizmetleri sa\u011fl\u0131yoruz, bu da onu birinci s\u0131n\u0131f bir marka ad\u0131 deneyimi geli\u015ftirmek i\u00e7in m\u00fckemmel bir se\u00e7enek haline getiriyor.<\/p>","protected":false},"featured_media":2292,"template":"","meta":{"_kad_post_transparent":"default","_kad_post_title":"","_kad_post_layout":"default","_kad_post_sidebar_id":"","_kad_post_content_style":"default","_kad_post_vertical_padding":"default","_kad_post_feature":"","_kad_post_feature_position":"","_kad_post_header":false,"_kad_post_footer":false,"_kad_post_classname":""},"product_brand":[],"product_cat":[15,17,28,20],"product_tag":[567,566,565],"class_list":{"0":"post-2291","1":"product","2":"type-product","3":"status-publish","4":"has-post-thumbnail","6":"product_cat-boxes-by-shapes","7":"product_cat-boxes-by-industries","8":"product_cat-cosmetic-packaging-boxes","9":"product_cat-drawer-style-boxes","10":"product_tag-eye-mask-top-and-bottom-boxes","11":"product_tag-face-cream-lotion-boxes","12":"product_tag-face-mask-boxes","14":"first","15":"instock","16":"shipping-taxable","17":"product-type-simple","18":"entry","19":"content-bg","20":"loop-entry"},"_links":{"self":[{"href":"https:\/\/chinacustomboxes.com\/tr\/wp-json\/wp\/v2\/product\/2291","targetHints":{"allow":["GET"]}}],"collection":[{"href":"https:\/\/chinacustomboxes.com\/tr\/wp-json\/wp\/v2\/product"}],"about":[{"href":"https:\/\/chinacustomboxes.com\/tr\/wp-json\/wp\/v2\/types\/product"}],"wp:featuredmedia":[{"embeddable":true,"href":"https:\/\/chinacustomboxes.com\/tr\/wp-json\/wp\/v2\/media\/2292"}],"wp:attachment":[{"href":"https:\/\/chinacustomboxes.com\/tr\/wp-json\/wp\/v2\/media?parent=2291"}],"wp:term":[{"taxonomy":"product_brand","embeddable":true,"href":"https:\/\/chinacustomboxes.com\/tr\/wp-json\/wp\/v2\/product_brand?post=2291"},{"taxonomy":"product_cat","embeddable":true,"href":"https:\/\/chinacustomboxes.com\/tr\/wp-json\/wp\/v2\/product_cat?post=2291"},{"taxonomy":"product_tag","embeddable":true,"href":"https:\/\/chinacustomboxes.com\/tr\/wp-json\/wp\/v2\/product_tag?post=2291"}],"curies":[{"name":"wp","href":"https:\/\/api.w.org\/{rel}","templated":true}]}}