{"id":2312,"date":"2025-08-22T02:37:25","date_gmt":"2025-08-22T02:37:25","guid":{"rendered":"https:\/\/chinacustomboxes.com\/?post_type=product&#038;p=2312"},"modified":"2025-08-22T02:37:26","modified_gmt":"2025-08-22T02:37:26","slug":"louis-vuitton-luxury-bags-lid-and-base-set-rigid-boxes-oem","status":"publish","type":"product","link":"https:\/\/chinacustomboxes.com\/tr\/louis-vuitton-luxury-bags-lid-and-base-set-rigid-boxes-oem\/","title":{"rendered":"Louis Vuitton L\u00fcks \u00c7antalar Kapak ve Taban Seti Sert Kutular OEM"},"content":{"rendered":"<h2 id=\"louis-vuitton-luxury-bags-lid-and-base-set-rigid-boxes-oem\">Louis Vuitton L\u00fcks \u00c7antalar Kapak ve Taban Seti Sert Kutular OEM<\/h2>\n<h2 id=\"1-item-positioning-and-structure\">1 \u00dcr\u00fcn Konumland\u0131rma ve Yap\u0131s\u0131<\/h2>\n<ul>\n<li><strong>Zamans\u0131z \"Kapak Kutusu + Hediye \u00c7antas\u0131\" Kombinasyonu\u00a0<\/strong>: Sert gri kartondan \u00fcretilen ve \u00f6zel ka\u011f\u0131tla kaplanan hediye kutusu, hem konteyner hem de tart\u0131\u015fma i\u015flevi g\u00f6r\u00fcrken, hediye \u00e7antas\u0131, kullan\u0131\u015fl\u0131l\u0131\u011f\u0131 bir t\u00f6ren duygusuyla dengeleyerek ta\u015f\u0131ma ve ikincil ekran i\u00e7in kullan\u0131l\u0131r.<\/li>\n<li><strong>G\u00fcvenli Kapak ve Taban Uyumu\u00a0<\/strong>: The <a href=\"https:\/\/chinacustomboxes.com\/tr\/lid-and-base-boxes\/\">kapak ve taban kutular\u0131<\/a> hassas kal\u0131p kesimlidir, d\u00fczg\u00fcn a\u00e7ma ve kapama i\u00e7in kare k\u00f6\u015felere sahiptir ve <strong>s\u0131k\u0131 formda\u00a0<\/strong>G\u00fcvenilir ta\u015f\u0131ma ve sergileme i\u00e7in gerilme ve \u015fok direncini art\u0131r\u0131r.<\/li>\n<li><strong>\u00c7ok Sahneli Hediye \u00c7antas\u0131\u00a0<\/strong>: \u00dc\u00e7 boyutlu, sa\u011flam ve dengeli, ta\u015f\u0131mas\u0131 rahat, ma\u011faza i\u00e7i teslim alma, hediye verme, \u00e7evrimd\u0131\u015f\u0131 etkinlikler ve tatil hediye setleri i\u00e7in idealdir. Sorunsuz a\u00e7ma ve kapama deneyimi, tekrarlanan kullan\u0131m\u0131 ve yeniden sergilemeyi te\u015fvik eder.<\/li>\n<\/ul>\n<p><img fetchpriority=\"high\" decoding=\"async\" class=\"alignnone wp-image-2313 size-full\" src=\"https:\/\/chinacustomboxes.com\/wp-content\/uploads\/2025\/08\/Louis-Vuitton-Luxury-Bags-Lid-and-Base-Set-Rigid-Boxes-OEM-1.jpg\" alt=\"Louis Vuitton L\u00fcks \u00c7antalar Kapak ve Taban Seti Sert Kutular OEM\" width=\"1000\" height=\"1000\" title=\"\" srcset=\"https:\/\/chinacustomboxes.com\/wp-content\/uploads\/2025\/08\/Louis-Vuitton-Luxury-Bags-Lid-and-Base-Set-Rigid-Boxes-OEM-1.jpg 1000w, https:\/\/chinacustomboxes.com\/wp-content\/uploads\/2025\/08\/Louis-Vuitton-Luxury-Bags-Lid-and-Base-Set-Rigid-Boxes-OEM-1-300x300.jpg 300w, https:\/\/chinacustomboxes.com\/wp-content\/uploads\/2025\/08\/Louis-Vuitton-Luxury-Bags-Lid-and-Base-Set-Rigid-Boxes-OEM-1-150x150.jpg 150w, https:\/\/chinacustomboxes.com\/wp-content\/uploads\/2025\/08\/Louis-Vuitton-Luxury-Bags-Lid-and-Base-Set-Rigid-Boxes-OEM-1-768x768.jpg 768w, https:\/\/chinacustomboxes.com\/wp-content\/uploads\/2025\/08\/Louis-Vuitton-Luxury-Bags-Lid-and-Base-Set-Rigid-Boxes-OEM-1-12x12.jpg 12w, https:\/\/chinacustomboxes.com\/wp-content\/uploads\/2025\/08\/Louis-Vuitton-Luxury-Bags-Lid-and-Base-Set-Rigid-Boxes-OEM-1-600x600.jpg 600w, https:\/\/chinacustomboxes.com\/wp-content\/uploads\/2025\/08\/Louis-Vuitton-Luxury-Bags-Lid-and-Base-Set-Rigid-Boxes-OEM-1-100x100.jpg 100w\" sizes=\"(max-width: 1000px) 100vw, 1000px\" \/><\/p>\n<h2 id=\"2-look-and-brand-name-sophistication\">2 G\u00f6r\u00fcn\u00fcm ve Marka Ad\u0131 Sofistike<\/h2>\n<ul>\n<li><strong>Ana renk tonu: Son derece doygun turuncu\u00a0<\/strong>: Estetik a\u00e7\u0131dan son derece etkili ve rafta son derece tan\u0131nabilir olan bu \u00fcr\u00fcn, sosyal medya sitelerinde ve \u00e7evrimd\u0131\u015f\u0131 vitrinlerde h\u0131zla dikkat \u00e7eker.<\/li>\n<li><strong>Renk Fikirleri\u00a0<\/strong>: Louis Vuitton'un 2016'dan bu yana kulland\u0131\u011f\u0131 \"Safran Imp\u00e9rial\" turuncu tonuna bak\u0131n, genellikle\u00a0<strong>mavi kurdele\/kol\u00a0<\/strong>\u00e7a\u011fda\u015f ama klasik bir marka imzas\u0131 yarat\u0131yor.<\/li>\n<\/ul>\n<h2 id=\"3-products-and-environmental-protection\">3 \u00dcr\u00fcnler ve \u00c7evre Koruma<\/h2>\n<ul>\n<li><strong>S\u00fcrd\u00fcr\u00fclebilirlik ve Uzun \u00d6m\u00fcrl\u00fcl\u00fck\u00a0<\/strong>: Her ikisi de <a href=\"https:\/\/chinacustomboxes.com\/tr\/\">HED\u0130YE KUTUSU<\/a> ve mevcut \u00e7anta kal\u0131c\u0131 kaynaklardan \u00fcretilmi\u015ftir ve geri d\u00f6n\u00fc\u015ft\u00fcr\u00fclm\u00fc\u015f web i\u00e7eri\u011fi i\u00e7erir. G\u00fc\u00e7l\u00fc yap\u0131s\u0131 ve geri d\u00f6n\u00fc\u015ft\u00fcr\u00fclebilir a\u00e7ma ve kapama \u00f6zelli\u011fi, lojistik tehlikesini azalt\u0131r ve l\u00fcks \u00fcr\u00fcn ambalajlar\u0131n\u0131n sa\u011flaml\u0131k ve uygunluk ihtiya\u00e7lar\u0131n\u0131 kar\u015f\u0131layarak kay\u0131plar\u0131 tersine \u00e7evirir.<\/li>\n<li>Sekt\u00f6r ve marka kamu bilgilerine y\u00f6nlendirme: LV, hediye kutusu ka\u011f\u0131d\u0131n\u0131n \"kal\u0131c\u0131 ormanlardan geldi\u011fini, yakla\u015f\u0131k 40% geri d\u00f6n\u00fc\u015ft\u00fcr\u00fclm\u00fc\u015f elyaftan olu\u015ftu\u011funu ve teslimat etkisini azaltmak i\u00e7in katlanabilir oldu\u011funu\" resmi olarak belirtmektedir (\u00e7evresel y\u00f6n ve verimlilik hedeflerine at\u0131f olarak).<\/li>\n<\/ul>\n<p><img decoding=\"async\" class=\"alignnone wp-image-2315 size-full\" src=\"https:\/\/chinacustomboxes.com\/wp-content\/uploads\/2025\/08\/Louis-Vuitton-Luxury-Bags-Lid-and-Base-Set-Rigid-Boxes-OEM-3.jpg\" alt=\"Louis Vuitton L\u00fcks \u00c7antalar Kapak ve Taban Seti Sert Kutular OEM\" width=\"1000\" height=\"1000\" title=\"\" srcset=\"https:\/\/chinacustomboxes.com\/wp-content\/uploads\/2025\/08\/Louis-Vuitton-Luxury-Bags-Lid-and-Base-Set-Rigid-Boxes-OEM-3.jpg 1000w, https:\/\/chinacustomboxes.com\/wp-content\/uploads\/2025\/08\/Louis-Vuitton-Luxury-Bags-Lid-and-Base-Set-Rigid-Boxes-OEM-3-300x300.jpg 300w, https:\/\/chinacustomboxes.com\/wp-content\/uploads\/2025\/08\/Louis-Vuitton-Luxury-Bags-Lid-and-Base-Set-Rigid-Boxes-OEM-3-150x150.jpg 150w, https:\/\/chinacustomboxes.com\/wp-content\/uploads\/2025\/08\/Louis-Vuitton-Luxury-Bags-Lid-and-Base-Set-Rigid-Boxes-OEM-3-768x768.jpg 768w, https:\/\/chinacustomboxes.com\/wp-content\/uploads\/2025\/08\/Louis-Vuitton-Luxury-Bags-Lid-and-Base-Set-Rigid-Boxes-OEM-3-12x12.jpg 12w, https:\/\/chinacustomboxes.com\/wp-content\/uploads\/2025\/08\/Louis-Vuitton-Luxury-Bags-Lid-and-Base-Set-Rigid-Boxes-OEM-3-600x600.jpg 600w, https:\/\/chinacustomboxes.com\/wp-content\/uploads\/2025\/08\/Louis-Vuitton-Luxury-Bags-Lid-and-Base-Set-Rigid-Boxes-OEM-3-100x100.jpg 100w\" sizes=\"(max-width: 1000px) 100vw, 1000px\" \/><\/p>\n<h2 id=\"4-structure-and-workmanship-details\">4 Yap\u0131 ve \u0130\u015f\u00e7ilik Detaylar\u0131<\/h2>\n<ul>\n<li><strong>Sert Yap\u0131\u00a0<\/strong>: Genellikle, 1200- 1800g gri tahta (veya siyah \u00e7ekirdekli tahta) + 120- 180g \u00d6zel ka\u011f\u0131t montaj\u0131 \u00f6neriyoruz; \u00f6n ve alt kapak derinlikleri, \u00fcr\u00fcn \u00f6zelliklerine g\u00f6re uyarlan\u0131r.\u00a0<strong>uyum tolerans kontrol\u00fc\u00a0<\/strong>Bu da \"s\u0131n\u0131rl\u0131 ama rahat\" bir a\u00e7\u0131l\u0131\u015f hissi yarat\u0131yor.<\/li>\n<li><strong>Y\u00fcksek Hassasiyetli Bask\u0131\u00a0<\/strong>: Alan rengi\/PANTONE hassas renk e\u015fle\u015ftirmesini, nokta tarama kontrol\u00fcn\u00fc ve y\u00fcksek sat\u0131r say\u0131l\u0131 bask\u0131y\u0131 s\u00fcrd\u00fcrerek\u00a0<strong>net ve keskin logo tasar\u0131mlar\u0131, \u00e7apaks\u0131z kenarlar ve d\u00fczenli renk \u00e7e\u015fitlili\u011fi\u00a0<\/strong>.\u00a0<strong>\u0130ste\u011fe ba\u011fl\u0131 prim s\u00fcre\u00e7leri \u015funlardan olu\u015fur\u00a0<\/strong>s\u0131cak markalama, kabartma ve UV yer verni\u011fi **.<\/li>\n<li><strong>Astar ve Koruma\u00a0<\/strong>: EVA, kadife, floklu ka\u011f\u0131t veya el \u00e7antalar\u0131, b\u00fct\u00e7eler ve aksesuarlardan olu\u015fan farkl\u0131 boyutlara uyacak \u015fekilde \u015fekillendirilmi\u015f hamur olarak mevcuttur. ** \u00c7izilmeye kar\u015f\u0131 dayan\u0131kl\u0131, toz ge\u00e7irmez ve nem emici se\u00e7enekler haz\u0131rd\u0131r.<\/li>\n<li><strong>Mevcut \u00c7anta Yap\u0131 ve \u0130n\u015faat\u00a0<\/strong>: Lamine veya baz ka\u011f\u0131t kaplamal\u0131, g\u00fc\u00e7lendirilmi\u015f kapakl\u0131 ve destek ka\u011f\u0131tl\u0131 olarak sunulur.\u00a0<strong>Dokuma, nerv\u00fcrl\u00fc veya mavi kablo\u00a0<\/strong>dengeli bir his ve sa\u011flaml\u0131k i\u00e7in delikler ve per\u00e7inlerle g\u00fc\u00e7lendirilmi\u015f olarak mevcuttur.<\/li>\n<\/ul>\n<p><img decoding=\"async\" class=\"alignnone wp-image-2316 size-full\" src=\"https:\/\/chinacustomboxes.com\/wp-content\/uploads\/2025\/08\/Louis-Vuitton-Luxury-Bags-Lid-and-Base-Set-Rigid-Boxes-OEM-4.jpg\" alt=\"Louis Vuitton L\u00fcks \u00c7antalar Kapak ve Taban Seti Sert Kutular OEM\" width=\"1000\" height=\"1000\" title=\"\" srcset=\"https:\/\/chinacustomboxes.com\/wp-content\/uploads\/2025\/08\/Louis-Vuitton-Luxury-Bags-Lid-and-Base-Set-Rigid-Boxes-OEM-4.jpg 1000w, https:\/\/chinacustomboxes.com\/wp-content\/uploads\/2025\/08\/Louis-Vuitton-Luxury-Bags-Lid-and-Base-Set-Rigid-Boxes-OEM-4-300x300.jpg 300w, https:\/\/chinacustomboxes.com\/wp-content\/uploads\/2025\/08\/Louis-Vuitton-Luxury-Bags-Lid-and-Base-Set-Rigid-Boxes-OEM-4-150x150.jpg 150w, https:\/\/chinacustomboxes.com\/wp-content\/uploads\/2025\/08\/Louis-Vuitton-Luxury-Bags-Lid-and-Base-Set-Rigid-Boxes-OEM-4-768x768.jpg 768w, https:\/\/chinacustomboxes.com\/wp-content\/uploads\/2025\/08\/Louis-Vuitton-Luxury-Bags-Lid-and-Base-Set-Rigid-Boxes-OEM-4-12x12.jpg 12w, https:\/\/chinacustomboxes.com\/wp-content\/uploads\/2025\/08\/Louis-Vuitton-Luxury-Bags-Lid-and-Base-Set-Rigid-Boxes-OEM-4-600x600.jpg 600w, https:\/\/chinacustomboxes.com\/wp-content\/uploads\/2025\/08\/Louis-Vuitton-Luxury-Bags-Lid-and-Base-Set-Rigid-Boxes-OEM-4-100x100.jpg 100w\" sizes=\"(max-width: 1000px) 100vw, 1000px\" \/><\/p>\n<h2 id=\"5-application-situations\">5 Uygulama Durumu<\/h2>\n<ul>\n<li><strong>\u00dcst D\u00fczey Hediyeler\/Tatil Hediyeleri\/Paketleri\u00a0<\/strong>: S\u0131n\u0131rl\u0131 say\u0131da \u00fcretilen tatil hediyeleri, VIP hediyeler ve ortak markal\u0131 hediye kutular\u0131 gibi; hem \u00e7evrimd\u0131\u015f\u0131 ma\u011faza ekran\u0131 hem de do\u011frudan al\u0131\u015fveri\u015f postas\u0131 veya mevcut \u00fcr\u00fcn ambalaj\u0131 i\u00e7in uygundur.<\/li>\n<\/ul>\n<h2 id=\"6-quality-control-and-shipment\">6 Kalite Kontrol ve Sevkiyat<\/h2>\n<ul>\n<li><strong>G\u00f6lge Ayr\u0131m\u0131 ve Boyut Kontrol\u00fc\u00a0<\/strong>: Prova i\u00e7in ICC konturlar\u0131 ve kontrasta kar\u015f\u0131 g\u00f6lge grafikleri \u00fcretin; temel \u00f6l\u00e7\u00fcmleri ve \u00e7apraz paralelli\u011fi yerinde kontrol edin; s\u00fcrt\u00fcnme hasl\u0131\u011f\u0131, katlanma direnci, s\u0131k\u0131\u015ft\u0131rma ve d\u00fc\u015f\u00fc\u015f direnci i\u00e7in teslimat incelemelerinden ge\u00e7in.<\/li>\n<li><strong>G\u00fcvenlik ve Uyumluluk\u00a0<\/strong>: Ka\u011f\u0131t ve m\u00fcrekkepler, talep \u00fczerine FSC\/REACH uygunluk se\u00e7enekleriyle \u00f6zelle\u015ftirilebilir (t\u00fcketici sipari\u015fine ve yerel y\u00f6nergelere tabidir).<\/li>\n<li><strong>H\u0131zl\u0131 Prototipleme Kapasiteleri\u00a0<\/strong>: Bizden yararlanmak\u00a0<strong>ak\u0131ll\u0131 \u00fcretim hatt\u0131\u00a0<\/strong>ve\u00a0<strong>mod\u00fcler kal\u0131p\/astar koleksiyonu\u00a0<\/strong>i\u00e7inde kan\u0131tlamay\u0131 destekliyoruz\u00a0<strong>1 saat\u00a0<\/strong>(kan\u0131t resimlerinin ve standart par\u00e7alar\u0131n yerel\/\u00e7evrimi\u00e7i do\u011frulanmas\u0131 ile), h\u0131zland\u0131r\u0131lm\u0131\u015f ve k\u00fc\u00e7\u00fck parti taleplerine h\u0131zl\u0131 aksiyon al\u0131nmas\u0131n\u0131 sa\u011flar.<\/li>\n<\/ul>\n<p><img loading=\"lazy\" decoding=\"async\" class=\"alignnone wp-image-2318 size-full\" src=\"https:\/\/chinacustomboxes.com\/wp-content\/uploads\/2025\/08\/Louis-Vuitton-Luxury-Bags-Lid-and-Base-Set-Rigid-Boxes-OEM-6.jpg\" alt=\"Louis Vuitton L\u00fcks \u00c7antalar Kapak ve Taban Seti Sert Kutular OEM\" width=\"1000\" height=\"1000\" title=\"\" srcset=\"https:\/\/chinacustomboxes.com\/wp-content\/uploads\/2025\/08\/Louis-Vuitton-Luxury-Bags-Lid-and-Base-Set-Rigid-Boxes-OEM-6.jpg 1000w, https:\/\/chinacustomboxes.com\/wp-content\/uploads\/2025\/08\/Louis-Vuitton-Luxury-Bags-Lid-and-Base-Set-Rigid-Boxes-OEM-6-300x300.jpg 300w, https:\/\/chinacustomboxes.com\/wp-content\/uploads\/2025\/08\/Louis-Vuitton-Luxury-Bags-Lid-and-Base-Set-Rigid-Boxes-OEM-6-150x150.jpg 150w, https:\/\/chinacustomboxes.com\/wp-content\/uploads\/2025\/08\/Louis-Vuitton-Luxury-Bags-Lid-and-Base-Set-Rigid-Boxes-OEM-6-768x768.jpg 768w, https:\/\/chinacustomboxes.com\/wp-content\/uploads\/2025\/08\/Louis-Vuitton-Luxury-Bags-Lid-and-Base-Set-Rigid-Boxes-OEM-6-12x12.jpg 12w, https:\/\/chinacustomboxes.com\/wp-content\/uploads\/2025\/08\/Louis-Vuitton-Luxury-Bags-Lid-and-Base-Set-Rigid-Boxes-OEM-6-600x600.jpg 600w, https:\/\/chinacustomboxes.com\/wp-content\/uploads\/2025\/08\/Louis-Vuitton-Luxury-Bags-Lid-and-Base-Set-Rigid-Boxes-OEM-6-100x100.jpg 100w\" sizes=\"(max-width: 1000px) 100vw, 1000px\" \/><\/p>\n<h2 id=\"7-customization\">7 \u00d6zelle\u015ftirme<\/h2>\n<ul>\n<li><strong>Boyut\u00a0<\/strong>: C\u00fczdanlar, k\u00fc\u00e7\u00fck do\u011fal deri \u00fcr\u00fcnler ve aksesuarlar i\u00e7in boyuta g\u00f6re \u00f6zelle\u015ftirme (\u00e7ok boyutlu birle\u015fik ambalaj \u00e7\u00f6z\u00fcmlerini s\u00fcrd\u00fcrme).<\/li>\n<li><strong>\u0130\u015f\u00e7ilik\u00a0<\/strong>: Alan g\u00f6lgesi + s\u0131cak i\u015faretleme (logo), kadife h\u00fccresel astar, gizli manyetik \/ soyulabilir conta, kolay y\u0131rt\u0131labilir t\u0131rnak vb.\u00a0<em>* Cihazlar\u00a0<\/em>: Tonal hediye \u00e7antas\u0131, kurdele, tebrik\/hediye kart\u0131, asitsiz ka\u011f\u0131t, m\u00fch\u00fcr etiketi, saklama alan\u0131 <a href=\"https:\/\/chinacustomboxes.com\/tr\/drawer-style-boxes\/\">\u00e7ekmece kutusu<\/a>.<\/li>\n<\/ul>","protected":false},"excerpt":{"rendered":"<p>Bu \u00fcr\u00fcnde bir\u00a0<strong>\u00d6n ve alt kapakl\u0131 geleneksel hediye kutusu ve hediye \u00e7antas\u0131\u00a0<\/strong>Kar\u0131\u015ft\u0131r. Kar\u0131\u015f\u0131m\u00a0<strong>kapak ve alt k\u0131s\u0131m birlikte s\u0131k\u0131ca \u015fekillendirilmi\u015f\u00a0<\/strong>g\u00fcvenli ve emniyetli koruma sunar. Hediye \u00e7antas\u0131\u00a0<strong>ta\u015f\u0131nabilir ve dayan\u0131kl\u0131\u00a0<\/strong>sorunsuz bir \u015fekilde a\u00e7\u0131l\u0131p kapanarak \u00fcst d\u00fczey hediyeler ve tatil koleksiyonlar\u0131 i\u00e7in m\u00fckemmeldir. Bu \u00fcr\u00fcn a\u015fa\u011f\u0131dakileri kullan\u0131r\u00a0<strong>\u00e7evre dostu ve uzun \u00f6m\u00fcrl\u00fc\u00a0<\/strong>ka\u011f\u0131t, izin\u00a0<strong>y\u00fcksek hassasiyetli bask\u0131\u00a0<\/strong>(\u015feffaf, \u00e7apaks\u0131z ve normal g\u00f6lge). Bu\u00a0<strong>y\u00fcksek doygunlukta turuncu\u00a0<\/strong>renk tasar\u0131m\u0131 sa\u011flam bir g\u00f6rsel kimlik geli\u015ftirir. Kald\u0131ra\u00e7\u00a0<strong>ak\u0131ll\u0131 \u00fcretim hatlar\u0131 ve mod\u00fcler tarz\u00a0<\/strong>, prova i\u015flemi tamamlanabilir\u00a0<strong>1 saat i\u00e7inde\u00a0<\/strong>Bu da acil da\u011f\u0131t\u0131m taleplerine h\u0131zl\u0131 yan\u0131t verilmesini sa\u011flar.<\/p>","protected":false},"featured_media":2313,"template":"","meta":{"_kad_post_transparent":"default","_kad_post_title":"","_kad_post_layout":"default","_kad_post_sidebar_id":"","_kad_post_content_style":"default","_kad_post_vertical_padding":"default","_kad_post_feature":"","_kad_post_feature_position":"","_kad_post_header":false,"_kad_post_footer":false,"_kad_post_classname":""},"product_brand":[],"product_cat":[19,15,17,30],"product_tag":[573,575,574],"class_list":{"0":"post-2312","1":"product","2":"type-product","3":"status-publish","4":"has-post-thumbnail","6":"product_cat-lid-and-base-boxes","7":"product_cat-boxes-by-shapes","8":"product_cat-boxes-by-industries","9":"product_cat-clothing-packaging-boxes","10":"product_tag-lid-and-base-boxes","11":"product_tag-louis-vuitton-packaging-boxes","12":"product_tag-rigid-boxes-oem","14":"first","15":"instock","16":"shipping-taxable","17":"product-type-simple","18":"entry","19":"content-bg","20":"loop-entry"},"_links":{"self":[{"href":"https:\/\/chinacustomboxes.com\/tr\/wp-json\/wp\/v2\/product\/2312","targetHints":{"allow":["GET"]}}],"collection":[{"href":"https:\/\/chinacustomboxes.com\/tr\/wp-json\/wp\/v2\/product"}],"about":[{"href":"https:\/\/chinacustomboxes.com\/tr\/wp-json\/wp\/v2\/types\/product"}],"wp:featuredmedia":[{"embeddable":true,"href":"https:\/\/chinacustomboxes.com\/tr\/wp-json\/wp\/v2\/media\/2313"}],"wp:attachment":[{"href":"https:\/\/chinacustomboxes.com\/tr\/wp-json\/wp\/v2\/media?parent=2312"}],"wp:term":[{"taxonomy":"product_brand","embeddable":true,"href":"https:\/\/chinacustomboxes.com\/tr\/wp-json\/wp\/v2\/product_brand?post=2312"},{"taxonomy":"product_cat","embeddable":true,"href":"https:\/\/chinacustomboxes.com\/tr\/wp-json\/wp\/v2\/product_cat?post=2312"},{"taxonomy":"product_tag","embeddable":true,"href":"https:\/\/chinacustomboxes.com\/tr\/wp-json\/wp\/v2\/product_tag?post=2312"}],"curies":[{"name":"wp","href":"https:\/\/api.w.org\/{rel}","templated":true}]}}