{"id":2339,"date":"2025-08-25T03:15:37","date_gmt":"2025-08-25T03:15:37","guid":{"rendered":"https:\/\/chinacustomboxes.com\/?post_type=product&#038;p=2339"},"modified":"2025-08-25T03:35:48","modified_gmt":"2025-08-25T03:35:48","slug":"3ml-5ml-7ml-concentrate-container-magnetic-packaging-boxes","status":"publish","type":"product","link":"https:\/\/chinacustomboxes.com\/tr\/3ml-5ml-7ml-concentrate-container-magnetic-packaging-boxes\/","title":{"rendered":"3ml 5ml 7ml Konsantre Kab\u0131 Manyetik Ambalaj Kutular\u0131"},"content":{"rendered":"<h2>Konsantre Kaplar\u0131 3ml, 5ml ve 7ml i\u00e7in Kapakl\u0131 Manyetik Kapakl\u0131 Kutular<\/h2>\n<p>Manyetik kapamay\u0131 tan\u0131tmaktan mutluluk duyuyoruz <a href=\"https:\/\/chinacustomboxes.com\/tr\/clamshell-boxes\/\">kapakl\u0131 kutular<\/a> \u00f6zellikle 3ml, 5ml ve 7ml konsantre kaplar\u0131 i\u00e7in geli\u015ftirilmi\u015ftir. \u015e\u0131k tasar\u0131m, \u00fcst\u00fcn koruma ve \u00e7evre dostu \u00f6zellikleri bir araya getiren bu kutular, \u00fcr\u00fcn\u00fcn\u00fcz\u00fcn de\u011ferini ve marka imaj\u0131n\u0131 art\u0131rmak i\u00e7in uygun bir se\u00e7imdir.<\/p>\n<p><img fetchpriority=\"high\" decoding=\"async\" class=\"alignnone wp-image-2344 size-full\" src=\"https:\/\/chinacustomboxes.com\/wp-content\/uploads\/2025\/08\/3ml-5ml-7ml-Concentrate-Container-Magnetic-Packaging-Boxes-5.jpg\" alt=\"3ml 5ml 7ml Konsantre Kab\u0131 Manyetik Ambalaj Kutular\u0131\" width=\"1000\" height=\"1000\" title=\"\" srcset=\"https:\/\/chinacustomboxes.com\/wp-content\/uploads\/2025\/08\/3ml-5ml-7ml-Concentrate-Container-Magnetic-Packaging-Boxes-5.jpg 1000w, https:\/\/chinacustomboxes.com\/wp-content\/uploads\/2025\/08\/3ml-5ml-7ml-Concentrate-Container-Magnetic-Packaging-Boxes-5-300x300.jpg 300w, https:\/\/chinacustomboxes.com\/wp-content\/uploads\/2025\/08\/3ml-5ml-7ml-Concentrate-Container-Magnetic-Packaging-Boxes-5-150x150.jpg 150w, https:\/\/chinacustomboxes.com\/wp-content\/uploads\/2025\/08\/3ml-5ml-7ml-Concentrate-Container-Magnetic-Packaging-Boxes-5-768x768.jpg 768w, https:\/\/chinacustomboxes.com\/wp-content\/uploads\/2025\/08\/3ml-5ml-7ml-Concentrate-Container-Magnetic-Packaging-Boxes-5-12x12.jpg 12w, https:\/\/chinacustomboxes.com\/wp-content\/uploads\/2025\/08\/3ml-5ml-7ml-Concentrate-Container-Magnetic-Packaging-Boxes-5-600x600.jpg 600w, https:\/\/chinacustomboxes.com\/wp-content\/uploads\/2025\/08\/3ml-5ml-7ml-Concentrate-Container-Magnetic-Packaging-Boxes-5-100x100.jpg 100w\" sizes=\"(max-width: 1000px) 100vw, 1000px\" \/><\/p>\n<h2 id=\"-1-a-blend-of-standard-framework-and-modern-visual-appeals-\"><strong>1. Standart \u00c7er\u00e7eve ve Modern G\u00f6rsel \u00c7ekiciliklerin Bir Kar\u0131\u015f\u0131m\u0131\u00a0<\/strong>.<\/h2>\n<p>Bu kutular zamans\u0131z ama kullan\u0131\u015fl\u0131 \"Kapakl\u0131 Flip-Top Kutulara sahiptir <a href=\"https:\/\/chinacustomboxes.com\/tr\/magnetic-closure-boxes\/\">Manyetik Kapakl\u0131 Kutular<\/a>\" d\u00fczeni. Basit kare formu ve aerodinamik \u00e7izgileri, ister rafta g\u00f6sterilsin ister elde tutulsun, birinci s\u0131n\u0131f ve rafine bir g\u00f6r\u00fcn\u00fcm yarat\u0131r. \u00d6n ve alt kapaklar\u0131n a\u00e7\u0131lmas\u0131 \u00e7ok kolay olmakla kalmaz, ayn\u0131 zamanda kapa\u011f\u0131n g\u00fcvenli ve \u00f6zel bir \u015fekilde kapanmas\u0131n\u0131 sa\u011flayan g\u00fc\u00e7l\u00fc entegre m\u0131knat\u0131slara sahiptir ve i\u00e7indeki \u00fcr\u00fcn i\u00e7in ola\u011fan\u00fcst\u00fc koruma sa\u011flar.<\/p>\n<p><img decoding=\"async\" class=\"alignnone wp-image-2343 size-full\" src=\"https:\/\/chinacustomboxes.com\/wp-content\/uploads\/2025\/08\/3ml-5ml-7ml-Concentrate-Container-Magnetic-Packaging-Boxes-4.jpg\" alt=\"3ml 5ml 7ml Konsantre Kab\u0131 Manyetik Ambalaj Kutular\u0131\" width=\"1000\" height=\"1000\" title=\"\" srcset=\"https:\/\/chinacustomboxes.com\/wp-content\/uploads\/2025\/08\/3ml-5ml-7ml-Concentrate-Container-Magnetic-Packaging-Boxes-4.jpg 1000w, https:\/\/chinacustomboxes.com\/wp-content\/uploads\/2025\/08\/3ml-5ml-7ml-Concentrate-Container-Magnetic-Packaging-Boxes-4-300x300.jpg 300w, https:\/\/chinacustomboxes.com\/wp-content\/uploads\/2025\/08\/3ml-5ml-7ml-Concentrate-Container-Magnetic-Packaging-Boxes-4-150x150.jpg 150w, https:\/\/chinacustomboxes.com\/wp-content\/uploads\/2025\/08\/3ml-5ml-7ml-Concentrate-Container-Magnetic-Packaging-Boxes-4-768x768.jpg 768w, https:\/\/chinacustomboxes.com\/wp-content\/uploads\/2025\/08\/3ml-5ml-7ml-Concentrate-Container-Magnetic-Packaging-Boxes-4-12x12.jpg 12w, https:\/\/chinacustomboxes.com\/wp-content\/uploads\/2025\/08\/3ml-5ml-7ml-Concentrate-Container-Magnetic-Packaging-Boxes-4-600x600.jpg 600w, https:\/\/chinacustomboxes.com\/wp-content\/uploads\/2025\/08\/3ml-5ml-7ml-Concentrate-Container-Magnetic-Packaging-Boxes-4-100x100.jpg 100w\" sizes=\"(max-width: 1000px) 100vw, 1000px\" \/><\/p>\n<h2 id=\"-2-eco-friendly-products-in-line-with-green-trends-\"><strong>2. Ye\u015fil Trendler Do\u011frultusunda \u00c7evre Dostu \u00dcr\u00fcnler\u00a0<\/strong>.<\/h2>\n<p>Ambalajlar b\u00fcy\u00fck \u00f6l\u00e7\u00fcde birinci s\u0131n\u0131f ka\u011f\u0131ttan yap\u0131l\u0131r, hafifli\u011fini ve dayan\u0131kl\u0131l\u0131\u011f\u0131n\u0131 garanti eder, nakliye ve depolama alan\u0131 boyunca bozulmay\u0131 etkili bir \u015fekilde durdurur ve mevcut s\u00fcrd\u00fcr\u00fclebilir b\u00fcy\u00fcme modalar\u0131na uyum sa\u011flar. Kulland\u0131\u011f\u0131m\u0131z ka\u011f\u0131t \u00fcr\u00fcnleri hem geri d\u00f6n\u00fc\u015ft\u00fcr\u00fclebilir hem de do\u011fal olarak par\u00e7alanabilir, bu da onlar\u0131 ye\u015fil bir marka ad\u0131 resmini te\u015fvik etmek i\u00e7in uygun hale getirir.<\/p>\n<p><img decoding=\"async\" class=\"alignnone wp-image-2341 size-full\" src=\"https:\/\/chinacustomboxes.com\/wp-content\/uploads\/2025\/08\/3ml-5ml-7ml-Concentrate-Container-Magnetic-Packaging-Boxes-2.jpg\" alt=\"3ml 5ml 7ml Konsantre Kab\u0131 Manyetik Ambalaj Kutular\u0131\" width=\"1000\" height=\"1000\" title=\"\" srcset=\"https:\/\/chinacustomboxes.com\/wp-content\/uploads\/2025\/08\/3ml-5ml-7ml-Concentrate-Container-Magnetic-Packaging-Boxes-2.jpg 1000w, https:\/\/chinacustomboxes.com\/wp-content\/uploads\/2025\/08\/3ml-5ml-7ml-Concentrate-Container-Magnetic-Packaging-Boxes-2-300x300.jpg 300w, https:\/\/chinacustomboxes.com\/wp-content\/uploads\/2025\/08\/3ml-5ml-7ml-Concentrate-Container-Magnetic-Packaging-Boxes-2-150x150.jpg 150w, https:\/\/chinacustomboxes.com\/wp-content\/uploads\/2025\/08\/3ml-5ml-7ml-Concentrate-Container-Magnetic-Packaging-Boxes-2-768x768.jpg 768w, https:\/\/chinacustomboxes.com\/wp-content\/uploads\/2025\/08\/3ml-5ml-7ml-Concentrate-Container-Magnetic-Packaging-Boxes-2-12x12.jpg 12w, https:\/\/chinacustomboxes.com\/wp-content\/uploads\/2025\/08\/3ml-5ml-7ml-Concentrate-Container-Magnetic-Packaging-Boxes-2-600x600.jpg 600w, https:\/\/chinacustomboxes.com\/wp-content\/uploads\/2025\/08\/3ml-5ml-7ml-Concentrate-Container-Magnetic-Packaging-Boxes-2-100x100.jpg 100w\" sizes=\"(max-width: 1000px) 100vw, 1000px\" \/><\/p>\n<h2 id=\"-3-craftsmanship-demonstrates-superior-top-quality-\"><strong>3. \u0130\u015f\u00e7ilik \u00dcst\u00fcn En \u0130yi Kaliteyi G\u00f6steriyor\u00a0<\/strong>.<\/h2>\n<p>Detaylara titizlikle odaklanmam\u0131z her ayr\u0131nt\u0131da kendini g\u00f6sterir. Paketin k\u00f6\u015feleri \u00f6zenle tamamlanm\u0131\u015f, \u00f6zel olarak katlanm\u0131\u015f ve kenarlar\u0131 p\u00fcr\u00fczs\u00fcz ve \u00e7apaks\u0131z olup en \u00fcst d\u00fczey i\u015f\u00e7ili\u011fi g\u00f6stermektedir. M\u0131knat\u0131slar karton ara katman\u0131n i\u00e7ine ustal\u0131kla gizlenmi\u015ftir, bu da sa\u011flam bir kapatma sa\u011flarken kusursuz bir estetik sa\u011flar. Her bilgi, \u00fcreticinin ba\u011fl\u0131l\u0131\u011f\u0131n\u0131 ve yetkinli\u011fini g\u00f6stermektedir.<\/p>\n<p><img decoding=\"async\" class=\"alignnone wp-image-2341 size-full\" src=\"https:\/\/chinacustomboxes.com\/wp-content\/uploads\/2025\/08\/3ml-5ml-7ml-Concentrate-Container-Magnetic-Packaging-Boxes-2.jpg\" alt=\"3ml 5ml 7ml Konsantre Kab\u0131 Manyetik Ambalaj Kutular\u0131\" width=\"1000\" height=\"1000\" title=\"\" srcset=\"https:\/\/chinacustomboxes.com\/wp-content\/uploads\/2025\/08\/3ml-5ml-7ml-Concentrate-Container-Magnetic-Packaging-Boxes-2.jpg 1000w, https:\/\/chinacustomboxes.com\/wp-content\/uploads\/2025\/08\/3ml-5ml-7ml-Concentrate-Container-Magnetic-Packaging-Boxes-2-300x300.jpg 300w, https:\/\/chinacustomboxes.com\/wp-content\/uploads\/2025\/08\/3ml-5ml-7ml-Concentrate-Container-Magnetic-Packaging-Boxes-2-150x150.jpg 150w, https:\/\/chinacustomboxes.com\/wp-content\/uploads\/2025\/08\/3ml-5ml-7ml-Concentrate-Container-Magnetic-Packaging-Boxes-2-768x768.jpg 768w, https:\/\/chinacustomboxes.com\/wp-content\/uploads\/2025\/08\/3ml-5ml-7ml-Concentrate-Container-Magnetic-Packaging-Boxes-2-12x12.jpg 12w, https:\/\/chinacustomboxes.com\/wp-content\/uploads\/2025\/08\/3ml-5ml-7ml-Concentrate-Container-Magnetic-Packaging-Boxes-2-600x600.jpg 600w, https:\/\/chinacustomboxes.com\/wp-content\/uploads\/2025\/08\/3ml-5ml-7ml-Concentrate-Container-Magnetic-Packaging-Boxes-2-100x100.jpg 100w\" sizes=\"(max-width: 1000px) 100vw, 1000px\" \/><\/p>\n<h2 id=\"-4-spectacular-layout-records-the-eye-\"><strong>4. Muhte\u015fem D\u00fczen G\u00f6ze Hitap Ediyor\u00a0<\/strong>.<\/h2>\n<p>Kutunun y\u00fczey alan\u0131, dinamik, g\u00f6kku\u015fa\u011f\u0131 benzeri bir renk tonu geli\u015ftiren \u00e7arp\u0131c\u0131, \u00e7e\u015fitli renklerde geometrik bir desene sahiptir. Ayn\u0131 \u015fekilde geometrik bloklardan olu\u015fan bir kenevir yapra\u011f\u0131 deseni de kapa\u011f\u0131n \u00fcst k\u0131sm\u0131na sabitlenmi\u015ftir. Bu, \u00fcr\u00fcn\u00fcn niteliklerini ak\u0131ll\u0131ca vurgularken, ona \u00e7a\u011fda\u015f, yarat\u0131c\u0131 bir estetik katarak m\u00fc\u015fterilerin dikkatini hemen \u00e7ekiyor ve kalabal\u0131\u011f\u0131n aras\u0131ndan s\u0131yr\u0131lmas\u0131n\u0131 sa\u011fl\u0131yor.<\/p>\n<h2 id=\"-5-magnetic-closure-enhances-the-unboxing-experience-\"><strong>5. Manyetik Kapakl\u0131 Kapak Kutudan \u00c7\u0131karma Deneyimini Geli\u015ftirir <\/strong>.<\/h2>\n<p>Bu raporda \u00f6ne \u00e7\u0131kan \u00f6nemli noktalar aras\u0131nda <a href=\"https:\/\/chinacustomboxes.com\/tr\/\">kutular<\/a> dahili kapakl\u0131 manyetik kapamas\u0131d\u0131r. Standart ge\u00e7meli veya \u00e7\u0131t\u00e7\u0131tl\u0131 tasar\u0131mlar\u0131n aksine, manyetik ba\u011flant\u0131 daha kullan\u0131\u015fl\u0131 ve sa\u011flamd\u0131r ve ho\u015f bir \"t\u0131k\" sesi \u00e7\u0131kararak bireyin kutudan \u00e7\u0131karma deneyimini \u00f6nemli \u00f6l\u00e7\u00fcde geli\u015ftirir ve \u00fcr\u00fcn\u00fcn kalitesini ve de\u011ferini ince bir \u015fekilde vurgular.<\/p>\n<p><img loading=\"lazy\" decoding=\"async\" class=\"alignnone wp-image-2340 size-full\" src=\"https:\/\/chinacustomboxes.com\/wp-content\/uploads\/2025\/08\/3ml-5ml-7ml-Concentrate-Container-Magnetic-Packaging-Boxes-1.jpg\" alt=\"3ml 5ml 7ml Konsantre Kab\u0131 Manyetik Ambalaj Kutular\u0131\" width=\"1000\" height=\"1000\" title=\"\" srcset=\"https:\/\/chinacustomboxes.com\/wp-content\/uploads\/2025\/08\/3ml-5ml-7ml-Concentrate-Container-Magnetic-Packaging-Boxes-1.jpg 1000w, https:\/\/chinacustomboxes.com\/wp-content\/uploads\/2025\/08\/3ml-5ml-7ml-Concentrate-Container-Magnetic-Packaging-Boxes-1-300x300.jpg 300w, https:\/\/chinacustomboxes.com\/wp-content\/uploads\/2025\/08\/3ml-5ml-7ml-Concentrate-Container-Magnetic-Packaging-Boxes-1-150x150.jpg 150w, https:\/\/chinacustomboxes.com\/wp-content\/uploads\/2025\/08\/3ml-5ml-7ml-Concentrate-Container-Magnetic-Packaging-Boxes-1-768x768.jpg 768w, https:\/\/chinacustomboxes.com\/wp-content\/uploads\/2025\/08\/3ml-5ml-7ml-Concentrate-Container-Magnetic-Packaging-Boxes-1-12x12.jpg 12w, https:\/\/chinacustomboxes.com\/wp-content\/uploads\/2025\/08\/3ml-5ml-7ml-Concentrate-Container-Magnetic-Packaging-Boxes-1-600x600.jpg 600w, https:\/\/chinacustomboxes.com\/wp-content\/uploads\/2025\/08\/3ml-5ml-7ml-Concentrate-Container-Magnetic-Packaging-Boxes-1-100x100.jpg 100w\" sizes=\"(max-width: 1000px) 100vw, 1000px\" \/><\/p>\n<h2 id=\"-6-precision-cellular-lining-for-comprehensive-defense-\"><strong>6. Kapsaml\u0131 Savunma i\u00e7in Hassas H\u00fccresel Astar\u00a0<\/strong>.<\/h2>\n<p>Kutular\u0131n i\u00e7 k\u0131sm\u0131nda, 3ml, 5ml ve 7ml gibi \u00e7e\u015fitli konsantre kaplar\u0131na tam olarak uyacak \u015fekilde \u015fekillendirilmi\u015f \u00f6zel bir beyaz h\u00fccresel astar (tipik olarak EVA k\u00f6p\u00fck veya benzer bir malzeme) bulunur. K\u00fcresel oluklar, kab\u0131 kusursuz bir \u015fekilde kaplar ve sabitler, kutular\u0131n i\u00e7inde i\u00e7ilmesini veya \u00e7arp\u0131\u015fmas\u0131n\u0131 \u00f6nler, k\u0131r\u0131lgan cam veya seramik kaplar i\u00e7in m\u00fckemmel yast\u0131klama ve savunma sa\u011flar.<\/p>\n<h2 id=\"-7-very-adjustable-for-an-one-of-a-kind-brand-identity-\"><strong>7. T\u00fcr\u00fcn\u00fcn Tek \u00d6rne\u011fi Bir Marka Kimli\u011fi \u0130\u00e7in \u00c7ok Ayarlanabilir\u00a0<\/strong>.<\/h2>\n<p>Marka benzersizli\u011finin \u00f6neminin fark\u0131nday\u0131z ve bu nedenle bu ambalaj y\u00fcksek derecede \u00f6zelle\u015ftirilebilirlik sa\u011flar. Ambalaj\u0131n boyutu ve \u015fekli, ka\u011f\u0131t malzemesi (\u00f6rne\u011fin, sanat ka\u011f\u0131d\u0131, kraft ka\u011f\u0131d\u0131, \u00f6zel ka\u011f\u0131t), bask\u0131 i\u015flemi (\u00f6rne\u011fin, s\u0131cak damgalama, UV, laminasyon, kabartma) veya astar \u00fcr\u00fcn\u00fc ve rengi olsun, belirgin bir \u015fekilde en kaliteli \u00fcr\u00fcn ambalaj\u0131n\u0131 \u00fcretmek i\u00e7in \u00f6zel gereksinimlerinize g\u00f6re uyarlayabiliriz.<\/p>","protected":false},"excerpt":{"rendered":"<p>3ml, 5ml ve 7ml konsantre kaplar\u0131 i\u00e7in \u00fcretilen bu manyetik kapakl\u0131 ambalaj kutular\u0131, g\u00fcvenli kapatma i\u00e7in entegre bir m\u0131knat\u0131sa sahip klasik bir flip-top tasar\u0131m i\u00e7erir. Birinci s\u0131n\u0131f, \u00e7evre dostu ka\u011f\u0131ttan \u00fcretilen kutular esnek ve dayan\u0131kl\u0131d\u0131r. Y\u00fczey alan\u0131 dinamik, canl\u0131 bir geometrik desen ve kenevir d\u00fc\u015fm\u00fc\u015f yaprak logosu ile yay\u0131nlan\u0131r ve \u00e7arp\u0131c\u0131 bir estetik etki yarat\u0131r. \u0130\u00e7 k\u0131s\u0131m, m\u00fckemmel \u00fcr\u00fcn g\u00fcvenli\u011fi i\u00e7in tam olarak in\u015fa edilmi\u015f bir EVA k\u00f6p\u00fck h\u00fccresel astar ile kaplanm\u0131\u015ft\u0131r. Malzemeden bask\u0131 s\u00fcrecine kadar son derece ki\u015fiselle\u015ftirilmi\u015f olan bu \u00fcr\u00fcn, marka foto\u011fraf\u0131n\u0131z\u0131 geli\u015ftirmek ve m\u00fc\u015fterileri \u00e7ekmek i\u00e7in en uygun se\u00e7enektir.<\/p>","protected":false},"featured_media":2340,"template":"","meta":{"_kad_post_transparent":"default","_kad_post_title":"","_kad_post_layout":"default","_kad_post_sidebar_id":"","_kad_post_content_style":"default","_kad_post_vertical_padding":"default","_kad_post_feature":"","_kad_post_feature_position":"","_kad_post_header":false,"_kad_post_footer":false,"_kad_post_classname":""},"product_brand":[],"product_cat":[15,17,39,27,18],"product_tag":[580,478,581],"class_list":{"0":"post-2339","1":"product","2":"type-product","3":"status-publish","4":"has-post-thumbnail","6":"product_cat-boxes-by-shapes","7":"product_cat-boxes-by-industries","8":"product_cat-cannabis-packaging","9":"product_cat-clamshell-boxes","10":"product_cat-magnetic-closure-boxes","11":"product_tag-concentrate-containers-packaging","12":"product_tag-custom-cannabis-boxes","13":"product_tag-custom-concentrate-packaging","15":"first","16":"instock","17":"shipping-taxable","18":"product-type-simple","19":"entry","20":"content-bg","21":"loop-entry"},"_links":{"self":[{"href":"https:\/\/chinacustomboxes.com\/tr\/wp-json\/wp\/v2\/product\/2339","targetHints":{"allow":["GET"]}}],"collection":[{"href":"https:\/\/chinacustomboxes.com\/tr\/wp-json\/wp\/v2\/product"}],"about":[{"href":"https:\/\/chinacustomboxes.com\/tr\/wp-json\/wp\/v2\/types\/product"}],"wp:featuredmedia":[{"embeddable":true,"href":"https:\/\/chinacustomboxes.com\/tr\/wp-json\/wp\/v2\/media\/2340"}],"wp:attachment":[{"href":"https:\/\/chinacustomboxes.com\/tr\/wp-json\/wp\/v2\/media?parent=2339"}],"wp:term":[{"taxonomy":"product_brand","embeddable":true,"href":"https:\/\/chinacustomboxes.com\/tr\/wp-json\/wp\/v2\/product_brand?post=2339"},{"taxonomy":"product_cat","embeddable":true,"href":"https:\/\/chinacustomboxes.com\/tr\/wp-json\/wp\/v2\/product_cat?post=2339"},{"taxonomy":"product_tag","embeddable":true,"href":"https:\/\/chinacustomboxes.com\/tr\/wp-json\/wp\/v2\/product_tag?post=2339"}],"curies":[{"name":"wp","href":"https:\/\/api.w.org\/{rel}","templated":true}]}}