{"id":2356,"date":"2025-08-26T01:35:19","date_gmt":"2025-08-26T01:35:19","guid":{"rendered":"https:\/\/chinacustomboxes.com\/?post_type=product&#038;p=2356"},"modified":"2025-08-26T02:22:48","modified_gmt":"2025-08-26T02:22:48","slug":"concentrate-shatter-extract-wax-packaging-boxes-printing-oem","status":"publish","type":"product","link":"https:\/\/chinacustomboxes.com\/tr\/concentrate-shatter-extract-wax-packaging-boxes-printing-oem\/","title":{"rendered":"Konsantre Parampar\u00e7a \u00d6z\u00fc Balmumu Ambalaj Kutular\u0131 Bask\u0131 OEM"},"content":{"rendered":"<h2 id=\"-concentrate-shatter-extract-wax-packaging-boxes-printing-oem-\"><strong>Konsantre Parampar\u00e7a \u00d6z\u00fc Balmumu Ambalaj Kutular\u0131 Bask\u0131 OEM\u00a0<\/strong><\/h2>\n<h2 id=\"-1-layout-and-experience-the-amazing-beauty-of-a-high-end-magnetic-flip-lid-box-book-shaped-box-\"><strong>1. D\u00fczen ve Deneyim: \u00dcst D\u00fczey Manyetik Kapatma Kutular\u0131n\u0131n \u015ea\u015f\u0131rt\u0131c\u0131 G\u00fczelli\u011fi\u00a0<\/strong><\/h2>\n<p>Bu ambalaj kutular\u0131 yenilik\u00e7i, y\u00fcksek kaliteli bir <a href=\"https:\/\/chinacustomboxes.com\/tr\/magnetic-closure-boxes\/\"><strong>Manyetik kapakl\u0131 kutular <\/strong><\/a>d\u00fczen. G\u00f6r\u00fcn\u00fcm\u00fc \u00f6zenle haz\u0131rlanm\u0131\u015f ciltli bir yay\u0131n\u0131 and\u0131r\u0131r ve kapak ustaca entegre edilmi\u015f m\u0131knat\u0131slar sayesinde sorunsuz ve rahat bir \u015fekilde a\u00e7\u0131l\u0131r ve kapan\u0131r. Her a\u00e7\u0131l\u0131\u015f, birey i\u00e7in t\u00fcr\u00fcn\u00fcn tek \u00f6rne\u011fi, t\u00f6rensel bir kutu a\u00e7ma deneyimi yarat\u0131r. Sa\u011flam \u00e7er\u00e7evesi, i\u00e7indeki \u00fcr\u00fcn i\u00e7in ola\u011fan\u00fcst\u00fc koruma sa\u011flar ve \u00f6zellikle esrar konsantresi, shatter, ekstrakt ve balmumu gibi y\u00fcksek de\u011ferli veya k\u0131r\u0131lgan \u00fcr\u00fcnler i\u00e7in uygun hale getirir. Bu d\u00fczen sadece i\u015flevsellik ve g\u00fcvenli\u011fi bir araya getirmekle kalmaz, ayn\u0131 zamanda \u00fcr\u00fcn\u00fcn genel maliyet hissini ve uzman marka imaj\u0131n\u0131 da \u00f6nemli \u00f6l\u00e7\u00fcde art\u0131r\u0131r.<\/p>\n<p><img fetchpriority=\"high\" decoding=\"async\" class=\"alignnone wp-image-2363 size-full\" src=\"https:\/\/chinacustomboxes.com\/wp-content\/uploads\/2025\/08\/Concentrate-Shatter-Extract-Wax-Packaging-Boxes-Printing-OEM-7.jpg\" alt=\"Konsantre Parampar\u00e7a \u00d6z\u00fc Balmumu Ambalaj Kutular\u0131 Bask\u0131 OEM\" width=\"1000\" height=\"1000\" title=\"\" srcset=\"https:\/\/chinacustomboxes.com\/wp-content\/uploads\/2025\/08\/Concentrate-Shatter-Extract-Wax-Packaging-Boxes-Printing-OEM-7.jpg 1000w, https:\/\/chinacustomboxes.com\/wp-content\/uploads\/2025\/08\/Concentrate-Shatter-Extract-Wax-Packaging-Boxes-Printing-OEM-7-300x300.jpg 300w, https:\/\/chinacustomboxes.com\/wp-content\/uploads\/2025\/08\/Concentrate-Shatter-Extract-Wax-Packaging-Boxes-Printing-OEM-7-150x150.jpg 150w, https:\/\/chinacustomboxes.com\/wp-content\/uploads\/2025\/08\/Concentrate-Shatter-Extract-Wax-Packaging-Boxes-Printing-OEM-7-768x768.jpg 768w, https:\/\/chinacustomboxes.com\/wp-content\/uploads\/2025\/08\/Concentrate-Shatter-Extract-Wax-Packaging-Boxes-Printing-OEM-7-12x12.jpg 12w, https:\/\/chinacustomboxes.com\/wp-content\/uploads\/2025\/08\/Concentrate-Shatter-Extract-Wax-Packaging-Boxes-Printing-OEM-7-600x600.jpg 600w, https:\/\/chinacustomboxes.com\/wp-content\/uploads\/2025\/08\/Concentrate-Shatter-Extract-Wax-Packaging-Boxes-Printing-OEM-7-100x100.jpg 100w\" sizes=\"(max-width: 1000px) 100vw, 1000px\" \/><\/p>\n<h2 id=\"-2-core-material-a-sturdy-and-eco-friendly-cardboard-composite-structure-\"><strong>2. \u00c7ekirdek Malzeme: Sa\u011flam ve \u00c7evre Dostu Karton Kompozit Yap\u0131<\/strong><\/h2>\n<p>Temel \u00e7er\u00e7eve <a href=\"https:\/\/chinacustomboxes.com\/tr\/\">ambalaj kutular\u0131<\/a> \u00e7o\u011funlukla birinci s\u0131n\u0131f <strong>sert ka\u011f\u0131t <\/strong>istisnai olarak kaplanm\u0131\u015f ka\u011f\u0131ttan olu\u015fan bir d\u0131\u015f katmana sahiptir. Bu kompozit malzeme \u00e7er\u00e7evesi sadece g\u00fc\u00e7l\u00fc ve sa\u011flam olmakla kalmaz, ayn\u0131 zamanda m\u00fckemmel s\u0131k\u0131\u015ft\u0131rma direnci ve b\u00fck\u00fclmeye kar\u015f\u0131 diren\u00e7 sa\u011flayarak i\u00e7indeki \u00fcr\u00fcn\u00fc tesis ta\u015f\u0131mac\u0131l\u0131\u011f\u0131 ve depolama s\u0131ras\u0131nda ezilme ve hasarlardan etkili bir \u015fekilde korur. Buna ek olarak, ka\u011f\u0131t \u00fcr\u00fcn se\u00e7imimiz ekolojik fakt\u00f6rleri g\u00f6z \u00f6n\u00fcnde bulundurarak, kal\u0131c\u0131 b\u00fcy\u00fcmeye y\u00f6nelik mevcut k\u00fcresel t\u00fcketici e\u011filimlerine uyum sa\u011flar ve \u00fcr\u00fcn\u00fcn\u00fcze daha iyi bir sosyal y\u00fck\u00fcml\u00fcl\u00fck hissi verir.<\/p>\n<p><img decoding=\"async\" class=\"alignnone wp-image-2362 size-full\" src=\"https:\/\/chinacustomboxes.com\/wp-content\/uploads\/2025\/08\/Concentrate-Shatter-Extract-Wax-Packaging-Boxes-Printing-OEM-6.jpg\" alt=\"Konsantre Parampar\u00e7a \u00d6z\u00fc Balmumu Ambalaj Kutular\u0131 Bask\u0131 OEM\" width=\"1000\" height=\"1000\" title=\"\" srcset=\"https:\/\/chinacustomboxes.com\/wp-content\/uploads\/2025\/08\/Concentrate-Shatter-Extract-Wax-Packaging-Boxes-Printing-OEM-6.jpg 1000w, https:\/\/chinacustomboxes.com\/wp-content\/uploads\/2025\/08\/Concentrate-Shatter-Extract-Wax-Packaging-Boxes-Printing-OEM-6-300x300.jpg 300w, https:\/\/chinacustomboxes.com\/wp-content\/uploads\/2025\/08\/Concentrate-Shatter-Extract-Wax-Packaging-Boxes-Printing-OEM-6-150x150.jpg 150w, https:\/\/chinacustomboxes.com\/wp-content\/uploads\/2025\/08\/Concentrate-Shatter-Extract-Wax-Packaging-Boxes-Printing-OEM-6-768x768.jpg 768w, https:\/\/chinacustomboxes.com\/wp-content\/uploads\/2025\/08\/Concentrate-Shatter-Extract-Wax-Packaging-Boxes-Printing-OEM-6-12x12.jpg 12w, https:\/\/chinacustomboxes.com\/wp-content\/uploads\/2025\/08\/Concentrate-Shatter-Extract-Wax-Packaging-Boxes-Printing-OEM-6-600x600.jpg 600w, https:\/\/chinacustomboxes.com\/wp-content\/uploads\/2025\/08\/Concentrate-Shatter-Extract-Wax-Packaging-Boxes-Printing-OEM-6-100x100.jpg 100w\" sizes=\"(max-width: 1000px) 100vw, 1000px\" \/><\/p>\n<h2 id=\"-3-printing-modern-technology-exquisite-craftsmanship-for-superior-visual-and-tactile-experience-\"><strong>3. Modern Teknoloji Bask\u0131s\u0131: \u00dcst\u00fcn G\u00f6rsel ve Dokunsal Deneyim i\u00e7in M\u00fckemmel \u0130\u015f\u00e7ilik<\/strong><\/h2>\n<p>Ambalaj y\u00fczeyinde bol, canl\u0131 tonlar ve keskin, net g\u00f6rsel ayr\u0131nt\u0131lar sa\u011flamak i\u00e7in sofistike bask\u0131 teknolojisinden yararlan\u0131yoruz. Markan\u0131z\u0131n logosunu ve benzersiz d\u00fczen \u00f6zelliklerini vurgulamak i\u00e7in, a\u015fa\u011f\u0131dakiler gibi \u00e7e\u015fitli tamamlay\u0131c\u0131 prosed\u00fcrler kullan\u0131yoruz\u00a0<strong>spot UV <\/strong>ve\u00a0<strong>Mat Laminasyon\u00a0<\/strong>. Alan UV, belirli alanlarda canl\u0131, y\u00fcksek parlakl\u0131kta bir sonu\u00e7 \u00fcreterek g\u00f6rsel bir merkez olu\u015ftururken, mat laminasyon ambalaja mat, ola\u011fan\u00fcst\u00fc bir kalite kazand\u0131r\u0131r. \u0130\u015flemlerin bu becerikli kombinasyonu sadece rafta \u00e7ok g\u00f6z al\u0131c\u0131 bir g\u00f6r\u00fcn\u00fcm\u00fc garanti etmekle kalmaz, ayn\u0131 zamanda t\u00fcketicilere \u00fcr\u00fcn\u00fcn toplam de\u011ferini art\u0131ran ola\u011fan\u00fcst\u00fc bir dokunma deneyimi sunar.<\/p>\n<p><img decoding=\"async\" class=\"alignnone wp-image-2361 size-full\" src=\"https:\/\/chinacustomboxes.com\/wp-content\/uploads\/2025\/08\/Concentrate-Shatter-Extract-Wax-Packaging-Boxes-Printing-OEM-5.jpg\" alt=\"Konsantre Parampar\u00e7a \u00d6z\u00fc Balmumu Ambalaj Kutular\u0131 Bask\u0131 OEM\" width=\"1000\" height=\"1000\" title=\"\" srcset=\"https:\/\/chinacustomboxes.com\/wp-content\/uploads\/2025\/08\/Concentrate-Shatter-Extract-Wax-Packaging-Boxes-Printing-OEM-5.jpg 1000w, https:\/\/chinacustomboxes.com\/wp-content\/uploads\/2025\/08\/Concentrate-Shatter-Extract-Wax-Packaging-Boxes-Printing-OEM-5-300x300.jpg 300w, https:\/\/chinacustomboxes.com\/wp-content\/uploads\/2025\/08\/Concentrate-Shatter-Extract-Wax-Packaging-Boxes-Printing-OEM-5-150x150.jpg 150w, https:\/\/chinacustomboxes.com\/wp-content\/uploads\/2025\/08\/Concentrate-Shatter-Extract-Wax-Packaging-Boxes-Printing-OEM-5-768x768.jpg 768w, https:\/\/chinacustomboxes.com\/wp-content\/uploads\/2025\/08\/Concentrate-Shatter-Extract-Wax-Packaging-Boxes-Printing-OEM-5-12x12.jpg 12w, https:\/\/chinacustomboxes.com\/wp-content\/uploads\/2025\/08\/Concentrate-Shatter-Extract-Wax-Packaging-Boxes-Printing-OEM-5-600x600.jpg 600w, https:\/\/chinacustomboxes.com\/wp-content\/uploads\/2025\/08\/Concentrate-Shatter-Extract-Wax-Packaging-Boxes-Printing-OEM-5-100x100.jpg 100w\" sizes=\"(max-width: 1000px) 100vw, 1000px\" \/><\/p>\n<h2 id=\"-4-aesthetic-layout-a-perfect-blend-of-vibrant-shade-comparison-and-instinctive-graphics-\"><strong>4. Estetik D\u00fczen: Canl\u0131 G\u00f6lge Kar\u015f\u0131la\u015ft\u0131rmas\u0131 ve \u0130\u00e7g\u00fcd\u00fcsel Grafiklerin M\u00fckemmel Bir Kar\u0131\u015f\u0131m\u0131<\/strong><\/h2>\n<p>G\u00f6rsel d\u00fczen a\u00e7\u0131s\u0131ndan, bu ambalaj kutular\u0131 canl\u0131 ve dinamik bir renk tasar\u0131m\u0131ndan yararlan\u0131yor. Canl\u0131 turuncu, sakinle\u015ftirici koyu kahverengi ile tezat olu\u015fturarak t\u00fcketicinin dikkatini an\u0131nda \u00e7eken sa\u011flam bir estetik kar\u015f\u0131la\u015ft\u0131rma geli\u015ftiriyor. Kutular\u0131n turuncu b\u00f6l\u00fcm\u00fc canl\u0131 bir limon deseniyle noktalan\u0131yor. Bu d\u00fczen sadece g\u00f6rsel olarak ho\u015f olmakla kalm\u0131yor, ayn\u0131 zamanda \u00fcr\u00fcn\u00fcn tad\u0131n\u0131 ve \u00f6zelliklerini sezgisel olarak payla\u015farak g\u00fcvenilir bir estetik ileti\u015fim sa\u011fl\u0131yor.<\/p>\n<h2 id=\"-5-key-accessory-the-resourceful-and-made-use-of-concealed-magnets-\"><strong>5. Anahtar Aksesuar\u0131: Becerikli ve Kullan\u0131\u015fl\u0131 Gizli M\u0131knat\u0131slar<\/strong><\/h2>\n<p>Bunun vurgulanmas\u0131<a href=\"https:\/\/chinacustomboxes.com\/tr\/boxes-by-shapes\/\"> ambalaj kutular\u0131 tasar\u0131m\u0131<\/a> gizli m\u0131knat\u0131sl\u0131 kapatma sistemidir. M\u0131knat\u0131slar\u0131n m\u00fckemmel kullan\u0131m\u0131, geleneksel bir kilide gerek kalmadan korumal\u0131 bir kapatmay\u0131 garanti eder ve d\u00fczenin sadeli\u011fini ve genel esteti\u011fini kusursuz bir \u015fekilde korur. Bu kullan\u0131\u015fl\u0131 ve estetik a\u00e7\u0131dan ho\u015f stil sadece kullan\u0131c\u0131 deneyimini art\u0131rmakla kalmaz, ayn\u0131 zamanda sadeli\u011fi ve inceli\u011fi vurgulayan \u00e7a\u011fda\u015f premium ambalaj modas\u0131na da uyum sa\u011flar.<\/p>\n<p><img loading=\"lazy\" decoding=\"async\" class=\"alignnone wp-image-2359 size-full\" src=\"https:\/\/chinacustomboxes.com\/wp-content\/uploads\/2025\/08\/Concentrate-Shatter-Extract-Wax-Packaging-Boxes-Printing-OEM-3.jpg\" alt=\"Konsantre Parampar\u00e7a \u00d6z\u00fc Balmumu Ambalaj Kutular\u0131 Bask\u0131 OEM\" width=\"1000\" height=\"1000\" title=\"\" srcset=\"https:\/\/chinacustomboxes.com\/wp-content\/uploads\/2025\/08\/Concentrate-Shatter-Extract-Wax-Packaging-Boxes-Printing-OEM-3.jpg 1000w, https:\/\/chinacustomboxes.com\/wp-content\/uploads\/2025\/08\/Concentrate-Shatter-Extract-Wax-Packaging-Boxes-Printing-OEM-3-300x300.jpg 300w, https:\/\/chinacustomboxes.com\/wp-content\/uploads\/2025\/08\/Concentrate-Shatter-Extract-Wax-Packaging-Boxes-Printing-OEM-3-150x150.jpg 150w, https:\/\/chinacustomboxes.com\/wp-content\/uploads\/2025\/08\/Concentrate-Shatter-Extract-Wax-Packaging-Boxes-Printing-OEM-3-768x768.jpg 768w, https:\/\/chinacustomboxes.com\/wp-content\/uploads\/2025\/08\/Concentrate-Shatter-Extract-Wax-Packaging-Boxes-Printing-OEM-3-12x12.jpg 12w, https:\/\/chinacustomboxes.com\/wp-content\/uploads\/2025\/08\/Concentrate-Shatter-Extract-Wax-Packaging-Boxes-Printing-OEM-3-600x600.jpg 600w, https:\/\/chinacustomboxes.com\/wp-content\/uploads\/2025\/08\/Concentrate-Shatter-Extract-Wax-Packaging-Boxes-Printing-OEM-3-100x100.jpg 100w\" sizes=\"(max-width: 1000px) 100vw, 1000px\" \/><\/p>\n<h2 id=\"-6-interior-defense-customized-eva-foam-lining-\"><strong>6. \u0130\u00e7 Savunma: \u00d6zelle\u015ftirilmi\u015f EVA K\u00f6p\u00fck Astar<\/strong><\/h2>\n<p>\u0130\u00e7indeki \u00fcr\u00fcn\u00fcn (konsantre kutu gibi) ambalaj i\u00e7inde sa\u011flam bir \u015fekilde konumland\u0131r\u0131lmas\u0131n\u0131 ve en iyi \u015fekilde korunmas\u0131n\u0131 sa\u011flamak i\u00e7in\u00a0<strong>EVA k\u00f6p\u00fck astar\u00a0<\/strong>\u00fcr\u00fcn\u00fcn boyutlar\u0131na ve \u015fekline g\u00f6re uyarlanm\u0131\u015ft\u0131r. EVA k\u00f6p\u00fck sadece \u00fcst\u00fcn bir his sa\u011flamakla kalmaz, ayn\u0131 zamanda ola\u011fan\u00fcst\u00fc \u015fok emilimi ve dolgu sa\u011flar. \u0130deal astar, \u00fcr\u00fcn\u00fcn paket i\u00e7inde titremesini veya \u00e7arp\u0131\u015fmas\u0131n\u0131 ba\u015far\u0131l\u0131 bir \u015fekilde \u00f6nleyerek nakliye s\u0131ras\u0131nda hasar\u0131 \u00f6nemli \u00f6l\u00e7\u00fcde azalt\u0131r. Ayr\u0131ca, iyi tan\u0131mlanm\u0131\u015f astar, kutudan \u00e7\u0131kar\u0131ld\u0131\u011f\u0131nda \u00fcr\u00fcn ekran\u0131n\u0131 kusursuz bir \u015fekilde g\u00fc\u00e7lendirerek uzman ve unutulmaz bir izlenim yarat\u0131r.<\/p>\n<p><img loading=\"lazy\" decoding=\"async\" class=\"alignnone wp-image-2357 size-full\" src=\"https:\/\/chinacustomboxes.com\/wp-content\/uploads\/2025\/08\/Concentrate-Shatter-Extract-Wax-Packaging-Boxes-Printing-OEM-1.jpg\" alt=\"Konsantre Parampar\u00e7a \u00d6z\u00fc Balmumu Ambalaj Kutular\u0131 Bask\u0131 OEM\" width=\"1000\" height=\"1000\" title=\"\" srcset=\"https:\/\/chinacustomboxes.com\/wp-content\/uploads\/2025\/08\/Concentrate-Shatter-Extract-Wax-Packaging-Boxes-Printing-OEM-1.jpg 1000w, https:\/\/chinacustomboxes.com\/wp-content\/uploads\/2025\/08\/Concentrate-Shatter-Extract-Wax-Packaging-Boxes-Printing-OEM-1-300x300.jpg 300w, https:\/\/chinacustomboxes.com\/wp-content\/uploads\/2025\/08\/Concentrate-Shatter-Extract-Wax-Packaging-Boxes-Printing-OEM-1-150x150.jpg 150w, https:\/\/chinacustomboxes.com\/wp-content\/uploads\/2025\/08\/Concentrate-Shatter-Extract-Wax-Packaging-Boxes-Printing-OEM-1-768x768.jpg 768w, https:\/\/chinacustomboxes.com\/wp-content\/uploads\/2025\/08\/Concentrate-Shatter-Extract-Wax-Packaging-Boxes-Printing-OEM-1-12x12.jpg 12w, https:\/\/chinacustomboxes.com\/wp-content\/uploads\/2025\/08\/Concentrate-Shatter-Extract-Wax-Packaging-Boxes-Printing-OEM-1-600x600.jpg 600w, https:\/\/chinacustomboxes.com\/wp-content\/uploads\/2025\/08\/Concentrate-Shatter-Extract-Wax-Packaging-Boxes-Printing-OEM-1-100x100.jpg 100w\" sizes=\"(max-width: 1000px) 100vw, 1000px\" \/><\/p>\n<h2 id=\"-7-customization-flexible-and-versatile-oem-solutions-\"><strong>7. \u00d6zelle\u015ftirme: Esnek ve \u00c7ok Y\u00f6nl\u00fc OEM \u00c7\u00f6z\u00fcmleri<\/strong><\/h2>\n<p>Bir OEM (Orijinal Ekipman \u00dcreticisi) \u00fcr\u00fcn\u00fc olarak bu kutular ayr\u0131nt\u0131l\u0131 ki\u015fiselle\u015ftirmeyi destekler. M\u00fc\u015fteriler, benzersiz marka konumland\u0131rmalar\u0131na ve belirli \u00fcr\u00fcn gereksinimlerine uyacak \u015fekilde ambalaj formunu, boyutunu, \u00fcr\u00fcn\u00fcn\u00fc, bask\u0131s\u0131n\u0131 ve y\u00fczey alan\u0131 i\u015flemesini kolayca se\u00e7ebilir ve \u00f6zelle\u015ftirebilir. Bu y\u00fcksek d\u00fczeyde uyarlanabilirlik ve de\u011fi\u015fiklik, nihai ambalaj\u0131n marka imaj\u0131n\u0131z\u0131 ve \u00fcr\u00fcn \u00f6zelliklerinizi tamamen geli\u015ftirmesini garanti eder ve rekabet\u00e7i bir pazarda \u00f6zel marka bilinirli\u011fi ve rekabet olu\u015fturman\u0131za yard\u0131mc\u0131 olur.<\/p>","protected":false},"excerpt":{"rendered":"<p>\u015e\u0131k stili ola\u011fan\u00fcst\u00fc korumayla b\u00fct\u00fcnle\u015ftiren Konsantre Parampar\u00e7a \u00d6zl\u00fc Balmumu i\u00e7in \u00f6zelle\u015ftirilmi\u015f ambalaj deneyimini ya\u015fay\u0131n. Birinci s\u0131n\u0131f bir ambalaj kullan\u0131yoruz\u00a0<strong>manyetik kapama kutular\u0131 <\/strong>G\u00fc\u00e7l\u00fc bir entegre m\u0131knat\u0131s ile a\u00e7\u0131l\u0131p kapan\u0131rken t\u00fcr\u00fcn\u00fcn tek \u00f6rne\u011fi ve otantik bir his yarat\u0131r. Kutu metni sa\u011flam malzemeden \u00fcretilmi\u015ftir <b>sert ka\u011f\u0131t<\/b>Katmanl\u0131 ka\u011f\u0131t ile \u00fcst \u00fcste bindirilmi\u015f ve zengin, y\u00fcksek kaliteli bir g\u00f6r\u00fcn\u00fcm i\u00e7in Spot UV ve mat laminasyon dahil olmak \u00fczere \u00e7ok say\u0131da y\u00f6ntem kullan\u0131larak kapsaml\u0131 bir \u015fekilde bas\u0131lm\u0131\u015ft\u0131r. Canl\u0131 turuncu ve sakinle\u015ftirici koyu kahverenginin canl\u0131 kar\u015f\u0131la\u015ft\u0131rmas\u0131 \u00e7arp\u0131c\u0131 bir estetik etki yarat\u0131r. \u00d6zelle\u015ftirilmi\u015f\u00a0<strong>EVA k\u00f6p\u00fck astar\u00a0<\/strong>Odaklar, parampar\u00e7a \u00f6zler ve mumlar gibi y\u00fcksek de\u011ferli \u00fcr\u00fcnleriniz i\u00e7in darbeye dayan\u0131kl\u0131 savunma sa\u011flar. Uzman bir OEM \u00fcreticisi olarak, marka resminizi m\u00fckemmel bir \u015fekilde tamamlayan ve pazar avantaj\u0131 sa\u011flayan ambalajlar geli\u015ftirmenize yard\u0131mc\u0131 olmak i\u00e7in boyut ve \u00fcr\u00fcnden bask\u0131 tasar\u0131m\u0131na kadar ayr\u0131nt\u0131l\u0131 ki\u015fiselle\u015ftirme sunuyoruz.<\/p>","protected":false},"featured_media":2357,"template":"","meta":{"_kad_post_transparent":"default","_kad_post_title":"","_kad_post_layout":"default","_kad_post_sidebar_id":"","_kad_post_content_style":"default","_kad_post_vertical_padding":"default","_kad_post_feature":"","_kad_post_feature_position":"","_kad_post_header":false,"_kad_post_footer":false,"_kad_post_classname":""},"product_brand":[],"product_cat":[15,17,39,18],"product_tag":[475,583,582],"class_list":{"0":"post-2356","1":"product","2":"type-product","3":"status-publish","4":"has-post-thumbnail","6":"product_cat-boxes-by-shapes","7":"product_cat-boxes-by-industries","8":"product_cat-cannabis-packaging","9":"product_cat-magnetic-closure-boxes","10":"product_tag-concentrate-packaging","11":"product_tag-packaging-boxes-printing-oem","12":"product_tag-shatter-extract-packaging","14":"first","15":"instock","16":"shipping-taxable","17":"product-type-simple","18":"entry","19":"content-bg","20":"loop-entry"},"_links":{"self":[{"href":"https:\/\/chinacustomboxes.com\/tr\/wp-json\/wp\/v2\/product\/2356","targetHints":{"allow":["GET"]}}],"collection":[{"href":"https:\/\/chinacustomboxes.com\/tr\/wp-json\/wp\/v2\/product"}],"about":[{"href":"https:\/\/chinacustomboxes.com\/tr\/wp-json\/wp\/v2\/types\/product"}],"wp:featuredmedia":[{"embeddable":true,"href":"https:\/\/chinacustomboxes.com\/tr\/wp-json\/wp\/v2\/media\/2357"}],"wp:attachment":[{"href":"https:\/\/chinacustomboxes.com\/tr\/wp-json\/wp\/v2\/media?parent=2356"}],"wp:term":[{"taxonomy":"product_brand","embeddable":true,"href":"https:\/\/chinacustomboxes.com\/tr\/wp-json\/wp\/v2\/product_brand?post=2356"},{"taxonomy":"product_cat","embeddable":true,"href":"https:\/\/chinacustomboxes.com\/tr\/wp-json\/wp\/v2\/product_cat?post=2356"},{"taxonomy":"product_tag","embeddable":true,"href":"https:\/\/chinacustomboxes.com\/tr\/wp-json\/wp\/v2\/product_tag?post=2356"}],"curies":[{"name":"wp","href":"https:\/\/api.w.org\/{rel}","templated":true}]}}