{"id":2364,"date":"2025-08-26T02:23:22","date_gmt":"2025-08-26T02:23:22","guid":{"rendered":"https:\/\/chinacustomboxes.com\/?post_type=product&#038;p=2364"},"modified":"2025-08-26T02:51:33","modified_gmt":"2025-08-26T02:51:33","slug":"magnetic-closure-boxes-for-live-resin-crumble-wax-dab-hash","status":"publish","type":"product","link":"https:\/\/chinacustomboxes.com\/tr\/magnetic-closure-boxes-for-live-resin-crumble-wax-dab-hash\/","title":{"rendered":"Canl\u0131 Re\u00e7ine Crumble Wax Dab Hash i\u00e7in Manyetik Kapatma Kutular\u0131"},"content":{"rendered":"<h2 id=\"magnetic-closure-boxes-for-live-resin-crumble-wax-dab-and-hash\">Canl\u0131 Re\u00e7ine, Crumble, Wax, Dab ve Hash i\u00e7in Manyetik Kapakl\u0131 Kutular<\/h2>\n<p>Canl\u0131 Re\u00e7ine, Crumble, Wax, Dab ve Hash gibi maliyet \u00fcr\u00fcnleri i\u00e7in olu\u015fturulan bu <a href=\"https:\/\/chinacustomboxes.com\/tr\/magnetic-closure-boxes\/\">manyetik kapama kutular\u0131<\/a> marka imaj\u0131n\u0131z\u0131 ve kullan\u0131c\u0131 deneyiminizi geli\u015ftirmek i\u00e7in m\u00fckemmel bir se\u00e7imdir. \u015e\u0131k bir d\u00fczen, dayan\u0131kl\u0131 bir yap\u0131 ve bilgiye g\u00f6sterilen \u00f6zenle birle\u015ferek m\u00fc\u015fterilerinizin kutular\u0131 a\u00e7t\u0131\u011f\u0131 andan itibaren benzersiz bir \u00fcst d\u00fczey duygusu geli\u015ftirir.<\/p>\n<p><img fetchpriority=\"high\" decoding=\"async\" class=\"alignnone wp-image-2366 size-full\" src=\"https:\/\/chinacustomboxes.com\/wp-content\/uploads\/2025\/08\/Marijuana-Concentrate-Containers-Packaging-Magnetic-Boxes-3.jpg\" alt=\"Esrar Konsantre Kaplar\u0131 Ambalaj Manyetik Kutular\" width=\"1000\" height=\"1000\" title=\"\" srcset=\"https:\/\/chinacustomboxes.com\/wp-content\/uploads\/2025\/08\/Marijuana-Concentrate-Containers-Packaging-Magnetic-Boxes-3.jpg 1000w, https:\/\/chinacustomboxes.com\/wp-content\/uploads\/2025\/08\/Marijuana-Concentrate-Containers-Packaging-Magnetic-Boxes-3-300x300.jpg 300w, https:\/\/chinacustomboxes.com\/wp-content\/uploads\/2025\/08\/Marijuana-Concentrate-Containers-Packaging-Magnetic-Boxes-3-150x150.jpg 150w, https:\/\/chinacustomboxes.com\/wp-content\/uploads\/2025\/08\/Marijuana-Concentrate-Containers-Packaging-Magnetic-Boxes-3-768x768.jpg 768w, https:\/\/chinacustomboxes.com\/wp-content\/uploads\/2025\/08\/Marijuana-Concentrate-Containers-Packaging-Magnetic-Boxes-3-12x12.jpg 12w, https:\/\/chinacustomboxes.com\/wp-content\/uploads\/2025\/08\/Marijuana-Concentrate-Containers-Packaging-Magnetic-Boxes-3-600x600.jpg 600w, https:\/\/chinacustomboxes.com\/wp-content\/uploads\/2025\/08\/Marijuana-Concentrate-Containers-Packaging-Magnetic-Boxes-3-100x100.jpg 100w\" sizes=\"(max-width: 1000px) 100vw, 1000px\" \/><\/p>\n<h2 id=\"-1-timeless-book-shaped-framework-and-a-pleasant-opening-and-closing-experience-\"><strong>1. Zamans\u0131z Kitap \u015eeklinde \u00c7er\u00e7eve ve Ho\u015f Bir A\u00e7\u0131l\u0131\u015f ve Kapan\u0131\u015f Deneyimi<\/strong><\/h2>\n<p>Bu \u00fcr\u00fcn ambalaj\u0131, geli\u015fmi\u015f bir manyetik kapa\u011fa sahip geleneksel bir \"manyetik kapakl\u0131 kutu\" yap\u0131s\u0131na sahiptir. Bu d\u00fczen sadece sofistike ve birinci s\u0131n\u0131f g\u00f6r\u00fcnmekle kalmaz, ayn\u0131 zamanda a\u00e7\u0131ld\u0131\u011f\u0131nda net, keyifli bir \"t\u0131k\" sesi \u00e7\u0131kararak \u00fcr\u00fcn\u00fcn premium hissini ve m\u00fc\u015fterinin rutin hissini \u00f6nemli \u00f6l\u00e7\u00fcde art\u0131r\u0131r. Flip-top d\u00fczeni \u00e7ok say\u0131da eri\u015fim ve depolama alan\u0131 sa\u011flarken, ak\u0131ll\u0131ca gizlenmi\u015f m\u0131knat\u0131slar kapa\u011f\u0131n s\u0131k\u0131ca kapal\u0131 kalmas\u0131n\u0131 sa\u011flayarak i\u00e7indeki de\u011ferli e\u015fyay\u0131 etkili bir \u015fekilde korur ve istenmeyen a\u00e7\u0131lmalar\u0131 \u00f6nler.<\/p>\n<p><img decoding=\"async\" class=\"alignnone wp-image-2368 size-full\" src=\"https:\/\/chinacustomboxes.com\/wp-content\/uploads\/2025\/08\/Marijuana-Concentrate-Containers-Packaging-Magnetic-Boxes-5.jpg\" alt=\"Esrar Konsantre Kaplar\u0131 Ambalaj Manyetik Kutular\" width=\"1000\" height=\"1000\" title=\"\" srcset=\"https:\/\/chinacustomboxes.com\/wp-content\/uploads\/2025\/08\/Marijuana-Concentrate-Containers-Packaging-Magnetic-Boxes-5.jpg 1000w, https:\/\/chinacustomboxes.com\/wp-content\/uploads\/2025\/08\/Marijuana-Concentrate-Containers-Packaging-Magnetic-Boxes-5-300x300.jpg 300w, https:\/\/chinacustomboxes.com\/wp-content\/uploads\/2025\/08\/Marijuana-Concentrate-Containers-Packaging-Magnetic-Boxes-5-150x150.jpg 150w, https:\/\/chinacustomboxes.com\/wp-content\/uploads\/2025\/08\/Marijuana-Concentrate-Containers-Packaging-Magnetic-Boxes-5-768x768.jpg 768w, https:\/\/chinacustomboxes.com\/wp-content\/uploads\/2025\/08\/Marijuana-Concentrate-Containers-Packaging-Magnetic-Boxes-5-12x12.jpg 12w, https:\/\/chinacustomboxes.com\/wp-content\/uploads\/2025\/08\/Marijuana-Concentrate-Containers-Packaging-Magnetic-Boxes-5-600x600.jpg 600w, https:\/\/chinacustomboxes.com\/wp-content\/uploads\/2025\/08\/Marijuana-Concentrate-Containers-Packaging-Magnetic-Boxes-5-100x100.jpg 100w\" sizes=\"(max-width: 1000px) 100vw, 1000px\" \/><\/p>\n<h2 id=\"-2-tough-and-reputable-high-quality-materials-\"><strong>2. Sa\u011flam ve Sayg\u0131n Y\u00fcksek Kaliteli Malzemeler<\/strong><\/h2>\n<p>Ambalaj\u0131n \u00e7ekirde\u011fi, g\u00fc\u00e7l\u00fc bir yap\u0131 ve g\u00fc\u00e7l\u00fc stres direnci sa\u011flayan, \u00fcr\u00fcn\u00fc karma\u015f\u0131k nakliye ve depolama boyunca ezilme ve etkiden ba\u015far\u0131yla koruyan y\u00fcksek yo\u011funluklu sert ka\u011f\u0131ttan yap\u0131lm\u0131\u015ft\u0131r. D\u0131\u015f katman, p\u00fcr\u00fczs\u00fcz ve k\u0131r\u0131lgan bir y\u00fczey sergileyen, zarif bask\u0131 i\u00e7in m\u00fckemmel bir temel sa\u011flayan ve renklerin ve desenlerin tam olarak yeniden \u00fcretilmesini sa\u011flayan birinci s\u0131n\u0131f kaplamal\u0131 ka\u011f\u0131tla kaplanm\u0131\u015ft\u0131r.<\/p>\n<h2 id=\"-3-continually-fine-tuned-craftsmanship-\"><strong>3. S\u00fcrekli \u0130nce Ayarl\u0131 \u0130\u015f\u00e7ilik<\/strong><\/h2>\n<p>Her ayr\u0131nt\u0131da m\u00fckemmellik pe\u015findeyiz. Paketin kenarlar\u0131 kolayca sonland\u0131r\u0131l\u0131r ve laminasyon d\u00f6\u015feme ka\u011f\u0131d\u0131 p\u00fcr\u00fczs\u00fcz ve kabarc\u0131ks\u0131zd\u0131r, bu da y\u00fcksek i\u015f\u00e7ilik seviyesini tamamen g\u00f6sterir. Paket kapa\u011f\u0131ndaki d\u00fczen, doygun renklere ve net g\u00f6r\u00fcnt\u00fclere neden olan, karma\u015f\u0131k marka logo tasar\u0131mlar\u0131n\u0131 ve d\u00fczenlerini kusursuz bir \u015fekilde yakalayan \u00fcst\u00fcn tam renkli ters bask\u0131 modern teknolojisi kullan\u0131larak bas\u0131lm\u0131\u015ft\u0131r.<\/p>\n<p><img decoding=\"async\" class=\"alignnone wp-image-2369 size-full\" src=\"https:\/\/chinacustomboxes.com\/wp-content\/uploads\/2025\/08\/Marijuana-Concentrate-Containers-Packaging-Magnetic-Boxes-6.jpg\" alt=\"Esrar Konsantre Kaplar\u0131 Ambalaj Manyetik Kutular\" width=\"1000\" height=\"1000\" title=\"\" srcset=\"https:\/\/chinacustomboxes.com\/wp-content\/uploads\/2025\/08\/Marijuana-Concentrate-Containers-Packaging-Magnetic-Boxes-6.jpg 1000w, https:\/\/chinacustomboxes.com\/wp-content\/uploads\/2025\/08\/Marijuana-Concentrate-Containers-Packaging-Magnetic-Boxes-6-300x300.jpg 300w, https:\/\/chinacustomboxes.com\/wp-content\/uploads\/2025\/08\/Marijuana-Concentrate-Containers-Packaging-Magnetic-Boxes-6-150x150.jpg 150w, https:\/\/chinacustomboxes.com\/wp-content\/uploads\/2025\/08\/Marijuana-Concentrate-Containers-Packaging-Magnetic-Boxes-6-768x768.jpg 768w, https:\/\/chinacustomboxes.com\/wp-content\/uploads\/2025\/08\/Marijuana-Concentrate-Containers-Packaging-Magnetic-Boxes-6-12x12.jpg 12w, https:\/\/chinacustomboxes.com\/wp-content\/uploads\/2025\/08\/Marijuana-Concentrate-Containers-Packaging-Magnetic-Boxes-6-600x600.jpg 600w, https:\/\/chinacustomboxes.com\/wp-content\/uploads\/2025\/08\/Marijuana-Concentrate-Containers-Packaging-Magnetic-Boxes-6-100x100.jpg 100w\" sizes=\"(max-width: 1000px) 100vw, 1000px\" \/><\/p>\n<h2 id=\"-4-vibrant-and-trendy-aesthetic-layout-\"><strong>4. Canl\u0131 ve Trendy Estetik D\u00fczen<\/strong><\/h2>\n<p>Genel \u00fcr\u00fcn ambalaj\u0131 d\u00fczeni gen\u00e7, modaya uygun ve ruhludur. Canl\u0131 ye\u015fil \u015feker \u00e7izgili arka plan, g\u00fcne\u015f g\u00f6zl\u00fc\u011f\u00fc kullanan harika bir karpuz karikat\u00fcr ki\u015fili\u011fi ile birle\u015fti\u011finde, \u015f\u0131k ve geri tepen bir ambiyans geli\u015ftirir. Bu \u00e7arp\u0131c\u0131 estetik tasar\u0131m m\u00fc\u015fterilerin ilgisini hemen \u00e7ekerek \u00fcr\u00fcn\u00fcn\u00fcz\u00fcn rafta dikkat \u00e7ekmesine yard\u0131mc\u0131 olur ve \u015f\u0131k pazar konumland\u0131rmas\u0131yla kusursuz bir uyum sa\u011flar.<\/p>\n<h2 id=\"-5-hassle-free-and-high-end-magnetic-clamp-\"><strong>5. Sorunsuz ve \u00dcst D\u00fczey Manyetik Kelep\u00e7e<\/strong><\/h2>\n<p>Do\u011frudan kapak i\u00e7ine yerle\u015ftirilmi\u015f etkili m\u0131knat\u0131slar ve <a href=\"https:\/\/chinacustomboxes.com\/tr\/\">kutular<\/a> G\u00f6vde, bu ambalaj\u0131n temel bir i\u015flevidir. Bunlar sadece pratik bir kapatma de\u011fil, ayn\u0131 zamanda \u00fcr\u00fcn\u00fcn dahil edilen de\u011ferini art\u0131ran bir d\u00fczen bile\u015fenidir. Tipik t\u0131rnakl\u0131 veya ge\u00e7meli \u00fcr\u00fcn ambalajlar\u0131na k\u0131yasla, manyetik stil daha geli\u015fmi\u015f ve sorunsuzdur, ambalaj\u0131n toplam de\u011ferini ve kullan\u0131c\u0131 deneyimini \u00f6nemli \u00f6l\u00e7\u00fcde art\u0131r\u0131r.<\/p>\n<p><img loading=\"lazy\" decoding=\"async\" class=\"alignnone wp-image-2367 size-full\" src=\"https:\/\/chinacustomboxes.com\/wp-content\/uploads\/2025\/08\/Marijuana-Concentrate-Containers-Packaging-Magnetic-Boxes-4.jpg\" alt=\"Esrar Konsantre Kaplar\u0131 Ambalaj Manyetik Kutular\" width=\"1000\" height=\"1000\" title=\"\" srcset=\"https:\/\/chinacustomboxes.com\/wp-content\/uploads\/2025\/08\/Marijuana-Concentrate-Containers-Packaging-Magnetic-Boxes-4.jpg 1000w, https:\/\/chinacustomboxes.com\/wp-content\/uploads\/2025\/08\/Marijuana-Concentrate-Containers-Packaging-Magnetic-Boxes-4-300x300.jpg 300w, https:\/\/chinacustomboxes.com\/wp-content\/uploads\/2025\/08\/Marijuana-Concentrate-Containers-Packaging-Magnetic-Boxes-4-150x150.jpg 150w, https:\/\/chinacustomboxes.com\/wp-content\/uploads\/2025\/08\/Marijuana-Concentrate-Containers-Packaging-Magnetic-Boxes-4-768x768.jpg 768w, https:\/\/chinacustomboxes.com\/wp-content\/uploads\/2025\/08\/Marijuana-Concentrate-Containers-Packaging-Magnetic-Boxes-4-12x12.jpg 12w, https:\/\/chinacustomboxes.com\/wp-content\/uploads\/2025\/08\/Marijuana-Concentrate-Containers-Packaging-Magnetic-Boxes-4-600x600.jpg 600w, https:\/\/chinacustomboxes.com\/wp-content\/uploads\/2025\/08\/Marijuana-Concentrate-Containers-Packaging-Magnetic-Boxes-4-100x100.jpg 100w\" sizes=\"(max-width: 1000px) 100vw, 1000px\" \/><\/p>\n<h2 id=\"-6-customized-inside-protection-\"><strong>6. \u00d6zelle\u015ftirilmi\u015f \u0130\u00e7 Koruma<\/strong><\/h2>\n<p>\u0130deal \u00fcr\u00fcn savunmas\u0131 sa\u011flamak i\u00e7in, paketin i\u00e7inde ki\u015fiselle\u015ftirilmi\u015f bir EVA k\u00f6p\u00fck astar bulunur. \u00dcr\u00fcn kab\u0131n\u0131z\u0131n (silikon veya cam kap gibi) belirli boyut ve \u015fekline g\u00f6re \u015fekillendirilen bu astar, \u00fcr\u00fcn\u00fcn\u00fcz\u00fc g\u00fcvenli bir \u015fekilde yerinde tutar, m\u00fckemmel dolgu ve koruma sa\u011flar, rezonans ve darbeyi ba\u015far\u0131yla durdurarak \u00fcr\u00fcn\u00fcn\u00fcz\u00fcn bozulmadan g\u00f6r\u00fcnmesini sa\u011flar.<\/p>\n<p><img loading=\"lazy\" decoding=\"async\" class=\"alignnone wp-image-2365 size-full\" src=\"https:\/\/chinacustomboxes.com\/wp-content\/uploads\/2025\/08\/Marijuana-Concentrate-Containers-Packaging-Magnetic-Boxes-2.jpg\" alt=\"Esrar Konsantre Kaplar\u0131 Ambalaj Manyetik Kutular\" width=\"1000\" height=\"1000\" title=\"\" srcset=\"https:\/\/chinacustomboxes.com\/wp-content\/uploads\/2025\/08\/Marijuana-Concentrate-Containers-Packaging-Magnetic-Boxes-2.jpg 1000w, https:\/\/chinacustomboxes.com\/wp-content\/uploads\/2025\/08\/Marijuana-Concentrate-Containers-Packaging-Magnetic-Boxes-2-300x300.jpg 300w, https:\/\/chinacustomboxes.com\/wp-content\/uploads\/2025\/08\/Marijuana-Concentrate-Containers-Packaging-Magnetic-Boxes-2-150x150.jpg 150w, https:\/\/chinacustomboxes.com\/wp-content\/uploads\/2025\/08\/Marijuana-Concentrate-Containers-Packaging-Magnetic-Boxes-2-768x768.jpg 768w, https:\/\/chinacustomboxes.com\/wp-content\/uploads\/2025\/08\/Marijuana-Concentrate-Containers-Packaging-Magnetic-Boxes-2-12x12.jpg 12w, https:\/\/chinacustomboxes.com\/wp-content\/uploads\/2025\/08\/Marijuana-Concentrate-Containers-Packaging-Magnetic-Boxes-2-600x600.jpg 600w, https:\/\/chinacustomboxes.com\/wp-content\/uploads\/2025\/08\/Marijuana-Concentrate-Containers-Packaging-Magnetic-Boxes-2-100x100.jpg 100w\" sizes=\"(max-width: 1000px) 100vw, 1000px\" \/><\/p>\n<h2 id=\"-7-comprehensive-personalization-solutions-\"><strong>7. Kapsaml\u0131 Ki\u015fiselle\u015ftirme \u00c7\u00f6z\u00fcmleri<\/strong><\/h2>\n<p>Her markan\u0131n \u00f6zg\u00fcnl\u00fc\u011f\u00fcn\u00fc anl\u0131yor ve detayl\u0131 ki\u015fiselle\u015ftirme \u00e7\u00f6z\u00fcmleri sunuyoruz:.<\/p>\n<ul>\n<li><strong>Boyut ve \u015eekil\u00a0<\/strong>: Her t\u00fcrl\u00fc boyutta manyetik kapatma kutusu veya di\u011fer yenilik\u00e7i \u00fcr\u00fcnleri \u00f6zelle\u015ftirebiliriz <a href=\"https:\/\/chinacustomboxes.com\/tr\/boxes-by-shapes\/\">kutu \u015fekilleri<\/a> \u00dcr\u00fcn \u015fekillerinize ve boyutlar\u0131n\u0131za uyacak \u015fekilde.<\/li>\n<li><strong>\u00dcr\u00fcn Se\u00e7enekleri\u00a0<\/strong>: Normal kartondan \u00f6zel dok\u00fcmanlara kadar \u00e7ok say\u0131da yo\u011funlukta ve renkte, duyarl\u0131 dok\u00fcmanlardan olu\u015fan \u00e7ok \u00e7e\u015fitli ka\u011f\u0131t alternatifleri sunuyoruz.<\/li>\n<li><strong>S\u00fcrecin Tamamlanmas\u0131\u00a0<\/strong>: Ambalaj\u0131n kalitesini ve estetik etkisini art\u0131rmak i\u00e7in s\u0131cak markalama, UV kabartma, kabartma ve laminasyon (parlak veya mat) dahil olmak \u00fczere bir dizi i\u015flemi s\u00fcrd\u00fcr\u00fcyoruz.<\/li>\n<li><strong>\u0130\u00e7erik Yay\u0131nlama\u00a0<\/strong>: Logonuzu, \u00fcr\u00fcn bilgilerinizi ve estetik d\u00fczeninizi kusursuz bir \u015fekilde sergileyerek marka stilinizi tam olarak yazd\u0131r\u0131yoruz<\/li>\n<\/ul>","protected":false},"excerpt":{"rendered":"<p>Live Resin ve Crumble gibi \u00fcr\u00fcnler i\u00e7in \u00fcretilen bu birinci s\u0131n\u0131f manyetik ambalaj kutular\u0131, geleneksel \"kitap \u015feklinde\" bir d\u00fczen i\u00e7erir ve net bir t\u0131klamayla a\u00e7\u0131l\u0131p toplanarak ger\u00e7ekten unutulmaz bir deneyim yarat\u0131r. Paket, p\u00fcr\u00fczs\u00fcz katmanl\u0131 ka\u011f\u0131tla kapl\u0131 sa\u011flam bir karton \u00e7er\u00e7eve ve \u00e7arp\u0131c\u0131 bir estetik etki i\u00e7in modaya uygun, harika bir karpuz anime tasar\u0131m\u0131 i\u00e7erir. \u0130\u00e7 k\u0131s\u0131mda, \u00fcr\u00fcn\u00fcn \u015fekline g\u00f6re \u00f6zel olarak tasarlanm\u0131\u015f EVA k\u00f6p\u00fck en iyi korumay\u0131 sa\u011flar. Bu sofistike, canl\u0131 ve kullan\u0131\u015fl\u0131 ambalaj, boyut ve \u00fcr\u00fcnden s\u0131cak i\u015faretleme ve UV i\u015flemlerine kadar tamamen ki\u015fiselle\u015ftirilmi\u015ftir ve markan\u0131z\u0131n de\u011ferini sergilemek i\u00e7in m\u00fckemmel bir se\u00e7enektir.<\/p>","protected":false},"featured_media":2368,"template":"","meta":{"_kad_post_transparent":"default","_kad_post_title":"","_kad_post_layout":"default","_kad_post_sidebar_id":"","_kad_post_content_style":"default","_kad_post_vertical_padding":"default","_kad_post_feature":"","_kad_post_feature_position":"","_kad_post_header":false,"_kad_post_footer":false,"_kad_post_classname":""},"product_brand":[],"product_cat":[15,17,39,18],"product_tag":[584,585,581],"class_list":{"0":"post-2364","1":"product","2":"type-product","3":"status-publish","4":"has-post-thumbnail","6":"product_cat-boxes-by-shapes","7":"product_cat-boxes-by-industries","8":"product_cat-cannabis-packaging","9":"product_cat-magnetic-closure-boxes","10":"product_tag-concentrate-container-boxes","11":"product_tag-concentrate-packaging-boxes","12":"product_tag-custom-concentrate-packaging","14":"first","15":"instock","16":"shipping-taxable","17":"product-type-simple","18":"entry","19":"content-bg","20":"loop-entry"},"_links":{"self":[{"href":"https:\/\/chinacustomboxes.com\/tr\/wp-json\/wp\/v2\/product\/2364","targetHints":{"allow":["GET"]}}],"collection":[{"href":"https:\/\/chinacustomboxes.com\/tr\/wp-json\/wp\/v2\/product"}],"about":[{"href":"https:\/\/chinacustomboxes.com\/tr\/wp-json\/wp\/v2\/types\/product"}],"wp:featuredmedia":[{"embeddable":true,"href":"https:\/\/chinacustomboxes.com\/tr\/wp-json\/wp\/v2\/media\/2368"}],"wp:attachment":[{"href":"https:\/\/chinacustomboxes.com\/tr\/wp-json\/wp\/v2\/media?parent=2364"}],"wp:term":[{"taxonomy":"product_brand","embeddable":true,"href":"https:\/\/chinacustomboxes.com\/tr\/wp-json\/wp\/v2\/product_brand?post=2364"},{"taxonomy":"product_cat","embeddable":true,"href":"https:\/\/chinacustomboxes.com\/tr\/wp-json\/wp\/v2\/product_cat?post=2364"},{"taxonomy":"product_tag","embeddable":true,"href":"https:\/\/chinacustomboxes.com\/tr\/wp-json\/wp\/v2\/product_tag?post=2364"}],"curies":[{"name":"wp","href":"https:\/\/api.w.org\/{rel}","templated":true}]}}